{"id":13810,"date":"2021-12-11T09:13:17","date_gmt":"2021-12-11T09:13:17","guid":{"rendered":"https:\/\/kolser.com\/?post_type=product&#038;p=13810"},"modified":"2024-02-25T10:06:17","modified_gmt":"2024-02-25T10:06:17","slug":"panoplia-con-escudo-de-armas-y-espadas-46-587","status":"publish","type":"product","link":"https:\/\/kolser.com\/it\/producto\/panoplia-con-escudo-de-armas-y-espadas-46-587\/","title":{"rendered":"PANOPLIA CON ESCUDO DE ARMAS Y ESPADAS 46-587"},"content":{"rendered":"<p>39X27 \/ 27X20 cm<\/p>","protected":false},"excerpt":{"rendered":"<p>Esta panoplia con escudo de armas y espadas hecha por Kolser, contiene en ella un grifo coronado en su parte superior, el cual reposa sobre un escudo que contiene dos leones que sobre guardan un escudo interior. Tiene una medida de 39X27 \/ 27X20 cent\u00edmetros, sus materiales de composici\u00f3n son la madera y el metal, de igual forma lo compone el espad\u00edn de Napole\u00f3n.<\/p>","protected":false},"featured_media":1131,"comment_status":"closed","ping_status":"closed","template":"","meta":[],"product_brand":[],"product_cat":[28,29],"product_tag":[],"coleccion":[],"proposito":[],"class_list":{"0":"post-13810","1":"product","2":"type-product","3":"status-publish","4":"has-post-thumbnail","6":"product_cat-escudos","7":"product_cat-panoplias","9":"first","10":"instock","11":"shipping-taxable","12":"purchasable","13":"product-type-variable"},"yoast_head":"<!-- This site is optimized with the Yoast SEO plugin v27.4 - https:\/\/yoast.com\/product\/yoast-seo-wordpress\/ -->\n<title>\u25b7PANOPLIA CON ESCUDO DE ARMAS Y ESPADAS 46-587 - Kolser<\/title>\n<meta name=\"description\" content=\"\u2705 R\u00e9plica \u3010 PANOLIA CON ESCUDO DE ARMAS \u3011Con escudo, leones y corona. Con dos espadas traseras cruzadas. Disponible en 3 acabados.\" \/>\n<meta name=\"robots\" content=\"index, follow, max-snippet:-1, max-image-preview:large, max-video-preview:-1\" \/>\n<link rel=\"canonical\" href=\"https:\/\/kolser.com\/it\/prodotto\/panoplia-con-escudo-de-armas-y-espadas-46-587\/\" \/>\n<meta property=\"og:locale\" content=\"it_IT\" \/>\n<meta property=\"og:type\" content=\"article\" \/>\n<meta property=\"og:title\" content=\"\u25b7PANOPLIA CON ESCUDO DE ARMAS Y ESPADAS 46-587 - Kolser\" \/>\n<meta property=\"og:description\" content=\"\u2705 R\u00e9plica \u3010 PANOLIA CON ESCUDO DE ARMAS \u3011Con escudo, leones y corona. Con dos espadas traseras cruzadas. Disponible en 3 acabados.\" \/>\n<meta property=\"og:url\" content=\"https:\/\/kolser.com\/it\/prodotto\/panoplia-con-escudo-de-armas-y-espadas-46-587\/\" \/>\n<meta property=\"og:site_name\" content=\"Kolser\" \/>\n<meta property=\"article:modified_time\" content=\"2024-02-25T10:06:17+00:00\" \/>\n<meta property=\"og:image\" content=\"https:\/\/kolser.com\/wp-content\/uploads\/2021\/11\/KOLSER-REPLICA-ARMAS-MEDIEVAL-WEAPON-PANOPLIA-CON-ESCUDO-DE-ARMAS-Y-ESPADAS46-587-FB.jpg\" \/>\n\t<meta property=\"og:image:width\" content=\"600\" \/>\n\t<meta property=\"og:image:height\" content=\"600\" \/>\n\t<meta property=\"og:image:type\" content=\"image\/jpeg\" \/>\n<meta name=\"twitter:card\" content=\"summary_large_image\" \/>\n<meta name=\"twitter:label1\" content=\"Tempo di lettura stimato\" \/>\n\t<meta name=\"twitter:data1\" content=\"1 minuto\" \/>\n<script type=\"application\/ld+json\" class=\"yoast-schema-graph\">{\"@context\":\"https:\\\/\\\/schema.org\",\"@graph\":[{\"@type\":\"WebPage\",\"@id\":\"https:\\\/\\\/kolser.com\\\/producto\\\/panoplia-con-escudo-de-armas-y-espadas-46-587\\\/\",\"url\":\"https:\\\/\\\/kolser.com\\\/producto\\\/panoplia-con-escudo-de-armas-y-espadas-46-587\\\/\",\"name\":\"\u25b7PANOPLIA CON ESCUDO DE ARMAS Y ESPADAS 46-587 - Kolser\",\"isPartOf\":{\"@id\":\"https:\\\/\\\/kolser.com\\\/#website\"},\"primaryImageOfPage\":{\"@id\":\"https:\\\/\\\/kolser.com\\\/producto\\\/panoplia-con-escudo-de-armas-y-espadas-46-587\\\/#primaryimage\"},\"image\":{\"@id\":\"https:\\\/\\\/kolser.com\\\/producto\\\/panoplia-con-escudo-de-armas-y-espadas-46-587\\\/#primaryimage\"},\"thumbnailUrl\":\"https:\\\/\\\/kolser.com\\\/wp-content\\\/uploads\\\/2021\\\/11\\\/KOLSER-REPLICA-ARMAS-MEDIEVAL-WEAPON-PANOPLIA-CON-ESCUDO-DE-ARMAS-Y-ESPADAS46-587-FB.jpg\",\"datePublished\":\"2021-12-11T09:13:17+00:00\",\"dateModified\":\"2024-02-25T10:06:17+00:00\",\"description\":\"\u2705 R\u00e9plica \u3010 PANOLIA CON ESCUDO DE ARMAS \u3011Con escudo, leones y corona. Con dos espadas traseras cruzadas. Disponible en 3 acabados.\",\"breadcrumb\":{\"@id\":\"https:\\\/\\\/kolser.com\\\/producto\\\/panoplia-con-escudo-de-armas-y-espadas-46-587\\\/#breadcrumb\"},\"inLanguage\":\"it-IT\",\"potentialAction\":[{\"@type\":\"ReadAction\",\"target\":[\"https:\\\/\\\/kolser.com\\\/producto\\\/panoplia-con-escudo-de-armas-y-espadas-46-587\\\/\"]}]},{\"@type\":\"ImageObject\",\"inLanguage\":\"it-IT\",\"@id\":\"https:\\\/\\\/kolser.com\\\/producto\\\/panoplia-con-escudo-de-armas-y-espadas-46-587\\\/#primaryimage\",\"url\":\"https:\\\/\\\/kolser.com\\\/wp-content\\\/uploads\\\/2021\\\/11\\\/KOLSER-REPLICA-ARMAS-MEDIEVAL-WEAPON-PANOPLIA-CON-ESCUDO-DE-ARMAS-Y-ESPADAS46-587-FB.jpg\",\"contentUrl\":\"https:\\\/\\\/kolser.com\\\/wp-content\\\/uploads\\\/2021\\\/11\\\/KOLSER-REPLICA-ARMAS-MEDIEVAL-WEAPON-PANOPLIA-CON-ESCUDO-DE-ARMAS-Y-ESPADAS46-587-FB.jpg\",\"width\":600,\"height\":600,\"caption\":\"R\u00e9plica panoplia con escudo de armas decorado dos leones y dos espadines cruzados, uno el espad\u00edn de Napole\u00f3n y la otra de Alejandro Magno, Acabado en metal envejecido.\"},{\"@type\":\"BreadcrumbList\",\"@id\":\"https:\\\/\\\/kolser.com\\\/producto\\\/panoplia-con-escudo-de-armas-y-espadas-46-587\\\/#breadcrumb\",\"itemListElement\":[{\"@type\":\"ListItem\",\"position\":1,\"name\":\"Home\",\"item\":\"https:\\\/\\\/kolser.com\\\/\"},{\"@type\":\"ListItem\",\"position\":2,\"name\":\"Cat\u00e1logo\",\"item\":\"https:\\\/\\\/kolser.com\\\/catalogo\\\/\"},{\"@type\":\"ListItem\",\"position\":3,\"name\":\"Escudos\",\"item\":\"https:\\\/\\\/kolser.com\\\/categoria-producto\\\/escudos\\\/\"},{\"@type\":\"ListItem\",\"position\":4,\"name\":\"Panoplias\",\"item\":\"https:\\\/\\\/kolser.com\\\/categoria-producto\\\/escudos\\\/panoplias\\\/\"},{\"@type\":\"ListItem\",\"position\":5,\"name\":\"PANOPLIA CON ESCUDO DE ARMAS Y ESPADAS 46-587\"}]},{\"@type\":\"WebSite\",\"@id\":\"https:\\\/\\\/kolser.com\\\/#website\",\"url\":\"https:\\\/\\\/kolser.com\\\/\",\"name\":\"Kolser\",\"description\":\"\",\"publisher\":{\"@id\":\"https:\\\/\\\/kolser.com\\\/#organization\"},\"potentialAction\":[{\"@type\":\"SearchAction\",\"target\":{\"@type\":\"EntryPoint\",\"urlTemplate\":\"https:\\\/\\\/kolser.com\\\/?s={search_term_string}\"},\"query-input\":{\"@type\":\"PropertyValueSpecification\",\"valueRequired\":true,\"valueName\":\"search_term_string\"}}],\"inLanguage\":\"it-IT\"},{\"@type\":\"Organization\",\"@id\":\"https:\\\/\\\/kolser.com\\\/#organization\",\"name\":\"Kolser\",\"url\":\"https:\\\/\\\/kolser.com\\\/\",\"logo\":{\"@type\":\"ImageObject\",\"inLanguage\":\"it-IT\",\"@id\":\"https:\\\/\\\/kolser.com\\\/#\\\/schema\\\/logo\\\/image\\\/\",\"url\":\"https:\\\/\\\/kolser.com\\\/wp-content\\\/uploads\\\/2021\\\/11\\\/Logo-Cabecera.png\",\"contentUrl\":\"https:\\\/\\\/kolser.com\\\/wp-content\\\/uploads\\\/2021\\\/11\\\/Logo-Cabecera.png\",\"width\":979,\"height\":1358,\"caption\":\"Kolser\"},\"image\":{\"@id\":\"https:\\\/\\\/kolser.com\\\/#\\\/schema\\\/logo\\\/image\\\/\"}}]}<\/script>\n<!-- \/ Yoast SEO plugin. -->","yoast_head_json":{"title":"\u25b7PANOPLIA CON ESCUDO DE ARMAS Y ESPADAS 46-587 - Kolser","description":"\u2705 R\u00e9plica \u3010 PANOLIA CON ESCUDO DE ARMAS \u3011Con escudo, leones y corona. Con dos espadas traseras cruzadas. Disponible en 3 acabados.","robots":{"index":"index","follow":"follow","max-snippet":"max-snippet:-1","max-image-preview":"max-image-preview:large","max-video-preview":"max-video-preview:-1"},"canonical":"https:\/\/kolser.com\/it\/prodotto\/panoplia-con-escudo-de-armas-y-espadas-46-587\/","og_locale":"it_IT","og_type":"article","og_title":"\u25b7PANOPLIA CON ESCUDO DE ARMAS Y ESPADAS 46-587 - Kolser","og_description":"\u2705 R\u00e9plica \u3010 PANOLIA CON ESCUDO DE ARMAS \u3011Con escudo, leones y corona. Con dos espadas traseras cruzadas. Disponible en 3 acabados.","og_url":"https:\/\/kolser.com\/it\/prodotto\/panoplia-con-escudo-de-armas-y-espadas-46-587\/","og_site_name":"Kolser","article_modified_time":"2024-02-25T10:06:17+00:00","og_image":[{"width":600,"height":600,"url":"https:\/\/kolser.com\/wp-content\/uploads\/2021\/11\/KOLSER-REPLICA-ARMAS-MEDIEVAL-WEAPON-PANOPLIA-CON-ESCUDO-DE-ARMAS-Y-ESPADAS46-587-FB.jpg","type":"image\/jpeg"}],"twitter_card":"summary_large_image","twitter_misc":{"Tempo di lettura stimato":"1 minuto"},"schema":{"@context":"https:\/\/schema.org","@graph":[{"@type":"WebPage","@id":"https:\/\/kolser.com\/producto\/panoplia-con-escudo-de-armas-y-espadas-46-587\/","url":"https:\/\/kolser.com\/producto\/panoplia-con-escudo-de-armas-y-espadas-46-587\/","name":"\u25b7PANOPLIA CON ESCUDO DE ARMAS Y ESPADAS 46-587 - Kolser","isPartOf":{"@id":"https:\/\/kolser.com\/#website"},"primaryImageOfPage":{"@id":"https:\/\/kolser.com\/producto\/panoplia-con-escudo-de-armas-y-espadas-46-587\/#primaryimage"},"image":{"@id":"https:\/\/kolser.com\/producto\/panoplia-con-escudo-de-armas-y-espadas-46-587\/#primaryimage"},"thumbnailUrl":"https:\/\/kolser.com\/wp-content\/uploads\/2021\/11\/KOLSER-REPLICA-ARMAS-MEDIEVAL-WEAPON-PANOPLIA-CON-ESCUDO-DE-ARMAS-Y-ESPADAS46-587-FB.jpg","datePublished":"2021-12-11T09:13:17+00:00","dateModified":"2024-02-25T10:06:17+00:00","description":"\u2705 R\u00e9plica \u3010 PANOLIA CON ESCUDO DE ARMAS \u3011Con escudo, leones y corona. Con dos espadas traseras cruzadas. Disponible en 3 acabados.","breadcrumb":{"@id":"https:\/\/kolser.com\/producto\/panoplia-con-escudo-de-armas-y-espadas-46-587\/#breadcrumb"},"inLanguage":"it-IT","potentialAction":[{"@type":"ReadAction","target":["https:\/\/kolser.com\/producto\/panoplia-con-escudo-de-armas-y-espadas-46-587\/"]}]},{"@type":"ImageObject","inLanguage":"it-IT","@id":"https:\/\/kolser.com\/producto\/panoplia-con-escudo-de-armas-y-espadas-46-587\/#primaryimage","url":"https:\/\/kolser.com\/wp-content\/uploads\/2021\/11\/KOLSER-REPLICA-ARMAS-MEDIEVAL-WEAPON-PANOPLIA-CON-ESCUDO-DE-ARMAS-Y-ESPADAS46-587-FB.jpg","contentUrl":"https:\/\/kolser.com\/wp-content\/uploads\/2021\/11\/KOLSER-REPLICA-ARMAS-MEDIEVAL-WEAPON-PANOPLIA-CON-ESCUDO-DE-ARMAS-Y-ESPADAS46-587-FB.jpg","width":600,"height":600,"caption":"R\u00e9plica panoplia con escudo de armas decorado dos leones y dos espadines cruzados, uno el espad\u00edn de Napole\u00f3n y la otra de Alejandro Magno, Acabado en metal envejecido."},{"@type":"BreadcrumbList","@id":"https:\/\/kolser.com\/producto\/panoplia-con-escudo-de-armas-y-espadas-46-587\/#breadcrumb","itemListElement":[{"@type":"ListItem","position":1,"name":"Home","item":"https:\/\/kolser.com\/"},{"@type":"ListItem","position":2,"name":"Cat\u00e1logo","item":"https:\/\/kolser.com\/catalogo\/"},{"@type":"ListItem","position":3,"name":"Escudos","item":"https:\/\/kolser.com\/categoria-producto\/escudos\/"},{"@type":"ListItem","position":4,"name":"Panoplias","item":"https:\/\/kolser.com\/categoria-producto\/escudos\/panoplias\/"},{"@type":"ListItem","position":5,"name":"PANOPLIA CON ESCUDO DE ARMAS Y ESPADAS 46-587"}]},{"@type":"WebSite","@id":"https:\/\/kolser.com\/#website","url":"https:\/\/kolser.com\/","name":"Kolser","description":"","publisher":{"@id":"https:\/\/kolser.com\/#organization"},"potentialAction":[{"@type":"SearchAction","target":{"@type":"EntryPoint","urlTemplate":"https:\/\/kolser.com\/?s={search_term_string}"},"query-input":{"@type":"PropertyValueSpecification","valueRequired":true,"valueName":"search_term_string"}}],"inLanguage":"it-IT"},{"@type":"Organization","@id":"https:\/\/kolser.com\/#organization","name":"Kolser","url":"https:\/\/kolser.com\/","logo":{"@type":"ImageObject","inLanguage":"it-IT","@id":"https:\/\/kolser.com\/#\/schema\/logo\/image\/","url":"https:\/\/kolser.com\/wp-content\/uploads\/2021\/11\/Logo-Cabecera.png","contentUrl":"https:\/\/kolser.com\/wp-content\/uploads\/2021\/11\/Logo-Cabecera.png","width":979,"height":1358,"caption":"Kolser"},"image":{"@id":"https:\/\/kolser.com\/#\/schema\/logo\/image\/"}}]}},"_links":{"self":[{"href":"https:\/\/kolser.com\/it\/wp-json\/wp\/v2\/product\/13810","targetHints":{"allow":["GET"]}}],"collection":[{"href":"https:\/\/kolser.com\/it\/wp-json\/wp\/v2\/product"}],"about":[{"href":"https:\/\/kolser.com\/it\/wp-json\/wp\/v2\/types\/product"}],"replies":[{"embeddable":true,"href":"https:\/\/kolser.com\/it\/wp-json\/wp\/v2\/comments?post=13810"}],"wp:featuredmedia":[{"embeddable":true,"href":"https:\/\/kolser.com\/it\/wp-json\/wp\/v2\/media\/1131"}],"wp:attachment":[{"href":"https:\/\/kolser.com\/it\/wp-json\/wp\/v2\/media?parent=13810"}],"wp:term":[{"taxonomy":"product_brand","embeddable":true,"href":"https:\/\/kolser.com\/it\/wp-json\/wp\/v2\/product_brand?post=13810"},{"taxonomy":"product_cat","embeddable":true,"href":"https:\/\/kolser.com\/it\/wp-json\/wp\/v2\/product_cat?post=13810"},{"taxonomy":"product_tag","embeddable":true,"href":"https:\/\/kolser.com\/it\/wp-json\/wp\/v2\/product_tag?post=13810"},{"taxonomy":"coleccion","embeddable":true,"href":"https:\/\/kolser.com\/it\/wp-json\/wp\/v2\/coleccion?post=13810"},{"taxonomy":"proposito","embeddable":true,"href":"https:\/\/kolser.com\/it\/wp-json\/wp\/v2\/proposito?post=13810"}],"curies":[{"name":"wp","href":"https:\/\/api.w.org\/{rel}","templated":true}]}}