{"id":13753,"date":"2021-12-11T09:13:12","date_gmt":"2021-12-11T09:13:12","guid":{"rendered":"https:\/\/kolser.com\/?post_type=product&#038;p=13753"},"modified":"2024-03-10T08:21:44","modified_gmt":"2024-03-10T08:21:44","slug":"pistola-pirata-de-percusion","status":"publish","type":"product","link":"https:\/\/kolser.com\/it\/producto\/pistola-pirata-de-percusion\/","title":{"rendered":"PISTOLA PIRATA A PERCUSSIONE"},"content":{"rendered":"<p class=\"translation-block\">Spettacolare replica di una pistola pirata a percussione \u2014 un pezzo decorativo firmato Kolser che ci riporta all\u2019epoca degli <strong>scontri navali e delle battaglie tra pirati<\/strong>. Era anche una delle armi pi\u00f9 utilizzate nelle colonie.<\/p>\n<p>Non era un\u2019arma particolarmente efficace nell\u2019uso, poich\u00e9 permetteva di sparare un solo colpo. La ricarica era un processo lento e complicato, soprattutto durante i combattimenti.<\/p>\n<p>Quest\u2019arma \u00e8 realizzata in resina e metallo, materiali che ne garantiscono la durata. Misura 32 centimetri. Sentiti un vero collezionista aggiungendo questo splendido pezzo alla tua raccolta \u2014 una replica che sapr\u00e0 affascinare chiunque la osservi.<\/p>\n<p>Di singolare bellezza \u2014 esplora il tuo lato pi\u00f9 pirata con quest\u2019arma.<\/p>\n<p>36 cm<\/p>","protected":false},"excerpt":{"rendered":"<p>Espectacular replica de pistola pirata de percusi\u00f3n, es una pistola decorativa elaborada por Kolser, que nos remonta a la \u00e9poca donde eran comunes los enfrentamientos navales de los piratas, tambi\u00e9n por ser una de las armas m\u00e1s utilizadas por las colonias. Era un arma poco efectiva a la hora de empu\u00f1arla debido a que solo [&hellip;]<\/p>\n","protected":false},"featured_media":1461,"comment_status":"closed","ping_status":"closed","template":"","meta":[],"product_brand":[],"product_cat":[30,31],"product_tag":[],"coleccion":[],"proposito":[],"class_list":{"0":"post-13753","1":"product","2":"type-product","3":"status-publish","4":"has-post-thumbnail","6":"product_cat-pistolas","7":"product_cat-pistolas-pistolas-antiguas","9":"first","10":"instock","11":"shipping-taxable","12":"purchasable","13":"product-type-variable"},"yoast_head":"<!-- This site is optimized with the Yoast SEO plugin v27.4 - https:\/\/yoast.com\/product\/yoast-seo-wordpress\/ -->\n<title>PISTOLA PIRATA DE PERCUSI\u00d3N - Kolser<\/title>\n<meta name=\"description\" content=\"\u2705 R\u00e9plica\u3010 PISTOLA PIRATA DE PERCUSI\u00d3N \u3011Pistola pirata de \u00e9poca en la que los corsarios en sus batallas navales. Disponible en 3 acabados.\" \/>\n<meta name=\"robots\" content=\"index, follow, max-snippet:-1, max-image-preview:large, max-video-preview:-1\" \/>\n<link rel=\"canonical\" href=\"https:\/\/kolser.com\/it\/prodotto\/pistola-pirata-de-percusion\/\" \/>\n<meta property=\"og:locale\" content=\"it_IT\" \/>\n<meta property=\"og:type\" content=\"article\" \/>\n<meta property=\"og:title\" content=\"PISTOLA PIRATA DE PERCUSI\u00d3N - Kolser\" \/>\n<meta property=\"og:description\" content=\"\u2705 R\u00e9plica\u3010 PISTOLA PIRATA DE PERCUSI\u00d3N \u3011Pistola pirata de \u00e9poca en la que los corsarios en sus batallas navales. Disponible en 3 acabados.\" \/>\n<meta property=\"og:url\" content=\"https:\/\/kolser.com\/it\/prodotto\/pistola-pirata-de-percusion\/\" \/>\n<meta property=\"og:site_name\" content=\"Kolser\" \/>\n<meta property=\"article:modified_time\" content=\"2024-03-10T08:21:44+00:00\" \/>\n<meta property=\"og:image\" content=\"https:\/\/kolser.com\/wp-content\/uploads\/2021\/11\/KOLSER-REPLICA-PISTOLA-PIRATA-GUN-PISTOLA-PIRATA-DE-PERCUSION-SXVIII47-1109.jpg\" \/>\n\t<meta property=\"og:image:width\" content=\"600\" \/>\n\t<meta property=\"og:image:height\" content=\"600\" \/>\n\t<meta property=\"og:image:type\" content=\"image\/jpeg\" \/>\n<meta name=\"twitter:card\" content=\"summary_large_image\" \/>\n<meta name=\"twitter:label1\" content=\"Tempo di lettura stimato\" \/>\n\t<meta name=\"twitter:data1\" content=\"1 minuto\" \/>\n<script type=\"application\/ld+json\" class=\"yoast-schema-graph\">{\"@context\":\"https:\\\/\\\/schema.org\",\"@graph\":[{\"@type\":\"WebPage\",\"@id\":\"https:\\\/\\\/kolser.com\\\/producto\\\/pistola-pirata-de-percusion\\\/\",\"url\":\"https:\\\/\\\/kolser.com\\\/producto\\\/pistola-pirata-de-percusion\\\/\",\"name\":\"PISTOLA PIRATA DE PERCUSI\u00d3N - Kolser\",\"isPartOf\":{\"@id\":\"https:\\\/\\\/kolser.com\\\/#website\"},\"primaryImageOfPage\":{\"@id\":\"https:\\\/\\\/kolser.com\\\/producto\\\/pistola-pirata-de-percusion\\\/#primaryimage\"},\"image\":{\"@id\":\"https:\\\/\\\/kolser.com\\\/producto\\\/pistola-pirata-de-percusion\\\/#primaryimage\"},\"thumbnailUrl\":\"https:\\\/\\\/kolser.com\\\/wp-content\\\/uploads\\\/2021\\\/11\\\/KOLSER-REPLICA-PISTOLA-PIRATA-GUN-PISTOLA-PIRATA-DE-PERCUSION-SXVIII47-1109.jpg\",\"datePublished\":\"2021-12-11T09:13:12+00:00\",\"dateModified\":\"2024-03-10T08:21:44+00:00\",\"description\":\"\u2705 R\u00e9plica\u3010 PISTOLA PIRATA DE PERCUSI\u00d3N \u3011Pistola pirata de \u00e9poca en la que los corsarios en sus batallas navales. Disponible en 3 acabados.\",\"breadcrumb\":{\"@id\":\"https:\\\/\\\/kolser.com\\\/producto\\\/pistola-pirata-de-percusion\\\/#breadcrumb\"},\"inLanguage\":\"it-IT\",\"potentialAction\":[{\"@type\":\"ReadAction\",\"target\":[\"https:\\\/\\\/kolser.com\\\/producto\\\/pistola-pirata-de-percusion\\\/\"]}]},{\"@type\":\"ImageObject\",\"inLanguage\":\"it-IT\",\"@id\":\"https:\\\/\\\/kolser.com\\\/producto\\\/pistola-pirata-de-percusion\\\/#primaryimage\",\"url\":\"https:\\\/\\\/kolser.com\\\/wp-content\\\/uploads\\\/2021\\\/11\\\/KOLSER-REPLICA-PISTOLA-PIRATA-GUN-PISTOLA-PIRATA-DE-PERCUSION-SXVIII47-1109.jpg\",\"contentUrl\":\"https:\\\/\\\/kolser.com\\\/wp-content\\\/uploads\\\/2021\\\/11\\\/KOLSER-REPLICA-PISTOLA-PIRATA-GUN-PISTOLA-PIRATA-DE-PERCUSION-SXVIII47-1109.jpg\",\"width\":600,\"height\":600,\"caption\":\"PISTOLA PIRATA DE PERCIS\u00d3N KOLSER\"},{\"@type\":\"BreadcrumbList\",\"@id\":\"https:\\\/\\\/kolser.com\\\/producto\\\/pistola-pirata-de-percusion\\\/#breadcrumb\",\"itemListElement\":[{\"@type\":\"ListItem\",\"position\":1,\"name\":\"Home\",\"item\":\"https:\\\/\\\/kolser.com\\\/\"},{\"@type\":\"ListItem\",\"position\":2,\"name\":\"Cat\u00e1logo\",\"item\":\"https:\\\/\\\/kolser.com\\\/catalogo\\\/\"},{\"@type\":\"ListItem\",\"position\":3,\"name\":\"Pistolas\",\"item\":\"https:\\\/\\\/kolser.com\\\/categoria-producto\\\/pistolas\\\/\"},{\"@type\":\"ListItem\",\"position\":4,\"name\":\"Pistolas\",\"item\":\"https:\\\/\\\/kolser.com\\\/categoria-producto\\\/pistolas\\\/pistolas-pistolas-antiguas\\\/\"},{\"@type\":\"ListItem\",\"position\":5,\"name\":\"PISTOLA PIRATA DE PERCUSI\u00d3N\"}]},{\"@type\":\"WebSite\",\"@id\":\"https:\\\/\\\/kolser.com\\\/#website\",\"url\":\"https:\\\/\\\/kolser.com\\\/\",\"name\":\"Kolser\",\"description\":\"\",\"publisher\":{\"@id\":\"https:\\\/\\\/kolser.com\\\/#organization\"},\"potentialAction\":[{\"@type\":\"SearchAction\",\"target\":{\"@type\":\"EntryPoint\",\"urlTemplate\":\"https:\\\/\\\/kolser.com\\\/?s={search_term_string}\"},\"query-input\":{\"@type\":\"PropertyValueSpecification\",\"valueRequired\":true,\"valueName\":\"search_term_string\"}}],\"inLanguage\":\"it-IT\"},{\"@type\":\"Organization\",\"@id\":\"https:\\\/\\\/kolser.com\\\/#organization\",\"name\":\"Kolser\",\"url\":\"https:\\\/\\\/kolser.com\\\/\",\"logo\":{\"@type\":\"ImageObject\",\"inLanguage\":\"it-IT\",\"@id\":\"https:\\\/\\\/kolser.com\\\/#\\\/schema\\\/logo\\\/image\\\/\",\"url\":\"https:\\\/\\\/kolser.com\\\/wp-content\\\/uploads\\\/2021\\\/11\\\/Logo-Cabecera.png\",\"contentUrl\":\"https:\\\/\\\/kolser.com\\\/wp-content\\\/uploads\\\/2021\\\/11\\\/Logo-Cabecera.png\",\"width\":979,\"height\":1358,\"caption\":\"Kolser\"},\"image\":{\"@id\":\"https:\\\/\\\/kolser.com\\\/#\\\/schema\\\/logo\\\/image\\\/\"}}]}<\/script>\n<!-- \/ Yoast SEO plugin. -->","yoast_head_json":{"title":"PISTOLA PIRATA DE PERCUSI\u00d3N - Kolser","description":"\u2705 R\u00e9plica\u3010 PISTOLA PIRATA DE PERCUSI\u00d3N \u3011Pistola pirata de \u00e9poca en la que los corsarios en sus batallas navales. Disponible en 3 acabados.","robots":{"index":"index","follow":"follow","max-snippet":"max-snippet:-1","max-image-preview":"max-image-preview:large","max-video-preview":"max-video-preview:-1"},"canonical":"https:\/\/kolser.com\/it\/prodotto\/pistola-pirata-de-percusion\/","og_locale":"it_IT","og_type":"article","og_title":"PISTOLA PIRATA DE PERCUSI\u00d3N - Kolser","og_description":"\u2705 R\u00e9plica\u3010 PISTOLA PIRATA DE PERCUSI\u00d3N \u3011Pistola pirata de \u00e9poca en la que los corsarios en sus batallas navales. Disponible en 3 acabados.","og_url":"https:\/\/kolser.com\/it\/prodotto\/pistola-pirata-de-percusion\/","og_site_name":"Kolser","article_modified_time":"2024-03-10T08:21:44+00:00","og_image":[{"width":600,"height":600,"url":"https:\/\/kolser.com\/wp-content\/uploads\/2021\/11\/KOLSER-REPLICA-PISTOLA-PIRATA-GUN-PISTOLA-PIRATA-DE-PERCUSION-SXVIII47-1109.jpg","type":"image\/jpeg"}],"twitter_card":"summary_large_image","twitter_misc":{"Tempo di lettura stimato":"1 minuto"},"schema":{"@context":"https:\/\/schema.org","@graph":[{"@type":"WebPage","@id":"https:\/\/kolser.com\/producto\/pistola-pirata-de-percusion\/","url":"https:\/\/kolser.com\/producto\/pistola-pirata-de-percusion\/","name":"PISTOLA PIRATA DE PERCUSI\u00d3N - Kolser","isPartOf":{"@id":"https:\/\/kolser.com\/#website"},"primaryImageOfPage":{"@id":"https:\/\/kolser.com\/producto\/pistola-pirata-de-percusion\/#primaryimage"},"image":{"@id":"https:\/\/kolser.com\/producto\/pistola-pirata-de-percusion\/#primaryimage"},"thumbnailUrl":"https:\/\/kolser.com\/wp-content\/uploads\/2021\/11\/KOLSER-REPLICA-PISTOLA-PIRATA-GUN-PISTOLA-PIRATA-DE-PERCUSION-SXVIII47-1109.jpg","datePublished":"2021-12-11T09:13:12+00:00","dateModified":"2024-03-10T08:21:44+00:00","description":"\u2705 R\u00e9plica\u3010 PISTOLA PIRATA DE PERCUSI\u00d3N \u3011Pistola pirata de \u00e9poca en la que los corsarios en sus batallas navales. Disponible en 3 acabados.","breadcrumb":{"@id":"https:\/\/kolser.com\/producto\/pistola-pirata-de-percusion\/#breadcrumb"},"inLanguage":"it-IT","potentialAction":[{"@type":"ReadAction","target":["https:\/\/kolser.com\/producto\/pistola-pirata-de-percusion\/"]}]},{"@type":"ImageObject","inLanguage":"it-IT","@id":"https:\/\/kolser.com\/producto\/pistola-pirata-de-percusion\/#primaryimage","url":"https:\/\/kolser.com\/wp-content\/uploads\/2021\/11\/KOLSER-REPLICA-PISTOLA-PIRATA-GUN-PISTOLA-PIRATA-DE-PERCUSION-SXVIII47-1109.jpg","contentUrl":"https:\/\/kolser.com\/wp-content\/uploads\/2021\/11\/KOLSER-REPLICA-PISTOLA-PIRATA-GUN-PISTOLA-PIRATA-DE-PERCUSION-SXVIII47-1109.jpg","width":600,"height":600,"caption":"PISTOLA PIRATA DE PERCIS\u00d3N KOLSER"},{"@type":"BreadcrumbList","@id":"https:\/\/kolser.com\/producto\/pistola-pirata-de-percusion\/#breadcrumb","itemListElement":[{"@type":"ListItem","position":1,"name":"Home","item":"https:\/\/kolser.com\/"},{"@type":"ListItem","position":2,"name":"Cat\u00e1logo","item":"https:\/\/kolser.com\/catalogo\/"},{"@type":"ListItem","position":3,"name":"Pistolas","item":"https:\/\/kolser.com\/categoria-producto\/pistolas\/"},{"@type":"ListItem","position":4,"name":"Pistolas","item":"https:\/\/kolser.com\/categoria-producto\/pistolas\/pistolas-pistolas-antiguas\/"},{"@type":"ListItem","position":5,"name":"PISTOLA PIRATA DE PERCUSI\u00d3N"}]},{"@type":"WebSite","@id":"https:\/\/kolser.com\/#website","url":"https:\/\/kolser.com\/","name":"Kolser","description":"","publisher":{"@id":"https:\/\/kolser.com\/#organization"},"potentialAction":[{"@type":"SearchAction","target":{"@type":"EntryPoint","urlTemplate":"https:\/\/kolser.com\/?s={search_term_string}"},"query-input":{"@type":"PropertyValueSpecification","valueRequired":true,"valueName":"search_term_string"}}],"inLanguage":"it-IT"},{"@type":"Organization","@id":"https:\/\/kolser.com\/#organization","name":"Kolser","url":"https:\/\/kolser.com\/","logo":{"@type":"ImageObject","inLanguage":"it-IT","@id":"https:\/\/kolser.com\/#\/schema\/logo\/image\/","url":"https:\/\/kolser.com\/wp-content\/uploads\/2021\/11\/Logo-Cabecera.png","contentUrl":"https:\/\/kolser.com\/wp-content\/uploads\/2021\/11\/Logo-Cabecera.png","width":979,"height":1358,"caption":"Kolser"},"image":{"@id":"https:\/\/kolser.com\/#\/schema\/logo\/image\/"}}]}},"_links":{"self":[{"href":"https:\/\/kolser.com\/it\/wp-json\/wp\/v2\/product\/13753","targetHints":{"allow":["GET"]}}],"collection":[{"href":"https:\/\/kolser.com\/it\/wp-json\/wp\/v2\/product"}],"about":[{"href":"https:\/\/kolser.com\/it\/wp-json\/wp\/v2\/types\/product"}],"replies":[{"embeddable":true,"href":"https:\/\/kolser.com\/it\/wp-json\/wp\/v2\/comments?post=13753"}],"wp:featuredmedia":[{"embeddable":true,"href":"https:\/\/kolser.com\/it\/wp-json\/wp\/v2\/media\/1461"}],"wp:attachment":[{"href":"https:\/\/kolser.com\/it\/wp-json\/wp\/v2\/media?parent=13753"}],"wp:term":[{"taxonomy":"product_brand","embeddable":true,"href":"https:\/\/kolser.com\/it\/wp-json\/wp\/v2\/product_brand?post=13753"},{"taxonomy":"product_cat","embeddable":true,"href":"https:\/\/kolser.com\/it\/wp-json\/wp\/v2\/product_cat?post=13753"},{"taxonomy":"product_tag","embeddable":true,"href":"https:\/\/kolser.com\/it\/wp-json\/wp\/v2\/product_tag?post=13753"},{"taxonomy":"coleccion","embeddable":true,"href":"https:\/\/kolser.com\/it\/wp-json\/wp\/v2\/coleccion?post=13753"},{"taxonomy":"proposito","embeddable":true,"href":"https:\/\/kolser.com\/it\/wp-json\/wp\/v2\/proposito?post=13753"}],"curies":[{"name":"wp","href":"https:\/\/api.w.org\/{rel}","templated":true}]}}