{"id":13747,"date":"2021-12-11T09:13:12","date_gmt":"2021-12-11T09:13:12","guid":{"rendered":"https:\/\/kolser.com\/?post_type=product&#038;p=13747"},"modified":"2024-03-10T08:24:57","modified_gmt":"2024-03-10T08:24:57","slug":"pistola-francesa-de-percusion-s-xviii","status":"publish","type":"product","link":"https:\/\/kolser.com\/it\/producto\/pistola-francesa-de-percusion-s-xviii\/","title":{"rendered":"PISTOLA FRANCESE A PERCUSSIONE XVIII SECOLO"},"content":{"rendered":"<p class=\"translation-block\">Questa fedele riproduzione si ispira ai modelli francesi ampiamente diffusi durante il regno di Luigi XV, un\u2019epoca di cattiva amministrazione che contribu\u00ec a preparare il terreno per la Rivoluzione francese.<\/p>\n<p class=\"translation-block\">Kolser mantiene lo stile e la forma originale di questa splendida pistola a pietra focaia. \u00c8 lunga 32 centimetri ed \u00e8 realizzata in resina e metallo argentato. Questo tipo di arma veniva utilizzato soprattutto nei duelli: al primo colpo, al primo sangue o nel celebre duello all\u2019ultimo sangue.<\/p>\n<p>Queste armi erano pensate per essere un\u2019estensione naturale del braccio di chi accettava il duello. Era comune che le pistole francesi e belghe avessero la canna rigata, per conferire maggiore precisione al proiettile. Un pezzo splendido che, una volta impugnato, rievoca l\u2019epoca in cui i nobili difendevano il proprio onore a duello.<\/p>\n<p>32 cm<\/p>","protected":false},"excerpt":{"rendered":"<p>Replica de pistola francesa de percusi\u00f3n del siglo XVIII, fueron muy populares desde el reinado de Luis XV cuando con su mal mandato, se sentaban las bases para la revoluci\u00f3n francesa. Kolser mantiene el estilo y forma de esta bella arma de chispa, su medida es de 32 cent\u00edmetros y est\u00e1 elaborada con resina y [&hellip;]<\/p>\n","protected":false},"featured_media":1446,"comment_status":"closed","ping_status":"closed","template":"","meta":[],"product_brand":[],"product_cat":[30,31],"product_tag":[],"coleccion":[],"proposito":[],"class_list":{"0":"post-13747","1":"product","2":"type-product","3":"status-publish","4":"has-post-thumbnail","6":"product_cat-pistolas","7":"product_cat-pistolas-pistolas-antiguas","9":"first","10":"instock","11":"shipping-taxable","12":"purchasable","13":"product-type-variable"},"yoast_head":"<!-- This site is optimized with the Yoast SEO plugin v27.1.1 - https:\/\/yoast.com\/product\/yoast-seo-wordpress\/ -->\n<title>PISTOLA FRANCESA DE PERCUSION SIGLO XVIII<\/title>\n<meta name=\"description\" content=\"\u2705 R\u00e9plica\u3010 PISTOLA FRANCESA DE PERCUSI\u00d3N s.XVIII \u3011Pistola de \u00e9poca en la que los caballeros las usaban para duelos. Disponible en 3 acabados.\" \/>\n<meta name=\"robots\" content=\"index, follow, max-snippet:-1, max-image-preview:large, max-video-preview:-1\" \/>\n<link rel=\"canonical\" href=\"https:\/\/kolser.com\/it\/prodotto\/pistola-francesa-de-percusion-s-xviii\/\" \/>\n<meta property=\"og:locale\" content=\"it_IT\" \/>\n<meta property=\"og:type\" content=\"article\" \/>\n<meta property=\"og:title\" content=\"PISTOLA FRANCESA DE PERCUSION SIGLO XVIII\" \/>\n<meta property=\"og:description\" content=\"\u2705 R\u00e9plica\u3010 PISTOLA FRANCESA DE PERCUSI\u00d3N s.XVIII \u3011Pistola de \u00e9poca en la que los caballeros las usaban para duelos. Disponible en 3 acabados.\" \/>\n<meta property=\"og:url\" content=\"https:\/\/kolser.com\/it\/prodotto\/pistola-francesa-de-percusion-s-xviii\/\" \/>\n<meta property=\"og:site_name\" content=\"Kolser\" \/>\n<meta property=\"article:modified_time\" content=\"2024-03-10T08:24:57+00:00\" \/>\n<meta property=\"og:image\" content=\"https:\/\/kolser.com\/wp-content\/uploads\/2021\/11\/KOLSER-REPLICA-PISTOLA-PIRATA-GUN-PISTOLA-FRANCESA-DE-PERCUSION-SXVIII47-1103.jpg\" \/>\n\t<meta property=\"og:image:width\" content=\"600\" \/>\n\t<meta property=\"og:image:height\" content=\"600\" \/>\n\t<meta property=\"og:image:type\" content=\"image\/jpeg\" \/>\n<meta name=\"twitter:card\" content=\"summary_large_image\" \/>\n<meta name=\"twitter:label1\" content=\"Tempo di lettura stimato\" \/>\n\t<meta name=\"twitter:data1\" content=\"1 minuto\" \/>\n<script type=\"application\/ld+json\" class=\"yoast-schema-graph\">{\"@context\":\"https:\/\/schema.org\",\"@graph\":[{\"@type\":\"WebPage\",\"@id\":\"https:\/\/kolser.com\/producto\/pistola-francesa-de-percusion-s-xviii\/\",\"url\":\"https:\/\/kolser.com\/producto\/pistola-francesa-de-percusion-s-xviii\/\",\"name\":\"PISTOLA FRANCESA DE PERCUSION SIGLO XVIII\",\"isPartOf\":{\"@id\":\"https:\/\/kolser.com\/#website\"},\"primaryImageOfPage\":{\"@id\":\"https:\/\/kolser.com\/producto\/pistola-francesa-de-percusion-s-xviii\/#primaryimage\"},\"image\":{\"@id\":\"https:\/\/kolser.com\/producto\/pistola-francesa-de-percusion-s-xviii\/#primaryimage\"},\"thumbnailUrl\":\"https:\/\/kolser.com\/wp-content\/uploads\/2021\/11\/KOLSER-REPLICA-PISTOLA-PIRATA-GUN-PISTOLA-FRANCESA-DE-PERCUSION-SXVIII47-1103.jpg\",\"datePublished\":\"2021-12-11T09:13:12+00:00\",\"dateModified\":\"2024-03-10T08:24:57+00:00\",\"description\":\"\u2705 R\u00e9plica\u3010 PISTOLA FRANCESA DE PERCUSI\u00d3N s.XVIII \u3011Pistola de \u00e9poca en la que los caballeros las usaban para duelos. Disponible en 3 acabados.\",\"breadcrumb\":{\"@id\":\"https:\/\/kolser.com\/producto\/pistola-francesa-de-percusion-s-xviii\/#breadcrumb\"},\"inLanguage\":\"it-IT\",\"potentialAction\":[{\"@type\":\"ReadAction\",\"target\":[\"https:\/\/kolser.com\/producto\/pistola-francesa-de-percusion-s-xviii\/\"]}]},{\"@type\":\"ImageObject\",\"inLanguage\":\"it-IT\",\"@id\":\"https:\/\/kolser.com\/producto\/pistola-francesa-de-percusion-s-xviii\/#primaryimage\",\"url\":\"https:\/\/kolser.com\/wp-content\/uploads\/2021\/11\/KOLSER-REPLICA-PISTOLA-PIRATA-GUN-PISTOLA-FRANCESA-DE-PERCUSION-SXVIII47-1103.jpg\",\"contentUrl\":\"https:\/\/kolser.com\/wp-content\/uploads\/2021\/11\/KOLSER-REPLICA-PISTOLA-PIRATA-GUN-PISTOLA-FRANCESA-DE-PERCUSION-SXVIII47-1103.jpg\",\"width\":600,\"height\":600,\"caption\":\"PISTOLA FRANCESA DE PERCUSION SIGLO XVIII\"},{\"@type\":\"BreadcrumbList\",\"@id\":\"https:\/\/kolser.com\/producto\/pistola-francesa-de-percusion-s-xviii\/#breadcrumb\",\"itemListElement\":[{\"@type\":\"ListItem\",\"position\":1,\"name\":\"Home\",\"item\":\"https:\/\/kolser.com\/\"},{\"@type\":\"ListItem\",\"position\":2,\"name\":\"Cat\u00e1logo\",\"item\":\"https:\/\/kolser.com\/catalogo\/\"},{\"@type\":\"ListItem\",\"position\":3,\"name\":\"Pistolas\",\"item\":\"https:\/\/kolser.com\/categoria-producto\/pistolas\/\"},{\"@type\":\"ListItem\",\"position\":4,\"name\":\"Pistolas\",\"item\":\"https:\/\/kolser.com\/categoria-producto\/pistolas\/pistolas-pistolas-antiguas\/\"},{\"@type\":\"ListItem\",\"position\":5,\"name\":\"PISTOLA FRANCESA DE PERCUSION SIGLO XVIII\"}]},{\"@type\":\"WebSite\",\"@id\":\"https:\/\/kolser.com\/#website\",\"url\":\"https:\/\/kolser.com\/\",\"name\":\"Kolser\",\"description\":\"\",\"publisher\":{\"@id\":\"https:\/\/kolser.com\/#organization\"},\"potentialAction\":[{\"@type\":\"SearchAction\",\"target\":{\"@type\":\"EntryPoint\",\"urlTemplate\":\"https:\/\/kolser.com\/?s={search_term_string}\"},\"query-input\":{\"@type\":\"PropertyValueSpecification\",\"valueRequired\":true,\"valueName\":\"search_term_string\"}}],\"inLanguage\":\"it-IT\"},{\"@type\":\"Organization\",\"@id\":\"https:\/\/kolser.com\/#organization\",\"name\":\"Kolser\",\"url\":\"https:\/\/kolser.com\/\",\"logo\":{\"@type\":\"ImageObject\",\"inLanguage\":\"it-IT\",\"@id\":\"https:\/\/kolser.com\/#\/schema\/logo\/image\/\",\"url\":\"https:\/\/kolser.com\/wp-content\/uploads\/2021\/11\/Logo-Cabecera.png\",\"contentUrl\":\"https:\/\/kolser.com\/wp-content\/uploads\/2021\/11\/Logo-Cabecera.png\",\"width\":979,\"height\":1358,\"caption\":\"Kolser\"},\"image\":{\"@id\":\"https:\/\/kolser.com\/#\/schema\/logo\/image\/\"}}]}<\/script>\n<!-- \/ Yoast SEO plugin. -->","yoast_head_json":{"title":"PISTOLA FRANCESE A PERCUSSIONE XVIII SECOLO","description":"\u2705 R\u00e9plica\u3010 PISTOLA FRANCESA DE PERCUSI\u00d3N s.XVIII \u3011Pistola de \u00e9poca en la que los caballeros las usaban para duelos. Disponible en 3 acabados.","robots":{"index":"index","follow":"follow","max-snippet":"max-snippet:-1","max-image-preview":"max-image-preview:large","max-video-preview":"max-video-preview:-1"},"canonical":"https:\/\/kolser.com\/it\/prodotto\/pistola-francesa-de-percusion-s-xviii\/","og_locale":"it_IT","og_type":"article","og_title":"PISTOLA FRANCESA DE PERCUSION SIGLO XVIII","og_description":"\u2705 R\u00e9plica\u3010 PISTOLA FRANCESA DE PERCUSI\u00d3N s.XVIII \u3011Pistola de \u00e9poca en la que los caballeros las usaban para duelos. Disponible en 3 acabados.","og_url":"https:\/\/kolser.com\/it\/prodotto\/pistola-francesa-de-percusion-s-xviii\/","og_site_name":"Kolser","article_modified_time":"2024-03-10T08:24:57+00:00","og_image":[{"width":600,"height":600,"url":"https:\/\/kolser.com\/wp-content\/uploads\/2021\/11\/KOLSER-REPLICA-PISTOLA-PIRATA-GUN-PISTOLA-FRANCESA-DE-PERCUSION-SXVIII47-1103.jpg","type":"image\/jpeg"}],"twitter_card":"summary_large_image","twitter_misc":{"Tempo di lettura stimato":"1 minuto"},"schema":{"@context":"https:\/\/schema.org","@graph":[{"@type":"WebPage","@id":"https:\/\/kolser.com\/producto\/pistola-francesa-de-percusion-s-xviii\/","url":"https:\/\/kolser.com\/producto\/pistola-francesa-de-percusion-s-xviii\/","name":"PISTOLA FRANCESE A PERCUSSIONE XVIII SECOLO","isPartOf":{"@id":"https:\/\/kolser.com\/#website"},"primaryImageOfPage":{"@id":"https:\/\/kolser.com\/producto\/pistola-francesa-de-percusion-s-xviii\/#primaryimage"},"image":{"@id":"https:\/\/kolser.com\/producto\/pistola-francesa-de-percusion-s-xviii\/#primaryimage"},"thumbnailUrl":"https:\/\/kolser.com\/wp-content\/uploads\/2021\/11\/KOLSER-REPLICA-PISTOLA-PIRATA-GUN-PISTOLA-FRANCESA-DE-PERCUSION-SXVIII47-1103.jpg","datePublished":"2021-12-11T09:13:12+00:00","dateModified":"2024-03-10T08:24:57+00:00","description":"\u2705 R\u00e9plica\u3010 PISTOLA FRANCESA DE PERCUSI\u00d3N s.XVIII \u3011Pistola de \u00e9poca en la que los caballeros las usaban para duelos. Disponible en 3 acabados.","breadcrumb":{"@id":"https:\/\/kolser.com\/producto\/pistola-francesa-de-percusion-s-xviii\/#breadcrumb"},"inLanguage":"it-IT","potentialAction":[{"@type":"ReadAction","target":["https:\/\/kolser.com\/producto\/pistola-francesa-de-percusion-s-xviii\/"]}]},{"@type":"ImageObject","inLanguage":"it-IT","@id":"https:\/\/kolser.com\/producto\/pistola-francesa-de-percusion-s-xviii\/#primaryimage","url":"https:\/\/kolser.com\/wp-content\/uploads\/2021\/11\/KOLSER-REPLICA-PISTOLA-PIRATA-GUN-PISTOLA-FRANCESA-DE-PERCUSION-SXVIII47-1103.jpg","contentUrl":"https:\/\/kolser.com\/wp-content\/uploads\/2021\/11\/KOLSER-REPLICA-PISTOLA-PIRATA-GUN-PISTOLA-FRANCESA-DE-PERCUSION-SXVIII47-1103.jpg","width":600,"height":600,"caption":"PISTOLA FRANCESA DE PERCUSION SIGLO XVIII"},{"@type":"BreadcrumbList","@id":"https:\/\/kolser.com\/producto\/pistola-francesa-de-percusion-s-xviii\/#breadcrumb","itemListElement":[{"@type":"ListItem","position":1,"name":"Home","item":"https:\/\/kolser.com\/"},{"@type":"ListItem","position":2,"name":"Cat\u00e1logo","item":"https:\/\/kolser.com\/catalogo\/"},{"@type":"ListItem","position":3,"name":"Pistolas","item":"https:\/\/kolser.com\/categoria-producto\/pistolas\/"},{"@type":"ListItem","position":4,"name":"Pistolas","item":"https:\/\/kolser.com\/categoria-producto\/pistolas\/pistolas-pistolas-antiguas\/"},{"@type":"ListItem","position":5,"name":"PISTOLA FRANCESA DE PERCUSION SIGLO XVIII"}]},{"@type":"WebSite","@id":"https:\/\/kolser.com\/#website","url":"https:\/\/kolser.com\/","name":"Kolser","description":"","publisher":{"@id":"https:\/\/kolser.com\/#organization"},"potentialAction":[{"@type":"SearchAction","target":{"@type":"EntryPoint","urlTemplate":"https:\/\/kolser.com\/?s={search_term_string}"},"query-input":{"@type":"PropertyValueSpecification","valueRequired":true,"valueName":"search_term_string"}}],"inLanguage":"it-IT"},{"@type":"Organization","@id":"https:\/\/kolser.com\/#organization","name":"Kolser","url":"https:\/\/kolser.com\/","logo":{"@type":"ImageObject","inLanguage":"it-IT","@id":"https:\/\/kolser.com\/#\/schema\/logo\/image\/","url":"https:\/\/kolser.com\/wp-content\/uploads\/2021\/11\/Logo-Cabecera.png","contentUrl":"https:\/\/kolser.com\/wp-content\/uploads\/2021\/11\/Logo-Cabecera.png","width":979,"height":1358,"caption":"Kolser"},"image":{"@id":"https:\/\/kolser.com\/#\/schema\/logo\/image\/"}}]}},"_links":{"self":[{"href":"https:\/\/kolser.com\/it\/wp-json\/wp\/v2\/product\/13747","targetHints":{"allow":["GET"]}}],"collection":[{"href":"https:\/\/kolser.com\/it\/wp-json\/wp\/v2\/product"}],"about":[{"href":"https:\/\/kolser.com\/it\/wp-json\/wp\/v2\/types\/product"}],"replies":[{"embeddable":true,"href":"https:\/\/kolser.com\/it\/wp-json\/wp\/v2\/comments?post=13747"}],"wp:featuredmedia":[{"embeddable":true,"href":"https:\/\/kolser.com\/it\/wp-json\/wp\/v2\/media\/1446"}],"wp:attachment":[{"href":"https:\/\/kolser.com\/it\/wp-json\/wp\/v2\/media?parent=13747"}],"wp:term":[{"taxonomy":"product_brand","embeddable":true,"href":"https:\/\/kolser.com\/it\/wp-json\/wp\/v2\/product_brand?post=13747"},{"taxonomy":"product_cat","embeddable":true,"href":"https:\/\/kolser.com\/it\/wp-json\/wp\/v2\/product_cat?post=13747"},{"taxonomy":"product_tag","embeddable":true,"href":"https:\/\/kolser.com\/it\/wp-json\/wp\/v2\/product_tag?post=13747"},{"taxonomy":"coleccion","embeddable":true,"href":"https:\/\/kolser.com\/it\/wp-json\/wp\/v2\/coleccion?post=13747"},{"taxonomy":"proposito","embeddable":true,"href":"https:\/\/kolser.com\/it\/wp-json\/wp\/v2\/proposito?post=13747"}],"curies":[{"name":"wp","href":"https:\/\/api.w.org\/{rel}","templated":true}]}}