{"id":13718,"date":"2021-12-11T09:13:10","date_gmt":"2021-12-11T09:13:10","guid":{"rendered":"https:\/\/kolser.com\/?post_type=product&#038;p=13718"},"modified":"2024-11-04T17:02:36","modified_gmt":"2024-11-04T15:02:36","slug":"espada-excalibur","status":"publish","type":"product","link":"https:\/\/kolser.com\/it\/producto\/espada-excalibur\/","title":{"rendered":"SPADA EXCALIBUR"},"content":{"rendered":"<p class=\"translation-block\">Kolser presenta un capolavoro di storia e fantasia: la replica della spada Excalibur, un oggetto carico di leggenda e simbolismo. Secondo la mitologia arturiana, chiunque riesca a estrarre questa spada dalla pietra sar\u00e0 incoronato Re d'Inghilterra, un racconto che ha catturato l'immaginazione di generazioni.<\/p>\n<p>Questa replica meticolosamente realizzata misura 77 centimetri di lunghezza e riflette lo splendore e la maestosit\u00e0 dell'Excalibur originale. L'impugnatura, intagliata in treccia dorata, e il pomolo circolare, che riflette il sigillo della magia, testimoniano l'abilit\u00e0 degli artigiani di Kolser nel ricreare non solo un'arma, ma un pezzo di storia leggendaria.<\/p>\n<p class=\"translation-block\">Avere tra le mani la replica della spada Excalibur di Kolser non significa solo possedere un oggetto di grande bellezza e precisione artigianale; significa anche immergersi in un mondo dove magia e realt\u00e0 si intrecciano, dove storie di coraggio, onore e destino prendono vita. Questa spada non \u00e8 solo uno strumento di battaglia, ma anche un simbolo del potere legittimo e della ricerca della vera leadership.<\/p>\n<p>Ideale per collezionisti, appassionati di storia medievale e fan delle leggende arturiane, la replica della spada Excalibur di Kolser \u00e8 un pezzo che spicca in qualsiasi collezione. Con il suo design autentico e la sua connessione con una delle leggende pi\u00f9 potenti della storia, questa spada rappresenta l'essenza di un periodo in cui storia e mito si fondono, offrendo al suo possessore non solo un oggetto di ammirazione, ma anche un invito a esplorare le profondit\u00e0 della leggenda di Re Art\u00f9.<\/p>\n<p>Con la replica della spada Excalibur di Kolser, hai l'opportunit\u00e0 di rivivere la leggenda, di tenere tra le mani un'icona della storia e della fantasia, e di sperimentare l'emozione di un'era in cui il destino di un regno poteva cambiare con un singolo atto di coraggio e determinazione.<\/p>","protected":false},"excerpt":{"rendered":"<p>Impugna la leggenda con la replica della Spada Excalibur di Kolser, un emblema dell'epopea arturiana. Questa ricostruzione, lunga 77 centimetri, incapsula il mito e la maestosit\u00e0 dell'arma che ha decretato il destino del Re d'Inghilterra, invitandoti a sperimentare l'eredit\u00e0 di una delle storie pi\u00f9 iconiche di cavalleria e nobilt\u00e0.<\/p>","protected":false},"featured_media":17330,"comment_status":"closed","ping_status":"closed","template":"","meta":[],"product_brand":[],"product_cat":[25,34],"product_tag":[],"coleccion":[],"proposito":[],"class_list":{"0":"post-13718","1":"product","2":"type-product","3":"status-publish","4":"has-post-thumbnail","6":"product_cat-mundo-antiguo","7":"product_cat-replicas-de-espadas","9":"first","10":"instock","11":"shipping-taxable","12":"purchasable","13":"product-type-variable"},"yoast_head":"<!-- This site is optimized with the Yoast SEO plugin v27.4 - https:\/\/yoast.com\/product\/yoast-seo-wordpress\/ -->\n<title>\u25b7ESPADA EXCALIBUR - Kolser<\/title>\n<meta name=\"description\" content=\"\u2705 R\u00e9plica\u3010 ESPADA EXCALIBUR \u3011La hist\u00f3rica, fant\u00e1stica y legendaria R\u00e9plica de la espada Excalibur de 77 cm. Disponible en 2 acabados.\" \/>\n<meta name=\"robots\" content=\"index, follow, max-snippet:-1, max-image-preview:large, max-video-preview:-1\" \/>\n<link rel=\"canonical\" href=\"https:\/\/kolser.com\/it\/prodotto\/espada-excalibur\/\" \/>\n<meta property=\"og:locale\" content=\"it_IT\" \/>\n<meta property=\"og:type\" content=\"article\" \/>\n<meta property=\"og:title\" content=\"\u25b7ESPADA EXCALIBUR - Kolser\" \/>\n<meta property=\"og:description\" content=\"\u2705 R\u00e9plica\u3010 ESPADA EXCALIBUR \u3011La hist\u00f3rica, fant\u00e1stica y legendaria R\u00e9plica de la espada Excalibur de 77 cm. Disponible en 2 acabados.\" \/>\n<meta property=\"og:url\" content=\"https:\/\/kolser.com\/it\/prodotto\/espada-excalibur\/\" \/>\n<meta property=\"og:site_name\" content=\"Kolser\" \/>\n<meta property=\"article:modified_time\" content=\"2024-11-04T15:02:36+00:00\" \/>\n<meta property=\"og:image\" content=\"https:\/\/kolser.com\/wp-content\/uploads\/2021\/12\/49-121.jpg\" \/>\n\t<meta property=\"og:image:width\" content=\"2000\" \/>\n\t<meta property=\"og:image:height\" content=\"2000\" \/>\n\t<meta property=\"og:image:type\" content=\"image\/jpeg\" \/>\n<meta name=\"twitter:card\" content=\"summary_large_image\" \/>\n<meta name=\"twitter:label1\" content=\"Tempo di lettura stimato\" \/>\n\t<meta name=\"twitter:data1\" content=\"2 minuti\" \/>\n<script type=\"application\/ld+json\" class=\"yoast-schema-graph\">{\"@context\":\"https:\\\/\\\/schema.org\",\"@graph\":[{\"@type\":\"WebPage\",\"@id\":\"https:\\\/\\\/kolser.com\\\/producto\\\/espada-excalibur\\\/\",\"url\":\"https:\\\/\\\/kolser.com\\\/producto\\\/espada-excalibur\\\/\",\"name\":\"\u25b7ESPADA EXCALIBUR - Kolser\",\"isPartOf\":{\"@id\":\"https:\\\/\\\/kolser.com\\\/#website\"},\"primaryImageOfPage\":{\"@id\":\"https:\\\/\\\/kolser.com\\\/producto\\\/espada-excalibur\\\/#primaryimage\"},\"image\":{\"@id\":\"https:\\\/\\\/kolser.com\\\/producto\\\/espada-excalibur\\\/#primaryimage\"},\"thumbnailUrl\":\"https:\\\/\\\/kolser.com\\\/wp-content\\\/uploads\\\/2021\\\/12\\\/49-121.jpg\",\"datePublished\":\"2021-12-11T09:13:10+00:00\",\"dateModified\":\"2024-11-04T15:02:36+00:00\",\"description\":\"\u2705 R\u00e9plica\u3010 ESPADA EXCALIBUR \u3011La hist\u00f3rica, fant\u00e1stica y legendaria R\u00e9plica de la espada Excalibur de 77 cm. Disponible en 2 acabados.\",\"breadcrumb\":{\"@id\":\"https:\\\/\\\/kolser.com\\\/producto\\\/espada-excalibur\\\/#breadcrumb\"},\"inLanguage\":\"it-IT\",\"potentialAction\":[{\"@type\":\"ReadAction\",\"target\":[\"https:\\\/\\\/kolser.com\\\/producto\\\/espada-excalibur\\\/\"]}]},{\"@type\":\"ImageObject\",\"inLanguage\":\"it-IT\",\"@id\":\"https:\\\/\\\/kolser.com\\\/producto\\\/espada-excalibur\\\/#primaryimage\",\"url\":\"https:\\\/\\\/kolser.com\\\/wp-content\\\/uploads\\\/2021\\\/12\\\/49-121.jpg\",\"contentUrl\":\"https:\\\/\\\/kolser.com\\\/wp-content\\\/uploads\\\/2021\\\/12\\\/49-121.jpg\",\"width\":2000,\"height\":2000,\"caption\":\"espada excalibur\"},{\"@type\":\"BreadcrumbList\",\"@id\":\"https:\\\/\\\/kolser.com\\\/producto\\\/espada-excalibur\\\/#breadcrumb\",\"itemListElement\":[{\"@type\":\"ListItem\",\"position\":1,\"name\":\"Home\",\"item\":\"https:\\\/\\\/kolser.com\\\/\"},{\"@type\":\"ListItem\",\"position\":2,\"name\":\"Cat\u00e1logo\",\"item\":\"https:\\\/\\\/kolser.com\\\/catalogo\\\/\"},{\"@type\":\"ListItem\",\"position\":3,\"name\":\"Mundo Antiguo\",\"item\":\"https:\\\/\\\/kolser.com\\\/categoria-producto\\\/mundo-antiguo\\\/\"},{\"@type\":\"ListItem\",\"position\":4,\"name\":\"Espadas\",\"item\":\"https:\\\/\\\/kolser.com\\\/categoria-producto\\\/mundo-antiguo\\\/replicas-de-espadas\\\/\"},{\"@type\":\"ListItem\",\"position\":5,\"name\":\"ESPADA EXCALIBUR\"}]},{\"@type\":\"WebSite\",\"@id\":\"https:\\\/\\\/kolser.com\\\/#website\",\"url\":\"https:\\\/\\\/kolser.com\\\/\",\"name\":\"Kolser\",\"description\":\"\",\"publisher\":{\"@id\":\"https:\\\/\\\/kolser.com\\\/#organization\"},\"potentialAction\":[{\"@type\":\"SearchAction\",\"target\":{\"@type\":\"EntryPoint\",\"urlTemplate\":\"https:\\\/\\\/kolser.com\\\/?s={search_term_string}\"},\"query-input\":{\"@type\":\"PropertyValueSpecification\",\"valueRequired\":true,\"valueName\":\"search_term_string\"}}],\"inLanguage\":\"it-IT\"},{\"@type\":\"Organization\",\"@id\":\"https:\\\/\\\/kolser.com\\\/#organization\",\"name\":\"Kolser\",\"url\":\"https:\\\/\\\/kolser.com\\\/\",\"logo\":{\"@type\":\"ImageObject\",\"inLanguage\":\"it-IT\",\"@id\":\"https:\\\/\\\/kolser.com\\\/#\\\/schema\\\/logo\\\/image\\\/\",\"url\":\"https:\\\/\\\/kolser.com\\\/wp-content\\\/uploads\\\/2021\\\/11\\\/Logo-Cabecera.png\",\"contentUrl\":\"https:\\\/\\\/kolser.com\\\/wp-content\\\/uploads\\\/2021\\\/11\\\/Logo-Cabecera.png\",\"width\":979,\"height\":1358,\"caption\":\"Kolser\"},\"image\":{\"@id\":\"https:\\\/\\\/kolser.com\\\/#\\\/schema\\\/logo\\\/image\\\/\"}}]}<\/script>\n<!-- \/ Yoast SEO plugin. -->","yoast_head_json":{"title":"\u25b7ESPADA EXCALIBUR - Kolser","description":"\u2705 R\u00e9plica\u3010 ESPADA EXCALIBUR \u3011La hist\u00f3rica, fant\u00e1stica y legendaria R\u00e9plica de la espada Excalibur de 77 cm. Disponible en 2 acabados.","robots":{"index":"index","follow":"follow","max-snippet":"max-snippet:-1","max-image-preview":"max-image-preview:large","max-video-preview":"max-video-preview:-1"},"canonical":"https:\/\/kolser.com\/it\/prodotto\/espada-excalibur\/","og_locale":"it_IT","og_type":"article","og_title":"\u25b7ESPADA EXCALIBUR - Kolser","og_description":"\u2705 R\u00e9plica\u3010 ESPADA EXCALIBUR \u3011La hist\u00f3rica, fant\u00e1stica y legendaria R\u00e9plica de la espada Excalibur de 77 cm. Disponible en 2 acabados.","og_url":"https:\/\/kolser.com\/it\/prodotto\/espada-excalibur\/","og_site_name":"Kolser","article_modified_time":"2024-11-04T15:02:36+00:00","og_image":[{"width":2000,"height":2000,"url":"https:\/\/kolser.com\/wp-content\/uploads\/2021\/12\/49-121.jpg","type":"image\/jpeg"}],"twitter_card":"summary_large_image","twitter_misc":{"Tempo di lettura stimato":"2 minuti"},"schema":{"@context":"https:\/\/schema.org","@graph":[{"@type":"WebPage","@id":"https:\/\/kolser.com\/producto\/espada-excalibur\/","url":"https:\/\/kolser.com\/producto\/espada-excalibur\/","name":"\u25b7ESPADA EXCALIBUR - Kolser","isPartOf":{"@id":"https:\/\/kolser.com\/#website"},"primaryImageOfPage":{"@id":"https:\/\/kolser.com\/producto\/espada-excalibur\/#primaryimage"},"image":{"@id":"https:\/\/kolser.com\/producto\/espada-excalibur\/#primaryimage"},"thumbnailUrl":"https:\/\/kolser.com\/wp-content\/uploads\/2021\/12\/49-121.jpg","datePublished":"2021-12-11T09:13:10+00:00","dateModified":"2024-11-04T15:02:36+00:00","description":"\u2705 R\u00e9plica\u3010 ESPADA EXCALIBUR \u3011La hist\u00f3rica, fant\u00e1stica y legendaria R\u00e9plica de la espada Excalibur de 77 cm. Disponible en 2 acabados.","breadcrumb":{"@id":"https:\/\/kolser.com\/producto\/espada-excalibur\/#breadcrumb"},"inLanguage":"it-IT","potentialAction":[{"@type":"ReadAction","target":["https:\/\/kolser.com\/producto\/espada-excalibur\/"]}]},{"@type":"ImageObject","inLanguage":"it-IT","@id":"https:\/\/kolser.com\/producto\/espada-excalibur\/#primaryimage","url":"https:\/\/kolser.com\/wp-content\/uploads\/2021\/12\/49-121.jpg","contentUrl":"https:\/\/kolser.com\/wp-content\/uploads\/2021\/12\/49-121.jpg","width":2000,"height":2000,"caption":"espada excalibur"},{"@type":"BreadcrumbList","@id":"https:\/\/kolser.com\/producto\/espada-excalibur\/#breadcrumb","itemListElement":[{"@type":"ListItem","position":1,"name":"Home","item":"https:\/\/kolser.com\/"},{"@type":"ListItem","position":2,"name":"Cat\u00e1logo","item":"https:\/\/kolser.com\/catalogo\/"},{"@type":"ListItem","position":3,"name":"Mundo Antiguo","item":"https:\/\/kolser.com\/categoria-producto\/mundo-antiguo\/"},{"@type":"ListItem","position":4,"name":"Espadas","item":"https:\/\/kolser.com\/categoria-producto\/mundo-antiguo\/replicas-de-espadas\/"},{"@type":"ListItem","position":5,"name":"ESPADA EXCALIBUR"}]},{"@type":"WebSite","@id":"https:\/\/kolser.com\/#website","url":"https:\/\/kolser.com\/","name":"Kolser","description":"","publisher":{"@id":"https:\/\/kolser.com\/#organization"},"potentialAction":[{"@type":"SearchAction","target":{"@type":"EntryPoint","urlTemplate":"https:\/\/kolser.com\/?s={search_term_string}"},"query-input":{"@type":"PropertyValueSpecification","valueRequired":true,"valueName":"search_term_string"}}],"inLanguage":"it-IT"},{"@type":"Organization","@id":"https:\/\/kolser.com\/#organization","name":"Kolser","url":"https:\/\/kolser.com\/","logo":{"@type":"ImageObject","inLanguage":"it-IT","@id":"https:\/\/kolser.com\/#\/schema\/logo\/image\/","url":"https:\/\/kolser.com\/wp-content\/uploads\/2021\/11\/Logo-Cabecera.png","contentUrl":"https:\/\/kolser.com\/wp-content\/uploads\/2021\/11\/Logo-Cabecera.png","width":979,"height":1358,"caption":"Kolser"},"image":{"@id":"https:\/\/kolser.com\/#\/schema\/logo\/image\/"}}]}},"_links":{"self":[{"href":"https:\/\/kolser.com\/it\/wp-json\/wp\/v2\/product\/13718","targetHints":{"allow":["GET"]}}],"collection":[{"href":"https:\/\/kolser.com\/it\/wp-json\/wp\/v2\/product"}],"about":[{"href":"https:\/\/kolser.com\/it\/wp-json\/wp\/v2\/types\/product"}],"replies":[{"embeddable":true,"href":"https:\/\/kolser.com\/it\/wp-json\/wp\/v2\/comments?post=13718"}],"wp:featuredmedia":[{"embeddable":true,"href":"https:\/\/kolser.com\/it\/wp-json\/wp\/v2\/media\/17330"}],"wp:attachment":[{"href":"https:\/\/kolser.com\/it\/wp-json\/wp\/v2\/media?parent=13718"}],"wp:term":[{"taxonomy":"product_brand","embeddable":true,"href":"https:\/\/kolser.com\/it\/wp-json\/wp\/v2\/product_brand?post=13718"},{"taxonomy":"product_cat","embeddable":true,"href":"https:\/\/kolser.com\/it\/wp-json\/wp\/v2\/product_cat?post=13718"},{"taxonomy":"product_tag","embeddable":true,"href":"https:\/\/kolser.com\/it\/wp-json\/wp\/v2\/product_tag?post=13718"},{"taxonomy":"coleccion","embeddable":true,"href":"https:\/\/kolser.com\/it\/wp-json\/wp\/v2\/coleccion?post=13718"},{"taxonomy":"proposito","embeddable":true,"href":"https:\/\/kolser.com\/it\/wp-json\/wp\/v2\/proposito?post=13718"}],"curies":[{"name":"wp","href":"https:\/\/api.w.org\/{rel}","templated":true}]}}