{"id":13632,"date":"2021-12-11T09:13:03","date_gmt":"2021-12-11T09:13:03","guid":{"rendered":"https:\/\/kolser.com\/?post_type=product&#038;p=13632"},"modified":"2024-03-10T14:22:24","modified_gmt":"2024-03-10T14:22:24","slug":"pist-inglesa-de-chispa-twigg-s-xviii","status":"publish","type":"product","link":"https:\/\/kolser.com\/it\/producto\/pist-inglesa-de-chispa-twigg-s-xviii\/","title":{"rendered":"PISTOLA INGLESE TWIGG XVIII SECOLO"},"content":{"rendered":"<p class=\"translation-block\">Riproduzione di una pistola a pietra focaia inglese Twingg del XVIII secolo, realizzata da Kolser. \u00c8 costruita in metallo e resina, materiali che ne garantiscono la durata e la conservazione nel tempo. La lunghezza totale \u00e8 di 27 centimetri.<\/p>\n<p class=\"translation-block\">Era comune trovarle nelle camere dei Lords e dei Comuni. Si tratta di un pezzo da collezione straordinario. L\u2019impugnatura in resina \u00e8 finemente incisa con motivi a giglio, mentre cane, ponticello, grilletto e canna sono realizzati in metallo e decorati con splendidi intagli, che ne esaltano l\u2019esclusivit\u00e0.<\/p>\n<p>27 cm<\/p>","protected":false},"excerpt":{"rendered":"<p>Reproducci\u00f3n de pistola inglesa de chispa twingg del siglo XVIII, esta replica elaborada por Kolser, est\u00e1 elaborada en metal y resina, materiales que garantizan su durabilidad y conservaci\u00f3n, adem\u00e1s, cuanta con una medida de 27 cent\u00edmetros. Era normal encontrarlas en las c\u00e1maras de los Lores y de los comunes, es una fant\u00e1stica pieza de colecci\u00f3n, [&hellip;]<\/p>\n","protected":false},"featured_media":14376,"comment_status":"closed","ping_status":"closed","template":"","meta":[],"product_brand":[],"product_cat":[30,31],"product_tag":[],"coleccion":[],"proposito":[],"class_list":{"0":"post-13632","1":"product","2":"type-product","3":"status-publish","4":"has-post-thumbnail","6":"product_cat-pistolas","7":"product_cat-pistolas-pistolas-antiguas","9":"first","10":"instock","11":"shipping-taxable","12":"purchasable","13":"product-type-variable"},"yoast_head":"<!-- This site is optimized with the Yoast SEO plugin v27.4 - https:\/\/yoast.com\/product\/yoast-seo-wordpress\/ -->\n<title>\u25b7PISTOLA INGLESA TWIGG S.XVIII - Kolser<\/title>\n<meta name=\"description\" content=\"\u2705 R\u00e9plica\u3010 PISTOLAS INGLESA TWIGG S.XVIII\u3011Esta pistola de chispa era normal encontrarla en la c\u00e1mara de los Lores. Disponible en 2 acabados.\" \/>\n<meta name=\"robots\" content=\"index, follow, max-snippet:-1, max-image-preview:large, max-video-preview:-1\" \/>\n<link rel=\"canonical\" href=\"https:\/\/kolser.com\/it\/prodotto\/pist-inglesa-de-chispa-twigg-s-xviii\/\" \/>\n<meta property=\"og:locale\" content=\"it_IT\" \/>\n<meta property=\"og:type\" content=\"article\" \/>\n<meta property=\"og:title\" content=\"\u25b7PISTOLA INGLESA TWIGG S.XVIII - Kolser\" \/>\n<meta property=\"og:description\" content=\"\u2705 R\u00e9plica\u3010 PISTOLAS INGLESA TWIGG S.XVIII\u3011Esta pistola de chispa era normal encontrarla en la c\u00e1mara de los Lores. Disponible en 2 acabados.\" \/>\n<meta property=\"og:url\" content=\"https:\/\/kolser.com\/it\/prodotto\/pist-inglesa-de-chispa-twigg-s-xviii\/\" \/>\n<meta property=\"og:site_name\" content=\"Kolser\" \/>\n<meta property=\"article:modified_time\" content=\"2024-03-10T14:22:24+00:00\" \/>\n<meta property=\"og:image\" content=\"https:\/\/kolser.com\/wp-content\/uploads\/2021\/12\/47-1114-L.jpg\" \/>\n\t<meta property=\"og:image:width\" content=\"600\" \/>\n\t<meta property=\"og:image:height\" content=\"600\" \/>\n\t<meta property=\"og:image:type\" content=\"image\/jpeg\" \/>\n<meta name=\"twitter:card\" content=\"summary_large_image\" \/>\n<meta name=\"twitter:label1\" content=\"Tempo di lettura stimato\" \/>\n\t<meta name=\"twitter:data1\" content=\"1 minuto\" \/>\n<script type=\"application\/ld+json\" class=\"yoast-schema-graph\">{\"@context\":\"https:\\\/\\\/schema.org\",\"@graph\":[{\"@type\":\"WebPage\",\"@id\":\"https:\\\/\\\/kolser.com\\\/en\\\/product\\\/18th-century-english-flintlock-twigg-pistol\\\/\",\"url\":\"https:\\\/\\\/kolser.com\\\/en\\\/product\\\/18th-century-english-flintlock-twigg-pistol\\\/\",\"name\":\"\u25b7PISTOLA INGLESA TWIGG S.XVIII - Kolser\",\"isPartOf\":{\"@id\":\"https:\\\/\\\/kolser.com\\\/#website\"},\"primaryImageOfPage\":{\"@id\":\"https:\\\/\\\/kolser.com\\\/en\\\/product\\\/18th-century-english-flintlock-twigg-pistol\\\/#primaryimage\"},\"image\":{\"@id\":\"https:\\\/\\\/kolser.com\\\/en\\\/product\\\/18th-century-english-flintlock-twigg-pistol\\\/#primaryimage\"},\"thumbnailUrl\":\"https:\\\/\\\/kolser.com\\\/wp-content\\\/uploads\\\/2021\\\/12\\\/47-1114-L.jpg\",\"datePublished\":\"2021-12-11T09:13:03+00:00\",\"dateModified\":\"2024-03-10T14:22:24+00:00\",\"description\":\"\u2705 R\u00e9plica\u3010 PISTOLAS INGLESA TWIGG S.XVIII\u3011Esta pistola de chispa era normal encontrarla en la c\u00e1mara de los Lores. Disponible en 2 acabados.\",\"breadcrumb\":{\"@id\":\"https:\\\/\\\/kolser.com\\\/en\\\/product\\\/18th-century-english-flintlock-twigg-pistol\\\/#breadcrumb\"},\"inLanguage\":\"it-IT\",\"potentialAction\":[{\"@type\":\"ReadAction\",\"target\":[\"https:\\\/\\\/kolser.com\\\/en\\\/product\\\/18th-century-english-flintlock-twigg-pistol\\\/\"]}]},{\"@type\":\"ImageObject\",\"inLanguage\":\"it-IT\",\"@id\":\"https:\\\/\\\/kolser.com\\\/en\\\/product\\\/18th-century-english-flintlock-twigg-pistol\\\/#primaryimage\",\"url\":\"https:\\\/\\\/kolser.com\\\/wp-content\\\/uploads\\\/2021\\\/12\\\/47-1114-L.jpg\",\"contentUrl\":\"https:\\\/\\\/kolser.com\\\/wp-content\\\/uploads\\\/2021\\\/12\\\/47-1114-L.jpg\",\"width\":600,\"height\":600,\"caption\":\"PISTOLA INGLESA TWIGG S.XVIII\"},{\"@type\":\"BreadcrumbList\",\"@id\":\"https:\\\/\\\/kolser.com\\\/en\\\/product\\\/18th-century-english-flintlock-twigg-pistol\\\/#breadcrumb\",\"itemListElement\":[{\"@type\":\"ListItem\",\"position\":1,\"name\":\"Home\",\"item\":\"https:\\\/\\\/kolser.com\\\/\"},{\"@type\":\"ListItem\",\"position\":2,\"name\":\"Cat\u00e1logo\",\"item\":\"https:\\\/\\\/kolser.com\\\/catalogo\\\/\"},{\"@type\":\"ListItem\",\"position\":3,\"name\":\"Pistolas\",\"item\":\"https:\\\/\\\/kolser.com\\\/categoria-producto\\\/pistolas\\\/\"},{\"@type\":\"ListItem\",\"position\":4,\"name\":\"Pistolas\",\"item\":\"https:\\\/\\\/kolser.com\\\/categoria-producto\\\/pistolas\\\/pistolas-pistolas-antiguas\\\/\"},{\"@type\":\"ListItem\",\"position\":5,\"name\":\"PISTOLA INGLESA TWIGG S.XVIII\"}]},{\"@type\":\"WebSite\",\"@id\":\"https:\\\/\\\/kolser.com\\\/#website\",\"url\":\"https:\\\/\\\/kolser.com\\\/\",\"name\":\"Kolser\",\"description\":\"\",\"publisher\":{\"@id\":\"https:\\\/\\\/kolser.com\\\/#organization\"},\"potentialAction\":[{\"@type\":\"SearchAction\",\"target\":{\"@type\":\"EntryPoint\",\"urlTemplate\":\"https:\\\/\\\/kolser.com\\\/?s={search_term_string}\"},\"query-input\":{\"@type\":\"PropertyValueSpecification\",\"valueRequired\":true,\"valueName\":\"search_term_string\"}}],\"inLanguage\":\"it-IT\"},{\"@type\":\"Organization\",\"@id\":\"https:\\\/\\\/kolser.com\\\/#organization\",\"name\":\"Kolser\",\"url\":\"https:\\\/\\\/kolser.com\\\/\",\"logo\":{\"@type\":\"ImageObject\",\"inLanguage\":\"it-IT\",\"@id\":\"https:\\\/\\\/kolser.com\\\/#\\\/schema\\\/logo\\\/image\\\/\",\"url\":\"https:\\\/\\\/kolser.com\\\/wp-content\\\/uploads\\\/2021\\\/11\\\/Logo-Cabecera.png\",\"contentUrl\":\"https:\\\/\\\/kolser.com\\\/wp-content\\\/uploads\\\/2021\\\/11\\\/Logo-Cabecera.png\",\"width\":979,\"height\":1358,\"caption\":\"Kolser\"},\"image\":{\"@id\":\"https:\\\/\\\/kolser.com\\\/#\\\/schema\\\/logo\\\/image\\\/\"}}]}<\/script>\n<!-- \/ Yoast SEO plugin. -->","yoast_head_json":{"title":"\u25b7PISTOLA INGLESA TWIGG S.XVIII - Kolser","description":"\u2705 R\u00e9plica\u3010 PISTOLAS INGLESA TWIGG S.XVIII\u3011Esta pistola de chispa era normal encontrarla en la c\u00e1mara de los Lores. Disponible en 2 acabados.","robots":{"index":"index","follow":"follow","max-snippet":"max-snippet:-1","max-image-preview":"max-image-preview:large","max-video-preview":"max-video-preview:-1"},"canonical":"https:\/\/kolser.com\/it\/prodotto\/pist-inglesa-de-chispa-twigg-s-xviii\/","og_locale":"it_IT","og_type":"article","og_title":"\u25b7PISTOLA INGLESA TWIGG S.XVIII - Kolser","og_description":"\u2705 R\u00e9plica\u3010 PISTOLAS INGLESA TWIGG S.XVIII\u3011Esta pistola de chispa era normal encontrarla en la c\u00e1mara de los Lores. Disponible en 2 acabados.","og_url":"https:\/\/kolser.com\/it\/prodotto\/pist-inglesa-de-chispa-twigg-s-xviii\/","og_site_name":"Kolser","article_modified_time":"2024-03-10T14:22:24+00:00","og_image":[{"width":600,"height":600,"url":"https:\/\/kolser.com\/wp-content\/uploads\/2021\/12\/47-1114-L.jpg","type":"image\/jpeg"}],"twitter_card":"summary_large_image","twitter_misc":{"Tempo di lettura stimato":"1 minuto"},"schema":{"@context":"https:\/\/schema.org","@graph":[{"@type":"WebPage","@id":"https:\/\/kolser.com\/en\/product\/18th-century-english-flintlock-twigg-pistol\/","url":"https:\/\/kolser.com\/en\/product\/18th-century-english-flintlock-twigg-pistol\/","name":"\u25b7PISTOLA INGLESA TWIGG S.XVIII - Kolser","isPartOf":{"@id":"https:\/\/kolser.com\/#website"},"primaryImageOfPage":{"@id":"https:\/\/kolser.com\/en\/product\/18th-century-english-flintlock-twigg-pistol\/#primaryimage"},"image":{"@id":"https:\/\/kolser.com\/en\/product\/18th-century-english-flintlock-twigg-pistol\/#primaryimage"},"thumbnailUrl":"https:\/\/kolser.com\/wp-content\/uploads\/2021\/12\/47-1114-L.jpg","datePublished":"2021-12-11T09:13:03+00:00","dateModified":"2024-03-10T14:22:24+00:00","description":"\u2705 R\u00e9plica\u3010 PISTOLAS INGLESA TWIGG S.XVIII\u3011Esta pistola de chispa era normal encontrarla en la c\u00e1mara de los Lores. Disponible en 2 acabados.","breadcrumb":{"@id":"https:\/\/kolser.com\/en\/product\/18th-century-english-flintlock-twigg-pistol\/#breadcrumb"},"inLanguage":"it-IT","potentialAction":[{"@type":"ReadAction","target":["https:\/\/kolser.com\/en\/product\/18th-century-english-flintlock-twigg-pistol\/"]}]},{"@type":"ImageObject","inLanguage":"it-IT","@id":"https:\/\/kolser.com\/en\/product\/18th-century-english-flintlock-twigg-pistol\/#primaryimage","url":"https:\/\/kolser.com\/wp-content\/uploads\/2021\/12\/47-1114-L.jpg","contentUrl":"https:\/\/kolser.com\/wp-content\/uploads\/2021\/12\/47-1114-L.jpg","width":600,"height":600,"caption":"PISTOLA INGLESA TWIGG S.XVIII"},{"@type":"BreadcrumbList","@id":"https:\/\/kolser.com\/en\/product\/18th-century-english-flintlock-twigg-pistol\/#breadcrumb","itemListElement":[{"@type":"ListItem","position":1,"name":"Home","item":"https:\/\/kolser.com\/"},{"@type":"ListItem","position":2,"name":"Cat\u00e1logo","item":"https:\/\/kolser.com\/catalogo\/"},{"@type":"ListItem","position":3,"name":"Pistolas","item":"https:\/\/kolser.com\/categoria-producto\/pistolas\/"},{"@type":"ListItem","position":4,"name":"Pistolas","item":"https:\/\/kolser.com\/categoria-producto\/pistolas\/pistolas-pistolas-antiguas\/"},{"@type":"ListItem","position":5,"name":"PISTOLA INGLESA TWIGG S.XVIII"}]},{"@type":"WebSite","@id":"https:\/\/kolser.com\/#website","url":"https:\/\/kolser.com\/","name":"Kolser","description":"","publisher":{"@id":"https:\/\/kolser.com\/#organization"},"potentialAction":[{"@type":"SearchAction","target":{"@type":"EntryPoint","urlTemplate":"https:\/\/kolser.com\/?s={search_term_string}"},"query-input":{"@type":"PropertyValueSpecification","valueRequired":true,"valueName":"search_term_string"}}],"inLanguage":"it-IT"},{"@type":"Organization","@id":"https:\/\/kolser.com\/#organization","name":"Kolser","url":"https:\/\/kolser.com\/","logo":{"@type":"ImageObject","inLanguage":"it-IT","@id":"https:\/\/kolser.com\/#\/schema\/logo\/image\/","url":"https:\/\/kolser.com\/wp-content\/uploads\/2021\/11\/Logo-Cabecera.png","contentUrl":"https:\/\/kolser.com\/wp-content\/uploads\/2021\/11\/Logo-Cabecera.png","width":979,"height":1358,"caption":"Kolser"},"image":{"@id":"https:\/\/kolser.com\/#\/schema\/logo\/image\/"}}]}},"_links":{"self":[{"href":"https:\/\/kolser.com\/it\/wp-json\/wp\/v2\/product\/13632","targetHints":{"allow":["GET"]}}],"collection":[{"href":"https:\/\/kolser.com\/it\/wp-json\/wp\/v2\/product"}],"about":[{"href":"https:\/\/kolser.com\/it\/wp-json\/wp\/v2\/types\/product"}],"replies":[{"embeddable":true,"href":"https:\/\/kolser.com\/it\/wp-json\/wp\/v2\/comments?post=13632"}],"wp:featuredmedia":[{"embeddable":true,"href":"https:\/\/kolser.com\/it\/wp-json\/wp\/v2\/media\/14376"}],"wp:attachment":[{"href":"https:\/\/kolser.com\/it\/wp-json\/wp\/v2\/media?parent=13632"}],"wp:term":[{"taxonomy":"product_brand","embeddable":true,"href":"https:\/\/kolser.com\/it\/wp-json\/wp\/v2\/product_brand?post=13632"},{"taxonomy":"product_cat","embeddable":true,"href":"https:\/\/kolser.com\/it\/wp-json\/wp\/v2\/product_cat?post=13632"},{"taxonomy":"product_tag","embeddable":true,"href":"https:\/\/kolser.com\/it\/wp-json\/wp\/v2\/product_tag?post=13632"},{"taxonomy":"coleccion","embeddable":true,"href":"https:\/\/kolser.com\/it\/wp-json\/wp\/v2\/coleccion?post=13632"},{"taxonomy":"proposito","embeddable":true,"href":"https:\/\/kolser.com\/it\/wp-json\/wp\/v2\/proposito?post=13632"}],"curies":[{"name":"wp","href":"https:\/\/api.w.org\/{rel}","templated":true}]}}