{"id":13627,"date":"2021-12-11T09:13:03","date_gmt":"2021-12-11T09:13:03","guid":{"rendered":"https:\/\/kolser.com\/?post_type=product&#038;p=13627"},"modified":"2024-03-10T14:35:07","modified_gmt":"2024-03-10T14:35:07","slug":"set-pistolas-de-duelo-s-xviii","status":"publish","type":"product","link":"https:\/\/kolser.com\/it\/producto\/set-pistolas-de-duelo-s-xviii\/","title":{"rendered":"SET DI PISTOLE DA DUELLO A PIETRA FOCAIA DEL XVIII SECOLO"},"content":{"rendered":"<p class=\"translation-block\">Set di Due Repliche di <strong>Pistole Francesi a Pietra Focaia<\/strong> del XVIII Secolo<\/p>\n<p>Quest\u2019arma maestosa, assemblata a mano da Kolser, si distingue per i suoi straordinari dettagli che le conferiscono un aspetto di perfezione assoluta.<\/p>\n<p class=\"translation-block\">Impugnare questa replica da 32 centimetri ti riporter\u00e0 ai combattimenti corpo a corpo che avvenivano spesso tra pirati.<\/p>\n<p>\u00c8 rifinita con splendidi dettagli in metallo dorato che le conferiscono un\u2019estetica impeccabile \u2014 perfetta per decorare la casa o per eventi LARP.<\/p>\n<p>Realizzata da Kolser, \u00e8 costruita con materiali che garantiscono la durata e la resistenza della replica.<\/p>\n<p>32 cm<\/p>","protected":false},"excerpt":{"rendered":"<p>Set de dos r\u00e9plicas de pistola francesa de chispa utilizada en el siglo XVIII. Esta majestuosa arma fabricada por Kolser, esta delicadamente montada a mano, se destaca de ella los detalles que tan extraordinariamente le dan un aspecto de perfecci\u00f3n. Empu\u00f1ar \u00e9sta r\u00e9plica de 32 cent\u00edmetros, te remontara a los enfrentamientos cuerpo a cuerpo que [&hellip;]<\/p>\n","protected":false},"featured_media":14369,"comment_status":"closed","ping_status":"closed","template":"","meta":[],"product_brand":[],"product_cat":[30,39],"product_tag":[],"coleccion":[],"proposito":[],"class_list":{"0":"post-13627","1":"product","2":"type-product","3":"status-publish","4":"has-post-thumbnail","6":"product_cat-pistolas","7":"product_cat-pistolas-de-duelo","9":"first","10":"instock","11":"shipping-taxable","12":"purchasable","13":"product-type-variable"},"yoast_head":"<!-- This site is optimized with the Yoast SEO plugin v27.4 - https:\/\/yoast.com\/product\/yoast-seo-wordpress\/ -->\n<title>SET PISTOLAS DE DUELO DE CHISPA S. XVIII. KOLSER<\/title>\n<meta name=\"description\" content=\"\u2705 R\u00e9plica\u3010 SET PISTOLAS DE DUELO DE CHISPA S.XVIII \u3011Se usaban para los combates cuerpo a cuerpo y enfrentamieto de piratas. Disponible en 3 acabados.\" \/>\n<meta name=\"robots\" content=\"index, follow, max-snippet:-1, max-image-preview:large, max-video-preview:-1\" \/>\n<link rel=\"canonical\" href=\"https:\/\/kolser.com\/it\/prodotto\/set-pistolas-de-duelo-s-xviii\/\" \/>\n<meta property=\"og:locale\" content=\"it_IT\" \/>\n<meta property=\"og:type\" content=\"article\" \/>\n<meta property=\"og:title\" content=\"SET PISTOLAS DE DUELO DE CHISPA S. XVIII. KOLSER\" \/>\n<meta property=\"og:description\" content=\"\u2705 R\u00e9plica\u3010 SET PISTOLAS DE DUELO DE CHISPA S.XVIII \u3011Se usaban para los combates cuerpo a cuerpo y enfrentamieto de piratas. Disponible en 3 acabados.\" \/>\n<meta property=\"og:url\" content=\"https:\/\/kolser.com\/it\/prodotto\/set-pistolas-de-duelo-s-xviii\/\" \/>\n<meta property=\"og:site_name\" content=\"Kolser\" \/>\n<meta property=\"article:modified_time\" content=\"2024-03-10T14:35:07+00:00\" \/>\n<meta property=\"og:image\" content=\"https:\/\/kolser.com\/wp-content\/uploads\/2021\/12\/47-1107-L-VISTA.jpg\" \/>\n\t<meta property=\"og:image:width\" content=\"600\" \/>\n\t<meta property=\"og:image:height\" content=\"600\" \/>\n\t<meta property=\"og:image:type\" content=\"image\/jpeg\" \/>\n<meta name=\"twitter:card\" content=\"summary_large_image\" \/>\n<meta name=\"twitter:label1\" content=\"Tempo di lettura stimato\" \/>\n\t<meta name=\"twitter:data1\" content=\"1 minuto\" \/>\n<script type=\"application\/ld+json\" class=\"yoast-schema-graph\">{\"@context\":\"https:\\\/\\\/schema.org\",\"@graph\":[{\"@type\":\"WebPage\",\"@id\":\"https:\\\/\\\/kolser.com\\\/en\\\/product\\\/dueling-pistols-set-18th-century\\\/\",\"url\":\"https:\\\/\\\/kolser.com\\\/en\\\/product\\\/dueling-pistols-set-18th-century\\\/\",\"name\":\"SET PISTOLAS DE DUELO DE CHISPA S. XVIII. KOLSER\",\"isPartOf\":{\"@id\":\"https:\\\/\\\/kolser.com\\\/#website\"},\"primaryImageOfPage\":{\"@id\":\"https:\\\/\\\/kolser.com\\\/en\\\/product\\\/dueling-pistols-set-18th-century\\\/#primaryimage\"},\"image\":{\"@id\":\"https:\\\/\\\/kolser.com\\\/en\\\/product\\\/dueling-pistols-set-18th-century\\\/#primaryimage\"},\"thumbnailUrl\":\"https:\\\/\\\/kolser.com\\\/wp-content\\\/uploads\\\/2021\\\/12\\\/47-1107-L-VISTA.jpg\",\"datePublished\":\"2021-12-11T09:13:03+00:00\",\"dateModified\":\"2024-03-10T14:35:07+00:00\",\"description\":\"\u2705 R\u00e9plica\u3010 SET PISTOLAS DE DUELO DE CHISPA S.XVIII \u3011Se usaban para los combates cuerpo a cuerpo y enfrentamieto de piratas. Disponible en 3 acabados.\",\"breadcrumb\":{\"@id\":\"https:\\\/\\\/kolser.com\\\/en\\\/product\\\/dueling-pistols-set-18th-century\\\/#breadcrumb\"},\"inLanguage\":\"it-IT\",\"potentialAction\":[{\"@type\":\"ReadAction\",\"target\":[\"https:\\\/\\\/kolser.com\\\/en\\\/product\\\/dueling-pistols-set-18th-century\\\/\"]}]},{\"@type\":\"ImageObject\",\"inLanguage\":\"it-IT\",\"@id\":\"https:\\\/\\\/kolser.com\\\/en\\\/product\\\/dueling-pistols-set-18th-century\\\/#primaryimage\",\"url\":\"https:\\\/\\\/kolser.com\\\/wp-content\\\/uploads\\\/2021\\\/12\\\/47-1107-L-VISTA.jpg\",\"contentUrl\":\"https:\\\/\\\/kolser.com\\\/wp-content\\\/uploads\\\/2021\\\/12\\\/47-1107-L-VISTA.jpg\",\"width\":600,\"height\":600,\"caption\":\"SET PISTOLAS DE DUELO DE CHISPA S. XVIII. KOLSER\"},{\"@type\":\"BreadcrumbList\",\"@id\":\"https:\\\/\\\/kolser.com\\\/en\\\/product\\\/dueling-pistols-set-18th-century\\\/#breadcrumb\",\"itemListElement\":[{\"@type\":\"ListItem\",\"position\":1,\"name\":\"Home\",\"item\":\"https:\\\/\\\/kolser.com\\\/\"},{\"@type\":\"ListItem\",\"position\":2,\"name\":\"Cat\u00e1logo\",\"item\":\"https:\\\/\\\/kolser.com\\\/catalogo\\\/\"},{\"@type\":\"ListItem\",\"position\":3,\"name\":\"Pistolas\",\"item\":\"https:\\\/\\\/kolser.com\\\/categoria-producto\\\/pistolas\\\/\"},{\"@type\":\"ListItem\",\"position\":4,\"name\":\"Pistolas de duelo\",\"item\":\"https:\\\/\\\/kolser.com\\\/categoria-producto\\\/pistolas\\\/pistolas-de-duelo\\\/\"},{\"@type\":\"ListItem\",\"position\":5,\"name\":\"SET PISTOLAS DE DUELO DE CHISPA S. XVIII\"}]},{\"@type\":\"WebSite\",\"@id\":\"https:\\\/\\\/kolser.com\\\/#website\",\"url\":\"https:\\\/\\\/kolser.com\\\/\",\"name\":\"Kolser\",\"description\":\"\",\"publisher\":{\"@id\":\"https:\\\/\\\/kolser.com\\\/#organization\"},\"potentialAction\":[{\"@type\":\"SearchAction\",\"target\":{\"@type\":\"EntryPoint\",\"urlTemplate\":\"https:\\\/\\\/kolser.com\\\/?s={search_term_string}\"},\"query-input\":{\"@type\":\"PropertyValueSpecification\",\"valueRequired\":true,\"valueName\":\"search_term_string\"}}],\"inLanguage\":\"it-IT\"},{\"@type\":\"Organization\",\"@id\":\"https:\\\/\\\/kolser.com\\\/#organization\",\"name\":\"Kolser\",\"url\":\"https:\\\/\\\/kolser.com\\\/\",\"logo\":{\"@type\":\"ImageObject\",\"inLanguage\":\"it-IT\",\"@id\":\"https:\\\/\\\/kolser.com\\\/#\\\/schema\\\/logo\\\/image\\\/\",\"url\":\"https:\\\/\\\/kolser.com\\\/wp-content\\\/uploads\\\/2021\\\/11\\\/Logo-Cabecera.png\",\"contentUrl\":\"https:\\\/\\\/kolser.com\\\/wp-content\\\/uploads\\\/2021\\\/11\\\/Logo-Cabecera.png\",\"width\":979,\"height\":1358,\"caption\":\"Kolser\"},\"image\":{\"@id\":\"https:\\\/\\\/kolser.com\\\/#\\\/schema\\\/logo\\\/image\\\/\"}}]}<\/script>\n<!-- \/ Yoast SEO plugin. -->","yoast_head_json":{"title":"SET PISTOLAS DE DUELO DE CHISPA S. XVIII. KOLSER","description":"\u2705 R\u00e9plica\u3010 SET PISTOLAS DE DUELO DE CHISPA S.XVIII \u3011Se usaban para los combates cuerpo a cuerpo y enfrentamieto de piratas. Disponible en 3 acabados.","robots":{"index":"index","follow":"follow","max-snippet":"max-snippet:-1","max-image-preview":"max-image-preview:large","max-video-preview":"max-video-preview:-1"},"canonical":"https:\/\/kolser.com\/it\/prodotto\/set-pistolas-de-duelo-s-xviii\/","og_locale":"it_IT","og_type":"article","og_title":"SET PISTOLAS DE DUELO DE CHISPA S. XVIII. KOLSER","og_description":"\u2705 R\u00e9plica\u3010 SET PISTOLAS DE DUELO DE CHISPA S.XVIII \u3011Se usaban para los combates cuerpo a cuerpo y enfrentamieto de piratas. Disponible en 3 acabados.","og_url":"https:\/\/kolser.com\/it\/prodotto\/set-pistolas-de-duelo-s-xviii\/","og_site_name":"Kolser","article_modified_time":"2024-03-10T14:35:07+00:00","og_image":[{"width":600,"height":600,"url":"https:\/\/kolser.com\/wp-content\/uploads\/2021\/12\/47-1107-L-VISTA.jpg","type":"image\/jpeg"}],"twitter_card":"summary_large_image","twitter_misc":{"Tempo di lettura stimato":"1 minuto"},"schema":{"@context":"https:\/\/schema.org","@graph":[{"@type":"WebPage","@id":"https:\/\/kolser.com\/en\/product\/dueling-pistols-set-18th-century\/","url":"https:\/\/kolser.com\/en\/product\/dueling-pistols-set-18th-century\/","name":"SET PISTOLAS DE DUELO DE CHISPA S. XVIII. KOLSER","isPartOf":{"@id":"https:\/\/kolser.com\/#website"},"primaryImageOfPage":{"@id":"https:\/\/kolser.com\/en\/product\/dueling-pistols-set-18th-century\/#primaryimage"},"image":{"@id":"https:\/\/kolser.com\/en\/product\/dueling-pistols-set-18th-century\/#primaryimage"},"thumbnailUrl":"https:\/\/kolser.com\/wp-content\/uploads\/2021\/12\/47-1107-L-VISTA.jpg","datePublished":"2021-12-11T09:13:03+00:00","dateModified":"2024-03-10T14:35:07+00:00","description":"\u2705 R\u00e9plica\u3010 SET PISTOLAS DE DUELO DE CHISPA S.XVIII \u3011Se usaban para los combates cuerpo a cuerpo y enfrentamieto de piratas. Disponible en 3 acabados.","breadcrumb":{"@id":"https:\/\/kolser.com\/en\/product\/dueling-pistols-set-18th-century\/#breadcrumb"},"inLanguage":"it-IT","potentialAction":[{"@type":"ReadAction","target":["https:\/\/kolser.com\/en\/product\/dueling-pistols-set-18th-century\/"]}]},{"@type":"ImageObject","inLanguage":"it-IT","@id":"https:\/\/kolser.com\/en\/product\/dueling-pistols-set-18th-century\/#primaryimage","url":"https:\/\/kolser.com\/wp-content\/uploads\/2021\/12\/47-1107-L-VISTA.jpg","contentUrl":"https:\/\/kolser.com\/wp-content\/uploads\/2021\/12\/47-1107-L-VISTA.jpg","width":600,"height":600,"caption":"SET PISTOLAS DE DUELO DE CHISPA S. XVIII. KOLSER"},{"@type":"BreadcrumbList","@id":"https:\/\/kolser.com\/en\/product\/dueling-pistols-set-18th-century\/#breadcrumb","itemListElement":[{"@type":"ListItem","position":1,"name":"Home","item":"https:\/\/kolser.com\/"},{"@type":"ListItem","position":2,"name":"Cat\u00e1logo","item":"https:\/\/kolser.com\/catalogo\/"},{"@type":"ListItem","position":3,"name":"Pistolas","item":"https:\/\/kolser.com\/categoria-producto\/pistolas\/"},{"@type":"ListItem","position":4,"name":"Pistolas de duelo","item":"https:\/\/kolser.com\/categoria-producto\/pistolas\/pistolas-de-duelo\/"},{"@type":"ListItem","position":5,"name":"SET PISTOLAS DE DUELO DE CHISPA S. XVIII"}]},{"@type":"WebSite","@id":"https:\/\/kolser.com\/#website","url":"https:\/\/kolser.com\/","name":"Kolser","description":"","publisher":{"@id":"https:\/\/kolser.com\/#organization"},"potentialAction":[{"@type":"SearchAction","target":{"@type":"EntryPoint","urlTemplate":"https:\/\/kolser.com\/?s={search_term_string}"},"query-input":{"@type":"PropertyValueSpecification","valueRequired":true,"valueName":"search_term_string"}}],"inLanguage":"it-IT"},{"@type":"Organization","@id":"https:\/\/kolser.com\/#organization","name":"Kolser","url":"https:\/\/kolser.com\/","logo":{"@type":"ImageObject","inLanguage":"it-IT","@id":"https:\/\/kolser.com\/#\/schema\/logo\/image\/","url":"https:\/\/kolser.com\/wp-content\/uploads\/2021\/11\/Logo-Cabecera.png","contentUrl":"https:\/\/kolser.com\/wp-content\/uploads\/2021\/11\/Logo-Cabecera.png","width":979,"height":1358,"caption":"Kolser"},"image":{"@id":"https:\/\/kolser.com\/#\/schema\/logo\/image\/"}}]}},"_links":{"self":[{"href":"https:\/\/kolser.com\/it\/wp-json\/wp\/v2\/product\/13627","targetHints":{"allow":["GET"]}}],"collection":[{"href":"https:\/\/kolser.com\/it\/wp-json\/wp\/v2\/product"}],"about":[{"href":"https:\/\/kolser.com\/it\/wp-json\/wp\/v2\/types\/product"}],"replies":[{"embeddable":true,"href":"https:\/\/kolser.com\/it\/wp-json\/wp\/v2\/comments?post=13627"}],"wp:featuredmedia":[{"embeddable":true,"href":"https:\/\/kolser.com\/it\/wp-json\/wp\/v2\/media\/14369"}],"wp:attachment":[{"href":"https:\/\/kolser.com\/it\/wp-json\/wp\/v2\/media?parent=13627"}],"wp:term":[{"taxonomy":"product_brand","embeddable":true,"href":"https:\/\/kolser.com\/it\/wp-json\/wp\/v2\/product_brand?post=13627"},{"taxonomy":"product_cat","embeddable":true,"href":"https:\/\/kolser.com\/it\/wp-json\/wp\/v2\/product_cat?post=13627"},{"taxonomy":"product_tag","embeddable":true,"href":"https:\/\/kolser.com\/it\/wp-json\/wp\/v2\/product_tag?post=13627"},{"taxonomy":"coleccion","embeddable":true,"href":"https:\/\/kolser.com\/it\/wp-json\/wp\/v2\/coleccion?post=13627"},{"taxonomy":"proposito","embeddable":true,"href":"https:\/\/kolser.com\/it\/wp-json\/wp\/v2\/proposito?post=13627"}],"curies":[{"name":"wp","href":"https:\/\/api.w.org\/{rel}","templated":true}]}}