{"id":13605,"date":"2021-12-11T09:13:00","date_gmt":"2021-12-11T09:13:00","guid":{"rendered":"https:\/\/kolser.com\/?post_type=product&#038;p=13605"},"modified":"2024-03-10T14:38:06","modified_gmt":"2024-03-10T14:38:06","slug":"set-pistolas-joseph-kirner-1807","status":"publish","type":"product","link":"https:\/\/kolser.com\/it\/producto\/set-pistolas-joseph-kirner-1807\/","title":{"rendered":"SET DI PISTOLE DA DUELLO JOSEPH KIRNER 1807"},"content":{"rendered":"<p>Replica della pistola Joseph Kirner del 1807, fu molto popolare a partire dal regno di Luigi XV, quando la sua cattiva gestione gett\u00f2 le basi per la Rivoluzione francese.<\/p>\n<p>Kolser mantiene lo stile e la forma di quest\u2019arma a pietra focaia. Misura 32 centimetri ed \u00e8 realizzata in resina e metallo argentato.<\/p>\n<p class=\"translation-block\">Questo tipo di arma veniva utilizzato soprattutto nei duelli, come quelli al primo colpo, al primo sangue o nel famoso duello all\u2019ultimo sangue.<\/p>\n<p class=\"translation-block\">Queste armi dovevano essere un\u2019estensione del braccio di chi accettava il duello, ed era normale che le pistole francesi e belghe avessero una canna rigata per dare maggiore precisione al proiettile.<\/p>\n<p>\u00c8 uno splendido pezzo che, una volta impugnato, ti far\u00e0 sentire come quei nobili che difendevano il proprio onore a duello.<\/p>\n<p>32 cm<\/p>","protected":false},"excerpt":{"rendered":"<p>Replica de pistola Joseph Kirner 1807, fue muy popular desde el reinado de Luis XV cuando con su mal mandato, se sentaban las bases para la revoluci\u00f3n francesa. Kolser mantiene el estilo y forma de esta bella arma de chispa, su medida es de 32 cent\u00edmetros y est\u00e1 elaborada con resina y metal plateado. Este [&hellip;]<\/p>\n","protected":false},"featured_media":1447,"comment_status":"closed","ping_status":"closed","template":"","meta":[],"product_brand":[],"product_cat":[30,39],"product_tag":[],"coleccion":[],"proposito":[],"class_list":{"0":"post-13605","1":"product","2":"type-product","3":"status-publish","4":"has-post-thumbnail","6":"product_cat-pistolas","7":"product_cat-pistolas-de-duelo","9":"first","10":"instock","11":"shipping-taxable","12":"purchasable","13":"product-type-variable"},"yoast_head":"<!-- This site is optimized with the Yoast SEO plugin v27.4 - https:\/\/yoast.com\/product\/yoast-seo-wordpress\/ -->\n<title>\u25b7SET PISTOLAS JOSEPH KIRNER 1807 - Kolser<\/title>\n<meta name=\"description\" content=\"\u2705 R\u00e9plica\u3010 SET PISTOLAS JOSEPH KIRNER 1807 \u3011Fue muy popular desde el reinado de Luis XV cuando con su mal mandato. Disponible en 3 acabados.\" \/>\n<meta name=\"robots\" content=\"index, follow, max-snippet:-1, max-image-preview:large, max-video-preview:-1\" \/>\n<link rel=\"canonical\" href=\"https:\/\/kolser.com\/it\/prodotto\/set-pistolas-joseph-kirner-1807\/\" \/>\n<meta property=\"og:locale\" content=\"it_IT\" \/>\n<meta property=\"og:type\" content=\"article\" \/>\n<meta property=\"og:title\" content=\"\u25b7SET PISTOLAS JOSEPH KIRNER 1807 - Kolser\" \/>\n<meta property=\"og:description\" content=\"\u2705 R\u00e9plica\u3010 SET PISTOLAS JOSEPH KIRNER 1807 \u3011Fue muy popular desde el reinado de Luis XV cuando con su mal mandato. Disponible en 3 acabados.\" \/>\n<meta property=\"og:url\" content=\"https:\/\/kolser.com\/it\/prodotto\/set-pistolas-joseph-kirner-1807\/\" \/>\n<meta property=\"og:site_name\" content=\"Kolser\" \/>\n<meta property=\"article:modified_time\" content=\"2024-03-10T14:38:06+00:00\" \/>\n<meta property=\"og:image\" content=\"https:\/\/kolser.com\/wp-content\/uploads\/2021\/11\/KOLSER-REPLICA-PISTOLA-PIRATA-GUN-PISTOLA-FRANCESA-DE-PERCUSION-SXVIII47-1103-L.jpg\" \/>\n\t<meta property=\"og:image:width\" content=\"600\" \/>\n\t<meta property=\"og:image:height\" content=\"600\" \/>\n\t<meta property=\"og:image:type\" content=\"image\/jpeg\" \/>\n<meta name=\"twitter:card\" content=\"summary_large_image\" \/>\n<meta name=\"twitter:label1\" content=\"Tempo di lettura stimato\" \/>\n\t<meta name=\"twitter:data1\" content=\"1 minuto\" \/>\n<script type=\"application\/ld+json\" class=\"yoast-schema-graph\">{\"@context\":\"https:\\\/\\\/schema.org\",\"@graph\":[{\"@type\":\"WebPage\",\"@id\":\"https:\\\/\\\/kolser.com\\\/en\\\/product\\\/set-pistolas-joseph-kirner-1807\\\/\",\"url\":\"https:\\\/\\\/kolser.com\\\/en\\\/product\\\/set-pistolas-joseph-kirner-1807\\\/\",\"name\":\"\u25b7SET PISTOLAS JOSEPH KIRNER 1807 - Kolser\",\"isPartOf\":{\"@id\":\"https:\\\/\\\/kolser.com\\\/#website\"},\"primaryImageOfPage\":{\"@id\":\"https:\\\/\\\/kolser.com\\\/en\\\/product\\\/set-pistolas-joseph-kirner-1807\\\/#primaryimage\"},\"image\":{\"@id\":\"https:\\\/\\\/kolser.com\\\/en\\\/product\\\/set-pistolas-joseph-kirner-1807\\\/#primaryimage\"},\"thumbnailUrl\":\"https:\\\/\\\/kolser.com\\\/wp-content\\\/uploads\\\/2021\\\/11\\\/KOLSER-REPLICA-PISTOLA-PIRATA-GUN-PISTOLA-FRANCESA-DE-PERCUSION-SXVIII47-1103-L.jpg\",\"datePublished\":\"2021-12-11T09:13:00+00:00\",\"dateModified\":\"2024-03-10T14:38:06+00:00\",\"description\":\"\u2705 R\u00e9plica\u3010 SET PISTOLAS JOSEPH KIRNER 1807 \u3011Fue muy popular desde el reinado de Luis XV cuando con su mal mandato. Disponible en 3 acabados.\",\"breadcrumb\":{\"@id\":\"https:\\\/\\\/kolser.com\\\/en\\\/product\\\/set-pistolas-joseph-kirner-1807\\\/#breadcrumb\"},\"inLanguage\":\"it-IT\",\"potentialAction\":[{\"@type\":\"ReadAction\",\"target\":[\"https:\\\/\\\/kolser.com\\\/en\\\/product\\\/set-pistolas-joseph-kirner-1807\\\/\"]}]},{\"@type\":\"ImageObject\",\"inLanguage\":\"it-IT\",\"@id\":\"https:\\\/\\\/kolser.com\\\/en\\\/product\\\/set-pistolas-joseph-kirner-1807\\\/#primaryimage\",\"url\":\"https:\\\/\\\/kolser.com\\\/wp-content\\\/uploads\\\/2021\\\/11\\\/KOLSER-REPLICA-PISTOLA-PIRATA-GUN-PISTOLA-FRANCESA-DE-PERCUSION-SXVIII47-1103-L.jpg\",\"contentUrl\":\"https:\\\/\\\/kolser.com\\\/wp-content\\\/uploads\\\/2021\\\/11\\\/KOLSER-REPLICA-PISTOLA-PIRATA-GUN-PISTOLA-FRANCESA-DE-PERCUSION-SXVIII47-1103-L.jpg\",\"width\":600,\"height\":600,\"caption\":\"KOLSER SET PISTOLAS JOSEPH KIRNER 1807\"},{\"@type\":\"BreadcrumbList\",\"@id\":\"https:\\\/\\\/kolser.com\\\/en\\\/product\\\/set-pistolas-joseph-kirner-1807\\\/#breadcrumb\",\"itemListElement\":[{\"@type\":\"ListItem\",\"position\":1,\"name\":\"Home\",\"item\":\"https:\\\/\\\/kolser.com\\\/\"},{\"@type\":\"ListItem\",\"position\":2,\"name\":\"Cat\u00e1logo\",\"item\":\"https:\\\/\\\/kolser.com\\\/catalogo\\\/\"},{\"@type\":\"ListItem\",\"position\":3,\"name\":\"Pistolas\",\"item\":\"https:\\\/\\\/kolser.com\\\/categoria-producto\\\/pistolas\\\/\"},{\"@type\":\"ListItem\",\"position\":4,\"name\":\"Pistolas de duelo\",\"item\":\"https:\\\/\\\/kolser.com\\\/categoria-producto\\\/pistolas\\\/pistolas-de-duelo\\\/\"},{\"@type\":\"ListItem\",\"position\":5,\"name\":\"SET PISTOLAS JOSEPH KIRNER 1807\"}]},{\"@type\":\"WebSite\",\"@id\":\"https:\\\/\\\/kolser.com\\\/#website\",\"url\":\"https:\\\/\\\/kolser.com\\\/\",\"name\":\"Kolser\",\"description\":\"\",\"publisher\":{\"@id\":\"https:\\\/\\\/kolser.com\\\/#organization\"},\"potentialAction\":[{\"@type\":\"SearchAction\",\"target\":{\"@type\":\"EntryPoint\",\"urlTemplate\":\"https:\\\/\\\/kolser.com\\\/?s={search_term_string}\"},\"query-input\":{\"@type\":\"PropertyValueSpecification\",\"valueRequired\":true,\"valueName\":\"search_term_string\"}}],\"inLanguage\":\"it-IT\"},{\"@type\":\"Organization\",\"@id\":\"https:\\\/\\\/kolser.com\\\/#organization\",\"name\":\"Kolser\",\"url\":\"https:\\\/\\\/kolser.com\\\/\",\"logo\":{\"@type\":\"ImageObject\",\"inLanguage\":\"it-IT\",\"@id\":\"https:\\\/\\\/kolser.com\\\/#\\\/schema\\\/logo\\\/image\\\/\",\"url\":\"https:\\\/\\\/kolser.com\\\/wp-content\\\/uploads\\\/2021\\\/11\\\/Logo-Cabecera.png\",\"contentUrl\":\"https:\\\/\\\/kolser.com\\\/wp-content\\\/uploads\\\/2021\\\/11\\\/Logo-Cabecera.png\",\"width\":979,\"height\":1358,\"caption\":\"Kolser\"},\"image\":{\"@id\":\"https:\\\/\\\/kolser.com\\\/#\\\/schema\\\/logo\\\/image\\\/\"}}]}<\/script>\n<!-- \/ Yoast SEO plugin. -->","yoast_head_json":{"title":"\u25b7SET PISTOLAS JOSEPH KIRNER 1807 - Kolser","description":"\u2705 R\u00e9plica\u3010 SET PISTOLAS JOSEPH KIRNER 1807 \u3011Fue muy popular desde el reinado de Luis XV cuando con su mal mandato. Disponible en 3 acabados.","robots":{"index":"index","follow":"follow","max-snippet":"max-snippet:-1","max-image-preview":"max-image-preview:large","max-video-preview":"max-video-preview:-1"},"canonical":"https:\/\/kolser.com\/it\/prodotto\/set-pistolas-joseph-kirner-1807\/","og_locale":"it_IT","og_type":"article","og_title":"\u25b7SET PISTOLAS JOSEPH KIRNER 1807 - Kolser","og_description":"\u2705 R\u00e9plica\u3010 SET PISTOLAS JOSEPH KIRNER 1807 \u3011Fue muy popular desde el reinado de Luis XV cuando con su mal mandato. Disponible en 3 acabados.","og_url":"https:\/\/kolser.com\/it\/prodotto\/set-pistolas-joseph-kirner-1807\/","og_site_name":"Kolser","article_modified_time":"2024-03-10T14:38:06+00:00","og_image":[{"width":600,"height":600,"url":"https:\/\/kolser.com\/wp-content\/uploads\/2021\/11\/KOLSER-REPLICA-PISTOLA-PIRATA-GUN-PISTOLA-FRANCESA-DE-PERCUSION-SXVIII47-1103-L.jpg","type":"image\/jpeg"}],"twitter_card":"summary_large_image","twitter_misc":{"Tempo di lettura stimato":"1 minuto"},"schema":{"@context":"https:\/\/schema.org","@graph":[{"@type":"WebPage","@id":"https:\/\/kolser.com\/en\/product\/set-pistolas-joseph-kirner-1807\/","url":"https:\/\/kolser.com\/en\/product\/set-pistolas-joseph-kirner-1807\/","name":"\u25b7SET PISTOLAS JOSEPH KIRNER 1807 - Kolser","isPartOf":{"@id":"https:\/\/kolser.com\/#website"},"primaryImageOfPage":{"@id":"https:\/\/kolser.com\/en\/product\/set-pistolas-joseph-kirner-1807\/#primaryimage"},"image":{"@id":"https:\/\/kolser.com\/en\/product\/set-pistolas-joseph-kirner-1807\/#primaryimage"},"thumbnailUrl":"https:\/\/kolser.com\/wp-content\/uploads\/2021\/11\/KOLSER-REPLICA-PISTOLA-PIRATA-GUN-PISTOLA-FRANCESA-DE-PERCUSION-SXVIII47-1103-L.jpg","datePublished":"2021-12-11T09:13:00+00:00","dateModified":"2024-03-10T14:38:06+00:00","description":"\u2705 R\u00e9plica\u3010 SET PISTOLAS JOSEPH KIRNER 1807 \u3011Fue muy popular desde el reinado de Luis XV cuando con su mal mandato. Disponible en 3 acabados.","breadcrumb":{"@id":"https:\/\/kolser.com\/en\/product\/set-pistolas-joseph-kirner-1807\/#breadcrumb"},"inLanguage":"it-IT","potentialAction":[{"@type":"ReadAction","target":["https:\/\/kolser.com\/en\/product\/set-pistolas-joseph-kirner-1807\/"]}]},{"@type":"ImageObject","inLanguage":"it-IT","@id":"https:\/\/kolser.com\/en\/product\/set-pistolas-joseph-kirner-1807\/#primaryimage","url":"https:\/\/kolser.com\/wp-content\/uploads\/2021\/11\/KOLSER-REPLICA-PISTOLA-PIRATA-GUN-PISTOLA-FRANCESA-DE-PERCUSION-SXVIII47-1103-L.jpg","contentUrl":"https:\/\/kolser.com\/wp-content\/uploads\/2021\/11\/KOLSER-REPLICA-PISTOLA-PIRATA-GUN-PISTOLA-FRANCESA-DE-PERCUSION-SXVIII47-1103-L.jpg","width":600,"height":600,"caption":"KOLSER SET PISTOLAS JOSEPH KIRNER 1807"},{"@type":"BreadcrumbList","@id":"https:\/\/kolser.com\/en\/product\/set-pistolas-joseph-kirner-1807\/#breadcrumb","itemListElement":[{"@type":"ListItem","position":1,"name":"Home","item":"https:\/\/kolser.com\/"},{"@type":"ListItem","position":2,"name":"Cat\u00e1logo","item":"https:\/\/kolser.com\/catalogo\/"},{"@type":"ListItem","position":3,"name":"Pistolas","item":"https:\/\/kolser.com\/categoria-producto\/pistolas\/"},{"@type":"ListItem","position":4,"name":"Pistolas de duelo","item":"https:\/\/kolser.com\/categoria-producto\/pistolas\/pistolas-de-duelo\/"},{"@type":"ListItem","position":5,"name":"SET PISTOLAS JOSEPH KIRNER 1807"}]},{"@type":"WebSite","@id":"https:\/\/kolser.com\/#website","url":"https:\/\/kolser.com\/","name":"Kolser","description":"","publisher":{"@id":"https:\/\/kolser.com\/#organization"},"potentialAction":[{"@type":"SearchAction","target":{"@type":"EntryPoint","urlTemplate":"https:\/\/kolser.com\/?s={search_term_string}"},"query-input":{"@type":"PropertyValueSpecification","valueRequired":true,"valueName":"search_term_string"}}],"inLanguage":"it-IT"},{"@type":"Organization","@id":"https:\/\/kolser.com\/#organization","name":"Kolser","url":"https:\/\/kolser.com\/","logo":{"@type":"ImageObject","inLanguage":"it-IT","@id":"https:\/\/kolser.com\/#\/schema\/logo\/image\/","url":"https:\/\/kolser.com\/wp-content\/uploads\/2021\/11\/Logo-Cabecera.png","contentUrl":"https:\/\/kolser.com\/wp-content\/uploads\/2021\/11\/Logo-Cabecera.png","width":979,"height":1358,"caption":"Kolser"},"image":{"@id":"https:\/\/kolser.com\/#\/schema\/logo\/image\/"}}]}},"_links":{"self":[{"href":"https:\/\/kolser.com\/it\/wp-json\/wp\/v2\/product\/13605","targetHints":{"allow":["GET"]}}],"collection":[{"href":"https:\/\/kolser.com\/it\/wp-json\/wp\/v2\/product"}],"about":[{"href":"https:\/\/kolser.com\/it\/wp-json\/wp\/v2\/types\/product"}],"replies":[{"embeddable":true,"href":"https:\/\/kolser.com\/it\/wp-json\/wp\/v2\/comments?post=13605"}],"wp:featuredmedia":[{"embeddable":true,"href":"https:\/\/kolser.com\/it\/wp-json\/wp\/v2\/media\/1447"}],"wp:attachment":[{"href":"https:\/\/kolser.com\/it\/wp-json\/wp\/v2\/media?parent=13605"}],"wp:term":[{"taxonomy":"product_brand","embeddable":true,"href":"https:\/\/kolser.com\/it\/wp-json\/wp\/v2\/product_brand?post=13605"},{"taxonomy":"product_cat","embeddable":true,"href":"https:\/\/kolser.com\/it\/wp-json\/wp\/v2\/product_cat?post=13605"},{"taxonomy":"product_tag","embeddable":true,"href":"https:\/\/kolser.com\/it\/wp-json\/wp\/v2\/product_tag?post=13605"},{"taxonomy":"coleccion","embeddable":true,"href":"https:\/\/kolser.com\/it\/wp-json\/wp\/v2\/coleccion?post=13605"},{"taxonomy":"proposito","embeddable":true,"href":"https:\/\/kolser.com\/it\/wp-json\/wp\/v2\/proposito?post=13605"}],"curies":[{"name":"wp","href":"https:\/\/api.w.org\/{rel}","templated":true}]}}