{"id":13601,"date":"2021-12-11T09:13:00","date_gmt":"2021-12-11T09:13:00","guid":{"rendered":"https:\/\/kolser.com\/?post_type=product&#038;p=13601"},"modified":"2024-03-10T14:52:03","modified_gmt":"2024-03-10T14:52:03","slug":"trabuco-pirata-s-xviii","status":"publish","type":"product","link":"https:\/\/kolser.com\/it\/producto\/trabuco-pirata-s-xviii\/","title":{"rendered":"TROMBONE DA PIRATA DEL XVIII SECOLO"},"content":{"rendered":"<p>Questa splendida replica di un trombone da pirata del XVIII secolo \u00e8 realizzata in metallo e resina, materiali che ne garantiscono la durata nel tempo.<\/p>\n<p>Questo tipo di arma veniva caricato dalla bocca del cannone ed \u00e8 considerato il predecessore del fucile da caccia.<\/p>\n<p>A differenza di altre armi, questo trombone poteva colpire pi\u00f9 bersagli contemporaneamente, poich\u00e9 veniva spesso caricato con pallini pi\u00f9 piccoli, permettendo di sparare diversi proiettili in un solo colpo. Era molto usato nei combattimenti a corto raggio, specialmente in quelli navali.<\/p>\n<p>Misura 46 centimetri. Il grilletto e il cane sono in metallo, mentre il calciolo e il resto del corpo sono realizzati in resina di alta qualit\u00e0 effetto legno.<\/p>\n<p>46 cm<\/p>","protected":false},"excerpt":{"rendered":"<p>\u00c9sta hermosa replica de trabuco pirata del siglo XVIII, est\u00e1 elaborada con resina y metal que garantizaran su durabilidad. Este tipo de arma era cargada por la boca del ca\u00f1\u00f3n, se le puede considerar a esta arma como la predecesora de la escopeta. A diferencia de otras armas, este trabuco ten\u00eda la posibilidad de disparar [&hellip;]<\/p>\n","protected":false},"featured_media":1426,"comment_status":"closed","ping_status":"closed","template":"","meta":[],"product_brand":[],"product_cat":[30,31],"product_tag":[],"coleccion":[],"proposito":[],"class_list":{"0":"post-13601","1":"product","2":"type-product","3":"status-publish","4":"has-post-thumbnail","6":"product_cat-pistolas","7":"product_cat-pistolas-pistolas-antiguas","9":"first","10":"instock","11":"shipping-taxable","12":"purchasable","13":"product-type-variable"},"yoast_head":"<!-- This site is optimized with the Yoast SEO plugin v27.4 - https:\/\/yoast.com\/product\/yoast-seo-wordpress\/ -->\n<title>\u25b7TRABUCO PIRATA S. XVIII - Kolser<\/title>\n<meta name=\"description\" content=\"\u2705 R\u00e9plica\u3010 TRABUCO PIRATA S.XVIII \u3011Fue muy utilizada en distancias cortas en batallas navales por su efectividad. Disponible en 2 acabados.\" \/>\n<meta name=\"robots\" content=\"index, follow, max-snippet:-1, max-image-preview:large, max-video-preview:-1\" \/>\n<link rel=\"canonical\" href=\"https:\/\/kolser.com\/it\/prodotto\/trabuco-pirata-s-xviii\/\" \/>\n<meta property=\"og:locale\" content=\"it_IT\" \/>\n<meta property=\"og:type\" content=\"article\" \/>\n<meta property=\"og:title\" content=\"\u25b7TRABUCO PIRATA S. XVIII - Kolser\" \/>\n<meta property=\"og:description\" content=\"\u2705 R\u00e9plica\u3010 TRABUCO PIRATA S.XVIII \u3011Fue muy utilizada en distancias cortas en batallas navales por su efectividad. Disponible en 2 acabados.\" \/>\n<meta property=\"og:url\" content=\"https:\/\/kolser.com\/it\/prodotto\/trabuco-pirata-s-xviii\/\" \/>\n<meta property=\"og:site_name\" content=\"Kolser\" \/>\n<meta property=\"article:modified_time\" content=\"2024-03-10T14:52:03+00:00\" \/>\n<meta property=\"og:image\" content=\"https:\/\/kolser.com\/wp-content\/uploads\/2021\/11\/KOLSER-REPLICA-PISTOLA-PIRATA-GUN-TRABUCO-PIRATA-S-XVIII47-1068-L.jpg\" \/>\n\t<meta property=\"og:image:width\" content=\"600\" \/>\n\t<meta property=\"og:image:height\" content=\"600\" \/>\n\t<meta property=\"og:image:type\" content=\"image\/jpeg\" \/>\n<meta name=\"twitter:card\" content=\"summary_large_image\" \/>\n<meta name=\"twitter:label1\" content=\"Tempo di lettura stimato\" \/>\n\t<meta name=\"twitter:data1\" content=\"1 minuto\" \/>\n<script type=\"application\/ld+json\" class=\"yoast-schema-graph\">{\"@context\":\"https:\\\/\\\/schema.org\",\"@graph\":[{\"@type\":\"WebPage\",\"@id\":\"https:\\\/\\\/kolser.com\\\/producto\\\/trabuco-pirata-s-xviii\\\/\",\"url\":\"https:\\\/\\\/kolser.com\\\/producto\\\/trabuco-pirata-s-xviii\\\/\",\"name\":\"\u25b7TRABUCO PIRATA S. XVIII - Kolser\",\"isPartOf\":{\"@id\":\"https:\\\/\\\/kolser.com\\\/#website\"},\"primaryImageOfPage\":{\"@id\":\"https:\\\/\\\/kolser.com\\\/producto\\\/trabuco-pirata-s-xviii\\\/#primaryimage\"},\"image\":{\"@id\":\"https:\\\/\\\/kolser.com\\\/producto\\\/trabuco-pirata-s-xviii\\\/#primaryimage\"},\"thumbnailUrl\":\"https:\\\/\\\/kolser.com\\\/wp-content\\\/uploads\\\/2021\\\/11\\\/KOLSER-REPLICA-PISTOLA-PIRATA-GUN-TRABUCO-PIRATA-S-XVIII47-1068-L.jpg\",\"datePublished\":\"2021-12-11T09:13:00+00:00\",\"dateModified\":\"2024-03-10T14:52:03+00:00\",\"description\":\"\u2705 R\u00e9plica\u3010 TRABUCO PIRATA S.XVIII \u3011Fue muy utilizada en distancias cortas en batallas navales por su efectividad. Disponible en 2 acabados.\",\"breadcrumb\":{\"@id\":\"https:\\\/\\\/kolser.com\\\/producto\\\/trabuco-pirata-s-xviii\\\/#breadcrumb\"},\"inLanguage\":\"it-IT\",\"potentialAction\":[{\"@type\":\"ReadAction\",\"target\":[\"https:\\\/\\\/kolser.com\\\/producto\\\/trabuco-pirata-s-xviii\\\/\"]}]},{\"@type\":\"ImageObject\",\"inLanguage\":\"it-IT\",\"@id\":\"https:\\\/\\\/kolser.com\\\/producto\\\/trabuco-pirata-s-xviii\\\/#primaryimage\",\"url\":\"https:\\\/\\\/kolser.com\\\/wp-content\\\/uploads\\\/2021\\\/11\\\/KOLSER-REPLICA-PISTOLA-PIRATA-GUN-TRABUCO-PIRATA-S-XVIII47-1068-L.jpg\",\"contentUrl\":\"https:\\\/\\\/kolser.com\\\/wp-content\\\/uploads\\\/2021\\\/11\\\/KOLSER-REPLICA-PISTOLA-PIRATA-GUN-TRABUCO-PIRATA-S-XVIII47-1068-L.jpg\",\"width\":600,\"height\":600,\"caption\":\"TRABUCO PIRATA KOLSER\"},{\"@type\":\"BreadcrumbList\",\"@id\":\"https:\\\/\\\/kolser.com\\\/producto\\\/trabuco-pirata-s-xviii\\\/#breadcrumb\",\"itemListElement\":[{\"@type\":\"ListItem\",\"position\":1,\"name\":\"Home\",\"item\":\"https:\\\/\\\/kolser.com\\\/\"},{\"@type\":\"ListItem\",\"position\":2,\"name\":\"Cat\u00e1logo\",\"item\":\"https:\\\/\\\/kolser.com\\\/catalogo\\\/\"},{\"@type\":\"ListItem\",\"position\":3,\"name\":\"Pistolas\",\"item\":\"https:\\\/\\\/kolser.com\\\/categoria-producto\\\/pistolas\\\/\"},{\"@type\":\"ListItem\",\"position\":4,\"name\":\"Pistolas\",\"item\":\"https:\\\/\\\/kolser.com\\\/categoria-producto\\\/pistolas\\\/pistolas-pistolas-antiguas\\\/\"},{\"@type\":\"ListItem\",\"position\":5,\"name\":\"TRABUCO PIRATA S. XVIII\"}]},{\"@type\":\"WebSite\",\"@id\":\"https:\\\/\\\/kolser.com\\\/#website\",\"url\":\"https:\\\/\\\/kolser.com\\\/\",\"name\":\"Kolser\",\"description\":\"\",\"publisher\":{\"@id\":\"https:\\\/\\\/kolser.com\\\/#organization\"},\"potentialAction\":[{\"@type\":\"SearchAction\",\"target\":{\"@type\":\"EntryPoint\",\"urlTemplate\":\"https:\\\/\\\/kolser.com\\\/?s={search_term_string}\"},\"query-input\":{\"@type\":\"PropertyValueSpecification\",\"valueRequired\":true,\"valueName\":\"search_term_string\"}}],\"inLanguage\":\"it-IT\"},{\"@type\":\"Organization\",\"@id\":\"https:\\\/\\\/kolser.com\\\/#organization\",\"name\":\"Kolser\",\"url\":\"https:\\\/\\\/kolser.com\\\/\",\"logo\":{\"@type\":\"ImageObject\",\"inLanguage\":\"it-IT\",\"@id\":\"https:\\\/\\\/kolser.com\\\/#\\\/schema\\\/logo\\\/image\\\/\",\"url\":\"https:\\\/\\\/kolser.com\\\/wp-content\\\/uploads\\\/2021\\\/11\\\/Logo-Cabecera.png\",\"contentUrl\":\"https:\\\/\\\/kolser.com\\\/wp-content\\\/uploads\\\/2021\\\/11\\\/Logo-Cabecera.png\",\"width\":979,\"height\":1358,\"caption\":\"Kolser\"},\"image\":{\"@id\":\"https:\\\/\\\/kolser.com\\\/#\\\/schema\\\/logo\\\/image\\\/\"}}]}<\/script>\n<!-- \/ Yoast SEO plugin. -->","yoast_head_json":{"title":"\u25b7TRABUCO PIRATA S. XVIII - Kolser","description":"\u2705 R\u00e9plica\u3010 TRABUCO PIRATA S.XVIII \u3011Fue muy utilizada en distancias cortas en batallas navales por su efectividad. Disponible en 2 acabados.","robots":{"index":"index","follow":"follow","max-snippet":"max-snippet:-1","max-image-preview":"max-image-preview:large","max-video-preview":"max-video-preview:-1"},"canonical":"https:\/\/kolser.com\/it\/prodotto\/trabuco-pirata-s-xviii\/","og_locale":"it_IT","og_type":"article","og_title":"\u25b7TRABUCO PIRATA S. XVIII - Kolser","og_description":"\u2705 R\u00e9plica\u3010 TRABUCO PIRATA S.XVIII \u3011Fue muy utilizada en distancias cortas en batallas navales por su efectividad. Disponible en 2 acabados.","og_url":"https:\/\/kolser.com\/it\/prodotto\/trabuco-pirata-s-xviii\/","og_site_name":"Kolser","article_modified_time":"2024-03-10T14:52:03+00:00","og_image":[{"width":600,"height":600,"url":"https:\/\/kolser.com\/wp-content\/uploads\/2021\/11\/KOLSER-REPLICA-PISTOLA-PIRATA-GUN-TRABUCO-PIRATA-S-XVIII47-1068-L.jpg","type":"image\/jpeg"}],"twitter_card":"summary_large_image","twitter_misc":{"Tempo di lettura stimato":"1 minuto"},"schema":{"@context":"https:\/\/schema.org","@graph":[{"@type":"WebPage","@id":"https:\/\/kolser.com\/producto\/trabuco-pirata-s-xviii\/","url":"https:\/\/kolser.com\/producto\/trabuco-pirata-s-xviii\/","name":"\u25b7TRABUCO PIRATA S. XVIII - Kolser","isPartOf":{"@id":"https:\/\/kolser.com\/#website"},"primaryImageOfPage":{"@id":"https:\/\/kolser.com\/producto\/trabuco-pirata-s-xviii\/#primaryimage"},"image":{"@id":"https:\/\/kolser.com\/producto\/trabuco-pirata-s-xviii\/#primaryimage"},"thumbnailUrl":"https:\/\/kolser.com\/wp-content\/uploads\/2021\/11\/KOLSER-REPLICA-PISTOLA-PIRATA-GUN-TRABUCO-PIRATA-S-XVIII47-1068-L.jpg","datePublished":"2021-12-11T09:13:00+00:00","dateModified":"2024-03-10T14:52:03+00:00","description":"\u2705 R\u00e9plica\u3010 TRABUCO PIRATA S.XVIII \u3011Fue muy utilizada en distancias cortas en batallas navales por su efectividad. Disponible en 2 acabados.","breadcrumb":{"@id":"https:\/\/kolser.com\/producto\/trabuco-pirata-s-xviii\/#breadcrumb"},"inLanguage":"it-IT","potentialAction":[{"@type":"ReadAction","target":["https:\/\/kolser.com\/producto\/trabuco-pirata-s-xviii\/"]}]},{"@type":"ImageObject","inLanguage":"it-IT","@id":"https:\/\/kolser.com\/producto\/trabuco-pirata-s-xviii\/#primaryimage","url":"https:\/\/kolser.com\/wp-content\/uploads\/2021\/11\/KOLSER-REPLICA-PISTOLA-PIRATA-GUN-TRABUCO-PIRATA-S-XVIII47-1068-L.jpg","contentUrl":"https:\/\/kolser.com\/wp-content\/uploads\/2021\/11\/KOLSER-REPLICA-PISTOLA-PIRATA-GUN-TRABUCO-PIRATA-S-XVIII47-1068-L.jpg","width":600,"height":600,"caption":"TRABUCO PIRATA KOLSER"},{"@type":"BreadcrumbList","@id":"https:\/\/kolser.com\/producto\/trabuco-pirata-s-xviii\/#breadcrumb","itemListElement":[{"@type":"ListItem","position":1,"name":"Home","item":"https:\/\/kolser.com\/"},{"@type":"ListItem","position":2,"name":"Cat\u00e1logo","item":"https:\/\/kolser.com\/catalogo\/"},{"@type":"ListItem","position":3,"name":"Pistolas","item":"https:\/\/kolser.com\/categoria-producto\/pistolas\/"},{"@type":"ListItem","position":4,"name":"Pistolas","item":"https:\/\/kolser.com\/categoria-producto\/pistolas\/pistolas-pistolas-antiguas\/"},{"@type":"ListItem","position":5,"name":"TRABUCO PIRATA S. XVIII"}]},{"@type":"WebSite","@id":"https:\/\/kolser.com\/#website","url":"https:\/\/kolser.com\/","name":"Kolser","description":"","publisher":{"@id":"https:\/\/kolser.com\/#organization"},"potentialAction":[{"@type":"SearchAction","target":{"@type":"EntryPoint","urlTemplate":"https:\/\/kolser.com\/?s={search_term_string}"},"query-input":{"@type":"PropertyValueSpecification","valueRequired":true,"valueName":"search_term_string"}}],"inLanguage":"it-IT"},{"@type":"Organization","@id":"https:\/\/kolser.com\/#organization","name":"Kolser","url":"https:\/\/kolser.com\/","logo":{"@type":"ImageObject","inLanguage":"it-IT","@id":"https:\/\/kolser.com\/#\/schema\/logo\/image\/","url":"https:\/\/kolser.com\/wp-content\/uploads\/2021\/11\/Logo-Cabecera.png","contentUrl":"https:\/\/kolser.com\/wp-content\/uploads\/2021\/11\/Logo-Cabecera.png","width":979,"height":1358,"caption":"Kolser"},"image":{"@id":"https:\/\/kolser.com\/#\/schema\/logo\/image\/"}}]}},"_links":{"self":[{"href":"https:\/\/kolser.com\/it\/wp-json\/wp\/v2\/product\/13601","targetHints":{"allow":["GET"]}}],"collection":[{"href":"https:\/\/kolser.com\/it\/wp-json\/wp\/v2\/product"}],"about":[{"href":"https:\/\/kolser.com\/it\/wp-json\/wp\/v2\/types\/product"}],"replies":[{"embeddable":true,"href":"https:\/\/kolser.com\/it\/wp-json\/wp\/v2\/comments?post=13601"}],"wp:featuredmedia":[{"embeddable":true,"href":"https:\/\/kolser.com\/it\/wp-json\/wp\/v2\/media\/1426"}],"wp:attachment":[{"href":"https:\/\/kolser.com\/it\/wp-json\/wp\/v2\/media?parent=13601"}],"wp:term":[{"taxonomy":"product_brand","embeddable":true,"href":"https:\/\/kolser.com\/it\/wp-json\/wp\/v2\/product_brand?post=13601"},{"taxonomy":"product_cat","embeddable":true,"href":"https:\/\/kolser.com\/it\/wp-json\/wp\/v2\/product_cat?post=13601"},{"taxonomy":"product_tag","embeddable":true,"href":"https:\/\/kolser.com\/it\/wp-json\/wp\/v2\/product_tag?post=13601"},{"taxonomy":"coleccion","embeddable":true,"href":"https:\/\/kolser.com\/it\/wp-json\/wp\/v2\/coleccion?post=13601"},{"taxonomy":"proposito","embeddable":true,"href":"https:\/\/kolser.com\/it\/wp-json\/wp\/v2\/proposito?post=13601"}],"curies":[{"name":"wp","href":"https:\/\/api.w.org\/{rel}","templated":true}]}}