{"id":13598,"date":"2021-12-11T09:13:00","date_gmt":"2021-12-11T09:13:00","guid":{"rendered":"https:\/\/kolser.com\/?post_type=product&#038;p=13598"},"modified":"2024-03-10T14:49:40","modified_gmt":"2024-03-10T14:49:40","slug":"pistola-de-chispa-corta-s-xviii","status":"publish","type":"product","link":"https:\/\/kolser.com\/it\/producto\/pistola-de-chispa-corta-s-xviii\/","title":{"rendered":"PISTOLA CORTA A PIETRA FOCAIA DEL XVIII SECOLO"},"content":{"rendered":"<p class=\"translation-block\">Replica di una pistola a pietra focaia corta del XVIII secolo, questa arma decorativa firmata Kolser ci riporta all\u2019epoca in cui era tra le pi\u00f9 usate da pirati e forze coloniali. Poco efficace per via della lenta ricarica, resta un\u2019icona storica.<\/p>\n<p>\u00c9sta <a href=\"https:\/\/es.wikipedia.org\/wiki\/Llave_de_chispa\">Replica de arma antigua<\/a> est\u00e1 elaborada en resina y metal, materiales que aseguran su durabilidad y cuenta con una medida de 32 cent\u00edmetros.<\/p>\n<p>Sentiti un vero collezionista conservando questa splendida replica tra le tue mani \u2014 una bellezza storica capace di affascinare chiunque la guardi.<\/p>\n<p>32 cm<\/p>","protected":false},"excerpt":{"rendered":"<p>Replica de pistola de chispa corta del siglo XVIII, es una pistola decorativa elaborada por Kolser; que nos remonta a la \u00e9poca en la que se caracteriz\u00f3 por ser una de las armas m\u00e1s utilizadas por los piratas de la \u00e9poca y la colonia, poco efectiva debido a que solo podr\u00eda realizarse un disparo ya [&hellip;]<\/p>\n","protected":false},"featured_media":1444,"comment_status":"closed","ping_status":"closed","template":"","meta":[],"product_brand":[],"product_cat":[30,31],"product_tag":[],"coleccion":[],"proposito":[],"class_list":{"0":"post-13598","1":"product","2":"type-product","3":"status-publish","4":"has-post-thumbnail","6":"product_cat-pistolas","7":"product_cat-pistolas-pistolas-antiguas","9":"first","10":"instock","11":"shipping-taxable","12":"purchasable","13":"product-type-variable"},"yoast_head":"<!-- This site is optimized with the Yoast SEO plugin v27.4 - https:\/\/yoast.com\/product\/yoast-seo-wordpress\/ -->\n<title>\u25b7PISTOLA DE CHISPA CORTA S.XVIII - Kolser<\/title>\n<meta name=\"description\" content=\"\u2705 R\u00e9plica\u3010 PISTOLA DE CHISPA CORTA S.XVIII \u3011Muy utilizadas por piratas, corsarios y colonos en duelos y batallas. Disponible en 2 acabados.\" \/>\n<meta name=\"robots\" content=\"index, follow, max-snippet:-1, max-image-preview:large, max-video-preview:-1\" \/>\n<link rel=\"canonical\" href=\"https:\/\/kolser.com\/it\/prodotto\/pistola-de-chispa-corta-s-xviii\/\" \/>\n<meta property=\"og:locale\" content=\"it_IT\" \/>\n<meta property=\"og:type\" content=\"article\" \/>\n<meta property=\"og:title\" content=\"\u25b7PISTOLA DE CHISPA CORTA S.XVIII - Kolser\" \/>\n<meta property=\"og:description\" content=\"\u2705 R\u00e9plica\u3010 PISTOLA DE CHISPA CORTA S.XVIII \u3011Muy utilizadas por piratas, corsarios y colonos en duelos y batallas. Disponible en 2 acabados.\" \/>\n<meta property=\"og:url\" content=\"https:\/\/kolser.com\/it\/prodotto\/pistola-de-chispa-corta-s-xviii\/\" \/>\n<meta property=\"og:site_name\" content=\"Kolser\" \/>\n<meta property=\"article:modified_time\" content=\"2024-03-10T14:49:40+00:00\" \/>\n<meta property=\"og:image\" content=\"https:\/\/kolser.com\/wp-content\/uploads\/2021\/11\/KOLSER-REPLICA-PISTOLA-PIRATA-GUN-PISTOLA-DE-CHISPA-PIRATA-SXVIII-47-1053.jpg\" \/>\n\t<meta property=\"og:image:width\" content=\"600\" \/>\n\t<meta property=\"og:image:height\" content=\"600\" \/>\n\t<meta property=\"og:image:type\" content=\"image\/jpeg\" \/>\n<meta name=\"twitter:card\" content=\"summary_large_image\" \/>\n<meta name=\"twitter:label1\" content=\"Tempo di lettura stimato\" \/>\n\t<meta name=\"twitter:data1\" content=\"1 minuto\" \/>\n<script type=\"application\/ld+json\" class=\"yoast-schema-graph\">{\"@context\":\"https:\\\/\\\/schema.org\",\"@graph\":[{\"@type\":\"WebPage\",\"@id\":\"https:\\\/\\\/kolser.com\\\/producto\\\/pistola-de-chispa-corta-s-xviii\\\/\",\"url\":\"https:\\\/\\\/kolser.com\\\/producto\\\/pistola-de-chispa-corta-s-xviii\\\/\",\"name\":\"\u25b7PISTOLA DE CHISPA CORTA S.XVIII - Kolser\",\"isPartOf\":{\"@id\":\"https:\\\/\\\/kolser.com\\\/#website\"},\"primaryImageOfPage\":{\"@id\":\"https:\\\/\\\/kolser.com\\\/producto\\\/pistola-de-chispa-corta-s-xviii\\\/#primaryimage\"},\"image\":{\"@id\":\"https:\\\/\\\/kolser.com\\\/producto\\\/pistola-de-chispa-corta-s-xviii\\\/#primaryimage\"},\"thumbnailUrl\":\"https:\\\/\\\/kolser.com\\\/wp-content\\\/uploads\\\/2021\\\/11\\\/KOLSER-REPLICA-PISTOLA-PIRATA-GUN-PISTOLA-DE-CHISPA-PIRATA-SXVIII-47-1053.jpg\",\"datePublished\":\"2021-12-11T09:13:00+00:00\",\"dateModified\":\"2024-03-10T14:49:40+00:00\",\"description\":\"\u2705 R\u00e9plica\u3010 PISTOLA DE CHISPA CORTA S.XVIII \u3011Muy utilizadas por piratas, corsarios y colonos en duelos y batallas. Disponible en 2 acabados.\",\"breadcrumb\":{\"@id\":\"https:\\\/\\\/kolser.com\\\/producto\\\/pistola-de-chispa-corta-s-xviii\\\/#breadcrumb\"},\"inLanguage\":\"it-IT\",\"potentialAction\":[{\"@type\":\"ReadAction\",\"target\":[\"https:\\\/\\\/kolser.com\\\/producto\\\/pistola-de-chispa-corta-s-xviii\\\/\"]}]},{\"@type\":\"ImageObject\",\"inLanguage\":\"it-IT\",\"@id\":\"https:\\\/\\\/kolser.com\\\/producto\\\/pistola-de-chispa-corta-s-xviii\\\/#primaryimage\",\"url\":\"https:\\\/\\\/kolser.com\\\/wp-content\\\/uploads\\\/2021\\\/11\\\/KOLSER-REPLICA-PISTOLA-PIRATA-GUN-PISTOLA-DE-CHISPA-PIRATA-SXVIII-47-1053.jpg\",\"contentUrl\":\"https:\\\/\\\/kolser.com\\\/wp-content\\\/uploads\\\/2021\\\/11\\\/KOLSER-REPLICA-PISTOLA-PIRATA-GUN-PISTOLA-DE-CHISPA-PIRATA-SXVIII-47-1053.jpg\",\"width\":600,\"height\":600,\"caption\":\"Vista lateral derecha de r\u00e9plica de set de pistolas de duelo inglesas de chispa, con cuerpo de madera metal plateado con elementos decorativos.\"},{\"@type\":\"BreadcrumbList\",\"@id\":\"https:\\\/\\\/kolser.com\\\/producto\\\/pistola-de-chispa-corta-s-xviii\\\/#breadcrumb\",\"itemListElement\":[{\"@type\":\"ListItem\",\"position\":1,\"name\":\"Home\",\"item\":\"https:\\\/\\\/kolser.com\\\/\"},{\"@type\":\"ListItem\",\"position\":2,\"name\":\"Cat\u00e1logo\",\"item\":\"https:\\\/\\\/kolser.com\\\/catalogo\\\/\"},{\"@type\":\"ListItem\",\"position\":3,\"name\":\"Pistolas\",\"item\":\"https:\\\/\\\/kolser.com\\\/categoria-producto\\\/pistolas\\\/\"},{\"@type\":\"ListItem\",\"position\":4,\"name\":\"Pistolas\",\"item\":\"https:\\\/\\\/kolser.com\\\/categoria-producto\\\/pistolas\\\/pistolas-pistolas-antiguas\\\/\"},{\"@type\":\"ListItem\",\"position\":5,\"name\":\"PISTOLA DE CHISPA CORTA S.XVIII\"}]},{\"@type\":\"WebSite\",\"@id\":\"https:\\\/\\\/kolser.com\\\/#website\",\"url\":\"https:\\\/\\\/kolser.com\\\/\",\"name\":\"Kolser\",\"description\":\"\",\"publisher\":{\"@id\":\"https:\\\/\\\/kolser.com\\\/#organization\"},\"potentialAction\":[{\"@type\":\"SearchAction\",\"target\":{\"@type\":\"EntryPoint\",\"urlTemplate\":\"https:\\\/\\\/kolser.com\\\/?s={search_term_string}\"},\"query-input\":{\"@type\":\"PropertyValueSpecification\",\"valueRequired\":true,\"valueName\":\"search_term_string\"}}],\"inLanguage\":\"it-IT\"},{\"@type\":\"Organization\",\"@id\":\"https:\\\/\\\/kolser.com\\\/#organization\",\"name\":\"Kolser\",\"url\":\"https:\\\/\\\/kolser.com\\\/\",\"logo\":{\"@type\":\"ImageObject\",\"inLanguage\":\"it-IT\",\"@id\":\"https:\\\/\\\/kolser.com\\\/#\\\/schema\\\/logo\\\/image\\\/\",\"url\":\"https:\\\/\\\/kolser.com\\\/wp-content\\\/uploads\\\/2021\\\/11\\\/Logo-Cabecera.png\",\"contentUrl\":\"https:\\\/\\\/kolser.com\\\/wp-content\\\/uploads\\\/2021\\\/11\\\/Logo-Cabecera.png\",\"width\":979,\"height\":1358,\"caption\":\"Kolser\"},\"image\":{\"@id\":\"https:\\\/\\\/kolser.com\\\/#\\\/schema\\\/logo\\\/image\\\/\"}}]}<\/script>\n<!-- \/ Yoast SEO plugin. -->","yoast_head_json":{"title":"\u25b7PISTOLA DE CHISPA CORTA S.XVIII - Kolser","description":"\u2705 R\u00e9plica\u3010 PISTOLA DE CHISPA CORTA S.XVIII \u3011Muy utilizadas por piratas, corsarios y colonos en duelos y batallas. Disponible en 2 acabados.","robots":{"index":"index","follow":"follow","max-snippet":"max-snippet:-1","max-image-preview":"max-image-preview:large","max-video-preview":"max-video-preview:-1"},"canonical":"https:\/\/kolser.com\/it\/prodotto\/pistola-de-chispa-corta-s-xviii\/","og_locale":"it_IT","og_type":"article","og_title":"\u25b7PISTOLA DE CHISPA CORTA S.XVIII - Kolser","og_description":"\u2705 R\u00e9plica\u3010 PISTOLA DE CHISPA CORTA S.XVIII \u3011Muy utilizadas por piratas, corsarios y colonos en duelos y batallas. Disponible en 2 acabados.","og_url":"https:\/\/kolser.com\/it\/prodotto\/pistola-de-chispa-corta-s-xviii\/","og_site_name":"Kolser","article_modified_time":"2024-03-10T14:49:40+00:00","og_image":[{"width":600,"height":600,"url":"https:\/\/kolser.com\/wp-content\/uploads\/2021\/11\/KOLSER-REPLICA-PISTOLA-PIRATA-GUN-PISTOLA-DE-CHISPA-PIRATA-SXVIII-47-1053.jpg","type":"image\/jpeg"}],"twitter_card":"summary_large_image","twitter_misc":{"Tempo di lettura stimato":"1 minuto"},"schema":{"@context":"https:\/\/schema.org","@graph":[{"@type":"WebPage","@id":"https:\/\/kolser.com\/producto\/pistola-de-chispa-corta-s-xviii\/","url":"https:\/\/kolser.com\/producto\/pistola-de-chispa-corta-s-xviii\/","name":"\u25b7PISTOLA DE CHISPA CORTA S.XVIII - Kolser","isPartOf":{"@id":"https:\/\/kolser.com\/#website"},"primaryImageOfPage":{"@id":"https:\/\/kolser.com\/producto\/pistola-de-chispa-corta-s-xviii\/#primaryimage"},"image":{"@id":"https:\/\/kolser.com\/producto\/pistola-de-chispa-corta-s-xviii\/#primaryimage"},"thumbnailUrl":"https:\/\/kolser.com\/wp-content\/uploads\/2021\/11\/KOLSER-REPLICA-PISTOLA-PIRATA-GUN-PISTOLA-DE-CHISPA-PIRATA-SXVIII-47-1053.jpg","datePublished":"2021-12-11T09:13:00+00:00","dateModified":"2024-03-10T14:49:40+00:00","description":"\u2705 R\u00e9plica\u3010 PISTOLA DE CHISPA CORTA S.XVIII \u3011Muy utilizadas por piratas, corsarios y colonos en duelos y batallas. Disponible en 2 acabados.","breadcrumb":{"@id":"https:\/\/kolser.com\/producto\/pistola-de-chispa-corta-s-xviii\/#breadcrumb"},"inLanguage":"it-IT","potentialAction":[{"@type":"ReadAction","target":["https:\/\/kolser.com\/producto\/pistola-de-chispa-corta-s-xviii\/"]}]},{"@type":"ImageObject","inLanguage":"it-IT","@id":"https:\/\/kolser.com\/producto\/pistola-de-chispa-corta-s-xviii\/#primaryimage","url":"https:\/\/kolser.com\/wp-content\/uploads\/2021\/11\/KOLSER-REPLICA-PISTOLA-PIRATA-GUN-PISTOLA-DE-CHISPA-PIRATA-SXVIII-47-1053.jpg","contentUrl":"https:\/\/kolser.com\/wp-content\/uploads\/2021\/11\/KOLSER-REPLICA-PISTOLA-PIRATA-GUN-PISTOLA-DE-CHISPA-PIRATA-SXVIII-47-1053.jpg","width":600,"height":600,"caption":"Vista lateral derecha de r\u00e9plica de set de pistolas de duelo inglesas de chispa, con cuerpo de madera metal plateado con elementos decorativos."},{"@type":"BreadcrumbList","@id":"https:\/\/kolser.com\/producto\/pistola-de-chispa-corta-s-xviii\/#breadcrumb","itemListElement":[{"@type":"ListItem","position":1,"name":"Home","item":"https:\/\/kolser.com\/"},{"@type":"ListItem","position":2,"name":"Cat\u00e1logo","item":"https:\/\/kolser.com\/catalogo\/"},{"@type":"ListItem","position":3,"name":"Pistolas","item":"https:\/\/kolser.com\/categoria-producto\/pistolas\/"},{"@type":"ListItem","position":4,"name":"Pistolas","item":"https:\/\/kolser.com\/categoria-producto\/pistolas\/pistolas-pistolas-antiguas\/"},{"@type":"ListItem","position":5,"name":"PISTOLA DE CHISPA CORTA S.XVIII"}]},{"@type":"WebSite","@id":"https:\/\/kolser.com\/#website","url":"https:\/\/kolser.com\/","name":"Kolser","description":"","publisher":{"@id":"https:\/\/kolser.com\/#organization"},"potentialAction":[{"@type":"SearchAction","target":{"@type":"EntryPoint","urlTemplate":"https:\/\/kolser.com\/?s={search_term_string}"},"query-input":{"@type":"PropertyValueSpecification","valueRequired":true,"valueName":"search_term_string"}}],"inLanguage":"it-IT"},{"@type":"Organization","@id":"https:\/\/kolser.com\/#organization","name":"Kolser","url":"https:\/\/kolser.com\/","logo":{"@type":"ImageObject","inLanguage":"it-IT","@id":"https:\/\/kolser.com\/#\/schema\/logo\/image\/","url":"https:\/\/kolser.com\/wp-content\/uploads\/2021\/11\/Logo-Cabecera.png","contentUrl":"https:\/\/kolser.com\/wp-content\/uploads\/2021\/11\/Logo-Cabecera.png","width":979,"height":1358,"caption":"Kolser"},"image":{"@id":"https:\/\/kolser.com\/#\/schema\/logo\/image\/"}}]}},"_links":{"self":[{"href":"https:\/\/kolser.com\/it\/wp-json\/wp\/v2\/product\/13598","targetHints":{"allow":["GET"]}}],"collection":[{"href":"https:\/\/kolser.com\/it\/wp-json\/wp\/v2\/product"}],"about":[{"href":"https:\/\/kolser.com\/it\/wp-json\/wp\/v2\/types\/product"}],"replies":[{"embeddable":true,"href":"https:\/\/kolser.com\/it\/wp-json\/wp\/v2\/comments?post=13598"}],"wp:featuredmedia":[{"embeddable":true,"href":"https:\/\/kolser.com\/it\/wp-json\/wp\/v2\/media\/1444"}],"wp:attachment":[{"href":"https:\/\/kolser.com\/it\/wp-json\/wp\/v2\/media?parent=13598"}],"wp:term":[{"taxonomy":"product_brand","embeddable":true,"href":"https:\/\/kolser.com\/it\/wp-json\/wp\/v2\/product_brand?post=13598"},{"taxonomy":"product_cat","embeddable":true,"href":"https:\/\/kolser.com\/it\/wp-json\/wp\/v2\/product_cat?post=13598"},{"taxonomy":"product_tag","embeddable":true,"href":"https:\/\/kolser.com\/it\/wp-json\/wp\/v2\/product_tag?post=13598"},{"taxonomy":"coleccion","embeddable":true,"href":"https:\/\/kolser.com\/it\/wp-json\/wp\/v2\/coleccion?post=13598"},{"taxonomy":"proposito","embeddable":true,"href":"https:\/\/kolser.com\/it\/wp-json\/wp\/v2\/proposito?post=13598"}],"curies":[{"name":"wp","href":"https:\/\/api.w.org\/{rel}","templated":true}]}}