{"id":13597,"date":"2021-12-11T09:13:00","date_gmt":"2021-12-11T09:13:00","guid":{"rendered":"https:\/\/kolser.com\/?post_type=product&#038;p=13597"},"modified":"2024-03-10T14:50:57","modified_gmt":"2024-03-10T14:50:57","slug":"pistola-inglesa-s-xviii","status":"publish","type":"product","link":"https:\/\/kolser.com\/it\/producto\/pistola-inglesa-s-xviii\/","title":{"rendered":"PISTOLA INGLESE DEL XVIII SECOLO"},"content":{"rendered":"<p class=\"translation-block\">Perfetta per ogni collezionista \u2014 questa replica di pistola inglese del XVIII secolo garantisce durata e realismo grazie all\u2019affidabilit\u00e0 di Kolser, che cura ogni dettaglio per renderla fedele all\u2019originale<\/p>\n<p class=\"translation-block\">Questa splendida replica di un\u2019arma a <strong>pietra focaia del XVIII secolo<\/strong> misura 38 cm ed \u00e8 realizzata in resina e metallo. Kolser gioca con rifiniture dorate e argentate per un effetto unico: perfino il cane presenta un\u2019incisione originale.<\/p>\n<p>Ha una lunga e sottile volata dorata, in tinta con il grilletto.<\/p>\n<p>Il cane \u00e8 realizzato in metallo argentato.<\/p>\n<p>38 cm<\/p>","protected":false},"excerpt":{"rendered":"<p>Perfecta para ser coleccionada, esa replica de pistola inglesa del siglo XVIII, asegura su durabilidad pues tiene el respaldo de Kolser, quien mantiene especial cuidado en sus detalles haci\u00e9ndola tan similar como la original. Esta bella replica de arma con mecanismo de chispa del siglo XVIII tiene 38 cent\u00edmetros de largo y \u00e9sta elaborada con [&hellip;]<\/p>\n","protected":false},"featured_media":14424,"comment_status":"closed","ping_status":"closed","template":"","meta":[],"product_brand":[],"product_cat":[30,31],"product_tag":[],"coleccion":[],"proposito":[],"class_list":{"0":"post-13597","1":"product","2":"type-product","3":"status-publish","4":"has-post-thumbnail","6":"product_cat-pistolas","7":"product_cat-pistolas-pistolas-antiguas","9":"first","10":"instock","11":"shipping-taxable","12":"purchasable","13":"product-type-variable"},"yoast_head":"<!-- This site is optimized with the Yoast SEO plugin v27.4 - https:\/\/yoast.com\/product\/yoast-seo-wordpress\/ -->\n<title>\u25b7PISTOLA INGLESA S.XVIII - Kolser<\/title>\n<meta name=\"description\" content=\"\u2705 R\u00e9plica\u3010 PISTOLA INGLESA S.XVIII \u3011Se utiliz\u00f3 como arma de duelos de la \u00e9poca. Hace 38 cm de largo. Disponible en 2 acabados.\" \/>\n<meta name=\"robots\" content=\"index, follow, max-snippet:-1, max-image-preview:large, max-video-preview:-1\" \/>\n<link rel=\"canonical\" href=\"https:\/\/kolser.com\/it\/prodotto\/pistola-inglesa-s-xviii\/\" \/>\n<meta property=\"og:locale\" content=\"it_IT\" \/>\n<meta property=\"og:type\" content=\"article\" \/>\n<meta property=\"og:title\" content=\"\u25b7PISTOLA INGLESA S.XVIII - Kolser\" \/>\n<meta property=\"og:description\" content=\"\u2705 R\u00e9plica\u3010 PISTOLA INGLESA S.XVIII \u3011Se utiliz\u00f3 como arma de duelos de la \u00e9poca. Hace 38 cm de largo. Disponible en 2 acabados.\" \/>\n<meta property=\"og:url\" content=\"https:\/\/kolser.com\/it\/prodotto\/pistola-inglesa-s-xviii\/\" \/>\n<meta property=\"og:site_name\" content=\"Kolser\" \/>\n<meta property=\"article:modified_time\" content=\"2024-03-10T14:50:57+00:00\" \/>\n<meta property=\"og:image\" content=\"https:\/\/kolser.com\/wp-content\/uploads\/2021\/12\/KOLSER-REPLICA-PISTOLA-PIRATA-GUN-PISTOLA-DE-CHISPA-PIRATA-S.XVIII_.-47-1052.jpg\" \/>\n\t<meta property=\"og:image:width\" content=\"600\" \/>\n\t<meta property=\"og:image:height\" content=\"600\" \/>\n\t<meta property=\"og:image:type\" content=\"image\/jpeg\" \/>\n<meta name=\"twitter:card\" content=\"summary_large_image\" \/>\n<meta name=\"twitter:label1\" content=\"Tempo di lettura stimato\" \/>\n\t<meta name=\"twitter:data1\" content=\"1 minuto\" \/>\n<script type=\"application\/ld+json\" class=\"yoast-schema-graph\">{\"@context\":\"https:\\\/\\\/schema.org\",\"@graph\":[{\"@type\":\"WebPage\",\"@id\":\"https:\\\/\\\/kolser.com\\\/en\\\/product\\\/18th-century-english-pistol\\\/\",\"url\":\"https:\\\/\\\/kolser.com\\\/en\\\/product\\\/18th-century-english-pistol\\\/\",\"name\":\"\u25b7PISTOLA INGLESA S.XVIII - Kolser\",\"isPartOf\":{\"@id\":\"https:\\\/\\\/kolser.com\\\/#website\"},\"primaryImageOfPage\":{\"@id\":\"https:\\\/\\\/kolser.com\\\/en\\\/product\\\/18th-century-english-pistol\\\/#primaryimage\"},\"image\":{\"@id\":\"https:\\\/\\\/kolser.com\\\/en\\\/product\\\/18th-century-english-pistol\\\/#primaryimage\"},\"thumbnailUrl\":\"https:\\\/\\\/kolser.com\\\/wp-content\\\/uploads\\\/2021\\\/12\\\/KOLSER-REPLICA-PISTOLA-PIRATA-GUN-PISTOLA-DE-CHISPA-PIRATA-S.XVIII_.-47-1052.jpg\",\"datePublished\":\"2021-12-11T09:13:00+00:00\",\"dateModified\":\"2024-03-10T14:50:57+00:00\",\"description\":\"\u2705 R\u00e9plica\u3010 PISTOLA INGLESA S.XVIII \u3011Se utiliz\u00f3 como arma de duelos de la \u00e9poca. Hace 38 cm de largo. Disponible en 2 acabados.\",\"breadcrumb\":{\"@id\":\"https:\\\/\\\/kolser.com\\\/en\\\/product\\\/18th-century-english-pistol\\\/#breadcrumb\"},\"inLanguage\":\"it-IT\",\"potentialAction\":[{\"@type\":\"ReadAction\",\"target\":[\"https:\\\/\\\/kolser.com\\\/en\\\/product\\\/18th-century-english-pistol\\\/\"]}]},{\"@type\":\"ImageObject\",\"inLanguage\":\"it-IT\",\"@id\":\"https:\\\/\\\/kolser.com\\\/en\\\/product\\\/18th-century-english-pistol\\\/#primaryimage\",\"url\":\"https:\\\/\\\/kolser.com\\\/wp-content\\\/uploads\\\/2021\\\/12\\\/KOLSER-REPLICA-PISTOLA-PIRATA-GUN-PISTOLA-DE-CHISPA-PIRATA-S.XVIII_.-47-1052.jpg\",\"contentUrl\":\"https:\\\/\\\/kolser.com\\\/wp-content\\\/uploads\\\/2021\\\/12\\\/KOLSER-REPLICA-PISTOLA-PIRATA-GUN-PISTOLA-DE-CHISPA-PIRATA-S.XVIII_.-47-1052.jpg\",\"width\":600,\"height\":600,\"caption\":\"pistola inglesa Kolser\"},{\"@type\":\"BreadcrumbList\",\"@id\":\"https:\\\/\\\/kolser.com\\\/en\\\/product\\\/18th-century-english-pistol\\\/#breadcrumb\",\"itemListElement\":[{\"@type\":\"ListItem\",\"position\":1,\"name\":\"Home\",\"item\":\"https:\\\/\\\/kolser.com\\\/\"},{\"@type\":\"ListItem\",\"position\":2,\"name\":\"Cat\u00e1logo\",\"item\":\"https:\\\/\\\/kolser.com\\\/catalogo\\\/\"},{\"@type\":\"ListItem\",\"position\":3,\"name\":\"Pistolas\",\"item\":\"https:\\\/\\\/kolser.com\\\/categoria-producto\\\/pistolas\\\/\"},{\"@type\":\"ListItem\",\"position\":4,\"name\":\"Pistolas\",\"item\":\"https:\\\/\\\/kolser.com\\\/categoria-producto\\\/pistolas\\\/pistolas-pistolas-antiguas\\\/\"},{\"@type\":\"ListItem\",\"position\":5,\"name\":\"PISTOLA INGLESA S.XVIII\"}]},{\"@type\":\"WebSite\",\"@id\":\"https:\\\/\\\/kolser.com\\\/#website\",\"url\":\"https:\\\/\\\/kolser.com\\\/\",\"name\":\"Kolser\",\"description\":\"\",\"publisher\":{\"@id\":\"https:\\\/\\\/kolser.com\\\/#organization\"},\"potentialAction\":[{\"@type\":\"SearchAction\",\"target\":{\"@type\":\"EntryPoint\",\"urlTemplate\":\"https:\\\/\\\/kolser.com\\\/?s={search_term_string}\"},\"query-input\":{\"@type\":\"PropertyValueSpecification\",\"valueRequired\":true,\"valueName\":\"search_term_string\"}}],\"inLanguage\":\"it-IT\"},{\"@type\":\"Organization\",\"@id\":\"https:\\\/\\\/kolser.com\\\/#organization\",\"name\":\"Kolser\",\"url\":\"https:\\\/\\\/kolser.com\\\/\",\"logo\":{\"@type\":\"ImageObject\",\"inLanguage\":\"it-IT\",\"@id\":\"https:\\\/\\\/kolser.com\\\/#\\\/schema\\\/logo\\\/image\\\/\",\"url\":\"https:\\\/\\\/kolser.com\\\/wp-content\\\/uploads\\\/2021\\\/11\\\/Logo-Cabecera.png\",\"contentUrl\":\"https:\\\/\\\/kolser.com\\\/wp-content\\\/uploads\\\/2021\\\/11\\\/Logo-Cabecera.png\",\"width\":979,\"height\":1358,\"caption\":\"Kolser\"},\"image\":{\"@id\":\"https:\\\/\\\/kolser.com\\\/#\\\/schema\\\/logo\\\/image\\\/\"}}]}<\/script>\n<!-- \/ Yoast SEO plugin. -->","yoast_head_json":{"title":"\u25b7PISTOLA INGLESA S.XVIII - Kolser","description":"\u2705 R\u00e9plica\u3010 PISTOLA INGLESA S.XVIII \u3011Se utiliz\u00f3 como arma de duelos de la \u00e9poca. Hace 38 cm de largo. Disponible en 2 acabados.","robots":{"index":"index","follow":"follow","max-snippet":"max-snippet:-1","max-image-preview":"max-image-preview:large","max-video-preview":"max-video-preview:-1"},"canonical":"https:\/\/kolser.com\/it\/prodotto\/pistola-inglesa-s-xviii\/","og_locale":"it_IT","og_type":"article","og_title":"\u25b7PISTOLA INGLESA S.XVIII - Kolser","og_description":"\u2705 R\u00e9plica\u3010 PISTOLA INGLESA S.XVIII \u3011Se utiliz\u00f3 como arma de duelos de la \u00e9poca. Hace 38 cm de largo. Disponible en 2 acabados.","og_url":"https:\/\/kolser.com\/it\/prodotto\/pistola-inglesa-s-xviii\/","og_site_name":"Kolser","article_modified_time":"2024-03-10T14:50:57+00:00","og_image":[{"width":600,"height":600,"url":"https:\/\/kolser.com\/wp-content\/uploads\/2021\/12\/KOLSER-REPLICA-PISTOLA-PIRATA-GUN-PISTOLA-DE-CHISPA-PIRATA-S.XVIII_.-47-1052.jpg","type":"image\/jpeg"}],"twitter_card":"summary_large_image","twitter_misc":{"Tempo di lettura stimato":"1 minuto"},"schema":{"@context":"https:\/\/schema.org","@graph":[{"@type":"WebPage","@id":"https:\/\/kolser.com\/en\/product\/18th-century-english-pistol\/","url":"https:\/\/kolser.com\/en\/product\/18th-century-english-pistol\/","name":"\u25b7PISTOLA INGLESA S.XVIII - Kolser","isPartOf":{"@id":"https:\/\/kolser.com\/#website"},"primaryImageOfPage":{"@id":"https:\/\/kolser.com\/en\/product\/18th-century-english-pistol\/#primaryimage"},"image":{"@id":"https:\/\/kolser.com\/en\/product\/18th-century-english-pistol\/#primaryimage"},"thumbnailUrl":"https:\/\/kolser.com\/wp-content\/uploads\/2021\/12\/KOLSER-REPLICA-PISTOLA-PIRATA-GUN-PISTOLA-DE-CHISPA-PIRATA-S.XVIII_.-47-1052.jpg","datePublished":"2021-12-11T09:13:00+00:00","dateModified":"2024-03-10T14:50:57+00:00","description":"\u2705 R\u00e9plica\u3010 PISTOLA INGLESA S.XVIII \u3011Se utiliz\u00f3 como arma de duelos de la \u00e9poca. Hace 38 cm de largo. Disponible en 2 acabados.","breadcrumb":{"@id":"https:\/\/kolser.com\/en\/product\/18th-century-english-pistol\/#breadcrumb"},"inLanguage":"it-IT","potentialAction":[{"@type":"ReadAction","target":["https:\/\/kolser.com\/en\/product\/18th-century-english-pistol\/"]}]},{"@type":"ImageObject","inLanguage":"it-IT","@id":"https:\/\/kolser.com\/en\/product\/18th-century-english-pistol\/#primaryimage","url":"https:\/\/kolser.com\/wp-content\/uploads\/2021\/12\/KOLSER-REPLICA-PISTOLA-PIRATA-GUN-PISTOLA-DE-CHISPA-PIRATA-S.XVIII_.-47-1052.jpg","contentUrl":"https:\/\/kolser.com\/wp-content\/uploads\/2021\/12\/KOLSER-REPLICA-PISTOLA-PIRATA-GUN-PISTOLA-DE-CHISPA-PIRATA-S.XVIII_.-47-1052.jpg","width":600,"height":600,"caption":"pistola inglesa Kolser"},{"@type":"BreadcrumbList","@id":"https:\/\/kolser.com\/en\/product\/18th-century-english-pistol\/#breadcrumb","itemListElement":[{"@type":"ListItem","position":1,"name":"Home","item":"https:\/\/kolser.com\/"},{"@type":"ListItem","position":2,"name":"Cat\u00e1logo","item":"https:\/\/kolser.com\/catalogo\/"},{"@type":"ListItem","position":3,"name":"Pistolas","item":"https:\/\/kolser.com\/categoria-producto\/pistolas\/"},{"@type":"ListItem","position":4,"name":"Pistolas","item":"https:\/\/kolser.com\/categoria-producto\/pistolas\/pistolas-pistolas-antiguas\/"},{"@type":"ListItem","position":5,"name":"PISTOLA INGLESA S.XVIII"}]},{"@type":"WebSite","@id":"https:\/\/kolser.com\/#website","url":"https:\/\/kolser.com\/","name":"Kolser","description":"","publisher":{"@id":"https:\/\/kolser.com\/#organization"},"potentialAction":[{"@type":"SearchAction","target":{"@type":"EntryPoint","urlTemplate":"https:\/\/kolser.com\/?s={search_term_string}"},"query-input":{"@type":"PropertyValueSpecification","valueRequired":true,"valueName":"search_term_string"}}],"inLanguage":"it-IT"},{"@type":"Organization","@id":"https:\/\/kolser.com\/#organization","name":"Kolser","url":"https:\/\/kolser.com\/","logo":{"@type":"ImageObject","inLanguage":"it-IT","@id":"https:\/\/kolser.com\/#\/schema\/logo\/image\/","url":"https:\/\/kolser.com\/wp-content\/uploads\/2021\/11\/Logo-Cabecera.png","contentUrl":"https:\/\/kolser.com\/wp-content\/uploads\/2021\/11\/Logo-Cabecera.png","width":979,"height":1358,"caption":"Kolser"},"image":{"@id":"https:\/\/kolser.com\/#\/schema\/logo\/image\/"}}]}},"_links":{"self":[{"href":"https:\/\/kolser.com\/it\/wp-json\/wp\/v2\/product\/13597","targetHints":{"allow":["GET"]}}],"collection":[{"href":"https:\/\/kolser.com\/it\/wp-json\/wp\/v2\/product"}],"about":[{"href":"https:\/\/kolser.com\/it\/wp-json\/wp\/v2\/types\/product"}],"replies":[{"embeddable":true,"href":"https:\/\/kolser.com\/it\/wp-json\/wp\/v2\/comments?post=13597"}],"wp:featuredmedia":[{"embeddable":true,"href":"https:\/\/kolser.com\/it\/wp-json\/wp\/v2\/media\/14424"}],"wp:attachment":[{"href":"https:\/\/kolser.com\/it\/wp-json\/wp\/v2\/media?parent=13597"}],"wp:term":[{"taxonomy":"product_brand","embeddable":true,"href":"https:\/\/kolser.com\/it\/wp-json\/wp\/v2\/product_brand?post=13597"},{"taxonomy":"product_cat","embeddable":true,"href":"https:\/\/kolser.com\/it\/wp-json\/wp\/v2\/product_cat?post=13597"},{"taxonomy":"product_tag","embeddable":true,"href":"https:\/\/kolser.com\/it\/wp-json\/wp\/v2\/product_tag?post=13597"},{"taxonomy":"coleccion","embeddable":true,"href":"https:\/\/kolser.com\/it\/wp-json\/wp\/v2\/coleccion?post=13597"},{"taxonomy":"proposito","embeddable":true,"href":"https:\/\/kolser.com\/it\/wp-json\/wp\/v2\/proposito?post=13597"}],"curies":[{"name":"wp","href":"https:\/\/api.w.org\/{rel}","templated":true}]}}