{"id":13535,"date":"2021-12-11T09:12:55","date_gmt":"2021-12-11T09:12:55","guid":{"rendered":"https:\/\/kolser.com\/producto\/katar-punal-hindu\/"},"modified":"2025-07-25T11:13:43","modified_gmt":"2025-07-25T09:13:43","slug":"katar-punal-hindu","status":"publish","type":"product","link":"https:\/\/kolser.com\/it\/producto\/katar-punal-hindu\/","title":{"rendered":"KATAR \u2013 PUGNALE INDIANO"},"content":{"rendered":"<p>46,5X11 cm<\/p>","protected":false},"excerpt":{"rendered":"<p>Il katar \u00e8 uno dei pugnali pi\u00f9 iconici dell\u2019India medievale, riconoscibile per la sua lama larga e l\u2019impugnatura trasversale a forma di \u201cH\u201d, progettata per colpi diretti e potenti. Kolser omaggia quest\u2019arma tradizionale con una replica di 46,5 x 11 cm, interamente realizzata in metallo e arricchita da dettagli decorativi ispirati all\u2019arte indiana. Un pezzo esotico e affascinante, ideale per collezionisti e appassionati di armi orientali.<\/p>","protected":false},"featured_media":14461,"comment_status":"closed","ping_status":"closed","template":"","meta":[],"product_brand":[],"product_cat":[33],"product_tag":[],"coleccion":[],"proposito":[],"class_list":{"0":"post-13535","1":"product","2":"type-product","3":"status-publish","4":"has-post-thumbnail","6":"product_cat-dagas-y-punales","8":"first","9":"instock","10":"shipping-taxable","11":"purchasable","12":"product-type-simple"},"yoast_head":"<!-- This site is optimized with the Yoast SEO plugin v27.4 - https:\/\/yoast.com\/product\/yoast-seo-wordpress\/ -->\n<title>\u25b7KATAR PU\u00d1AL HINDU - Kolser<\/title>\n<meta name=\"description\" content=\"\u2705 R\u00e9plica\u3010 KATAR PU\u00d1AL IND\u00da \u3011Persia nos deja con este hermoso Katar en la historia, pu\u00f1al hind\u00fa de hoja ancha y empu\u00f1adura de forma de H.\" \/>\n<meta name=\"robots\" content=\"index, follow, max-snippet:-1, max-image-preview:large, max-video-preview:-1\" \/>\n<link rel=\"canonical\" href=\"https:\/\/kolser.com\/it\/prodotto\/katar-punal-hindu\/\" \/>\n<meta property=\"og:locale\" content=\"it_IT\" \/>\n<meta property=\"og:type\" content=\"article\" \/>\n<meta property=\"og:title\" content=\"\u25b7KATAR PU\u00d1AL HINDU - Kolser\" \/>\n<meta property=\"og:description\" content=\"\u2705 R\u00e9plica\u3010 KATAR PU\u00d1AL IND\u00da \u3011Persia nos deja con este hermoso Katar en la historia, pu\u00f1al hind\u00fa de hoja ancha y empu\u00f1adura de forma de H.\" \/>\n<meta property=\"og:url\" content=\"https:\/\/kolser.com\/it\/prodotto\/katar-punal-hindu\/\" \/>\n<meta property=\"og:site_name\" content=\"Kolser\" \/>\n<meta property=\"article:modified_time\" content=\"2025-07-25T09:13:43+00:00\" \/>\n<meta property=\"og:image\" content=\"https:\/\/kolser.com\/wp-content\/uploads\/2021\/12\/48-273.jpg\" \/>\n\t<meta property=\"og:image:width\" content=\"600\" \/>\n\t<meta property=\"og:image:height\" content=\"600\" \/>\n\t<meta property=\"og:image:type\" content=\"image\/jpeg\" \/>\n<meta name=\"twitter:card\" content=\"summary_large_image\" \/>\n<meta name=\"twitter:label1\" content=\"Tempo di lettura stimato\" \/>\n\t<meta name=\"twitter:data1\" content=\"1 minuto\" \/>\n<script type=\"application\/ld+json\" class=\"yoast-schema-graph\">{\"@context\":\"https:\\\/\\\/schema.org\",\"@graph\":[{\"@type\":\"WebPage\",\"@id\":\"https:\\\/\\\/kolser.com\\\/producto\\\/katar-punal-hindu\\\/\",\"url\":\"https:\\\/\\\/kolser.com\\\/producto\\\/katar-punal-hindu\\\/\",\"name\":\"\u25b7KATAR PU\u00d1AL HINDU - Kolser\",\"isPartOf\":{\"@id\":\"https:\\\/\\\/kolser.com\\\/#website\"},\"primaryImageOfPage\":{\"@id\":\"https:\\\/\\\/kolser.com\\\/producto\\\/katar-punal-hindu\\\/#primaryimage\"},\"image\":{\"@id\":\"https:\\\/\\\/kolser.com\\\/producto\\\/katar-punal-hindu\\\/#primaryimage\"},\"thumbnailUrl\":\"https:\\\/\\\/kolser.com\\\/wp-content\\\/uploads\\\/2021\\\/12\\\/48-273.jpg\",\"datePublished\":\"2021-12-11T09:12:55+00:00\",\"dateModified\":\"2025-07-25T09:13:43+00:00\",\"description\":\"\u2705 R\u00e9plica\u3010 KATAR PU\u00d1AL IND\u00da \u3011Persia nos deja con este hermoso Katar en la historia, pu\u00f1al hind\u00fa de hoja ancha y empu\u00f1adura de forma de H.\",\"breadcrumb\":{\"@id\":\"https:\\\/\\\/kolser.com\\\/producto\\\/katar-punal-hindu\\\/#breadcrumb\"},\"inLanguage\":\"it-IT\",\"potentialAction\":[{\"@type\":\"ReadAction\",\"target\":[\"https:\\\/\\\/kolser.com\\\/producto\\\/katar-punal-hindu\\\/\"]}]},{\"@type\":\"ImageObject\",\"inLanguage\":\"it-IT\",\"@id\":\"https:\\\/\\\/kolser.com\\\/producto\\\/katar-punal-hindu\\\/#primaryimage\",\"url\":\"https:\\\/\\\/kolser.com\\\/wp-content\\\/uploads\\\/2021\\\/12\\\/48-273.jpg\",\"contentUrl\":\"https:\\\/\\\/kolser.com\\\/wp-content\\\/uploads\\\/2021\\\/12\\\/48-273.jpg\",\"width\":600,\"height\":600,\"caption\":\"R\u00e9plica de katar indu de 44 cm con empu\u00f1adura de agarre doble y hoja plateada ornamentada\"},{\"@type\":\"BreadcrumbList\",\"@id\":\"https:\\\/\\\/kolser.com\\\/producto\\\/katar-punal-hindu\\\/#breadcrumb\",\"itemListElement\":[{\"@type\":\"ListItem\",\"position\":1,\"name\":\"Home\",\"item\":\"https:\\\/\\\/kolser.com\\\/\"},{\"@type\":\"ListItem\",\"position\":2,\"name\":\"Cat\u00e1logo\",\"item\":\"https:\\\/\\\/kolser.com\\\/catalogo\\\/\"},{\"@type\":\"ListItem\",\"position\":3,\"name\":\"Dagas y pu\u00f1ales\",\"item\":\"https:\\\/\\\/kolser.com\\\/categoria-producto\\\/dagas-y-punales\\\/\"},{\"@type\":\"ListItem\",\"position\":4,\"name\":\"KATAR PU\u00d1AL HINDU\"}]},{\"@type\":\"WebSite\",\"@id\":\"https:\\\/\\\/kolser.com\\\/#website\",\"url\":\"https:\\\/\\\/kolser.com\\\/\",\"name\":\"Kolser\",\"description\":\"\",\"publisher\":{\"@id\":\"https:\\\/\\\/kolser.com\\\/#organization\"},\"potentialAction\":[{\"@type\":\"SearchAction\",\"target\":{\"@type\":\"EntryPoint\",\"urlTemplate\":\"https:\\\/\\\/kolser.com\\\/?s={search_term_string}\"},\"query-input\":{\"@type\":\"PropertyValueSpecification\",\"valueRequired\":true,\"valueName\":\"search_term_string\"}}],\"inLanguage\":\"it-IT\"},{\"@type\":\"Organization\",\"@id\":\"https:\\\/\\\/kolser.com\\\/#organization\",\"name\":\"Kolser\",\"url\":\"https:\\\/\\\/kolser.com\\\/\",\"logo\":{\"@type\":\"ImageObject\",\"inLanguage\":\"it-IT\",\"@id\":\"https:\\\/\\\/kolser.com\\\/#\\\/schema\\\/logo\\\/image\\\/\",\"url\":\"https:\\\/\\\/kolser.com\\\/wp-content\\\/uploads\\\/2021\\\/11\\\/Logo-Cabecera.png\",\"contentUrl\":\"https:\\\/\\\/kolser.com\\\/wp-content\\\/uploads\\\/2021\\\/11\\\/Logo-Cabecera.png\",\"width\":979,\"height\":1358,\"caption\":\"Kolser\"},\"image\":{\"@id\":\"https:\\\/\\\/kolser.com\\\/#\\\/schema\\\/logo\\\/image\\\/\"}}]}<\/script>\n<!-- \/ Yoast SEO plugin. -->","yoast_head_json":{"title":"\u25b7KATAR PU\u00d1AL HINDU - Kolser","description":"\u2705 R\u00e9plica\u3010 KATAR PU\u00d1AL IND\u00da \u3011Persia nos deja con este hermoso Katar en la historia, pu\u00f1al hind\u00fa de hoja ancha y empu\u00f1adura de forma de H.","robots":{"index":"index","follow":"follow","max-snippet":"max-snippet:-1","max-image-preview":"max-image-preview:large","max-video-preview":"max-video-preview:-1"},"canonical":"https:\/\/kolser.com\/it\/prodotto\/katar-punal-hindu\/","og_locale":"it_IT","og_type":"article","og_title":"\u25b7KATAR PU\u00d1AL HINDU - Kolser","og_description":"\u2705 R\u00e9plica\u3010 KATAR PU\u00d1AL IND\u00da \u3011Persia nos deja con este hermoso Katar en la historia, pu\u00f1al hind\u00fa de hoja ancha y empu\u00f1adura de forma de H.","og_url":"https:\/\/kolser.com\/it\/prodotto\/katar-punal-hindu\/","og_site_name":"Kolser","article_modified_time":"2025-07-25T09:13:43+00:00","og_image":[{"width":600,"height":600,"url":"https:\/\/kolser.com\/wp-content\/uploads\/2021\/12\/48-273.jpg","type":"image\/jpeg"}],"twitter_card":"summary_large_image","twitter_misc":{"Tempo di lettura stimato":"1 minuto"},"schema":{"@context":"https:\/\/schema.org","@graph":[{"@type":"WebPage","@id":"https:\/\/kolser.com\/producto\/katar-punal-hindu\/","url":"https:\/\/kolser.com\/producto\/katar-punal-hindu\/","name":"\u25b7KATAR PU\u00d1AL HINDU - Kolser","isPartOf":{"@id":"https:\/\/kolser.com\/#website"},"primaryImageOfPage":{"@id":"https:\/\/kolser.com\/producto\/katar-punal-hindu\/#primaryimage"},"image":{"@id":"https:\/\/kolser.com\/producto\/katar-punal-hindu\/#primaryimage"},"thumbnailUrl":"https:\/\/kolser.com\/wp-content\/uploads\/2021\/12\/48-273.jpg","datePublished":"2021-12-11T09:12:55+00:00","dateModified":"2025-07-25T09:13:43+00:00","description":"\u2705 R\u00e9plica\u3010 KATAR PU\u00d1AL IND\u00da \u3011Persia nos deja con este hermoso Katar en la historia, pu\u00f1al hind\u00fa de hoja ancha y empu\u00f1adura de forma de H.","breadcrumb":{"@id":"https:\/\/kolser.com\/producto\/katar-punal-hindu\/#breadcrumb"},"inLanguage":"it-IT","potentialAction":[{"@type":"ReadAction","target":["https:\/\/kolser.com\/producto\/katar-punal-hindu\/"]}]},{"@type":"ImageObject","inLanguage":"it-IT","@id":"https:\/\/kolser.com\/producto\/katar-punal-hindu\/#primaryimage","url":"https:\/\/kolser.com\/wp-content\/uploads\/2021\/12\/48-273.jpg","contentUrl":"https:\/\/kolser.com\/wp-content\/uploads\/2021\/12\/48-273.jpg","width":600,"height":600,"caption":"R\u00e9plica de katar indu de 44 cm con empu\u00f1adura de agarre doble y hoja plateada ornamentada"},{"@type":"BreadcrumbList","@id":"https:\/\/kolser.com\/producto\/katar-punal-hindu\/#breadcrumb","itemListElement":[{"@type":"ListItem","position":1,"name":"Home","item":"https:\/\/kolser.com\/"},{"@type":"ListItem","position":2,"name":"Cat\u00e1logo","item":"https:\/\/kolser.com\/catalogo\/"},{"@type":"ListItem","position":3,"name":"Dagas y pu\u00f1ales","item":"https:\/\/kolser.com\/categoria-producto\/dagas-y-punales\/"},{"@type":"ListItem","position":4,"name":"KATAR PU\u00d1AL HINDU"}]},{"@type":"WebSite","@id":"https:\/\/kolser.com\/#website","url":"https:\/\/kolser.com\/","name":"Kolser","description":"","publisher":{"@id":"https:\/\/kolser.com\/#organization"},"potentialAction":[{"@type":"SearchAction","target":{"@type":"EntryPoint","urlTemplate":"https:\/\/kolser.com\/?s={search_term_string}"},"query-input":{"@type":"PropertyValueSpecification","valueRequired":true,"valueName":"search_term_string"}}],"inLanguage":"it-IT"},{"@type":"Organization","@id":"https:\/\/kolser.com\/#organization","name":"Kolser","url":"https:\/\/kolser.com\/","logo":{"@type":"ImageObject","inLanguage":"it-IT","@id":"https:\/\/kolser.com\/#\/schema\/logo\/image\/","url":"https:\/\/kolser.com\/wp-content\/uploads\/2021\/11\/Logo-Cabecera.png","contentUrl":"https:\/\/kolser.com\/wp-content\/uploads\/2021\/11\/Logo-Cabecera.png","width":979,"height":1358,"caption":"Kolser"},"image":{"@id":"https:\/\/kolser.com\/#\/schema\/logo\/image\/"}}]}},"_links":{"self":[{"href":"https:\/\/kolser.com\/it\/wp-json\/wp\/v2\/product\/13535","targetHints":{"allow":["GET"]}}],"collection":[{"href":"https:\/\/kolser.com\/it\/wp-json\/wp\/v2\/product"}],"about":[{"href":"https:\/\/kolser.com\/it\/wp-json\/wp\/v2\/types\/product"}],"replies":[{"embeddable":true,"href":"https:\/\/kolser.com\/it\/wp-json\/wp\/v2\/comments?post=13535"}],"wp:featuredmedia":[{"embeddable":true,"href":"https:\/\/kolser.com\/it\/wp-json\/wp\/v2\/media\/14461"}],"wp:attachment":[{"href":"https:\/\/kolser.com\/it\/wp-json\/wp\/v2\/media?parent=13535"}],"wp:term":[{"taxonomy":"product_brand","embeddable":true,"href":"https:\/\/kolser.com\/it\/wp-json\/wp\/v2\/product_brand?post=13535"},{"taxonomy":"product_cat","embeddable":true,"href":"https:\/\/kolser.com\/it\/wp-json\/wp\/v2\/product_cat?post=13535"},{"taxonomy":"product_tag","embeddable":true,"href":"https:\/\/kolser.com\/it\/wp-json\/wp\/v2\/product_tag?post=13535"},{"taxonomy":"coleccion","embeddable":true,"href":"https:\/\/kolser.com\/it\/wp-json\/wp\/v2\/coleccion?post=13535"},{"taxonomy":"proposito","embeddable":true,"href":"https:\/\/kolser.com\/it\/wp-json\/wp\/v2\/proposito?post=13535"}],"curies":[{"name":"wp","href":"https:\/\/api.w.org\/{rel}","templated":true}]}}