{"id":180,"date":"2021-11-22T15:06:24","date_gmt":"2021-11-22T15:06:24","guid":{"rendered":"https:\/\/kolser.com\/politica-de-cookies\/"},"modified":"2025-06-30T13:59:38","modified_gmt":"2025-06-30T11:59:38","slug":"politica-de-cookies","status":"publish","type":"page","link":"https:\/\/kolser.com\/it\/politica-de-cookies\/","title":{"rendered":"Politica sui cookies"},"content":{"rendered":"<h2 class=\"wp-block-heading\">Cosa sono i cookie?<\/h2>\n\n\n\n<p>In inglese, il termine \u00abcookie\u00bb significa biscotto, ma nel contesto della navigazione web un \u00abcookie\u00bb \u00e8 qualcosa di completamente diverso. Quando accede al nostro sito web, nel browser del suo dispositivo viene memorizzata una piccola quantit\u00e0 di testo chiamata \u00abcookie\u00bb. Questo testo contiene diverse informazioni sulla sua navigazione, abitudini, preferenze, personalizzazioni dei contenuti, ecc.<\/p>\n\n\n\n<p>Esistono altre tecnologie che funzionano in modo simile e che vengono utilizzate anche per raccogliere dati sulla sua attivit\u00e0 di navigazione. Ci riferiremo a tutte queste tecnologie nel loro insieme come \u00abcookie\u00bb.<\/p>\n\n\n\n<p>Gli usi specifici che facciamo di queste tecnologie sono descritti nel presente documento.<\/p>\n\n\n\n<h2 class=\"wp-block-heading\">A cosa servono i cookie su questo sito web?<\/h2>\n\n\n\n<p>I cookie sono una parte essenziale del funzionamento del sito web. Lo scopo principale dei nostri cookie \u00e8 migliorare la sua esperienza di navigazione. Ad esempio, per ricordare le sue preferenze (lingua, paese, ecc.) durante la navigazione e nelle visite future. Le informazioni raccolte nei cookie ci permettono inoltre di migliorare il sito, adattarlo ai suoi interessi come utente, velocizzare le sue ricerche, ecc.<\/p>\n\n\n\n<p>In alcuni casi, se abbiamo ottenuto il suo previo consenso informato, potremo utilizzare i cookie per altri scopi, come ottenere informazioni che ci permettano di mostrarle pubblicit\u00e0 basata sull\u2019analisi delle sue abitudini di navigazione.<\/p>\n\n\n\n<h2 class=\"wp-block-heading\">A cosa NON servono i cookie su questo sito web?<\/h2>\n\n\n\n<p>I cookie che utilizziamo non memorizzano informazioni sensibili di identificazione personale come il suo nome, indirizzo, password, ecc.<\/p>\n\n\n\n<h2 class=\"wp-block-heading\">Chi utilizza le informazioni memorizzate nei cookie?<\/h2>\n\n\n\n<p>Le informazioni memorizzate nei cookie del nostro sito web sono utilizzate esclusivamente da noi, ad eccezione di quelle identificate di seguito come \u00abcookie di terze parti\u00bb, che sono utilizzate e gestite da entit\u00e0 esterne che ci forniscono servizi volti a migliorare l\u2019esperienza dell\u2019utente. Ad esempio, le statistiche raccolte sul numero di visite, i contenuti pi\u00f9 apprezzati, ecc. sono generalmente gestite da Google Analytics.<\/p>\n\n\n\n<p>I cookie di terze parti sono inoltre spesso utilizzati per garantire le operazioni di pagamento effettuate tramite il sito web.<\/p>\n\n\n\n<h2 class=\"wp-block-heading\">Come pu\u00f2 evitare l\u2019uso dei cookie su questo sito web?<\/h2>\n\n\n\n<p>Se preferisce evitare l\u2019uso dei cookie, pu\u00f2 RIFIUTARNE l\u2019uso oppure CONFIGURARE quelli che desidera bloccare e quelli che consente di utilizzare (in questo documento forniamo informazioni dettagliate su ciascun tipo di cookie, la sua finalit\u00e0, il destinatario, la durata, ecc.).<\/p>\n\n\n\n<p>Se li ha accettati, non le chiederemo nuovamente il consenso a meno che non elimini i cookie dal suo dispositivo come indicato nella sezione seguente. Se desidera revocare il consenso, dovr\u00e0 eliminare i cookie e configurarli nuovamente.<\/p>\n\n\n\n<h2 class=\"wp-block-heading\">Come disabilitare ed eliminare l\u2019utilizzo dei cookie?<\/h2>\n\n\n\n<p>Per limitare, bloccare o eliminare i cookie di questo sito web (e quelli utilizzati da terze parti), pu\u00f2 farlo in qualsiasi momento modificando le impostazioni del suo browser. Tenga presente che questa configurazione \u00e8 diversa a seconda del browser utilizzato.<\/p>\n\n\n\n<p>Nei seguenti link trover\u00e0 le istruzioni per abilitare o disabilitare i cookie nei browser pi\u00f9 comuni:<\/p>\n\n\n\n<ul class=\"wp-block-list\">\n<li><a href=\"http:\/\/support.mozilla.org\/es\/kb\/habilitar-y-deshabilitar-cookies-que-los-sitios-we\" target=\"_blank\" rel=\"noreferrer noopener\">Firefox<\/a><\/li>\n\n\n\n<li><a href=\"https:\/\/support.google.com\/chrome\/answer\/95647?hl=es\" target=\"_blank\" rel=\"noreferrer noopener\">Google Chrome<\/a><\/li>\n\n\n\n<li><a href=\"https:\/\/support.microsoft.com\/es-es\/help\/17442\/windows-internet-explorer-delete-manage-cookies#ie=%22ie-10\" target=\"_blank\" rel=\"noreferrer noopener\">Internet Explorer<\/a><\/li>\n\n\n\n<li><a href=\"https:\/\/support.microsoft.com\/es-es\/help\/4468242\/microsoft-edge-browsing-data-and-privacy\" target=\"_blank\" rel=\"noreferrer noopener\">Microsoft Edge<\/a><\/li>\n\n\n\n<li><a href=\"http:\/\/support.apple.com\/kb\/HT1677?viewlocale=es_ES\" target=\"_blank\" rel=\"noreferrer noopener\">Safari<\/a><\/li>\n<\/ul>\n\n\n\n<h2 class=\"wp-block-heading\">Quali tipi di cookie vengono utilizzati su questo sito web?<\/h2>\n\n\n\n<p>Ogni sito web utilizza i propri cookie. Sul nostro sito utilizziamo i seguenti:<\/p>\n\n\n\n<p><strong>IN BASE ALL\u2019ENTIT\u00c0 CHE LI GESTISCE<\/strong><\/p>\n\n\n\n<p><strong>Cookie propri:<\/strong><\/p>\n\n\n\n<p>Sono quelli inviati al dispositivo dell\u2019utente da un computer o dominio gestito dall\u2019editore stesso e dal quale viene fornito il servizio richiesto dall\u2019utente.<\/p>\n\n\n\n<p><strong>Cookie di terze parti:<\/strong><\/p>\n\n\n\n<p>Sono quelli inviati al dispositivo dell\u2019utente da un computer o dominio non gestito dall\u2019editore, ma da un\u2019altra entit\u00e0 che tratta i dati ottenuti tramite i cookie.<\/p>\n\n\n\n<p>Se i cookie vengono inviati da un computer o dominio gestito dall\u2019editore, ma le informazioni raccolte vengono gestite da un terzo per proprie finalit\u00e0 (ad esempio miglioramento dei servizi o fornitura di servizi pubblicitari per altre entit\u00e0), non possono essere considerati cookie propri.<\/p>\n\n\n\n<p><strong>IN BASE ALLA FINALIT\u00c0<\/strong><\/p>\n\n\n\n<p><strong>Cookie tecnici:<\/strong><\/p>\n\n\n\n<p>Necessari per la navigazione e il corretto funzionamento del nostro sito web, ad esempio controllare il traffico e la comunicazione dei dati, identificare la sessione, accedere alle aree riservate, ricordare gli elementi di un ordine, effettuare il processo di acquisto, gestire il pagamento, controllare le frodi legate alla sicurezza del servizio, iscriversi o partecipare a eventi, contare le visite ai fini della fatturazione delle licenze del software, utilizzare elementi di sicurezza durante la navigazione, memorizzare contenuti per la diffusione di video o audio, abilitare contenuti dinamici (ad esempio animazioni di caricamento di testo o immagini).<\/p>\n\n\n\n<p><strong>Cookie di analisi:<\/strong><\/p>\n\n\n\n<p>Permettono di quantificare il numero degli utenti e cos\u00ec realizzare la misurazione e l\u2019analisi statistica dell\u2019utilizzo del sito, al fine di migliorare l\u2019offerta di prodotti o servizi.<\/p>\n\n\n\n<p><strong>Cookie di preferenze o personalizzazione:<\/strong><\/p>\n\n\n\n<p>Permettono di memorizzare informazioni per consentire all\u2019utente di accedere al servizio con determinate caratteristiche che differenziano la sua esperienza da quella di altri utenti, come la lingua, il numero dei risultati da mostrare in una ricerca, l\u2019aspetto o il contenuto del servizio in base al tipo di browser o alla regione di accesso.<\/p>\n\n\n\n<p><strong>IN BASE ALLA DURATA<\/strong><\/p>\n\n\n\n<p><strong>Cookie di sessione:<\/strong><\/p>\n\n\n\n<p>Progettati per raccogliere e memorizzare dati durante l\u2019accesso al sito.<\/p>\n\n\n\n<p>Di solito vengono utilizzati per memorizzare informazioni che interessano solo per un servizio richiesto una sola volta (ad esempio un elenco di prodotti acquistati) e scompaiono al termine della sessione.<\/p>\n\n\n\n<p><strong>Cookie persistenti:<\/strong><\/p>\n\n\n\n<p>Conservano i dati sul dispositivo e possono essere consultati e trattati per un periodo definito dal responsabile del cookie, che pu\u00f2 variare da pochi minuti a diversi anni. L\u2019uso dei cookie persistenti dovrebbe essere valutato attentamente poich\u00e9 i rischi per la privacy potrebbero essere ridotti mediante l\u2019uso dei cookie di sessione. L\u2019opinione 4\/2012 del WP29 ha indicato che per essere esente dal consenso, la durata del cookie deve essere collegata alla sua finalit\u00e0; per questo motivo, i cookie di sessione sono pi\u00f9 facilmente esenti rispetto ai cookie persistenti.<\/p>","protected":false},"excerpt":{"rendered":"<p>\u00bfQu\u00e9 son las cookies? En ingl\u00e9s, el t\u00e9rmino \u00abcookie\u00bb significa galleta, pero en el \u00e1mbito de la navegaci\u00f3n web, una \u00abcookie\u00bb es algo completamente distinto. Cuando accede a nuestro Sitio Web, en el navegador de su dispositivo se almacena una peque\u00f1a cantidad de texto que se denomina \u00abcookie\u00bb. Este texto contiene informaci\u00f3n variada sobre su [&hellip;]<\/p>\n","protected":false},"author":1,"featured_media":0,"parent":0,"menu_order":0,"comment_status":"closed","ping_status":"closed","template":"","meta":{"footnotes":""},"class_list":["post-180","page","type-page","status-publish","hentry"],"yoast_head":"<!-- This site is optimized with the Yoast SEO plugin v27.1.1 - https:\/\/yoast.com\/product\/yoast-seo-wordpress\/ -->\n<title>Pol\u00edtica de Cookies | R\u00e9plicas de Armas de Calidad - Kolser<\/title>\n<meta name=\"robots\" content=\"noindex, follow\" \/>\n<meta property=\"og:locale\" content=\"it_IT\" \/>\n<meta property=\"og:type\" content=\"article\" \/>\n<meta property=\"og:title\" content=\"Pol\u00edtica de Cookies | R\u00e9plicas de Armas de Calidad - Kolser\" \/>\n<meta property=\"og:description\" content=\"\u00bfQu\u00e9 son las cookies? En ingl\u00e9s, el t\u00e9rmino \u00abcookie\u00bb significa galleta, pero en el \u00e1mbito de la navegaci\u00f3n web, una \u00abcookie\u00bb es algo completamente distinto. Cuando accede a nuestro Sitio Web, en el navegador de su dispositivo se almacena una peque\u00f1a cantidad de texto que se denomina \u00abcookie\u00bb. Este texto contiene informaci\u00f3n variada sobre su [&hellip;]\" \/>\n<meta property=\"og:url\" content=\"https:\/\/kolser.com\/it\/politica-de-cookies\/\" \/>\n<meta property=\"og:site_name\" content=\"Kolser\" \/>\n<meta property=\"article:modified_time\" content=\"2025-06-30T11:59:38+00:00\" \/>\n<meta name=\"twitter:card\" content=\"summary_large_image\" \/>\n<meta name=\"twitter:label1\" content=\"Tempo di lettura stimato\" \/>\n\t<meta name=\"twitter:data1\" content=\"6 minuti\" \/>\n<script type=\"application\/ld+json\" class=\"yoast-schema-graph\">{\"@context\":\"https:\/\/schema.org\",\"@graph\":[{\"@type\":\"WebPage\",\"@id\":\"https:\/\/kolser.com\/politica-de-cookies\/\",\"url\":\"https:\/\/kolser.com\/politica-de-cookies\/\",\"name\":\"Pol\u00edtica de Cookies | R\u00e9plicas de Armas de Calidad - Kolser\",\"isPartOf\":{\"@id\":\"https:\/\/kolser.com\/#website\"},\"datePublished\":\"2021-11-22T15:06:24+00:00\",\"dateModified\":\"2025-06-30T11:59:38+00:00\",\"breadcrumb\":{\"@id\":\"https:\/\/kolser.com\/politica-de-cookies\/#breadcrumb\"},\"inLanguage\":\"it-IT\",\"potentialAction\":[{\"@type\":\"ReadAction\",\"target\":[\"https:\/\/kolser.com\/politica-de-cookies\/\"]}]},{\"@type\":\"BreadcrumbList\",\"@id\":\"https:\/\/kolser.com\/politica-de-cookies\/#breadcrumb\",\"itemListElement\":[{\"@type\":\"ListItem\",\"position\":1,\"name\":\"Home\",\"item\":\"https:\/\/kolser.com\/\"},{\"@type\":\"ListItem\",\"position\":2,\"name\":\"Pol\u00edtica de Cookies\"}]},{\"@type\":\"WebSite\",\"@id\":\"https:\/\/kolser.com\/#website\",\"url\":\"https:\/\/kolser.com\/\",\"name\":\"Kolser\",\"description\":\"\",\"publisher\":{\"@id\":\"https:\/\/kolser.com\/#organization\"},\"potentialAction\":[{\"@type\":\"SearchAction\",\"target\":{\"@type\":\"EntryPoint\",\"urlTemplate\":\"https:\/\/kolser.com\/?s={search_term_string}\"},\"query-input\":{\"@type\":\"PropertyValueSpecification\",\"valueRequired\":true,\"valueName\":\"search_term_string\"}}],\"inLanguage\":\"it-IT\"},{\"@type\":\"Organization\",\"@id\":\"https:\/\/kolser.com\/#organization\",\"name\":\"Kolser\",\"url\":\"https:\/\/kolser.com\/\",\"logo\":{\"@type\":\"ImageObject\",\"inLanguage\":\"it-IT\",\"@id\":\"https:\/\/kolser.com\/#\/schema\/logo\/image\/\",\"url\":\"https:\/\/kolser.com\/wp-content\/uploads\/2021\/11\/Logo-Cabecera.png\",\"contentUrl\":\"https:\/\/kolser.com\/wp-content\/uploads\/2021\/11\/Logo-Cabecera.png\",\"width\":979,\"height\":1358,\"caption\":\"Kolser\"},\"image\":{\"@id\":\"https:\/\/kolser.com\/#\/schema\/logo\/image\/\"}}]}<\/script>\n<!-- \/ Yoast SEO plugin. -->","yoast_head_json":{"title":"Pol\u00edtica de Cookies | R\u00e9plicas de Armas de Calidad - Kolser","robots":{"index":"noindex","follow":"follow"},"og_locale":"it_IT","og_type":"article","og_title":"Pol\u00edtica de Cookies | R\u00e9plicas de Armas de Calidad - Kolser","og_description":"\u00bfQu\u00e9 son las cookies? En ingl\u00e9s, el t\u00e9rmino \u00abcookie\u00bb significa galleta, pero en el \u00e1mbito de la navegaci\u00f3n web, una \u00abcookie\u00bb es algo completamente distinto. Cuando accede a nuestro Sitio Web, en el navegador de su dispositivo se almacena una peque\u00f1a cantidad de texto que se denomina \u00abcookie\u00bb. Este texto contiene informaci\u00f3n variada sobre su [&hellip;]","og_url":"https:\/\/kolser.com\/it\/politica-de-cookies\/","og_site_name":"Kolser","article_modified_time":"2025-06-30T11:59:38+00:00","twitter_card":"summary_large_image","twitter_misc":{"Tempo di lettura stimato":"6 minuti"},"schema":{"@context":"https:\/\/schema.org","@graph":[{"@type":"WebPage","@id":"https:\/\/kolser.com\/politica-de-cookies\/","url":"https:\/\/kolser.com\/politica-de-cookies\/","name":"Pol\u00edtica de Cookies | R\u00e9plicas de Armas de Calidad - Kolser","isPartOf":{"@id":"https:\/\/kolser.com\/#website"},"datePublished":"2021-11-22T15:06:24+00:00","dateModified":"2025-06-30T11:59:38+00:00","breadcrumb":{"@id":"https:\/\/kolser.com\/politica-de-cookies\/#breadcrumb"},"inLanguage":"it-IT","potentialAction":[{"@type":"ReadAction","target":["https:\/\/kolser.com\/politica-de-cookies\/"]}]},{"@type":"BreadcrumbList","@id":"https:\/\/kolser.com\/politica-de-cookies\/#breadcrumb","itemListElement":[{"@type":"ListItem","position":1,"name":"Home","item":"https:\/\/kolser.com\/"},{"@type":"ListItem","position":2,"name":"Pol\u00edtica de Cookies"}]},{"@type":"WebSite","@id":"https:\/\/kolser.com\/#website","url":"https:\/\/kolser.com\/","name":"Kolser","description":"","publisher":{"@id":"https:\/\/kolser.com\/#organization"},"potentialAction":[{"@type":"SearchAction","target":{"@type":"EntryPoint","urlTemplate":"https:\/\/kolser.com\/?s={search_term_string}"},"query-input":{"@type":"PropertyValueSpecification","valueRequired":true,"valueName":"search_term_string"}}],"inLanguage":"it-IT"},{"@type":"Organization","@id":"https:\/\/kolser.com\/#organization","name":"Kolser","url":"https:\/\/kolser.com\/","logo":{"@type":"ImageObject","inLanguage":"it-IT","@id":"https:\/\/kolser.com\/#\/schema\/logo\/image\/","url":"https:\/\/kolser.com\/wp-content\/uploads\/2021\/11\/Logo-Cabecera.png","contentUrl":"https:\/\/kolser.com\/wp-content\/uploads\/2021\/11\/Logo-Cabecera.png","width":979,"height":1358,"caption":"Kolser"},"image":{"@id":"https:\/\/kolser.com\/#\/schema\/logo\/image\/"}}]}},"_links":{"self":[{"href":"https:\/\/kolser.com\/it\/wp-json\/wp\/v2\/pages\/180","targetHints":{"allow":["GET"]}}],"collection":[{"href":"https:\/\/kolser.com\/it\/wp-json\/wp\/v2\/pages"}],"about":[{"href":"https:\/\/kolser.com\/it\/wp-json\/wp\/v2\/types\/page"}],"author":[{"embeddable":true,"href":"https:\/\/kolser.com\/it\/wp-json\/wp\/v2\/users\/1"}],"replies":[{"embeddable":true,"href":"https:\/\/kolser.com\/it\/wp-json\/wp\/v2\/comments?post=180"}],"version-history":[{"count":2,"href":"https:\/\/kolser.com\/it\/wp-json\/wp\/v2\/pages\/180\/revisions"}],"predecessor-version":[{"id":18672,"href":"https:\/\/kolser.com\/it\/wp-json\/wp\/v2\/pages\/180\/revisions\/18672"}],"wp:attachment":[{"href":"https:\/\/kolser.com\/it\/wp-json\/wp\/v2\/media?parent=180"}],"curies":[{"name":"wp","href":"https:\/\/api.w.org\/{rel}","templated":true}]}}