{"id":179,"date":"2021-11-22T15:06:24","date_gmt":"2021-11-22T15:06:24","guid":{"rendered":"https:\/\/kolser.com\/politica-de-privacidad\/"},"modified":"2025-07-01T11:18:02","modified_gmt":"2025-07-01T09:18:02","slug":"politica-de-privacidad","status":"publish","type":"page","link":"https:\/\/kolser.com\/it\/politica-de-privacidad\/","title":{"rendered":"Informativa sulla privacy"},"content":{"rendered":"<p class=\"translation-block\">Il titolare la informa sulla propria politica di privacy in merito al trattamento e alla protezione dei dati personali degli utenti e dei clienti che possono essere raccolti durante la navigazione, l\u2019acquisto di un prodotto o la richiesta di un servizio tramite il sito web: https:\/\/kolser.com<\/p>\n\n\n\n<p>A tal proposito, il titolare garantisce il rispetto della normativa vigente in materia di protezione dei dati personali, come previsto dalla legge organica 3\/2018 del 5 dicembre sulla protezione dei dati personali e garanzia dei diritti digitali (LOPD GDD). \u00c8 conforme inoltre al regolamento (UE) 2016\/679 del Parlamento europeo e del Consiglio del 27 aprile 2016 relativo alla protezione delle persone fisiche (RGPD).<\/p>\n\n\n\n<p class=\"translation-block\">L\u2019utilizzo del sito web implica l\u2019accettazione della presente informativa sulla privacy nonch\u00e9 delle condizioni incluse nelle <a href=\"https:\/\/kolser.com\/it\/aviso-legal\/\" target=\"_self\">note legali<\/a>.<\/p>\n\n\n\n<h2 class=\"wp-block-heading\">Identit\u00e0 del responsabile del trattamento<\/h2>\n\n\n\n<ul class=\"wp-block-list\">\n<li><strong>Responsabile:<\/strong>&nbsp; Kolser SL.<\/li>\n\n\n\n<li><strong>CIF:<\/strong>&nbsp;B07108970<\/li>\n\n\n\n<li><strong>Partita IVA intracomunitaria<\/strong>: ESB07108970<\/li>\n\n\n\n<li><strong>Indirizzo:<\/strong>&nbsp; TRECADORS, 2 07750 FERRERIES., Baleares &#8211; Espa\u00f1a.<\/li>\n\n\n\n<li><strong>E-mail:<\/strong>&nbsp; marketing@kolser.com<\/li>\n\n\n\n<li><strong>Sito web:<\/strong>&nbsp;&nbsp;<a href=\"https:\/\/kolser.com\/it\/politica-de-privacidad\/\">https:\/\/kolser.com<\/a><\/li>\n<\/ul>\n\n\n\n<h2 class=\"wp-block-heading\">Principi applicati al trattamento dei dati<\/h2>\n\n\n\n<p>Nel trattamento dei suoi dati personali, il titolare applicher\u00e0 i seguenti principi conformi ai requisiti del nuovo regolamento europeo sulla protezione dei dati (GDPR):<\/p>\n\n\n\n<ul class=\"wp-block-list\">\n<li>Principio di liceit\u00e0, correttezza e trasparenza: Il titolare richieder\u00e0 sempre il consenso per il trattamento dei dati personali, che potr\u00e0 essere relativo a una o pi\u00f9 finalit\u00e0 specifiche di cui informer\u00e0 preventivamente l\u2019utente in assoluta trasparenza.<\/li>\n\n\n\n<li>Principio di minimizzazione dei dati: Il titolare richieder\u00e0 solo i dati strettamente necessari alla finalit\u00e0 o alle finalit\u00e0 per cui sono raccolti.<\/li>\n\n\n\n<li class=\"translation-block\">Principio di limitazione della conservazione: Il titolare conserver\u00e0 i dati personali raccolti per il tempo strettamente necessario alla finalit\u00e0 o alle finalit\u00e0 del trattamento. Il titolare informer\u00e0 l\u2019utente del periodo di conservazione previsto in base alla finalit\u00e0. <br>In caso di abbonamenti, il titolare controller\u00e0 periodicamente le liste ed eliminer\u00e0 i registri rimasti inattivi per un periodo considerevole.<\/li>\n\n\n\n<li class=\"translation-block\">Principio di integrit\u00e0 e riservatezza: I dati personali raccolti saranno trattati in modo da garantirne la sicurezza, la riservatezza e l\u2019integrit\u00e0. <br>Il titolare adotta le precauzioni necessarie per evitare l\u2019accesso non autorizzato o l\u2019uso improprio dei dati dei propri utenti da parte di terzi.<\/li>\n<\/ul>\n\n\n\n<h2 class=\"wp-block-heading\">Raccolta dei dati personali<\/h2>\n\n\n\n<p>Non \u00e8 necessario fornire dati personali per navigare nel sito web.<\/p>\n\n\n\n<p>Lei fornisce i suoi dati personali nei seguenti casi:<\/p>\n\n\n\n<ul class=\"wp-block-list\">\n<li>Quando acquista un prodotto o richiede un servizio.<\/li>\n\n\n\n<li>Quando si iscrive tramite un modulo di iscrizione o a una newsletter gestita dal titolare tramite Brevo.<\/li>\n<\/ul>\n\n\n\n<h2 class=\"wp-block-heading\">Diritti<\/h2>\n\n\n\n<p>Il titolare la informa che, in relazione ai suoi dati personali, ha il diritto di:<\/p>\n\n\n\n<ul class=\"wp-block-list\">\n<li>Richiedere l\u2019accesso ai dati memorizzati.<\/li>\n\n\n\n<li>Richiedere la rettifica o la cancellazione.<\/li>\n\n\n\n<li>Richiedere la limitazione del trattamento.<\/li>\n\n\n\n<li>Opporsi al trattamento.<\/li>\n<\/ul>\n\n\n\n<p>Non pu\u00f2 esercitare il diritto alla portabilit\u00e0 dei dati.<\/p>\n\n\n\n<p>L\u2019esercizio di tali diritti \u00e8 personale e deve quindi essere effettuato direttamente dall\u2019interessato facendone richiesta direttamente al titolare. Ci\u00f2 significa che qualsiasi cliente, abbonato o collaboratore che abbia fornito i propri dati in qualsiasi momento pu\u00f2 contattare il titolare e chiedere informazioni sui dati conservati e su come sono stati ottenuti, richiederne la rettifica, opporsi al trattamento, limitarne l\u2019uso o richiederne la cancellazione dagli archivi del titolare.<\/p>\n\n\n\n<p>Per esercitare i suoi diritti deve inviare la richiesta insieme a una fotocopia del documento d\u2019identit\u00e0 o equivalente all\u2019indirizzo e-mail: marketing@kolser.com<\/p>\n\n\n\n<p>L\u2019esercizio di tali diritti non include i dati che il titolare \u00e8 obbligato a conservare per finalit\u00e0 amministrative, legali o di sicurezza.<\/p>\n\n\n\n<p>Ha il diritto alla tutela giurisdizionale effettiva e a presentare un reclamo all\u2019autorit\u00e0 di controllo, in questo caso l\u2019Agenzia Spagnola per la Protezione dei Dati, qualora ritenga che il trattamento dei dati personali che la riguardano violi il regolamento.<\/p>\n\n\n\n<h2 class=\"wp-block-heading\" id=\"finalidad-del-tratamiento-de-datos-personales\">Finalit\u00e0 del trattamento dei dati personali<\/h2>\n\n\n\n<p>Quando si connette al sito web per inviare un\u2019e-mail al titolare, iscriversi alla sua newsletter o acquistare un prodotto o un servizio, sta fornendo informazioni personali di cui il titolare \u00e8 responsabile. Queste informazioni possono includere dati personali come il suo indirizzo IP, nome e cognome, indirizzo fisico, indirizzo e-mail, numero di telefono e altre informazioni. Fornendo queste informazioni, acconsente alla raccolta, all\u2019utilizzo, alla gestione e alla conservazione dei suoi dati da parte di \u2014 Professional Hosting \u2014 esclusivamente come descritto nelle seguenti pagine:<\/p>\n\n\n\n<ul class=\"wp-block-list\">\n<li><a href=\"https:\/\/kolser.com\/it\/aviso-legal\/\">Nota legale<\/a><\/li>\n\n\n\n<li><a href=\"https:\/\/kolser.com\/it\/politica-de-privacidad\/\">Informativa sulla privacy<\/a><\/li>\n<\/ul>\n\n\n\n<p>I dati personali e la finalit\u00e0 del trattamento da parte del titolare variano in base al sistema di raccolta delle informazioni:<\/p>\n\n\n\n<ul class=\"wp-block-list\">\n<li>Moduli per l\u2019acquisto di prodotti o servizi: Il titolare richiede dati personali che possono comprendere: nome e cognome, documento di identit\u00e0 (codice fiscale, numero di identificazione per stranieri, passaporto o permesso di soggiorno), indirizzo e-mail, indirizzo postale, numero di telefono e dati di pagamento (metodi di pagamento o coordinate bancarie) al fine di mantenere un rapporto commerciale con l\u2019utente, effettuare la spedizione degli ordini, fornire i servizi richiesti e procedere alla fatturazione e all\u2019incasso dei prodotti o servizi acquistati.<\/li>\n\n\n\n<li>Moduli di iscrizione ai contenuti: Il titolare richiede i seguenti dati personali: nome e cognome, indirizzo e-mail, numero di telefono e indirizzo di un sito web per gestire la lista degli iscritti, inviare newsletter, promozioni e offerte speciali. I dati personali forniti al titolare saranno archiviati sui server di Brevo.<\/li>\n<\/ul>\n\n\n\n<p>Esistono altre finalit\u00e0 per le quali il titolare tratta i dati personali:<\/p>\n\n\n\n<ul class=\"wp-block-list\">\n<li>Garantire il rispetto delle condizioni indicate nella pagina delle note legali e della normativa vigente. Ci\u00f2 pu\u00f2 includere lo sviluppo di strumenti e algoritmi che aiutano il sito web a garantire la riservatezza dei dati personali raccolti.<\/li>\n\n\n\n<li>Supportare e migliorare i servizi offerti da questo sito web.<\/li>\n\n\n\n<li class=\"translation-block\">Analizzare la navigazione degli utenti. Il titolare raccoglie altri dati non identificativi ottenuti tramite l\u2019uso di cookie che vengono scaricati sul computer dell\u2019utente durante la navigazione sul sito web, le cui caratteristiche e finalit\u00e0 sono descritte nella pagina <a href=\"https:\/\/kolser.com\/it\/politica-de-cookies\/\" target=\"_self\">Politica sui cookie<\/a>.<\/li>\n<\/ul>\n\n\n\n<h2 class=\"wp-block-heading\">Sicurezza dei dati personali<\/h2>\n\n\n\n<p>Per proteggere i suoi dati personali, il titolare adotta tutte le precauzioni ragionevoli e segue le migliori pratiche del settore per evitarne la perdita, l\u2019uso improprio, l\u2019accesso non autorizzato, la divulgazione, l\u2019alterazione o la distruzione.<\/p>\n\n\n\n<p>Il sito web \u00e8 ospitato da: Professional Hosting. La sicurezza dei dati \u00e8 garantita poich\u00e9 vengono adottate tutte le misure necessarie a tal fine. Pu\u00f2 consultare la loro informativa sulla privacy per ulteriori informazioni.<\/p>\n\n\n\n<p>Il titolare informa l\u2019utente che i suoi dati personali non saranno ceduti a terze organizzazioni, salvo che tale cessione sia prevista da un obbligo legale o quando la prestazione di un servizio implichi la necessit\u00e0 di un rapporto contrattuale con un responsabile del trattamento. In quest\u2019ultimo caso, i dati saranno comunicati al terzo solo previo consenso espresso dell\u2019utente.<\/p>\n\n\n\n<p>In alcuni casi possono essere realizzate collaborazioni con altri professionisti. In tali casi sar\u00e0 richiesto il consenso dell\u2019utente, informandolo dell\u2019identit\u00e0 del collaboratore e della finalit\u00e0 della collaborazione. Il tutto avverr\u00e0 sempre secondo i pi\u00f9 rigorosi standard di sicurezza.<\/p>\n\n\n\n<h2 class=\"wp-block-heading\">Contenuti provenienti da altri siti web<\/h2>\n\n\n\n<p>Le pagine di questo sito web possono includere contenuti incorporati (ad esempio video, immagini, articoli, ecc.). I contenuti incorporati da altri siti si comportano esattamente come se avesse visitato l\u2019altro sito.<\/p>\n\n\n\n<p>Questi siti web possono raccogliere dati su di lei, utilizzare cookie, incorporare un codice di tracciamento aggiuntivo di terze parti e monitorare la sua interazione tramite tale codice.<\/p>\n\n\n\n<h2 class=\"wp-block-heading\">Politica sui cookies<\/h2>\n\n\n\n<p>Per il corretto funzionamento di questo sito web \u00e8 necessario l\u2019uso dei cookie, che sono informazioni memorizzate nel suo browser web.<\/p>\n\n\n\n<p class=\"translation-block\">Pu\u00f2 consultare tutte le informazioni relative alla politica di raccolta e trattamento dei cookie nella pagina <a href=\"https:\/\/kolser.com\/it\/politica-de-cookies\/\" target=\"_self\">Politica sui cookie<\/a>.<\/p>\n\n\n\n<h2 class=\"wp-block-heading\">Base giuridica del trattamento dei dati<\/h2>\n\n\n\n<p>La base giuridica per il trattamento dei suoi dati \u00e8:<\/p>\n\n\n\n<ul class=\"wp-block-list\">\n<li>Il consenso dell\u2019interessato.<\/li>\n\n\n\n<li>L\u2019esecuzione di un contratto o l\u2019applicazione di misure precontrattuali con l\u2019interessato, al fine di fornire un prodotto o un servizio acquistato dal titolare.<\/li>\n\n\n\n<li>Il rispetto degli obblighi di legge.<\/li>\n<\/ul>\n\n\n\n<h2 class=\"wp-block-heading\">Categorie di dati personali<\/h2>\n\n\n\n<p>Le categorie di dati personali trattate dal titolare sono:<\/p>\n\n\n\n<ul class=\"wp-block-list\">\n<li>Dati identificativi.<\/li>\n\n\n\n<li>Non vengono trattate categorie particolari di dati personali.<\/li>\n<\/ul>\n\n\n\n<h2 class=\"wp-block-heading\">Conservazione dei dati personali<\/h2>\n\n\n\n<p>I dati personali forniti al titolare saranno conservati fino a quando lei ne richieder\u00e0 la cancellazione.<\/p>\n\n\n\n<h2 class=\"wp-block-heading\">Destinatari dei dati personali<\/h2>\n\n\n\n<ul class=\"wp-block-list\">\n<li class=\"translation-block\">Brevo. 106 boulevard Haussmann. Codice postale: 75008 Parigi.\nMaggiori informazioni su: <a href=\"https:\/\/www.brevo.com\/legal\/privacypolicy\/\" target=\"_blank\" rel=\"noreferrer noopener\">https:\/\/www.brevo.com\/legal\/privacypolicy\/<\/a><br>\nSendinblue SAS (Brevo) tratta i dati al fine di fornire i suoi servizi di email marketing al titolare.<\/li>\n\n\n\n<li class=\"translation-block\"><strong>Google Analytics<\/strong> \u00e8 un servizio di analisi web fornito da Google, Inc., una societ\u00e0 del Delaware con sede principale al 1600 Amphitheatre Parkway, Mountain View (California), CA 94043, Stati Uniti (\u00ab Google \u00bb).<br>\nGoogle Analytics utilizza i \u00ab cookie \u00bb, che sono file di testo memorizzati sul suo computer, per aiutare il titolare ad analizzare come gli utenti utilizzano il sito web. Le informazioni generate dal cookie sull\u2019utilizzo del sito web (compreso il suo indirizzo IP) saranno trasmesse direttamente e archiviate da Google su server situati negli Stati Uniti.<br>\nMaggiori informazioni su: https:\/\/analytics.google.com<\/li>\n<\/ul>\n\n\n\n<p class=\"translation-block\">Pu\u00f2 consultare come Google gestisce la privacy in relazione all\u2019uso dei cookie e di altre informazioni nella pagina dell\u2019Informativa sulla privacy di Google: <a target=\"_blank\" href=\"https:\/\/policies.google.com\/privacy?hl=es\" rel=\"noreferrer noopener\">https:\/\/policies.google.com\/privacy?hl=es<\/a><\/p>\n\n\n\n<p>Pu\u00f2 anche consultare l\u2019elenco dei tipi di cookie utilizzati da Google e dai suoi partner e tutte le informazioni relative all\u2019uso dei cookie pubblicitari su:<\/p>\n\n\n\n<ul class=\"wp-block-list\">\n<li><a href=\"https:\/\/policies.google.com\/technologies\/types?hl=es\" target=\"_blank\" rel=\"noreferrer noopener\">Tipi di cookie utilizzati da Google<\/a><\/li>\n\n\n\n<li><a href=\"https:\/\/policies.google.com\/technologies\/ads?hl=es\" target=\"_blank\" rel=\"noreferrer noopener\">Come Google utilizza i cookie nella pubblicit\u00e0<\/a>.<\/li>\n<\/ul>\n\n\n\n<h2 class=\"wp-block-heading\">Navigazione web<\/h2>\n\n\n\n<p>Durante la navigazione sul sito web possono essere raccolti dati non identificativi, che possono includere l\u2019indirizzo IP, la geolocalizzazione, un registro dell\u2019utilizzo dei servizi e dei siti, le abitudini di navigazione e altri dati che non possono essere utilizzati per identificarla.<\/p>\n\n\n\n<p>Il sito web utilizza i seguenti servizi di analisi di terze parti:<\/p>\n\n\n\n<ul class=\"wp-block-list\">\n<li>Google Analytics<\/li>\n<\/ul>\n\n\n\n<p>Il titolare utilizza le informazioni ottenute per raccogliere dati statistici, analizzare le tendenze, amministrare il sito, studiare i modelli di navigazione e raccogliere informazioni demografiche.<\/p>\n\n\n\n<p>Il titolare non \u00e8 responsabile del trattamento dei dati personali effettuato dai siti web ai quali \u00e8 possibile accedere tramite i vari link contenuti nel sito web.<\/p>\n\n\n\n<h2 class=\"wp-block-heading\">Esattezza e veridicit\u00e0 dei dati personali<\/h2>\n\n\n\n<p>Lei si impegna affinch\u00e9 i dati forniti al titolare siano corretti, completi, esatti e aggiornati e a mantenerli debitamente aggiornati.<\/p>\n\n\n\n<p>In qualit\u00e0 di utente del sito web, lei \u00e8 l\u2019unico responsabile della veridicit\u00e0 e dell\u2019esattezza dei dati trasmessi al sito web, sollevando il titolare da qualsiasi responsabilit\u00e0 in merito.<\/p>\n\n\n\n<h2 class=\"wp-block-heading\">Accettazione e consenso<\/h2>\n\n\n\n<p>In qualit\u00e0 di utente del sito web, dichiara di essere stato informato delle condizioni relative alla protezione dei dati personali e accetta e acconsente al trattamento degli stessi da parte del titolare nelle modalit\u00e0 e per le finalit\u00e0 indicate nella presente informativa sulla privacy.<\/p>\n\n\n\n<p>In qualit\u00e0 di utente del sito web, dichiara di essere stato informato delle condizioni relative alla protezione dei dati personali e accetta e acconsente al trattamento degli stessi da parte del titolare nelle modalit\u00e0 e per le finalit\u00e0 indicate nella presente informativa sulla privacy.<\/p>\n\n\n\n<h2 class=\"wp-block-heading\">Modifiche alla politica sulla privacy<\/h2>\n\n\n\n<p>Il titolare si riserva il diritto di modificare la presente politica sulla privacy per adeguarla a novit\u00e0 legislative o giurisprudenziali, nonch\u00e9 alle pratiche del settore.<\/p>\n\n\n\n<p>La presente politica rimarr\u00e0 in vigore fino a quando non sar\u00e0 sostituita da un\u2019altra debitamente pubblicata.<\/p>","protected":false},"excerpt":{"rendered":"<p>El Titular le informa sobre su Pol\u00edtica de Privacidad respecto del tratamiento y protecci\u00f3n de los datos de car\u00e1cter personal de los usuarios y clientes que puedan ser recabados durante la navegaci\u00f3n, al comprar un producto o al contratar un servicio a trav\u00e9s del Sitio Web:&nbsp;https:\/\/kolser.com En este sentido, el Titular garantiza el cumplimiento de [&hellip;]<\/p>\n","protected":false},"author":1,"featured_media":0,"parent":0,"menu_order":0,"comment_status":"closed","ping_status":"closed","template":"","meta":{"footnotes":""},"class_list":["post-179","page","type-page","status-publish","hentry"],"yoast_head":"<!-- This site is optimized with the Yoast SEO plugin v27.4 - https:\/\/yoast.com\/product\/yoast-seo-wordpress\/ -->\n<title>Pol\u00edtica de Privacidad | R\u00e9plicas de Armas de Calidad - Kolser<\/title>\n<meta name=\"description\" content=\"Conoce la pol\u00edtica de privacidad de Kolser. Descubre c\u00f3mo protegemos tus datos y garantizamos su uso seguro y transparente. Lee m\u00e1s aqu\u00ed.\" \/>\n<meta name=\"robots\" content=\"noindex, nofollow\" \/>\n<meta property=\"og:locale\" content=\"it_IT\" \/>\n<meta property=\"og:type\" content=\"article\" \/>\n<meta property=\"og:title\" content=\"Pol\u00edtica de Privacidad | R\u00e9plicas de Armas de Calidad - Kolser\" \/>\n<meta property=\"og:description\" content=\"Conoce la pol\u00edtica de privacidad de Kolser. Descubre c\u00f3mo protegemos tus datos y garantizamos su uso seguro y transparente. Lee m\u00e1s aqu\u00ed.\" \/>\n<meta property=\"og:url\" content=\"https:\/\/kolser.com\/it\/politica-de-privacidad\/\" \/>\n<meta property=\"og:site_name\" content=\"Kolser\" \/>\n<meta property=\"article:modified_time\" content=\"2025-07-01T09:18:02+00:00\" \/>\n<meta name=\"twitter:card\" content=\"summary_large_image\" \/>\n<meta name=\"twitter:label1\" content=\"Tempo di lettura stimato\" \/>\n\t<meta name=\"twitter:data1\" content=\"9 minuti\" \/>\n<script type=\"application\/ld+json\" class=\"yoast-schema-graph\">{\"@context\":\"https:\\\/\\\/schema.org\",\"@graph\":[{\"@type\":\"WebPage\",\"@id\":\"https:\\\/\\\/kolser.com\\\/politica-de-privacidad\\\/\",\"url\":\"https:\\\/\\\/kolser.com\\\/politica-de-privacidad\\\/\",\"name\":\"Pol\u00edtica de Privacidad | R\u00e9plicas de Armas de Calidad - Kolser\",\"isPartOf\":{\"@id\":\"https:\\\/\\\/kolser.com\\\/#website\"},\"datePublished\":\"2021-11-22T15:06:24+00:00\",\"dateModified\":\"2025-07-01T09:18:02+00:00\",\"description\":\"Conoce la pol\u00edtica de privacidad de Kolser. Descubre c\u00f3mo protegemos tus datos y garantizamos su uso seguro y transparente. Lee m\u00e1s aqu\u00ed.\",\"breadcrumb\":{\"@id\":\"https:\\\/\\\/kolser.com\\\/politica-de-privacidad\\\/#breadcrumb\"},\"inLanguage\":\"it-IT\",\"potentialAction\":[{\"@type\":\"ReadAction\",\"target\":[\"https:\\\/\\\/kolser.com\\\/politica-de-privacidad\\\/\"]}]},{\"@type\":\"BreadcrumbList\",\"@id\":\"https:\\\/\\\/kolser.com\\\/politica-de-privacidad\\\/#breadcrumb\",\"itemListElement\":[{\"@type\":\"ListItem\",\"position\":1,\"name\":\"Home\",\"item\":\"https:\\\/\\\/kolser.com\\\/\"},{\"@type\":\"ListItem\",\"position\":2,\"name\":\"Pol\u00edtica de Privacidad\"}]},{\"@type\":\"WebSite\",\"@id\":\"https:\\\/\\\/kolser.com\\\/#website\",\"url\":\"https:\\\/\\\/kolser.com\\\/\",\"name\":\"Kolser\",\"description\":\"\",\"publisher\":{\"@id\":\"https:\\\/\\\/kolser.com\\\/#organization\"},\"potentialAction\":[{\"@type\":\"SearchAction\",\"target\":{\"@type\":\"EntryPoint\",\"urlTemplate\":\"https:\\\/\\\/kolser.com\\\/?s={search_term_string}\"},\"query-input\":{\"@type\":\"PropertyValueSpecification\",\"valueRequired\":true,\"valueName\":\"search_term_string\"}}],\"inLanguage\":\"it-IT\"},{\"@type\":\"Organization\",\"@id\":\"https:\\\/\\\/kolser.com\\\/#organization\",\"name\":\"Kolser\",\"url\":\"https:\\\/\\\/kolser.com\\\/\",\"logo\":{\"@type\":\"ImageObject\",\"inLanguage\":\"it-IT\",\"@id\":\"https:\\\/\\\/kolser.com\\\/#\\\/schema\\\/logo\\\/image\\\/\",\"url\":\"https:\\\/\\\/kolser.com\\\/wp-content\\\/uploads\\\/2021\\\/11\\\/Logo-Cabecera.png\",\"contentUrl\":\"https:\\\/\\\/kolser.com\\\/wp-content\\\/uploads\\\/2021\\\/11\\\/Logo-Cabecera.png\",\"width\":979,\"height\":1358,\"caption\":\"Kolser\"},\"image\":{\"@id\":\"https:\\\/\\\/kolser.com\\\/#\\\/schema\\\/logo\\\/image\\\/\"}}]}<\/script>\n<!-- \/ Yoast SEO plugin. -->","yoast_head_json":{"title":"Pol\u00edtica de Privacidad | R\u00e9plicas de Armas de Calidad - Kolser","description":"Conoce la pol\u00edtica de privacidad de Kolser. Descubre c\u00f3mo protegemos tus datos y garantizamos su uso seguro y transparente. Lee m\u00e1s aqu\u00ed.","robots":{"index":"noindex","follow":"nofollow"},"og_locale":"it_IT","og_type":"article","og_title":"Pol\u00edtica de Privacidad | R\u00e9plicas de Armas de Calidad - Kolser","og_description":"Conoce la pol\u00edtica de privacidad de Kolser. Descubre c\u00f3mo protegemos tus datos y garantizamos su uso seguro y transparente. Lee m\u00e1s aqu\u00ed.","og_url":"https:\/\/kolser.com\/it\/politica-de-privacidad\/","og_site_name":"Kolser","article_modified_time":"2025-07-01T09:18:02+00:00","twitter_card":"summary_large_image","twitter_misc":{"Tempo di lettura stimato":"9 minuti"},"schema":{"@context":"https:\/\/schema.org","@graph":[{"@type":"WebPage","@id":"https:\/\/kolser.com\/politica-de-privacidad\/","url":"https:\/\/kolser.com\/politica-de-privacidad\/","name":"Pol\u00edtica de Privacidad | R\u00e9plicas de Armas de Calidad - Kolser","isPartOf":{"@id":"https:\/\/kolser.com\/#website"},"datePublished":"2021-11-22T15:06:24+00:00","dateModified":"2025-07-01T09:18:02+00:00","description":"Conoce la pol\u00edtica de privacidad de Kolser. Descubre c\u00f3mo protegemos tus datos y garantizamos su uso seguro y transparente. Lee m\u00e1s aqu\u00ed.","breadcrumb":{"@id":"https:\/\/kolser.com\/politica-de-privacidad\/#breadcrumb"},"inLanguage":"it-IT","potentialAction":[{"@type":"ReadAction","target":["https:\/\/kolser.com\/politica-de-privacidad\/"]}]},{"@type":"BreadcrumbList","@id":"https:\/\/kolser.com\/politica-de-privacidad\/#breadcrumb","itemListElement":[{"@type":"ListItem","position":1,"name":"Home","item":"https:\/\/kolser.com\/"},{"@type":"ListItem","position":2,"name":"Pol\u00edtica de Privacidad"}]},{"@type":"WebSite","@id":"https:\/\/kolser.com\/#website","url":"https:\/\/kolser.com\/","name":"Kolser","description":"","publisher":{"@id":"https:\/\/kolser.com\/#organization"},"potentialAction":[{"@type":"SearchAction","target":{"@type":"EntryPoint","urlTemplate":"https:\/\/kolser.com\/?s={search_term_string}"},"query-input":{"@type":"PropertyValueSpecification","valueRequired":true,"valueName":"search_term_string"}}],"inLanguage":"it-IT"},{"@type":"Organization","@id":"https:\/\/kolser.com\/#organization","name":"Kolser","url":"https:\/\/kolser.com\/","logo":{"@type":"ImageObject","inLanguage":"it-IT","@id":"https:\/\/kolser.com\/#\/schema\/logo\/image\/","url":"https:\/\/kolser.com\/wp-content\/uploads\/2021\/11\/Logo-Cabecera.png","contentUrl":"https:\/\/kolser.com\/wp-content\/uploads\/2021\/11\/Logo-Cabecera.png","width":979,"height":1358,"caption":"Kolser"},"image":{"@id":"https:\/\/kolser.com\/#\/schema\/logo\/image\/"}}]}},"_links":{"self":[{"href":"https:\/\/kolser.com\/it\/wp-json\/wp\/v2\/pages\/179","targetHints":{"allow":["GET"]}}],"collection":[{"href":"https:\/\/kolser.com\/it\/wp-json\/wp\/v2\/pages"}],"about":[{"href":"https:\/\/kolser.com\/it\/wp-json\/wp\/v2\/types\/page"}],"author":[{"embeddable":true,"href":"https:\/\/kolser.com\/it\/wp-json\/wp\/v2\/users\/1"}],"replies":[{"embeddable":true,"href":"https:\/\/kolser.com\/it\/wp-json\/wp\/v2\/comments?post=179"}],"version-history":[{"count":12,"href":"https:\/\/kolser.com\/it\/wp-json\/wp\/v2\/pages\/179\/revisions"}],"predecessor-version":[{"id":18683,"href":"https:\/\/kolser.com\/it\/wp-json\/wp\/v2\/pages\/179\/revisions\/18683"}],"wp:attachment":[{"href":"https:\/\/kolser.com\/it\/wp-json\/wp\/v2\/media?parent=179"}],"curies":[{"name":"wp","href":"https:\/\/api.w.org\/{rel}","templated":true}]}}