{"id":178,"date":"2021-11-22T15:06:24","date_gmt":"2021-11-22T15:06:24","guid":{"rendered":"https:\/\/kolser.com\/aviso-legal\/"},"modified":"2025-07-01T08:34:44","modified_gmt":"2025-07-01T06:34:44","slug":"aviso-legal","status":"publish","type":"page","link":"https:\/\/kolser.com\/it\/aviso-legal\/","title":{"rendered":"Nota legale"},"content":{"rendered":"<h2 class=\"wp-block-heading\">Identificazione e titolarit\u00e0<\/h2>\n\n\n\n<p>In ottemperanza all\u2019articolo 10 della Legge 34\/2002, dell\u201911 luglio, sui servizi della societ\u00e0 dell\u2019informazione e sul commercio elettronico, il Titolare fornisce i seguenti dati identificativi:<\/p>\n\n\n\n<ul class=\"wp-block-list\">\n<li><strong>Titolare:<\/strong>&nbsp; Kolser SL.<\/li>\n\n\n\n<li><strong>CIF:<\/strong>&nbsp;B07108970<\/li>\n\n\n\n<li><strong>Partita IVA intracomunitaria<\/strong>: ESB07108970<\/li>\n\n\n\n<li><strong>Indirizzo:<\/strong>&nbsp; TRECADORS, 2 07750 FERRERIES., Baleares &#8211; Espa\u00f1a.<\/li>\n\n\n\n<li><strong>E-mail:<\/strong>&nbsp; marketing@kolser.com<\/li>\n\n\n\n<li><strong>Sito web:<\/strong>&nbsp;&nbsp;<a href=\"https:\/\/kolser.com\/it\/\">https:\/\/kolser.com<\/a><\/li>\n<\/ul>\n\n\n\n<h2 class=\"wp-block-heading\">Finalit\u00e0<\/h2>\n\n\n\n<p>La finalit\u00e0 del sito web \u00e8: riproduzione e vendita all\u2019ingrosso di repliche di armi antiche.<\/p>\n\n\n\n<h2 class=\"wp-block-heading\">Condizioni d\u2019uso<\/h2>\n\n\n\n<p>L\u2019utilizzo del sito web le conferisce la qualit\u00e0 di utente e implica l\u2019accettazione completa di tutte le clausole e condizioni d\u2019uso incluse nelle seguenti pagine:<\/p>\n\n\n\n<ul class=\"wp-block-list\">\n<li><a href=\"https:\/\/kolser.com\/it\/aviso-legal\/\">Nota legale<\/a><\/li>\n\n\n\n<li><a href=\"https:\/\/kolser.com\/it\/politica-de-privacidad\/\">Informativa sulla privacy<\/a><\/li>\n\n\n\n<li><a href=\"https:\/\/kolser.com\/it\/politica-de-cookies\/\">Politica sui cookies<\/a><\/li>\n<\/ul>\n\n\n\n<p>Se non \u00e8 d\u2019accordo con ciascuna di queste clausole e condizioni, la invitiamo ad astenersi dall\u2019utilizzare il sito web.<\/p>\n\n\n\n<p>L\u2019accesso al sito web non implica in alcun modo l\u2019inizio di una relazione commerciale con il titolare.<\/p>\n\n\n\n<p>Attraverso il sito web, il titolare le consente di accedere e utilizzare diversi contenuti pubblicati dal titolare e\/o dai suoi collaboratori tramite Internet.<\/p>\n\n\n\n<p>A tal fine, lei si impegna a NON utilizzare alcuno dei contenuti del sito web per scopi o effetti illeciti, vietati dalle presenti note legali o dalla normativa vigente, lesivi dei diritti e degli interessi di terzi o che in qualsiasi modo possano danneggiare, rendere inutilizzabili, sovraccaricare, deteriorare o impedire il normale utilizzo dei contenuti, delle apparecchiature informatiche o dei documenti, file e qualsiasi tipo di contenuto memorizzato su qualsiasi apparecchiatura informatica di propriet\u00e0 o noleggiata dal titolare, da altri utenti o da qualsiasi utente di Internet.<\/p>\n\n\n\n<h2 class=\"wp-block-heading\">Misure di sicurezza<\/h2>\n\n\n\n<p>I dati personali che fornisce al titolare possono essere conservati in banche dati, automatizzate o meno, di esclusiva propriet\u00e0 del titolare, che adotta tutte le misure tecniche, organizzative e di sicurezza necessarie per garantire la riservatezza, l\u2019integrit\u00e0 e la qualit\u00e0 delle informazioni in esse contenute, in conformit\u00e0 alla normativa vigente in materia di protezione dei dati.<\/p>\n\n\n\n<p>Tuttavia, deve essere consapevole che le misure di sicurezza dei sistemi informatici su Internet non sono completamente affidabili e che, pertanto, il titolare non pu\u00f2 garantire l\u2019assenza di virus o di altri elementi che possano provocare alterazioni nei sistemi informatici (software e hardware) dell\u2019utente o nei suoi documenti elettronici e file in essi contenuti, anche se il titolare mette in atto tutti i mezzi necessari e adotta le opportune misure di sicurezza per evitare la presenza di tali elementi dannosi.<\/p>\n\n\n\n<h2 class=\"wp-block-heading\">Trattamento dei dati personali<\/h2>\n\n\n\n<p class=\"translation-block\">Pu\u00f2 consultare tutte le informazioni relative al trattamento dei dati personali raccolti dal titolare nella pagina <a href=\"https:\/\/kolser.com\/it\/politica-de-privacidad\/\" target=\"_self\">Informativa sulla privacy<\/a>.<\/p>\n\n\n\n<h2 class=\"wp-block-heading\">Contenuti<\/h2>\n\n\n\n<p>Il titolare ha ottenuto le informazioni, i contenuti multimediali e i materiali inclusi nel sito web da fonti che considera affidabili. Sebbene abbia adottato tutte le misure ragionevoli per garantire che le informazioni contenute siano corrette, il titolare non garantisce che siano accurate, complete o aggiornate. Il titolare declina espressamente ogni responsabilit\u00e0 per eventuali errori o omissioni nelle informazioni presenti nelle pagine del sito web.<\/p>\n\n\n\n<p>\u00c8 vietato trasmettere o inviare attraverso il sito web qualsiasi contenuto illegale o illecito, virus informatici o messaggi che, in generale, possano ledere o violare i diritti del titolare o di terzi.<\/p>\n\n\n\n<p>I contenuti del sito web hanno esclusivamente finalit\u00e0 informative e non devono in alcun caso essere utilizzati o considerati come un\u2019offerta di vendita, una sollecitazione all\u2019acquisto o una raccomandazione a compiere qualsiasi altra operazione, salvo diversa indicazione espressa.<\/p>\n\n\n\n<p>Il titolare si riserva il diritto di modificare, sospendere, cancellare o limitare i contenuti del sito web, i collegamenti o le informazioni ottenute tramite il sito web senza preavviso.<\/p>\n\n\n\n<p>Il titolare non \u00e8 responsabile per eventuali danni derivanti dall\u2019uso delle informazioni presenti nel sito web.<\/p>\n\n\n\n<h2 class=\"wp-block-heading\">Politica sui cookie<\/h2>\n\n\n\n<p class=\"translation-block\">Pu\u00f2 consultare tutte le informazioni relative alla politica di raccolta e trattamento dei cookie nella pagina <a href=\"https:\/\/kolser.com\/it\/politica-de-cookies\/\" target=\"_self\">Politica sui cookie<\/a>.<\/p>\n\n\n\n<h2 class=\"wp-block-heading\">Collegamenti ad altri siti web<\/h2>\n\n\n\n<p>Il titolare pu\u00f2 fornirle l\u2019accesso a siti web di terzi tramite link al solo scopo di informarla dell\u2019esistenza di altre fonti di informazione su Internet dove pu\u00f2 approfondire i dati offerti sul sito web.<\/p>\n\n\n\n<p>Questi collegamenti ad altri siti web non costituiscono in alcun caso un suggerimento o una raccomandazione a visitare le pagine di destinazione, che sono al di fuori del controllo del titolare. Pertanto, il titolare non \u00e8 responsabile del contenuto dei siti web collegati n\u00e9 del risultato che ottiene seguendo tali link. Allo stesso modo, il titolare non \u00e8 responsabile dei link presenti nei siti web collegati ai quali le viene dato accesso.<\/p>\n\n\n\n<p>L\u2019inserimento di un link non implica in alcun caso l\u2019esistenza di un rapporto tra il titolare e il proprietario del sito sul quale il link \u00e8 inserito, n\u00e9 l\u2019accettazione o l\u2019approvazione da parte del titolare dei suoi contenuti o servizi.<\/p>\n\n\n\n<p>Se accede a un sito web esterno da un link presente su questo sito web, deve leggere l\u2019informativa sulla privacy di quel sito web, che pu\u00f2 essere diversa da quella di questo sito web.<\/p>\n\n\n\n<h2 class=\"wp-block-heading\">Propriet\u00e0 intellettuale e industriale<\/h2>\n\n\n\n<p>Tutti i diritti riservati.<\/p>\n\n\n\n<p>L\u2019accesso a questo sito web \u00e8 soggetto alle seguenti condizioni: la riproduzione, la memorizzazione permanente, la diffusione dei contenuti o qualsiasi altro utilizzo per fini pubblici o commerciali \u00e8 espressamente vietato senza il previo consenso espresso e scritto del titolare.<\/p>\n\n\n\n<h2 class=\"wp-block-heading\">Limitazione di responsabilit\u00e0<\/h2>\n\n\n\n<p>Le informazioni e i servizi inclusi o disponibili tramite il sito web possono contenere inesattezze o errori tipografici. Il titolare apporta periodicamente miglioramenti e\/o modifiche alle informazioni e\/o ai servizi, e pu\u00f2 farlo in qualsiasi momento.<\/p>\n\n\n\n<p>Il titolare non dichiara n\u00e9 garantisce che i servizi o i contenuti siano ininterrotti o privi di errori, che i difetti vengano corretti o che il servizio o il server che lo rende disponibile siano privi di virus o di altri componenti dannosi, pur impegnandosi al massimo per evitare tali inconvenienti.<\/p>\n\n\n\n<p>Il titolare declina qualsiasi responsabilit\u00e0 in caso di interruzioni o malfunzionamenti dei servizi o dei contenuti offerti su Internet, qualunque ne sia la causa. Inoltre, il titolare non \u00e8 responsabile di eventuali interruzioni di rete, perdite commerciali derivanti da tali interruzioni, interruzioni temporanee di corrente elettrica o qualsiasi altro tipo di danno indiretto che possa essere causato da ragioni indipendenti dalla propria volont\u00e0.<\/p>\n\n\n\n<p>Prima di prendere decisioni e\/o intraprendere azioni sulla base delle informazioni incluse nel sito web, il titolare raccomanda di verificare e confrontare le informazioni ricevute con altre fonti.<\/p>\n\n\n\n<h2 class=\"wp-block-heading\">Giurisdizione<\/h2>\n\n\n\n<p>Le presenti note legali sono interamente regolate dalla legislazione spagnola.<\/p>\n\n\n\n<h2 class=\"wp-block-heading\">Contatti<\/h2>\n\n\n\n<p>Se ha domande relative a queste note legali o desidera fare un commento sul sito web, pu\u00f2 inviare un\u2019e-mail al seguente indirizzo: marketing@kolser.com<\/p>","protected":false},"excerpt":{"rendered":"<p>Identificaci\u00f3n y Titularidad En cumplimiento del art\u00edculo 10 de la Ley 34\/2002, de 11 de julio, de Servicios de la Sociedad de la Informaci\u00f3n y Comercio Electr\u00f3nico, el Titular expone sus datos identificativos: Finalidad La finalidad del Sitio Web es: Reproducci\u00f3n y venta al mayor de r\u00e9plicas de armas antiguas. Condiciones de Uso La utilizaci\u00f3n [&hellip;]<\/p>\n","protected":false},"author":1,"featured_media":0,"parent":0,"menu_order":0,"comment_status":"closed","ping_status":"closed","template":"","meta":{"footnotes":""},"class_list":["post-178","page","type-page","status-publish","hentry"],"yoast_head":"<!-- This site is optimized with the Yoast SEO plugin v27.1.1 - https:\/\/yoast.com\/product\/yoast-seo-wordpress\/ -->\n<title>Aviso Legal | R\u00e9plicas de Armas de Calidad - Kolser<\/title>\n<meta name=\"robots\" content=\"noindex, follow\" \/>\n<meta property=\"og:locale\" content=\"it_IT\" \/>\n<meta property=\"og:type\" content=\"article\" \/>\n<meta property=\"og:title\" content=\"Aviso Legal | R\u00e9plicas de Armas de Calidad - Kolser\" \/>\n<meta property=\"og:description\" content=\"Identificaci\u00f3n y Titularidad En cumplimiento del art\u00edculo 10 de la Ley 34\/2002, de 11 de julio, de Servicios de la Sociedad de la Informaci\u00f3n y Comercio Electr\u00f3nico, el Titular expone sus datos identificativos: Finalidad La finalidad del Sitio Web es: Reproducci\u00f3n y venta al mayor de r\u00e9plicas de armas antiguas. Condiciones de Uso La utilizaci\u00f3n [&hellip;]\" \/>\n<meta property=\"og:url\" content=\"https:\/\/kolser.com\/it\/aviso-legal\/\" \/>\n<meta property=\"og:site_name\" content=\"Kolser\" \/>\n<meta property=\"article:modified_time\" content=\"2025-07-01T06:34:44+00:00\" \/>\n<meta name=\"twitter:card\" content=\"summary_large_image\" \/>\n<meta name=\"twitter:label1\" content=\"Tempo di lettura stimato\" \/>\n\t<meta name=\"twitter:data1\" content=\"6 minuti\" \/>\n<script type=\"application\/ld+json\" class=\"yoast-schema-graph\">{\"@context\":\"https:\/\/schema.org\",\"@graph\":[{\"@type\":\"WebPage\",\"@id\":\"https:\/\/kolser.com\/aviso-legal\/\",\"url\":\"https:\/\/kolser.com\/aviso-legal\/\",\"name\":\"Aviso Legal | R\u00e9plicas de Armas de Calidad - Kolser\",\"isPartOf\":{\"@id\":\"https:\/\/kolser.com\/#website\"},\"datePublished\":\"2021-11-22T15:06:24+00:00\",\"dateModified\":\"2025-07-01T06:34:44+00:00\",\"breadcrumb\":{\"@id\":\"https:\/\/kolser.com\/aviso-legal\/#breadcrumb\"},\"inLanguage\":\"it-IT\",\"potentialAction\":[{\"@type\":\"ReadAction\",\"target\":[\"https:\/\/kolser.com\/aviso-legal\/\"]}]},{\"@type\":\"BreadcrumbList\",\"@id\":\"https:\/\/kolser.com\/aviso-legal\/#breadcrumb\",\"itemListElement\":[{\"@type\":\"ListItem\",\"position\":1,\"name\":\"Home\",\"item\":\"https:\/\/kolser.com\/\"},{\"@type\":\"ListItem\",\"position\":2,\"name\":\"Aviso Legal\"}]},{\"@type\":\"WebSite\",\"@id\":\"https:\/\/kolser.com\/#website\",\"url\":\"https:\/\/kolser.com\/\",\"name\":\"Kolser\",\"description\":\"\",\"publisher\":{\"@id\":\"https:\/\/kolser.com\/#organization\"},\"potentialAction\":[{\"@type\":\"SearchAction\",\"target\":{\"@type\":\"EntryPoint\",\"urlTemplate\":\"https:\/\/kolser.com\/?s={search_term_string}\"},\"query-input\":{\"@type\":\"PropertyValueSpecification\",\"valueRequired\":true,\"valueName\":\"search_term_string\"}}],\"inLanguage\":\"it-IT\"},{\"@type\":\"Organization\",\"@id\":\"https:\/\/kolser.com\/#organization\",\"name\":\"Kolser\",\"url\":\"https:\/\/kolser.com\/\",\"logo\":{\"@type\":\"ImageObject\",\"inLanguage\":\"it-IT\",\"@id\":\"https:\/\/kolser.com\/#\/schema\/logo\/image\/\",\"url\":\"https:\/\/kolser.com\/wp-content\/uploads\/2021\/11\/Logo-Cabecera.png\",\"contentUrl\":\"https:\/\/kolser.com\/wp-content\/uploads\/2021\/11\/Logo-Cabecera.png\",\"width\":979,\"height\":1358,\"caption\":\"Kolser\"},\"image\":{\"@id\":\"https:\/\/kolser.com\/#\/schema\/logo\/image\/\"}}]}<\/script>\n<!-- \/ Yoast SEO plugin. -->","yoast_head_json":{"title":"Aviso Legal | R\u00e9plicas de Armas de Calidad - Kolser","robots":{"index":"noindex","follow":"follow"},"og_locale":"it_IT","og_type":"article","og_title":"Aviso Legal | R\u00e9plicas de Armas de Calidad - Kolser","og_description":"Identificaci\u00f3n y Titularidad En cumplimiento del art\u00edculo 10 de la Ley 34\/2002, de 11 de julio, de Servicios de la Sociedad de la Informaci\u00f3n y Comercio Electr\u00f3nico, el Titular expone sus datos identificativos: Finalidad La finalidad del Sitio Web es: Reproducci\u00f3n y venta al mayor de r\u00e9plicas de armas antiguas. Condiciones de Uso La utilizaci\u00f3n [&hellip;]","og_url":"https:\/\/kolser.com\/it\/aviso-legal\/","og_site_name":"Kolser","article_modified_time":"2025-07-01T06:34:44+00:00","twitter_card":"summary_large_image","twitter_misc":{"Tempo di lettura stimato":"6 minuti"},"schema":{"@context":"https:\/\/schema.org","@graph":[{"@type":"WebPage","@id":"https:\/\/kolser.com\/aviso-legal\/","url":"https:\/\/kolser.com\/aviso-legal\/","name":"Aviso Legal | R\u00e9plicas de Armas de Calidad - Kolser","isPartOf":{"@id":"https:\/\/kolser.com\/#website"},"datePublished":"2021-11-22T15:06:24+00:00","dateModified":"2025-07-01T06:34:44+00:00","breadcrumb":{"@id":"https:\/\/kolser.com\/aviso-legal\/#breadcrumb"},"inLanguage":"it-IT","potentialAction":[{"@type":"ReadAction","target":["https:\/\/kolser.com\/aviso-legal\/"]}]},{"@type":"BreadcrumbList","@id":"https:\/\/kolser.com\/aviso-legal\/#breadcrumb","itemListElement":[{"@type":"ListItem","position":1,"name":"Home","item":"https:\/\/kolser.com\/"},{"@type":"ListItem","position":2,"name":"Aviso Legal"}]},{"@type":"WebSite","@id":"https:\/\/kolser.com\/#website","url":"https:\/\/kolser.com\/","name":"Kolser","description":"","publisher":{"@id":"https:\/\/kolser.com\/#organization"},"potentialAction":[{"@type":"SearchAction","target":{"@type":"EntryPoint","urlTemplate":"https:\/\/kolser.com\/?s={search_term_string}"},"query-input":{"@type":"PropertyValueSpecification","valueRequired":true,"valueName":"search_term_string"}}],"inLanguage":"it-IT"},{"@type":"Organization","@id":"https:\/\/kolser.com\/#organization","name":"Kolser","url":"https:\/\/kolser.com\/","logo":{"@type":"ImageObject","inLanguage":"it-IT","@id":"https:\/\/kolser.com\/#\/schema\/logo\/image\/","url":"https:\/\/kolser.com\/wp-content\/uploads\/2021\/11\/Logo-Cabecera.png","contentUrl":"https:\/\/kolser.com\/wp-content\/uploads\/2021\/11\/Logo-Cabecera.png","width":979,"height":1358,"caption":"Kolser"},"image":{"@id":"https:\/\/kolser.com\/#\/schema\/logo\/image\/"}}]}},"_links":{"self":[{"href":"https:\/\/kolser.com\/it\/wp-json\/wp\/v2\/pages\/178","targetHints":{"allow":["GET"]}}],"collection":[{"href":"https:\/\/kolser.com\/it\/wp-json\/wp\/v2\/pages"}],"about":[{"href":"https:\/\/kolser.com\/it\/wp-json\/wp\/v2\/types\/page"}],"author":[{"embeddable":true,"href":"https:\/\/kolser.com\/it\/wp-json\/wp\/v2\/users\/1"}],"replies":[{"embeddable":true,"href":"https:\/\/kolser.com\/it\/wp-json\/wp\/v2\/comments?post=178"}],"version-history":[{"count":4,"href":"https:\/\/kolser.com\/it\/wp-json\/wp\/v2\/pages\/178\/revisions"}],"predecessor-version":[{"id":18680,"href":"https:\/\/kolser.com\/it\/wp-json\/wp\/v2\/pages\/178\/revisions\/18680"}],"wp:attachment":[{"href":"https:\/\/kolser.com\/it\/wp-json\/wp\/v2\/media?parent=178"}],"curies":[{"name":"wp","href":"https:\/\/api.w.org\/{rel}","templated":true}]}}