{"id":15464,"date":"2022-08-02T13:49:39","date_gmt":"2022-08-02T13:49:39","guid":{"rendered":"https:\/\/kolser.com\/?post_type=product&#038;p=15464"},"modified":"2025-05-28T14:46:19","modified_gmt":"2025-05-28T12:46:19","slug":"ballesta-espada-alemana-siglo-xvi","status":"publish","type":"product","link":"https:\/\/kolser.com\/fr\/producto\/ballesta-espada-alemana-siglo-xvi\/","title":{"rendered":"ARBALETTE\u2013\u00c9P\u00c9E ALLEMANDE. XVIe SI\u00c8CLE"},"content":{"rendered":"<p class=\"translation-block\">R\u00e9plique spectaculaire d\u2019une arbal\u00e8te-\u00e9p\u00e9e allemande du XVIe si\u00e8cle, avec structure en fer, poign\u00e9e d\u2019\u00e9p\u00e9e et extr\u00e9mit\u00e9 en forme de lame. Cette arme hybride fut d\u00e9velopp\u00e9e vers l\u2019an 1600. L\u2019original est conserv\u00e9 au <strong>Museo Nazionale Castel Sant\u2019Angelo \u00e0 Rome<\/strong>.<\/p>\n<p>Fabriqu\u00e9e enti\u00e8rement en m\u00e9tal Zamak par Kolser, elle b\u00e9n\u00e9ficie des proc\u00e9d\u00e9s de finition les plus innovants pour offrir un rendu visuel d\u2019un r\u00e9alisme impressionnant. <a href=\"https:\/\/kolser.com\/fr\/espadas_de_kolser\/\">Les histoires des armes Kolser se transmettent \u00e0 travers chaque cr\u00e9ation.<\/a><\/p>\n<p>64cm<\/p>","protected":false},"excerpt":{"rendered":"<p>Espectacular r\u00e9plica de Ballesta-espada alemana de hierro con empu\u00f1adura de espada y punta de hoja. Arma alemana desarrollada hac\u00eda el a\u00f1o 1.600. Actualmente la original se encuentra en el Museo Nazionale Castel Sant\u00b4Angelo en Roma. Fabricada por Kolser completamente en metal Zamak y tratada con los m\u00e1s novedosos procesos para llegar a este acabado tan [&hellip;]<\/p>\n","protected":false},"featured_media":15465,"comment_status":"open","ping_status":"closed","template":"","meta":[],"product_brand":[],"product_cat":[131,25],"product_tag":[],"coleccion":[],"proposito":[],"class_list":{"0":"post-15464","1":"product","2":"type-product","3":"status-publish","4":"has-post-thumbnail","6":"product_cat-ballestas","7":"product_cat-mundo-antiguo","9":"first","10":"instock","11":"shipping-taxable","12":"product-type-simple"},"yoast_head":"<!-- This site is optimized with the Yoast SEO plugin v27.4 - https:\/\/yoast.com\/product\/yoast-seo-wordpress\/ -->\n<title>Ballesta-Espada Alemana del siglo XVI<\/title>\n<meta name=\"description\" content=\"\u2705 R\u00e9plica \u3010BALLESTA- ESPADA ALEMANA\u3011Arma alemana desarrollada hac\u00eda el a\u00f1o 1.600. Fabricada por Kolser con metal Zamak y acabados ultra realistas.\" \/>\n<meta name=\"robots\" content=\"index, follow, max-snippet:-1, max-image-preview:large, max-video-preview:-1\" \/>\n<link rel=\"canonical\" href=\"https:\/\/kolser.com\/fr\/produit\/ballesta-espada-alemana-siglo-xvi\/\" \/>\n<meta property=\"og:locale\" content=\"fr_FR\" \/>\n<meta property=\"og:type\" content=\"article\" \/>\n<meta property=\"og:title\" content=\"Ballesta-Espada Alemana del siglo XVI\" \/>\n<meta property=\"og:description\" content=\"\u2705 R\u00e9plica \u3010BALLESTA- ESPADA ALEMANA\u3011Arma alemana desarrollada hac\u00eda el a\u00f1o 1.600. Fabricada por Kolser con metal Zamak y acabados ultra realistas.\" \/>\n<meta property=\"og:url\" content=\"https:\/\/kolser.com\/fr\/produit\/ballesta-espada-alemana-siglo-xvi\/\" \/>\n<meta property=\"og:site_name\" content=\"Kolser\" \/>\n<meta property=\"article:modified_time\" content=\"2025-05-28T12:46:19+00:00\" \/>\n<meta property=\"og:image\" content=\"https:\/\/kolser.com\/wp-content\/uploads\/2022\/08\/45-849_KOLSER_BALLESTA-ESPADA-ALEMANA-S.XVI_.jpg\" \/>\n\t<meta property=\"og:image:width\" content=\"600\" \/>\n\t<meta property=\"og:image:height\" content=\"600\" \/>\n\t<meta property=\"og:image:type\" content=\"image\/jpeg\" \/>\n<meta name=\"twitter:card\" content=\"summary_large_image\" \/>\n<meta name=\"twitter:label1\" content=\"Dur\u00e9e de lecture estim\u00e9e\" \/>\n\t<meta name=\"twitter:data1\" content=\"1 minute\" \/>\n<script type=\"application\/ld+json\" class=\"yoast-schema-graph\">{\"@context\":\"https:\\\/\\\/schema.org\",\"@graph\":[{\"@type\":\"WebPage\",\"@id\":\"https:\\\/\\\/kolser.com\\\/producto\\\/ballesta-espada-alemana-siglo-xvi\\\/\",\"url\":\"https:\\\/\\\/kolser.com\\\/producto\\\/ballesta-espada-alemana-siglo-xvi\\\/\",\"name\":\"Ballesta-Espada Alemana del siglo XVI\",\"isPartOf\":{\"@id\":\"https:\\\/\\\/kolser.com\\\/#website\"},\"primaryImageOfPage\":{\"@id\":\"https:\\\/\\\/kolser.com\\\/producto\\\/ballesta-espada-alemana-siglo-xvi\\\/#primaryimage\"},\"image\":{\"@id\":\"https:\\\/\\\/kolser.com\\\/producto\\\/ballesta-espada-alemana-siglo-xvi\\\/#primaryimage\"},\"thumbnailUrl\":\"https:\\\/\\\/kolser.com\\\/wp-content\\\/uploads\\\/2022\\\/08\\\/45-849_KOLSER_BALLESTA-ESPADA-ALEMANA-S.XVI_.jpg\",\"datePublished\":\"2022-08-02T13:49:39+00:00\",\"dateModified\":\"2025-05-28T12:46:19+00:00\",\"description\":\"\u2705 R\u00e9plica \u3010BALLESTA- ESPADA ALEMANA\u3011Arma alemana desarrollada hac\u00eda el a\u00f1o 1.600. Fabricada por Kolser con metal Zamak y acabados ultra realistas.\",\"breadcrumb\":{\"@id\":\"https:\\\/\\\/kolser.com\\\/producto\\\/ballesta-espada-alemana-siglo-xvi\\\/#breadcrumb\"},\"inLanguage\":\"fr-FR\",\"potentialAction\":[{\"@type\":\"ReadAction\",\"target\":[\"https:\\\/\\\/kolser.com\\\/producto\\\/ballesta-espada-alemana-siglo-xvi\\\/\"]}]},{\"@type\":\"ImageObject\",\"inLanguage\":\"fr-FR\",\"@id\":\"https:\\\/\\\/kolser.com\\\/producto\\\/ballesta-espada-alemana-siglo-xvi\\\/#primaryimage\",\"url\":\"https:\\\/\\\/kolser.com\\\/wp-content\\\/uploads\\\/2022\\\/08\\\/45-849_KOLSER_BALLESTA-ESPADA-ALEMANA-S.XVI_.jpg\",\"contentUrl\":\"https:\\\/\\\/kolser.com\\\/wp-content\\\/uploads\\\/2022\\\/08\\\/45-849_KOLSER_BALLESTA-ESPADA-ALEMANA-S.XVI_.jpg\",\"width\":600,\"height\":600,\"caption\":\"R\u00e9plica de combinaci\u00f3n de espada y ballesta alemana, mostrando un dise\u00f1o de arma antigua con empu\u00f1adura dorada de espada y mecanismo de ballesta.\"},{\"@type\":\"BreadcrumbList\",\"@id\":\"https:\\\/\\\/kolser.com\\\/producto\\\/ballesta-espada-alemana-siglo-xvi\\\/#breadcrumb\",\"itemListElement\":[{\"@type\":\"ListItem\",\"position\":1,\"name\":\"Home\",\"item\":\"https:\\\/\\\/kolser.com\\\/\"},{\"@type\":\"ListItem\",\"position\":2,\"name\":\"Cat\u00e1logo\",\"item\":\"https:\\\/\\\/kolser.com\\\/catalogo\\\/\"},{\"@type\":\"ListItem\",\"position\":3,\"name\":\"Ballestas y hachas\",\"item\":\"https:\\\/\\\/kolser.com\\\/categoria-producto\\\/ballestas-y-hachas\\\/\"},{\"@type\":\"ListItem\",\"position\":4,\"name\":\"Ballestas\",\"item\":\"https:\\\/\\\/kolser.com\\\/categoria-producto\\\/ballestas-y-hachas\\\/ballestas\\\/\"},{\"@type\":\"ListItem\",\"position\":5,\"name\":\"BALLESTA-ESPADA ALEMANA SIGLO XVI\"}]},{\"@type\":\"WebSite\",\"@id\":\"https:\\\/\\\/kolser.com\\\/#website\",\"url\":\"https:\\\/\\\/kolser.com\\\/\",\"name\":\"Kolser\",\"description\":\"\",\"publisher\":{\"@id\":\"https:\\\/\\\/kolser.com\\\/#organization\"},\"potentialAction\":[{\"@type\":\"SearchAction\",\"target\":{\"@type\":\"EntryPoint\",\"urlTemplate\":\"https:\\\/\\\/kolser.com\\\/?s={search_term_string}\"},\"query-input\":{\"@type\":\"PropertyValueSpecification\",\"valueRequired\":true,\"valueName\":\"search_term_string\"}}],\"inLanguage\":\"fr-FR\"},{\"@type\":\"Organization\",\"@id\":\"https:\\\/\\\/kolser.com\\\/#organization\",\"name\":\"Kolser\",\"url\":\"https:\\\/\\\/kolser.com\\\/\",\"logo\":{\"@type\":\"ImageObject\",\"inLanguage\":\"fr-FR\",\"@id\":\"https:\\\/\\\/kolser.com\\\/#\\\/schema\\\/logo\\\/image\\\/\",\"url\":\"https:\\\/\\\/kolser.com\\\/wp-content\\\/uploads\\\/2021\\\/11\\\/Logo-Cabecera.png\",\"contentUrl\":\"https:\\\/\\\/kolser.com\\\/wp-content\\\/uploads\\\/2021\\\/11\\\/Logo-Cabecera.png\",\"width\":979,\"height\":1358,\"caption\":\"Kolser\"},\"image\":{\"@id\":\"https:\\\/\\\/kolser.com\\\/#\\\/schema\\\/logo\\\/image\\\/\"}}]}<\/script>\n<!-- \/ Yoast SEO plugin. -->","yoast_head_json":{"title":"Ballesta-Espada Alemana del siglo XVI","description":"\u2705 R\u00e9plica \u3010BALLESTA- ESPADA ALEMANA\u3011Arma alemana desarrollada hac\u00eda el a\u00f1o 1.600. Fabricada por Kolser con metal Zamak y acabados ultra realistas.","robots":{"index":"index","follow":"follow","max-snippet":"max-snippet:-1","max-image-preview":"max-image-preview:large","max-video-preview":"max-video-preview:-1"},"canonical":"https:\/\/kolser.com\/fr\/produit\/ballesta-espada-alemana-siglo-xvi\/","og_locale":"fr_FR","og_type":"article","og_title":"Ballesta-Espada Alemana del siglo XVI","og_description":"\u2705 R\u00e9plica \u3010BALLESTA- ESPADA ALEMANA\u3011Arma alemana desarrollada hac\u00eda el a\u00f1o 1.600. Fabricada por Kolser con metal Zamak y acabados ultra realistas.","og_url":"https:\/\/kolser.com\/fr\/produit\/ballesta-espada-alemana-siglo-xvi\/","og_site_name":"Kolser","article_modified_time":"2025-05-28T12:46:19+00:00","og_image":[{"width":600,"height":600,"url":"https:\/\/kolser.com\/wp-content\/uploads\/2022\/08\/45-849_KOLSER_BALLESTA-ESPADA-ALEMANA-S.XVI_.jpg","type":"image\/jpeg"}],"twitter_card":"summary_large_image","twitter_misc":{"Dur\u00e9e de lecture estim\u00e9e":"1 minute"},"schema":{"@context":"https:\/\/schema.org","@graph":[{"@type":"WebPage","@id":"https:\/\/kolser.com\/producto\/ballesta-espada-alemana-siglo-xvi\/","url":"https:\/\/kolser.com\/producto\/ballesta-espada-alemana-siglo-xvi\/","name":"Ballesta-Espada Alemana del siglo XVI","isPartOf":{"@id":"https:\/\/kolser.com\/#website"},"primaryImageOfPage":{"@id":"https:\/\/kolser.com\/producto\/ballesta-espada-alemana-siglo-xvi\/#primaryimage"},"image":{"@id":"https:\/\/kolser.com\/producto\/ballesta-espada-alemana-siglo-xvi\/#primaryimage"},"thumbnailUrl":"https:\/\/kolser.com\/wp-content\/uploads\/2022\/08\/45-849_KOLSER_BALLESTA-ESPADA-ALEMANA-S.XVI_.jpg","datePublished":"2022-08-02T13:49:39+00:00","dateModified":"2025-05-28T12:46:19+00:00","description":"\u2705 R\u00e9plica \u3010BALLESTA- ESPADA ALEMANA\u3011Arma alemana desarrollada hac\u00eda el a\u00f1o 1.600. Fabricada por Kolser con metal Zamak y acabados ultra realistas.","breadcrumb":{"@id":"https:\/\/kolser.com\/producto\/ballesta-espada-alemana-siglo-xvi\/#breadcrumb"},"inLanguage":"fr-FR","potentialAction":[{"@type":"ReadAction","target":["https:\/\/kolser.com\/producto\/ballesta-espada-alemana-siglo-xvi\/"]}]},{"@type":"ImageObject","inLanguage":"fr-FR","@id":"https:\/\/kolser.com\/producto\/ballesta-espada-alemana-siglo-xvi\/#primaryimage","url":"https:\/\/kolser.com\/wp-content\/uploads\/2022\/08\/45-849_KOLSER_BALLESTA-ESPADA-ALEMANA-S.XVI_.jpg","contentUrl":"https:\/\/kolser.com\/wp-content\/uploads\/2022\/08\/45-849_KOLSER_BALLESTA-ESPADA-ALEMANA-S.XVI_.jpg","width":600,"height":600,"caption":"R\u00e9plica de combinaci\u00f3n de espada y ballesta alemana, mostrando un dise\u00f1o de arma antigua con empu\u00f1adura dorada de espada y mecanismo de ballesta."},{"@type":"BreadcrumbList","@id":"https:\/\/kolser.com\/producto\/ballesta-espada-alemana-siglo-xvi\/#breadcrumb","itemListElement":[{"@type":"ListItem","position":1,"name":"Home","item":"https:\/\/kolser.com\/"},{"@type":"ListItem","position":2,"name":"Cat\u00e1logo","item":"https:\/\/kolser.com\/catalogo\/"},{"@type":"ListItem","position":3,"name":"Ballestas y hachas","item":"https:\/\/kolser.com\/categoria-producto\/ballestas-y-hachas\/"},{"@type":"ListItem","position":4,"name":"Ballestas","item":"https:\/\/kolser.com\/categoria-producto\/ballestas-y-hachas\/ballestas\/"},{"@type":"ListItem","position":5,"name":"BALLESTA-ESPADA ALEMANA SIGLO XVI"}]},{"@type":"WebSite","@id":"https:\/\/kolser.com\/#website","url":"https:\/\/kolser.com\/","name":"Kolser","description":"","publisher":{"@id":"https:\/\/kolser.com\/#organization"},"potentialAction":[{"@type":"SearchAction","target":{"@type":"EntryPoint","urlTemplate":"https:\/\/kolser.com\/?s={search_term_string}"},"query-input":{"@type":"PropertyValueSpecification","valueRequired":true,"valueName":"search_term_string"}}],"inLanguage":"fr-FR"},{"@type":"Organization","@id":"https:\/\/kolser.com\/#organization","name":"Kolser","url":"https:\/\/kolser.com\/","logo":{"@type":"ImageObject","inLanguage":"fr-FR","@id":"https:\/\/kolser.com\/#\/schema\/logo\/image\/","url":"https:\/\/kolser.com\/wp-content\/uploads\/2021\/11\/Logo-Cabecera.png","contentUrl":"https:\/\/kolser.com\/wp-content\/uploads\/2021\/11\/Logo-Cabecera.png","width":979,"height":1358,"caption":"Kolser"},"image":{"@id":"https:\/\/kolser.com\/#\/schema\/logo\/image\/"}}]}},"_links":{"self":[{"href":"https:\/\/kolser.com\/fr\/wp-json\/wp\/v2\/product\/15464","targetHints":{"allow":["GET"]}}],"collection":[{"href":"https:\/\/kolser.com\/fr\/wp-json\/wp\/v2\/product"}],"about":[{"href":"https:\/\/kolser.com\/fr\/wp-json\/wp\/v2\/types\/product"}],"replies":[{"embeddable":true,"href":"https:\/\/kolser.com\/fr\/wp-json\/wp\/v2\/comments?post=15464"}],"wp:featuredmedia":[{"embeddable":true,"href":"https:\/\/kolser.com\/fr\/wp-json\/wp\/v2\/media\/15465"}],"wp:attachment":[{"href":"https:\/\/kolser.com\/fr\/wp-json\/wp\/v2\/media?parent=15464"}],"wp:term":[{"taxonomy":"product_brand","embeddable":true,"href":"https:\/\/kolser.com\/fr\/wp-json\/wp\/v2\/product_brand?post=15464"},{"taxonomy":"product_cat","embeddable":true,"href":"https:\/\/kolser.com\/fr\/wp-json\/wp\/v2\/product_cat?post=15464"},{"taxonomy":"product_tag","embeddable":true,"href":"https:\/\/kolser.com\/fr\/wp-json\/wp\/v2\/product_tag?post=15464"},{"taxonomy":"coleccion","embeddable":true,"href":"https:\/\/kolser.com\/fr\/wp-json\/wp\/v2\/coleccion?post=15464"},{"taxonomy":"proposito","embeddable":true,"href":"https:\/\/kolser.com\/fr\/wp-json\/wp\/v2\/proposito?post=15464"}],"curies":[{"name":"wp","href":"https:\/\/api.w.org\/{rel}","templated":true}]}}