{"id":13781,"date":"2021-12-11T09:13:15","date_gmt":"2021-12-11T09:13:15","guid":{"rendered":"https:\/\/kolser.com\/?post_type=product&#038;p=13781"},"modified":"2025-07-28T08:43:17","modified_gmt":"2025-07-28T06:43:17","slug":"plafon-con-llave-portallaves-45-841","status":"publish","type":"product","link":"https:\/\/kolser.com\/fr\/producto\/plafon-con-llave-portallaves-45-841\/","title":{"rendered":"CL\u00c9 PORTE-CL\u00c9S 45-841"},"content":{"rendered":"<p>16X33 cm<\/p>","protected":false},"excerpt":{"rendered":"<p>Kolser nous enchante avec cette magnifique cl\u00e9 porte-cl\u00e9s, fabriqu\u00e9e en m\u00e9tal argent\u00e9. D\u2019une dimension de 16 x 33 cm, la cl\u00e9 est orn\u00e9e d\u2019une couronne surmontant deux aigles, l\u2019un tenant un sceptre et l\u2019autre un orbe, symboles du blason du tsar Nicolas Ier de Russie. Sa tige est enti\u00e8rement grav\u00e9e et pr\u00e9sente un motif en forme de X.<\/p>","protected":false},"featured_media":1430,"comment_status":"closed","ping_status":"closed","template":"","meta":[],"product_brand":[],"product_cat":[25,27],"product_tag":[],"coleccion":[],"proposito":[],"class_list":{"0":"post-13781","1":"product","2":"type-product","3":"status-publish","4":"has-post-thumbnail","6":"product_cat-mundo-antiguo","7":"product_cat-decoracion-medieval","9":"first","10":"instock","11":"shipping-taxable","12":"purchasable","13":"product-type-simple"},"yoast_head":"<!-- This site is optimized with the Yoast SEO plugin v27.4 - https:\/\/yoast.com\/product\/yoast-seo-wordpress\/ -->\n<title>\u25b7LLAVE PORTALLAVES 45-841 - Kolser<\/title>\n<meta name=\"description\" content=\"\u2705 \u3010 PLAF\u00d3N PORTALLAVES \u3011De la casa del Zar Nicolas I de Rusia, con cifrado en forma de X. Disponible en cuatro acabados. 33 cm\" \/>\n<meta name=\"robots\" content=\"index, follow, max-snippet:-1, max-image-preview:large, max-video-preview:-1\" \/>\n<link rel=\"canonical\" href=\"https:\/\/kolser.com\/fr\/produit\/plafon-con-llave-portallaves-45-841\/\" \/>\n<meta property=\"og:locale\" content=\"fr_FR\" \/>\n<meta property=\"og:type\" content=\"article\" \/>\n<meta property=\"og:title\" content=\"\u25b7LLAVE PORTALLAVES 45-841 - Kolser\" \/>\n<meta property=\"og:description\" content=\"\u2705 \u3010 PLAF\u00d3N PORTALLAVES \u3011De la casa del Zar Nicolas I de Rusia, con cifrado en forma de X. Disponible en cuatro acabados. 33 cm\" \/>\n<meta property=\"og:url\" content=\"https:\/\/kolser.com\/fr\/produit\/plafon-con-llave-portallaves-45-841\/\" \/>\n<meta property=\"og:site_name\" content=\"Kolser\" \/>\n<meta property=\"article:modified_time\" content=\"2025-07-28T06:43:17+00:00\" \/>\n<meta property=\"og:image\" content=\"https:\/\/kolser.com\/wp-content\/uploads\/2021\/11\/KOLSER-REPLICA-ARMA-MEDIEVAL-WEAPON-PLAFON-CON-LLAVE-PORTALLAVES45-841-NEG.jpg\" \/>\n\t<meta property=\"og:image:width\" content=\"600\" \/>\n\t<meta property=\"og:image:height\" content=\"600\" \/>\n\t<meta property=\"og:image:type\" content=\"image\/jpeg\" \/>\n<meta name=\"twitter:card\" content=\"summary_large_image\" \/>\n<meta name=\"twitter:label1\" content=\"Dur\u00e9e de lecture estim\u00e9e\" \/>\n\t<meta name=\"twitter:data1\" content=\"1 minute\" \/>\n<script type=\"application\/ld+json\" class=\"yoast-schema-graph\">{\"@context\":\"https:\\\/\\\/schema.org\",\"@graph\":[{\"@type\":\"WebPage\",\"@id\":\"https:\\\/\\\/kolser.com\\\/producto\\\/plafon-con-llave-portallaves-45-841\\\/\",\"url\":\"https:\\\/\\\/kolser.com\\\/producto\\\/plafon-con-llave-portallaves-45-841\\\/\",\"name\":\"\u25b7LLAVE PORTALLAVES 45-841 - Kolser\",\"isPartOf\":{\"@id\":\"https:\\\/\\\/kolser.com\\\/#website\"},\"primaryImageOfPage\":{\"@id\":\"https:\\\/\\\/kolser.com\\\/producto\\\/plafon-con-llave-portallaves-45-841\\\/#primaryimage\"},\"image\":{\"@id\":\"https:\\\/\\\/kolser.com\\\/producto\\\/plafon-con-llave-portallaves-45-841\\\/#primaryimage\"},\"thumbnailUrl\":\"https:\\\/\\\/kolser.com\\\/wp-content\\\/uploads\\\/2021\\\/11\\\/KOLSER-REPLICA-ARMA-MEDIEVAL-WEAPON-PLAFON-CON-LLAVE-PORTALLAVES45-841-NEG.jpg\",\"datePublished\":\"2021-12-11T09:13:15+00:00\",\"dateModified\":\"2025-07-28T06:43:17+00:00\",\"description\":\"\u2705 \u3010 PLAF\u00d3N PORTALLAVES \u3011De la casa del Zar Nicolas I de Rusia, con cifrado en forma de X. Disponible en cuatro acabados. 33 cm\",\"breadcrumb\":{\"@id\":\"https:\\\/\\\/kolser.com\\\/producto\\\/plafon-con-llave-portallaves-45-841\\\/#breadcrumb\"},\"inLanguage\":\"fr-FR\",\"potentialAction\":[{\"@type\":\"ReadAction\",\"target\":[\"https:\\\/\\\/kolser.com\\\/producto\\\/plafon-con-llave-portallaves-45-841\\\/\"]}]},{\"@type\":\"ImageObject\",\"inLanguage\":\"fr-FR\",\"@id\":\"https:\\\/\\\/kolser.com\\\/producto\\\/plafon-con-llave-portallaves-45-841\\\/#primaryimage\",\"url\":\"https:\\\/\\\/kolser.com\\\/wp-content\\\/uploads\\\/2021\\\/11\\\/KOLSER-REPLICA-ARMA-MEDIEVAL-WEAPON-PLAFON-CON-LLAVE-PORTALLAVES45-841-NEG.jpg\",\"contentUrl\":\"https:\\\/\\\/kolser.com\\\/wp-content\\\/uploads\\\/2021\\\/11\\\/KOLSER-REPLICA-ARMA-MEDIEVAL-WEAPON-PLAFON-CON-LLAVE-PORTALLAVES45-841-NEG.jpg\",\"width\":600,\"height\":600,\"caption\":\"Llave decorativa cuelga llaves en metal negro con dos \u00e1guilas representando el escudo del Zar Nicolas I de Rusia. Cifrado en forma de X.\"},{\"@type\":\"BreadcrumbList\",\"@id\":\"https:\\\/\\\/kolser.com\\\/producto\\\/plafon-con-llave-portallaves-45-841\\\/#breadcrumb\",\"itemListElement\":[{\"@type\":\"ListItem\",\"position\":1,\"name\":\"Home\",\"item\":\"https:\\\/\\\/kolser.com\\\/\"},{\"@type\":\"ListItem\",\"position\":2,\"name\":\"Cat\u00e1logo\",\"item\":\"https:\\\/\\\/kolser.com\\\/catalogo\\\/\"},{\"@type\":\"ListItem\",\"position\":3,\"name\":\"Mundo Antiguo\",\"item\":\"https:\\\/\\\/kolser.com\\\/categoria-producto\\\/mundo-antiguo\\\/\"},{\"@type\":\"ListItem\",\"position\":4,\"name\":\"Decoraci\u00f3n medieval\",\"item\":\"https:\\\/\\\/kolser.com\\\/categoria-producto\\\/mundo-antiguo\\\/decoracion-medieval\\\/\"},{\"@type\":\"ListItem\",\"position\":5,\"name\":\"LLAVE PORTALLAVES 45-841\"}]},{\"@type\":\"WebSite\",\"@id\":\"https:\\\/\\\/kolser.com\\\/#website\",\"url\":\"https:\\\/\\\/kolser.com\\\/\",\"name\":\"Kolser\",\"description\":\"\",\"publisher\":{\"@id\":\"https:\\\/\\\/kolser.com\\\/#organization\"},\"potentialAction\":[{\"@type\":\"SearchAction\",\"target\":{\"@type\":\"EntryPoint\",\"urlTemplate\":\"https:\\\/\\\/kolser.com\\\/?s={search_term_string}\"},\"query-input\":{\"@type\":\"PropertyValueSpecification\",\"valueRequired\":true,\"valueName\":\"search_term_string\"}}],\"inLanguage\":\"fr-FR\"},{\"@type\":\"Organization\",\"@id\":\"https:\\\/\\\/kolser.com\\\/#organization\",\"name\":\"Kolser\",\"url\":\"https:\\\/\\\/kolser.com\\\/\",\"logo\":{\"@type\":\"ImageObject\",\"inLanguage\":\"fr-FR\",\"@id\":\"https:\\\/\\\/kolser.com\\\/#\\\/schema\\\/logo\\\/image\\\/\",\"url\":\"https:\\\/\\\/kolser.com\\\/wp-content\\\/uploads\\\/2021\\\/11\\\/Logo-Cabecera.png\",\"contentUrl\":\"https:\\\/\\\/kolser.com\\\/wp-content\\\/uploads\\\/2021\\\/11\\\/Logo-Cabecera.png\",\"width\":979,\"height\":1358,\"caption\":\"Kolser\"},\"image\":{\"@id\":\"https:\\\/\\\/kolser.com\\\/#\\\/schema\\\/logo\\\/image\\\/\"}}]}<\/script>\n<!-- \/ Yoast SEO plugin. -->","yoast_head_json":{"title":"\u25b7LLAVE PORTALLAVES 45-841 - Kolser","description":"\u2705 \u3010 PLAF\u00d3N PORTALLAVES \u3011De la casa del Zar Nicolas I de Rusia, con cifrado en forma de X. Disponible en cuatro acabados. 33 cm","robots":{"index":"index","follow":"follow","max-snippet":"max-snippet:-1","max-image-preview":"max-image-preview:large","max-video-preview":"max-video-preview:-1"},"canonical":"https:\/\/kolser.com\/fr\/produit\/plafon-con-llave-portallaves-45-841\/","og_locale":"fr_FR","og_type":"article","og_title":"\u25b7LLAVE PORTALLAVES 45-841 - Kolser","og_description":"\u2705 \u3010 PLAF\u00d3N PORTALLAVES \u3011De la casa del Zar Nicolas I de Rusia, con cifrado en forma de X. Disponible en cuatro acabados. 33 cm","og_url":"https:\/\/kolser.com\/fr\/produit\/plafon-con-llave-portallaves-45-841\/","og_site_name":"Kolser","article_modified_time":"2025-07-28T06:43:17+00:00","og_image":[{"width":600,"height":600,"url":"https:\/\/kolser.com\/wp-content\/uploads\/2021\/11\/KOLSER-REPLICA-ARMA-MEDIEVAL-WEAPON-PLAFON-CON-LLAVE-PORTALLAVES45-841-NEG.jpg","type":"image\/jpeg"}],"twitter_card":"summary_large_image","twitter_misc":{"Dur\u00e9e de lecture estim\u00e9e":"1 minute"},"schema":{"@context":"https:\/\/schema.org","@graph":[{"@type":"WebPage","@id":"https:\/\/kolser.com\/producto\/plafon-con-llave-portallaves-45-841\/","url":"https:\/\/kolser.com\/producto\/plafon-con-llave-portallaves-45-841\/","name":"\u25b7LLAVE PORTALLAVES 45-841 - Kolser","isPartOf":{"@id":"https:\/\/kolser.com\/#website"},"primaryImageOfPage":{"@id":"https:\/\/kolser.com\/producto\/plafon-con-llave-portallaves-45-841\/#primaryimage"},"image":{"@id":"https:\/\/kolser.com\/producto\/plafon-con-llave-portallaves-45-841\/#primaryimage"},"thumbnailUrl":"https:\/\/kolser.com\/wp-content\/uploads\/2021\/11\/KOLSER-REPLICA-ARMA-MEDIEVAL-WEAPON-PLAFON-CON-LLAVE-PORTALLAVES45-841-NEG.jpg","datePublished":"2021-12-11T09:13:15+00:00","dateModified":"2025-07-28T06:43:17+00:00","description":"\u2705 \u3010 PLAF\u00d3N PORTALLAVES \u3011De la casa del Zar Nicolas I de Rusia, con cifrado en forma de X. Disponible en cuatro acabados. 33 cm","breadcrumb":{"@id":"https:\/\/kolser.com\/producto\/plafon-con-llave-portallaves-45-841\/#breadcrumb"},"inLanguage":"fr-FR","potentialAction":[{"@type":"ReadAction","target":["https:\/\/kolser.com\/producto\/plafon-con-llave-portallaves-45-841\/"]}]},{"@type":"ImageObject","inLanguage":"fr-FR","@id":"https:\/\/kolser.com\/producto\/plafon-con-llave-portallaves-45-841\/#primaryimage","url":"https:\/\/kolser.com\/wp-content\/uploads\/2021\/11\/KOLSER-REPLICA-ARMA-MEDIEVAL-WEAPON-PLAFON-CON-LLAVE-PORTALLAVES45-841-NEG.jpg","contentUrl":"https:\/\/kolser.com\/wp-content\/uploads\/2021\/11\/KOLSER-REPLICA-ARMA-MEDIEVAL-WEAPON-PLAFON-CON-LLAVE-PORTALLAVES45-841-NEG.jpg","width":600,"height":600,"caption":"Llave decorativa cuelga llaves en metal negro con dos \u00e1guilas representando el escudo del Zar Nicolas I de Rusia. Cifrado en forma de X."},{"@type":"BreadcrumbList","@id":"https:\/\/kolser.com\/producto\/plafon-con-llave-portallaves-45-841\/#breadcrumb","itemListElement":[{"@type":"ListItem","position":1,"name":"Home","item":"https:\/\/kolser.com\/"},{"@type":"ListItem","position":2,"name":"Cat\u00e1logo","item":"https:\/\/kolser.com\/catalogo\/"},{"@type":"ListItem","position":3,"name":"Mundo Antiguo","item":"https:\/\/kolser.com\/categoria-producto\/mundo-antiguo\/"},{"@type":"ListItem","position":4,"name":"Decoraci\u00f3n medieval","item":"https:\/\/kolser.com\/categoria-producto\/mundo-antiguo\/decoracion-medieval\/"},{"@type":"ListItem","position":5,"name":"LLAVE PORTALLAVES 45-841"}]},{"@type":"WebSite","@id":"https:\/\/kolser.com\/#website","url":"https:\/\/kolser.com\/","name":"Kolser","description":"","publisher":{"@id":"https:\/\/kolser.com\/#organization"},"potentialAction":[{"@type":"SearchAction","target":{"@type":"EntryPoint","urlTemplate":"https:\/\/kolser.com\/?s={search_term_string}"},"query-input":{"@type":"PropertyValueSpecification","valueRequired":true,"valueName":"search_term_string"}}],"inLanguage":"fr-FR"},{"@type":"Organization","@id":"https:\/\/kolser.com\/#organization","name":"Kolser","url":"https:\/\/kolser.com\/","logo":{"@type":"ImageObject","inLanguage":"fr-FR","@id":"https:\/\/kolser.com\/#\/schema\/logo\/image\/","url":"https:\/\/kolser.com\/wp-content\/uploads\/2021\/11\/Logo-Cabecera.png","contentUrl":"https:\/\/kolser.com\/wp-content\/uploads\/2021\/11\/Logo-Cabecera.png","width":979,"height":1358,"caption":"Kolser"},"image":{"@id":"https:\/\/kolser.com\/#\/schema\/logo\/image\/"}}]}},"_links":{"self":[{"href":"https:\/\/kolser.com\/fr\/wp-json\/wp\/v2\/product\/13781","targetHints":{"allow":["GET"]}}],"collection":[{"href":"https:\/\/kolser.com\/fr\/wp-json\/wp\/v2\/product"}],"about":[{"href":"https:\/\/kolser.com\/fr\/wp-json\/wp\/v2\/types\/product"}],"replies":[{"embeddable":true,"href":"https:\/\/kolser.com\/fr\/wp-json\/wp\/v2\/comments?post=13781"}],"wp:featuredmedia":[{"embeddable":true,"href":"https:\/\/kolser.com\/fr\/wp-json\/wp\/v2\/media\/1430"}],"wp:attachment":[{"href":"https:\/\/kolser.com\/fr\/wp-json\/wp\/v2\/media?parent=13781"}],"wp:term":[{"taxonomy":"product_brand","embeddable":true,"href":"https:\/\/kolser.com\/fr\/wp-json\/wp\/v2\/product_brand?post=13781"},{"taxonomy":"product_cat","embeddable":true,"href":"https:\/\/kolser.com\/fr\/wp-json\/wp\/v2\/product_cat?post=13781"},{"taxonomy":"product_tag","embeddable":true,"href":"https:\/\/kolser.com\/fr\/wp-json\/wp\/v2\/product_tag?post=13781"},{"taxonomy":"coleccion","embeddable":true,"href":"https:\/\/kolser.com\/fr\/wp-json\/wp\/v2\/coleccion?post=13781"},{"taxonomy":"proposito","embeddable":true,"href":"https:\/\/kolser.com\/fr\/wp-json\/wp\/v2\/proposito?post=13781"}],"curies":[{"name":"wp","href":"https:\/\/api.w.org\/{rel}","templated":true}]}}