{"id":13749,"date":"2021-12-11T09:13:12","date_gmt":"2021-12-11T09:13:12","guid":{"rendered":"https:\/\/kolser.com\/?post_type=product&#038;p=13749"},"modified":"2024-03-10T08:23:27","modified_gmt":"2024-03-10T08:23:27","slug":"pistola-arcabuz-s-xviii","status":"publish","type":"product","link":"https:\/\/kolser.com\/fr\/producto\/pistola-arcabuz-s-xviii\/","title":{"rendered":"PISTOLET ARQUEBUSADE XVIIIe SI\u00c8CLE"},"content":{"rendered":"<p class=\"translation-block\">Superbe r\u00e9plique d\u2019un <strong>pistolet arquebuse<\/strong> du XVIIIe si\u00e8cle, anc\u00eatre direct du mousquet. Il pr\u00e9sente une poign\u00e9e richement d\u00e9cor\u00e9e, de la crosse jusqu\u2019\u00e0 la bouche \u00e0 feu. Kolser, en tant que fabricant, a souhait\u00e9 pr\u00e9server l\u2019authenticit\u00e9 du mod\u00e8le en ornant le canon en m\u00e9tal de fines gravures qui en valorisent l\u2019esth\u00e9tique.<\/p>\n<p>Le corps de l\u2019arme est fabriqu\u00e9 en r\u00e9sine, ce qui conf\u00e8re \u00e0 cette pi\u00e8ce majestueuse solidit\u00e9 et durabilit\u00e9. Avec une longueur totale de 48 centim\u00e8tres, elle impose naturellement sa pr\u00e9sence une fois en main. L\u2019original a longtemps \u00e9t\u00e9 utilis\u00e9 dans les rangs de l\u2019infanterie europ\u00e9enne, preuve de sa robustesse et de sa polyvalence. Une arme de grande envergure qui ne manquera pas de se distinguer dans votre collection.<\/p>\n<p>48 cm<\/p>","protected":false},"excerpt":{"rendered":"<p>Magnifica replica de pistola arcabuz siglo XVIII, es la antecesora del mosquete, tiene un mango completamente decorado desde su empu\u00f1adura hasta la boca de fuego, kolser como fabricante de esta r\u00e9plica, desea mantener su originalidad adornando el ca\u00f1\u00f3n fabricado en metal con lindos talles que embellecen su est\u00e9tica. El cuerpo del arma est\u00e1 elaborado en [&hellip;]<\/p>\n","protected":false},"featured_media":1453,"comment_status":"closed","ping_status":"closed","template":"","meta":[],"product_brand":[],"product_cat":[30,31],"product_tag":[],"coleccion":[],"proposito":[],"class_list":{"0":"post-13749","1":"product","2":"type-product","3":"status-publish","4":"has-post-thumbnail","6":"product_cat-pistolas","7":"product_cat-pistolas-pistolas-antiguas","9":"first","10":"instock","11":"shipping-taxable","12":"purchasable","13":"product-type-variable"},"yoast_head":"<!-- This site is optimized with the Yoast SEO plugin v27.4 - https:\/\/yoast.com\/product\/yoast-seo-wordpress\/ -->\n<title>PISTOLA ARCABUZ SIGLO XVIII - Kolser<\/title>\n<meta name=\"description\" content=\"\u2705 R\u00e9plica\u3010 PISTOLA ARCABUZ s.XVIII \u3011Pistola de \u00e9poca en la que los caballeros las usaban para duelos. Disponible en 3 acabados.\" \/>\n<meta name=\"robots\" content=\"index, follow, max-snippet:-1, max-image-preview:large, max-video-preview:-1\" \/>\n<link rel=\"canonical\" href=\"https:\/\/kolser.com\/fr\/produit\/pistola-arcabuz-s-xviii\/\" \/>\n<meta property=\"og:locale\" content=\"fr_FR\" \/>\n<meta property=\"og:type\" content=\"article\" \/>\n<meta property=\"og:title\" content=\"PISTOLA ARCABUZ SIGLO XVIII - Kolser\" \/>\n<meta property=\"og:description\" content=\"\u2705 R\u00e9plica\u3010 PISTOLA ARCABUZ s.XVIII \u3011Pistola de \u00e9poca en la que los caballeros las usaban para duelos. Disponible en 3 acabados.\" \/>\n<meta property=\"og:url\" content=\"https:\/\/kolser.com\/fr\/produit\/pistola-arcabuz-s-xviii\/\" \/>\n<meta property=\"og:site_name\" content=\"Kolser\" \/>\n<meta property=\"article:modified_time\" content=\"2024-03-10T08:23:27+00:00\" \/>\n<meta property=\"og:image\" content=\"https:\/\/kolser.com\/wp-content\/uploads\/2021\/11\/KOLSER-REPLICA-PISTOLA-PIRATA-GUN-PISTOLA-PIRATA-DE-CHISPA-SXVIII47-1105.jpg\" \/>\n\t<meta property=\"og:image:width\" content=\"600\" \/>\n\t<meta property=\"og:image:height\" content=\"600\" \/>\n\t<meta property=\"og:image:type\" content=\"image\/jpeg\" \/>\n<meta name=\"twitter:card\" content=\"summary_large_image\" \/>\n<meta name=\"twitter:label1\" content=\"Dur\u00e9e de lecture estim\u00e9e\" \/>\n\t<meta name=\"twitter:data1\" content=\"1 minute\" \/>\n<script type=\"application\/ld+json\" class=\"yoast-schema-graph\">{\"@context\":\"https:\\\/\\\/schema.org\",\"@graph\":[{\"@type\":\"WebPage\",\"@id\":\"https:\\\/\\\/kolser.com\\\/producto\\\/pistola-arcabuz-s-xviii\\\/\",\"url\":\"https:\\\/\\\/kolser.com\\\/producto\\\/pistola-arcabuz-s-xviii\\\/\",\"name\":\"PISTOLA ARCABUZ SIGLO XVIII - Kolser\",\"isPartOf\":{\"@id\":\"https:\\\/\\\/kolser.com\\\/#website\"},\"primaryImageOfPage\":{\"@id\":\"https:\\\/\\\/kolser.com\\\/producto\\\/pistola-arcabuz-s-xviii\\\/#primaryimage\"},\"image\":{\"@id\":\"https:\\\/\\\/kolser.com\\\/producto\\\/pistola-arcabuz-s-xviii\\\/#primaryimage\"},\"thumbnailUrl\":\"https:\\\/\\\/kolser.com\\\/wp-content\\\/uploads\\\/2021\\\/11\\\/KOLSER-REPLICA-PISTOLA-PIRATA-GUN-PISTOLA-PIRATA-DE-CHISPA-SXVIII47-1105.jpg\",\"datePublished\":\"2021-12-11T09:13:12+00:00\",\"dateModified\":\"2024-03-10T08:23:27+00:00\",\"description\":\"\u2705 R\u00e9plica\u3010 PISTOLA ARCABUZ s.XVIII \u3011Pistola de \u00e9poca en la que los caballeros las usaban para duelos. Disponible en 3 acabados.\",\"breadcrumb\":{\"@id\":\"https:\\\/\\\/kolser.com\\\/producto\\\/pistola-arcabuz-s-xviii\\\/#breadcrumb\"},\"inLanguage\":\"fr-FR\",\"potentialAction\":[{\"@type\":\"ReadAction\",\"target\":[\"https:\\\/\\\/kolser.com\\\/producto\\\/pistola-arcabuz-s-xviii\\\/\"]}]},{\"@type\":\"ImageObject\",\"inLanguage\":\"fr-FR\",\"@id\":\"https:\\\/\\\/kolser.com\\\/producto\\\/pistola-arcabuz-s-xviii\\\/#primaryimage\",\"url\":\"https:\\\/\\\/kolser.com\\\/wp-content\\\/uploads\\\/2021\\\/11\\\/KOLSER-REPLICA-PISTOLA-PIRATA-GUN-PISTOLA-PIRATA-DE-CHISPA-SXVIII47-1105.jpg\",\"contentUrl\":\"https:\\\/\\\/kolser.com\\\/wp-content\\\/uploads\\\/2021\\\/11\\\/KOLSER-REPLICA-PISTOLA-PIRATA-GUN-PISTOLA-PIRATA-DE-CHISPA-SXVIII47-1105.jpg\",\"width\":600,\"height\":600,\"caption\":\"PISTOLA ARCABUZ SIGLO XVIII\"},{\"@type\":\"BreadcrumbList\",\"@id\":\"https:\\\/\\\/kolser.com\\\/producto\\\/pistola-arcabuz-s-xviii\\\/#breadcrumb\",\"itemListElement\":[{\"@type\":\"ListItem\",\"position\":1,\"name\":\"Home\",\"item\":\"https:\\\/\\\/kolser.com\\\/\"},{\"@type\":\"ListItem\",\"position\":2,\"name\":\"Cat\u00e1logo\",\"item\":\"https:\\\/\\\/kolser.com\\\/catalogo\\\/\"},{\"@type\":\"ListItem\",\"position\":3,\"name\":\"Pistolas\",\"item\":\"https:\\\/\\\/kolser.com\\\/categoria-producto\\\/pistolas\\\/\"},{\"@type\":\"ListItem\",\"position\":4,\"name\":\"Pistolas\",\"item\":\"https:\\\/\\\/kolser.com\\\/categoria-producto\\\/pistolas\\\/pistolas-pistolas-antiguas\\\/\"},{\"@type\":\"ListItem\",\"position\":5,\"name\":\"PISTOLA ARCABUZ SIGLO XVIII\"}]},{\"@type\":\"WebSite\",\"@id\":\"https:\\\/\\\/kolser.com\\\/#website\",\"url\":\"https:\\\/\\\/kolser.com\\\/\",\"name\":\"Kolser\",\"description\":\"\",\"publisher\":{\"@id\":\"https:\\\/\\\/kolser.com\\\/#organization\"},\"potentialAction\":[{\"@type\":\"SearchAction\",\"target\":{\"@type\":\"EntryPoint\",\"urlTemplate\":\"https:\\\/\\\/kolser.com\\\/?s={search_term_string}\"},\"query-input\":{\"@type\":\"PropertyValueSpecification\",\"valueRequired\":true,\"valueName\":\"search_term_string\"}}],\"inLanguage\":\"fr-FR\"},{\"@type\":\"Organization\",\"@id\":\"https:\\\/\\\/kolser.com\\\/#organization\",\"name\":\"Kolser\",\"url\":\"https:\\\/\\\/kolser.com\\\/\",\"logo\":{\"@type\":\"ImageObject\",\"inLanguage\":\"fr-FR\",\"@id\":\"https:\\\/\\\/kolser.com\\\/#\\\/schema\\\/logo\\\/image\\\/\",\"url\":\"https:\\\/\\\/kolser.com\\\/wp-content\\\/uploads\\\/2021\\\/11\\\/Logo-Cabecera.png\",\"contentUrl\":\"https:\\\/\\\/kolser.com\\\/wp-content\\\/uploads\\\/2021\\\/11\\\/Logo-Cabecera.png\",\"width\":979,\"height\":1358,\"caption\":\"Kolser\"},\"image\":{\"@id\":\"https:\\\/\\\/kolser.com\\\/#\\\/schema\\\/logo\\\/image\\\/\"}}]}<\/script>\n<!-- \/ Yoast SEO plugin. -->","yoast_head_json":{"title":"PISTOLA ARCABUZ SIGLO XVIII - Kolser","description":"\u2705 R\u00e9plica\u3010 PISTOLA ARCABUZ s.XVIII \u3011Pistola de \u00e9poca en la que los caballeros las usaban para duelos. Disponible en 3 acabados.","robots":{"index":"index","follow":"follow","max-snippet":"max-snippet:-1","max-image-preview":"max-image-preview:large","max-video-preview":"max-video-preview:-1"},"canonical":"https:\/\/kolser.com\/fr\/produit\/pistola-arcabuz-s-xviii\/","og_locale":"fr_FR","og_type":"article","og_title":"PISTOLA ARCABUZ SIGLO XVIII - Kolser","og_description":"\u2705 R\u00e9plica\u3010 PISTOLA ARCABUZ s.XVIII \u3011Pistola de \u00e9poca en la que los caballeros las usaban para duelos. Disponible en 3 acabados.","og_url":"https:\/\/kolser.com\/fr\/produit\/pistola-arcabuz-s-xviii\/","og_site_name":"Kolser","article_modified_time":"2024-03-10T08:23:27+00:00","og_image":[{"width":600,"height":600,"url":"https:\/\/kolser.com\/wp-content\/uploads\/2021\/11\/KOLSER-REPLICA-PISTOLA-PIRATA-GUN-PISTOLA-PIRATA-DE-CHISPA-SXVIII47-1105.jpg","type":"image\/jpeg"}],"twitter_card":"summary_large_image","twitter_misc":{"Dur\u00e9e de lecture estim\u00e9e":"1 minute"},"schema":{"@context":"https:\/\/schema.org","@graph":[{"@type":"WebPage","@id":"https:\/\/kolser.com\/producto\/pistola-arcabuz-s-xviii\/","url":"https:\/\/kolser.com\/producto\/pistola-arcabuz-s-xviii\/","name":"PISTOLA ARCABUZ SIGLO XVIII - Kolser","isPartOf":{"@id":"https:\/\/kolser.com\/#website"},"primaryImageOfPage":{"@id":"https:\/\/kolser.com\/producto\/pistola-arcabuz-s-xviii\/#primaryimage"},"image":{"@id":"https:\/\/kolser.com\/producto\/pistola-arcabuz-s-xviii\/#primaryimage"},"thumbnailUrl":"https:\/\/kolser.com\/wp-content\/uploads\/2021\/11\/KOLSER-REPLICA-PISTOLA-PIRATA-GUN-PISTOLA-PIRATA-DE-CHISPA-SXVIII47-1105.jpg","datePublished":"2021-12-11T09:13:12+00:00","dateModified":"2024-03-10T08:23:27+00:00","description":"\u2705 R\u00e9plica\u3010 PISTOLA ARCABUZ s.XVIII \u3011Pistola de \u00e9poca en la que los caballeros las usaban para duelos. Disponible en 3 acabados.","breadcrumb":{"@id":"https:\/\/kolser.com\/producto\/pistola-arcabuz-s-xviii\/#breadcrumb"},"inLanguage":"fr-FR","potentialAction":[{"@type":"ReadAction","target":["https:\/\/kolser.com\/producto\/pistola-arcabuz-s-xviii\/"]}]},{"@type":"ImageObject","inLanguage":"fr-FR","@id":"https:\/\/kolser.com\/producto\/pistola-arcabuz-s-xviii\/#primaryimage","url":"https:\/\/kolser.com\/wp-content\/uploads\/2021\/11\/KOLSER-REPLICA-PISTOLA-PIRATA-GUN-PISTOLA-PIRATA-DE-CHISPA-SXVIII47-1105.jpg","contentUrl":"https:\/\/kolser.com\/wp-content\/uploads\/2021\/11\/KOLSER-REPLICA-PISTOLA-PIRATA-GUN-PISTOLA-PIRATA-DE-CHISPA-SXVIII47-1105.jpg","width":600,"height":600,"caption":"PISTOLA ARCABUZ SIGLO XVIII"},{"@type":"BreadcrumbList","@id":"https:\/\/kolser.com\/producto\/pistola-arcabuz-s-xviii\/#breadcrumb","itemListElement":[{"@type":"ListItem","position":1,"name":"Home","item":"https:\/\/kolser.com\/"},{"@type":"ListItem","position":2,"name":"Cat\u00e1logo","item":"https:\/\/kolser.com\/catalogo\/"},{"@type":"ListItem","position":3,"name":"Pistolas","item":"https:\/\/kolser.com\/categoria-producto\/pistolas\/"},{"@type":"ListItem","position":4,"name":"Pistolas","item":"https:\/\/kolser.com\/categoria-producto\/pistolas\/pistolas-pistolas-antiguas\/"},{"@type":"ListItem","position":5,"name":"PISTOLA ARCABUZ SIGLO XVIII"}]},{"@type":"WebSite","@id":"https:\/\/kolser.com\/#website","url":"https:\/\/kolser.com\/","name":"Kolser","description":"","publisher":{"@id":"https:\/\/kolser.com\/#organization"},"potentialAction":[{"@type":"SearchAction","target":{"@type":"EntryPoint","urlTemplate":"https:\/\/kolser.com\/?s={search_term_string}"},"query-input":{"@type":"PropertyValueSpecification","valueRequired":true,"valueName":"search_term_string"}}],"inLanguage":"fr-FR"},{"@type":"Organization","@id":"https:\/\/kolser.com\/#organization","name":"Kolser","url":"https:\/\/kolser.com\/","logo":{"@type":"ImageObject","inLanguage":"fr-FR","@id":"https:\/\/kolser.com\/#\/schema\/logo\/image\/","url":"https:\/\/kolser.com\/wp-content\/uploads\/2021\/11\/Logo-Cabecera.png","contentUrl":"https:\/\/kolser.com\/wp-content\/uploads\/2021\/11\/Logo-Cabecera.png","width":979,"height":1358,"caption":"Kolser"},"image":{"@id":"https:\/\/kolser.com\/#\/schema\/logo\/image\/"}}]}},"_links":{"self":[{"href":"https:\/\/kolser.com\/fr\/wp-json\/wp\/v2\/product\/13749","targetHints":{"allow":["GET"]}}],"collection":[{"href":"https:\/\/kolser.com\/fr\/wp-json\/wp\/v2\/product"}],"about":[{"href":"https:\/\/kolser.com\/fr\/wp-json\/wp\/v2\/types\/product"}],"replies":[{"embeddable":true,"href":"https:\/\/kolser.com\/fr\/wp-json\/wp\/v2\/comments?post=13749"}],"wp:featuredmedia":[{"embeddable":true,"href":"https:\/\/kolser.com\/fr\/wp-json\/wp\/v2\/media\/1453"}],"wp:attachment":[{"href":"https:\/\/kolser.com\/fr\/wp-json\/wp\/v2\/media?parent=13749"}],"wp:term":[{"taxonomy":"product_brand","embeddable":true,"href":"https:\/\/kolser.com\/fr\/wp-json\/wp\/v2\/product_brand?post=13749"},{"taxonomy":"product_cat","embeddable":true,"href":"https:\/\/kolser.com\/fr\/wp-json\/wp\/v2\/product_cat?post=13749"},{"taxonomy":"product_tag","embeddable":true,"href":"https:\/\/kolser.com\/fr\/wp-json\/wp\/v2\/product_tag?post=13749"},{"taxonomy":"coleccion","embeddable":true,"href":"https:\/\/kolser.com\/fr\/wp-json\/wp\/v2\/coleccion?post=13749"},{"taxonomy":"proposito","embeddable":true,"href":"https:\/\/kolser.com\/fr\/wp-json\/wp\/v2\/proposito?post=13749"}],"curies":[{"name":"wp","href":"https:\/\/api.w.org\/{rel}","templated":true}]}}