{"id":13724,"date":"2021-12-11T09:13:10","date_gmt":"2021-12-11T09:13:10","guid":{"rendered":"https:\/\/kolser.com\/?post_type=product&#038;p=13724"},"modified":"2025-09-16T12:56:10","modified_gmt":"2025-09-16T10:56:10","slug":"ballesta","status":"publish","type":"product","link":"https:\/\/kolser.com\/fr\/producto\/ballesta\/","title":{"rendered":"ARBAL\u00c8TE"},"content":{"rendered":"<p>38X27 cm<\/p>","protected":false},"excerpt":{"rendered":"<p>Si vous voulez vous sentir comme un chasseur d\u2019autrefois, Kolser vous pr\u00e9sente cette r\u00e9plique d\u2019arbal\u00e8te du Xe si\u00e8cle \u2014 une arme de pr\u00e9cision \u00e0 longue port\u00e9e, fabriqu\u00e9e en r\u00e9sine et zamak.\n\nElle mesure 38 \u00d7 27 cm et se d\u00e9cline en finition imitation ivoire ou bois, avec des touches vieillies qui vous plongent au c\u0153ur du Moyen \u00c2ge.\n\nSa l\u00e9g\u00e8ret\u00e9 offre une prise en main confortable et une impression de puissance \u00e0 l\u2019usage.<\/p>","protected":false},"featured_media":14471,"comment_status":"closed","ping_status":"closed","template":"","meta":[],"product_brand":[],"product_cat":[131,25],"product_tag":[],"coleccion":[],"proposito":[],"class_list":{"0":"post-13724","1":"product","2":"type-product","3":"status-publish","4":"has-post-thumbnail","6":"product_cat-ballestas","7":"product_cat-mundo-antiguo","9":"first","10":"instock","11":"shipping-taxable","12":"purchasable","13":"product-type-variable"},"yoast_head":"<!-- This site is optimized with the Yoast SEO plugin v27.4 - https:\/\/yoast.com\/product\/yoast-seo-wordpress\/ -->\n<title>\u25b7BALLESTA - Kolser<\/title>\n<meta name=\"description\" content=\"\u2705 R\u00e9plica\u3010 BALLESTA \u3011Arma de largo alcance y destreza fabricada en resina y zamak. Disponible en 2 acabados. Dimensi\u00f3nes de 38x27 cm\" \/>\n<meta name=\"robots\" content=\"index, follow, max-snippet:-1, max-image-preview:large, max-video-preview:-1\" \/>\n<link rel=\"canonical\" href=\"https:\/\/kolser.com\/fr\/produit\/ballesta\/\" \/>\n<meta property=\"og:locale\" content=\"fr_FR\" \/>\n<meta property=\"og:type\" content=\"article\" \/>\n<meta property=\"og:title\" content=\"\u25b7BALLESTA - Kolser\" \/>\n<meta property=\"og:description\" content=\"\u2705 R\u00e9plica\u3010 BALLESTA \u3011Arma de largo alcance y destreza fabricada en resina y zamak. Disponible en 2 acabados. Dimensi\u00f3nes de 38x27 cm\" \/>\n<meta property=\"og:url\" content=\"https:\/\/kolser.com\/fr\/produit\/ballesta\/\" \/>\n<meta property=\"og:site_name\" content=\"Kolser\" \/>\n<meta property=\"article:modified_time\" content=\"2025-09-16T10:56:10+00:00\" \/>\n<meta property=\"og:image\" content=\"https:\/\/kolser.com\/wp-content\/uploads\/2021\/12\/KOLSER-REPLICA-WEAPONS_BALLESTA-MARFIL_45-827-4.jpg\" \/>\n\t<meta property=\"og:image:width\" content=\"600\" \/>\n\t<meta property=\"og:image:height\" content=\"600\" \/>\n\t<meta property=\"og:image:type\" content=\"image\/jpeg\" \/>\n<meta name=\"twitter:card\" content=\"summary_large_image\" \/>\n<meta name=\"twitter:label1\" content=\"Dur\u00e9e de lecture estim\u00e9e\" \/>\n\t<meta name=\"twitter:data1\" content=\"1 minute\" \/>\n<script type=\"application\/ld+json\" class=\"yoast-schema-graph\">{\"@context\":\"https:\\\/\\\/schema.org\",\"@graph\":[{\"@type\":\"WebPage\",\"@id\":\"https:\\\/\\\/kolser.com\\\/producto\\\/ballesta\\\/\",\"url\":\"https:\\\/\\\/kolser.com\\\/producto\\\/ballesta\\\/\",\"name\":\"\u25b7BALLESTA - Kolser\",\"isPartOf\":{\"@id\":\"https:\\\/\\\/kolser.com\\\/#website\"},\"primaryImageOfPage\":{\"@id\":\"https:\\\/\\\/kolser.com\\\/producto\\\/ballesta\\\/#primaryimage\"},\"image\":{\"@id\":\"https:\\\/\\\/kolser.com\\\/producto\\\/ballesta\\\/#primaryimage\"},\"thumbnailUrl\":\"https:\\\/\\\/kolser.com\\\/wp-content\\\/uploads\\\/2021\\\/12\\\/KOLSER-REPLICA-WEAPONS_BALLESTA-MARFIL_45-827-4.jpg\",\"datePublished\":\"2021-12-11T09:13:10+00:00\",\"dateModified\":\"2025-09-16T10:56:10+00:00\",\"description\":\"\u2705 R\u00e9plica\u3010 BALLESTA \u3011Arma de largo alcance y destreza fabricada en resina y zamak. Disponible en 2 acabados. Dimensi\u00f3nes de 38x27 cm\",\"breadcrumb\":{\"@id\":\"https:\\\/\\\/kolser.com\\\/producto\\\/ballesta\\\/#breadcrumb\"},\"inLanguage\":\"fr-FR\",\"potentialAction\":[{\"@type\":\"ReadAction\",\"target\":[\"https:\\\/\\\/kolser.com\\\/producto\\\/ballesta\\\/\"]}]},{\"@type\":\"ImageObject\",\"inLanguage\":\"fr-FR\",\"@id\":\"https:\\\/\\\/kolser.com\\\/producto\\\/ballesta\\\/#primaryimage\",\"url\":\"https:\\\/\\\/kolser.com\\\/wp-content\\\/uploads\\\/2021\\\/12\\\/KOLSER-REPLICA-WEAPONS_BALLESTA-MARFIL_45-827-4.jpg\",\"contentUrl\":\"https:\\\/\\\/kolser.com\\\/wp-content\\\/uploads\\\/2021\\\/12\\\/KOLSER-REPLICA-WEAPONS_BALLESTA-MARFIL_45-827-4.jpg\",\"width\":600,\"height\":600,\"caption\":\"Vista latera de r\u00e9plica de ballesta de cazador con decoraciones ornamentales en color marfil y mecanismo detallado en tonos dorados.\"},{\"@type\":\"BreadcrumbList\",\"@id\":\"https:\\\/\\\/kolser.com\\\/producto\\\/ballesta\\\/#breadcrumb\",\"itemListElement\":[{\"@type\":\"ListItem\",\"position\":1,\"name\":\"Home\",\"item\":\"https:\\\/\\\/kolser.com\\\/\"},{\"@type\":\"ListItem\",\"position\":2,\"name\":\"Cat\u00e1logo\",\"item\":\"https:\\\/\\\/kolser.com\\\/catalogo\\\/\"},{\"@type\":\"ListItem\",\"position\":3,\"name\":\"Ballestas y hachas\",\"item\":\"https:\\\/\\\/kolser.com\\\/categoria-producto\\\/ballestas-y-hachas\\\/\"},{\"@type\":\"ListItem\",\"position\":4,\"name\":\"Ballestas\",\"item\":\"https:\\\/\\\/kolser.com\\\/categoria-producto\\\/ballestas-y-hachas\\\/ballestas\\\/\"},{\"@type\":\"ListItem\",\"position\":5,\"name\":\"BALLESTA\"}]},{\"@type\":\"WebSite\",\"@id\":\"https:\\\/\\\/kolser.com\\\/#website\",\"url\":\"https:\\\/\\\/kolser.com\\\/\",\"name\":\"Kolser\",\"description\":\"\",\"publisher\":{\"@id\":\"https:\\\/\\\/kolser.com\\\/#organization\"},\"potentialAction\":[{\"@type\":\"SearchAction\",\"target\":{\"@type\":\"EntryPoint\",\"urlTemplate\":\"https:\\\/\\\/kolser.com\\\/?s={search_term_string}\"},\"query-input\":{\"@type\":\"PropertyValueSpecification\",\"valueRequired\":true,\"valueName\":\"search_term_string\"}}],\"inLanguage\":\"fr-FR\"},{\"@type\":\"Organization\",\"@id\":\"https:\\\/\\\/kolser.com\\\/#organization\",\"name\":\"Kolser\",\"url\":\"https:\\\/\\\/kolser.com\\\/\",\"logo\":{\"@type\":\"ImageObject\",\"inLanguage\":\"fr-FR\",\"@id\":\"https:\\\/\\\/kolser.com\\\/#\\\/schema\\\/logo\\\/image\\\/\",\"url\":\"https:\\\/\\\/kolser.com\\\/wp-content\\\/uploads\\\/2021\\\/11\\\/Logo-Cabecera.png\",\"contentUrl\":\"https:\\\/\\\/kolser.com\\\/wp-content\\\/uploads\\\/2021\\\/11\\\/Logo-Cabecera.png\",\"width\":979,\"height\":1358,\"caption\":\"Kolser\"},\"image\":{\"@id\":\"https:\\\/\\\/kolser.com\\\/#\\\/schema\\\/logo\\\/image\\\/\"}}]}<\/script>\n<!-- \/ Yoast SEO plugin. -->","yoast_head_json":{"title":"\u25b7BALLESTA - Kolser","description":"\u2705 R\u00e9plica\u3010 BALLESTA \u3011Arma de largo alcance y destreza fabricada en resina y zamak. Disponible en 2 acabados. Dimensi\u00f3nes de 38x27 cm","robots":{"index":"index","follow":"follow","max-snippet":"max-snippet:-1","max-image-preview":"max-image-preview:large","max-video-preview":"max-video-preview:-1"},"canonical":"https:\/\/kolser.com\/fr\/produit\/ballesta\/","og_locale":"fr_FR","og_type":"article","og_title":"\u25b7BALLESTA - Kolser","og_description":"\u2705 R\u00e9plica\u3010 BALLESTA \u3011Arma de largo alcance y destreza fabricada en resina y zamak. Disponible en 2 acabados. Dimensi\u00f3nes de 38x27 cm","og_url":"https:\/\/kolser.com\/fr\/produit\/ballesta\/","og_site_name":"Kolser","article_modified_time":"2025-09-16T10:56:10+00:00","og_image":[{"width":600,"height":600,"url":"https:\/\/kolser.com\/wp-content\/uploads\/2021\/12\/KOLSER-REPLICA-WEAPONS_BALLESTA-MARFIL_45-827-4.jpg","type":"image\/jpeg"}],"twitter_card":"summary_large_image","twitter_misc":{"Dur\u00e9e de lecture estim\u00e9e":"1 minute"},"schema":{"@context":"https:\/\/schema.org","@graph":[{"@type":"WebPage","@id":"https:\/\/kolser.com\/producto\/ballesta\/","url":"https:\/\/kolser.com\/producto\/ballesta\/","name":"\u25b7BALLESTA - Kolser","isPartOf":{"@id":"https:\/\/kolser.com\/#website"},"primaryImageOfPage":{"@id":"https:\/\/kolser.com\/producto\/ballesta\/#primaryimage"},"image":{"@id":"https:\/\/kolser.com\/producto\/ballesta\/#primaryimage"},"thumbnailUrl":"https:\/\/kolser.com\/wp-content\/uploads\/2021\/12\/KOLSER-REPLICA-WEAPONS_BALLESTA-MARFIL_45-827-4.jpg","datePublished":"2021-12-11T09:13:10+00:00","dateModified":"2025-09-16T10:56:10+00:00","description":"\u2705 R\u00e9plica\u3010 BALLESTA \u3011Arma de largo alcance y destreza fabricada en resina y zamak. Disponible en 2 acabados. Dimensi\u00f3nes de 38x27 cm","breadcrumb":{"@id":"https:\/\/kolser.com\/producto\/ballesta\/#breadcrumb"},"inLanguage":"fr-FR","potentialAction":[{"@type":"ReadAction","target":["https:\/\/kolser.com\/producto\/ballesta\/"]}]},{"@type":"ImageObject","inLanguage":"fr-FR","@id":"https:\/\/kolser.com\/producto\/ballesta\/#primaryimage","url":"https:\/\/kolser.com\/wp-content\/uploads\/2021\/12\/KOLSER-REPLICA-WEAPONS_BALLESTA-MARFIL_45-827-4.jpg","contentUrl":"https:\/\/kolser.com\/wp-content\/uploads\/2021\/12\/KOLSER-REPLICA-WEAPONS_BALLESTA-MARFIL_45-827-4.jpg","width":600,"height":600,"caption":"Vista latera de r\u00e9plica de ballesta de cazador con decoraciones ornamentales en color marfil y mecanismo detallado en tonos dorados."},{"@type":"BreadcrumbList","@id":"https:\/\/kolser.com\/producto\/ballesta\/#breadcrumb","itemListElement":[{"@type":"ListItem","position":1,"name":"Home","item":"https:\/\/kolser.com\/"},{"@type":"ListItem","position":2,"name":"Cat\u00e1logo","item":"https:\/\/kolser.com\/catalogo\/"},{"@type":"ListItem","position":3,"name":"Ballestas y hachas","item":"https:\/\/kolser.com\/categoria-producto\/ballestas-y-hachas\/"},{"@type":"ListItem","position":4,"name":"Ballestas","item":"https:\/\/kolser.com\/categoria-producto\/ballestas-y-hachas\/ballestas\/"},{"@type":"ListItem","position":5,"name":"BALLESTA"}]},{"@type":"WebSite","@id":"https:\/\/kolser.com\/#website","url":"https:\/\/kolser.com\/","name":"Kolser","description":"","publisher":{"@id":"https:\/\/kolser.com\/#organization"},"potentialAction":[{"@type":"SearchAction","target":{"@type":"EntryPoint","urlTemplate":"https:\/\/kolser.com\/?s={search_term_string}"},"query-input":{"@type":"PropertyValueSpecification","valueRequired":true,"valueName":"search_term_string"}}],"inLanguage":"fr-FR"},{"@type":"Organization","@id":"https:\/\/kolser.com\/#organization","name":"Kolser","url":"https:\/\/kolser.com\/","logo":{"@type":"ImageObject","inLanguage":"fr-FR","@id":"https:\/\/kolser.com\/#\/schema\/logo\/image\/","url":"https:\/\/kolser.com\/wp-content\/uploads\/2021\/11\/Logo-Cabecera.png","contentUrl":"https:\/\/kolser.com\/wp-content\/uploads\/2021\/11\/Logo-Cabecera.png","width":979,"height":1358,"caption":"Kolser"},"image":{"@id":"https:\/\/kolser.com\/#\/schema\/logo\/image\/"}}]}},"_links":{"self":[{"href":"https:\/\/kolser.com\/fr\/wp-json\/wp\/v2\/product\/13724","targetHints":{"allow":["GET"]}}],"collection":[{"href":"https:\/\/kolser.com\/fr\/wp-json\/wp\/v2\/product"}],"about":[{"href":"https:\/\/kolser.com\/fr\/wp-json\/wp\/v2\/types\/product"}],"replies":[{"embeddable":true,"href":"https:\/\/kolser.com\/fr\/wp-json\/wp\/v2\/comments?post=13724"}],"wp:featuredmedia":[{"embeddable":true,"href":"https:\/\/kolser.com\/fr\/wp-json\/wp\/v2\/media\/14471"}],"wp:attachment":[{"href":"https:\/\/kolser.com\/fr\/wp-json\/wp\/v2\/media?parent=13724"}],"wp:term":[{"taxonomy":"product_brand","embeddable":true,"href":"https:\/\/kolser.com\/fr\/wp-json\/wp\/v2\/product_brand?post=13724"},{"taxonomy":"product_cat","embeddable":true,"href":"https:\/\/kolser.com\/fr\/wp-json\/wp\/v2\/product_cat?post=13724"},{"taxonomy":"product_tag","embeddable":true,"href":"https:\/\/kolser.com\/fr\/wp-json\/wp\/v2\/product_tag?post=13724"},{"taxonomy":"coleccion","embeddable":true,"href":"https:\/\/kolser.com\/fr\/wp-json\/wp\/v2\/coleccion?post=13724"},{"taxonomy":"proposito","embeddable":true,"href":"https:\/\/kolser.com\/fr\/wp-json\/wp\/v2\/proposito?post=13724"}],"curies":[{"name":"wp","href":"https:\/\/api.w.org\/{rel}","templated":true}]}}