{"id":13721,"date":"2021-12-11T09:13:10","date_gmt":"2021-12-11T09:13:10","guid":{"rendered":"https:\/\/kolser.com\/?post_type=product&#038;p=13721"},"modified":"2024-11-07T14:24:13","modified_gmt":"2024-11-07T12:24:13","slug":"espada-conan","status":"publish","type":"product","link":"https:\/\/kolser.com\/fr\/producto\/espada-conan\/","title":{"rendered":"\u00c9P\u00c9E DE CONAN"},"content":{"rendered":"<p>77 cm<\/p>","protected":false},"excerpt":{"rendered":"<p>R\u00e9plique in\u00e9gal\u00e9e de l\u2019\u00e9p\u00e9e de Conan, mesurant 77 cm de long et fabriqu\u00e9e par Kolser. Un dragon dor\u00e9 de type amphisb\u00e8ne entoure la poign\u00e9e jusqu\u2019au pommeau, o\u00f9 l\u2019on distingue ses deux t\u00eates. Les ailes du dragon forment une garde singuli\u00e8re qui conf\u00e8re \u00e0 l\u2019\u00e9p\u00e9e une aura magique et une beaut\u00e9 sans pareille.<\/p>\n<div id=\"gtx-trans\" style=\"position: absolute; left: 421px; top: -9.27841px;\">\n<div class=\"gtx-trans-icon\"><\/div>\n<\/div>","protected":false},"featured_media":17384,"comment_status":"closed","ping_status":"closed","template":"","meta":[],"product_brand":[],"product_cat":[25,34],"product_tag":[],"coleccion":[],"proposito":[],"class_list":{"0":"post-13721","1":"product","2":"type-product","3":"status-publish","4":"has-post-thumbnail","6":"product_cat-mundo-antiguo","7":"product_cat-replicas-de-espadas","9":"first","10":"instock","11":"shipping-taxable","12":"purchasable","13":"product-type-variable"},"yoast_head":"<!-- This site is optimized with the Yoast SEO plugin v27.4 - https:\/\/yoast.com\/product\/yoast-seo-wordpress\/ -->\n<title>\u25b7ESPADA CONAN - Kolser<\/title>\n<meta name=\"description\" content=\"\u2705 R\u00e9plica\u3010 ESPADA DE CONAN \u3011Inigualable replica espada Conan el B\u00e1rbaro de 77 cent\u00edmetros de largo. Disponible en 2 acabados.\" \/>\n<meta name=\"robots\" content=\"index, follow, max-snippet:-1, max-image-preview:large, max-video-preview:-1\" \/>\n<link rel=\"canonical\" href=\"https:\/\/kolser.com\/fr\/produit\/espada-conan\/\" \/>\n<meta property=\"og:locale\" content=\"fr_FR\" \/>\n<meta property=\"og:type\" content=\"article\" \/>\n<meta property=\"og:title\" content=\"\u25b7ESPADA CONAN - Kolser\" \/>\n<meta property=\"og:description\" content=\"\u2705 R\u00e9plica\u3010 ESPADA DE CONAN \u3011Inigualable replica espada Conan el B\u00e1rbaro de 77 cent\u00edmetros de largo. Disponible en 2 acabados.\" \/>\n<meta property=\"og:url\" content=\"https:\/\/kolser.com\/fr\/produit\/espada-conan\/\" \/>\n<meta property=\"og:site_name\" content=\"Kolser\" \/>\n<meta property=\"article:modified_time\" content=\"2024-11-07T12:24:13+00:00\" \/>\n<meta property=\"og:image\" content=\"https:\/\/kolser.com\/wp-content\/uploads\/2021\/12\/49-124.jpg\" \/>\n\t<meta property=\"og:image:width\" content=\"2000\" \/>\n\t<meta property=\"og:image:height\" content=\"2000\" \/>\n\t<meta property=\"og:image:type\" content=\"image\/jpeg\" \/>\n<meta name=\"twitter:card\" content=\"summary_large_image\" \/>\n<meta name=\"twitter:label1\" content=\"Dur\u00e9e de lecture estim\u00e9e\" \/>\n\t<meta name=\"twitter:data1\" content=\"1 minute\" \/>\n<script type=\"application\/ld+json\" class=\"yoast-schema-graph\">{\"@context\":\"https:\\\/\\\/schema.org\",\"@graph\":[{\"@type\":\"WebPage\",\"@id\":\"https:\\\/\\\/kolser.com\\\/producto\\\/espada-conan\\\/\",\"url\":\"https:\\\/\\\/kolser.com\\\/producto\\\/espada-conan\\\/\",\"name\":\"\u25b7ESPADA CONAN - Kolser\",\"isPartOf\":{\"@id\":\"https:\\\/\\\/kolser.com\\\/#website\"},\"primaryImageOfPage\":{\"@id\":\"https:\\\/\\\/kolser.com\\\/producto\\\/espada-conan\\\/#primaryimage\"},\"image\":{\"@id\":\"https:\\\/\\\/kolser.com\\\/producto\\\/espada-conan\\\/#primaryimage\"},\"thumbnailUrl\":\"https:\\\/\\\/kolser.com\\\/wp-content\\\/uploads\\\/2021\\\/12\\\/49-124.jpg\",\"datePublished\":\"2021-12-11T09:13:10+00:00\",\"dateModified\":\"2024-11-07T12:24:13+00:00\",\"description\":\"\u2705 R\u00e9plica\u3010 ESPADA DE CONAN \u3011Inigualable replica espada Conan el B\u00e1rbaro de 77 cent\u00edmetros de largo. Disponible en 2 acabados.\",\"breadcrumb\":{\"@id\":\"https:\\\/\\\/kolser.com\\\/producto\\\/espada-conan\\\/#breadcrumb\"},\"inLanguage\":\"fr-FR\",\"potentialAction\":[{\"@type\":\"ReadAction\",\"target\":[\"https:\\\/\\\/kolser.com\\\/producto\\\/espada-conan\\\/\"]}]},{\"@type\":\"ImageObject\",\"inLanguage\":\"fr-FR\",\"@id\":\"https:\\\/\\\/kolser.com\\\/producto\\\/espada-conan\\\/#primaryimage\",\"url\":\"https:\\\/\\\/kolser.com\\\/wp-content\\\/uploads\\\/2021\\\/12\\\/49-124.jpg\",\"contentUrl\":\"https:\\\/\\\/kolser.com\\\/wp-content\\\/uploads\\\/2021\\\/12\\\/49-124.jpg\",\"width\":2000,\"height\":2000},{\"@type\":\"BreadcrumbList\",\"@id\":\"https:\\\/\\\/kolser.com\\\/producto\\\/espada-conan\\\/#breadcrumb\",\"itemListElement\":[{\"@type\":\"ListItem\",\"position\":1,\"name\":\"Home\",\"item\":\"https:\\\/\\\/kolser.com\\\/\"},{\"@type\":\"ListItem\",\"position\":2,\"name\":\"Cat\u00e1logo\",\"item\":\"https:\\\/\\\/kolser.com\\\/catalogo\\\/\"},{\"@type\":\"ListItem\",\"position\":3,\"name\":\"Mundo Antiguo\",\"item\":\"https:\\\/\\\/kolser.com\\\/categoria-producto\\\/mundo-antiguo\\\/\"},{\"@type\":\"ListItem\",\"position\":4,\"name\":\"Espadas\",\"item\":\"https:\\\/\\\/kolser.com\\\/categoria-producto\\\/mundo-antiguo\\\/replicas-de-espadas\\\/\"},{\"@type\":\"ListItem\",\"position\":5,\"name\":\"ESPADA CONAN\"}]},{\"@type\":\"WebSite\",\"@id\":\"https:\\\/\\\/kolser.com\\\/#website\",\"url\":\"https:\\\/\\\/kolser.com\\\/\",\"name\":\"Kolser\",\"description\":\"\",\"publisher\":{\"@id\":\"https:\\\/\\\/kolser.com\\\/#organization\"},\"potentialAction\":[{\"@type\":\"SearchAction\",\"target\":{\"@type\":\"EntryPoint\",\"urlTemplate\":\"https:\\\/\\\/kolser.com\\\/?s={search_term_string}\"},\"query-input\":{\"@type\":\"PropertyValueSpecification\",\"valueRequired\":true,\"valueName\":\"search_term_string\"}}],\"inLanguage\":\"fr-FR\"},{\"@type\":\"Organization\",\"@id\":\"https:\\\/\\\/kolser.com\\\/#organization\",\"name\":\"Kolser\",\"url\":\"https:\\\/\\\/kolser.com\\\/\",\"logo\":{\"@type\":\"ImageObject\",\"inLanguage\":\"fr-FR\",\"@id\":\"https:\\\/\\\/kolser.com\\\/#\\\/schema\\\/logo\\\/image\\\/\",\"url\":\"https:\\\/\\\/kolser.com\\\/wp-content\\\/uploads\\\/2021\\\/11\\\/Logo-Cabecera.png\",\"contentUrl\":\"https:\\\/\\\/kolser.com\\\/wp-content\\\/uploads\\\/2021\\\/11\\\/Logo-Cabecera.png\",\"width\":979,\"height\":1358,\"caption\":\"Kolser\"},\"image\":{\"@id\":\"https:\\\/\\\/kolser.com\\\/#\\\/schema\\\/logo\\\/image\\\/\"}}]}<\/script>\n<!-- \/ Yoast SEO plugin. -->","yoast_head_json":{"title":"\u25b7ESPADA CONAN - Kolser","description":"\u2705 R\u00e9plica\u3010 ESPADA DE CONAN \u3011Inigualable replica espada Conan el B\u00e1rbaro de 77 cent\u00edmetros de largo. Disponible en 2 acabados.","robots":{"index":"index","follow":"follow","max-snippet":"max-snippet:-1","max-image-preview":"max-image-preview:large","max-video-preview":"max-video-preview:-1"},"canonical":"https:\/\/kolser.com\/fr\/produit\/espada-conan\/","og_locale":"fr_FR","og_type":"article","og_title":"\u25b7ESPADA CONAN - Kolser","og_description":"\u2705 R\u00e9plica\u3010 ESPADA DE CONAN \u3011Inigualable replica espada Conan el B\u00e1rbaro de 77 cent\u00edmetros de largo. Disponible en 2 acabados.","og_url":"https:\/\/kolser.com\/fr\/produit\/espada-conan\/","og_site_name":"Kolser","article_modified_time":"2024-11-07T12:24:13+00:00","og_image":[{"width":2000,"height":2000,"url":"https:\/\/kolser.com\/wp-content\/uploads\/2021\/12\/49-124.jpg","type":"image\/jpeg"}],"twitter_card":"summary_large_image","twitter_misc":{"Dur\u00e9e de lecture estim\u00e9e":"1 minute"},"schema":{"@context":"https:\/\/schema.org","@graph":[{"@type":"WebPage","@id":"https:\/\/kolser.com\/producto\/espada-conan\/","url":"https:\/\/kolser.com\/producto\/espada-conan\/","name":"\u25b7ESPADA CONAN - Kolser","isPartOf":{"@id":"https:\/\/kolser.com\/#website"},"primaryImageOfPage":{"@id":"https:\/\/kolser.com\/producto\/espada-conan\/#primaryimage"},"image":{"@id":"https:\/\/kolser.com\/producto\/espada-conan\/#primaryimage"},"thumbnailUrl":"https:\/\/kolser.com\/wp-content\/uploads\/2021\/12\/49-124.jpg","datePublished":"2021-12-11T09:13:10+00:00","dateModified":"2024-11-07T12:24:13+00:00","description":"\u2705 R\u00e9plica\u3010 ESPADA DE CONAN \u3011Inigualable replica espada Conan el B\u00e1rbaro de 77 cent\u00edmetros de largo. Disponible en 2 acabados.","breadcrumb":{"@id":"https:\/\/kolser.com\/producto\/espada-conan\/#breadcrumb"},"inLanguage":"fr-FR","potentialAction":[{"@type":"ReadAction","target":["https:\/\/kolser.com\/producto\/espada-conan\/"]}]},{"@type":"ImageObject","inLanguage":"fr-FR","@id":"https:\/\/kolser.com\/producto\/espada-conan\/#primaryimage","url":"https:\/\/kolser.com\/wp-content\/uploads\/2021\/12\/49-124.jpg","contentUrl":"https:\/\/kolser.com\/wp-content\/uploads\/2021\/12\/49-124.jpg","width":2000,"height":2000},{"@type":"BreadcrumbList","@id":"https:\/\/kolser.com\/producto\/espada-conan\/#breadcrumb","itemListElement":[{"@type":"ListItem","position":1,"name":"Home","item":"https:\/\/kolser.com\/"},{"@type":"ListItem","position":2,"name":"Cat\u00e1logo","item":"https:\/\/kolser.com\/catalogo\/"},{"@type":"ListItem","position":3,"name":"Mundo Antiguo","item":"https:\/\/kolser.com\/categoria-producto\/mundo-antiguo\/"},{"@type":"ListItem","position":4,"name":"Espadas","item":"https:\/\/kolser.com\/categoria-producto\/mundo-antiguo\/replicas-de-espadas\/"},{"@type":"ListItem","position":5,"name":"ESPADA CONAN"}]},{"@type":"WebSite","@id":"https:\/\/kolser.com\/#website","url":"https:\/\/kolser.com\/","name":"Kolser","description":"","publisher":{"@id":"https:\/\/kolser.com\/#organization"},"potentialAction":[{"@type":"SearchAction","target":{"@type":"EntryPoint","urlTemplate":"https:\/\/kolser.com\/?s={search_term_string}"},"query-input":{"@type":"PropertyValueSpecification","valueRequired":true,"valueName":"search_term_string"}}],"inLanguage":"fr-FR"},{"@type":"Organization","@id":"https:\/\/kolser.com\/#organization","name":"Kolser","url":"https:\/\/kolser.com\/","logo":{"@type":"ImageObject","inLanguage":"fr-FR","@id":"https:\/\/kolser.com\/#\/schema\/logo\/image\/","url":"https:\/\/kolser.com\/wp-content\/uploads\/2021\/11\/Logo-Cabecera.png","contentUrl":"https:\/\/kolser.com\/wp-content\/uploads\/2021\/11\/Logo-Cabecera.png","width":979,"height":1358,"caption":"Kolser"},"image":{"@id":"https:\/\/kolser.com\/#\/schema\/logo\/image\/"}}]}},"_links":{"self":[{"href":"https:\/\/kolser.com\/fr\/wp-json\/wp\/v2\/product\/13721","targetHints":{"allow":["GET"]}}],"collection":[{"href":"https:\/\/kolser.com\/fr\/wp-json\/wp\/v2\/product"}],"about":[{"href":"https:\/\/kolser.com\/fr\/wp-json\/wp\/v2\/types\/product"}],"replies":[{"embeddable":true,"href":"https:\/\/kolser.com\/fr\/wp-json\/wp\/v2\/comments?post=13721"}],"wp:featuredmedia":[{"embeddable":true,"href":"https:\/\/kolser.com\/fr\/wp-json\/wp\/v2\/media\/17384"}],"wp:attachment":[{"href":"https:\/\/kolser.com\/fr\/wp-json\/wp\/v2\/media?parent=13721"}],"wp:term":[{"taxonomy":"product_brand","embeddable":true,"href":"https:\/\/kolser.com\/fr\/wp-json\/wp\/v2\/product_brand?post=13721"},{"taxonomy":"product_cat","embeddable":true,"href":"https:\/\/kolser.com\/fr\/wp-json\/wp\/v2\/product_cat?post=13721"},{"taxonomy":"product_tag","embeddable":true,"href":"https:\/\/kolser.com\/fr\/wp-json\/wp\/v2\/product_tag?post=13721"},{"taxonomy":"coleccion","embeddable":true,"href":"https:\/\/kolser.com\/fr\/wp-json\/wp\/v2\/coleccion?post=13721"},{"taxonomy":"proposito","embeddable":true,"href":"https:\/\/kolser.com\/fr\/wp-json\/wp\/v2\/proposito?post=13721"}],"curies":[{"name":"wp","href":"https:\/\/api.w.org\/{rel}","templated":true}]}}