{"id":13719,"date":"2021-12-11T09:13:10","date_gmt":"2021-12-11T09:13:10","guid":{"rendered":"https:\/\/kolser.com\/?post_type=product&#038;p=13719"},"modified":"2024-11-06T16:27:52","modified_gmt":"2024-11-06T14:27:52","slug":"espada-carlomagno","status":"publish","type":"product","link":"https:\/\/kolser.com\/fr\/producto\/espada-carlomagno\/","title":{"rendered":"\u00c9P\u00c9E CHARLEMAGNE"},"content":{"rendered":"<p>76 cm<\/p>","protected":false},"excerpt":{"rendered":"<p>Kolser nous enchante avec cette magnifique r\u00e9plique de l\u2019\u00e9p\u00e9e de Charlemagne (Joyosa), mentionn\u00e9e dans La Chanson de Roland comme \u00ab sans \u00e9gale \u00bb. Cette splendide pi\u00e8ce de 76 cm est fabriqu\u00e9e en m\u00e9tal dor\u00e9. Kolser accorde une attention particuli\u00e8re \u00e0 sa fabrication : une poign\u00e9e finement tress\u00e9e et une garde d\u00e9cor\u00e9e de deux dragons ainsi qu\u2019une fleur de lys au centre. Une r\u00e9plique impressionnante qui ne doit pas manquer \u00e0 votre collection. L\u2019emporter en main, c\u2019est se sentir empereur.<\/p>","protected":false},"featured_media":17331,"comment_status":"closed","ping_status":"closed","template":"","meta":[],"product_brand":[],"product_cat":[25,34],"product_tag":[],"coleccion":[],"proposito":[],"class_list":{"0":"post-13719","1":"product","2":"type-product","3":"status-publish","4":"has-post-thumbnail","6":"product_cat-mundo-antiguo","7":"product_cat-replicas-de-espadas","9":"first","10":"instock","11":"shipping-taxable","12":"purchasable","13":"product-type-variable"},"yoast_head":"<!-- This site is optimized with the Yoast SEO plugin v27.4 - https:\/\/yoast.com\/product\/yoast-seo-wordpress\/ -->\n<title>\u25b7ESPADA CARLOMAGNO - Kolser<\/title>\n<meta name=\"description\" content=\"\u2694\ufe0f R\u00e9plica de alta calidad de ESPADA CARLOMAGNO , ideal para proyectos o colecciones. \u00a1Ll\u00e9vatela hoy mismo!\" \/>\n<meta name=\"robots\" content=\"index, follow, max-snippet:-1, max-image-preview:large, max-video-preview:-1\" \/>\n<link rel=\"canonical\" href=\"https:\/\/kolser.com\/fr\/produit\/espada-carlomagno\/\" \/>\n<meta property=\"og:locale\" content=\"fr_FR\" \/>\n<meta property=\"og:type\" content=\"article\" \/>\n<meta property=\"og:title\" content=\"\u25b7ESPADA CARLOMAGNO - Kolser\" \/>\n<meta property=\"og:description\" content=\"\u2694\ufe0f R\u00e9plica de alta calidad de ESPADA CARLOMAGNO , ideal para proyectos o colecciones. \u00a1Ll\u00e9vatela hoy mismo!\" \/>\n<meta property=\"og:url\" content=\"https:\/\/kolser.com\/fr\/produit\/espada-carlomagno\/\" \/>\n<meta property=\"og:site_name\" content=\"Kolser\" \/>\n<meta property=\"article:modified_time\" content=\"2024-11-06T14:27:52+00:00\" \/>\n<meta property=\"og:image\" content=\"https:\/\/kolser.com\/wp-content\/uploads\/2021\/12\/49-122.jpg\" \/>\n\t<meta property=\"og:image:width\" content=\"2000\" \/>\n\t<meta property=\"og:image:height\" content=\"2000\" \/>\n\t<meta property=\"og:image:type\" content=\"image\/jpeg\" \/>\n<meta name=\"twitter:card\" content=\"summary_large_image\" \/>\n<meta name=\"twitter:label1\" content=\"Dur\u00e9e de lecture estim\u00e9e\" \/>\n\t<meta name=\"twitter:data1\" content=\"1 minute\" \/>\n<script type=\"application\/ld+json\" class=\"yoast-schema-graph\">{\"@context\":\"https:\\\/\\\/schema.org\",\"@graph\":[{\"@type\":\"WebPage\",\"@id\":\"https:\\\/\\\/kolser.com\\\/producto\\\/espada-carlomagno\\\/\",\"url\":\"https:\\\/\\\/kolser.com\\\/producto\\\/espada-carlomagno\\\/\",\"name\":\"\u25b7ESPADA CARLOMAGNO - Kolser\",\"isPartOf\":{\"@id\":\"https:\\\/\\\/kolser.com\\\/#website\"},\"primaryImageOfPage\":{\"@id\":\"https:\\\/\\\/kolser.com\\\/producto\\\/espada-carlomagno\\\/#primaryimage\"},\"image\":{\"@id\":\"https:\\\/\\\/kolser.com\\\/producto\\\/espada-carlomagno\\\/#primaryimage\"},\"thumbnailUrl\":\"https:\\\/\\\/kolser.com\\\/wp-content\\\/uploads\\\/2021\\\/12\\\/49-122.jpg\",\"datePublished\":\"2021-12-11T09:13:10+00:00\",\"dateModified\":\"2024-11-06T14:27:52+00:00\",\"description\":\"\u2694\ufe0f R\u00e9plica de alta calidad de ESPADA CARLOMAGNO , ideal para proyectos o colecciones. \u00a1Ll\u00e9vatela hoy mismo!\",\"breadcrumb\":{\"@id\":\"https:\\\/\\\/kolser.com\\\/producto\\\/espada-carlomagno\\\/#breadcrumb\"},\"inLanguage\":\"fr-FR\",\"potentialAction\":[{\"@type\":\"ReadAction\",\"target\":[\"https:\\\/\\\/kolser.com\\\/producto\\\/espada-carlomagno\\\/\"]}]},{\"@type\":\"ImageObject\",\"inLanguage\":\"fr-FR\",\"@id\":\"https:\\\/\\\/kolser.com\\\/producto\\\/espada-carlomagno\\\/#primaryimage\",\"url\":\"https:\\\/\\\/kolser.com\\\/wp-content\\\/uploads\\\/2021\\\/12\\\/49-122.jpg\",\"contentUrl\":\"https:\\\/\\\/kolser.com\\\/wp-content\\\/uploads\\\/2021\\\/12\\\/49-122.jpg\",\"width\":2000,\"height\":2000},{\"@type\":\"BreadcrumbList\",\"@id\":\"https:\\\/\\\/kolser.com\\\/producto\\\/espada-carlomagno\\\/#breadcrumb\",\"itemListElement\":[{\"@type\":\"ListItem\",\"position\":1,\"name\":\"Home\",\"item\":\"https:\\\/\\\/kolser.com\\\/\"},{\"@type\":\"ListItem\",\"position\":2,\"name\":\"Cat\u00e1logo\",\"item\":\"https:\\\/\\\/kolser.com\\\/catalogo\\\/\"},{\"@type\":\"ListItem\",\"position\":3,\"name\":\"Mundo Antiguo\",\"item\":\"https:\\\/\\\/kolser.com\\\/categoria-producto\\\/mundo-antiguo\\\/\"},{\"@type\":\"ListItem\",\"position\":4,\"name\":\"Espadas\",\"item\":\"https:\\\/\\\/kolser.com\\\/categoria-producto\\\/mundo-antiguo\\\/replicas-de-espadas\\\/\"},{\"@type\":\"ListItem\",\"position\":5,\"name\":\"ESPADA CARLOMAGNO\"}]},{\"@type\":\"WebSite\",\"@id\":\"https:\\\/\\\/kolser.com\\\/#website\",\"url\":\"https:\\\/\\\/kolser.com\\\/\",\"name\":\"Kolser\",\"description\":\"\",\"publisher\":{\"@id\":\"https:\\\/\\\/kolser.com\\\/#organization\"},\"potentialAction\":[{\"@type\":\"SearchAction\",\"target\":{\"@type\":\"EntryPoint\",\"urlTemplate\":\"https:\\\/\\\/kolser.com\\\/?s={search_term_string}\"},\"query-input\":{\"@type\":\"PropertyValueSpecification\",\"valueRequired\":true,\"valueName\":\"search_term_string\"}}],\"inLanguage\":\"fr-FR\"},{\"@type\":\"Organization\",\"@id\":\"https:\\\/\\\/kolser.com\\\/#organization\",\"name\":\"Kolser\",\"url\":\"https:\\\/\\\/kolser.com\\\/\",\"logo\":{\"@type\":\"ImageObject\",\"inLanguage\":\"fr-FR\",\"@id\":\"https:\\\/\\\/kolser.com\\\/#\\\/schema\\\/logo\\\/image\\\/\",\"url\":\"https:\\\/\\\/kolser.com\\\/wp-content\\\/uploads\\\/2021\\\/11\\\/Logo-Cabecera.png\",\"contentUrl\":\"https:\\\/\\\/kolser.com\\\/wp-content\\\/uploads\\\/2021\\\/11\\\/Logo-Cabecera.png\",\"width\":979,\"height\":1358,\"caption\":\"Kolser\"},\"image\":{\"@id\":\"https:\\\/\\\/kolser.com\\\/#\\\/schema\\\/logo\\\/image\\\/\"}}]}<\/script>\n<!-- \/ Yoast SEO plugin. -->","yoast_head_json":{"title":"\u25b7ESPADA CARLOMAGNO - Kolser","description":"\u2694\ufe0f R\u00e9plica de alta calidad de ESPADA CARLOMAGNO , ideal para proyectos o colecciones. \u00a1Ll\u00e9vatela hoy mismo!","robots":{"index":"index","follow":"follow","max-snippet":"max-snippet:-1","max-image-preview":"max-image-preview:large","max-video-preview":"max-video-preview:-1"},"canonical":"https:\/\/kolser.com\/fr\/produit\/espada-carlomagno\/","og_locale":"fr_FR","og_type":"article","og_title":"\u25b7ESPADA CARLOMAGNO - Kolser","og_description":"\u2694\ufe0f R\u00e9plica de alta calidad de ESPADA CARLOMAGNO , ideal para proyectos o colecciones. \u00a1Ll\u00e9vatela hoy mismo!","og_url":"https:\/\/kolser.com\/fr\/produit\/espada-carlomagno\/","og_site_name":"Kolser","article_modified_time":"2024-11-06T14:27:52+00:00","og_image":[{"width":2000,"height":2000,"url":"https:\/\/kolser.com\/wp-content\/uploads\/2021\/12\/49-122.jpg","type":"image\/jpeg"}],"twitter_card":"summary_large_image","twitter_misc":{"Dur\u00e9e de lecture estim\u00e9e":"1 minute"},"schema":{"@context":"https:\/\/schema.org","@graph":[{"@type":"WebPage","@id":"https:\/\/kolser.com\/producto\/espada-carlomagno\/","url":"https:\/\/kolser.com\/producto\/espada-carlomagno\/","name":"\u25b7ESPADA CARLOMAGNO - Kolser","isPartOf":{"@id":"https:\/\/kolser.com\/#website"},"primaryImageOfPage":{"@id":"https:\/\/kolser.com\/producto\/espada-carlomagno\/#primaryimage"},"image":{"@id":"https:\/\/kolser.com\/producto\/espada-carlomagno\/#primaryimage"},"thumbnailUrl":"https:\/\/kolser.com\/wp-content\/uploads\/2021\/12\/49-122.jpg","datePublished":"2021-12-11T09:13:10+00:00","dateModified":"2024-11-06T14:27:52+00:00","description":"\u2694\ufe0f R\u00e9plica de alta calidad de ESPADA CARLOMAGNO , ideal para proyectos o colecciones. \u00a1Ll\u00e9vatela hoy mismo!","breadcrumb":{"@id":"https:\/\/kolser.com\/producto\/espada-carlomagno\/#breadcrumb"},"inLanguage":"fr-FR","potentialAction":[{"@type":"ReadAction","target":["https:\/\/kolser.com\/producto\/espada-carlomagno\/"]}]},{"@type":"ImageObject","inLanguage":"fr-FR","@id":"https:\/\/kolser.com\/producto\/espada-carlomagno\/#primaryimage","url":"https:\/\/kolser.com\/wp-content\/uploads\/2021\/12\/49-122.jpg","contentUrl":"https:\/\/kolser.com\/wp-content\/uploads\/2021\/12\/49-122.jpg","width":2000,"height":2000},{"@type":"BreadcrumbList","@id":"https:\/\/kolser.com\/producto\/espada-carlomagno\/#breadcrumb","itemListElement":[{"@type":"ListItem","position":1,"name":"Home","item":"https:\/\/kolser.com\/"},{"@type":"ListItem","position":2,"name":"Cat\u00e1logo","item":"https:\/\/kolser.com\/catalogo\/"},{"@type":"ListItem","position":3,"name":"Mundo Antiguo","item":"https:\/\/kolser.com\/categoria-producto\/mundo-antiguo\/"},{"@type":"ListItem","position":4,"name":"Espadas","item":"https:\/\/kolser.com\/categoria-producto\/mundo-antiguo\/replicas-de-espadas\/"},{"@type":"ListItem","position":5,"name":"ESPADA CARLOMAGNO"}]},{"@type":"WebSite","@id":"https:\/\/kolser.com\/#website","url":"https:\/\/kolser.com\/","name":"Kolser","description":"","publisher":{"@id":"https:\/\/kolser.com\/#organization"},"potentialAction":[{"@type":"SearchAction","target":{"@type":"EntryPoint","urlTemplate":"https:\/\/kolser.com\/?s={search_term_string}"},"query-input":{"@type":"PropertyValueSpecification","valueRequired":true,"valueName":"search_term_string"}}],"inLanguage":"fr-FR"},{"@type":"Organization","@id":"https:\/\/kolser.com\/#organization","name":"Kolser","url":"https:\/\/kolser.com\/","logo":{"@type":"ImageObject","inLanguage":"fr-FR","@id":"https:\/\/kolser.com\/#\/schema\/logo\/image\/","url":"https:\/\/kolser.com\/wp-content\/uploads\/2021\/11\/Logo-Cabecera.png","contentUrl":"https:\/\/kolser.com\/wp-content\/uploads\/2021\/11\/Logo-Cabecera.png","width":979,"height":1358,"caption":"Kolser"},"image":{"@id":"https:\/\/kolser.com\/#\/schema\/logo\/image\/"}}]}},"_links":{"self":[{"href":"https:\/\/kolser.com\/fr\/wp-json\/wp\/v2\/product\/13719","targetHints":{"allow":["GET"]}}],"collection":[{"href":"https:\/\/kolser.com\/fr\/wp-json\/wp\/v2\/product"}],"about":[{"href":"https:\/\/kolser.com\/fr\/wp-json\/wp\/v2\/types\/product"}],"replies":[{"embeddable":true,"href":"https:\/\/kolser.com\/fr\/wp-json\/wp\/v2\/comments?post=13719"}],"wp:featuredmedia":[{"embeddable":true,"href":"https:\/\/kolser.com\/fr\/wp-json\/wp\/v2\/media\/17331"}],"wp:attachment":[{"href":"https:\/\/kolser.com\/fr\/wp-json\/wp\/v2\/media?parent=13719"}],"wp:term":[{"taxonomy":"product_brand","embeddable":true,"href":"https:\/\/kolser.com\/fr\/wp-json\/wp\/v2\/product_brand?post=13719"},{"taxonomy":"product_cat","embeddable":true,"href":"https:\/\/kolser.com\/fr\/wp-json\/wp\/v2\/product_cat?post=13719"},{"taxonomy":"product_tag","embeddable":true,"href":"https:\/\/kolser.com\/fr\/wp-json\/wp\/v2\/product_tag?post=13719"},{"taxonomy":"coleccion","embeddable":true,"href":"https:\/\/kolser.com\/fr\/wp-json\/wp\/v2\/coleccion?post=13719"},{"taxonomy":"proposito","embeddable":true,"href":"https:\/\/kolser.com\/fr\/wp-json\/wp\/v2\/proposito?post=13719"}],"curies":[{"name":"wp","href":"https:\/\/api.w.org\/{rel}","templated":true}]}}