{"id":13629,"date":"2021-12-11T09:13:03","date_gmt":"2021-12-11T09:13:03","guid":{"rendered":"https:\/\/kolser.com\/?post_type=product&#038;p=13629"},"modified":"2024-03-10T14:32:44","modified_gmt":"2024-03-10T14:32:44","slug":"pistolas-de-duelo-belgas-s-xviii-2","status":"publish","type":"product","link":"https:\/\/kolser.com\/fr\/producto\/pistolas-de-duelo-belgas-s-xviii-2\/","title":{"rendered":"PISTOLES BELGES DE DUEL DU XVIII\u1d49 SI\u00c8CLE"},"content":{"rendered":"<p class=\"translation-block\">Superbe r\u00e9plique de pistolet de pirate \u00e0 percussion \u2014 une paire d\u00e9corative de pistolets de duel belges du XVIIe si\u00e8cle. Con\u00e7us par Kolser, ils nous replongent \u00e0 l\u2019\u00e9poque o\u00f9 les affrontements navals entre pirates \u00e9taient fr\u00e9quents, et o\u00f9 ces armes figuraient parmi les plus utilis\u00e9es dans les colonies. Bien que symboliques, elles \u00e9taient peu efficaces au combat : un seul tir \u00e9tait possible, et le rechargement s\u2019av\u00e9rait lent et fastidieux.<\/p>\n<p>Cette arme est fabriqu\u00e9e en r\u00e9sine et en m\u00e9tal, des mat\u00e9riaux qui garantissent sa durabilit\u00e9. Sa longueur est de 32 centim\u00e8tres.<\/p>\n<p>Sentez-vous comme un v\u00e9ritable collectionneur en poss\u00e9dant cette pi\u00e8ce magnifique \u2014 une arme qui ne manquera pas d\u2019impressionner ceux qui la verront. Son charme unique vous invite \u00e0 r\u00e9v\u00e9ler votre c\u00f4t\u00e9 pirate.<\/p>\n<p>36 cm<\/p>","protected":false},"excerpt":{"rendered":"<p>Espectacular replica de pistola pirata de percusi\u00f3n, un par de pistolas de duelo belgas del siglo XVII para decorar. Elaboradas por Kolser, que nos remonta a la \u00e9poca donde eran comunes los enfrentamientos navales de los piratas, tambi\u00e9n por ser una de las armas m\u00e1s utilizadas por las colonias, era un arma poco efectiva a [&hellip;]<\/p>\n","protected":false},"featured_media":1461,"comment_status":"closed","ping_status":"closed","template":"","meta":[],"product_brand":[],"product_cat":[30,39],"product_tag":[],"coleccion":[],"proposito":[],"class_list":{"0":"post-13629","1":"product","2":"type-product","3":"status-publish","4":"has-post-thumbnail","6":"product_cat-pistolas","7":"product_cat-pistolas-de-duelo","9":"first","10":"instock","11":"shipping-taxable","12":"purchasable","13":"product-type-variable"},"yoast_head":"<!-- This site is optimized with the Yoast SEO plugin v27.4 - https:\/\/yoast.com\/product\/yoast-seo-wordpress\/ -->\n<title>PISTOLAS DE DUELO BELGAS SIGLO XVIII<\/title>\n<meta name=\"description\" content=\"\u2705 R\u00e9plica\u3010 PISTOLAS DE DUELO BELGAS S.XVIII \u3011Este arma era com\u00fan entre los piratas y colonos de la \u00e9poca. Disponible en 3 acabados.\" \/>\n<meta name=\"robots\" content=\"index, follow, max-snippet:-1, max-image-preview:large, max-video-preview:-1\" \/>\n<link rel=\"canonical\" href=\"https:\/\/kolser.com\/fr\/produit\/pistolas-de-duelo-belgas-s-xviii-2\/\" \/>\n<meta property=\"og:locale\" content=\"fr_FR\" \/>\n<meta property=\"og:type\" content=\"article\" \/>\n<meta property=\"og:title\" content=\"PISTOLAS DE DUELO BELGAS SIGLO XVIII\" \/>\n<meta property=\"og:description\" content=\"\u2705 R\u00e9plica\u3010 PISTOLAS DE DUELO BELGAS S.XVIII \u3011Este arma era com\u00fan entre los piratas y colonos de la \u00e9poca. Disponible en 3 acabados.\" \/>\n<meta property=\"og:url\" content=\"https:\/\/kolser.com\/fr\/produit\/pistolas-de-duelo-belgas-s-xviii-2\/\" \/>\n<meta property=\"og:site_name\" content=\"Kolser\" \/>\n<meta property=\"article:modified_time\" content=\"2024-03-10T14:32:44+00:00\" \/>\n<meta property=\"og:image\" content=\"https:\/\/kolser.com\/wp-content\/uploads\/2021\/11\/KOLSER-REPLICA-PISTOLA-PIRATA-GUN-PISTOLA-PIRATA-DE-PERCUSION-SXVIII47-1109.jpg\" \/>\n\t<meta property=\"og:image:width\" content=\"600\" \/>\n\t<meta property=\"og:image:height\" content=\"600\" \/>\n\t<meta property=\"og:image:type\" content=\"image\/jpeg\" \/>\n<meta name=\"twitter:card\" content=\"summary_large_image\" \/>\n<meta name=\"twitter:label1\" content=\"Dur\u00e9e de lecture estim\u00e9e\" \/>\n\t<meta name=\"twitter:data1\" content=\"1 minute\" \/>\n<script type=\"application\/ld+json\" class=\"yoast-schema-graph\">{\"@context\":\"https:\\\/\\\/schema.org\",\"@graph\":[{\"@type\":\"WebPage\",\"@id\":\"https:\\\/\\\/kolser.com\\\/en\\\/product\\\/duo-pirate-percussion-pistols\\\/\",\"url\":\"https:\\\/\\\/kolser.com\\\/en\\\/product\\\/duo-pirate-percussion-pistols\\\/\",\"name\":\"PISTOLAS DE DUELO BELGAS SIGLO XVIII\",\"isPartOf\":{\"@id\":\"https:\\\/\\\/kolser.com\\\/#website\"},\"primaryImageOfPage\":{\"@id\":\"https:\\\/\\\/kolser.com\\\/en\\\/product\\\/duo-pirate-percussion-pistols\\\/#primaryimage\"},\"image\":{\"@id\":\"https:\\\/\\\/kolser.com\\\/en\\\/product\\\/duo-pirate-percussion-pistols\\\/#primaryimage\"},\"thumbnailUrl\":\"https:\\\/\\\/kolser.com\\\/wp-content\\\/uploads\\\/2021\\\/11\\\/KOLSER-REPLICA-PISTOLA-PIRATA-GUN-PISTOLA-PIRATA-DE-PERCUSION-SXVIII47-1109.jpg\",\"datePublished\":\"2021-12-11T09:13:03+00:00\",\"dateModified\":\"2024-03-10T14:32:44+00:00\",\"description\":\"\u2705 R\u00e9plica\u3010 PISTOLAS DE DUELO BELGAS S.XVIII \u3011Este arma era com\u00fan entre los piratas y colonos de la \u00e9poca. Disponible en 3 acabados.\",\"breadcrumb\":{\"@id\":\"https:\\\/\\\/kolser.com\\\/en\\\/product\\\/duo-pirate-percussion-pistols\\\/#breadcrumb\"},\"inLanguage\":\"fr-FR\",\"potentialAction\":[{\"@type\":\"ReadAction\",\"target\":[\"https:\\\/\\\/kolser.com\\\/en\\\/product\\\/duo-pirate-percussion-pistols\\\/\"]}]},{\"@type\":\"ImageObject\",\"inLanguage\":\"fr-FR\",\"@id\":\"https:\\\/\\\/kolser.com\\\/en\\\/product\\\/duo-pirate-percussion-pistols\\\/#primaryimage\",\"url\":\"https:\\\/\\\/kolser.com\\\/wp-content\\\/uploads\\\/2021\\\/11\\\/KOLSER-REPLICA-PISTOLA-PIRATA-GUN-PISTOLA-PIRATA-DE-PERCUSION-SXVIII47-1109.jpg\",\"contentUrl\":\"https:\\\/\\\/kolser.com\\\/wp-content\\\/uploads\\\/2021\\\/11\\\/KOLSER-REPLICA-PISTOLA-PIRATA-GUN-PISTOLA-PIRATA-DE-PERCUSION-SXVIII47-1109.jpg\",\"width\":600,\"height\":600,\"caption\":\"PISTOLA PIRATA DE PERCIS\u00d3N KOLSER\"},{\"@type\":\"BreadcrumbList\",\"@id\":\"https:\\\/\\\/kolser.com\\\/en\\\/product\\\/duo-pirate-percussion-pistols\\\/#breadcrumb\",\"itemListElement\":[{\"@type\":\"ListItem\",\"position\":1,\"name\":\"Home\",\"item\":\"https:\\\/\\\/kolser.com\\\/\"},{\"@type\":\"ListItem\",\"position\":2,\"name\":\"Cat\u00e1logo\",\"item\":\"https:\\\/\\\/kolser.com\\\/catalogo\\\/\"},{\"@type\":\"ListItem\",\"position\":3,\"name\":\"Pistolas\",\"item\":\"https:\\\/\\\/kolser.com\\\/categoria-producto\\\/pistolas\\\/\"},{\"@type\":\"ListItem\",\"position\":4,\"name\":\"Pistolas de duelo\",\"item\":\"https:\\\/\\\/kolser.com\\\/categoria-producto\\\/pistolas\\\/pistolas-de-duelo\\\/\"},{\"@type\":\"ListItem\",\"position\":5,\"name\":\"PISTOLAS DE DUELO BELGAS S. XVIII\"}]},{\"@type\":\"WebSite\",\"@id\":\"https:\\\/\\\/kolser.com\\\/#website\",\"url\":\"https:\\\/\\\/kolser.com\\\/\",\"name\":\"Kolser\",\"description\":\"\",\"publisher\":{\"@id\":\"https:\\\/\\\/kolser.com\\\/#organization\"},\"potentialAction\":[{\"@type\":\"SearchAction\",\"target\":{\"@type\":\"EntryPoint\",\"urlTemplate\":\"https:\\\/\\\/kolser.com\\\/?s={search_term_string}\"},\"query-input\":{\"@type\":\"PropertyValueSpecification\",\"valueRequired\":true,\"valueName\":\"search_term_string\"}}],\"inLanguage\":\"fr-FR\"},{\"@type\":\"Organization\",\"@id\":\"https:\\\/\\\/kolser.com\\\/#organization\",\"name\":\"Kolser\",\"url\":\"https:\\\/\\\/kolser.com\\\/\",\"logo\":{\"@type\":\"ImageObject\",\"inLanguage\":\"fr-FR\",\"@id\":\"https:\\\/\\\/kolser.com\\\/#\\\/schema\\\/logo\\\/image\\\/\",\"url\":\"https:\\\/\\\/kolser.com\\\/wp-content\\\/uploads\\\/2021\\\/11\\\/Logo-Cabecera.png\",\"contentUrl\":\"https:\\\/\\\/kolser.com\\\/wp-content\\\/uploads\\\/2021\\\/11\\\/Logo-Cabecera.png\",\"width\":979,\"height\":1358,\"caption\":\"Kolser\"},\"image\":{\"@id\":\"https:\\\/\\\/kolser.com\\\/#\\\/schema\\\/logo\\\/image\\\/\"}}]}<\/script>\n<!-- \/ Yoast SEO plugin. -->","yoast_head_json":{"title":"PISTOLAS DE DUELO BELGAS SIGLO XVIII","description":"\u2705 R\u00e9plica\u3010 PISTOLAS DE DUELO BELGAS S.XVIII \u3011Este arma era com\u00fan entre los piratas y colonos de la \u00e9poca. Disponible en 3 acabados.","robots":{"index":"index","follow":"follow","max-snippet":"max-snippet:-1","max-image-preview":"max-image-preview:large","max-video-preview":"max-video-preview:-1"},"canonical":"https:\/\/kolser.com\/fr\/produit\/pistolas-de-duelo-belgas-s-xviii-2\/","og_locale":"fr_FR","og_type":"article","og_title":"PISTOLAS DE DUELO BELGAS SIGLO XVIII","og_description":"\u2705 R\u00e9plica\u3010 PISTOLAS DE DUELO BELGAS S.XVIII \u3011Este arma era com\u00fan entre los piratas y colonos de la \u00e9poca. Disponible en 3 acabados.","og_url":"https:\/\/kolser.com\/fr\/produit\/pistolas-de-duelo-belgas-s-xviii-2\/","og_site_name":"Kolser","article_modified_time":"2024-03-10T14:32:44+00:00","og_image":[{"width":600,"height":600,"url":"https:\/\/kolser.com\/wp-content\/uploads\/2021\/11\/KOLSER-REPLICA-PISTOLA-PIRATA-GUN-PISTOLA-PIRATA-DE-PERCUSION-SXVIII47-1109.jpg","type":"image\/jpeg"}],"twitter_card":"summary_large_image","twitter_misc":{"Dur\u00e9e de lecture estim\u00e9e":"1 minute"},"schema":{"@context":"https:\/\/schema.org","@graph":[{"@type":"WebPage","@id":"https:\/\/kolser.com\/en\/product\/duo-pirate-percussion-pistols\/","url":"https:\/\/kolser.com\/en\/product\/duo-pirate-percussion-pistols\/","name":"PISTOLAS DE DUELO BELGAS SIGLO XVIII","isPartOf":{"@id":"https:\/\/kolser.com\/#website"},"primaryImageOfPage":{"@id":"https:\/\/kolser.com\/en\/product\/duo-pirate-percussion-pistols\/#primaryimage"},"image":{"@id":"https:\/\/kolser.com\/en\/product\/duo-pirate-percussion-pistols\/#primaryimage"},"thumbnailUrl":"https:\/\/kolser.com\/wp-content\/uploads\/2021\/11\/KOLSER-REPLICA-PISTOLA-PIRATA-GUN-PISTOLA-PIRATA-DE-PERCUSION-SXVIII47-1109.jpg","datePublished":"2021-12-11T09:13:03+00:00","dateModified":"2024-03-10T14:32:44+00:00","description":"\u2705 R\u00e9plica\u3010 PISTOLAS DE DUELO BELGAS S.XVIII \u3011Este arma era com\u00fan entre los piratas y colonos de la \u00e9poca. Disponible en 3 acabados.","breadcrumb":{"@id":"https:\/\/kolser.com\/en\/product\/duo-pirate-percussion-pistols\/#breadcrumb"},"inLanguage":"fr-FR","potentialAction":[{"@type":"ReadAction","target":["https:\/\/kolser.com\/en\/product\/duo-pirate-percussion-pistols\/"]}]},{"@type":"ImageObject","inLanguage":"fr-FR","@id":"https:\/\/kolser.com\/en\/product\/duo-pirate-percussion-pistols\/#primaryimage","url":"https:\/\/kolser.com\/wp-content\/uploads\/2021\/11\/KOLSER-REPLICA-PISTOLA-PIRATA-GUN-PISTOLA-PIRATA-DE-PERCUSION-SXVIII47-1109.jpg","contentUrl":"https:\/\/kolser.com\/wp-content\/uploads\/2021\/11\/KOLSER-REPLICA-PISTOLA-PIRATA-GUN-PISTOLA-PIRATA-DE-PERCUSION-SXVIII47-1109.jpg","width":600,"height":600,"caption":"PISTOLA PIRATA DE PERCIS\u00d3N KOLSER"},{"@type":"BreadcrumbList","@id":"https:\/\/kolser.com\/en\/product\/duo-pirate-percussion-pistols\/#breadcrumb","itemListElement":[{"@type":"ListItem","position":1,"name":"Home","item":"https:\/\/kolser.com\/"},{"@type":"ListItem","position":2,"name":"Cat\u00e1logo","item":"https:\/\/kolser.com\/catalogo\/"},{"@type":"ListItem","position":3,"name":"Pistolas","item":"https:\/\/kolser.com\/categoria-producto\/pistolas\/"},{"@type":"ListItem","position":4,"name":"Pistolas de duelo","item":"https:\/\/kolser.com\/categoria-producto\/pistolas\/pistolas-de-duelo\/"},{"@type":"ListItem","position":5,"name":"PISTOLAS DE DUELO BELGAS S. XVIII"}]},{"@type":"WebSite","@id":"https:\/\/kolser.com\/#website","url":"https:\/\/kolser.com\/","name":"Kolser","description":"","publisher":{"@id":"https:\/\/kolser.com\/#organization"},"potentialAction":[{"@type":"SearchAction","target":{"@type":"EntryPoint","urlTemplate":"https:\/\/kolser.com\/?s={search_term_string}"},"query-input":{"@type":"PropertyValueSpecification","valueRequired":true,"valueName":"search_term_string"}}],"inLanguage":"fr-FR"},{"@type":"Organization","@id":"https:\/\/kolser.com\/#organization","name":"Kolser","url":"https:\/\/kolser.com\/","logo":{"@type":"ImageObject","inLanguage":"fr-FR","@id":"https:\/\/kolser.com\/#\/schema\/logo\/image\/","url":"https:\/\/kolser.com\/wp-content\/uploads\/2021\/11\/Logo-Cabecera.png","contentUrl":"https:\/\/kolser.com\/wp-content\/uploads\/2021\/11\/Logo-Cabecera.png","width":979,"height":1358,"caption":"Kolser"},"image":{"@id":"https:\/\/kolser.com\/#\/schema\/logo\/image\/"}}]}},"_links":{"self":[{"href":"https:\/\/kolser.com\/fr\/wp-json\/wp\/v2\/product\/13629","targetHints":{"allow":["GET"]}}],"collection":[{"href":"https:\/\/kolser.com\/fr\/wp-json\/wp\/v2\/product"}],"about":[{"href":"https:\/\/kolser.com\/fr\/wp-json\/wp\/v2\/types\/product"}],"replies":[{"embeddable":true,"href":"https:\/\/kolser.com\/fr\/wp-json\/wp\/v2\/comments?post=13629"}],"wp:featuredmedia":[{"embeddable":true,"href":"https:\/\/kolser.com\/fr\/wp-json\/wp\/v2\/media\/1461"}],"wp:attachment":[{"href":"https:\/\/kolser.com\/fr\/wp-json\/wp\/v2\/media?parent=13629"}],"wp:term":[{"taxonomy":"product_brand","embeddable":true,"href":"https:\/\/kolser.com\/fr\/wp-json\/wp\/v2\/product_brand?post=13629"},{"taxonomy":"product_cat","embeddable":true,"href":"https:\/\/kolser.com\/fr\/wp-json\/wp\/v2\/product_cat?post=13629"},{"taxonomy":"product_tag","embeddable":true,"href":"https:\/\/kolser.com\/fr\/wp-json\/wp\/v2\/product_tag?post=13629"},{"taxonomy":"coleccion","embeddable":true,"href":"https:\/\/kolser.com\/fr\/wp-json\/wp\/v2\/coleccion?post=13629"},{"taxonomy":"proposito","embeddable":true,"href":"https:\/\/kolser.com\/fr\/wp-json\/wp\/v2\/proposito?post=13629"}],"curies":[{"name":"wp","href":"https:\/\/api.w.org\/{rel}","templated":true}]}}