{"id":13600,"date":"2021-12-11T09:13:00","date_gmt":"2021-12-11T09:13:00","guid":{"rendered":"https:\/\/kolser.com\/?post_type=product&#038;p=13600"},"modified":"2024-03-10T14:51:25","modified_gmt":"2024-03-10T14:51:25","slug":"pistola-de-chispa-pirata-s-xviii","status":"publish","type":"product","link":"https:\/\/kolser.com\/fr\/producto\/pistola-de-chispa-pirata-s-xviii\/","title":{"rendered":"PISTOLET \u00c0 SILEX DE PIRATE DU XVIII\u1d49 SI\u00c8CLE"},"content":{"rendered":"<p class=\"translation-block\">Cette r\u00e9plique de pistolet \u00e0 silex du XVIIIe si\u00e8cle sign\u00e9e Kolser se distingue par son usage historique parmi les pirates et les corsaires.<\/p>\n<p>Kolser s\u2019est attach\u00e9 \u00e0 conserver toute la fid\u00e9lit\u00e9 de l\u2019original, en mettant particuli\u00e8rement en valeur les magnifiques gravures argent\u00e9es qui soulignent son \u00e9l\u00e9gance.<\/p>\n<p>Ses caract\u00e9ristiques uniques nous replongent dans les batailles de pirates de l\u2019\u00e9poque. Elle mesure 36 cm, de la crosse \u00e0 la bouche du canon, et est fabriqu\u00e9e en r\u00e9sine imitant le bois, orn\u00e9e de magnifiques d\u00e9corations n\u00e9oclassiques.<\/p>\n<p>36 cm<\/p>","protected":false},"excerpt":{"rendered":"<p>Esta replica de pistola de chispa pirata del siglo XVIII de Kolser, cuya principal caracter\u00edstica es que era una pistola de piratas y corsarios. Kolser se ha empe\u00f1ado en mantener su similitud y con especial detalle a sus hermosos tallados de metal plateado que exaltan su belleza. Sus caracter\u00edsticas son tan \u00fanicas que nos hace [&hellip;]<\/p>\n","protected":false},"featured_media":14426,"comment_status":"closed","ping_status":"closed","template":"","meta":[],"product_brand":[],"product_cat":[30,31],"product_tag":[],"coleccion":[],"proposito":[],"class_list":{"0":"post-13600","1":"product","2":"type-product","3":"status-publish","4":"has-post-thumbnail","6":"product_cat-pistolas","7":"product_cat-pistolas-pistolas-antiguas","9":"first","10":"instock","11":"shipping-taxable","12":"purchasable","13":"product-type-variable"},"yoast_head":"<!-- This site is optimized with the Yoast SEO plugin v27.4 - https:\/\/yoast.com\/product\/yoast-seo-wordpress\/ -->\n<title>\u25b7PISTOLA DE CHISPA PIRATA S.XVIII - Kolser<\/title>\n<meta name=\"description\" content=\"\u2705 R\u00e9plica\u3010 PISTOLA DE CHISPA PIRATA S.XVIII \u3011Utilizada por corsarios y piratas en las batallas navales de la \u00e9poca. Disponible en 2 acabados.\" \/>\n<meta name=\"robots\" content=\"index, follow, max-snippet:-1, max-image-preview:large, max-video-preview:-1\" \/>\n<link rel=\"canonical\" href=\"https:\/\/kolser.com\/fr\/produit\/pistola-de-chispa-pirata-s-xviii\/\" \/>\n<meta property=\"og:locale\" content=\"fr_FR\" \/>\n<meta property=\"og:type\" content=\"article\" \/>\n<meta property=\"og:title\" content=\"\u25b7PISTOLA DE CHISPA PIRATA S.XVIII - Kolser\" \/>\n<meta property=\"og:description\" content=\"\u2705 R\u00e9plica\u3010 PISTOLA DE CHISPA PIRATA S.XVIII \u3011Utilizada por corsarios y piratas en las batallas navales de la \u00e9poca. Disponible en 2 acabados.\" \/>\n<meta property=\"og:url\" content=\"https:\/\/kolser.com\/fr\/produit\/pistola-de-chispa-pirata-s-xviii\/\" \/>\n<meta property=\"og:site_name\" content=\"Kolser\" \/>\n<meta property=\"article:modified_time\" content=\"2024-03-10T14:51:25+00:00\" \/>\n<meta property=\"og:image\" content=\"https:\/\/kolser.com\/wp-content\/uploads\/2021\/12\/KOLSER-REPLICA-PISTOLA-PIRATA-GUN-PISTOLA-DE-CHISPA-PIRATA-S.XVIII_.-47-1066.jpg\" \/>\n\t<meta property=\"og:image:width\" content=\"600\" \/>\n\t<meta property=\"og:image:height\" content=\"600\" \/>\n\t<meta property=\"og:image:type\" content=\"image\/jpeg\" \/>\n<meta name=\"twitter:card\" content=\"summary_large_image\" \/>\n<meta name=\"twitter:label1\" content=\"Dur\u00e9e de lecture estim\u00e9e\" \/>\n\t<meta name=\"twitter:data1\" content=\"1 minute\" \/>\n<script type=\"application\/ld+json\" class=\"yoast-schema-graph\">{\"@context\":\"https:\\\/\\\/schema.org\",\"@graph\":[{\"@type\":\"WebPage\",\"@id\":\"https:\\\/\\\/kolser.com\\\/producto\\\/pistola-de-chispa-pirata-s-xviii\\\/\",\"url\":\"https:\\\/\\\/kolser.com\\\/producto\\\/pistola-de-chispa-pirata-s-xviii\\\/\",\"name\":\"\u25b7PISTOLA DE CHISPA PIRATA S.XVIII - Kolser\",\"isPartOf\":{\"@id\":\"https:\\\/\\\/kolser.com\\\/#website\"},\"primaryImageOfPage\":{\"@id\":\"https:\\\/\\\/kolser.com\\\/producto\\\/pistola-de-chispa-pirata-s-xviii\\\/#primaryimage\"},\"image\":{\"@id\":\"https:\\\/\\\/kolser.com\\\/producto\\\/pistola-de-chispa-pirata-s-xviii\\\/#primaryimage\"},\"thumbnailUrl\":\"https:\\\/\\\/kolser.com\\\/wp-content\\\/uploads\\\/2021\\\/12\\\/KOLSER-REPLICA-PISTOLA-PIRATA-GUN-PISTOLA-DE-CHISPA-PIRATA-S.XVIII_.-47-1066.jpg\",\"datePublished\":\"2021-12-11T09:13:00+00:00\",\"dateModified\":\"2024-03-10T14:51:25+00:00\",\"description\":\"\u2705 R\u00e9plica\u3010 PISTOLA DE CHISPA PIRATA S.XVIII \u3011Utilizada por corsarios y piratas en las batallas navales de la \u00e9poca. Disponible en 2 acabados.\",\"breadcrumb\":{\"@id\":\"https:\\\/\\\/kolser.com\\\/producto\\\/pistola-de-chispa-pirata-s-xviii\\\/#breadcrumb\"},\"inLanguage\":\"fr-FR\",\"potentialAction\":[{\"@type\":\"ReadAction\",\"target\":[\"https:\\\/\\\/kolser.com\\\/producto\\\/pistola-de-chispa-pirata-s-xviii\\\/\"]}]},{\"@type\":\"ImageObject\",\"inLanguage\":\"fr-FR\",\"@id\":\"https:\\\/\\\/kolser.com\\\/producto\\\/pistola-de-chispa-pirata-s-xviii\\\/#primaryimage\",\"url\":\"https:\\\/\\\/kolser.com\\\/wp-content\\\/uploads\\\/2021\\\/12\\\/KOLSER-REPLICA-PISTOLA-PIRATA-GUN-PISTOLA-DE-CHISPA-PIRATA-S.XVIII_.-47-1066.jpg\",\"contentUrl\":\"https:\\\/\\\/kolser.com\\\/wp-content\\\/uploads\\\/2021\\\/12\\\/KOLSER-REPLICA-PISTOLA-PIRATA-GUN-PISTOLA-DE-CHISPA-PIRATA-S.XVIII_.-47-1066.jpg\",\"width\":600,\"height\":600,\"caption\":\"KOLSER REPLICA PISTOLA PIRATA GUN PISTOLA DE CHISPA PIRATA S.XVIII\"},{\"@type\":\"BreadcrumbList\",\"@id\":\"https:\\\/\\\/kolser.com\\\/producto\\\/pistola-de-chispa-pirata-s-xviii\\\/#breadcrumb\",\"itemListElement\":[{\"@type\":\"ListItem\",\"position\":1,\"name\":\"Home\",\"item\":\"https:\\\/\\\/kolser.com\\\/\"},{\"@type\":\"ListItem\",\"position\":2,\"name\":\"Cat\u00e1logo\",\"item\":\"https:\\\/\\\/kolser.com\\\/catalogo\\\/\"},{\"@type\":\"ListItem\",\"position\":3,\"name\":\"Pistolas\",\"item\":\"https:\\\/\\\/kolser.com\\\/categoria-producto\\\/pistolas\\\/\"},{\"@type\":\"ListItem\",\"position\":4,\"name\":\"Pistolas\",\"item\":\"https:\\\/\\\/kolser.com\\\/categoria-producto\\\/pistolas\\\/pistolas-pistolas-antiguas\\\/\"},{\"@type\":\"ListItem\",\"position\":5,\"name\":\"PISTOLA DE CHISPA PIRATA S.XVIII\"}]},{\"@type\":\"WebSite\",\"@id\":\"https:\\\/\\\/kolser.com\\\/#website\",\"url\":\"https:\\\/\\\/kolser.com\\\/\",\"name\":\"Kolser\",\"description\":\"\",\"publisher\":{\"@id\":\"https:\\\/\\\/kolser.com\\\/#organization\"},\"potentialAction\":[{\"@type\":\"SearchAction\",\"target\":{\"@type\":\"EntryPoint\",\"urlTemplate\":\"https:\\\/\\\/kolser.com\\\/?s={search_term_string}\"},\"query-input\":{\"@type\":\"PropertyValueSpecification\",\"valueRequired\":true,\"valueName\":\"search_term_string\"}}],\"inLanguage\":\"fr-FR\"},{\"@type\":\"Organization\",\"@id\":\"https:\\\/\\\/kolser.com\\\/#organization\",\"name\":\"Kolser\",\"url\":\"https:\\\/\\\/kolser.com\\\/\",\"logo\":{\"@type\":\"ImageObject\",\"inLanguage\":\"fr-FR\",\"@id\":\"https:\\\/\\\/kolser.com\\\/#\\\/schema\\\/logo\\\/image\\\/\",\"url\":\"https:\\\/\\\/kolser.com\\\/wp-content\\\/uploads\\\/2021\\\/11\\\/Logo-Cabecera.png\",\"contentUrl\":\"https:\\\/\\\/kolser.com\\\/wp-content\\\/uploads\\\/2021\\\/11\\\/Logo-Cabecera.png\",\"width\":979,\"height\":1358,\"caption\":\"Kolser\"},\"image\":{\"@id\":\"https:\\\/\\\/kolser.com\\\/#\\\/schema\\\/logo\\\/image\\\/\"}}]}<\/script>\n<!-- \/ Yoast SEO plugin. -->","yoast_head_json":{"title":"\u25b7PISTOLA DE CHISPA PIRATA S.XVIII - Kolser","description":"\u2705 R\u00e9plica\u3010 PISTOLA DE CHISPA PIRATA S.XVIII \u3011Utilizada por corsarios y piratas en las batallas navales de la \u00e9poca. Disponible en 2 acabados.","robots":{"index":"index","follow":"follow","max-snippet":"max-snippet:-1","max-image-preview":"max-image-preview:large","max-video-preview":"max-video-preview:-1"},"canonical":"https:\/\/kolser.com\/fr\/produit\/pistola-de-chispa-pirata-s-xviii\/","og_locale":"fr_FR","og_type":"article","og_title":"\u25b7PISTOLA DE CHISPA PIRATA S.XVIII - Kolser","og_description":"\u2705 R\u00e9plica\u3010 PISTOLA DE CHISPA PIRATA S.XVIII \u3011Utilizada por corsarios y piratas en las batallas navales de la \u00e9poca. Disponible en 2 acabados.","og_url":"https:\/\/kolser.com\/fr\/produit\/pistola-de-chispa-pirata-s-xviii\/","og_site_name":"Kolser","article_modified_time":"2024-03-10T14:51:25+00:00","og_image":[{"width":600,"height":600,"url":"https:\/\/kolser.com\/wp-content\/uploads\/2021\/12\/KOLSER-REPLICA-PISTOLA-PIRATA-GUN-PISTOLA-DE-CHISPA-PIRATA-S.XVIII_.-47-1066.jpg","type":"image\/jpeg"}],"twitter_card":"summary_large_image","twitter_misc":{"Dur\u00e9e de lecture estim\u00e9e":"1 minute"},"schema":{"@context":"https:\/\/schema.org","@graph":[{"@type":"WebPage","@id":"https:\/\/kolser.com\/producto\/pistola-de-chispa-pirata-s-xviii\/","url":"https:\/\/kolser.com\/producto\/pistola-de-chispa-pirata-s-xviii\/","name":"\u25b7PISTOLA DE CHISPA PIRATA S.XVIII - Kolser","isPartOf":{"@id":"https:\/\/kolser.com\/#website"},"primaryImageOfPage":{"@id":"https:\/\/kolser.com\/producto\/pistola-de-chispa-pirata-s-xviii\/#primaryimage"},"image":{"@id":"https:\/\/kolser.com\/producto\/pistola-de-chispa-pirata-s-xviii\/#primaryimage"},"thumbnailUrl":"https:\/\/kolser.com\/wp-content\/uploads\/2021\/12\/KOLSER-REPLICA-PISTOLA-PIRATA-GUN-PISTOLA-DE-CHISPA-PIRATA-S.XVIII_.-47-1066.jpg","datePublished":"2021-12-11T09:13:00+00:00","dateModified":"2024-03-10T14:51:25+00:00","description":"\u2705 R\u00e9plica\u3010 PISTOLA DE CHISPA PIRATA S.XVIII \u3011Utilizada por corsarios y piratas en las batallas navales de la \u00e9poca. Disponible en 2 acabados.","breadcrumb":{"@id":"https:\/\/kolser.com\/producto\/pistola-de-chispa-pirata-s-xviii\/#breadcrumb"},"inLanguage":"fr-FR","potentialAction":[{"@type":"ReadAction","target":["https:\/\/kolser.com\/producto\/pistola-de-chispa-pirata-s-xviii\/"]}]},{"@type":"ImageObject","inLanguage":"fr-FR","@id":"https:\/\/kolser.com\/producto\/pistola-de-chispa-pirata-s-xviii\/#primaryimage","url":"https:\/\/kolser.com\/wp-content\/uploads\/2021\/12\/KOLSER-REPLICA-PISTOLA-PIRATA-GUN-PISTOLA-DE-CHISPA-PIRATA-S.XVIII_.-47-1066.jpg","contentUrl":"https:\/\/kolser.com\/wp-content\/uploads\/2021\/12\/KOLSER-REPLICA-PISTOLA-PIRATA-GUN-PISTOLA-DE-CHISPA-PIRATA-S.XVIII_.-47-1066.jpg","width":600,"height":600,"caption":"KOLSER REPLICA PISTOLA PIRATA GUN PISTOLA DE CHISPA PIRATA S.XVIII"},{"@type":"BreadcrumbList","@id":"https:\/\/kolser.com\/producto\/pistola-de-chispa-pirata-s-xviii\/#breadcrumb","itemListElement":[{"@type":"ListItem","position":1,"name":"Home","item":"https:\/\/kolser.com\/"},{"@type":"ListItem","position":2,"name":"Cat\u00e1logo","item":"https:\/\/kolser.com\/catalogo\/"},{"@type":"ListItem","position":3,"name":"Pistolas","item":"https:\/\/kolser.com\/categoria-producto\/pistolas\/"},{"@type":"ListItem","position":4,"name":"Pistolas","item":"https:\/\/kolser.com\/categoria-producto\/pistolas\/pistolas-pistolas-antiguas\/"},{"@type":"ListItem","position":5,"name":"PISTOLA DE CHISPA PIRATA S.XVIII"}]},{"@type":"WebSite","@id":"https:\/\/kolser.com\/#website","url":"https:\/\/kolser.com\/","name":"Kolser","description":"","publisher":{"@id":"https:\/\/kolser.com\/#organization"},"potentialAction":[{"@type":"SearchAction","target":{"@type":"EntryPoint","urlTemplate":"https:\/\/kolser.com\/?s={search_term_string}"},"query-input":{"@type":"PropertyValueSpecification","valueRequired":true,"valueName":"search_term_string"}}],"inLanguage":"fr-FR"},{"@type":"Organization","@id":"https:\/\/kolser.com\/#organization","name":"Kolser","url":"https:\/\/kolser.com\/","logo":{"@type":"ImageObject","inLanguage":"fr-FR","@id":"https:\/\/kolser.com\/#\/schema\/logo\/image\/","url":"https:\/\/kolser.com\/wp-content\/uploads\/2021\/11\/Logo-Cabecera.png","contentUrl":"https:\/\/kolser.com\/wp-content\/uploads\/2021\/11\/Logo-Cabecera.png","width":979,"height":1358,"caption":"Kolser"},"image":{"@id":"https:\/\/kolser.com\/#\/schema\/logo\/image\/"}}]}},"_links":{"self":[{"href":"https:\/\/kolser.com\/fr\/wp-json\/wp\/v2\/product\/13600","targetHints":{"allow":["GET"]}}],"collection":[{"href":"https:\/\/kolser.com\/fr\/wp-json\/wp\/v2\/product"}],"about":[{"href":"https:\/\/kolser.com\/fr\/wp-json\/wp\/v2\/types\/product"}],"replies":[{"embeddable":true,"href":"https:\/\/kolser.com\/fr\/wp-json\/wp\/v2\/comments?post=13600"}],"wp:featuredmedia":[{"embeddable":true,"href":"https:\/\/kolser.com\/fr\/wp-json\/wp\/v2\/media\/14426"}],"wp:attachment":[{"href":"https:\/\/kolser.com\/fr\/wp-json\/wp\/v2\/media?parent=13600"}],"wp:term":[{"taxonomy":"product_brand","embeddable":true,"href":"https:\/\/kolser.com\/fr\/wp-json\/wp\/v2\/product_brand?post=13600"},{"taxonomy":"product_cat","embeddable":true,"href":"https:\/\/kolser.com\/fr\/wp-json\/wp\/v2\/product_cat?post=13600"},{"taxonomy":"product_tag","embeddable":true,"href":"https:\/\/kolser.com\/fr\/wp-json\/wp\/v2\/product_tag?post=13600"},{"taxonomy":"coleccion","embeddable":true,"href":"https:\/\/kolser.com\/fr\/wp-json\/wp\/v2\/coleccion?post=13600"},{"taxonomy":"proposito","embeddable":true,"href":"https:\/\/kolser.com\/fr\/wp-json\/wp\/v2\/proposito?post=13600"}],"curies":[{"name":"wp","href":"https:\/\/api.w.org\/{rel}","templated":true}]}}