{"id":13567,"date":"2021-12-11T09:12:58","date_gmt":"2021-12-11T09:12:58","guid":{"rendered":"https:\/\/kolser.com\/?post_type=product&#038;p=13567"},"modified":"2025-07-22T11:30:33","modified_gmt":"2025-07-22T09:30:33","slug":"polvorera-cuerno","status":"publish","type":"product","link":"https:\/\/kolser.com\/fr\/producto\/polvorera-cuerno\/","title":{"rendered":"R\u00c9PLIQUE DE FLASQUE \u00c0 POUDRE EN FORME DE CORNE"},"content":{"rendered":"<p>24 cm<\/p>","protected":false},"excerpt":{"rendered":"<p data-start=\"222\" data-end=\"515\">Cette flasque \u00e0 poudre en m\u00e9tal, avec sa finition imitant la corne et une longueur de 24 centim\u00e8tres, s\u00e9duit par ses d\u00e9tails soign\u00e9s qui en font une pi\u00e8ce v\u00e9ritablement unique. Son design s\u2019inspire des flasques traditionnelles utilis\u00e9es autrefois, souvent fabriqu\u00e9es \u00e0 partir de v\u00e9ritables cornes de cerf.<\/p>\n<p data-start=\"517\" data-end=\"788\">Kolser a souhait\u00e9 pr\u00e9server l\u2019esprit de ces mod\u00e8les historiques tout en optant pour le m\u00e9tal, garantissant ainsi une meilleure r\u00e9sistance et durabilit\u00e9. Une pi\u00e8ce d\u00e9corative de caract\u00e8re, id\u00e9ale pour enrichir toute collection \u00e0 th\u00e8me historique.<\/p>","protected":false},"featured_media":11130,"comment_status":"closed","ping_status":"closed","template":"","meta":[],"product_brand":[],"product_cat":[25,27],"product_tag":[],"coleccion":[],"proposito":[],"class_list":{"0":"post-13567","1":"product","2":"type-product","3":"status-publish","4":"has-post-thumbnail","6":"product_cat-mundo-antiguo","7":"product_cat-decoracion-medieval","9":"first","10":"instock","11":"shipping-taxable","12":"purchasable","13":"product-type-variable"},"yoast_head":"<!-- This site is optimized with the Yoast SEO plugin v27.4 - https:\/\/yoast.com\/product\/yoast-seo-wordpress\/ -->\n<title>\u25b7POLVORERA CUERNO - Kolser<\/title>\n<meta name=\"description\" content=\"\u2705 \u3010 POLVORERA CUERNO \u3011Forma de cuerno con acabado met\u00e1lico, est\u00e1 elaborada en metal con una proporci\u00f3n de 24 cent\u00edmetros.\" \/>\n<meta name=\"robots\" content=\"index, follow, max-snippet:-1, max-image-preview:large, max-video-preview:-1\" \/>\n<link rel=\"canonical\" href=\"https:\/\/kolser.com\/fr\/produit\/polvorera-cuerno\/\" \/>\n<meta property=\"og:locale\" content=\"fr_FR\" \/>\n<meta property=\"og:type\" content=\"article\" \/>\n<meta property=\"og:title\" content=\"\u25b7POLVORERA CUERNO - Kolser\" \/>\n<meta property=\"og:description\" content=\"\u2705 \u3010 POLVORERA CUERNO \u3011Forma de cuerno con acabado met\u00e1lico, est\u00e1 elaborada en metal con una proporci\u00f3n de 24 cent\u00edmetros.\" \/>\n<meta property=\"og:url\" content=\"https:\/\/kolser.com\/fr\/produit\/polvorera-cuerno\/\" \/>\n<meta property=\"og:site_name\" content=\"Kolser\" \/>\n<meta property=\"article:modified_time\" content=\"2025-07-22T09:30:33+00:00\" \/>\n<meta property=\"og:image\" content=\"https:\/\/kolser.com\/wp-content\/uploads\/2021\/12\/KOLSER-REPLICA-PISTOLA-PIRATA-GUN-POLVORERA-CUERNO-MARFIL45-847-M.jpg\" \/>\n\t<meta property=\"og:image:width\" content=\"600\" \/>\n\t<meta property=\"og:image:height\" content=\"600\" \/>\n\t<meta property=\"og:image:type\" content=\"image\/jpeg\" \/>\n<meta name=\"twitter:card\" content=\"summary_large_image\" \/>\n<meta name=\"twitter:label1\" content=\"Dur\u00e9e de lecture estim\u00e9e\" \/>\n\t<meta name=\"twitter:data1\" content=\"1 minute\" \/>\n<script type=\"application\/ld+json\" class=\"yoast-schema-graph\">{\"@context\":\"https:\\\/\\\/schema.org\",\"@graph\":[{\"@type\":\"WebPage\",\"@id\":\"https:\\\/\\\/kolser.com\\\/producto\\\/polvorera-cuerno\\\/\",\"url\":\"https:\\\/\\\/kolser.com\\\/producto\\\/polvorera-cuerno\\\/\",\"name\":\"\u25b7POLVORERA CUERNO - Kolser\",\"isPartOf\":{\"@id\":\"https:\\\/\\\/kolser.com\\\/#website\"},\"primaryImageOfPage\":{\"@id\":\"https:\\\/\\\/kolser.com\\\/producto\\\/polvorera-cuerno\\\/#primaryimage\"},\"image\":{\"@id\":\"https:\\\/\\\/kolser.com\\\/producto\\\/polvorera-cuerno\\\/#primaryimage\"},\"thumbnailUrl\":\"https:\\\/\\\/kolser.com\\\/wp-content\\\/uploads\\\/2021\\\/12\\\/KOLSER-REPLICA-PISTOLA-PIRATA-GUN-POLVORERA-CUERNO-MARFIL45-847-M.jpg\",\"datePublished\":\"2021-12-11T09:12:58+00:00\",\"dateModified\":\"2025-07-22T09:30:33+00:00\",\"description\":\"\u2705 \u3010 POLVORERA CUERNO \u3011Forma de cuerno con acabado met\u00e1lico, est\u00e1 elaborada en metal con una proporci\u00f3n de 24 cent\u00edmetros.\",\"breadcrumb\":{\"@id\":\"https:\\\/\\\/kolser.com\\\/producto\\\/polvorera-cuerno\\\/#breadcrumb\"},\"inLanguage\":\"fr-FR\",\"potentialAction\":[{\"@type\":\"ReadAction\",\"target\":[\"https:\\\/\\\/kolser.com\\\/producto\\\/polvorera-cuerno\\\/\"]}]},{\"@type\":\"ImageObject\",\"inLanguage\":\"fr-FR\",\"@id\":\"https:\\\/\\\/kolser.com\\\/producto\\\/polvorera-cuerno\\\/#primaryimage\",\"url\":\"https:\\\/\\\/kolser.com\\\/wp-content\\\/uploads\\\/2021\\\/12\\\/KOLSER-REPLICA-PISTOLA-PIRATA-GUN-POLVORERA-CUERNO-MARFIL45-847-M.jpg\",\"contentUrl\":\"https:\\\/\\\/kolser.com\\\/wp-content\\\/uploads\\\/2021\\\/12\\\/KOLSER-REPLICA-PISTOLA-PIRATA-GUN-POLVORERA-CUERNO-MARFIL45-847-M.jpg\",\"width\":600,\"height\":600,\"caption\":\"R\u00e9plica de polvorera en forma de cuerno de 24 cm. Cuerpo de color imitaci\u00f3n marfil y terminaciones de metal dorado envejecido.\"},{\"@type\":\"BreadcrumbList\",\"@id\":\"https:\\\/\\\/kolser.com\\\/producto\\\/polvorera-cuerno\\\/#breadcrumb\",\"itemListElement\":[{\"@type\":\"ListItem\",\"position\":1,\"name\":\"Home\",\"item\":\"https:\\\/\\\/kolser.com\\\/\"},{\"@type\":\"ListItem\",\"position\":2,\"name\":\"Cat\u00e1logo\",\"item\":\"https:\\\/\\\/kolser.com\\\/catalogo\\\/\"},{\"@type\":\"ListItem\",\"position\":3,\"name\":\"Mundo Antiguo\",\"item\":\"https:\\\/\\\/kolser.com\\\/categoria-producto\\\/mundo-antiguo\\\/\"},{\"@type\":\"ListItem\",\"position\":4,\"name\":\"Decoraci\u00f3n medieval\",\"item\":\"https:\\\/\\\/kolser.com\\\/categoria-producto\\\/mundo-antiguo\\\/decoracion-medieval\\\/\"},{\"@type\":\"ListItem\",\"position\":5,\"name\":\"POLVORERA CUERNO\"}]},{\"@type\":\"WebSite\",\"@id\":\"https:\\\/\\\/kolser.com\\\/#website\",\"url\":\"https:\\\/\\\/kolser.com\\\/\",\"name\":\"Kolser\",\"description\":\"\",\"publisher\":{\"@id\":\"https:\\\/\\\/kolser.com\\\/#organization\"},\"potentialAction\":[{\"@type\":\"SearchAction\",\"target\":{\"@type\":\"EntryPoint\",\"urlTemplate\":\"https:\\\/\\\/kolser.com\\\/?s={search_term_string}\"},\"query-input\":{\"@type\":\"PropertyValueSpecification\",\"valueRequired\":true,\"valueName\":\"search_term_string\"}}],\"inLanguage\":\"fr-FR\"},{\"@type\":\"Organization\",\"@id\":\"https:\\\/\\\/kolser.com\\\/#organization\",\"name\":\"Kolser\",\"url\":\"https:\\\/\\\/kolser.com\\\/\",\"logo\":{\"@type\":\"ImageObject\",\"inLanguage\":\"fr-FR\",\"@id\":\"https:\\\/\\\/kolser.com\\\/#\\\/schema\\\/logo\\\/image\\\/\",\"url\":\"https:\\\/\\\/kolser.com\\\/wp-content\\\/uploads\\\/2021\\\/11\\\/Logo-Cabecera.png\",\"contentUrl\":\"https:\\\/\\\/kolser.com\\\/wp-content\\\/uploads\\\/2021\\\/11\\\/Logo-Cabecera.png\",\"width\":979,\"height\":1358,\"caption\":\"Kolser\"},\"image\":{\"@id\":\"https:\\\/\\\/kolser.com\\\/#\\\/schema\\\/logo\\\/image\\\/\"}}]}<\/script>\n<!-- \/ Yoast SEO plugin. -->","yoast_head_json":{"title":"\u25b7POLVORERA CUERNO - Kolser","description":"\u2705 \u3010 POLVORERA CUERNO \u3011Forma de cuerno con acabado met\u00e1lico, est\u00e1 elaborada en metal con una proporci\u00f3n de 24 cent\u00edmetros.","robots":{"index":"index","follow":"follow","max-snippet":"max-snippet:-1","max-image-preview":"max-image-preview:large","max-video-preview":"max-video-preview:-1"},"canonical":"https:\/\/kolser.com\/fr\/produit\/polvorera-cuerno\/","og_locale":"fr_FR","og_type":"article","og_title":"\u25b7POLVORERA CUERNO - Kolser","og_description":"\u2705 \u3010 POLVORERA CUERNO \u3011Forma de cuerno con acabado met\u00e1lico, est\u00e1 elaborada en metal con una proporci\u00f3n de 24 cent\u00edmetros.","og_url":"https:\/\/kolser.com\/fr\/produit\/polvorera-cuerno\/","og_site_name":"Kolser","article_modified_time":"2025-07-22T09:30:33+00:00","og_image":[{"width":600,"height":600,"url":"https:\/\/kolser.com\/wp-content\/uploads\/2021\/12\/KOLSER-REPLICA-PISTOLA-PIRATA-GUN-POLVORERA-CUERNO-MARFIL45-847-M.jpg","type":"image\/jpeg"}],"twitter_card":"summary_large_image","twitter_misc":{"Dur\u00e9e de lecture estim\u00e9e":"1 minute"},"schema":{"@context":"https:\/\/schema.org","@graph":[{"@type":"WebPage","@id":"https:\/\/kolser.com\/producto\/polvorera-cuerno\/","url":"https:\/\/kolser.com\/producto\/polvorera-cuerno\/","name":"\u25b7POLVORERA CUERNO - Kolser","isPartOf":{"@id":"https:\/\/kolser.com\/#website"},"primaryImageOfPage":{"@id":"https:\/\/kolser.com\/producto\/polvorera-cuerno\/#primaryimage"},"image":{"@id":"https:\/\/kolser.com\/producto\/polvorera-cuerno\/#primaryimage"},"thumbnailUrl":"https:\/\/kolser.com\/wp-content\/uploads\/2021\/12\/KOLSER-REPLICA-PISTOLA-PIRATA-GUN-POLVORERA-CUERNO-MARFIL45-847-M.jpg","datePublished":"2021-12-11T09:12:58+00:00","dateModified":"2025-07-22T09:30:33+00:00","description":"\u2705 \u3010 POLVORERA CUERNO \u3011Forma de cuerno con acabado met\u00e1lico, est\u00e1 elaborada en metal con una proporci\u00f3n de 24 cent\u00edmetros.","breadcrumb":{"@id":"https:\/\/kolser.com\/producto\/polvorera-cuerno\/#breadcrumb"},"inLanguage":"fr-FR","potentialAction":[{"@type":"ReadAction","target":["https:\/\/kolser.com\/producto\/polvorera-cuerno\/"]}]},{"@type":"ImageObject","inLanguage":"fr-FR","@id":"https:\/\/kolser.com\/producto\/polvorera-cuerno\/#primaryimage","url":"https:\/\/kolser.com\/wp-content\/uploads\/2021\/12\/KOLSER-REPLICA-PISTOLA-PIRATA-GUN-POLVORERA-CUERNO-MARFIL45-847-M.jpg","contentUrl":"https:\/\/kolser.com\/wp-content\/uploads\/2021\/12\/KOLSER-REPLICA-PISTOLA-PIRATA-GUN-POLVORERA-CUERNO-MARFIL45-847-M.jpg","width":600,"height":600,"caption":"R\u00e9plica de polvorera en forma de cuerno de 24 cm. Cuerpo de color imitaci\u00f3n marfil y terminaciones de metal dorado envejecido."},{"@type":"BreadcrumbList","@id":"https:\/\/kolser.com\/producto\/polvorera-cuerno\/#breadcrumb","itemListElement":[{"@type":"ListItem","position":1,"name":"Home","item":"https:\/\/kolser.com\/"},{"@type":"ListItem","position":2,"name":"Cat\u00e1logo","item":"https:\/\/kolser.com\/catalogo\/"},{"@type":"ListItem","position":3,"name":"Mundo Antiguo","item":"https:\/\/kolser.com\/categoria-producto\/mundo-antiguo\/"},{"@type":"ListItem","position":4,"name":"Decoraci\u00f3n medieval","item":"https:\/\/kolser.com\/categoria-producto\/mundo-antiguo\/decoracion-medieval\/"},{"@type":"ListItem","position":5,"name":"POLVORERA CUERNO"}]},{"@type":"WebSite","@id":"https:\/\/kolser.com\/#website","url":"https:\/\/kolser.com\/","name":"Kolser","description":"","publisher":{"@id":"https:\/\/kolser.com\/#organization"},"potentialAction":[{"@type":"SearchAction","target":{"@type":"EntryPoint","urlTemplate":"https:\/\/kolser.com\/?s={search_term_string}"},"query-input":{"@type":"PropertyValueSpecification","valueRequired":true,"valueName":"search_term_string"}}],"inLanguage":"fr-FR"},{"@type":"Organization","@id":"https:\/\/kolser.com\/#organization","name":"Kolser","url":"https:\/\/kolser.com\/","logo":{"@type":"ImageObject","inLanguage":"fr-FR","@id":"https:\/\/kolser.com\/#\/schema\/logo\/image\/","url":"https:\/\/kolser.com\/wp-content\/uploads\/2021\/11\/Logo-Cabecera.png","contentUrl":"https:\/\/kolser.com\/wp-content\/uploads\/2021\/11\/Logo-Cabecera.png","width":979,"height":1358,"caption":"Kolser"},"image":{"@id":"https:\/\/kolser.com\/#\/schema\/logo\/image\/"}}]}},"_links":{"self":[{"href":"https:\/\/kolser.com\/fr\/wp-json\/wp\/v2\/product\/13567","targetHints":{"allow":["GET"]}}],"collection":[{"href":"https:\/\/kolser.com\/fr\/wp-json\/wp\/v2\/product"}],"about":[{"href":"https:\/\/kolser.com\/fr\/wp-json\/wp\/v2\/types\/product"}],"replies":[{"embeddable":true,"href":"https:\/\/kolser.com\/fr\/wp-json\/wp\/v2\/comments?post=13567"}],"wp:featuredmedia":[{"embeddable":true,"href":"https:\/\/kolser.com\/fr\/wp-json\/wp\/v2\/media\/11130"}],"wp:attachment":[{"href":"https:\/\/kolser.com\/fr\/wp-json\/wp\/v2\/media?parent=13567"}],"wp:term":[{"taxonomy":"product_brand","embeddable":true,"href":"https:\/\/kolser.com\/fr\/wp-json\/wp\/v2\/product_brand?post=13567"},{"taxonomy":"product_cat","embeddable":true,"href":"https:\/\/kolser.com\/fr\/wp-json\/wp\/v2\/product_cat?post=13567"},{"taxonomy":"product_tag","embeddable":true,"href":"https:\/\/kolser.com\/fr\/wp-json\/wp\/v2\/product_tag?post=13567"},{"taxonomy":"coleccion","embeddable":true,"href":"https:\/\/kolser.com\/fr\/wp-json\/wp\/v2\/coleccion?post=13567"},{"taxonomy":"proposito","embeddable":true,"href":"https:\/\/kolser.com\/fr\/wp-json\/wp\/v2\/proposito?post=13567"}],"curies":[{"name":"wp","href":"https:\/\/api.w.org\/{rel}","templated":true}]}}