{"id":13545,"date":"2021-12-11T09:12:56","date_gmt":"2021-12-11T09:12:56","guid":{"rendered":"https:\/\/kolser.com\/?post_type=product&#038;p=13545"},"modified":"2025-07-22T11:38:59","modified_gmt":"2025-07-22T09:38:59","slug":"polvorera-redonda-metal-17x24cm","status":"publish","type":"product","link":"https:\/\/kolser.com\/fr\/producto\/polvorera-redonda-metal-17x24cm\/","title":{"rendered":"FLASQUE \u00c0 POUDRE RONDE EN M\u00c9TAL (17X24CM.)"},"content":{"rendered":"<p>24X17 cm<\/p>","protected":false},"excerpt":{"rendered":"<p data-start=\"368\" data-end=\"671\">Avec ses dimensions de 17 x 24 centim\u00e8tres, cette flasque \u00e0 poudre ronde en m\u00e9tal se distingue par ses finitions soign\u00e9es et son design original. Kolser a port\u00e9 une attention particuli\u00e8re \u00e0 chaque d\u00e9tail pour proposer une pi\u00e8ce pleine de caract\u00e8re, inspir\u00e9e des accessoires classiques qui accompagnaient les armes \u00e0 silex.<\/p>\n<p data-start=\"937\" data-end=\"1052\">Un choix id\u00e9al pour compl\u00e9ter une collection historique.<\/p>","protected":false},"featured_media":14179,"comment_status":"closed","ping_status":"closed","template":"","meta":[],"product_brand":[],"product_cat":[25,27],"product_tag":[],"coleccion":[],"proposito":[],"class_list":{"0":"post-13545","1":"product","2":"type-product","3":"status-publish","4":"has-post-thumbnail","6":"product_cat-mundo-antiguo","7":"product_cat-decoracion-medieval","9":"first","10":"instock","11":"shipping-taxable","12":"purchasable","13":"product-type-variable"},"yoast_head":"<!-- This site is optimized with the Yoast SEO plugin v27.4 - https:\/\/yoast.com\/product\/yoast-seo-wordpress\/ -->\n<title>\u25b7POLVORERA REDONDA METAL (17X24CM) - Kolser<\/title>\n<meta name=\"description\" content=\"\u2705 \u3010 POLVORERA REDONA DE METAL \u3011Forma redonda con acabado met\u00e1lico, est\u00e1 elaborada en metal con una proporci\u00f3n de 17 x 24 cent\u00edmetros.\" \/>\n<meta name=\"robots\" content=\"index, follow, max-snippet:-1, max-image-preview:large, max-video-preview:-1\" \/>\n<link rel=\"canonical\" href=\"https:\/\/kolser.com\/fr\/produit\/polvorera-redonda-metal-17x24cm\/\" \/>\n<meta property=\"og:locale\" content=\"fr_FR\" \/>\n<meta property=\"og:type\" content=\"article\" \/>\n<meta property=\"og:title\" content=\"\u25b7POLVORERA REDONDA METAL (17X24CM) - Kolser\" \/>\n<meta property=\"og:description\" content=\"\u2705 \u3010 POLVORERA REDONA DE METAL \u3011Forma redonda con acabado met\u00e1lico, est\u00e1 elaborada en metal con una proporci\u00f3n de 17 x 24 cent\u00edmetros.\" \/>\n<meta property=\"og:url\" content=\"https:\/\/kolser.com\/fr\/produit\/polvorera-redonda-metal-17x24cm\/\" \/>\n<meta property=\"og:site_name\" content=\"Kolser\" \/>\n<meta property=\"article:modified_time\" content=\"2025-07-22T09:38:59+00:00\" \/>\n<meta property=\"og:image\" content=\"https:\/\/kolser.com\/wp-content\/uploads\/2021\/12\/KOLSER-REPLICA-PISTOLA-PIRATA-GUN-POLVORERA-REDONDA-METAL.17X24CM.45-845.jpg\" \/>\n\t<meta property=\"og:image:width\" content=\"600\" \/>\n\t<meta property=\"og:image:height\" content=\"600\" \/>\n\t<meta property=\"og:image:type\" content=\"image\/jpeg\" \/>\n<meta name=\"twitter:card\" content=\"summary_large_image\" \/>\n<meta name=\"twitter:label1\" content=\"Dur\u00e9e de lecture estim\u00e9e\" \/>\n\t<meta name=\"twitter:data1\" content=\"1 minute\" \/>\n<script type=\"application\/ld+json\" class=\"yoast-schema-graph\">{\"@context\":\"https:\\\/\\\/schema.org\",\"@graph\":[{\"@type\":\"WebPage\",\"@id\":\"https:\\\/\\\/kolser.com\\\/producto\\\/polvorera-redonda-metal-17x24cm\\\/\",\"url\":\"https:\\\/\\\/kolser.com\\\/producto\\\/polvorera-redonda-metal-17x24cm\\\/\",\"name\":\"\u25b7POLVORERA REDONDA METAL (17X24CM) - Kolser\",\"isPartOf\":{\"@id\":\"https:\\\/\\\/kolser.com\\\/#website\"},\"primaryImageOfPage\":{\"@id\":\"https:\\\/\\\/kolser.com\\\/producto\\\/polvorera-redonda-metal-17x24cm\\\/#primaryimage\"},\"image\":{\"@id\":\"https:\\\/\\\/kolser.com\\\/producto\\\/polvorera-redonda-metal-17x24cm\\\/#primaryimage\"},\"thumbnailUrl\":\"https:\\\/\\\/kolser.com\\\/wp-content\\\/uploads\\\/2021\\\/12\\\/KOLSER-REPLICA-PISTOLA-PIRATA-GUN-POLVORERA-REDONDA-METAL.17X24CM.45-845.jpg\",\"datePublished\":\"2021-12-11T09:12:56+00:00\",\"dateModified\":\"2025-07-22T09:38:59+00:00\",\"description\":\"\u2705 \u3010 POLVORERA REDONA DE METAL \u3011Forma redonda con acabado met\u00e1lico, est\u00e1 elaborada en metal con una proporci\u00f3n de 17 x 24 cent\u00edmetros.\",\"breadcrumb\":{\"@id\":\"https:\\\/\\\/kolser.com\\\/producto\\\/polvorera-redonda-metal-17x24cm\\\/#breadcrumb\"},\"inLanguage\":\"fr-FR\",\"potentialAction\":[{\"@type\":\"ReadAction\",\"target\":[\"https:\\\/\\\/kolser.com\\\/producto\\\/polvorera-redonda-metal-17x24cm\\\/\"]}]},{\"@type\":\"ImageObject\",\"inLanguage\":\"fr-FR\",\"@id\":\"https:\\\/\\\/kolser.com\\\/producto\\\/polvorera-redonda-metal-17x24cm\\\/#primaryimage\",\"url\":\"https:\\\/\\\/kolser.com\\\/wp-content\\\/uploads\\\/2021\\\/12\\\/KOLSER-REPLICA-PISTOLA-PIRATA-GUN-POLVORERA-REDONDA-METAL.17X24CM.45-845.jpg\",\"contentUrl\":\"https:\\\/\\\/kolser.com\\\/wp-content\\\/uploads\\\/2021\\\/12\\\/KOLSER-REPLICA-PISTOLA-PIRATA-GUN-POLVORERA-REDONDA-METAL.17X24CM.45-845.jpg\",\"width\":600,\"height\":600,\"caption\":\"Replica de polvorera decorada con grabados y filigranas en el frontal. Terminado en metal envejecido.\"},{\"@type\":\"BreadcrumbList\",\"@id\":\"https:\\\/\\\/kolser.com\\\/producto\\\/polvorera-redonda-metal-17x24cm\\\/#breadcrumb\",\"itemListElement\":[{\"@type\":\"ListItem\",\"position\":1,\"name\":\"Home\",\"item\":\"https:\\\/\\\/kolser.com\\\/\"},{\"@type\":\"ListItem\",\"position\":2,\"name\":\"Cat\u00e1logo\",\"item\":\"https:\\\/\\\/kolser.com\\\/catalogo\\\/\"},{\"@type\":\"ListItem\",\"position\":3,\"name\":\"Mundo Antiguo\",\"item\":\"https:\\\/\\\/kolser.com\\\/categoria-producto\\\/mundo-antiguo\\\/\"},{\"@type\":\"ListItem\",\"position\":4,\"name\":\"POLVORERA REDONDA METAL (17X24CM)\"}]},{\"@type\":\"WebSite\",\"@id\":\"https:\\\/\\\/kolser.com\\\/#website\",\"url\":\"https:\\\/\\\/kolser.com\\\/\",\"name\":\"Kolser\",\"description\":\"\",\"publisher\":{\"@id\":\"https:\\\/\\\/kolser.com\\\/#organization\"},\"potentialAction\":[{\"@type\":\"SearchAction\",\"target\":{\"@type\":\"EntryPoint\",\"urlTemplate\":\"https:\\\/\\\/kolser.com\\\/?s={search_term_string}\"},\"query-input\":{\"@type\":\"PropertyValueSpecification\",\"valueRequired\":true,\"valueName\":\"search_term_string\"}}],\"inLanguage\":\"fr-FR\"},{\"@type\":\"Organization\",\"@id\":\"https:\\\/\\\/kolser.com\\\/#organization\",\"name\":\"Kolser\",\"url\":\"https:\\\/\\\/kolser.com\\\/\",\"logo\":{\"@type\":\"ImageObject\",\"inLanguage\":\"fr-FR\",\"@id\":\"https:\\\/\\\/kolser.com\\\/#\\\/schema\\\/logo\\\/image\\\/\",\"url\":\"https:\\\/\\\/kolser.com\\\/wp-content\\\/uploads\\\/2021\\\/11\\\/Logo-Cabecera.png\",\"contentUrl\":\"https:\\\/\\\/kolser.com\\\/wp-content\\\/uploads\\\/2021\\\/11\\\/Logo-Cabecera.png\",\"width\":979,\"height\":1358,\"caption\":\"Kolser\"},\"image\":{\"@id\":\"https:\\\/\\\/kolser.com\\\/#\\\/schema\\\/logo\\\/image\\\/\"}}]}<\/script>\n<!-- \/ Yoast SEO plugin. -->","yoast_head_json":{"title":"\u25b7POLVORERA REDONDA METAL (17X24CM) - Kolser","description":"\u2705 \u3010 POLVORERA REDONA DE METAL \u3011Forma redonda con acabado met\u00e1lico, est\u00e1 elaborada en metal con una proporci\u00f3n de 17 x 24 cent\u00edmetros.","robots":{"index":"index","follow":"follow","max-snippet":"max-snippet:-1","max-image-preview":"max-image-preview:large","max-video-preview":"max-video-preview:-1"},"canonical":"https:\/\/kolser.com\/fr\/produit\/polvorera-redonda-metal-17x24cm\/","og_locale":"fr_FR","og_type":"article","og_title":"\u25b7POLVORERA REDONDA METAL (17X24CM) - Kolser","og_description":"\u2705 \u3010 POLVORERA REDONA DE METAL \u3011Forma redonda con acabado met\u00e1lico, est\u00e1 elaborada en metal con una proporci\u00f3n de 17 x 24 cent\u00edmetros.","og_url":"https:\/\/kolser.com\/fr\/produit\/polvorera-redonda-metal-17x24cm\/","og_site_name":"Kolser","article_modified_time":"2025-07-22T09:38:59+00:00","og_image":[{"width":600,"height":600,"url":"https:\/\/kolser.com\/wp-content\/uploads\/2021\/12\/KOLSER-REPLICA-PISTOLA-PIRATA-GUN-POLVORERA-REDONDA-METAL.17X24CM.45-845.jpg","type":"image\/jpeg"}],"twitter_card":"summary_large_image","twitter_misc":{"Dur\u00e9e de lecture estim\u00e9e":"1 minute"},"schema":{"@context":"https:\/\/schema.org","@graph":[{"@type":"WebPage","@id":"https:\/\/kolser.com\/producto\/polvorera-redonda-metal-17x24cm\/","url":"https:\/\/kolser.com\/producto\/polvorera-redonda-metal-17x24cm\/","name":"\u25b7POLVORERA REDONDA METAL (17X24CM) - Kolser","isPartOf":{"@id":"https:\/\/kolser.com\/#website"},"primaryImageOfPage":{"@id":"https:\/\/kolser.com\/producto\/polvorera-redonda-metal-17x24cm\/#primaryimage"},"image":{"@id":"https:\/\/kolser.com\/producto\/polvorera-redonda-metal-17x24cm\/#primaryimage"},"thumbnailUrl":"https:\/\/kolser.com\/wp-content\/uploads\/2021\/12\/KOLSER-REPLICA-PISTOLA-PIRATA-GUN-POLVORERA-REDONDA-METAL.17X24CM.45-845.jpg","datePublished":"2021-12-11T09:12:56+00:00","dateModified":"2025-07-22T09:38:59+00:00","description":"\u2705 \u3010 POLVORERA REDONA DE METAL \u3011Forma redonda con acabado met\u00e1lico, est\u00e1 elaborada en metal con una proporci\u00f3n de 17 x 24 cent\u00edmetros.","breadcrumb":{"@id":"https:\/\/kolser.com\/producto\/polvorera-redonda-metal-17x24cm\/#breadcrumb"},"inLanguage":"fr-FR","potentialAction":[{"@type":"ReadAction","target":["https:\/\/kolser.com\/producto\/polvorera-redonda-metal-17x24cm\/"]}]},{"@type":"ImageObject","inLanguage":"fr-FR","@id":"https:\/\/kolser.com\/producto\/polvorera-redonda-metal-17x24cm\/#primaryimage","url":"https:\/\/kolser.com\/wp-content\/uploads\/2021\/12\/KOLSER-REPLICA-PISTOLA-PIRATA-GUN-POLVORERA-REDONDA-METAL.17X24CM.45-845.jpg","contentUrl":"https:\/\/kolser.com\/wp-content\/uploads\/2021\/12\/KOLSER-REPLICA-PISTOLA-PIRATA-GUN-POLVORERA-REDONDA-METAL.17X24CM.45-845.jpg","width":600,"height":600,"caption":"Replica de polvorera decorada con grabados y filigranas en el frontal. Terminado en metal envejecido."},{"@type":"BreadcrumbList","@id":"https:\/\/kolser.com\/producto\/polvorera-redonda-metal-17x24cm\/#breadcrumb","itemListElement":[{"@type":"ListItem","position":1,"name":"Home","item":"https:\/\/kolser.com\/"},{"@type":"ListItem","position":2,"name":"Cat\u00e1logo","item":"https:\/\/kolser.com\/catalogo\/"},{"@type":"ListItem","position":3,"name":"Mundo Antiguo","item":"https:\/\/kolser.com\/categoria-producto\/mundo-antiguo\/"},{"@type":"ListItem","position":4,"name":"POLVORERA REDONDA METAL (17X24CM)"}]},{"@type":"WebSite","@id":"https:\/\/kolser.com\/#website","url":"https:\/\/kolser.com\/","name":"Kolser","description":"","publisher":{"@id":"https:\/\/kolser.com\/#organization"},"potentialAction":[{"@type":"SearchAction","target":{"@type":"EntryPoint","urlTemplate":"https:\/\/kolser.com\/?s={search_term_string}"},"query-input":{"@type":"PropertyValueSpecification","valueRequired":true,"valueName":"search_term_string"}}],"inLanguage":"fr-FR"},{"@type":"Organization","@id":"https:\/\/kolser.com\/#organization","name":"Kolser","url":"https:\/\/kolser.com\/","logo":{"@type":"ImageObject","inLanguage":"fr-FR","@id":"https:\/\/kolser.com\/#\/schema\/logo\/image\/","url":"https:\/\/kolser.com\/wp-content\/uploads\/2021\/11\/Logo-Cabecera.png","contentUrl":"https:\/\/kolser.com\/wp-content\/uploads\/2021\/11\/Logo-Cabecera.png","width":979,"height":1358,"caption":"Kolser"},"image":{"@id":"https:\/\/kolser.com\/#\/schema\/logo\/image\/"}}]}},"_links":{"self":[{"href":"https:\/\/kolser.com\/fr\/wp-json\/wp\/v2\/product\/13545","targetHints":{"allow":["GET"]}}],"collection":[{"href":"https:\/\/kolser.com\/fr\/wp-json\/wp\/v2\/product"}],"about":[{"href":"https:\/\/kolser.com\/fr\/wp-json\/wp\/v2\/types\/product"}],"replies":[{"embeddable":true,"href":"https:\/\/kolser.com\/fr\/wp-json\/wp\/v2\/comments?post=13545"}],"wp:featuredmedia":[{"embeddable":true,"href":"https:\/\/kolser.com\/fr\/wp-json\/wp\/v2\/media\/14179"}],"wp:attachment":[{"href":"https:\/\/kolser.com\/fr\/wp-json\/wp\/v2\/media?parent=13545"}],"wp:term":[{"taxonomy":"product_brand","embeddable":true,"href":"https:\/\/kolser.com\/fr\/wp-json\/wp\/v2\/product_brand?post=13545"},{"taxonomy":"product_cat","embeddable":true,"href":"https:\/\/kolser.com\/fr\/wp-json\/wp\/v2\/product_cat?post=13545"},{"taxonomy":"product_tag","embeddable":true,"href":"https:\/\/kolser.com\/fr\/wp-json\/wp\/v2\/product_tag?post=13545"},{"taxonomy":"coleccion","embeddable":true,"href":"https:\/\/kolser.com\/fr\/wp-json\/wp\/v2\/coleccion?post=13545"},{"taxonomy":"proposito","embeddable":true,"href":"https:\/\/kolser.com\/fr\/wp-json\/wp\/v2\/proposito?post=13545"}],"curies":[{"name":"wp","href":"https:\/\/api.w.org\/{rel}","templated":true}]}}