{"id":13525,"date":"2021-12-11T09:12:54","date_gmt":"2021-12-11T09:12:54","guid":{"rendered":"https:\/\/kolser.com\/producto\/daga-hindu\/"},"modified":"2025-07-25T11:35:46","modified_gmt":"2025-07-25T09:35:46","slug":"daga-hindu","status":"publish","type":"product","link":"https:\/\/kolser.com\/fr\/producto\/daga-hindu\/","title":{"rendered":"DAGUE HINDOUE"},"content":{"rendered":"<p>26 cm<\/p>","protected":false},"excerpt":{"rendered":"<p>Kolser nous transporte dans la splendeur de la tradition indienne avec cette \u00e9l\u00e9gante r\u00e9plique de dague d\u00e9corative, inspir\u00e9e de mod\u00e8les historiques des XIIe et XIIIe si\u00e8cles. Enti\u00e8rement fabriqu\u00e9e en m\u00e9tal, elle pr\u00e9sente une lame courbe et une garde richement orn\u00e9e de gravures, dont un serpent grav\u00e9 sur le pommeau \u2014 un clin d\u2019\u0153il \u00e0 la figure mythologique de Shesha dans la culture hindoue. Avec ses 26 cm de longueur, c\u2019est une pi\u00e8ce id\u00e9ale pour les collectionneurs passionn\u00e9s d\u2019art oriental.<\/p>","protected":false},"featured_media":14451,"comment_status":"closed","ping_status":"closed","template":"","meta":[],"product_brand":[],"product_cat":[33],"product_tag":[],"coleccion":[],"proposito":[],"class_list":{"0":"post-13525","1":"product","2":"type-product","3":"status-publish","4":"has-post-thumbnail","6":"product_cat-dagas-y-punales","8":"first","9":"instock","10":"shipping-taxable","11":"purchasable","12":"product-type-simple"},"yoast_head":"<!-- This site is optimized with the Yoast SEO plugin v27.4 - https:\/\/yoast.com\/product\/yoast-seo-wordpress\/ -->\n<title>\u25b7DAGA HINDU - Kolser<\/title>\n<meta name=\"description\" content=\"\u2705 \u3010 DAGA HINDU \u3011Kolser nos remonta con esta reproducci\u00f3n de daga Jambia o Jambiya de los siglos XII y XIII, a las cruzadas.\" \/>\n<meta name=\"robots\" content=\"index, follow, max-snippet:-1, max-image-preview:large, max-video-preview:-1\" \/>\n<link rel=\"canonical\" href=\"https:\/\/kolser.com\/fr\/produit\/daga-hindu\/\" \/>\n<meta property=\"og:locale\" content=\"fr_FR\" \/>\n<meta property=\"og:type\" content=\"article\" \/>\n<meta property=\"og:title\" content=\"\u25b7DAGA HINDU - Kolser\" \/>\n<meta property=\"og:description\" content=\"\u2705 \u3010 DAGA HINDU \u3011Kolser nos remonta con esta reproducci\u00f3n de daga Jambia o Jambiya de los siglos XII y XIII, a las cruzadas.\" \/>\n<meta property=\"og:url\" content=\"https:\/\/kolser.com\/fr\/produit\/daga-hindu\/\" \/>\n<meta property=\"og:site_name\" content=\"Kolser\" \/>\n<meta property=\"article:modified_time\" content=\"2025-07-25T09:35:46+00:00\" \/>\n<meta property=\"og:image\" content=\"https:\/\/kolser.com\/wp-content\/uploads\/2021\/12\/48-171.jpg\" \/>\n\t<meta property=\"og:image:width\" content=\"600\" \/>\n\t<meta property=\"og:image:height\" content=\"600\" \/>\n\t<meta property=\"og:image:type\" content=\"image\/jpeg\" \/>\n<meta name=\"twitter:card\" content=\"summary_large_image\" \/>\n<meta name=\"twitter:label1\" content=\"Dur\u00e9e de lecture estim\u00e9e\" \/>\n\t<meta name=\"twitter:data1\" content=\"1 minute\" \/>\n<script type=\"application\/ld+json\" class=\"yoast-schema-graph\">{\"@context\":\"https:\\\/\\\/schema.org\",\"@graph\":[{\"@type\":\"WebPage\",\"@id\":\"https:\\\/\\\/kolser.com\\\/producto\\\/daga-hindu\\\/\",\"url\":\"https:\\\/\\\/kolser.com\\\/producto\\\/daga-hindu\\\/\",\"name\":\"\u25b7DAGA HINDU - Kolser\",\"isPartOf\":{\"@id\":\"https:\\\/\\\/kolser.com\\\/#website\"},\"primaryImageOfPage\":{\"@id\":\"https:\\\/\\\/kolser.com\\\/producto\\\/daga-hindu\\\/#primaryimage\"},\"image\":{\"@id\":\"https:\\\/\\\/kolser.com\\\/producto\\\/daga-hindu\\\/#primaryimage\"},\"thumbnailUrl\":\"https:\\\/\\\/kolser.com\\\/wp-content\\\/uploads\\\/2021\\\/12\\\/48-171.jpg\",\"datePublished\":\"2021-12-11T09:12:54+00:00\",\"dateModified\":\"2025-07-25T09:35:46+00:00\",\"description\":\"\u2705 \u3010 DAGA HINDU \u3011Kolser nos remonta con esta reproducci\u00f3n de daga Jambia o Jambiya de los siglos XII y XIII, a las cruzadas.\",\"breadcrumb\":{\"@id\":\"https:\\\/\\\/kolser.com\\\/producto\\\/daga-hindu\\\/#breadcrumb\"},\"inLanguage\":\"fr-FR\",\"potentialAction\":[{\"@type\":\"ReadAction\",\"target\":[\"https:\\\/\\\/kolser.com\\\/producto\\\/daga-hindu\\\/\"]}]},{\"@type\":\"ImageObject\",\"inLanguage\":\"fr-FR\",\"@id\":\"https:\\\/\\\/kolser.com\\\/producto\\\/daga-hindu\\\/#primaryimage\",\"url\":\"https:\\\/\\\/kolser.com\\\/wp-content\\\/uploads\\\/2021\\\/12\\\/48-171.jpg\",\"contentUrl\":\"https:\\\/\\\/kolser.com\\\/wp-content\\\/uploads\\\/2021\\\/12\\\/48-171.jpg\",\"width\":600,\"height\":600,\"caption\":\"R\u00e9plica de daga indu de 26 cm de hoja ondulada con empu\u00f1adura plateada y detalles ornamentales\"},{\"@type\":\"BreadcrumbList\",\"@id\":\"https:\\\/\\\/kolser.com\\\/producto\\\/daga-hindu\\\/#breadcrumb\",\"itemListElement\":[{\"@type\":\"ListItem\",\"position\":1,\"name\":\"Home\",\"item\":\"https:\\\/\\\/kolser.com\\\/\"},{\"@type\":\"ListItem\",\"position\":2,\"name\":\"Cat\u00e1logo\",\"item\":\"https:\\\/\\\/kolser.com\\\/catalogo\\\/\"},{\"@type\":\"ListItem\",\"position\":3,\"name\":\"Dagas y pu\u00f1ales\",\"item\":\"https:\\\/\\\/kolser.com\\\/categoria-producto\\\/dagas-y-punales\\\/\"},{\"@type\":\"ListItem\",\"position\":4,\"name\":\"DAGA HINDU\"}]},{\"@type\":\"WebSite\",\"@id\":\"https:\\\/\\\/kolser.com\\\/#website\",\"url\":\"https:\\\/\\\/kolser.com\\\/\",\"name\":\"Kolser\",\"description\":\"\",\"publisher\":{\"@id\":\"https:\\\/\\\/kolser.com\\\/#organization\"},\"potentialAction\":[{\"@type\":\"SearchAction\",\"target\":{\"@type\":\"EntryPoint\",\"urlTemplate\":\"https:\\\/\\\/kolser.com\\\/?s={search_term_string}\"},\"query-input\":{\"@type\":\"PropertyValueSpecification\",\"valueRequired\":true,\"valueName\":\"search_term_string\"}}],\"inLanguage\":\"fr-FR\"},{\"@type\":\"Organization\",\"@id\":\"https:\\\/\\\/kolser.com\\\/#organization\",\"name\":\"Kolser\",\"url\":\"https:\\\/\\\/kolser.com\\\/\",\"logo\":{\"@type\":\"ImageObject\",\"inLanguage\":\"fr-FR\",\"@id\":\"https:\\\/\\\/kolser.com\\\/#\\\/schema\\\/logo\\\/image\\\/\",\"url\":\"https:\\\/\\\/kolser.com\\\/wp-content\\\/uploads\\\/2021\\\/11\\\/Logo-Cabecera.png\",\"contentUrl\":\"https:\\\/\\\/kolser.com\\\/wp-content\\\/uploads\\\/2021\\\/11\\\/Logo-Cabecera.png\",\"width\":979,\"height\":1358,\"caption\":\"Kolser\"},\"image\":{\"@id\":\"https:\\\/\\\/kolser.com\\\/#\\\/schema\\\/logo\\\/image\\\/\"}}]}<\/script>\n<!-- \/ Yoast SEO plugin. -->","yoast_head_json":{"title":"\u25b7DAGA HINDU - Kolser","description":"\u2705 \u3010 DAGA HINDU \u3011Kolser nos remonta con esta reproducci\u00f3n de daga Jambia o Jambiya de los siglos XII y XIII, a las cruzadas.","robots":{"index":"index","follow":"follow","max-snippet":"max-snippet:-1","max-image-preview":"max-image-preview:large","max-video-preview":"max-video-preview:-1"},"canonical":"https:\/\/kolser.com\/fr\/produit\/daga-hindu\/","og_locale":"fr_FR","og_type":"article","og_title":"\u25b7DAGA HINDU - Kolser","og_description":"\u2705 \u3010 DAGA HINDU \u3011Kolser nos remonta con esta reproducci\u00f3n de daga Jambia o Jambiya de los siglos XII y XIII, a las cruzadas.","og_url":"https:\/\/kolser.com\/fr\/produit\/daga-hindu\/","og_site_name":"Kolser","article_modified_time":"2025-07-25T09:35:46+00:00","og_image":[{"width":600,"height":600,"url":"https:\/\/kolser.com\/wp-content\/uploads\/2021\/12\/48-171.jpg","type":"image\/jpeg"}],"twitter_card":"summary_large_image","twitter_misc":{"Dur\u00e9e de lecture estim\u00e9e":"1 minute"},"schema":{"@context":"https:\/\/schema.org","@graph":[{"@type":"WebPage","@id":"https:\/\/kolser.com\/producto\/daga-hindu\/","url":"https:\/\/kolser.com\/producto\/daga-hindu\/","name":"\u25b7DAGA HINDU - Kolser","isPartOf":{"@id":"https:\/\/kolser.com\/#website"},"primaryImageOfPage":{"@id":"https:\/\/kolser.com\/producto\/daga-hindu\/#primaryimage"},"image":{"@id":"https:\/\/kolser.com\/producto\/daga-hindu\/#primaryimage"},"thumbnailUrl":"https:\/\/kolser.com\/wp-content\/uploads\/2021\/12\/48-171.jpg","datePublished":"2021-12-11T09:12:54+00:00","dateModified":"2025-07-25T09:35:46+00:00","description":"\u2705 \u3010 DAGA HINDU \u3011Kolser nos remonta con esta reproducci\u00f3n de daga Jambia o Jambiya de los siglos XII y XIII, a las cruzadas.","breadcrumb":{"@id":"https:\/\/kolser.com\/producto\/daga-hindu\/#breadcrumb"},"inLanguage":"fr-FR","potentialAction":[{"@type":"ReadAction","target":["https:\/\/kolser.com\/producto\/daga-hindu\/"]}]},{"@type":"ImageObject","inLanguage":"fr-FR","@id":"https:\/\/kolser.com\/producto\/daga-hindu\/#primaryimage","url":"https:\/\/kolser.com\/wp-content\/uploads\/2021\/12\/48-171.jpg","contentUrl":"https:\/\/kolser.com\/wp-content\/uploads\/2021\/12\/48-171.jpg","width":600,"height":600,"caption":"R\u00e9plica de daga indu de 26 cm de hoja ondulada con empu\u00f1adura plateada y detalles ornamentales"},{"@type":"BreadcrumbList","@id":"https:\/\/kolser.com\/producto\/daga-hindu\/#breadcrumb","itemListElement":[{"@type":"ListItem","position":1,"name":"Home","item":"https:\/\/kolser.com\/"},{"@type":"ListItem","position":2,"name":"Cat\u00e1logo","item":"https:\/\/kolser.com\/catalogo\/"},{"@type":"ListItem","position":3,"name":"Dagas y pu\u00f1ales","item":"https:\/\/kolser.com\/categoria-producto\/dagas-y-punales\/"},{"@type":"ListItem","position":4,"name":"DAGA HINDU"}]},{"@type":"WebSite","@id":"https:\/\/kolser.com\/#website","url":"https:\/\/kolser.com\/","name":"Kolser","description":"","publisher":{"@id":"https:\/\/kolser.com\/#organization"},"potentialAction":[{"@type":"SearchAction","target":{"@type":"EntryPoint","urlTemplate":"https:\/\/kolser.com\/?s={search_term_string}"},"query-input":{"@type":"PropertyValueSpecification","valueRequired":true,"valueName":"search_term_string"}}],"inLanguage":"fr-FR"},{"@type":"Organization","@id":"https:\/\/kolser.com\/#organization","name":"Kolser","url":"https:\/\/kolser.com\/","logo":{"@type":"ImageObject","inLanguage":"fr-FR","@id":"https:\/\/kolser.com\/#\/schema\/logo\/image\/","url":"https:\/\/kolser.com\/wp-content\/uploads\/2021\/11\/Logo-Cabecera.png","contentUrl":"https:\/\/kolser.com\/wp-content\/uploads\/2021\/11\/Logo-Cabecera.png","width":979,"height":1358,"caption":"Kolser"},"image":{"@id":"https:\/\/kolser.com\/#\/schema\/logo\/image\/"}}]}},"_links":{"self":[{"href":"https:\/\/kolser.com\/fr\/wp-json\/wp\/v2\/product\/13525","targetHints":{"allow":["GET"]}}],"collection":[{"href":"https:\/\/kolser.com\/fr\/wp-json\/wp\/v2\/product"}],"about":[{"href":"https:\/\/kolser.com\/fr\/wp-json\/wp\/v2\/types\/product"}],"replies":[{"embeddable":true,"href":"https:\/\/kolser.com\/fr\/wp-json\/wp\/v2\/comments?post=13525"}],"wp:featuredmedia":[{"embeddable":true,"href":"https:\/\/kolser.com\/fr\/wp-json\/wp\/v2\/media\/14451"}],"wp:attachment":[{"href":"https:\/\/kolser.com\/fr\/wp-json\/wp\/v2\/media?parent=13525"}],"wp:term":[{"taxonomy":"product_brand","embeddable":true,"href":"https:\/\/kolser.com\/fr\/wp-json\/wp\/v2\/product_brand?post=13525"},{"taxonomy":"product_cat","embeddable":true,"href":"https:\/\/kolser.com\/fr\/wp-json\/wp\/v2\/product_cat?post=13525"},{"taxonomy":"product_tag","embeddable":true,"href":"https:\/\/kolser.com\/fr\/wp-json\/wp\/v2\/product_tag?post=13525"},{"taxonomy":"coleccion","embeddable":true,"href":"https:\/\/kolser.com\/fr\/wp-json\/wp\/v2\/coleccion?post=13525"},{"taxonomy":"proposito","embeddable":true,"href":"https:\/\/kolser.com\/fr\/wp-json\/wp\/v2\/proposito?post=13525"}],"curies":[{"name":"wp","href":"https:\/\/api.w.org\/{rel}","templated":true}]}}