{"id":13513,"date":"2021-12-11T09:12:54","date_gmt":"2021-12-11T09:12:54","guid":{"rendered":"https:\/\/kolser.com\/producto\/pistola-de-chispa-alemana-s-xvii\/"},"modified":"2024-03-10T18:04:28","modified_gmt":"2024-03-10T18:04:28","slug":"pistola-de-chispa-alemana-s-xvii","status":"publish","type":"product","link":"https:\/\/kolser.com\/fr\/producto\/pistola-de-chispa-alemana-s-xvii\/","title":{"rendered":"PISTOLET \u00c0 SILEX ALLEMAND DU XVII\u1d49 SI\u00c8CLE"},"content":{"rendered":"<p>29 cm<\/p>","protected":false},"excerpt":{"rendered":"<p>Superbe r\u00e9plique d\u2019un pistolet \u00e0 silex allemand du XVIIe si\u00e8cle, cette pi\u00e8ce se distingue par la finesse de ses d\u00e9tails. Kolser lui conf\u00e8re une touche d\u2019\u00e9l\u00e9gance et d\u2019exclusivit\u00e9 qui en fait un v\u00e9ritable bijou pour les collectionneurs.<br>\n\nCe type d\u2019arme \u00e9tait utilis\u00e9 par les combattants de l\u2019Empire franco-allemand et de l\u2019\u00c9tat prussien, \u00e0 une \u00e9poque o\u00f9 l\u2019Allemagne n\u2019\u00e9tait pas encore une nation unifi\u00e9e. Cette richesse multiculturelle se refl\u00e8te dans sa conception unique.<br>\n\nUtilis\u00e9s pour les duels et les d\u00e9fis, ces pistolets faisaient partie int\u00e9grante de l\u2019\u00e9quipement d\u2019un gentilhomme de l\u2019\u00e9poque.<br>\n\nCette r\u00e9plique mesure 29 centim\u00e8tres. Le chien, la d\u00e9tente et la glissi\u00e8re sont en m\u00e9tal. Le corps de l\u2019arme, \u00e0 partir de la crosse, est fabriqu\u00e9 en r\u00e9sine de haute qualit\u00e9 pour une solidit\u00e9 et une durabilit\u00e9 optimales.<\/p>","protected":false},"featured_media":14384,"comment_status":"closed","ping_status":"closed","template":"","meta":[],"product_brand":[],"product_cat":[30,31],"product_tag":[],"coleccion":[],"proposito":[],"class_list":{"0":"post-13513","1":"product","2":"type-product","3":"status-publish","4":"has-post-thumbnail","6":"product_cat-pistolas","7":"product_cat-pistolas-pistolas-antiguas","9":"first","10":"instock","11":"shipping-taxable","12":"purchasable","13":"product-type-simple"},"yoast_head":"<!-- This site is optimized with the Yoast SEO plugin v27.4 - https:\/\/yoast.com\/product\/yoast-seo-wordpress\/ -->\n<title>\u25b7PISTOLA DE CHISPA ALEMANA S.XVII - Kolser<\/title>\n<meta name=\"description\" content=\"\u2705 R\u00e9plica \u3010 PISTOLA DE CHICA ALEMANA S.XVIII \u3011utilizadas por los guerreros del imperio franco-alem\u00e1n y el imperio de Prusia.\" \/>\n<meta name=\"robots\" content=\"index, follow, max-snippet:-1, max-image-preview:large, max-video-preview:-1\" \/>\n<link rel=\"canonical\" href=\"https:\/\/kolser.com\/fr\/produit\/pistola-de-chispa-alemana-s-xvii\/\" \/>\n<meta property=\"og:locale\" content=\"fr_FR\" \/>\n<meta property=\"og:type\" content=\"article\" \/>\n<meta property=\"og:title\" content=\"\u25b7PISTOLA DE CHISPA ALEMANA S.XVII - Kolser\" \/>\n<meta property=\"og:description\" content=\"\u2705 R\u00e9plica \u3010 PISTOLA DE CHICA ALEMANA S.XVIII \u3011utilizadas por los guerreros del imperio franco-alem\u00e1n y el imperio de Prusia.\" \/>\n<meta property=\"og:url\" content=\"https:\/\/kolser.com\/fr\/produit\/pistola-de-chispa-alemana-s-xvii\/\" \/>\n<meta property=\"og:site_name\" content=\"Kolser\" \/>\n<meta property=\"article:modified_time\" content=\"2024-03-10T18:04:28+00:00\" \/>\n<meta property=\"og:image\" content=\"https:\/\/kolser.com\/wp-content\/uploads\/2021\/12\/47-1117-L.jpg\" \/>\n\t<meta property=\"og:image:width\" content=\"600\" \/>\n\t<meta property=\"og:image:height\" content=\"600\" \/>\n\t<meta property=\"og:image:type\" content=\"image\/jpeg\" \/>\n<meta name=\"twitter:card\" content=\"summary_large_image\" \/>\n<meta name=\"twitter:label1\" content=\"Dur\u00e9e de lecture estim\u00e9e\" \/>\n\t<meta name=\"twitter:data1\" content=\"1 minute\" \/>\n<script type=\"application\/ld+json\" class=\"yoast-schema-graph\">{\"@context\":\"https:\\\/\\\/schema.org\",\"@graph\":[{\"@type\":\"WebPage\",\"@id\":\"https:\\\/\\\/kolser.com\\\/producto\\\/pistola-de-chispa-alemana-s-xvii\\\/\",\"url\":\"https:\\\/\\\/kolser.com\\\/producto\\\/pistola-de-chispa-alemana-s-xvii\\\/\",\"name\":\"\u25b7PISTOLA DE CHISPA ALEMANA S.XVII - Kolser\",\"isPartOf\":{\"@id\":\"https:\\\/\\\/kolser.com\\\/#website\"},\"primaryImageOfPage\":{\"@id\":\"https:\\\/\\\/kolser.com\\\/producto\\\/pistola-de-chispa-alemana-s-xvii\\\/#primaryimage\"},\"image\":{\"@id\":\"https:\\\/\\\/kolser.com\\\/producto\\\/pistola-de-chispa-alemana-s-xvii\\\/#primaryimage\"},\"thumbnailUrl\":\"https:\\\/\\\/kolser.com\\\/wp-content\\\/uploads\\\/2021\\\/12\\\/47-1117-L.jpg\",\"datePublished\":\"2021-12-11T09:12:54+00:00\",\"dateModified\":\"2024-03-10T18:04:28+00:00\",\"description\":\"\u2705 R\u00e9plica \u3010 PISTOLA DE CHICA ALEMANA S.XVIII \u3011utilizadas por los guerreros del imperio franco-alem\u00e1n y el imperio de Prusia.\",\"breadcrumb\":{\"@id\":\"https:\\\/\\\/kolser.com\\\/producto\\\/pistola-de-chispa-alemana-s-xvii\\\/#breadcrumb\"},\"inLanguage\":\"fr-FR\",\"potentialAction\":[{\"@type\":\"ReadAction\",\"target\":[\"https:\\\/\\\/kolser.com\\\/producto\\\/pistola-de-chispa-alemana-s-xvii\\\/\"]}]},{\"@type\":\"ImageObject\",\"inLanguage\":\"fr-FR\",\"@id\":\"https:\\\/\\\/kolser.com\\\/producto\\\/pistola-de-chispa-alemana-s-xvii\\\/#primaryimage\",\"url\":\"https:\\\/\\\/kolser.com\\\/wp-content\\\/uploads\\\/2021\\\/12\\\/47-1117-L.jpg\",\"contentUrl\":\"https:\\\/\\\/kolser.com\\\/wp-content\\\/uploads\\\/2021\\\/12\\\/47-1117-L.jpg\",\"width\":600,\"height\":600,\"caption\":\"Vista lateral derecha de pistola de chispa alemana del s XVII, con empu\u00f1adura de madera, percutor plateado, ca\u00f1o dorado pulido.\"},{\"@type\":\"BreadcrumbList\",\"@id\":\"https:\\\/\\\/kolser.com\\\/producto\\\/pistola-de-chispa-alemana-s-xvii\\\/#breadcrumb\",\"itemListElement\":[{\"@type\":\"ListItem\",\"position\":1,\"name\":\"Home\",\"item\":\"https:\\\/\\\/kolser.com\\\/\"},{\"@type\":\"ListItem\",\"position\":2,\"name\":\"Cat\u00e1logo\",\"item\":\"https:\\\/\\\/kolser.com\\\/catalogo\\\/\"},{\"@type\":\"ListItem\",\"position\":3,\"name\":\"Pistolas\",\"item\":\"https:\\\/\\\/kolser.com\\\/categoria-producto\\\/pistolas\\\/\"},{\"@type\":\"ListItem\",\"position\":4,\"name\":\"Pistolas\",\"item\":\"https:\\\/\\\/kolser.com\\\/categoria-producto\\\/pistolas\\\/pistolas-pistolas-antiguas\\\/\"},{\"@type\":\"ListItem\",\"position\":5,\"name\":\"PISTOLA DE CHISPA ALEMANA S.XVII\"}]},{\"@type\":\"WebSite\",\"@id\":\"https:\\\/\\\/kolser.com\\\/#website\",\"url\":\"https:\\\/\\\/kolser.com\\\/\",\"name\":\"Kolser\",\"description\":\"\",\"publisher\":{\"@id\":\"https:\\\/\\\/kolser.com\\\/#organization\"},\"potentialAction\":[{\"@type\":\"SearchAction\",\"target\":{\"@type\":\"EntryPoint\",\"urlTemplate\":\"https:\\\/\\\/kolser.com\\\/?s={search_term_string}\"},\"query-input\":{\"@type\":\"PropertyValueSpecification\",\"valueRequired\":true,\"valueName\":\"search_term_string\"}}],\"inLanguage\":\"fr-FR\"},{\"@type\":\"Organization\",\"@id\":\"https:\\\/\\\/kolser.com\\\/#organization\",\"name\":\"Kolser\",\"url\":\"https:\\\/\\\/kolser.com\\\/\",\"logo\":{\"@type\":\"ImageObject\",\"inLanguage\":\"fr-FR\",\"@id\":\"https:\\\/\\\/kolser.com\\\/#\\\/schema\\\/logo\\\/image\\\/\",\"url\":\"https:\\\/\\\/kolser.com\\\/wp-content\\\/uploads\\\/2021\\\/11\\\/Logo-Cabecera.png\",\"contentUrl\":\"https:\\\/\\\/kolser.com\\\/wp-content\\\/uploads\\\/2021\\\/11\\\/Logo-Cabecera.png\",\"width\":979,\"height\":1358,\"caption\":\"Kolser\"},\"image\":{\"@id\":\"https:\\\/\\\/kolser.com\\\/#\\\/schema\\\/logo\\\/image\\\/\"}}]}<\/script>\n<!-- \/ Yoast SEO plugin. -->","yoast_head_json":{"title":"\u25b7PISTOLA DE CHISPA ALEMANA S.XVII - Kolser","description":"\u2705 R\u00e9plica \u3010 PISTOLA DE CHICA ALEMANA S.XVIII \u3011utilizadas por los guerreros del imperio franco-alem\u00e1n y el imperio de Prusia.","robots":{"index":"index","follow":"follow","max-snippet":"max-snippet:-1","max-image-preview":"max-image-preview:large","max-video-preview":"max-video-preview:-1"},"canonical":"https:\/\/kolser.com\/fr\/produit\/pistola-de-chispa-alemana-s-xvii\/","og_locale":"fr_FR","og_type":"article","og_title":"\u25b7PISTOLA DE CHISPA ALEMANA S.XVII - Kolser","og_description":"\u2705 R\u00e9plica \u3010 PISTOLA DE CHICA ALEMANA S.XVIII \u3011utilizadas por los guerreros del imperio franco-alem\u00e1n y el imperio de Prusia.","og_url":"https:\/\/kolser.com\/fr\/produit\/pistola-de-chispa-alemana-s-xvii\/","og_site_name":"Kolser","article_modified_time":"2024-03-10T18:04:28+00:00","og_image":[{"width":600,"height":600,"url":"https:\/\/kolser.com\/wp-content\/uploads\/2021\/12\/47-1117-L.jpg","type":"image\/jpeg"}],"twitter_card":"summary_large_image","twitter_misc":{"Dur\u00e9e de lecture estim\u00e9e":"1 minute"},"schema":{"@context":"https:\/\/schema.org","@graph":[{"@type":"WebPage","@id":"https:\/\/kolser.com\/producto\/pistola-de-chispa-alemana-s-xvii\/","url":"https:\/\/kolser.com\/producto\/pistola-de-chispa-alemana-s-xvii\/","name":"\u25b7PISTOLA DE CHISPA ALEMANA S.XVII - Kolser","isPartOf":{"@id":"https:\/\/kolser.com\/#website"},"primaryImageOfPage":{"@id":"https:\/\/kolser.com\/producto\/pistola-de-chispa-alemana-s-xvii\/#primaryimage"},"image":{"@id":"https:\/\/kolser.com\/producto\/pistola-de-chispa-alemana-s-xvii\/#primaryimage"},"thumbnailUrl":"https:\/\/kolser.com\/wp-content\/uploads\/2021\/12\/47-1117-L.jpg","datePublished":"2021-12-11T09:12:54+00:00","dateModified":"2024-03-10T18:04:28+00:00","description":"\u2705 R\u00e9plica \u3010 PISTOLA DE CHICA ALEMANA S.XVIII \u3011utilizadas por los guerreros del imperio franco-alem\u00e1n y el imperio de Prusia.","breadcrumb":{"@id":"https:\/\/kolser.com\/producto\/pistola-de-chispa-alemana-s-xvii\/#breadcrumb"},"inLanguage":"fr-FR","potentialAction":[{"@type":"ReadAction","target":["https:\/\/kolser.com\/producto\/pistola-de-chispa-alemana-s-xvii\/"]}]},{"@type":"ImageObject","inLanguage":"fr-FR","@id":"https:\/\/kolser.com\/producto\/pistola-de-chispa-alemana-s-xvii\/#primaryimage","url":"https:\/\/kolser.com\/wp-content\/uploads\/2021\/12\/47-1117-L.jpg","contentUrl":"https:\/\/kolser.com\/wp-content\/uploads\/2021\/12\/47-1117-L.jpg","width":600,"height":600,"caption":"Vista lateral derecha de pistola de chispa alemana del s XVII, con empu\u00f1adura de madera, percutor plateado, ca\u00f1o dorado pulido."},{"@type":"BreadcrumbList","@id":"https:\/\/kolser.com\/producto\/pistola-de-chispa-alemana-s-xvii\/#breadcrumb","itemListElement":[{"@type":"ListItem","position":1,"name":"Home","item":"https:\/\/kolser.com\/"},{"@type":"ListItem","position":2,"name":"Cat\u00e1logo","item":"https:\/\/kolser.com\/catalogo\/"},{"@type":"ListItem","position":3,"name":"Pistolas","item":"https:\/\/kolser.com\/categoria-producto\/pistolas\/"},{"@type":"ListItem","position":4,"name":"Pistolas","item":"https:\/\/kolser.com\/categoria-producto\/pistolas\/pistolas-pistolas-antiguas\/"},{"@type":"ListItem","position":5,"name":"PISTOLA DE CHISPA ALEMANA S.XVII"}]},{"@type":"WebSite","@id":"https:\/\/kolser.com\/#website","url":"https:\/\/kolser.com\/","name":"Kolser","description":"","publisher":{"@id":"https:\/\/kolser.com\/#organization"},"potentialAction":[{"@type":"SearchAction","target":{"@type":"EntryPoint","urlTemplate":"https:\/\/kolser.com\/?s={search_term_string}"},"query-input":{"@type":"PropertyValueSpecification","valueRequired":true,"valueName":"search_term_string"}}],"inLanguage":"fr-FR"},{"@type":"Organization","@id":"https:\/\/kolser.com\/#organization","name":"Kolser","url":"https:\/\/kolser.com\/","logo":{"@type":"ImageObject","inLanguage":"fr-FR","@id":"https:\/\/kolser.com\/#\/schema\/logo\/image\/","url":"https:\/\/kolser.com\/wp-content\/uploads\/2021\/11\/Logo-Cabecera.png","contentUrl":"https:\/\/kolser.com\/wp-content\/uploads\/2021\/11\/Logo-Cabecera.png","width":979,"height":1358,"caption":"Kolser"},"image":{"@id":"https:\/\/kolser.com\/#\/schema\/logo\/image\/"}}]}},"_links":{"self":[{"href":"https:\/\/kolser.com\/fr\/wp-json\/wp\/v2\/product\/13513","targetHints":{"allow":["GET"]}}],"collection":[{"href":"https:\/\/kolser.com\/fr\/wp-json\/wp\/v2\/product"}],"about":[{"href":"https:\/\/kolser.com\/fr\/wp-json\/wp\/v2\/types\/product"}],"replies":[{"embeddable":true,"href":"https:\/\/kolser.com\/fr\/wp-json\/wp\/v2\/comments?post=13513"}],"wp:featuredmedia":[{"embeddable":true,"href":"https:\/\/kolser.com\/fr\/wp-json\/wp\/v2\/media\/14384"}],"wp:attachment":[{"href":"https:\/\/kolser.com\/fr\/wp-json\/wp\/v2\/media?parent=13513"}],"wp:term":[{"taxonomy":"product_brand","embeddable":true,"href":"https:\/\/kolser.com\/fr\/wp-json\/wp\/v2\/product_brand?post=13513"},{"taxonomy":"product_cat","embeddable":true,"href":"https:\/\/kolser.com\/fr\/wp-json\/wp\/v2\/product_cat?post=13513"},{"taxonomy":"product_tag","embeddable":true,"href":"https:\/\/kolser.com\/fr\/wp-json\/wp\/v2\/product_tag?post=13513"},{"taxonomy":"coleccion","embeddable":true,"href":"https:\/\/kolser.com\/fr\/wp-json\/wp\/v2\/coleccion?post=13513"},{"taxonomy":"proposito","embeddable":true,"href":"https:\/\/kolser.com\/fr\/wp-json\/wp\/v2\/proposito?post=13513"}],"curies":[{"name":"wp","href":"https:\/\/api.w.org\/{rel}","templated":true}]}}