{"id":13499,"date":"2021-12-11T09:12:53","date_gmt":"2021-12-11T09:12:53","guid":{"rendered":"https:\/\/kolser.com\/producto\/portabalas-winchester-con-balas\/"},"modified":"2024-12-05T13:05:44","modified_gmt":"2024-12-05T11:05:44","slug":"portabalas-winchester-con-balas","status":"publish","type":"product","link":"https:\/\/kolser.com\/fr\/producto\/portabalas-winchester-con-balas\/","title":{"rendered":"PORTE-CARTOUCHES WINCHESTER AVEC BALLES FACTICES"},"content":{"rendered":"<p>19 cm<\/p>","protected":false},"excerpt":{"rendered":"<p>R\u00e9plique de porte-cartouches Winchester avec balles. Confectionn\u00e9 en cuir, ce mod\u00e8le de 19 cm peut contenir jusqu'\u00e0 6 cartouches et est disponible en coloris noir.<\/p>","protected":false},"featured_media":17573,"comment_status":"closed","ping_status":"closed","template":"","meta":[],"product_brand":[],"product_cat":[23,24],"product_tag":[],"coleccion":[],"proposito":[],"class_list":{"0":"post-13499","1":"product","2":"type-product","3":"status-publish","4":"has-post-thumbnail","6":"product_cat-western","7":"product_cat-old-west-complementos-western","9":"first","10":"instock","11":"shipping-taxable","12":"purchasable","13":"product-type-simple"},"yoast_head":"<!-- This site is optimized with the Yoast SEO plugin v27.4 - https:\/\/yoast.com\/product\/yoast-seo-wordpress\/ -->\n<title>\u25b7PORTABALAS WINCHESTER CON BALAS. - Kolser<\/title>\n<meta name=\"description\" content=\"\u2705 R\u00e9plica \u3010 PORTABALAS WINCHESTER CON BALAS \u3011Funda porta balas para Winchester con balas decorativas.\" \/>\n<meta name=\"robots\" content=\"index, follow, max-snippet:-1, max-image-preview:large, max-video-preview:-1\" \/>\n<link rel=\"canonical\" href=\"https:\/\/kolser.com\/fr\/produit\/portabalas-winchester-con-balas\/\" \/>\n<meta property=\"og:locale\" content=\"fr_FR\" \/>\n<meta property=\"og:type\" content=\"article\" \/>\n<meta property=\"og:title\" content=\"\u25b7PORTABALAS WINCHESTER CON BALAS. - Kolser\" \/>\n<meta property=\"og:description\" content=\"\u2705 R\u00e9plica \u3010 PORTABALAS WINCHESTER CON BALAS \u3011Funda porta balas para Winchester con balas decorativas.\" \/>\n<meta property=\"og:url\" content=\"https:\/\/kolser.com\/fr\/produit\/portabalas-winchester-con-balas\/\" \/>\n<meta property=\"og:site_name\" content=\"Kolser\" \/>\n<meta property=\"article:modified_time\" content=\"2024-12-05T11:05:44+00:00\" \/>\n<meta property=\"og:image\" content=\"https:\/\/kolser.com\/wp-content\/uploads\/2021\/12\/47-1044.jpg\" \/>\n\t<meta property=\"og:image:width\" content=\"2000\" \/>\n\t<meta property=\"og:image:height\" content=\"2000\" \/>\n\t<meta property=\"og:image:type\" content=\"image\/jpeg\" \/>\n<meta name=\"twitter:card\" content=\"summary_large_image\" \/>\n<meta name=\"twitter:label1\" content=\"Dur\u00e9e de lecture estim\u00e9e\" \/>\n\t<meta name=\"twitter:data1\" content=\"1 minute\" \/>\n<script type=\"application\/ld+json\" class=\"yoast-schema-graph\">{\"@context\":\"https:\\\/\\\/schema.org\",\"@graph\":[{\"@type\":\"WebPage\",\"@id\":\"https:\\\/\\\/kolser.com\\\/producto\\\/portabalas-winchester-con-balas\\\/\",\"url\":\"https:\\\/\\\/kolser.com\\\/producto\\\/portabalas-winchester-con-balas\\\/\",\"name\":\"\u25b7PORTABALAS WINCHESTER CON BALAS. - Kolser\",\"isPartOf\":{\"@id\":\"https:\\\/\\\/kolser.com\\\/#website\"},\"primaryImageOfPage\":{\"@id\":\"https:\\\/\\\/kolser.com\\\/producto\\\/portabalas-winchester-con-balas\\\/#primaryimage\"},\"image\":{\"@id\":\"https:\\\/\\\/kolser.com\\\/producto\\\/portabalas-winchester-con-balas\\\/#primaryimage\"},\"thumbnailUrl\":\"https:\\\/\\\/kolser.com\\\/wp-content\\\/uploads\\\/2021\\\/12\\\/47-1044.jpg\",\"datePublished\":\"2021-12-11T09:12:53+00:00\",\"dateModified\":\"2024-12-05T11:05:44+00:00\",\"description\":\"\u2705 R\u00e9plica \u3010 PORTABALAS WINCHESTER CON BALAS \u3011Funda porta balas para Winchester con balas decorativas.\",\"breadcrumb\":{\"@id\":\"https:\\\/\\\/kolser.com\\\/producto\\\/portabalas-winchester-con-balas\\\/#breadcrumb\"},\"inLanguage\":\"fr-FR\",\"potentialAction\":[{\"@type\":\"ReadAction\",\"target\":[\"https:\\\/\\\/kolser.com\\\/producto\\\/portabalas-winchester-con-balas\\\/\"]}]},{\"@type\":\"ImageObject\",\"inLanguage\":\"fr-FR\",\"@id\":\"https:\\\/\\\/kolser.com\\\/producto\\\/portabalas-winchester-con-balas\\\/#primaryimage\",\"url\":\"https:\\\/\\\/kolser.com\\\/wp-content\\\/uploads\\\/2021\\\/12\\\/47-1044.jpg\",\"contentUrl\":\"https:\\\/\\\/kolser.com\\\/wp-content\\\/uploads\\\/2021\\\/12\\\/47-1044.jpg\",\"width\":2000,\"height\":2000},{\"@type\":\"BreadcrumbList\",\"@id\":\"https:\\\/\\\/kolser.com\\\/producto\\\/portabalas-winchester-con-balas\\\/#breadcrumb\",\"itemListElement\":[{\"@type\":\"ListItem\",\"position\":1,\"name\":\"Home\",\"item\":\"https:\\\/\\\/kolser.com\\\/\"},{\"@type\":\"ListItem\",\"position\":2,\"name\":\"Cat\u00e1logo\",\"item\":\"https:\\\/\\\/kolser.com\\\/catalogo\\\/\"},{\"@type\":\"ListItem\",\"position\":3,\"name\":\"Western\",\"item\":\"https:\\\/\\\/kolser.com\\\/categoria-producto\\\/western\\\/\"},{\"@type\":\"ListItem\",\"position\":4,\"name\":\"Old West\",\"item\":\"https:\\\/\\\/kolser.com\\\/categoria-producto\\\/western\\\/old-west-complementos-western\\\/\"},{\"@type\":\"ListItem\",\"position\":5,\"name\":\"PORTABALAS WINCHESTER CON BALAS.\"}]},{\"@type\":\"WebSite\",\"@id\":\"https:\\\/\\\/kolser.com\\\/#website\",\"url\":\"https:\\\/\\\/kolser.com\\\/\",\"name\":\"Kolser\",\"description\":\"\",\"publisher\":{\"@id\":\"https:\\\/\\\/kolser.com\\\/#organization\"},\"potentialAction\":[{\"@type\":\"SearchAction\",\"target\":{\"@type\":\"EntryPoint\",\"urlTemplate\":\"https:\\\/\\\/kolser.com\\\/?s={search_term_string}\"},\"query-input\":{\"@type\":\"PropertyValueSpecification\",\"valueRequired\":true,\"valueName\":\"search_term_string\"}}],\"inLanguage\":\"fr-FR\"},{\"@type\":\"Organization\",\"@id\":\"https:\\\/\\\/kolser.com\\\/#organization\",\"name\":\"Kolser\",\"url\":\"https:\\\/\\\/kolser.com\\\/\",\"logo\":{\"@type\":\"ImageObject\",\"inLanguage\":\"fr-FR\",\"@id\":\"https:\\\/\\\/kolser.com\\\/#\\\/schema\\\/logo\\\/image\\\/\",\"url\":\"https:\\\/\\\/kolser.com\\\/wp-content\\\/uploads\\\/2021\\\/11\\\/Logo-Cabecera.png\",\"contentUrl\":\"https:\\\/\\\/kolser.com\\\/wp-content\\\/uploads\\\/2021\\\/11\\\/Logo-Cabecera.png\",\"width\":979,\"height\":1358,\"caption\":\"Kolser\"},\"image\":{\"@id\":\"https:\\\/\\\/kolser.com\\\/#\\\/schema\\\/logo\\\/image\\\/\"}}]}<\/script>\n<!-- \/ Yoast SEO plugin. -->","yoast_head_json":{"title":"\u25b7PORTABALAS WINCHESTER CON BALAS. - Kolser","description":"\u2705 R\u00e9plica \u3010 PORTABALAS WINCHESTER CON BALAS \u3011Funda porta balas para Winchester con balas decorativas.","robots":{"index":"index","follow":"follow","max-snippet":"max-snippet:-1","max-image-preview":"max-image-preview:large","max-video-preview":"max-video-preview:-1"},"canonical":"https:\/\/kolser.com\/fr\/produit\/portabalas-winchester-con-balas\/","og_locale":"fr_FR","og_type":"article","og_title":"\u25b7PORTABALAS WINCHESTER CON BALAS. - Kolser","og_description":"\u2705 R\u00e9plica \u3010 PORTABALAS WINCHESTER CON BALAS \u3011Funda porta balas para Winchester con balas decorativas.","og_url":"https:\/\/kolser.com\/fr\/produit\/portabalas-winchester-con-balas\/","og_site_name":"Kolser","article_modified_time":"2024-12-05T11:05:44+00:00","og_image":[{"width":2000,"height":2000,"url":"https:\/\/kolser.com\/wp-content\/uploads\/2021\/12\/47-1044.jpg","type":"image\/jpeg"}],"twitter_card":"summary_large_image","twitter_misc":{"Dur\u00e9e de lecture estim\u00e9e":"1 minute"},"schema":{"@context":"https:\/\/schema.org","@graph":[{"@type":"WebPage","@id":"https:\/\/kolser.com\/producto\/portabalas-winchester-con-balas\/","url":"https:\/\/kolser.com\/producto\/portabalas-winchester-con-balas\/","name":"\u25b7PORTABALAS WINCHESTER CON BALAS. - Kolser","isPartOf":{"@id":"https:\/\/kolser.com\/#website"},"primaryImageOfPage":{"@id":"https:\/\/kolser.com\/producto\/portabalas-winchester-con-balas\/#primaryimage"},"image":{"@id":"https:\/\/kolser.com\/producto\/portabalas-winchester-con-balas\/#primaryimage"},"thumbnailUrl":"https:\/\/kolser.com\/wp-content\/uploads\/2021\/12\/47-1044.jpg","datePublished":"2021-12-11T09:12:53+00:00","dateModified":"2024-12-05T11:05:44+00:00","description":"\u2705 R\u00e9plica \u3010 PORTABALAS WINCHESTER CON BALAS \u3011Funda porta balas para Winchester con balas decorativas.","breadcrumb":{"@id":"https:\/\/kolser.com\/producto\/portabalas-winchester-con-balas\/#breadcrumb"},"inLanguage":"fr-FR","potentialAction":[{"@type":"ReadAction","target":["https:\/\/kolser.com\/producto\/portabalas-winchester-con-balas\/"]}]},{"@type":"ImageObject","inLanguage":"fr-FR","@id":"https:\/\/kolser.com\/producto\/portabalas-winchester-con-balas\/#primaryimage","url":"https:\/\/kolser.com\/wp-content\/uploads\/2021\/12\/47-1044.jpg","contentUrl":"https:\/\/kolser.com\/wp-content\/uploads\/2021\/12\/47-1044.jpg","width":2000,"height":2000},{"@type":"BreadcrumbList","@id":"https:\/\/kolser.com\/producto\/portabalas-winchester-con-balas\/#breadcrumb","itemListElement":[{"@type":"ListItem","position":1,"name":"Home","item":"https:\/\/kolser.com\/"},{"@type":"ListItem","position":2,"name":"Cat\u00e1logo","item":"https:\/\/kolser.com\/catalogo\/"},{"@type":"ListItem","position":3,"name":"Western","item":"https:\/\/kolser.com\/categoria-producto\/western\/"},{"@type":"ListItem","position":4,"name":"Old West","item":"https:\/\/kolser.com\/categoria-producto\/western\/old-west-complementos-western\/"},{"@type":"ListItem","position":5,"name":"PORTABALAS WINCHESTER CON BALAS."}]},{"@type":"WebSite","@id":"https:\/\/kolser.com\/#website","url":"https:\/\/kolser.com\/","name":"Kolser","description":"","publisher":{"@id":"https:\/\/kolser.com\/#organization"},"potentialAction":[{"@type":"SearchAction","target":{"@type":"EntryPoint","urlTemplate":"https:\/\/kolser.com\/?s={search_term_string}"},"query-input":{"@type":"PropertyValueSpecification","valueRequired":true,"valueName":"search_term_string"}}],"inLanguage":"fr-FR"},{"@type":"Organization","@id":"https:\/\/kolser.com\/#organization","name":"Kolser","url":"https:\/\/kolser.com\/","logo":{"@type":"ImageObject","inLanguage":"fr-FR","@id":"https:\/\/kolser.com\/#\/schema\/logo\/image\/","url":"https:\/\/kolser.com\/wp-content\/uploads\/2021\/11\/Logo-Cabecera.png","contentUrl":"https:\/\/kolser.com\/wp-content\/uploads\/2021\/11\/Logo-Cabecera.png","width":979,"height":1358,"caption":"Kolser"},"image":{"@id":"https:\/\/kolser.com\/#\/schema\/logo\/image\/"}}]}},"_links":{"self":[{"href":"https:\/\/kolser.com\/fr\/wp-json\/wp\/v2\/product\/13499","targetHints":{"allow":["GET"]}}],"collection":[{"href":"https:\/\/kolser.com\/fr\/wp-json\/wp\/v2\/product"}],"about":[{"href":"https:\/\/kolser.com\/fr\/wp-json\/wp\/v2\/types\/product"}],"replies":[{"embeddable":true,"href":"https:\/\/kolser.com\/fr\/wp-json\/wp\/v2\/comments?post=13499"}],"wp:featuredmedia":[{"embeddable":true,"href":"https:\/\/kolser.com\/fr\/wp-json\/wp\/v2\/media\/17573"}],"wp:attachment":[{"href":"https:\/\/kolser.com\/fr\/wp-json\/wp\/v2\/media?parent=13499"}],"wp:term":[{"taxonomy":"product_brand","embeddable":true,"href":"https:\/\/kolser.com\/fr\/wp-json\/wp\/v2\/product_brand?post=13499"},{"taxonomy":"product_cat","embeddable":true,"href":"https:\/\/kolser.com\/fr\/wp-json\/wp\/v2\/product_cat?post=13499"},{"taxonomy":"product_tag","embeddable":true,"href":"https:\/\/kolser.com\/fr\/wp-json\/wp\/v2\/product_tag?post=13499"},{"taxonomy":"coleccion","embeddable":true,"href":"https:\/\/kolser.com\/fr\/wp-json\/wp\/v2\/coleccion?post=13499"},{"taxonomy":"proposito","embeddable":true,"href":"https:\/\/kolser.com\/fr\/wp-json\/wp\/v2\/proposito?post=13499"}],"curies":[{"name":"wp","href":"https:\/\/api.w.org\/{rel}","templated":true}]}}