{"id":180,"date":"2021-11-22T15:06:24","date_gmt":"2021-11-22T15:06:24","guid":{"rendered":"https:\/\/kolser.com\/politica-de-cookies\/"},"modified":"2025-06-30T13:59:38","modified_gmt":"2025-06-30T11:59:38","slug":"politica-de-cookies","status":"publish","type":"page","link":"https:\/\/kolser.com\/fr\/politica-de-cookies\/","title":{"rendered":"Politique en mati\u00e8re de cookies"},"content":{"rendered":"<h2 class=\"wp-block-heading\">Que sont les cookies?<\/h2>\n\n\n\n<p>En anglais, le terme \u00ab cookie \u00bb signifie biscuit, mais dans le domaine de la navigation web, un \u00ab cookie \u00bb est quelque chose de tout \u00e0 fait diff\u00e9rent. Lorsque vous acc\u00e9dez \u00e0 notre site web, une petite quantit\u00e9 de texte appel\u00e9e \u00ab cookie \u00bb est stock\u00e9e dans le navigateur de votre appareil. Ce texte contient diverses informations sur votre navigation, vos habitudes, pr\u00e9f\u00e9rences, personnalisations de contenus, etc.<\/p>\n\n\n\n<p>Il existe d\u2019autres technologies qui fonctionnent de mani\u00e8re similaire et qui sont \u00e9galement utilis\u00e9es pour recueillir des donn\u00e9es sur votre activit\u00e9 de navigation. Nous d\u00e9signerons l\u2019ensemble de ces technologies sous le nom de \u00abcookies\u00bb.<\/p>\n\n\n\n<p>Les utilisations concr\u00e8tes que nous faisons de ces technologies sont d\u00e9crites dans le pr\u00e9sent document.<\/p>\n\n\n\n<h2 class=\"wp-block-heading\">\u00c0 quoi servent les cookies sur ce site web?<\/h2>\n\n\n\n<p>Les cookies sont une partie essentielle du fonctionnement du site web. L\u2019objectif principal de nos cookies est d\u2019am\u00e9liorer votre exp\u00e9rience de navigation. Par exemple, pour m\u00e9moriser vos pr\u00e9f\u00e9rences (langue, pays, etc.) pendant la navigation et lors de vos prochaines visites. Les informations recueillies dans les cookies nous permettent \u00e9galement d\u2019am\u00e9liorer le site, de l\u2019adapter \u00e0 vos int\u00e9r\u00eats en tant qu\u2019utilisateur, d\u2019acc\u00e9l\u00e9rer vos recherches, etc.<\/p>\n\n\n\n<p>Dans certains cas, si nous avons obtenu votre consentement pr\u00e9alable et \u00e9clair\u00e9, nous pouvons utiliser des cookies \u00e0 d\u2019autres fins, comme obtenir des informations qui nous permettent de vous afficher des publicit\u00e9s bas\u00e9es sur l\u2019analyse de vos habitudes de navigation.<\/p>\n\n\n\n<h2 class=\"wp-block-heading\">\u00c0 quoi les cookies ne servent-ils pas sur ce site web ?<\/h2>\n\n\n\n<p>Les cookies que nous utilisons ne stockent pas d\u2019informations sensibles permettant de vous identifier personnellement, telles que votre nom, votre adresse, votre mot de passe, etc.<\/p>\n\n\n\n<h2 class=\"wp-block-heading\">Qui utilise les informations stock\u00e9es dans les cookies?<\/h2>\n\n\n\n<p>Les informations stock\u00e9es dans les cookies de notre site web sont utilis\u00e9es exclusivement par nous, \u00e0 l\u2019exception de celles identifi\u00e9es ci-dessous comme \u00ab cookies tiers \u00bb, qui sont utilis\u00e9es et g\u00e9r\u00e9es par des entit\u00e9s externes qui nous fournissent des services visant \u00e0 am\u00e9liorer l\u2019exp\u00e9rience utilisateur. Par exemple, les statistiques recueillies sur le nombre de visites, les contenus les plus consult\u00e9s, etc., sont g\u00e9n\u00e9ralement g\u00e9r\u00e9es par Google Analytics.<\/p>\n\n\n\n<p>Les cookies tiers sont \u00e9galement souvent utilis\u00e9s pour garantir les op\u00e9rations de paiement effectu\u00e9es via le site web.<\/p>\n\n\n\n<h2 class=\"wp-block-heading\">Comment pouvez-vous \u00e9viter l\u2019utilisation des cookies sur ce site web?<\/h2>\n\n\n\n<p>Si vous pr\u00e9f\u00e9rez \u00e9viter l\u2019utilisation des cookies, vous pouvez REFUSER leur utilisation ou CONFIGURER ceux que vous souhaitez bloquer et ceux que vous autorisez (dans ce document nous vous fournissons des informations d\u00e9taill\u00e9es sur chaque type de cookie, sa finalit\u00e9, son destinataire, sa dur\u00e9e, etc.).<\/p>\n\n\n\n<p>Si vous les avez accept\u00e9s, nous ne vous redemanderons pas votre consentement sauf si vous supprimez les cookies de votre appareil comme indiqu\u00e9 dans la section suivante. Si vous souhaitez retirer votre consentement, vous devrez supprimer les cookies et reconfigurer vos pr\u00e9f\u00e9rences.<\/p>\n\n\n\n<h2 class=\"wp-block-heading\">Comment d\u00e9sactiver et supprimer l\u2019utilisation des cookies?<\/h2>\n\n\n\n<p>Pour restreindre, bloquer ou supprimer les cookies de ce site web (et ceux utilis\u00e9s par des tiers), vous pouvez le faire \u00e0 tout moment en modifiant les param\u00e8tres de votre navigateur. Veuillez noter que ces param\u00e8tres sont diff\u00e9rents selon le navigateur utilis\u00e9.<\/p>\n\n\n\n<p>Aux liens suivants, vous trouverez des instructions pour activer ou d\u00e9sactiver les cookies dans les navigateurs les plus courants:<\/p>\n\n\n\n<ul class=\"wp-block-list\">\n<li><a href=\"http:\/\/support.mozilla.org\/es\/kb\/habilitar-y-deshabilitar-cookies-que-los-sitios-we\" target=\"_blank\" rel=\"noreferrer noopener\">Firefox<\/a><\/li>\n\n\n\n<li><a href=\"https:\/\/support.google.com\/chrome\/answer\/95647?hl=es\" target=\"_blank\" rel=\"noreferrer noopener\">Google Chrome<\/a><\/li>\n\n\n\n<li><a href=\"https:\/\/support.microsoft.com\/es-es\/help\/17442\/windows-internet-explorer-delete-manage-cookies#ie=%22ie-10\" target=\"_blank\" rel=\"noreferrer noopener\">Internet Explorer<\/a><\/li>\n\n\n\n<li><a href=\"https:\/\/support.microsoft.com\/es-es\/help\/4468242\/microsoft-edge-browsing-data-and-privacy\" target=\"_blank\" rel=\"noreferrer noopener\">Microsoft Edge<\/a><\/li>\n\n\n\n<li><a href=\"http:\/\/support.apple.com\/kb\/HT1677?viewlocale=es_ES\" target=\"_blank\" rel=\"noreferrer noopener\">Safari<\/a><\/li>\n<\/ul>\n\n\n\n<h2 class=\"wp-block-heading\">Quels types de cookies sont utilis\u00e9s sur ce site web?<\/h2>\n\n\n\n<p>Chaque site web utilise ses propres cookies. Sur notre site, nous utilisons ceux indiqu\u00e9s ci-dessous:<\/p>\n\n\n\n<p><strong>SELON L\u2019ENTIT\u00c9 QUI LES G\u00c8RE<\/strong><\/p>\n\n\n\n<p><strong>Cookies propres:<\/strong><\/p>\n\n\n\n<p>Ce sont ceux qui sont envoy\u00e9s sur l\u2019appareil de l\u2019utilisateur depuis un ordinateur ou un domaine g\u00e9r\u00e9 par l\u2019\u00e9diteur lui-m\u00eame et \u00e0 partir duquel le service demand\u00e9 par l\u2019utilisateur est fourni.<\/p>\n\n\n\n<p><strong>Cookies tiers:<\/strong><\/p>\n\n\n\n<p>Ce sont ceux qui sont envoy\u00e9s sur l\u2019appareil de l\u2019utilisateur depuis un ordinateur ou un domaine qui n\u2019est pas g\u00e9r\u00e9 par l\u2019\u00e9diteur, mais par une autre entit\u00e9 qui traite les donn\u00e9es obtenues par les cookies.<\/p>\n\n\n\n<p>Si les cookies sont servis depuis un ordinateur ou un domaine g\u00e9r\u00e9 par l\u2019\u00e9diteur mais que les informations collect\u00e9es sont g\u00e9r\u00e9es par un tiers pour ses propres finalit\u00e9s (par exemple, am\u00e9liorer ses services ou fournir des services publicitaires pour d\u2019autres entit\u00e9s), ils ne peuvent pas \u00eatre consid\u00e9r\u00e9s comme des cookies propres.<\/p>\n\n\n\n<p><strong>SELON LEUR FINALIT\u00c9<\/strong><\/p>\n\n\n\n<p><strong>Cookies techniques:<\/strong><\/p>\n\n\n\n<p>N\u00e9cessaires pour la navigation et le bon fonctionnement de notre site web : contr\u00f4le du trafic et de la communication de donn\u00e9es, identification de la session, acc\u00e8s aux zones restreintes, m\u00e9morisation des \u00e9l\u00e9ments d\u2019une commande, r\u00e9alisation du processus d\u2019achat, gestion du paiement, contr\u00f4le de la fraude li\u00e9e \u00e0 la s\u00e9curit\u00e9 du service, inscription ou participation \u00e0 un \u00e9v\u00e9nement, comptage des visites aux fins de facturation des licences des logiciels utilis\u00e9s par le service, utilisation d\u2019\u00e9l\u00e9ments de s\u00e9curit\u00e9, stockage de contenu pour diffusion de vid\u00e9os ou de son, activation de contenus dynamiques (ex. animation de chargement de texte ou d\u2019image).<\/p>\n\n\n\n<p><strong>Cookies d\u2019analyse:<\/strong><\/p>\n\n\n\n<p>Permettent de quantifier le nombre d\u2019utilisateurs et de r\u00e9aliser des mesures et analyses statistiques de l\u2019utilisation du site, afin d\u2019am\u00e9liorer l\u2019offre de produits ou services propos\u00e9s.<\/p>\n\n\n\n<p><strong>Cookies de pr\u00e9f\u00e9rences ou de personnalisation:<\/strong><\/p>\n\n\n\n<p>Permettent de m\u00e9moriser des informations pour que l\u2019utilisateur acc\u00e8de au service avec certaines caract\u00e9ristiques diff\u00e9renciant son exp\u00e9rience de celle des autres utilisateurs (par ex. langue, nombre de r\u00e9sultats d\u2019une recherche, apparence ou contenu selon le navigateur ou la r\u00e9gion).<\/p>\n\n\n\n<p><strong>SELON LEUR DUR\u00c9E D\u2019ACTIVATION<\/strong><\/p>\n\n\n\n<p><strong>Cookies de session:<\/strong><\/p>\n\n\n\n<p>Con\u00e7us pour collecter et stocker des donn\u00e9es pendant l\u2019acc\u00e8s au site.<\/p>\n\n\n\n<p>Ils sont g\u00e9n\u00e9ralement utilis\u00e9s pour stocker des informations n\u00e9cessaires pour un service demand\u00e9 une seule fois et disparaissent \u00e0 la fin de la session.<\/p>\n\n\n\n<p><strong>Cookies persistants:<\/strong><\/p>\n\n\n\n<p>Les donn\u00e9es restent stock\u00e9es et peuvent \u00eatre consult\u00e9es et trait\u00e9es pendant une p\u00e9riode d\u00e9finie par le responsable des cookies, de quelques minutes \u00e0 plusieurs ann\u00e9es. L\u2019utilisation de cookies persistants doit \u00eatre \u00e9valu\u00e9e car les risques pour la vie priv\u00e9e peuvent \u00eatre r\u00e9duits avec des cookies de session. Le WP29 a indiqu\u00e9 dans son avis 4\/2012 qu\u2019un cookie ne n\u00e9cessitant pas de consentement doit avoir une dur\u00e9e li\u00e9e \u00e0 sa finalit\u00e9. Les cookies de session sont plus susceptibles d\u2019\u00eatre exempt\u00e9s que les cookies persistants.<\/p>","protected":false},"excerpt":{"rendered":"<p>\u00bfQu\u00e9 son las cookies? En ingl\u00e9s, el t\u00e9rmino \u00abcookie\u00bb significa galleta, pero en el \u00e1mbito de la navegaci\u00f3n web, una \u00abcookie\u00bb es algo completamente distinto. Cuando accede a nuestro Sitio Web, en el navegador de su dispositivo se almacena una peque\u00f1a cantidad de texto que se denomina \u00abcookie\u00bb. Este texto contiene informaci\u00f3n variada sobre su [&hellip;]<\/p>\n","protected":false},"author":1,"featured_media":0,"parent":0,"menu_order":0,"comment_status":"closed","ping_status":"closed","template":"","meta":{"footnotes":""},"class_list":["post-180","page","type-page","status-publish","hentry"],"yoast_head":"<!-- This site is optimized with the Yoast SEO plugin v27.1.1 - https:\/\/yoast.com\/product\/yoast-seo-wordpress\/ -->\n<title>Pol\u00edtica de Cookies | R\u00e9plicas de Armas de Calidad - Kolser<\/title>\n<meta name=\"robots\" content=\"noindex, follow\" \/>\n<meta property=\"og:locale\" content=\"fr_FR\" \/>\n<meta property=\"og:type\" content=\"article\" \/>\n<meta property=\"og:title\" content=\"Pol\u00edtica de Cookies | R\u00e9plicas de Armas de Calidad - Kolser\" \/>\n<meta property=\"og:description\" content=\"\u00bfQu\u00e9 son las cookies? En ingl\u00e9s, el t\u00e9rmino \u00abcookie\u00bb significa galleta, pero en el \u00e1mbito de la navegaci\u00f3n web, una \u00abcookie\u00bb es algo completamente distinto. Cuando accede a nuestro Sitio Web, en el navegador de su dispositivo se almacena una peque\u00f1a cantidad de texto que se denomina \u00abcookie\u00bb. Este texto contiene informaci\u00f3n variada sobre su [&hellip;]\" \/>\n<meta property=\"og:url\" content=\"https:\/\/kolser.com\/fr\/politica-de-cookies\/\" \/>\n<meta property=\"og:site_name\" content=\"Kolser\" \/>\n<meta property=\"article:modified_time\" content=\"2025-06-30T11:59:38+00:00\" \/>\n<meta name=\"twitter:card\" content=\"summary_large_image\" \/>\n<meta name=\"twitter:label1\" content=\"Dur\u00e9e de lecture estim\u00e9e\" \/>\n\t<meta name=\"twitter:data1\" content=\"6 minutes\" \/>\n<script type=\"application\/ld+json\" class=\"yoast-schema-graph\">{\"@context\":\"https:\/\/schema.org\",\"@graph\":[{\"@type\":\"WebPage\",\"@id\":\"https:\/\/kolser.com\/politica-de-cookies\/\",\"url\":\"https:\/\/kolser.com\/politica-de-cookies\/\",\"name\":\"Pol\u00edtica de Cookies | R\u00e9plicas de Armas de Calidad - Kolser\",\"isPartOf\":{\"@id\":\"https:\/\/kolser.com\/#website\"},\"datePublished\":\"2021-11-22T15:06:24+00:00\",\"dateModified\":\"2025-06-30T11:59:38+00:00\",\"breadcrumb\":{\"@id\":\"https:\/\/kolser.com\/politica-de-cookies\/#breadcrumb\"},\"inLanguage\":\"fr-FR\",\"potentialAction\":[{\"@type\":\"ReadAction\",\"target\":[\"https:\/\/kolser.com\/politica-de-cookies\/\"]}]},{\"@type\":\"BreadcrumbList\",\"@id\":\"https:\/\/kolser.com\/politica-de-cookies\/#breadcrumb\",\"itemListElement\":[{\"@type\":\"ListItem\",\"position\":1,\"name\":\"Home\",\"item\":\"https:\/\/kolser.com\/\"},{\"@type\":\"ListItem\",\"position\":2,\"name\":\"Pol\u00edtica de Cookies\"}]},{\"@type\":\"WebSite\",\"@id\":\"https:\/\/kolser.com\/#website\",\"url\":\"https:\/\/kolser.com\/\",\"name\":\"Kolser\",\"description\":\"\",\"publisher\":{\"@id\":\"https:\/\/kolser.com\/#organization\"},\"potentialAction\":[{\"@type\":\"SearchAction\",\"target\":{\"@type\":\"EntryPoint\",\"urlTemplate\":\"https:\/\/kolser.com\/?s={search_term_string}\"},\"query-input\":{\"@type\":\"PropertyValueSpecification\",\"valueRequired\":true,\"valueName\":\"search_term_string\"}}],\"inLanguage\":\"fr-FR\"},{\"@type\":\"Organization\",\"@id\":\"https:\/\/kolser.com\/#organization\",\"name\":\"Kolser\",\"url\":\"https:\/\/kolser.com\/\",\"logo\":{\"@type\":\"ImageObject\",\"inLanguage\":\"fr-FR\",\"@id\":\"https:\/\/kolser.com\/#\/schema\/logo\/image\/\",\"url\":\"https:\/\/kolser.com\/wp-content\/uploads\/2021\/11\/Logo-Cabecera.png\",\"contentUrl\":\"https:\/\/kolser.com\/wp-content\/uploads\/2021\/11\/Logo-Cabecera.png\",\"width\":979,\"height\":1358,\"caption\":\"Kolser\"},\"image\":{\"@id\":\"https:\/\/kolser.com\/#\/schema\/logo\/image\/\"}}]}<\/script>\n<!-- \/ Yoast SEO plugin. -->","yoast_head_json":{"title":"Pol\u00edtica de Cookies | R\u00e9plicas de Armas de Calidad - Kolser","robots":{"index":"noindex","follow":"follow"},"og_locale":"fr_FR","og_type":"article","og_title":"Pol\u00edtica de Cookies | R\u00e9plicas de Armas de Calidad - Kolser","og_description":"\u00bfQu\u00e9 son las cookies? En ingl\u00e9s, el t\u00e9rmino \u00abcookie\u00bb significa galleta, pero en el \u00e1mbito de la navegaci\u00f3n web, una \u00abcookie\u00bb es algo completamente distinto. Cuando accede a nuestro Sitio Web, en el navegador de su dispositivo se almacena una peque\u00f1a cantidad de texto que se denomina \u00abcookie\u00bb. Este texto contiene informaci\u00f3n variada sobre su [&hellip;]","og_url":"https:\/\/kolser.com\/fr\/politica-de-cookies\/","og_site_name":"Kolser","article_modified_time":"2025-06-30T11:59:38+00:00","twitter_card":"summary_large_image","twitter_misc":{"Dur\u00e9e de lecture estim\u00e9e":"6 minutes"},"schema":{"@context":"https:\/\/schema.org","@graph":[{"@type":"WebPage","@id":"https:\/\/kolser.com\/politica-de-cookies\/","url":"https:\/\/kolser.com\/politica-de-cookies\/","name":"Pol\u00edtica de Cookies | R\u00e9plicas de Armas de Calidad - Kolser","isPartOf":{"@id":"https:\/\/kolser.com\/#website"},"datePublished":"2021-11-22T15:06:24+00:00","dateModified":"2025-06-30T11:59:38+00:00","breadcrumb":{"@id":"https:\/\/kolser.com\/politica-de-cookies\/#breadcrumb"},"inLanguage":"fr-FR","potentialAction":[{"@type":"ReadAction","target":["https:\/\/kolser.com\/politica-de-cookies\/"]}]},{"@type":"BreadcrumbList","@id":"https:\/\/kolser.com\/politica-de-cookies\/#breadcrumb","itemListElement":[{"@type":"ListItem","position":1,"name":"Home","item":"https:\/\/kolser.com\/"},{"@type":"ListItem","position":2,"name":"Pol\u00edtica de Cookies"}]},{"@type":"WebSite","@id":"https:\/\/kolser.com\/#website","url":"https:\/\/kolser.com\/","name":"Kolser","description":"","publisher":{"@id":"https:\/\/kolser.com\/#organization"},"potentialAction":[{"@type":"SearchAction","target":{"@type":"EntryPoint","urlTemplate":"https:\/\/kolser.com\/?s={search_term_string}"},"query-input":{"@type":"PropertyValueSpecification","valueRequired":true,"valueName":"search_term_string"}}],"inLanguage":"fr-FR"},{"@type":"Organization","@id":"https:\/\/kolser.com\/#organization","name":"Kolser","url":"https:\/\/kolser.com\/","logo":{"@type":"ImageObject","inLanguage":"fr-FR","@id":"https:\/\/kolser.com\/#\/schema\/logo\/image\/","url":"https:\/\/kolser.com\/wp-content\/uploads\/2021\/11\/Logo-Cabecera.png","contentUrl":"https:\/\/kolser.com\/wp-content\/uploads\/2021\/11\/Logo-Cabecera.png","width":979,"height":1358,"caption":"Kolser"},"image":{"@id":"https:\/\/kolser.com\/#\/schema\/logo\/image\/"}}]}},"_links":{"self":[{"href":"https:\/\/kolser.com\/fr\/wp-json\/wp\/v2\/pages\/180","targetHints":{"allow":["GET"]}}],"collection":[{"href":"https:\/\/kolser.com\/fr\/wp-json\/wp\/v2\/pages"}],"about":[{"href":"https:\/\/kolser.com\/fr\/wp-json\/wp\/v2\/types\/page"}],"author":[{"embeddable":true,"href":"https:\/\/kolser.com\/fr\/wp-json\/wp\/v2\/users\/1"}],"replies":[{"embeddable":true,"href":"https:\/\/kolser.com\/fr\/wp-json\/wp\/v2\/comments?post=180"}],"version-history":[{"count":2,"href":"https:\/\/kolser.com\/fr\/wp-json\/wp\/v2\/pages\/180\/revisions"}],"predecessor-version":[{"id":18672,"href":"https:\/\/kolser.com\/fr\/wp-json\/wp\/v2\/pages\/180\/revisions\/18672"}],"wp:attachment":[{"href":"https:\/\/kolser.com\/fr\/wp-json\/wp\/v2\/media?parent=180"}],"curies":[{"name":"wp","href":"https:\/\/api.w.org\/{rel}","templated":true}]}}