{"id":16807,"date":"2024-09-10T11:14:24","date_gmt":"2024-09-10T11:14:24","guid":{"rendered":"https:\/\/kolser.com\/?page_id=16807"},"modified":"2025-06-27T11:37:37","modified_gmt":"2025-06-27T09:37:37","slug":"descargables","status":"publish","type":"page","link":"https:\/\/kolser.com\/fr\/descargables\/","title":{"rendered":"T\u00e9l\u00e9chargements"},"content":{"rendered":"\t\t<div data-elementor-type=\"wp-page\" data-elementor-id=\"16807\" class=\"elementor elementor-16807\" data-elementor-post-type=\"page\">\n\t\t\t\t\t\t<section class=\"elementor-section elementor-top-section elementor-element elementor-element-48a686b2 elementor-section-full_width elementor-section-height-default elementor-section-height-default\" data-id=\"48a686b2\" data-element_type=\"section\" data-e-type=\"section\" data-settings=\"{&quot;jet_parallax_layout_list&quot;:[{&quot;jet_parallax_layout_image&quot;:{&quot;url&quot;:&quot;&quot;,&quot;id&quot;:&quot;&quot;,&quot;size&quot;:&quot;&quot;},&quot;_id&quot;:&quot;92f3efb&quot;,&quot;jet_parallax_layout_image_tablet&quot;:{&quot;url&quot;:&quot;&quot;,&quot;id&quot;:&quot;&quot;,&quot;size&quot;:&quot;&quot;},&quot;jet_parallax_layout_image_mobile&quot;:{&quot;url&quot;:&quot;&quot;,&quot;id&quot;:&quot;&quot;,&quot;size&quot;:&quot;&quot;},&quot;jet_parallax_layout_speed&quot;:{&quot;unit&quot;:&quot;%&quot;,&quot;size&quot;:50,&quot;sizes&quot;:[]},&quot;jet_parallax_layout_type&quot;:&quot;scroll&quot;,&quot;jet_parallax_layout_direction&quot;:&quot;1&quot;,&quot;jet_parallax_layout_fx_direction&quot;:null,&quot;jet_parallax_layout_z_index&quot;:&quot;&quot;,&quot;jet_parallax_layout_bg_x&quot;:50,&quot;jet_parallax_layout_bg_x_tablet&quot;:&quot;&quot;,&quot;jet_parallax_layout_bg_x_mobile&quot;:&quot;&quot;,&quot;jet_parallax_layout_bg_y&quot;:50,&quot;jet_parallax_layout_bg_y_tablet&quot;:&quot;&quot;,&quot;jet_parallax_layout_bg_y_mobile&quot;:&quot;&quot;,&quot;jet_parallax_layout_bg_size&quot;:&quot;auto&quot;,&quot;jet_parallax_layout_bg_size_tablet&quot;:&quot;&quot;,&quot;jet_parallax_layout_bg_size_mobile&quot;:&quot;&quot;,&quot;jet_parallax_layout_animation_prop&quot;:&quot;transform&quot;,&quot;jet_parallax_layout_on&quot;:[&quot;desktop&quot;,&quot;tablet&quot;]}]}\">\n\t\t\t\t\t\t<div class=\"elementor-container elementor-column-gap-default\">\n\t\t\t\t\t<div class=\"elementor-column elementor-col-100 elementor-top-column elementor-element elementor-element-6767e126\" data-id=\"6767e126\" data-element_type=\"column\" data-e-type=\"column\">\n\t\t\t<div class=\"elementor-widget-wrap elementor-element-populated\">\n\t\t\t\t\t\t<div class=\"elementor-element elementor-element-ba6d271 elementor-widget elementor-widget-heading\" data-id=\"ba6d271\" data-element_type=\"widget\" data-e-type=\"widget\" data-widget_type=\"heading.default\">\n\t\t\t\t<div class=\"elementor-widget-container\">\n\t\t\t\t\t<h1 class=\"elementor-heading-title elementor-size-default\">Descargables<\/h1>\t\t\t\t<\/div>\n\t\t\t\t<\/div>\n\t\t\t\t\t<\/div>\n\t\t<\/div>\n\t\t\t\t\t<\/div>\n\t\t<\/section>\n\t\t\t\t<section class=\"elementor-section elementor-top-section elementor-element elementor-element-428da1e elementor-section-boxed elementor-section-height-default elementor-section-height-default\" data-id=\"428da1e\" data-element_type=\"section\" data-e-type=\"section\" data-settings=\"{&quot;jet_parallax_layout_list&quot;:[]}\">\n\t\t\t\t\t\t<div class=\"elementor-container elementor-column-gap-default\">\n\t\t\t\t\t<div class=\"elementor-column elementor-col-33 elementor-top-column elementor-element elementor-element-c5c2573\" data-id=\"c5c2573\" data-element_type=\"column\" data-e-type=\"column\">\n\t\t\t<div class=\"elementor-widget-wrap elementor-element-populated\">\n\t\t\t\t\t\t<div class=\"elementor-element elementor-element-7a04796 elementor-widget elementor-widget-image\" data-id=\"7a04796\" data-element_type=\"widget\" data-e-type=\"widget\" data-widget_type=\"image.default\">\n\t\t\t\t<div class=\"elementor-widget-container\">\n\t\t\t\t\t\t\t\t\t\t\t\t\t\t\t<img fetchpriority=\"high\" decoding=\"async\" width=\"800\" height=\"591\" src=\"https:\/\/kolser.com\/wp-content\/uploads\/2025\/06\/catalogo-western-replicas-Kolser-2025-1461x1080.jpg\" class=\"attachment-large size-large wp-image-18587\" alt=\"cat\u00e1logo western replicas de Kolser\" srcset=\"https:\/\/kolser.com\/wp-content\/uploads\/2025\/06\/catalogo-western-replicas-Kolser-2025-1461x1080.jpg 1461w, https:\/\/kolser.com\/wp-content\/uploads\/2025\/06\/catalogo-western-replicas-Kolser-2025-800x591.jpg 800w, https:\/\/kolser.com\/wp-content\/uploads\/2025\/06\/catalogo-western-replicas-Kolser-2025-768x568.jpg 768w, https:\/\/kolser.com\/wp-content\/uploads\/2025\/06\/catalogo-western-replicas-Kolser-2025-1536x1135.jpg 1536w, https:\/\/kolser.com\/wp-content\/uploads\/2025\/06\/catalogo-western-replicas-Kolser-2025-16x12.jpg 16w, https:\/\/kolser.com\/wp-content\/uploads\/2025\/06\/catalogo-western-replicas-Kolser-2025-600x443.jpg 600w, https:\/\/kolser.com\/wp-content\/uploads\/2025\/06\/catalogo-western-replicas-Kolser-2025.jpg 1832w\" sizes=\"(max-width: 800px) 100vw, 800px\" \/>\t\t\t\t\t\t\t\t\t\t\t\t\t\t\t<\/div>\n\t\t\t\t<\/div>\n\t\t\t\t<div class=\"elementor-element elementor-element-72a3c7c elementor-widget elementor-widget-heading\" data-id=\"72a3c7c\" data-element_type=\"widget\" data-e-type=\"widget\" data-widget_type=\"heading.default\">\n\t\t\t\t<div class=\"elementor-widget-container\">\n\t\t\t\t\t<h2 class=\"elementor-heading-title elementor-size-default\">Cat\u00e1logo Western 2025<\/h2>\t\t\t\t<\/div>\n\t\t\t\t<\/div>\n\t\t\t\t<div class=\"elementor-element elementor-element-c0374ef elementor-widget elementor-widget-button\" data-id=\"c0374ef\" data-element_type=\"widget\" data-e-type=\"widget\" data-widget_type=\"button.default\">\n\t\t\t\t<div class=\"elementor-widget-container\">\n\t\t\t\t\t\t\t\t\t<div class=\"elementor-button-wrapper\">\n\t\t\t\t\t<a class=\"elementor-button elementor-button-link elementor-size-sm\" href=\"#elementor-action%3Aaction%3Dpopup%3Aopen%26settings%3DeyJpZCI6IjE2MjM3IiwidG9nZ2xlIjpmYWxzZX0%3D\">\n\t\t\t\t\t\t<span class=\"elementor-button-content-wrapper\">\n\t\t\t\t\t\t\t\t\t<span class=\"elementor-button-text\">Descargar (ESP)<\/span>\n\t\t\t\t\t<\/span>\n\t\t\t\t\t<\/a>\n\t\t\t\t<\/div>\n\t\t\t\t\t\t\t\t<\/div>\n\t\t\t\t<\/div>\n\t\t\t\t<div class=\"elementor-element elementor-element-ca34d60 elementor-widget elementor-widget-button\" data-id=\"ca34d60\" data-element_type=\"widget\" data-e-type=\"widget\" data-widget_type=\"button.default\">\n\t\t\t\t<div class=\"elementor-widget-container\">\n\t\t\t\t\t\t\t\t\t<div class=\"elementor-button-wrapper\">\n\t\t\t\t\t<a class=\"elementor-button elementor-button-link elementor-size-sm\" href=\"#elementor-action%3Aaction%3Dpopup%3Aopen%26settings%3DeyJpZCI6IjE2NjgwIiwidG9nZ2xlIjpmYWxzZX0%3D\" id=\"pop-up-catalogo\">\n\t\t\t\t\t\t<span class=\"elementor-button-content-wrapper\">\n\t\t\t\t\t\t\t\t\t<span class=\"elementor-button-text\">Download (ENG)<\/span>\n\t\t\t\t\t<\/span>\n\t\t\t\t\t<\/a>\n\t\t\t\t<\/div>\n\t\t\t\t\t\t\t\t<\/div>\n\t\t\t\t<\/div>\n\t\t\t\t\t<\/div>\n\t\t<\/div>\n\t\t\t\t<div class=\"elementor-column elementor-col-33 elementor-top-column elementor-element elementor-element-9c41d6e\" data-id=\"9c41d6e\" data-element_type=\"column\" data-e-type=\"column\">\n\t\t\t<div class=\"elementor-widget-wrap elementor-element-populated\">\n\t\t\t\t\t\t<div class=\"elementor-element elementor-element-a50139e elementor-widget elementor-widget-image\" data-id=\"a50139e\" data-element_type=\"widget\" data-e-type=\"widget\" data-widget_type=\"image.default\">\n\t\t\t\t<div class=\"elementor-widget-container\">\n\t\t\t\t\t\t\t\t\t\t\t\t\t\t\t<img decoding=\"async\" width=\"619\" height=\"513\" src=\"https:\/\/kolser.com\/wp-content\/uploads\/2024\/11\/lkuhjg.jpg\" class=\"attachment-large size-large wp-image-17530\" alt=\"\" srcset=\"https:\/\/kolser.com\/wp-content\/uploads\/2024\/11\/lkuhjg.jpg 619w, https:\/\/kolser.com\/wp-content\/uploads\/2024\/11\/lkuhjg-14x12.jpg 14w, https:\/\/kolser.com\/wp-content\/uploads\/2024\/11\/lkuhjg-600x497.jpg 600w\" sizes=\"(max-width: 619px) 100vw, 619px\" \/>\t\t\t\t\t\t\t\t\t\t\t\t\t\t\t<\/div>\n\t\t\t\t<\/div>\n\t\t\t\t<div class=\"elementor-element elementor-element-e7b4c1b elementor-widget elementor-widget-heading\" data-id=\"e7b4c1b\" data-element_type=\"widget\" data-e-type=\"widget\" data-widget_type=\"heading.default\">\n\t\t\t\t<div class=\"elementor-widget-container\">\n\t\t\t\t\t<h2 class=\"elementor-heading-title elementor-size-default\">Gu\u00eda de mantenimiento<\/h2>\t\t\t\t<\/div>\n\t\t\t\t<\/div>\n\t\t\t\t<div class=\"elementor-element elementor-element-f752336 elementor-widget elementor-widget-button\" data-id=\"f752336\" data-element_type=\"widget\" data-e-type=\"widget\" data-widget_type=\"button.default\">\n\t\t\t\t<div class=\"elementor-widget-container\">\n\t\t\t\t\t\t\t\t\t<div class=\"elementor-button-wrapper\">\n\t\t\t\t\t<a class=\"elementor-button elementor-button-link elementor-size-sm\" href=\"#elementor-action%3Aaction%3Dpopup%3Aopen%26settings%3DeyJpZCI6IjE2MzE3IiwidG9nZ2xlIjpmYWxzZX0%3D\">\n\t\t\t\t\t\t<span class=\"elementor-button-content-wrapper\">\n\t\t\t\t\t\t\t\t\t<span class=\"elementor-button-text\">Descargar (ESP)<\/span>\n\t\t\t\t\t<\/span>\n\t\t\t\t\t<\/a>\n\t\t\t\t<\/div>\n\t\t\t\t\t\t\t\t<\/div>\n\t\t\t\t<\/div>\n\t\t\t\t<div class=\"elementor-element elementor-element-24a4d81 elementor-widget elementor-widget-button\" data-id=\"24a4d81\" data-element_type=\"widget\" data-e-type=\"widget\" data-widget_type=\"button.default\">\n\t\t\t\t<div class=\"elementor-widget-container\">\n\t\t\t\t\t\t\t\t\t<div class=\"elementor-button-wrapper\">\n\t\t\t\t\t<a class=\"elementor-button elementor-button-link elementor-size-sm\" href=\"#elementor-action%3Aaction%3Dpopup%3Aopen%26settings%3DeyJpZCI6IjE2NjczIiwidG9nZ2xlIjpmYWxzZX0%3D\">\n\t\t\t\t\t\t<span class=\"elementor-button-content-wrapper\">\n\t\t\t\t\t\t\t\t\t<span class=\"elementor-button-text\">Download (ENG)<\/span>\n\t\t\t\t\t<\/span>\n\t\t\t\t\t<\/a>\n\t\t\t\t<\/div>\n\t\t\t\t\t\t\t\t<\/div>\n\t\t\t\t<\/div>\n\t\t\t\t\t<\/div>\n\t\t<\/div>\n\t\t\t\t<div class=\"elementor-column elementor-col-33 elementor-top-column elementor-element elementor-element-fc9fe7e\" data-id=\"fc9fe7e\" data-element_type=\"column\" data-e-type=\"column\">\n\t\t\t<div class=\"elementor-widget-wrap\">\n\t\t\t\t\t\t\t<\/div>\n\t\t<\/div>\n\t\t\t\t\t<\/div>\n\t\t<\/section>\n\t\t\t\t<\/div>\n\t\t","protected":false},"excerpt":{"rendered":"<p>Descargables Cat\u00e1logo Western 2025 Descargar (ESP) Download (ENG) Gu\u00eda de mantenimiento Descargar (ESP) Download (ENG)<\/p>","protected":false},"author":1,"featured_media":0,"parent":0,"menu_order":0,"comment_status":"closed","ping_status":"closed","template":"","meta":{"footnotes":""},"class_list":["post-16807","page","type-page","status-publish","hentry"],"yoast_head":"<!-- This site is optimized with the Yoast SEO plugin v27.1.1 - https:\/\/yoast.com\/product\/yoast-seo-wordpress\/ -->\n<title>Descargables | R\u00e9plicas de Armas de Calidad - Kolser<\/title>\n<meta name=\"robots\" content=\"noindex, follow\" \/>\n<meta property=\"og:locale\" content=\"fr_FR\" \/>\n<meta property=\"og:type\" content=\"article\" \/>\n<meta property=\"og:title\" content=\"Descargables | R\u00e9plicas de Armas de Calidad - Kolser\" \/>\n<meta property=\"og:description\" content=\"Descargables Cat\u00e1logo Western 2025 Descargar (ESP) Download (ENG) Gu\u00eda de mantenimiento Descargar (ESP) Download (ENG)\" \/>\n<meta property=\"og:url\" content=\"https:\/\/kolser.com\/fr\/descargables\/\" \/>\n<meta property=\"og:site_name\" content=\"Kolser\" \/>\n<meta property=\"article:modified_time\" content=\"2025-06-27T09:37:37+00:00\" \/>\n<meta property=\"og:image\" content=\"https:\/\/kolser.com\/wp-content\/uploads\/2025\/06\/catalogo-western-replicas-Kolser-2025.jpg\" \/>\n\t<meta property=\"og:image:width\" content=\"1832\" \/>\n\t<meta property=\"og:image:height\" content=\"1354\" \/>\n\t<meta property=\"og:image:type\" content=\"image\/jpeg\" \/>\n<meta name=\"twitter:card\" content=\"summary_large_image\" \/>\n<meta name=\"twitter:label1\" content=\"Dur\u00e9e de lecture estim\u00e9e\" \/>\n\t<meta name=\"twitter:data1\" content=\"1 minute\" \/>\n<script type=\"application\/ld+json\" class=\"yoast-schema-graph\">{\"@context\":\"https:\/\/schema.org\",\"@graph\":[{\"@type\":\"WebPage\",\"@id\":\"https:\/\/kolser.com\/descargables\/\",\"url\":\"https:\/\/kolser.com\/descargables\/\",\"name\":\"Descargables | R\u00e9plicas de Armas de Calidad - Kolser\",\"isPartOf\":{\"@id\":\"https:\/\/kolser.com\/#website\"},\"primaryImageOfPage\":{\"@id\":\"https:\/\/kolser.com\/descargables\/#primaryimage\"},\"image\":{\"@id\":\"https:\/\/kolser.com\/descargables\/#primaryimage\"},\"thumbnailUrl\":\"https:\/\/kolser.com\/wp-content\/uploads\/2025\/06\/catalogo-western-replicas-Kolser-2025-1461x1080.jpg\",\"datePublished\":\"2024-09-10T11:14:24+00:00\",\"dateModified\":\"2025-06-27T09:37:37+00:00\",\"breadcrumb\":{\"@id\":\"https:\/\/kolser.com\/descargables\/#breadcrumb\"},\"inLanguage\":\"fr-FR\",\"potentialAction\":[{\"@type\":\"ReadAction\",\"target\":[\"https:\/\/kolser.com\/descargables\/\"]}]},{\"@type\":\"ImageObject\",\"inLanguage\":\"fr-FR\",\"@id\":\"https:\/\/kolser.com\/descargables\/#primaryimage\",\"url\":\"https:\/\/kolser.com\/wp-content\/uploads\/2025\/06\/catalogo-western-replicas-Kolser-2025-1461x1080.jpg\",\"contentUrl\":\"https:\/\/kolser.com\/wp-content\/uploads\/2025\/06\/catalogo-western-replicas-Kolser-2025-1461x1080.jpg\"},{\"@type\":\"BreadcrumbList\",\"@id\":\"https:\/\/kolser.com\/descargables\/#breadcrumb\",\"itemListElement\":[{\"@type\":\"ListItem\",\"position\":1,\"name\":\"Home\",\"item\":\"https:\/\/kolser.com\/\"},{\"@type\":\"ListItem\",\"position\":2,\"name\":\"Descargables\"}]},{\"@type\":\"WebSite\",\"@id\":\"https:\/\/kolser.com\/#website\",\"url\":\"https:\/\/kolser.com\/\",\"name\":\"Kolser\",\"description\":\"\",\"publisher\":{\"@id\":\"https:\/\/kolser.com\/#organization\"},\"potentialAction\":[{\"@type\":\"SearchAction\",\"target\":{\"@type\":\"EntryPoint\",\"urlTemplate\":\"https:\/\/kolser.com\/?s={search_term_string}\"},\"query-input\":{\"@type\":\"PropertyValueSpecification\",\"valueRequired\":true,\"valueName\":\"search_term_string\"}}],\"inLanguage\":\"fr-FR\"},{\"@type\":\"Organization\",\"@id\":\"https:\/\/kolser.com\/#organization\",\"name\":\"Kolser\",\"url\":\"https:\/\/kolser.com\/\",\"logo\":{\"@type\":\"ImageObject\",\"inLanguage\":\"fr-FR\",\"@id\":\"https:\/\/kolser.com\/#\/schema\/logo\/image\/\",\"url\":\"https:\/\/kolser.com\/wp-content\/uploads\/2021\/11\/Logo-Cabecera.png\",\"contentUrl\":\"https:\/\/kolser.com\/wp-content\/uploads\/2021\/11\/Logo-Cabecera.png\",\"width\":979,\"height\":1358,\"caption\":\"Kolser\"},\"image\":{\"@id\":\"https:\/\/kolser.com\/#\/schema\/logo\/image\/\"}}]}<\/script>\n<!-- \/ Yoast SEO plugin. -->","yoast_head_json":{"title":"Descargables | R\u00e9plicas de Armas de Calidad - Kolser","robots":{"index":"noindex","follow":"follow"},"og_locale":"fr_FR","og_type":"article","og_title":"Descargables | R\u00e9plicas de Armas de Calidad - Kolser","og_description":"Descargables Cat\u00e1logo Western 2025 Descargar (ESP) Download (ENG) Gu\u00eda de mantenimiento Descargar (ESP) Download (ENG)","og_url":"https:\/\/kolser.com\/fr\/descargables\/","og_site_name":"Kolser","article_modified_time":"2025-06-27T09:37:37+00:00","og_image":[{"width":1832,"height":1354,"url":"https:\/\/kolser.com\/wp-content\/uploads\/2025\/06\/catalogo-western-replicas-Kolser-2025.jpg","type":"image\/jpeg"}],"twitter_card":"summary_large_image","twitter_misc":{"Dur\u00e9e de lecture estim\u00e9e":"1 minute"},"schema":{"@context":"https:\/\/schema.org","@graph":[{"@type":"WebPage","@id":"https:\/\/kolser.com\/descargables\/","url":"https:\/\/kolser.com\/descargables\/","name":"Descargables | R\u00e9plicas de Armas de Calidad - Kolser","isPartOf":{"@id":"https:\/\/kolser.com\/#website"},"primaryImageOfPage":{"@id":"https:\/\/kolser.com\/descargables\/#primaryimage"},"image":{"@id":"https:\/\/kolser.com\/descargables\/#primaryimage"},"thumbnailUrl":"https:\/\/kolser.com\/wp-content\/uploads\/2025\/06\/catalogo-western-replicas-Kolser-2025-1461x1080.jpg","datePublished":"2024-09-10T11:14:24+00:00","dateModified":"2025-06-27T09:37:37+00:00","breadcrumb":{"@id":"https:\/\/kolser.com\/descargables\/#breadcrumb"},"inLanguage":"fr-FR","potentialAction":[{"@type":"ReadAction","target":["https:\/\/kolser.com\/descargables\/"]}]},{"@type":"ImageObject","inLanguage":"fr-FR","@id":"https:\/\/kolser.com\/descargables\/#primaryimage","url":"https:\/\/kolser.com\/wp-content\/uploads\/2025\/06\/catalogo-western-replicas-Kolser-2025-1461x1080.jpg","contentUrl":"https:\/\/kolser.com\/wp-content\/uploads\/2025\/06\/catalogo-western-replicas-Kolser-2025-1461x1080.jpg"},{"@type":"BreadcrumbList","@id":"https:\/\/kolser.com\/descargables\/#breadcrumb","itemListElement":[{"@type":"ListItem","position":1,"name":"Home","item":"https:\/\/kolser.com\/"},{"@type":"ListItem","position":2,"name":"Descargables"}]},{"@type":"WebSite","@id":"https:\/\/kolser.com\/#website","url":"https:\/\/kolser.com\/","name":"Kolser","description":"","publisher":{"@id":"https:\/\/kolser.com\/#organization"},"potentialAction":[{"@type":"SearchAction","target":{"@type":"EntryPoint","urlTemplate":"https:\/\/kolser.com\/?s={search_term_string}"},"query-input":{"@type":"PropertyValueSpecification","valueRequired":true,"valueName":"search_term_string"}}],"inLanguage":"fr-FR"},{"@type":"Organization","@id":"https:\/\/kolser.com\/#organization","name":"Kolser","url":"https:\/\/kolser.com\/","logo":{"@type":"ImageObject","inLanguage":"fr-FR","@id":"https:\/\/kolser.com\/#\/schema\/logo\/image\/","url":"https:\/\/kolser.com\/wp-content\/uploads\/2021\/11\/Logo-Cabecera.png","contentUrl":"https:\/\/kolser.com\/wp-content\/uploads\/2021\/11\/Logo-Cabecera.png","width":979,"height":1358,"caption":"Kolser"},"image":{"@id":"https:\/\/kolser.com\/#\/schema\/logo\/image\/"}}]}},"_links":{"self":[{"href":"https:\/\/kolser.com\/fr\/wp-json\/wp\/v2\/pages\/16807","targetHints":{"allow":["GET"]}}],"collection":[{"href":"https:\/\/kolser.com\/fr\/wp-json\/wp\/v2\/pages"}],"about":[{"href":"https:\/\/kolser.com\/fr\/wp-json\/wp\/v2\/types\/page"}],"author":[{"embeddable":true,"href":"https:\/\/kolser.com\/fr\/wp-json\/wp\/v2\/users\/1"}],"replies":[{"embeddable":true,"href":"https:\/\/kolser.com\/fr\/wp-json\/wp\/v2\/comments?post=16807"}],"version-history":[{"count":29,"href":"https:\/\/kolser.com\/fr\/wp-json\/wp\/v2\/pages\/16807\/revisions"}],"predecessor-version":[{"id":18670,"href":"https:\/\/kolser.com\/fr\/wp-json\/wp\/v2\/pages\/16807\/revisions\/18670"}],"wp:attachment":[{"href":"https:\/\/kolser.com\/fr\/wp-json\/wp\/v2\/media?parent=16807"}],"curies":[{"name":"wp","href":"https:\/\/api.w.org\/{rel}","templated":true}]}}