{"id":13838,"date":"2021-12-11T09:13:18","date_gmt":"2021-12-11T09:13:18","guid":{"rendered":"https:\/\/kolser.com\/?post_type=product&#038;p=13838"},"modified":"2024-02-25T09:55:55","modified_gmt":"2024-02-25T09:55:55","slug":"panoplia-con-escudo-de-armas-y-espadas-46-596","status":"publish","type":"product","link":"https:\/\/kolser.com\/en\/producto\/panoplia-con-escudo-de-armas-y-espadas-46-596\/","title":{"rendered":"PANOPLY WITH COAT OF ARMS AND SWORDS"},"content":{"rendered":"<p>28X20 \/ 19X14,5 cm<\/p>","protected":false},"excerpt":{"rendered":"<p>One-of-a-kind panoply with a coat of arms and swords and two lions that stand upright, holding a shield which represents strength. This unique panoply made by Kolser is made of wood and metal and measures 28X20 \/ 19X14.5 cm. The two swords that cross it are made of silver colored metal.<\/p>","protected":false},"featured_media":1140,"comment_status":"closed","ping_status":"closed","template":"","meta":[],"product_brand":[],"product_cat":[28,29],"product_tag":[],"coleccion":[],"proposito":[],"class_list":{"0":"post-13838","1":"product","2":"type-product","3":"status-publish","4":"has-post-thumbnail","6":"product_cat-escudos","7":"product_cat-panoplias","9":"first","10":"instock","11":"shipping-taxable","12":"purchasable","13":"product-type-variable"},"yoast_head":"<!-- This site is optimized with the Yoast SEO plugin v27.4 - https:\/\/yoast.com\/product\/yoast-seo-wordpress\/ -->\n<title>\u25b7PANOPLIA CON ESCUDO DE ARMAS Y ESPADAS 46-596 - Kolser<\/title>\n<meta name=\"description\" content=\"\u2705 R\u00e9plica \u3010 PANOLIA CON ESCUDO DE ARMAS \u3011Con escudo, corona y leones. Con dos espadas traseras cruzadas. Disponible en 3 acabados.\" \/>\n<meta name=\"robots\" content=\"index, follow, max-snippet:-1, max-image-preview:large, max-video-preview:-1\" \/>\n<link rel=\"canonical\" href=\"https:\/\/kolser.com\/en\/product\/panoplia-con-escudo-de-armas-y-espadas-46-596\/\" \/>\n<meta property=\"og:locale\" content=\"en_GB\" \/>\n<meta property=\"og:type\" content=\"article\" \/>\n<meta property=\"og:title\" content=\"\u25b7PANOPLIA CON ESCUDO DE ARMAS Y ESPADAS 46-596 - Kolser\" \/>\n<meta property=\"og:description\" content=\"\u2705 R\u00e9plica \u3010 PANOLIA CON ESCUDO DE ARMAS \u3011Con escudo, corona y leones. Con dos espadas traseras cruzadas. Disponible en 3 acabados.\" \/>\n<meta property=\"og:url\" content=\"https:\/\/kolser.com\/en\/product\/panoplia-con-escudo-de-armas-y-espadas-46-596\/\" \/>\n<meta property=\"og:site_name\" content=\"Kolser\" \/>\n<meta property=\"article:modified_time\" content=\"2024-02-25T09:55:55+00:00\" \/>\n<meta property=\"og:image\" content=\"https:\/\/kolser.com\/wp-content\/uploads\/2021\/11\/KOLSER-REPLICA-ARMAS-MEDIEVAL-WEAPON-PANOPLIA-CON-ESCUDO-DE-ARMAS-Y-ESPADAS46-597.jpg\" \/>\n\t<meta property=\"og:image:width\" content=\"600\" \/>\n\t<meta property=\"og:image:height\" content=\"600\" \/>\n\t<meta property=\"og:image:type\" content=\"image\/jpeg\" \/>\n<meta name=\"twitter:card\" content=\"summary_large_image\" \/>\n<meta name=\"twitter:label1\" content=\"Estimated reading time\" \/>\n\t<meta name=\"twitter:data1\" content=\"1 minute\" \/>\n<script type=\"application\/ld+json\" class=\"yoast-schema-graph\">{\"@context\":\"https:\\\/\\\/schema.org\",\"@graph\":[{\"@type\":\"WebPage\",\"@id\":\"https:\\\/\\\/kolser.com\\\/producto\\\/panoplia-con-escudo-de-armas-y-espadas-46-596\\\/\",\"url\":\"https:\\\/\\\/kolser.com\\\/producto\\\/panoplia-con-escudo-de-armas-y-espadas-46-596\\\/\",\"name\":\"\u25b7PANOPLIA CON ESCUDO DE ARMAS Y ESPADAS 46-596 - Kolser\",\"isPartOf\":{\"@id\":\"https:\\\/\\\/kolser.com\\\/#website\"},\"primaryImageOfPage\":{\"@id\":\"https:\\\/\\\/kolser.com\\\/producto\\\/panoplia-con-escudo-de-armas-y-espadas-46-596\\\/#primaryimage\"},\"image\":{\"@id\":\"https:\\\/\\\/kolser.com\\\/producto\\\/panoplia-con-escudo-de-armas-y-espadas-46-596\\\/#primaryimage\"},\"thumbnailUrl\":\"https:\\\/\\\/kolser.com\\\/wp-content\\\/uploads\\\/2021\\\/11\\\/KOLSER-REPLICA-ARMAS-MEDIEVAL-WEAPON-PANOPLIA-CON-ESCUDO-DE-ARMAS-Y-ESPADAS46-597.jpg\",\"datePublished\":\"2021-12-11T09:13:18+00:00\",\"dateModified\":\"2024-02-25T09:55:55+00:00\",\"description\":\"\u2705 R\u00e9plica \u3010 PANOLIA CON ESCUDO DE ARMAS \u3011Con escudo, corona y leones. Con dos espadas traseras cruzadas. Disponible en 3 acabados.\",\"breadcrumb\":{\"@id\":\"https:\\\/\\\/kolser.com\\\/producto\\\/panoplia-con-escudo-de-armas-y-espadas-46-596\\\/#breadcrumb\"},\"inLanguage\":\"en-GB\",\"potentialAction\":[{\"@type\":\"ReadAction\",\"target\":[\"https:\\\/\\\/kolser.com\\\/producto\\\/panoplia-con-escudo-de-armas-y-espadas-46-596\\\/\"]}]},{\"@type\":\"ImageObject\",\"inLanguage\":\"en-GB\",\"@id\":\"https:\\\/\\\/kolser.com\\\/producto\\\/panoplia-con-escudo-de-armas-y-espadas-46-596\\\/#primaryimage\",\"url\":\"https:\\\/\\\/kolser.com\\\/wp-content\\\/uploads\\\/2021\\\/11\\\/KOLSER-REPLICA-ARMAS-MEDIEVAL-WEAPON-PANOPLIA-CON-ESCUDO-DE-ARMAS-Y-ESPADAS46-597.jpg\",\"contentUrl\":\"https:\\\/\\\/kolser.com\\\/wp-content\\\/uploads\\\/2021\\\/11\\\/KOLSER-REPLICA-ARMAS-MEDIEVAL-WEAPON-PANOPLIA-CON-ESCUDO-DE-ARMAS-Y-ESPADAS46-597.jpg\",\"width\":600,\"height\":600,\"caption\":\"Replica de panoplia con escudo que representa la monarqu\u00eda con una corona de emperador encima. El escudo est\u00e1 decorado con los emblemas de las provincias. Dos leones sujetan el escudo por los lado y el mismo est\u00e1 cruzado por detr\u00e1s por dos espadas. Terminado sobre un fondo de madera y metal plateadoenvejecido con flocado sin flocado.\"},{\"@type\":\"BreadcrumbList\",\"@id\":\"https:\\\/\\\/kolser.com\\\/producto\\\/panoplia-con-escudo-de-armas-y-espadas-46-596\\\/#breadcrumb\",\"itemListElement\":[{\"@type\":\"ListItem\",\"position\":1,\"name\":\"Home\",\"item\":\"https:\\\/\\\/kolser.com\\\/\"},{\"@type\":\"ListItem\",\"position\":2,\"name\":\"Cat\u00e1logo\",\"item\":\"https:\\\/\\\/kolser.com\\\/catalogo\\\/\"},{\"@type\":\"ListItem\",\"position\":3,\"name\":\"Escudos\",\"item\":\"https:\\\/\\\/kolser.com\\\/categoria-producto\\\/escudos\\\/\"},{\"@type\":\"ListItem\",\"position\":4,\"name\":\"Panoplias\",\"item\":\"https:\\\/\\\/kolser.com\\\/categoria-producto\\\/escudos\\\/panoplias\\\/\"},{\"@type\":\"ListItem\",\"position\":5,\"name\":\"PANOPLIA CON ESCUDO DE ARMAS Y ESPADAS 46-596\"}]},{\"@type\":\"WebSite\",\"@id\":\"https:\\\/\\\/kolser.com\\\/#website\",\"url\":\"https:\\\/\\\/kolser.com\\\/\",\"name\":\"Kolser\",\"description\":\"\",\"publisher\":{\"@id\":\"https:\\\/\\\/kolser.com\\\/#organization\"},\"potentialAction\":[{\"@type\":\"SearchAction\",\"target\":{\"@type\":\"EntryPoint\",\"urlTemplate\":\"https:\\\/\\\/kolser.com\\\/?s={search_term_string}\"},\"query-input\":{\"@type\":\"PropertyValueSpecification\",\"valueRequired\":true,\"valueName\":\"search_term_string\"}}],\"inLanguage\":\"en-GB\"},{\"@type\":\"Organization\",\"@id\":\"https:\\\/\\\/kolser.com\\\/#organization\",\"name\":\"Kolser\",\"url\":\"https:\\\/\\\/kolser.com\\\/\",\"logo\":{\"@type\":\"ImageObject\",\"inLanguage\":\"en-GB\",\"@id\":\"https:\\\/\\\/kolser.com\\\/#\\\/schema\\\/logo\\\/image\\\/\",\"url\":\"https:\\\/\\\/kolser.com\\\/wp-content\\\/uploads\\\/2021\\\/11\\\/Logo-Cabecera.png\",\"contentUrl\":\"https:\\\/\\\/kolser.com\\\/wp-content\\\/uploads\\\/2021\\\/11\\\/Logo-Cabecera.png\",\"width\":979,\"height\":1358,\"caption\":\"Kolser\"},\"image\":{\"@id\":\"https:\\\/\\\/kolser.com\\\/#\\\/schema\\\/logo\\\/image\\\/\"}}]}<\/script>\n<!-- \/ Yoast SEO plugin. -->","yoast_head_json":{"title":"\u25b7PANOPLIA CON ESCUDO DE ARMAS Y ESPADAS 46-596 - Kolser","description":"\u2705 R\u00e9plica \u3010 PANOLIA CON ESCUDO DE ARMAS \u3011Con escudo, corona y leones. Con dos espadas traseras cruzadas. Disponible en 3 acabados.","robots":{"index":"index","follow":"follow","max-snippet":"max-snippet:-1","max-image-preview":"max-image-preview:large","max-video-preview":"max-video-preview:-1"},"canonical":"https:\/\/kolser.com\/en\/product\/panoplia-con-escudo-de-armas-y-espadas-46-596\/","og_locale":"en_GB","og_type":"article","og_title":"\u25b7PANOPLIA CON ESCUDO DE ARMAS Y ESPADAS 46-596 - Kolser","og_description":"\u2705 R\u00e9plica \u3010 PANOLIA CON ESCUDO DE ARMAS \u3011Con escudo, corona y leones. Con dos espadas traseras cruzadas. Disponible en 3 acabados.","og_url":"https:\/\/kolser.com\/en\/product\/panoplia-con-escudo-de-armas-y-espadas-46-596\/","og_site_name":"Kolser","article_modified_time":"2024-02-25T09:55:55+00:00","og_image":[{"width":600,"height":600,"url":"https:\/\/kolser.com\/wp-content\/uploads\/2021\/11\/KOLSER-REPLICA-ARMAS-MEDIEVAL-WEAPON-PANOPLIA-CON-ESCUDO-DE-ARMAS-Y-ESPADAS46-597.jpg","type":"image\/jpeg"}],"twitter_card":"summary_large_image","twitter_misc":{"Estimated reading time":"1 minute"},"schema":{"@context":"https:\/\/schema.org","@graph":[{"@type":"WebPage","@id":"https:\/\/kolser.com\/producto\/panoplia-con-escudo-de-armas-y-espadas-46-596\/","url":"https:\/\/kolser.com\/producto\/panoplia-con-escudo-de-armas-y-espadas-46-596\/","name":"\u25b7PANOPLIA CON ESCUDO DE ARMAS Y ESPADAS 46-596 - Kolser","isPartOf":{"@id":"https:\/\/kolser.com\/#website"},"primaryImageOfPage":{"@id":"https:\/\/kolser.com\/producto\/panoplia-con-escudo-de-armas-y-espadas-46-596\/#primaryimage"},"image":{"@id":"https:\/\/kolser.com\/producto\/panoplia-con-escudo-de-armas-y-espadas-46-596\/#primaryimage"},"thumbnailUrl":"https:\/\/kolser.com\/wp-content\/uploads\/2021\/11\/KOLSER-REPLICA-ARMAS-MEDIEVAL-WEAPON-PANOPLIA-CON-ESCUDO-DE-ARMAS-Y-ESPADAS46-597.jpg","datePublished":"2021-12-11T09:13:18+00:00","dateModified":"2024-02-25T09:55:55+00:00","description":"\u2705 R\u00e9plica \u3010 PANOLIA CON ESCUDO DE ARMAS \u3011Con escudo, corona y leones. Con dos espadas traseras cruzadas. Disponible en 3 acabados.","breadcrumb":{"@id":"https:\/\/kolser.com\/producto\/panoplia-con-escudo-de-armas-y-espadas-46-596\/#breadcrumb"},"inLanguage":"en-GB","potentialAction":[{"@type":"ReadAction","target":["https:\/\/kolser.com\/producto\/panoplia-con-escudo-de-armas-y-espadas-46-596\/"]}]},{"@type":"ImageObject","inLanguage":"en-GB","@id":"https:\/\/kolser.com\/producto\/panoplia-con-escudo-de-armas-y-espadas-46-596\/#primaryimage","url":"https:\/\/kolser.com\/wp-content\/uploads\/2021\/11\/KOLSER-REPLICA-ARMAS-MEDIEVAL-WEAPON-PANOPLIA-CON-ESCUDO-DE-ARMAS-Y-ESPADAS46-597.jpg","contentUrl":"https:\/\/kolser.com\/wp-content\/uploads\/2021\/11\/KOLSER-REPLICA-ARMAS-MEDIEVAL-WEAPON-PANOPLIA-CON-ESCUDO-DE-ARMAS-Y-ESPADAS46-597.jpg","width":600,"height":600,"caption":"Replica de panoplia con escudo que representa la monarqu\u00eda con una corona de emperador encima. El escudo est\u00e1 decorado con los emblemas de las provincias. Dos leones sujetan el escudo por los lado y el mismo est\u00e1 cruzado por detr\u00e1s por dos espadas. Terminado sobre un fondo de madera y metal plateadoenvejecido con flocado sin flocado."},{"@type":"BreadcrumbList","@id":"https:\/\/kolser.com\/producto\/panoplia-con-escudo-de-armas-y-espadas-46-596\/#breadcrumb","itemListElement":[{"@type":"ListItem","position":1,"name":"Home","item":"https:\/\/kolser.com\/"},{"@type":"ListItem","position":2,"name":"Cat\u00e1logo","item":"https:\/\/kolser.com\/catalogo\/"},{"@type":"ListItem","position":3,"name":"Escudos","item":"https:\/\/kolser.com\/categoria-producto\/escudos\/"},{"@type":"ListItem","position":4,"name":"Panoplias","item":"https:\/\/kolser.com\/categoria-producto\/escudos\/panoplias\/"},{"@type":"ListItem","position":5,"name":"PANOPLIA CON ESCUDO DE ARMAS Y ESPADAS 46-596"}]},{"@type":"WebSite","@id":"https:\/\/kolser.com\/#website","url":"https:\/\/kolser.com\/","name":"Kolser","description":"","publisher":{"@id":"https:\/\/kolser.com\/#organization"},"potentialAction":[{"@type":"SearchAction","target":{"@type":"EntryPoint","urlTemplate":"https:\/\/kolser.com\/?s={search_term_string}"},"query-input":{"@type":"PropertyValueSpecification","valueRequired":true,"valueName":"search_term_string"}}],"inLanguage":"en-GB"},{"@type":"Organization","@id":"https:\/\/kolser.com\/#organization","name":"Kolser","url":"https:\/\/kolser.com\/","logo":{"@type":"ImageObject","inLanguage":"en-GB","@id":"https:\/\/kolser.com\/#\/schema\/logo\/image\/","url":"https:\/\/kolser.com\/wp-content\/uploads\/2021\/11\/Logo-Cabecera.png","contentUrl":"https:\/\/kolser.com\/wp-content\/uploads\/2021\/11\/Logo-Cabecera.png","width":979,"height":1358,"caption":"Kolser"},"image":{"@id":"https:\/\/kolser.com\/#\/schema\/logo\/image\/"}}]}},"_links":{"self":[{"href":"https:\/\/kolser.com\/en\/wp-json\/wp\/v2\/product\/13838","targetHints":{"allow":["GET"]}}],"collection":[{"href":"https:\/\/kolser.com\/en\/wp-json\/wp\/v2\/product"}],"about":[{"href":"https:\/\/kolser.com\/en\/wp-json\/wp\/v2\/types\/product"}],"replies":[{"embeddable":true,"href":"https:\/\/kolser.com\/en\/wp-json\/wp\/v2\/comments?post=13838"}],"wp:featuredmedia":[{"embeddable":true,"href":"https:\/\/kolser.com\/en\/wp-json\/wp\/v2\/media\/1140"}],"wp:attachment":[{"href":"https:\/\/kolser.com\/en\/wp-json\/wp\/v2\/media?parent=13838"}],"wp:term":[{"taxonomy":"product_brand","embeddable":true,"href":"https:\/\/kolser.com\/en\/wp-json\/wp\/v2\/product_brand?post=13838"},{"taxonomy":"product_cat","embeddable":true,"href":"https:\/\/kolser.com\/en\/wp-json\/wp\/v2\/product_cat?post=13838"},{"taxonomy":"product_tag","embeddable":true,"href":"https:\/\/kolser.com\/en\/wp-json\/wp\/v2\/product_tag?post=13838"},{"taxonomy":"coleccion","embeddable":true,"href":"https:\/\/kolser.com\/en\/wp-json\/wp\/v2\/coleccion?post=13838"},{"taxonomy":"proposito","embeddable":true,"href":"https:\/\/kolser.com\/en\/wp-json\/wp\/v2\/proposito?post=13838"}],"curies":[{"name":"wp","href":"https:\/\/api.w.org\/{rel}","templated":true}]}}