{"id":13635,"date":"2021-12-11T09:13:03","date_gmt":"2021-12-11T09:13:03","guid":{"rendered":"https:\/\/kolser.com\/?post_type=product&#038;p=13635"},"modified":"2024-03-10T14:29:34","modified_gmt":"2024-03-10T14:29:34","slug":"pistol-3-barrel-augsburg-1775","status":"publish","type":"product","link":"https:\/\/kolser.com\/en\/producto\/pistola-3-canones-augsburg-1775\/","title":{"rendered":"3-BARREL PISTOL AUGSBURG 1775"},"content":{"rendered":"<p>Replica of a triple-barrel Augsburg pistol from 1775. This exceptionally detailed reproduction features impeccable ornamentation and an aged metallic finish.<\/p>\n<p class=\"translation-block\">Crafted by Kolser, this replica features a grip shaped like an eagle\u2019s head and neck. What makes this piece truly special are the fine, precise details found across its <strong>three barrels<\/strong>.<\/p>\n<p>It measures 29 centimetres and is made of metal and resin, offering a balance of lightness, strength and durability.<\/p>\n<p class=\"translation-block\">Es la r\u00e9plica perfecta con la que puedes iniciar o complementar tu colecci\u00f3n, es una pieza \u00fanica que resalta y que, sin lugar a duda, llamara la atenci\u00f3n de cualquiera que la viere.<\/p>\n<p>29 cm<\/p>","protected":false},"excerpt":{"rendered":"<p>R\u00e9plica de pistola con 3 ca\u00f1ones Augsburg de 1775, R\u00e9plica extremadamente detallada con adornos impecables y acabado en color metalizado envejecido. Elaborada por Kolser, esta replica cuenta con una empu\u00f1adura con forma de cabeza y cuello de \u00e1guila, el detalle particular de esta arma, se mantiene en los finos detalles tan precisos que se encuentran [&hellip;]<\/p>\n","protected":false},"featured_media":11135,"comment_status":"closed","ping_status":"closed","template":"","meta":[],"product_brand":[],"product_cat":[30,31],"product_tag":[],"coleccion":[],"proposito":[],"class_list":{"0":"post-13635","1":"product","2":"type-product","3":"status-publish","4":"has-post-thumbnail","6":"product_cat-pistolas","7":"product_cat-pistolas-pistolas-antiguas","9":"first","10":"instock","11":"shipping-taxable","12":"purchasable","13":"product-type-variable"},"yoast_head":"<!-- This site is optimized with the Yoast SEO plugin v27.4 - https:\/\/yoast.com\/product\/yoast-seo-wordpress\/ -->\n<title>\u25b7PISTOLA 3 CA\u00d1ONES AUGSBURG 1775 - Kolser<\/title>\n<meta name=\"description\" content=\"\u2705 R\u00e9plica\u3010 PISTOLAS DE TRES CA\u00d1ONES AUGSBURG 1775 \u3011Pieza \u00fanica. Pistola de tres ca\u00f1ones y 29 cm de largo. Disponible en 2 acabados.\" \/>\n<meta name=\"robots\" content=\"index, follow, max-snippet:-1, max-image-preview:large, max-video-preview:-1\" \/>\n<link rel=\"canonical\" href=\"https:\/\/kolser.com\/en\/product\/pistol-3-barrel-augsburg-1775\/\" \/>\n<meta property=\"og:locale\" content=\"en_GB\" \/>\n<meta property=\"og:type\" content=\"article\" \/>\n<meta property=\"og:title\" content=\"\u25b7PISTOLA 3 CA\u00d1ONES AUGSBURG 1775 - Kolser\" \/>\n<meta property=\"og:description\" content=\"\u2705 R\u00e9plica\u3010 PISTOLAS DE TRES CA\u00d1ONES AUGSBURG 1775 \u3011Pieza \u00fanica. Pistola de tres ca\u00f1ones y 29 cm de largo. Disponible en 2 acabados.\" \/>\n<meta property=\"og:url\" content=\"https:\/\/kolser.com\/en\/product\/pistol-3-barrel-augsburg-1775\/\" \/>\n<meta property=\"og:site_name\" content=\"Kolser\" \/>\n<meta property=\"article:modified_time\" content=\"2024-03-10T14:29:34+00:00\" \/>\n<meta property=\"og:image\" content=\"https:\/\/kolser.com\/wp-content\/uploads\/2021\/12\/KOLSER-REPLICA-PISTOLA-PIRATA-GUN-PISTOLA-3-CANONES-AUGSBURG-177547-1119.jpg\" \/>\n\t<meta property=\"og:image:width\" content=\"600\" \/>\n\t<meta property=\"og:image:height\" content=\"600\" \/>\n\t<meta property=\"og:image:type\" content=\"image\/jpeg\" \/>\n<meta name=\"twitter:card\" content=\"summary_large_image\" \/>\n<meta name=\"twitter:label1\" content=\"Estimated reading time\" \/>\n\t<meta name=\"twitter:data1\" content=\"1 minute\" \/>\n<script type=\"application\/ld+json\" class=\"yoast-schema-graph\">{\"@context\":\"https:\\\/\\\/schema.org\",\"@graph\":[{\"@type\":\"WebPage\",\"@id\":\"https:\\\/\\\/kolser.com\\\/producto\\\/pistola-3-canones-augsburg-1775\\\/\",\"url\":\"https:\\\/\\\/kolser.com\\\/producto\\\/pistola-3-canones-augsburg-1775\\\/\",\"name\":\"\u25b7PISTOLA 3 CA\u00d1ONES AUGSBURG 1775 - Kolser\",\"isPartOf\":{\"@id\":\"https:\\\/\\\/kolser.com\\\/#website\"},\"primaryImageOfPage\":{\"@id\":\"https:\\\/\\\/kolser.com\\\/producto\\\/pistola-3-canones-augsburg-1775\\\/#primaryimage\"},\"image\":{\"@id\":\"https:\\\/\\\/kolser.com\\\/producto\\\/pistola-3-canones-augsburg-1775\\\/#primaryimage\"},\"thumbnailUrl\":\"https:\\\/\\\/kolser.com\\\/wp-content\\\/uploads\\\/2021\\\/12\\\/KOLSER-REPLICA-PISTOLA-PIRATA-GUN-PISTOLA-3-CANONES-AUGSBURG-177547-1119.jpg\",\"datePublished\":\"2021-12-11T09:13:03+00:00\",\"dateModified\":\"2024-03-10T14:29:34+00:00\",\"description\":\"\u2705 R\u00e9plica\u3010 PISTOLAS DE TRES CA\u00d1ONES AUGSBURG 1775 \u3011Pieza \u00fanica. Pistola de tres ca\u00f1ones y 29 cm de largo. Disponible en 2 acabados.\",\"breadcrumb\":{\"@id\":\"https:\\\/\\\/kolser.com\\\/producto\\\/pistola-3-canones-augsburg-1775\\\/#breadcrumb\"},\"inLanguage\":\"en-GB\",\"potentialAction\":[{\"@type\":\"ReadAction\",\"target\":[\"https:\\\/\\\/kolser.com\\\/producto\\\/pistola-3-canones-augsburg-1775\\\/\"]}]},{\"@type\":\"ImageObject\",\"inLanguage\":\"en-GB\",\"@id\":\"https:\\\/\\\/kolser.com\\\/producto\\\/pistola-3-canones-augsburg-1775\\\/#primaryimage\",\"url\":\"https:\\\/\\\/kolser.com\\\/wp-content\\\/uploads\\\/2021\\\/12\\\/KOLSER-REPLICA-PISTOLA-PIRATA-GUN-PISTOLA-3-CANONES-AUGSBURG-177547-1119.jpg\",\"contentUrl\":\"https:\\\/\\\/kolser.com\\\/wp-content\\\/uploads\\\/2021\\\/12\\\/KOLSER-REPLICA-PISTOLA-PIRATA-GUN-PISTOLA-3-CANONES-AUGSBURG-177547-1119.jpg\",\"width\":600,\"height\":600,\"caption\":\"PISTOLA 3 CA\u00d1ONES AUGSBURG 1775\"},{\"@type\":\"BreadcrumbList\",\"@id\":\"https:\\\/\\\/kolser.com\\\/producto\\\/pistola-3-canones-augsburg-1775\\\/#breadcrumb\",\"itemListElement\":[{\"@type\":\"ListItem\",\"position\":1,\"name\":\"Home\",\"item\":\"https:\\\/\\\/kolser.com\\\/\"},{\"@type\":\"ListItem\",\"position\":2,\"name\":\"Cat\u00e1logo\",\"item\":\"https:\\\/\\\/kolser.com\\\/catalogo\\\/\"},{\"@type\":\"ListItem\",\"position\":3,\"name\":\"Pistolas\",\"item\":\"https:\\\/\\\/kolser.com\\\/categoria-producto\\\/pistolas\\\/\"},{\"@type\":\"ListItem\",\"position\":4,\"name\":\"Pistolas\",\"item\":\"https:\\\/\\\/kolser.com\\\/categoria-producto\\\/pistolas\\\/pistolas-pistolas-antiguas\\\/\"},{\"@type\":\"ListItem\",\"position\":5,\"name\":\"PISTOLA 3 CA\u00d1ONES AUGSBURG 1775\"}]},{\"@type\":\"WebSite\",\"@id\":\"https:\\\/\\\/kolser.com\\\/#website\",\"url\":\"https:\\\/\\\/kolser.com\\\/\",\"name\":\"Kolser\",\"description\":\"\",\"publisher\":{\"@id\":\"https:\\\/\\\/kolser.com\\\/#organization\"},\"potentialAction\":[{\"@type\":\"SearchAction\",\"target\":{\"@type\":\"EntryPoint\",\"urlTemplate\":\"https:\\\/\\\/kolser.com\\\/?s={search_term_string}\"},\"query-input\":{\"@type\":\"PropertyValueSpecification\",\"valueRequired\":true,\"valueName\":\"search_term_string\"}}],\"inLanguage\":\"en-GB\"},{\"@type\":\"Organization\",\"@id\":\"https:\\\/\\\/kolser.com\\\/#organization\",\"name\":\"Kolser\",\"url\":\"https:\\\/\\\/kolser.com\\\/\",\"logo\":{\"@type\":\"ImageObject\",\"inLanguage\":\"en-GB\",\"@id\":\"https:\\\/\\\/kolser.com\\\/#\\\/schema\\\/logo\\\/image\\\/\",\"url\":\"https:\\\/\\\/kolser.com\\\/wp-content\\\/uploads\\\/2021\\\/11\\\/Logo-Cabecera.png\",\"contentUrl\":\"https:\\\/\\\/kolser.com\\\/wp-content\\\/uploads\\\/2021\\\/11\\\/Logo-Cabecera.png\",\"width\":979,\"height\":1358,\"caption\":\"Kolser\"},\"image\":{\"@id\":\"https:\\\/\\\/kolser.com\\\/#\\\/schema\\\/logo\\\/image\\\/\"}}]}<\/script>\n<!-- \/ Yoast SEO plugin. -->","yoast_head_json":{"title":"\u25b7PISTOLA 3 CA\u00d1ONES AUGSBURG 1775 - Kolser","description":"\u2705 R\u00e9plica\u3010 PISTOLAS DE TRES CA\u00d1ONES AUGSBURG 1775 \u3011Pieza \u00fanica. Pistola de tres ca\u00f1ones y 29 cm de largo. Disponible en 2 acabados.","robots":{"index":"index","follow":"follow","max-snippet":"max-snippet:-1","max-image-preview":"max-image-preview:large","max-video-preview":"max-video-preview:-1"},"canonical":"https:\/\/kolser.com\/en\/product\/pistol-3-barrel-augsburg-1775\/","og_locale":"en_GB","og_type":"article","og_title":"\u25b7PISTOLA 3 CA\u00d1ONES AUGSBURG 1775 - Kolser","og_description":"\u2705 R\u00e9plica\u3010 PISTOLAS DE TRES CA\u00d1ONES AUGSBURG 1775 \u3011Pieza \u00fanica. Pistola de tres ca\u00f1ones y 29 cm de largo. Disponible en 2 acabados.","og_url":"https:\/\/kolser.com\/en\/product\/pistol-3-barrel-augsburg-1775\/","og_site_name":"Kolser","article_modified_time":"2024-03-10T14:29:34+00:00","og_image":[{"width":600,"height":600,"url":"https:\/\/kolser.com\/wp-content\/uploads\/2021\/12\/KOLSER-REPLICA-PISTOLA-PIRATA-GUN-PISTOLA-3-CANONES-AUGSBURG-177547-1119.jpg","type":"image\/jpeg"}],"twitter_card":"summary_large_image","twitter_misc":{"Estimated reading time":"1 minute"},"schema":{"@context":"https:\/\/schema.org","@graph":[{"@type":"WebPage","@id":"https:\/\/kolser.com\/producto\/pistola-3-canones-augsburg-1775\/","url":"https:\/\/kolser.com\/producto\/pistola-3-canones-augsburg-1775\/","name":"\u25b7PISTOLA 3 CA\u00d1ONES AUGSBURG 1775 - Kolser","isPartOf":{"@id":"https:\/\/kolser.com\/#website"},"primaryImageOfPage":{"@id":"https:\/\/kolser.com\/producto\/pistola-3-canones-augsburg-1775\/#primaryimage"},"image":{"@id":"https:\/\/kolser.com\/producto\/pistola-3-canones-augsburg-1775\/#primaryimage"},"thumbnailUrl":"https:\/\/kolser.com\/wp-content\/uploads\/2021\/12\/KOLSER-REPLICA-PISTOLA-PIRATA-GUN-PISTOLA-3-CANONES-AUGSBURG-177547-1119.jpg","datePublished":"2021-12-11T09:13:03+00:00","dateModified":"2024-03-10T14:29:34+00:00","description":"\u2705 R\u00e9plica\u3010 PISTOLAS DE TRES CA\u00d1ONES AUGSBURG 1775 \u3011Pieza \u00fanica. Pistola de tres ca\u00f1ones y 29 cm de largo. Disponible en 2 acabados.","breadcrumb":{"@id":"https:\/\/kolser.com\/producto\/pistola-3-canones-augsburg-1775\/#breadcrumb"},"inLanguage":"en-GB","potentialAction":[{"@type":"ReadAction","target":["https:\/\/kolser.com\/producto\/pistola-3-canones-augsburg-1775\/"]}]},{"@type":"ImageObject","inLanguage":"en-GB","@id":"https:\/\/kolser.com\/producto\/pistola-3-canones-augsburg-1775\/#primaryimage","url":"https:\/\/kolser.com\/wp-content\/uploads\/2021\/12\/KOLSER-REPLICA-PISTOLA-PIRATA-GUN-PISTOLA-3-CANONES-AUGSBURG-177547-1119.jpg","contentUrl":"https:\/\/kolser.com\/wp-content\/uploads\/2021\/12\/KOLSER-REPLICA-PISTOLA-PIRATA-GUN-PISTOLA-3-CANONES-AUGSBURG-177547-1119.jpg","width":600,"height":600,"caption":"PISTOLA 3 CA\u00d1ONES AUGSBURG 1775"},{"@type":"BreadcrumbList","@id":"https:\/\/kolser.com\/producto\/pistola-3-canones-augsburg-1775\/#breadcrumb","itemListElement":[{"@type":"ListItem","position":1,"name":"Home","item":"https:\/\/kolser.com\/"},{"@type":"ListItem","position":2,"name":"Cat\u00e1logo","item":"https:\/\/kolser.com\/catalogo\/"},{"@type":"ListItem","position":3,"name":"Pistolas","item":"https:\/\/kolser.com\/categoria-producto\/pistolas\/"},{"@type":"ListItem","position":4,"name":"Pistolas","item":"https:\/\/kolser.com\/categoria-producto\/pistolas\/pistolas-pistolas-antiguas\/"},{"@type":"ListItem","position":5,"name":"PISTOLA 3 CA\u00d1ONES AUGSBURG 1775"}]},{"@type":"WebSite","@id":"https:\/\/kolser.com\/#website","url":"https:\/\/kolser.com\/","name":"Kolser","description":"","publisher":{"@id":"https:\/\/kolser.com\/#organization"},"potentialAction":[{"@type":"SearchAction","target":{"@type":"EntryPoint","urlTemplate":"https:\/\/kolser.com\/?s={search_term_string}"},"query-input":{"@type":"PropertyValueSpecification","valueRequired":true,"valueName":"search_term_string"}}],"inLanguage":"en-GB"},{"@type":"Organization","@id":"https:\/\/kolser.com\/#organization","name":"Kolser","url":"https:\/\/kolser.com\/","logo":{"@type":"ImageObject","inLanguage":"en-GB","@id":"https:\/\/kolser.com\/#\/schema\/logo\/image\/","url":"https:\/\/kolser.com\/wp-content\/uploads\/2021\/11\/Logo-Cabecera.png","contentUrl":"https:\/\/kolser.com\/wp-content\/uploads\/2021\/11\/Logo-Cabecera.png","width":979,"height":1358,"caption":"Kolser"},"image":{"@id":"https:\/\/kolser.com\/#\/schema\/logo\/image\/"}}]}},"_links":{"self":[{"href":"https:\/\/kolser.com\/en\/wp-json\/wp\/v2\/product\/13635","targetHints":{"allow":["GET"]}}],"collection":[{"href":"https:\/\/kolser.com\/en\/wp-json\/wp\/v2\/product"}],"about":[{"href":"https:\/\/kolser.com\/en\/wp-json\/wp\/v2\/types\/product"}],"replies":[{"embeddable":true,"href":"https:\/\/kolser.com\/en\/wp-json\/wp\/v2\/comments?post=13635"}],"wp:featuredmedia":[{"embeddable":true,"href":"https:\/\/kolser.com\/en\/wp-json\/wp\/v2\/media\/11135"}],"wp:attachment":[{"href":"https:\/\/kolser.com\/en\/wp-json\/wp\/v2\/media?parent=13635"}],"wp:term":[{"taxonomy":"product_brand","embeddable":true,"href":"https:\/\/kolser.com\/en\/wp-json\/wp\/v2\/product_brand?post=13635"},{"taxonomy":"product_cat","embeddable":true,"href":"https:\/\/kolser.com\/en\/wp-json\/wp\/v2\/product_cat?post=13635"},{"taxonomy":"product_tag","embeddable":true,"href":"https:\/\/kolser.com\/en\/wp-json\/wp\/v2\/product_tag?post=13635"},{"taxonomy":"coleccion","embeddable":true,"href":"https:\/\/kolser.com\/en\/wp-json\/wp\/v2\/coleccion?post=13635"},{"taxonomy":"proposito","embeddable":true,"href":"https:\/\/kolser.com\/en\/wp-json\/wp\/v2\/proposito?post=13635"}],"curies":[{"name":"wp","href":"https:\/\/api.w.org\/{rel}","templated":true}]}}