{"id":13605,"date":"2021-12-11T09:13:00","date_gmt":"2021-12-11T09:13:00","guid":{"rendered":"https:\/\/kolser.com\/?post_type=product&#038;p=13605"},"modified":"2024-03-10T14:38:06","modified_gmt":"2024-03-10T14:38:06","slug":"set-pistolas-joseph-kirner-1807","status":"publish","type":"product","link":"https:\/\/kolser.com\/en\/producto\/set-pistolas-joseph-kirner-1807\/","title":{"rendered":"JOSEPH KIRNER 1807 DUELING PISTOLS SET"},"content":{"rendered":"<p>Replica of Joseph Kirner 1807 pistol, it was very popular from the reign of Louis XV, when his poor rule laid the foundations for the French Revolution.<\/p>\n<p>Kolser preserves the style and shape of this beautiful flintlock weapon. It measures 32 centimetres and is made of resin and silver-plated metal.<\/p>\n<p class=\"translation-block\">This type of weapon was mostly used in duels such as first shot, first blood or the famous duel to the death.<\/p>\n<p class=\"translation-block\">These weapons were meant to act as an extension of the duellist\u2019s arm, and it was common for French and Belgian pistols to have rifled barrels to give the shot greater accuracy.<\/p>\n<p>It is a splendid piece that, when held, makes you feel like one of those noblemen who defended their honour through duelling.<\/p>\n<p>32 cm<\/p>","protected":false},"excerpt":{"rendered":"<p>Replica de pistola Joseph Kirner 1807, fue muy popular desde el reinado de Luis XV cuando con su mal mandato, se sentaban las bases para la revoluci\u00f3n francesa. Kolser mantiene el estilo y forma de esta bella arma de chispa, su medida es de 32 cent\u00edmetros y est\u00e1 elaborada con resina y metal plateado. Este [&hellip;]<\/p>\n","protected":false},"featured_media":1447,"comment_status":"closed","ping_status":"closed","template":"","meta":[],"product_brand":[],"product_cat":[30,39],"product_tag":[],"coleccion":[],"proposito":[],"class_list":{"0":"post-13605","1":"product","2":"type-product","3":"status-publish","4":"has-post-thumbnail","6":"product_cat-pistolas","7":"product_cat-pistolas-de-duelo","9":"first","10":"instock","11":"shipping-taxable","12":"purchasable","13":"product-type-variable"},"yoast_head":"<!-- This site is optimized with the Yoast SEO plugin v27.5 - https:\/\/yoast.com\/product\/yoast-seo-wordpress\/ -->\n<title>\u25b7SET PISTOLAS JOSEPH KIRNER 1807 - Kolser<\/title>\n<meta name=\"description\" content=\"\u2705 R\u00e9plica\u3010 SET PISTOLAS JOSEPH KIRNER 1807 \u3011Fue muy popular desde el reinado de Luis XV cuando con su mal mandato. Disponible en 3 acabados.\" \/>\n<meta name=\"robots\" content=\"index, follow, max-snippet:-1, max-image-preview:large, max-video-preview:-1\" \/>\n<link rel=\"canonical\" href=\"https:\/\/kolser.com\/en\/product\/set-pistolas-joseph-kirner-1807\/\" \/>\n<meta property=\"og:locale\" content=\"en_GB\" \/>\n<meta property=\"og:type\" content=\"article\" \/>\n<meta property=\"og:title\" content=\"\u25b7SET PISTOLAS JOSEPH KIRNER 1807 - Kolser\" \/>\n<meta property=\"og:description\" content=\"\u2705 R\u00e9plica\u3010 SET PISTOLAS JOSEPH KIRNER 1807 \u3011Fue muy popular desde el reinado de Luis XV cuando con su mal mandato. Disponible en 3 acabados.\" \/>\n<meta property=\"og:url\" content=\"https:\/\/kolser.com\/en\/product\/set-pistolas-joseph-kirner-1807\/\" \/>\n<meta property=\"og:site_name\" content=\"Kolser\" \/>\n<meta property=\"article:modified_time\" content=\"2024-03-10T14:38:06+00:00\" \/>\n<meta property=\"og:image\" content=\"https:\/\/kolser.com\/wp-content\/uploads\/2021\/11\/KOLSER-REPLICA-PISTOLA-PIRATA-GUN-PISTOLA-FRANCESA-DE-PERCUSION-SXVIII47-1103-L.jpg\" \/>\n\t<meta property=\"og:image:width\" content=\"600\" \/>\n\t<meta property=\"og:image:height\" content=\"600\" \/>\n\t<meta property=\"og:image:type\" content=\"image\/jpeg\" \/>\n<meta name=\"twitter:card\" content=\"summary_large_image\" \/>\n<meta name=\"twitter:label1\" content=\"Estimated reading time\" \/>\n\t<meta name=\"twitter:data1\" content=\"1 minute\" \/>\n<script type=\"application\/ld+json\" class=\"yoast-schema-graph\">{\"@context\":\"https:\\\/\\\/schema.org\",\"@graph\":[{\"@type\":\"WebPage\",\"@id\":\"https:\\\/\\\/kolser.com\\\/en\\\/product\\\/set-pistolas-joseph-kirner-1807\\\/\",\"url\":\"https:\\\/\\\/kolser.com\\\/en\\\/product\\\/set-pistolas-joseph-kirner-1807\\\/\",\"name\":\"\u25b7SET PISTOLAS JOSEPH KIRNER 1807 - Kolser\",\"isPartOf\":{\"@id\":\"https:\\\/\\\/kolser.com\\\/#website\"},\"primaryImageOfPage\":{\"@id\":\"https:\\\/\\\/kolser.com\\\/en\\\/product\\\/set-pistolas-joseph-kirner-1807\\\/#primaryimage\"},\"image\":{\"@id\":\"https:\\\/\\\/kolser.com\\\/en\\\/product\\\/set-pistolas-joseph-kirner-1807\\\/#primaryimage\"},\"thumbnailUrl\":\"https:\\\/\\\/kolser.com\\\/wp-content\\\/uploads\\\/2021\\\/11\\\/KOLSER-REPLICA-PISTOLA-PIRATA-GUN-PISTOLA-FRANCESA-DE-PERCUSION-SXVIII47-1103-L.jpg\",\"datePublished\":\"2021-12-11T09:13:00+00:00\",\"dateModified\":\"2024-03-10T14:38:06+00:00\",\"description\":\"\u2705 R\u00e9plica\u3010 SET PISTOLAS JOSEPH KIRNER 1807 \u3011Fue muy popular desde el reinado de Luis XV cuando con su mal mandato. Disponible en 3 acabados.\",\"breadcrumb\":{\"@id\":\"https:\\\/\\\/kolser.com\\\/en\\\/product\\\/set-pistolas-joseph-kirner-1807\\\/#breadcrumb\"},\"inLanguage\":\"en-GB\",\"potentialAction\":[{\"@type\":\"ReadAction\",\"target\":[\"https:\\\/\\\/kolser.com\\\/en\\\/product\\\/set-pistolas-joseph-kirner-1807\\\/\"]}]},{\"@type\":\"ImageObject\",\"inLanguage\":\"en-GB\",\"@id\":\"https:\\\/\\\/kolser.com\\\/en\\\/product\\\/set-pistolas-joseph-kirner-1807\\\/#primaryimage\",\"url\":\"https:\\\/\\\/kolser.com\\\/wp-content\\\/uploads\\\/2021\\\/11\\\/KOLSER-REPLICA-PISTOLA-PIRATA-GUN-PISTOLA-FRANCESA-DE-PERCUSION-SXVIII47-1103-L.jpg\",\"contentUrl\":\"https:\\\/\\\/kolser.com\\\/wp-content\\\/uploads\\\/2021\\\/11\\\/KOLSER-REPLICA-PISTOLA-PIRATA-GUN-PISTOLA-FRANCESA-DE-PERCUSION-SXVIII47-1103-L.jpg\",\"width\":600,\"height\":600,\"caption\":\"KOLSER SET PISTOLAS JOSEPH KIRNER 1807\"},{\"@type\":\"BreadcrumbList\",\"@id\":\"https:\\\/\\\/kolser.com\\\/en\\\/product\\\/set-pistolas-joseph-kirner-1807\\\/#breadcrumb\",\"itemListElement\":[{\"@type\":\"ListItem\",\"position\":1,\"name\":\"Home\",\"item\":\"https:\\\/\\\/kolser.com\\\/\"},{\"@type\":\"ListItem\",\"position\":2,\"name\":\"Cat\u00e1logo\",\"item\":\"https:\\\/\\\/kolser.com\\\/catalogo\\\/\"},{\"@type\":\"ListItem\",\"position\":3,\"name\":\"Pistolas\",\"item\":\"https:\\\/\\\/kolser.com\\\/categoria-producto\\\/pistolas\\\/\"},{\"@type\":\"ListItem\",\"position\":4,\"name\":\"Pistolas de duelo\",\"item\":\"https:\\\/\\\/kolser.com\\\/categoria-producto\\\/pistolas\\\/pistolas-de-duelo\\\/\"},{\"@type\":\"ListItem\",\"position\":5,\"name\":\"SET PISTOLAS JOSEPH KIRNER 1807\"}]},{\"@type\":\"WebSite\",\"@id\":\"https:\\\/\\\/kolser.com\\\/#website\",\"url\":\"https:\\\/\\\/kolser.com\\\/\",\"name\":\"Kolser\",\"description\":\"\",\"publisher\":{\"@id\":\"https:\\\/\\\/kolser.com\\\/#organization\"},\"potentialAction\":[{\"@type\":\"SearchAction\",\"target\":{\"@type\":\"EntryPoint\",\"urlTemplate\":\"https:\\\/\\\/kolser.com\\\/?s={search_term_string}\"},\"query-input\":{\"@type\":\"PropertyValueSpecification\",\"valueRequired\":true,\"valueName\":\"search_term_string\"}}],\"inLanguage\":\"en-GB\"},{\"@type\":\"Organization\",\"@id\":\"https:\\\/\\\/kolser.com\\\/#organization\",\"name\":\"Kolser\",\"url\":\"https:\\\/\\\/kolser.com\\\/\",\"logo\":{\"@type\":\"ImageObject\",\"inLanguage\":\"en-GB\",\"@id\":\"https:\\\/\\\/kolser.com\\\/#\\\/schema\\\/logo\\\/image\\\/\",\"url\":\"https:\\\/\\\/kolser.com\\\/wp-content\\\/uploads\\\/2021\\\/11\\\/Logo-Cabecera.png\",\"contentUrl\":\"https:\\\/\\\/kolser.com\\\/wp-content\\\/uploads\\\/2021\\\/11\\\/Logo-Cabecera.png\",\"width\":979,\"height\":1358,\"caption\":\"Kolser\"},\"image\":{\"@id\":\"https:\\\/\\\/kolser.com\\\/#\\\/schema\\\/logo\\\/image\\\/\"}}]}<\/script>\n<!-- \/ Yoast SEO plugin. -->","yoast_head_json":{"title":"\u25b7SET PISTOLAS JOSEPH KIRNER 1807 - Kolser","description":"\u2705 R\u00e9plica\u3010 SET PISTOLAS JOSEPH KIRNER 1807 \u3011Fue muy popular desde el reinado de Luis XV cuando con su mal mandato. Disponible en 3 acabados.","robots":{"index":"index","follow":"follow","max-snippet":"max-snippet:-1","max-image-preview":"max-image-preview:large","max-video-preview":"max-video-preview:-1"},"canonical":"https:\/\/kolser.com\/en\/product\/set-pistolas-joseph-kirner-1807\/","og_locale":"en_GB","og_type":"article","og_title":"\u25b7SET PISTOLAS JOSEPH KIRNER 1807 - Kolser","og_description":"\u2705 R\u00e9plica\u3010 SET PISTOLAS JOSEPH KIRNER 1807 \u3011Fue muy popular desde el reinado de Luis XV cuando con su mal mandato. Disponible en 3 acabados.","og_url":"https:\/\/kolser.com\/en\/product\/set-pistolas-joseph-kirner-1807\/","og_site_name":"Kolser","article_modified_time":"2024-03-10T14:38:06+00:00","og_image":[{"width":600,"height":600,"url":"https:\/\/kolser.com\/wp-content\/uploads\/2021\/11\/KOLSER-REPLICA-PISTOLA-PIRATA-GUN-PISTOLA-FRANCESA-DE-PERCUSION-SXVIII47-1103-L.jpg","type":"image\/jpeg"}],"twitter_card":"summary_large_image","twitter_misc":{"Estimated reading time":"1 minute"},"schema":{"@context":"https:\/\/schema.org","@graph":[{"@type":"WebPage","@id":"https:\/\/kolser.com\/en\/product\/set-pistolas-joseph-kirner-1807\/","url":"https:\/\/kolser.com\/en\/product\/set-pistolas-joseph-kirner-1807\/","name":"\u25b7SET PISTOLAS JOSEPH KIRNER 1807 - Kolser","isPartOf":{"@id":"https:\/\/kolser.com\/#website"},"primaryImageOfPage":{"@id":"https:\/\/kolser.com\/en\/product\/set-pistolas-joseph-kirner-1807\/#primaryimage"},"image":{"@id":"https:\/\/kolser.com\/en\/product\/set-pistolas-joseph-kirner-1807\/#primaryimage"},"thumbnailUrl":"https:\/\/kolser.com\/wp-content\/uploads\/2021\/11\/KOLSER-REPLICA-PISTOLA-PIRATA-GUN-PISTOLA-FRANCESA-DE-PERCUSION-SXVIII47-1103-L.jpg","datePublished":"2021-12-11T09:13:00+00:00","dateModified":"2024-03-10T14:38:06+00:00","description":"\u2705 R\u00e9plica\u3010 SET PISTOLAS JOSEPH KIRNER 1807 \u3011Fue muy popular desde el reinado de Luis XV cuando con su mal mandato. Disponible en 3 acabados.","breadcrumb":{"@id":"https:\/\/kolser.com\/en\/product\/set-pistolas-joseph-kirner-1807\/#breadcrumb"},"inLanguage":"en-GB","potentialAction":[{"@type":"ReadAction","target":["https:\/\/kolser.com\/en\/product\/set-pistolas-joseph-kirner-1807\/"]}]},{"@type":"ImageObject","inLanguage":"en-GB","@id":"https:\/\/kolser.com\/en\/product\/set-pistolas-joseph-kirner-1807\/#primaryimage","url":"https:\/\/kolser.com\/wp-content\/uploads\/2021\/11\/KOLSER-REPLICA-PISTOLA-PIRATA-GUN-PISTOLA-FRANCESA-DE-PERCUSION-SXVIII47-1103-L.jpg","contentUrl":"https:\/\/kolser.com\/wp-content\/uploads\/2021\/11\/KOLSER-REPLICA-PISTOLA-PIRATA-GUN-PISTOLA-FRANCESA-DE-PERCUSION-SXVIII47-1103-L.jpg","width":600,"height":600,"caption":"KOLSER SET PISTOLAS JOSEPH KIRNER 1807"},{"@type":"BreadcrumbList","@id":"https:\/\/kolser.com\/en\/product\/set-pistolas-joseph-kirner-1807\/#breadcrumb","itemListElement":[{"@type":"ListItem","position":1,"name":"Home","item":"https:\/\/kolser.com\/"},{"@type":"ListItem","position":2,"name":"Cat\u00e1logo","item":"https:\/\/kolser.com\/catalogo\/"},{"@type":"ListItem","position":3,"name":"Pistolas","item":"https:\/\/kolser.com\/categoria-producto\/pistolas\/"},{"@type":"ListItem","position":4,"name":"Pistolas de duelo","item":"https:\/\/kolser.com\/categoria-producto\/pistolas\/pistolas-de-duelo\/"},{"@type":"ListItem","position":5,"name":"SET PISTOLAS JOSEPH KIRNER 1807"}]},{"@type":"WebSite","@id":"https:\/\/kolser.com\/#website","url":"https:\/\/kolser.com\/","name":"Kolser","description":"","publisher":{"@id":"https:\/\/kolser.com\/#organization"},"potentialAction":[{"@type":"SearchAction","target":{"@type":"EntryPoint","urlTemplate":"https:\/\/kolser.com\/?s={search_term_string}"},"query-input":{"@type":"PropertyValueSpecification","valueRequired":true,"valueName":"search_term_string"}}],"inLanguage":"en-GB"},{"@type":"Organization","@id":"https:\/\/kolser.com\/#organization","name":"Kolser","url":"https:\/\/kolser.com\/","logo":{"@type":"ImageObject","inLanguage":"en-GB","@id":"https:\/\/kolser.com\/#\/schema\/logo\/image\/","url":"https:\/\/kolser.com\/wp-content\/uploads\/2021\/11\/Logo-Cabecera.png","contentUrl":"https:\/\/kolser.com\/wp-content\/uploads\/2021\/11\/Logo-Cabecera.png","width":979,"height":1358,"caption":"Kolser"},"image":{"@id":"https:\/\/kolser.com\/#\/schema\/logo\/image\/"}}]}},"_links":{"self":[{"href":"https:\/\/kolser.com\/en\/wp-json\/wp\/v2\/product\/13605","targetHints":{"allow":["GET"]}}],"collection":[{"href":"https:\/\/kolser.com\/en\/wp-json\/wp\/v2\/product"}],"about":[{"href":"https:\/\/kolser.com\/en\/wp-json\/wp\/v2\/types\/product"}],"replies":[{"embeddable":true,"href":"https:\/\/kolser.com\/en\/wp-json\/wp\/v2\/comments?post=13605"}],"wp:featuredmedia":[{"embeddable":true,"href":"https:\/\/kolser.com\/en\/wp-json\/wp\/v2\/media\/1447"}],"wp:attachment":[{"href":"https:\/\/kolser.com\/en\/wp-json\/wp\/v2\/media?parent=13605"}],"wp:term":[{"taxonomy":"product_brand","embeddable":true,"href":"https:\/\/kolser.com\/en\/wp-json\/wp\/v2\/product_brand?post=13605"},{"taxonomy":"product_cat","embeddable":true,"href":"https:\/\/kolser.com\/en\/wp-json\/wp\/v2\/product_cat?post=13605"},{"taxonomy":"product_tag","embeddable":true,"href":"https:\/\/kolser.com\/en\/wp-json\/wp\/v2\/product_tag?post=13605"},{"taxonomy":"coleccion","embeddable":true,"href":"https:\/\/kolser.com\/en\/wp-json\/wp\/v2\/coleccion?post=13605"},{"taxonomy":"proposito","embeddable":true,"href":"https:\/\/kolser.com\/en\/wp-json\/wp\/v2\/proposito?post=13605"}],"curies":[{"name":"wp","href":"https:\/\/api.w.org\/{rel}","templated":true}]}}