{"id":13573,"date":"2021-12-11T09:12:58","date_gmt":"2021-12-11T09:12:58","guid":{"rendered":"https:\/\/kolser.com\/?post_type=product&#038;p=13573"},"modified":"2024-03-10T15:15:03","modified_gmt":"2024-03-10T15:15:03","slug":"panoplia-con-escudo-de-armas-y-espadas-46-592","status":"publish","type":"product","link":"https:\/\/kolser.com\/en\/producto\/panoplia-con-escudo-de-armas-y-espadas-46-592\/","title":{"rendered":"PANOPLY WITH COAT OF ARMS AND SWORDS"},"content":{"rendered":"<p>28X21 \/ 25X20 cm<\/p>","protected":false},"excerpt":{"rendered":"<p>Spruce up your space or any part of your home with this splendid panoply with a coat of arms and swords designed by Kolser. This piece is perfect to add a touch of exceptional beauty. It has as a 28X21 \/ 25X20 diameter and is made out of metal and wood. It has a shield composed of a lion, a fleur-de-lis and a griffin perched on a tower. The shield has a lion with its claws raised and crowned, reflecting the strength and meticulousness of royalty. The shield is crossed by two swords with exceptional engraving technique, a perfect complement to make this panoply stand out.<\/p>","protected":false},"featured_media":14414,"comment_status":"closed","ping_status":"closed","template":"","meta":[],"product_brand":[],"product_cat":[28,29],"product_tag":[],"coleccion":[],"proposito":[],"class_list":{"0":"post-13573","1":"product","2":"type-product","3":"status-publish","4":"has-post-thumbnail","6":"product_cat-escudos","7":"product_cat-panoplias","9":"first","10":"instock","11":"shipping-taxable","12":"purchasable","13":"product-type-variable"},"yoast_head":"<!-- This site is optimized with the Yoast SEO plugin v27.4 - https:\/\/yoast.com\/product\/yoast-seo-wordpress\/ -->\n<title>\u25b7PANOPLIA CON ESCUDO DE ARMAS Y ESPADAS 46-592 - Kolser<\/title>\n<meta name=\"description\" content=\"\u2705 \u3010 PANOPLIA CON ESCUDO DE ARMAS Y ESPADAS \u3011Bonita panoplia decorada con escudo de armas y dos espadines. Disponible en 2 acabados.\" \/>\n<meta name=\"robots\" content=\"index, follow, max-snippet:-1, max-image-preview:large, max-video-preview:-1\" \/>\n<link rel=\"canonical\" href=\"https:\/\/kolser.com\/en\/product\/panoplia-con-escudo-de-armas-y-espadas-46-592\/\" \/>\n<meta property=\"og:locale\" content=\"en_GB\" \/>\n<meta property=\"og:type\" content=\"article\" \/>\n<meta property=\"og:title\" content=\"\u25b7PANOPLIA CON ESCUDO DE ARMAS Y ESPADAS 46-592 - Kolser\" \/>\n<meta property=\"og:description\" content=\"\u2705 \u3010 PANOPLIA CON ESCUDO DE ARMAS Y ESPADAS \u3011Bonita panoplia decorada con escudo de armas y dos espadines. Disponible en 2 acabados.\" \/>\n<meta property=\"og:url\" content=\"https:\/\/kolser.com\/en\/product\/panoplia-con-escudo-de-armas-y-espadas-46-592\/\" \/>\n<meta property=\"og:site_name\" content=\"Kolser\" \/>\n<meta property=\"article:modified_time\" content=\"2024-03-10T15:15:03+00:00\" \/>\n<meta property=\"og:image\" content=\"https:\/\/kolser.com\/wp-content\/uploads\/2021\/12\/KOLSER-REPLICA-ARMAS-MEDIEVAL-WEAPON-PANOPLIA-CON-ESCUDO-DE-ARMAS-Y-ESPADAS46-592-B.jpg\" \/>\n\t<meta property=\"og:image:width\" content=\"600\" \/>\n\t<meta property=\"og:image:height\" content=\"600\" \/>\n\t<meta property=\"og:image:type\" content=\"image\/jpeg\" \/>\n<meta name=\"twitter:card\" content=\"summary_large_image\" \/>\n<meta name=\"twitter:label1\" content=\"Estimated reading time\" \/>\n\t<meta name=\"twitter:data1\" content=\"1 minute\" \/>\n<script type=\"application\/ld+json\" class=\"yoast-schema-graph\">{\"@context\":\"https:\\\/\\\/schema.org\",\"@graph\":[{\"@type\":\"WebPage\",\"@id\":\"https:\\\/\\\/kolser.com\\\/producto\\\/panoplia-con-escudo-de-armas-y-espadas-46-592\\\/\",\"url\":\"https:\\\/\\\/kolser.com\\\/producto\\\/panoplia-con-escudo-de-armas-y-espadas-46-592\\\/\",\"name\":\"\u25b7PANOPLIA CON ESCUDO DE ARMAS Y ESPADAS 46-592 - Kolser\",\"isPartOf\":{\"@id\":\"https:\\\/\\\/kolser.com\\\/#website\"},\"primaryImageOfPage\":{\"@id\":\"https:\\\/\\\/kolser.com\\\/producto\\\/panoplia-con-escudo-de-armas-y-espadas-46-592\\\/#primaryimage\"},\"image\":{\"@id\":\"https:\\\/\\\/kolser.com\\\/producto\\\/panoplia-con-escudo-de-armas-y-espadas-46-592\\\/#primaryimage\"},\"thumbnailUrl\":\"https:\\\/\\\/kolser.com\\\/wp-content\\\/uploads\\\/2021\\\/12\\\/KOLSER-REPLICA-ARMAS-MEDIEVAL-WEAPON-PANOPLIA-CON-ESCUDO-DE-ARMAS-Y-ESPADAS46-592-B.jpg\",\"datePublished\":\"2021-12-11T09:12:58+00:00\",\"dateModified\":\"2024-03-10T15:15:03+00:00\",\"description\":\"\u2705 \u3010 PANOPLIA CON ESCUDO DE ARMAS Y ESPADAS \u3011Bonita panoplia decorada con escudo de armas y dos espadines. Disponible en 2 acabados.\",\"breadcrumb\":{\"@id\":\"https:\\\/\\\/kolser.com\\\/producto\\\/panoplia-con-escudo-de-armas-y-espadas-46-592\\\/#breadcrumb\"},\"inLanguage\":\"en-GB\",\"potentialAction\":[{\"@type\":\"ReadAction\",\"target\":[\"https:\\\/\\\/kolser.com\\\/producto\\\/panoplia-con-escudo-de-armas-y-espadas-46-592\\\/\"]}]},{\"@type\":\"ImageObject\",\"inLanguage\":\"en-GB\",\"@id\":\"https:\\\/\\\/kolser.com\\\/producto\\\/panoplia-con-escudo-de-armas-y-espadas-46-592\\\/#primaryimage\",\"url\":\"https:\\\/\\\/kolser.com\\\/wp-content\\\/uploads\\\/2021\\\/12\\\/KOLSER-REPLICA-ARMAS-MEDIEVAL-WEAPON-PANOPLIA-CON-ESCUDO-DE-ARMAS-Y-ESPADAS46-592-B.jpg\",\"contentUrl\":\"https:\\\/\\\/kolser.com\\\/wp-content\\\/uploads\\\/2021\\\/12\\\/KOLSER-REPLICA-ARMAS-MEDIEVAL-WEAPON-PANOPLIA-CON-ESCUDO-DE-ARMAS-Y-ESPADAS46-592-B.jpg\",\"width\":600,\"height\":600,\"caption\":\"R\u00e9plica panoplia con escudo de armas decorado el escudo con un le\u00f3n con corona rodeado por una flor de lis, sobre un escudo, con dos espadines cruzados detr\u00e1s, Acabado en metal dorado envejecido.\"},{\"@type\":\"BreadcrumbList\",\"@id\":\"https:\\\/\\\/kolser.com\\\/producto\\\/panoplia-con-escudo-de-armas-y-espadas-46-592\\\/#breadcrumb\",\"itemListElement\":[{\"@type\":\"ListItem\",\"position\":1,\"name\":\"Home\",\"item\":\"https:\\\/\\\/kolser.com\\\/\"},{\"@type\":\"ListItem\",\"position\":2,\"name\":\"Cat\u00e1logo\",\"item\":\"https:\\\/\\\/kolser.com\\\/catalogo\\\/\"},{\"@type\":\"ListItem\",\"position\":3,\"name\":\"Escudos\",\"item\":\"https:\\\/\\\/kolser.com\\\/categoria-producto\\\/escudos\\\/\"},{\"@type\":\"ListItem\",\"position\":4,\"name\":\"Panoplias\",\"item\":\"https:\\\/\\\/kolser.com\\\/categoria-producto\\\/escudos\\\/panoplias\\\/\"},{\"@type\":\"ListItem\",\"position\":5,\"name\":\"PANOPLIA CON ESCUDO DE ARMAS Y ESPADAS 46-592\"}]},{\"@type\":\"WebSite\",\"@id\":\"https:\\\/\\\/kolser.com\\\/#website\",\"url\":\"https:\\\/\\\/kolser.com\\\/\",\"name\":\"Kolser\",\"description\":\"\",\"publisher\":{\"@id\":\"https:\\\/\\\/kolser.com\\\/#organization\"},\"potentialAction\":[{\"@type\":\"SearchAction\",\"target\":{\"@type\":\"EntryPoint\",\"urlTemplate\":\"https:\\\/\\\/kolser.com\\\/?s={search_term_string}\"},\"query-input\":{\"@type\":\"PropertyValueSpecification\",\"valueRequired\":true,\"valueName\":\"search_term_string\"}}],\"inLanguage\":\"en-GB\"},{\"@type\":\"Organization\",\"@id\":\"https:\\\/\\\/kolser.com\\\/#organization\",\"name\":\"Kolser\",\"url\":\"https:\\\/\\\/kolser.com\\\/\",\"logo\":{\"@type\":\"ImageObject\",\"inLanguage\":\"en-GB\",\"@id\":\"https:\\\/\\\/kolser.com\\\/#\\\/schema\\\/logo\\\/image\\\/\",\"url\":\"https:\\\/\\\/kolser.com\\\/wp-content\\\/uploads\\\/2021\\\/11\\\/Logo-Cabecera.png\",\"contentUrl\":\"https:\\\/\\\/kolser.com\\\/wp-content\\\/uploads\\\/2021\\\/11\\\/Logo-Cabecera.png\",\"width\":979,\"height\":1358,\"caption\":\"Kolser\"},\"image\":{\"@id\":\"https:\\\/\\\/kolser.com\\\/#\\\/schema\\\/logo\\\/image\\\/\"}}]}<\/script>\n<!-- \/ Yoast SEO plugin. -->","yoast_head_json":{"title":"\u25b7PANOPLIA CON ESCUDO DE ARMAS Y ESPADAS 46-592 - Kolser","description":"\u2705 \u3010 PANOPLIA CON ESCUDO DE ARMAS Y ESPADAS \u3011Bonita panoplia decorada con escudo de armas y dos espadines. Disponible en 2 acabados.","robots":{"index":"index","follow":"follow","max-snippet":"max-snippet:-1","max-image-preview":"max-image-preview:large","max-video-preview":"max-video-preview:-1"},"canonical":"https:\/\/kolser.com\/en\/product\/panoplia-con-escudo-de-armas-y-espadas-46-592\/","og_locale":"en_GB","og_type":"article","og_title":"\u25b7PANOPLIA CON ESCUDO DE ARMAS Y ESPADAS 46-592 - Kolser","og_description":"\u2705 \u3010 PANOPLIA CON ESCUDO DE ARMAS Y ESPADAS \u3011Bonita panoplia decorada con escudo de armas y dos espadines. Disponible en 2 acabados.","og_url":"https:\/\/kolser.com\/en\/product\/panoplia-con-escudo-de-armas-y-espadas-46-592\/","og_site_name":"Kolser","article_modified_time":"2024-03-10T15:15:03+00:00","og_image":[{"width":600,"height":600,"url":"https:\/\/kolser.com\/wp-content\/uploads\/2021\/12\/KOLSER-REPLICA-ARMAS-MEDIEVAL-WEAPON-PANOPLIA-CON-ESCUDO-DE-ARMAS-Y-ESPADAS46-592-B.jpg","type":"image\/jpeg"}],"twitter_card":"summary_large_image","twitter_misc":{"Estimated reading time":"1 minute"},"schema":{"@context":"https:\/\/schema.org","@graph":[{"@type":"WebPage","@id":"https:\/\/kolser.com\/producto\/panoplia-con-escudo-de-armas-y-espadas-46-592\/","url":"https:\/\/kolser.com\/producto\/panoplia-con-escudo-de-armas-y-espadas-46-592\/","name":"\u25b7PANOPLIA CON ESCUDO DE ARMAS Y ESPADAS 46-592 - Kolser","isPartOf":{"@id":"https:\/\/kolser.com\/#website"},"primaryImageOfPage":{"@id":"https:\/\/kolser.com\/producto\/panoplia-con-escudo-de-armas-y-espadas-46-592\/#primaryimage"},"image":{"@id":"https:\/\/kolser.com\/producto\/panoplia-con-escudo-de-armas-y-espadas-46-592\/#primaryimage"},"thumbnailUrl":"https:\/\/kolser.com\/wp-content\/uploads\/2021\/12\/KOLSER-REPLICA-ARMAS-MEDIEVAL-WEAPON-PANOPLIA-CON-ESCUDO-DE-ARMAS-Y-ESPADAS46-592-B.jpg","datePublished":"2021-12-11T09:12:58+00:00","dateModified":"2024-03-10T15:15:03+00:00","description":"\u2705 \u3010 PANOPLIA CON ESCUDO DE ARMAS Y ESPADAS \u3011Bonita panoplia decorada con escudo de armas y dos espadines. Disponible en 2 acabados.","breadcrumb":{"@id":"https:\/\/kolser.com\/producto\/panoplia-con-escudo-de-armas-y-espadas-46-592\/#breadcrumb"},"inLanguage":"en-GB","potentialAction":[{"@type":"ReadAction","target":["https:\/\/kolser.com\/producto\/panoplia-con-escudo-de-armas-y-espadas-46-592\/"]}]},{"@type":"ImageObject","inLanguage":"en-GB","@id":"https:\/\/kolser.com\/producto\/panoplia-con-escudo-de-armas-y-espadas-46-592\/#primaryimage","url":"https:\/\/kolser.com\/wp-content\/uploads\/2021\/12\/KOLSER-REPLICA-ARMAS-MEDIEVAL-WEAPON-PANOPLIA-CON-ESCUDO-DE-ARMAS-Y-ESPADAS46-592-B.jpg","contentUrl":"https:\/\/kolser.com\/wp-content\/uploads\/2021\/12\/KOLSER-REPLICA-ARMAS-MEDIEVAL-WEAPON-PANOPLIA-CON-ESCUDO-DE-ARMAS-Y-ESPADAS46-592-B.jpg","width":600,"height":600,"caption":"R\u00e9plica panoplia con escudo de armas decorado el escudo con un le\u00f3n con corona rodeado por una flor de lis, sobre un escudo, con dos espadines cruzados detr\u00e1s, Acabado en metal dorado envejecido."},{"@type":"BreadcrumbList","@id":"https:\/\/kolser.com\/producto\/panoplia-con-escudo-de-armas-y-espadas-46-592\/#breadcrumb","itemListElement":[{"@type":"ListItem","position":1,"name":"Home","item":"https:\/\/kolser.com\/"},{"@type":"ListItem","position":2,"name":"Cat\u00e1logo","item":"https:\/\/kolser.com\/catalogo\/"},{"@type":"ListItem","position":3,"name":"Escudos","item":"https:\/\/kolser.com\/categoria-producto\/escudos\/"},{"@type":"ListItem","position":4,"name":"Panoplias","item":"https:\/\/kolser.com\/categoria-producto\/escudos\/panoplias\/"},{"@type":"ListItem","position":5,"name":"PANOPLIA CON ESCUDO DE ARMAS Y ESPADAS 46-592"}]},{"@type":"WebSite","@id":"https:\/\/kolser.com\/#website","url":"https:\/\/kolser.com\/","name":"Kolser","description":"","publisher":{"@id":"https:\/\/kolser.com\/#organization"},"potentialAction":[{"@type":"SearchAction","target":{"@type":"EntryPoint","urlTemplate":"https:\/\/kolser.com\/?s={search_term_string}"},"query-input":{"@type":"PropertyValueSpecification","valueRequired":true,"valueName":"search_term_string"}}],"inLanguage":"en-GB"},{"@type":"Organization","@id":"https:\/\/kolser.com\/#organization","name":"Kolser","url":"https:\/\/kolser.com\/","logo":{"@type":"ImageObject","inLanguage":"en-GB","@id":"https:\/\/kolser.com\/#\/schema\/logo\/image\/","url":"https:\/\/kolser.com\/wp-content\/uploads\/2021\/11\/Logo-Cabecera.png","contentUrl":"https:\/\/kolser.com\/wp-content\/uploads\/2021\/11\/Logo-Cabecera.png","width":979,"height":1358,"caption":"Kolser"},"image":{"@id":"https:\/\/kolser.com\/#\/schema\/logo\/image\/"}}]}},"_links":{"self":[{"href":"https:\/\/kolser.com\/en\/wp-json\/wp\/v2\/product\/13573","targetHints":{"allow":["GET"]}}],"collection":[{"href":"https:\/\/kolser.com\/en\/wp-json\/wp\/v2\/product"}],"about":[{"href":"https:\/\/kolser.com\/en\/wp-json\/wp\/v2\/types\/product"}],"replies":[{"embeddable":true,"href":"https:\/\/kolser.com\/en\/wp-json\/wp\/v2\/comments?post=13573"}],"wp:featuredmedia":[{"embeddable":true,"href":"https:\/\/kolser.com\/en\/wp-json\/wp\/v2\/media\/14414"}],"wp:attachment":[{"href":"https:\/\/kolser.com\/en\/wp-json\/wp\/v2\/media?parent=13573"}],"wp:term":[{"taxonomy":"product_brand","embeddable":true,"href":"https:\/\/kolser.com\/en\/wp-json\/wp\/v2\/product_brand?post=13573"},{"taxonomy":"product_cat","embeddable":true,"href":"https:\/\/kolser.com\/en\/wp-json\/wp\/v2\/product_cat?post=13573"},{"taxonomy":"product_tag","embeddable":true,"href":"https:\/\/kolser.com\/en\/wp-json\/wp\/v2\/product_tag?post=13573"},{"taxonomy":"coleccion","embeddable":true,"href":"https:\/\/kolser.com\/en\/wp-json\/wp\/v2\/coleccion?post=13573"},{"taxonomy":"proposito","embeddable":true,"href":"https:\/\/kolser.com\/en\/wp-json\/wp\/v2\/proposito?post=13573"}],"curies":[{"name":"wp","href":"https:\/\/api.w.org\/{rel}","templated":true}]}}