{"id":13532,"date":"2021-12-11T09:12:55","date_gmt":"2021-12-11T09:12:55","guid":{"rendered":"https:\/\/kolser.com\/producto\/punal-sable\/"},"modified":"2025-07-25T09:20:17","modified_gmt":"2025-07-25T07:20:17","slug":"punal-sable","status":"publish","type":"product","link":"https:\/\/kolser.com\/en\/producto\/punal-sable\/","title":{"rendered":"SABRE DAGGER"},"content":{"rendered":"<p>24,5 cm<\/p>","protected":false},"excerpt":{"rendered":"<p>Kolser takes us back in time with this 24.5-centimetre sabre-style dagger replica, entirely made of metal. Inspired by the curved sabres used in medieval Europe, this piece stands out for its elegance and realism. It features an engraved blade with a central fuller, a crossguard with a curved hand protector, and a rounded pommel. Its design evokes the 12th century and horseback combat. A perfect piece for collectors and history enthusiasts.<\/p>","protected":false},"featured_media":14511,"comment_status":"closed","ping_status":"closed","template":"","meta":[],"product_brand":[],"product_cat":[33],"product_tag":[],"coleccion":[],"proposito":[],"class_list":{"0":"post-13532","1":"product","2":"type-product","3":"status-publish","4":"has-post-thumbnail","6":"product_cat-dagas-y-punales","8":"first","9":"instock","10":"shipping-taxable","11":"purchasable","12":"product-type-simple"},"yoast_head":"<!-- This site is optimized with the Yoast SEO plugin v27.4 - https:\/\/yoast.com\/product\/yoast-seo-wordpress\/ -->\n<title>\u25b7PU\u00d1AL SABLE - Kolser<\/title>\n<meta name=\"description\" content=\"\u2705 R\u00e9plica\u3010 PU\u00d1AL SAB LE \u3011nos trasporta en el tiempo con esta Jambiya en forma de sable de 24.5 cent\u00edmetros, completamente elaborado en metal.\" \/>\n<meta name=\"robots\" content=\"index, follow, max-snippet:-1, max-image-preview:large, max-video-preview:-1\" \/>\n<link rel=\"canonical\" href=\"https:\/\/kolser.com\/en\/product\/punal-sable\/\" \/>\n<meta property=\"og:locale\" content=\"en_GB\" \/>\n<meta property=\"og:type\" content=\"article\" \/>\n<meta property=\"og:title\" content=\"\u25b7PU\u00d1AL SABLE - Kolser\" \/>\n<meta property=\"og:description\" content=\"\u2705 R\u00e9plica\u3010 PU\u00d1AL SAB LE \u3011nos trasporta en el tiempo con esta Jambiya en forma de sable de 24.5 cent\u00edmetros, completamente elaborado en metal.\" \/>\n<meta property=\"og:url\" content=\"https:\/\/kolser.com\/en\/product\/punal-sable\/\" \/>\n<meta property=\"og:site_name\" content=\"Kolser\" \/>\n<meta property=\"article:modified_time\" content=\"2025-07-25T07:20:17+00:00\" \/>\n<meta property=\"og:image\" content=\"https:\/\/kolser.com\/wp-content\/uploads\/2021\/12\/48-242-1.jpg\" \/>\n\t<meta property=\"og:image:width\" content=\"600\" \/>\n\t<meta property=\"og:image:height\" content=\"600\" \/>\n\t<meta property=\"og:image:type\" content=\"image\/jpeg\" \/>\n<meta name=\"twitter:card\" content=\"summary_large_image\" \/>\n<meta name=\"twitter:label1\" content=\"Estimated reading time\" \/>\n\t<meta name=\"twitter:data1\" content=\"1 minute\" \/>\n<script type=\"application\/ld+json\" class=\"yoast-schema-graph\">{\"@context\":\"https:\\\/\\\/schema.org\",\"@graph\":[{\"@type\":\"WebPage\",\"@id\":\"https:\\\/\\\/kolser.com\\\/producto\\\/punal-sable\\\/\",\"url\":\"https:\\\/\\\/kolser.com\\\/producto\\\/punal-sable\\\/\",\"name\":\"\u25b7PU\u00d1AL SABLE - Kolser\",\"isPartOf\":{\"@id\":\"https:\\\/\\\/kolser.com\\\/#website\"},\"primaryImageOfPage\":{\"@id\":\"https:\\\/\\\/kolser.com\\\/producto\\\/punal-sable\\\/#primaryimage\"},\"image\":{\"@id\":\"https:\\\/\\\/kolser.com\\\/producto\\\/punal-sable\\\/#primaryimage\"},\"thumbnailUrl\":\"https:\\\/\\\/kolser.com\\\/wp-content\\\/uploads\\\/2021\\\/12\\\/48-242-1.jpg\",\"datePublished\":\"2021-12-11T09:12:55+00:00\",\"dateModified\":\"2025-07-25T07:20:17+00:00\",\"description\":\"\u2705 R\u00e9plica\u3010 PU\u00d1AL SAB LE \u3011nos trasporta en el tiempo con esta Jambiya en forma de sable de 24.5 cent\u00edmetros, completamente elaborado en metal.\",\"breadcrumb\":{\"@id\":\"https:\\\/\\\/kolser.com\\\/producto\\\/punal-sable\\\/#breadcrumb\"},\"inLanguage\":\"en-GB\",\"potentialAction\":[{\"@type\":\"ReadAction\",\"target\":[\"https:\\\/\\\/kolser.com\\\/producto\\\/punal-sable\\\/\"]}]},{\"@type\":\"ImageObject\",\"inLanguage\":\"en-GB\",\"@id\":\"https:\\\/\\\/kolser.com\\\/producto\\\/punal-sable\\\/#primaryimage\",\"url\":\"https:\\\/\\\/kolser.com\\\/wp-content\\\/uploads\\\/2021\\\/12\\\/48-242-1.jpg\",\"contentUrl\":\"https:\\\/\\\/kolser.com\\\/wp-content\\\/uploads\\\/2021\\\/12\\\/48-242-1.jpg\",\"width\":600,\"height\":600,\"caption\":\"R\u00e9plica de pu\u00f1al sable de 24 cm con empu\u00f1adura y guarda de dise\u00f1o hist\u00f3rico\"},{\"@type\":\"BreadcrumbList\",\"@id\":\"https:\\\/\\\/kolser.com\\\/producto\\\/punal-sable\\\/#breadcrumb\",\"itemListElement\":[{\"@type\":\"ListItem\",\"position\":1,\"name\":\"Home\",\"item\":\"https:\\\/\\\/kolser.com\\\/\"},{\"@type\":\"ListItem\",\"position\":2,\"name\":\"Cat\u00e1logo\",\"item\":\"https:\\\/\\\/kolser.com\\\/catalogo\\\/\"},{\"@type\":\"ListItem\",\"position\":3,\"name\":\"Dagas y pu\u00f1ales\",\"item\":\"https:\\\/\\\/kolser.com\\\/categoria-producto\\\/dagas-y-punales\\\/\"},{\"@type\":\"ListItem\",\"position\":4,\"name\":\"PU\u00d1AL SABLE\"}]},{\"@type\":\"WebSite\",\"@id\":\"https:\\\/\\\/kolser.com\\\/#website\",\"url\":\"https:\\\/\\\/kolser.com\\\/\",\"name\":\"Kolser\",\"description\":\"\",\"publisher\":{\"@id\":\"https:\\\/\\\/kolser.com\\\/#organization\"},\"potentialAction\":[{\"@type\":\"SearchAction\",\"target\":{\"@type\":\"EntryPoint\",\"urlTemplate\":\"https:\\\/\\\/kolser.com\\\/?s={search_term_string}\"},\"query-input\":{\"@type\":\"PropertyValueSpecification\",\"valueRequired\":true,\"valueName\":\"search_term_string\"}}],\"inLanguage\":\"en-GB\"},{\"@type\":\"Organization\",\"@id\":\"https:\\\/\\\/kolser.com\\\/#organization\",\"name\":\"Kolser\",\"url\":\"https:\\\/\\\/kolser.com\\\/\",\"logo\":{\"@type\":\"ImageObject\",\"inLanguage\":\"en-GB\",\"@id\":\"https:\\\/\\\/kolser.com\\\/#\\\/schema\\\/logo\\\/image\\\/\",\"url\":\"https:\\\/\\\/kolser.com\\\/wp-content\\\/uploads\\\/2021\\\/11\\\/Logo-Cabecera.png\",\"contentUrl\":\"https:\\\/\\\/kolser.com\\\/wp-content\\\/uploads\\\/2021\\\/11\\\/Logo-Cabecera.png\",\"width\":979,\"height\":1358,\"caption\":\"Kolser\"},\"image\":{\"@id\":\"https:\\\/\\\/kolser.com\\\/#\\\/schema\\\/logo\\\/image\\\/\"}}]}<\/script>\n<!-- \/ Yoast SEO plugin. -->","yoast_head_json":{"title":"\u25b7PU\u00d1AL SABLE - Kolser","description":"\u2705 R\u00e9plica\u3010 PU\u00d1AL SAB LE \u3011nos trasporta en el tiempo con esta Jambiya en forma de sable de 24.5 cent\u00edmetros, completamente elaborado en metal.","robots":{"index":"index","follow":"follow","max-snippet":"max-snippet:-1","max-image-preview":"max-image-preview:large","max-video-preview":"max-video-preview:-1"},"canonical":"https:\/\/kolser.com\/en\/product\/punal-sable\/","og_locale":"en_GB","og_type":"article","og_title":"\u25b7PU\u00d1AL SABLE - Kolser","og_description":"\u2705 R\u00e9plica\u3010 PU\u00d1AL SAB LE \u3011nos trasporta en el tiempo con esta Jambiya en forma de sable de 24.5 cent\u00edmetros, completamente elaborado en metal.","og_url":"https:\/\/kolser.com\/en\/product\/punal-sable\/","og_site_name":"Kolser","article_modified_time":"2025-07-25T07:20:17+00:00","og_image":[{"width":600,"height":600,"url":"https:\/\/kolser.com\/wp-content\/uploads\/2021\/12\/48-242-1.jpg","type":"image\/jpeg"}],"twitter_card":"summary_large_image","twitter_misc":{"Estimated reading time":"1 minute"},"schema":{"@context":"https:\/\/schema.org","@graph":[{"@type":"WebPage","@id":"https:\/\/kolser.com\/producto\/punal-sable\/","url":"https:\/\/kolser.com\/producto\/punal-sable\/","name":"\u25b7PU\u00d1AL SABLE - Kolser","isPartOf":{"@id":"https:\/\/kolser.com\/#website"},"primaryImageOfPage":{"@id":"https:\/\/kolser.com\/producto\/punal-sable\/#primaryimage"},"image":{"@id":"https:\/\/kolser.com\/producto\/punal-sable\/#primaryimage"},"thumbnailUrl":"https:\/\/kolser.com\/wp-content\/uploads\/2021\/12\/48-242-1.jpg","datePublished":"2021-12-11T09:12:55+00:00","dateModified":"2025-07-25T07:20:17+00:00","description":"\u2705 R\u00e9plica\u3010 PU\u00d1AL SAB LE \u3011nos trasporta en el tiempo con esta Jambiya en forma de sable de 24.5 cent\u00edmetros, completamente elaborado en metal.","breadcrumb":{"@id":"https:\/\/kolser.com\/producto\/punal-sable\/#breadcrumb"},"inLanguage":"en-GB","potentialAction":[{"@type":"ReadAction","target":["https:\/\/kolser.com\/producto\/punal-sable\/"]}]},{"@type":"ImageObject","inLanguage":"en-GB","@id":"https:\/\/kolser.com\/producto\/punal-sable\/#primaryimage","url":"https:\/\/kolser.com\/wp-content\/uploads\/2021\/12\/48-242-1.jpg","contentUrl":"https:\/\/kolser.com\/wp-content\/uploads\/2021\/12\/48-242-1.jpg","width":600,"height":600,"caption":"R\u00e9plica de pu\u00f1al sable de 24 cm con empu\u00f1adura y guarda de dise\u00f1o hist\u00f3rico"},{"@type":"BreadcrumbList","@id":"https:\/\/kolser.com\/producto\/punal-sable\/#breadcrumb","itemListElement":[{"@type":"ListItem","position":1,"name":"Home","item":"https:\/\/kolser.com\/"},{"@type":"ListItem","position":2,"name":"Cat\u00e1logo","item":"https:\/\/kolser.com\/catalogo\/"},{"@type":"ListItem","position":3,"name":"Dagas y pu\u00f1ales","item":"https:\/\/kolser.com\/categoria-producto\/dagas-y-punales\/"},{"@type":"ListItem","position":4,"name":"PU\u00d1AL SABLE"}]},{"@type":"WebSite","@id":"https:\/\/kolser.com\/#website","url":"https:\/\/kolser.com\/","name":"Kolser","description":"","publisher":{"@id":"https:\/\/kolser.com\/#organization"},"potentialAction":[{"@type":"SearchAction","target":{"@type":"EntryPoint","urlTemplate":"https:\/\/kolser.com\/?s={search_term_string}"},"query-input":{"@type":"PropertyValueSpecification","valueRequired":true,"valueName":"search_term_string"}}],"inLanguage":"en-GB"},{"@type":"Organization","@id":"https:\/\/kolser.com\/#organization","name":"Kolser","url":"https:\/\/kolser.com\/","logo":{"@type":"ImageObject","inLanguage":"en-GB","@id":"https:\/\/kolser.com\/#\/schema\/logo\/image\/","url":"https:\/\/kolser.com\/wp-content\/uploads\/2021\/11\/Logo-Cabecera.png","contentUrl":"https:\/\/kolser.com\/wp-content\/uploads\/2021\/11\/Logo-Cabecera.png","width":979,"height":1358,"caption":"Kolser"},"image":{"@id":"https:\/\/kolser.com\/#\/schema\/logo\/image\/"}}]}},"_links":{"self":[{"href":"https:\/\/kolser.com\/en\/wp-json\/wp\/v2\/product\/13532","targetHints":{"allow":["GET"]}}],"collection":[{"href":"https:\/\/kolser.com\/en\/wp-json\/wp\/v2\/product"}],"about":[{"href":"https:\/\/kolser.com\/en\/wp-json\/wp\/v2\/types\/product"}],"replies":[{"embeddable":true,"href":"https:\/\/kolser.com\/en\/wp-json\/wp\/v2\/comments?post=13532"}],"wp:featuredmedia":[{"embeddable":true,"href":"https:\/\/kolser.com\/en\/wp-json\/wp\/v2\/media\/14511"}],"wp:attachment":[{"href":"https:\/\/kolser.com\/en\/wp-json\/wp\/v2\/media?parent=13532"}],"wp:term":[{"taxonomy":"product_brand","embeddable":true,"href":"https:\/\/kolser.com\/en\/wp-json\/wp\/v2\/product_brand?post=13532"},{"taxonomy":"product_cat","embeddable":true,"href":"https:\/\/kolser.com\/en\/wp-json\/wp\/v2\/product_cat?post=13532"},{"taxonomy":"product_tag","embeddable":true,"href":"https:\/\/kolser.com\/en\/wp-json\/wp\/v2\/product_tag?post=13532"},{"taxonomy":"coleccion","embeddable":true,"href":"https:\/\/kolser.com\/en\/wp-json\/wp\/v2\/coleccion?post=13532"},{"taxonomy":"proposito","embeddable":true,"href":"https:\/\/kolser.com\/en\/wp-json\/wp\/v2\/proposito?post=13532"}],"curies":[{"name":"wp","href":"https:\/\/api.w.org\/{rel}","templated":true}]}}