{"id":13515,"date":"2021-12-11T09:12:54","date_gmt":"2021-12-11T09:12:54","guid":{"rendered":"https:\/\/kolser.com\/producto\/pistola-napoleon\/"},"modified":"2024-03-10T18:07:03","modified_gmt":"2024-03-10T18:07:03","slug":"pistola-napoleon","status":"publish","type":"product","link":"https:\/\/kolser.com\/en\/producto\/pistola-napoleon\/","title":{"rendered":"NAPOLEON PISTOL"},"content":{"rendered":"<p>32 cm<\/p>","protected":false},"excerpt":{"rendered":"<p>This Napoleon pistol replica is crafted by Kolser, faithfully preserving the characteristics of the original weapon. Inspired by the firearm used by Napoleon himself, Kolser has carefully recreated its many details \u2014 including the carved imperial crest on the grip, a tribute to the legendary emperor.<br>\n\nMade from durable materials such as resin and metal, this piece is built for long-term preservation and display. It measures 32 centimetres from grip to muzzle.<br>\n\nAn essential addition to any exclusive collection \u2014 bring a touch of grandeur and elegance with this beautiful historical weapon.<\/p>","protected":false},"featured_media":14509,"comment_status":"closed","ping_status":"closed","template":"","meta":[],"product_brand":[],"product_cat":[30,31],"product_tag":[],"coleccion":[],"proposito":[],"class_list":{"0":"post-13515","1":"product","2":"type-product","3":"status-publish","4":"has-post-thumbnail","6":"product_cat-pistolas","7":"product_cat-pistolas-pistolas-antiguas","9":"first","10":"instock","11":"shipping-taxable","12":"purchasable","13":"product-type-simple"},"yoast_head":"<!-- This site is optimized with the Yoast SEO plugin v27.5 - https:\/\/yoast.com\/product\/yoast-seo-wordpress\/ -->\n<title>\u25b7PISTOLA NAPOLEON - Kolser<\/title>\n<meta name=\"description\" content=\"\u2705 R\u00e9plica \u3010 PISTOLA NAPOLEON \u3011Esta pistola imita en apariencia a la utilizada por Napole\u00f3n y podremos ver tallado el escudo del legendario emperador.\" \/>\n<meta name=\"robots\" content=\"index, follow, max-snippet:-1, max-image-preview:large, max-video-preview:-1\" \/>\n<link rel=\"canonical\" href=\"https:\/\/kolser.com\/en\/product\/pistola-napoleon\/\" \/>\n<meta property=\"og:locale\" content=\"en_GB\" \/>\n<meta property=\"og:type\" content=\"article\" \/>\n<meta property=\"og:title\" content=\"\u25b7PISTOLA NAPOLEON - Kolser\" \/>\n<meta property=\"og:description\" content=\"\u2705 R\u00e9plica \u3010 PISTOLA NAPOLEON \u3011Esta pistola imita en apariencia a la utilizada por Napole\u00f3n y podremos ver tallado el escudo del legendario emperador.\" \/>\n<meta property=\"og:url\" content=\"https:\/\/kolser.com\/en\/product\/pistola-napoleon\/\" \/>\n<meta property=\"og:site_name\" content=\"Kolser\" \/>\n<meta property=\"article:modified_time\" content=\"2024-03-10T18:07:03+00:00\" \/>\n<meta property=\"og:image\" content=\"https:\/\/kolser.com\/wp-content\/uploads\/2021\/12\/47-1120-VISTA-blanc.jpg\" \/>\n\t<meta property=\"og:image:width\" content=\"600\" \/>\n\t<meta property=\"og:image:height\" content=\"600\" \/>\n\t<meta property=\"og:image:type\" content=\"image\/jpeg\" \/>\n<meta name=\"twitter:card\" content=\"summary_large_image\" \/>\n<meta name=\"twitter:label1\" content=\"Estimated reading time\" \/>\n\t<meta name=\"twitter:data1\" content=\"1 minute\" \/>\n<script type=\"application\/ld+json\" class=\"yoast-schema-graph\">{\"@context\":\"https:\\\/\\\/schema.org\",\"@graph\":[{\"@type\":\"WebPage\",\"@id\":\"https:\\\/\\\/kolser.com\\\/en\\\/product\\\/pistola-napoleon\\\/\",\"url\":\"https:\\\/\\\/kolser.com\\\/en\\\/product\\\/pistola-napoleon\\\/\",\"name\":\"\u25b7PISTOLA NAPOLEON - Kolser\",\"isPartOf\":{\"@id\":\"https:\\\/\\\/kolser.com\\\/#website\"},\"primaryImageOfPage\":{\"@id\":\"https:\\\/\\\/kolser.com\\\/en\\\/product\\\/pistola-napoleon\\\/#primaryimage\"},\"image\":{\"@id\":\"https:\\\/\\\/kolser.com\\\/en\\\/product\\\/pistola-napoleon\\\/#primaryimage\"},\"thumbnailUrl\":\"https:\\\/\\\/kolser.com\\\/wp-content\\\/uploads\\\/2021\\\/12\\\/47-1120-VISTA-blanc.jpg\",\"datePublished\":\"2021-12-11T09:12:54+00:00\",\"dateModified\":\"2024-03-10T18:07:03+00:00\",\"description\":\"\u2705 R\u00e9plica \u3010 PISTOLA NAPOLEON \u3011Esta pistola imita en apariencia a la utilizada por Napole\u00f3n y podremos ver tallado el escudo del legendario emperador.\",\"breadcrumb\":{\"@id\":\"https:\\\/\\\/kolser.com\\\/en\\\/product\\\/pistola-napoleon\\\/#breadcrumb\"},\"inLanguage\":\"en-GB\",\"potentialAction\":[{\"@type\":\"ReadAction\",\"target\":[\"https:\\\/\\\/kolser.com\\\/en\\\/product\\\/pistola-napoleon\\\/\"]}]},{\"@type\":\"ImageObject\",\"inLanguage\":\"en-GB\",\"@id\":\"https:\\\/\\\/kolser.com\\\/en\\\/product\\\/pistola-napoleon\\\/#primaryimage\",\"url\":\"https:\\\/\\\/kolser.com\\\/wp-content\\\/uploads\\\/2021\\\/12\\\/47-1120-VISTA-blanc.jpg\",\"contentUrl\":\"https:\\\/\\\/kolser.com\\\/wp-content\\\/uploads\\\/2021\\\/12\\\/47-1120-VISTA-blanc.jpg\",\"width\":600,\"height\":600,\"caption\":\"Vista lateral derecha de r\u00e9plica de pistola de Napole\u00f3n con ca\u00f1\u00f3n plateado envejecido y empu\u00f1adura de madera con las inicial de Napole\u00f3n en dorado.\"},{\"@type\":\"BreadcrumbList\",\"@id\":\"https:\\\/\\\/kolser.com\\\/en\\\/product\\\/pistola-napoleon\\\/#breadcrumb\",\"itemListElement\":[{\"@type\":\"ListItem\",\"position\":1,\"name\":\"Home\",\"item\":\"https:\\\/\\\/kolser.com\\\/\"},{\"@type\":\"ListItem\",\"position\":2,\"name\":\"Cat\u00e1logo\",\"item\":\"https:\\\/\\\/kolser.com\\\/catalogo\\\/\"},{\"@type\":\"ListItem\",\"position\":3,\"name\":\"Pistolas\",\"item\":\"https:\\\/\\\/kolser.com\\\/categoria-producto\\\/pistolas\\\/\"},{\"@type\":\"ListItem\",\"position\":4,\"name\":\"Pistolas\",\"item\":\"https:\\\/\\\/kolser.com\\\/categoria-producto\\\/pistolas\\\/pistolas-pistolas-antiguas\\\/\"},{\"@type\":\"ListItem\",\"position\":5,\"name\":\"PISTOLA NAPOLEON\"}]},{\"@type\":\"WebSite\",\"@id\":\"https:\\\/\\\/kolser.com\\\/#website\",\"url\":\"https:\\\/\\\/kolser.com\\\/\",\"name\":\"Kolser\",\"description\":\"\",\"publisher\":{\"@id\":\"https:\\\/\\\/kolser.com\\\/#organization\"},\"potentialAction\":[{\"@type\":\"SearchAction\",\"target\":{\"@type\":\"EntryPoint\",\"urlTemplate\":\"https:\\\/\\\/kolser.com\\\/?s={search_term_string}\"},\"query-input\":{\"@type\":\"PropertyValueSpecification\",\"valueRequired\":true,\"valueName\":\"search_term_string\"}}],\"inLanguage\":\"en-GB\"},{\"@type\":\"Organization\",\"@id\":\"https:\\\/\\\/kolser.com\\\/#organization\",\"name\":\"Kolser\",\"url\":\"https:\\\/\\\/kolser.com\\\/\",\"logo\":{\"@type\":\"ImageObject\",\"inLanguage\":\"en-GB\",\"@id\":\"https:\\\/\\\/kolser.com\\\/#\\\/schema\\\/logo\\\/image\\\/\",\"url\":\"https:\\\/\\\/kolser.com\\\/wp-content\\\/uploads\\\/2021\\\/11\\\/Logo-Cabecera.png\",\"contentUrl\":\"https:\\\/\\\/kolser.com\\\/wp-content\\\/uploads\\\/2021\\\/11\\\/Logo-Cabecera.png\",\"width\":979,\"height\":1358,\"caption\":\"Kolser\"},\"image\":{\"@id\":\"https:\\\/\\\/kolser.com\\\/#\\\/schema\\\/logo\\\/image\\\/\"}}]}<\/script>\n<!-- \/ Yoast SEO plugin. -->","yoast_head_json":{"title":"\u25b7PISTOLA NAPOLEON - Kolser","description":"\u2705 R\u00e9plica \u3010 PISTOLA NAPOLEON \u3011Esta pistola imita en apariencia a la utilizada por Napole\u00f3n y podremos ver tallado el escudo del legendario emperador.","robots":{"index":"index","follow":"follow","max-snippet":"max-snippet:-1","max-image-preview":"max-image-preview:large","max-video-preview":"max-video-preview:-1"},"canonical":"https:\/\/kolser.com\/en\/product\/pistola-napoleon\/","og_locale":"en_GB","og_type":"article","og_title":"\u25b7PISTOLA NAPOLEON - Kolser","og_description":"\u2705 R\u00e9plica \u3010 PISTOLA NAPOLEON \u3011Esta pistola imita en apariencia a la utilizada por Napole\u00f3n y podremos ver tallado el escudo del legendario emperador.","og_url":"https:\/\/kolser.com\/en\/product\/pistola-napoleon\/","og_site_name":"Kolser","article_modified_time":"2024-03-10T18:07:03+00:00","og_image":[{"width":600,"height":600,"url":"https:\/\/kolser.com\/wp-content\/uploads\/2021\/12\/47-1120-VISTA-blanc.jpg","type":"image\/jpeg"}],"twitter_card":"summary_large_image","twitter_misc":{"Estimated reading time":"1 minute"},"schema":{"@context":"https:\/\/schema.org","@graph":[{"@type":"WebPage","@id":"https:\/\/kolser.com\/en\/product\/pistola-napoleon\/","url":"https:\/\/kolser.com\/en\/product\/pistola-napoleon\/","name":"\u25b7PISTOLA NAPOLEON - Kolser","isPartOf":{"@id":"https:\/\/kolser.com\/#website"},"primaryImageOfPage":{"@id":"https:\/\/kolser.com\/en\/product\/pistola-napoleon\/#primaryimage"},"image":{"@id":"https:\/\/kolser.com\/en\/product\/pistola-napoleon\/#primaryimage"},"thumbnailUrl":"https:\/\/kolser.com\/wp-content\/uploads\/2021\/12\/47-1120-VISTA-blanc.jpg","datePublished":"2021-12-11T09:12:54+00:00","dateModified":"2024-03-10T18:07:03+00:00","description":"\u2705 R\u00e9plica \u3010 PISTOLA NAPOLEON \u3011Esta pistola imita en apariencia a la utilizada por Napole\u00f3n y podremos ver tallado el escudo del legendario emperador.","breadcrumb":{"@id":"https:\/\/kolser.com\/en\/product\/pistola-napoleon\/#breadcrumb"},"inLanguage":"en-GB","potentialAction":[{"@type":"ReadAction","target":["https:\/\/kolser.com\/en\/product\/pistola-napoleon\/"]}]},{"@type":"ImageObject","inLanguage":"en-GB","@id":"https:\/\/kolser.com\/en\/product\/pistola-napoleon\/#primaryimage","url":"https:\/\/kolser.com\/wp-content\/uploads\/2021\/12\/47-1120-VISTA-blanc.jpg","contentUrl":"https:\/\/kolser.com\/wp-content\/uploads\/2021\/12\/47-1120-VISTA-blanc.jpg","width":600,"height":600,"caption":"Vista lateral derecha de r\u00e9plica de pistola de Napole\u00f3n con ca\u00f1\u00f3n plateado envejecido y empu\u00f1adura de madera con las inicial de Napole\u00f3n en dorado."},{"@type":"BreadcrumbList","@id":"https:\/\/kolser.com\/en\/product\/pistola-napoleon\/#breadcrumb","itemListElement":[{"@type":"ListItem","position":1,"name":"Home","item":"https:\/\/kolser.com\/"},{"@type":"ListItem","position":2,"name":"Cat\u00e1logo","item":"https:\/\/kolser.com\/catalogo\/"},{"@type":"ListItem","position":3,"name":"Pistolas","item":"https:\/\/kolser.com\/categoria-producto\/pistolas\/"},{"@type":"ListItem","position":4,"name":"Pistolas","item":"https:\/\/kolser.com\/categoria-producto\/pistolas\/pistolas-pistolas-antiguas\/"},{"@type":"ListItem","position":5,"name":"PISTOLA NAPOLEON"}]},{"@type":"WebSite","@id":"https:\/\/kolser.com\/#website","url":"https:\/\/kolser.com\/","name":"Kolser","description":"","publisher":{"@id":"https:\/\/kolser.com\/#organization"},"potentialAction":[{"@type":"SearchAction","target":{"@type":"EntryPoint","urlTemplate":"https:\/\/kolser.com\/?s={search_term_string}"},"query-input":{"@type":"PropertyValueSpecification","valueRequired":true,"valueName":"search_term_string"}}],"inLanguage":"en-GB"},{"@type":"Organization","@id":"https:\/\/kolser.com\/#organization","name":"Kolser","url":"https:\/\/kolser.com\/","logo":{"@type":"ImageObject","inLanguage":"en-GB","@id":"https:\/\/kolser.com\/#\/schema\/logo\/image\/","url":"https:\/\/kolser.com\/wp-content\/uploads\/2021\/11\/Logo-Cabecera.png","contentUrl":"https:\/\/kolser.com\/wp-content\/uploads\/2021\/11\/Logo-Cabecera.png","width":979,"height":1358,"caption":"Kolser"},"image":{"@id":"https:\/\/kolser.com\/#\/schema\/logo\/image\/"}}]}},"_links":{"self":[{"href":"https:\/\/kolser.com\/en\/wp-json\/wp\/v2\/product\/13515","targetHints":{"allow":["GET"]}}],"collection":[{"href":"https:\/\/kolser.com\/en\/wp-json\/wp\/v2\/product"}],"about":[{"href":"https:\/\/kolser.com\/en\/wp-json\/wp\/v2\/types\/product"}],"replies":[{"embeddable":true,"href":"https:\/\/kolser.com\/en\/wp-json\/wp\/v2\/comments?post=13515"}],"wp:featuredmedia":[{"embeddable":true,"href":"https:\/\/kolser.com\/en\/wp-json\/wp\/v2\/media\/14509"}],"wp:attachment":[{"href":"https:\/\/kolser.com\/en\/wp-json\/wp\/v2\/media?parent=13515"}],"wp:term":[{"taxonomy":"product_brand","embeddable":true,"href":"https:\/\/kolser.com\/en\/wp-json\/wp\/v2\/product_brand?post=13515"},{"taxonomy":"product_cat","embeddable":true,"href":"https:\/\/kolser.com\/en\/wp-json\/wp\/v2\/product_cat?post=13515"},{"taxonomy":"product_tag","embeddable":true,"href":"https:\/\/kolser.com\/en\/wp-json\/wp\/v2\/product_tag?post=13515"},{"taxonomy":"coleccion","embeddable":true,"href":"https:\/\/kolser.com\/en\/wp-json\/wp\/v2\/coleccion?post=13515"},{"taxonomy":"proposito","embeddable":true,"href":"https:\/\/kolser.com\/en\/wp-json\/wp\/v2\/proposito?post=13515"}],"curies":[{"name":"wp","href":"https:\/\/api.w.org\/{rel}","templated":true}]}}