{"id":13479,"date":"2021-12-11T09:12:52","date_gmt":"2021-12-11T09:12:52","guid":{"rendered":"https:\/\/kolser.com\/producto\/hacha-de-asalto-70x20-cm\/"},"modified":"2024-07-26T13:03:03","modified_gmt":"2024-07-26T13:03:03","slug":"hacha-de-asalto-70x20-cm","status":"publish","type":"product","link":"https:\/\/kolser.com\/en\/producto\/hacha-de-asalto-70x20-cm\/","title":{"rendered":"ASSAULT AXE. 70X20 CM."},"content":{"rendered":"<p>70X20 cm<\/p>","protected":false},"excerpt":{"rendered":"<p>A majestic and elegant Germanic medieval assault axe, featuring a short shaft and beautifully carved metal blade that reflects European artistry and exalts its grandeur.<br>\n\nCharacterised by a solid wood handle, a metal grip, and a pointed back edge, this replica by Kolser (70\u00d720 cm) revives the solemn spirit of the Germanic lands.<\/p>","protected":false},"featured_media":11134,"comment_status":"closed","ping_status":"closed","template":"","meta":[],"product_brand":[],"product_cat":[132,25,26],"product_tag":[],"coleccion":[],"proposito":[],"class_list":{"0":"post-13479","1":"product","2":"type-product","3":"status-publish","4":"has-post-thumbnail","6":"product_cat-hachas","7":"product_cat-mundo-antiguo","8":"product_cat-ballestas-y-hachas","10":"first","11":"instock","12":"shipping-taxable","13":"purchasable","14":"product-type-simple"},"yoast_head":"<!-- This site is optimized with the Yoast SEO plugin v27.4 - https:\/\/yoast.com\/product\/yoast-seo-wordpress\/ -->\n<title>\u25b7HACHA DE ASALTO.70X20 CM. - Kolser<\/title>\n<meta name=\"description\" content=\"\u2705 R\u00e9plica \u3010 HACHA DE ASALTO \u3011Estilizada hacha de asalto medieval germ\u00e1nica, con asta peque\u00f1a y un hermoso tallado en su hoja met\u00e1lica.\" \/>\n<meta name=\"robots\" content=\"index, follow, max-snippet:-1, max-image-preview:large, max-video-preview:-1\" \/>\n<link rel=\"canonical\" href=\"https:\/\/kolser.com\/en\/product\/hacha-de-asalto-70x20-cm\/\" \/>\n<meta property=\"og:locale\" content=\"en_GB\" \/>\n<meta property=\"og:type\" content=\"article\" \/>\n<meta property=\"og:title\" content=\"\u25b7HACHA DE ASALTO.70X20 CM. - Kolser\" \/>\n<meta property=\"og:description\" content=\"\u2705 R\u00e9plica \u3010 HACHA DE ASALTO \u3011Estilizada hacha de asalto medieval germ\u00e1nica, con asta peque\u00f1a y un hermoso tallado en su hoja met\u00e1lica.\" \/>\n<meta property=\"og:url\" content=\"https:\/\/kolser.com\/en\/product\/hacha-de-asalto-70x20-cm\/\" \/>\n<meta property=\"og:site_name\" content=\"Kolser\" \/>\n<meta property=\"article:modified_time\" content=\"2024-07-26T13:03:03+00:00\" \/>\n<meta property=\"og:image\" content=\"https:\/\/kolser.com\/wp-content\/uploads\/2021\/12\/KOLSER-REPLICA-ARMA-MEDIEVAL-WEAPON-HACHA-DE-ASALTO70X20-CM45-830.jpg\" \/>\n\t<meta property=\"og:image:width\" content=\"600\" \/>\n\t<meta property=\"og:image:height\" content=\"600\" \/>\n\t<meta property=\"og:image:type\" content=\"image\/jpeg\" \/>\n<meta name=\"twitter:card\" content=\"summary_large_image\" \/>\n<meta name=\"twitter:label1\" content=\"Estimated reading time\" \/>\n\t<meta name=\"twitter:data1\" content=\"1 minute\" \/>\n<script type=\"application\/ld+json\" class=\"yoast-schema-graph\">{\"@context\":\"https:\\\/\\\/schema.org\",\"@graph\":[{\"@type\":\"WebPage\",\"@id\":\"https:\\\/\\\/kolser.com\\\/producto\\\/hacha-de-asalto-70x20-cm\\\/\",\"url\":\"https:\\\/\\\/kolser.com\\\/producto\\\/hacha-de-asalto-70x20-cm\\\/\",\"name\":\"\u25b7HACHA DE ASALTO.70X20 CM. - Kolser\",\"isPartOf\":{\"@id\":\"https:\\\/\\\/kolser.com\\\/#website\"},\"primaryImageOfPage\":{\"@id\":\"https:\\\/\\\/kolser.com\\\/producto\\\/hacha-de-asalto-70x20-cm\\\/#primaryimage\"},\"image\":{\"@id\":\"https:\\\/\\\/kolser.com\\\/producto\\\/hacha-de-asalto-70x20-cm\\\/#primaryimage\"},\"thumbnailUrl\":\"https:\\\/\\\/kolser.com\\\/wp-content\\\/uploads\\\/2021\\\/12\\\/KOLSER-REPLICA-ARMA-MEDIEVAL-WEAPON-HACHA-DE-ASALTO70X20-CM45-830.jpg\",\"datePublished\":\"2021-12-11T09:12:52+00:00\",\"dateModified\":\"2024-07-26T13:03:03+00:00\",\"description\":\"\u2705 R\u00e9plica \u3010 HACHA DE ASALTO \u3011Estilizada hacha de asalto medieval germ\u00e1nica, con asta peque\u00f1a y un hermoso tallado en su hoja met\u00e1lica.\",\"breadcrumb\":{\"@id\":\"https:\\\/\\\/kolser.com\\\/producto\\\/hacha-de-asalto-70x20-cm\\\/#breadcrumb\"},\"inLanguage\":\"en-GB\",\"potentialAction\":[{\"@type\":\"ReadAction\",\"target\":[\"https:\\\/\\\/kolser.com\\\/producto\\\/hacha-de-asalto-70x20-cm\\\/\"]}]},{\"@type\":\"ImageObject\",\"inLanguage\":\"en-GB\",\"@id\":\"https:\\\/\\\/kolser.com\\\/producto\\\/hacha-de-asalto-70x20-cm\\\/#primaryimage\",\"url\":\"https:\\\/\\\/kolser.com\\\/wp-content\\\/uploads\\\/2021\\\/12\\\/KOLSER-REPLICA-ARMA-MEDIEVAL-WEAPON-HACHA-DE-ASALTO70X20-CM45-830.jpg\",\"contentUrl\":\"https:\\\/\\\/kolser.com\\\/wp-content\\\/uploads\\\/2021\\\/12\\\/KOLSER-REPLICA-ARMA-MEDIEVAL-WEAPON-HACHA-DE-ASALTO70X20-CM45-830.jpg\",\"width\":600,\"height\":600,\"caption\":\"R\u00e9plica de hacha de asalto medieval germ\u00e1nica de 70 cm con mango de madera y cabezal met\u00e1lico detalladamente grabado\"},{\"@type\":\"BreadcrumbList\",\"@id\":\"https:\\\/\\\/kolser.com\\\/producto\\\/hacha-de-asalto-70x20-cm\\\/#breadcrumb\",\"itemListElement\":[{\"@type\":\"ListItem\",\"position\":1,\"name\":\"Home\",\"item\":\"https:\\\/\\\/kolser.com\\\/\"},{\"@type\":\"ListItem\",\"position\":2,\"name\":\"Cat\u00e1logo\",\"item\":\"https:\\\/\\\/kolser.com\\\/catalogo\\\/\"},{\"@type\":\"ListItem\",\"position\":3,\"name\":\"Ballestas y hachas\",\"item\":\"https:\\\/\\\/kolser.com\\\/categoria-producto\\\/ballestas-y-hachas\\\/\"},{\"@type\":\"ListItem\",\"position\":4,\"name\":\"Hachas\",\"item\":\"https:\\\/\\\/kolser.com\\\/categoria-producto\\\/ballestas-y-hachas\\\/hachas\\\/\"},{\"@type\":\"ListItem\",\"position\":5,\"name\":\"HACHA DE ASALTO.70X20 CM.\"}]},{\"@type\":\"WebSite\",\"@id\":\"https:\\\/\\\/kolser.com\\\/#website\",\"url\":\"https:\\\/\\\/kolser.com\\\/\",\"name\":\"Kolser\",\"description\":\"\",\"publisher\":{\"@id\":\"https:\\\/\\\/kolser.com\\\/#organization\"},\"potentialAction\":[{\"@type\":\"SearchAction\",\"target\":{\"@type\":\"EntryPoint\",\"urlTemplate\":\"https:\\\/\\\/kolser.com\\\/?s={search_term_string}\"},\"query-input\":{\"@type\":\"PropertyValueSpecification\",\"valueRequired\":true,\"valueName\":\"search_term_string\"}}],\"inLanguage\":\"en-GB\"},{\"@type\":\"Organization\",\"@id\":\"https:\\\/\\\/kolser.com\\\/#organization\",\"name\":\"Kolser\",\"url\":\"https:\\\/\\\/kolser.com\\\/\",\"logo\":{\"@type\":\"ImageObject\",\"inLanguage\":\"en-GB\",\"@id\":\"https:\\\/\\\/kolser.com\\\/#\\\/schema\\\/logo\\\/image\\\/\",\"url\":\"https:\\\/\\\/kolser.com\\\/wp-content\\\/uploads\\\/2021\\\/11\\\/Logo-Cabecera.png\",\"contentUrl\":\"https:\\\/\\\/kolser.com\\\/wp-content\\\/uploads\\\/2021\\\/11\\\/Logo-Cabecera.png\",\"width\":979,\"height\":1358,\"caption\":\"Kolser\"},\"image\":{\"@id\":\"https:\\\/\\\/kolser.com\\\/#\\\/schema\\\/logo\\\/image\\\/\"}}]}<\/script>\n<!-- \/ Yoast SEO plugin. -->","yoast_head_json":{"title":"\u25b7HACHA DE ASALTO.70X20 CM. - Kolser","description":"\u2705 R\u00e9plica \u3010 HACHA DE ASALTO \u3011Estilizada hacha de asalto medieval germ\u00e1nica, con asta peque\u00f1a y un hermoso tallado en su hoja met\u00e1lica.","robots":{"index":"index","follow":"follow","max-snippet":"max-snippet:-1","max-image-preview":"max-image-preview:large","max-video-preview":"max-video-preview:-1"},"canonical":"https:\/\/kolser.com\/en\/product\/hacha-de-asalto-70x20-cm\/","og_locale":"en_GB","og_type":"article","og_title":"\u25b7HACHA DE ASALTO.70X20 CM. - Kolser","og_description":"\u2705 R\u00e9plica \u3010 HACHA DE ASALTO \u3011Estilizada hacha de asalto medieval germ\u00e1nica, con asta peque\u00f1a y un hermoso tallado en su hoja met\u00e1lica.","og_url":"https:\/\/kolser.com\/en\/product\/hacha-de-asalto-70x20-cm\/","og_site_name":"Kolser","article_modified_time":"2024-07-26T13:03:03+00:00","og_image":[{"width":600,"height":600,"url":"https:\/\/kolser.com\/wp-content\/uploads\/2021\/12\/KOLSER-REPLICA-ARMA-MEDIEVAL-WEAPON-HACHA-DE-ASALTO70X20-CM45-830.jpg","type":"image\/jpeg"}],"twitter_card":"summary_large_image","twitter_misc":{"Estimated reading time":"1 minute"},"schema":{"@context":"https:\/\/schema.org","@graph":[{"@type":"WebPage","@id":"https:\/\/kolser.com\/producto\/hacha-de-asalto-70x20-cm\/","url":"https:\/\/kolser.com\/producto\/hacha-de-asalto-70x20-cm\/","name":"\u25b7HACHA DE ASALTO.70X20 CM. - Kolser","isPartOf":{"@id":"https:\/\/kolser.com\/#website"},"primaryImageOfPage":{"@id":"https:\/\/kolser.com\/producto\/hacha-de-asalto-70x20-cm\/#primaryimage"},"image":{"@id":"https:\/\/kolser.com\/producto\/hacha-de-asalto-70x20-cm\/#primaryimage"},"thumbnailUrl":"https:\/\/kolser.com\/wp-content\/uploads\/2021\/12\/KOLSER-REPLICA-ARMA-MEDIEVAL-WEAPON-HACHA-DE-ASALTO70X20-CM45-830.jpg","datePublished":"2021-12-11T09:12:52+00:00","dateModified":"2024-07-26T13:03:03+00:00","description":"\u2705 R\u00e9plica \u3010 HACHA DE ASALTO \u3011Estilizada hacha de asalto medieval germ\u00e1nica, con asta peque\u00f1a y un hermoso tallado en su hoja met\u00e1lica.","breadcrumb":{"@id":"https:\/\/kolser.com\/producto\/hacha-de-asalto-70x20-cm\/#breadcrumb"},"inLanguage":"en-GB","potentialAction":[{"@type":"ReadAction","target":["https:\/\/kolser.com\/producto\/hacha-de-asalto-70x20-cm\/"]}]},{"@type":"ImageObject","inLanguage":"en-GB","@id":"https:\/\/kolser.com\/producto\/hacha-de-asalto-70x20-cm\/#primaryimage","url":"https:\/\/kolser.com\/wp-content\/uploads\/2021\/12\/KOLSER-REPLICA-ARMA-MEDIEVAL-WEAPON-HACHA-DE-ASALTO70X20-CM45-830.jpg","contentUrl":"https:\/\/kolser.com\/wp-content\/uploads\/2021\/12\/KOLSER-REPLICA-ARMA-MEDIEVAL-WEAPON-HACHA-DE-ASALTO70X20-CM45-830.jpg","width":600,"height":600,"caption":"R\u00e9plica de hacha de asalto medieval germ\u00e1nica de 70 cm con mango de madera y cabezal met\u00e1lico detalladamente grabado"},{"@type":"BreadcrumbList","@id":"https:\/\/kolser.com\/producto\/hacha-de-asalto-70x20-cm\/#breadcrumb","itemListElement":[{"@type":"ListItem","position":1,"name":"Home","item":"https:\/\/kolser.com\/"},{"@type":"ListItem","position":2,"name":"Cat\u00e1logo","item":"https:\/\/kolser.com\/catalogo\/"},{"@type":"ListItem","position":3,"name":"Ballestas y hachas","item":"https:\/\/kolser.com\/categoria-producto\/ballestas-y-hachas\/"},{"@type":"ListItem","position":4,"name":"Hachas","item":"https:\/\/kolser.com\/categoria-producto\/ballestas-y-hachas\/hachas\/"},{"@type":"ListItem","position":5,"name":"HACHA DE ASALTO.70X20 CM."}]},{"@type":"WebSite","@id":"https:\/\/kolser.com\/#website","url":"https:\/\/kolser.com\/","name":"Kolser","description":"","publisher":{"@id":"https:\/\/kolser.com\/#organization"},"potentialAction":[{"@type":"SearchAction","target":{"@type":"EntryPoint","urlTemplate":"https:\/\/kolser.com\/?s={search_term_string}"},"query-input":{"@type":"PropertyValueSpecification","valueRequired":true,"valueName":"search_term_string"}}],"inLanguage":"en-GB"},{"@type":"Organization","@id":"https:\/\/kolser.com\/#organization","name":"Kolser","url":"https:\/\/kolser.com\/","logo":{"@type":"ImageObject","inLanguage":"en-GB","@id":"https:\/\/kolser.com\/#\/schema\/logo\/image\/","url":"https:\/\/kolser.com\/wp-content\/uploads\/2021\/11\/Logo-Cabecera.png","contentUrl":"https:\/\/kolser.com\/wp-content\/uploads\/2021\/11\/Logo-Cabecera.png","width":979,"height":1358,"caption":"Kolser"},"image":{"@id":"https:\/\/kolser.com\/#\/schema\/logo\/image\/"}}]}},"_links":{"self":[{"href":"https:\/\/kolser.com\/en\/wp-json\/wp\/v2\/product\/13479","targetHints":{"allow":["GET"]}}],"collection":[{"href":"https:\/\/kolser.com\/en\/wp-json\/wp\/v2\/product"}],"about":[{"href":"https:\/\/kolser.com\/en\/wp-json\/wp\/v2\/types\/product"}],"replies":[{"embeddable":true,"href":"https:\/\/kolser.com\/en\/wp-json\/wp\/v2\/comments?post=13479"}],"wp:featuredmedia":[{"embeddable":true,"href":"https:\/\/kolser.com\/en\/wp-json\/wp\/v2\/media\/11134"}],"wp:attachment":[{"href":"https:\/\/kolser.com\/en\/wp-json\/wp\/v2\/media?parent=13479"}],"wp:term":[{"taxonomy":"product_brand","embeddable":true,"href":"https:\/\/kolser.com\/en\/wp-json\/wp\/v2\/product_brand?post=13479"},{"taxonomy":"product_cat","embeddable":true,"href":"https:\/\/kolser.com\/en\/wp-json\/wp\/v2\/product_cat?post=13479"},{"taxonomy":"product_tag","embeddable":true,"href":"https:\/\/kolser.com\/en\/wp-json\/wp\/v2\/product_tag?post=13479"},{"taxonomy":"coleccion","embeddable":true,"href":"https:\/\/kolser.com\/en\/wp-json\/wp\/v2\/coleccion?post=13479"},{"taxonomy":"proposito","embeddable":true,"href":"https:\/\/kolser.com\/en\/wp-json\/wp\/v2\/proposito?post=13479"}],"curies":[{"name":"wp","href":"https:\/\/api.w.org\/{rel}","templated":true}]}}