{"id":179,"date":"2021-11-22T15:06:24","date_gmt":"2021-11-22T15:06:24","guid":{"rendered":"https:\/\/kolser.com\/politica-de-privacidad\/"},"modified":"2025-07-01T11:18:02","modified_gmt":"2025-07-01T09:18:02","slug":"politica-de-privacidad","status":"publish","type":"page","link":"https:\/\/kolser.com\/en\/politica-de-privacidad\/","title":{"rendered":"Privacy Policy"},"content":{"rendered":"<p class=\"translation-block\">The Owner informs you about its Privacy Policy regarding the processing and protection of the personal data of users and customers that may be collected while browsing, purchasing a product, or contracting a service through the Website: https:\/\/kolser.com<\/p>\n\n\n\n<p>In this regard, the Owner guarantees compliance with current regulations on personal data protection, as set out in Organic Law 3\/2018 of December 5, on the Protection of Personal Data and Guarantee of Digital Rights (LOPD GDD). It also complies with Regulation (EU) 2016\/679 of the European Parliament and of the Council of April 27, 2016 on the protection of natural persons (GDPR).<\/p>\n\n\n\n<p class=\"translation-block\">Use of the Website implies acceptance of this Privacy Policy as well as the conditions included in the <a href=\"https:\/\/kolser.com\/en\/aviso-legal\/\" target=\"_self\">Legal Notice<\/a>.<\/p>\n\n\n\n<h2 class=\"wp-block-heading\">Identity of the Controller<\/h2>\n\n\n\n<ul class=\"wp-block-list\">\n<li><strong>Controller:<\/strong>&nbsp; Kolser SL.<\/li>\n\n\n\n<li><strong>CIF:<\/strong>&nbsp;B07108970<\/li>\n\n\n\n<li><strong>EU VAT number<\/strong>: ESB07108970<\/li>\n\n\n\n<li><strong>Address:<\/strong>&nbsp; TRECADORS, 2 07750 FERRERIES., Baleares &#8211; Espa\u00f1a.<\/li>\n\n\n\n<li><strong>E-mail:<\/strong>&nbsp; marketing@kolser.com<\/li>\n\n\n\n<li><strong>Website:<\/strong>&nbsp;&nbsp;<a href=\"https:\/\/kolser.com\/en\/politica-de-privacidad\/\">https:\/\/kolser.com<\/a><\/li>\n<\/ul>\n\n\n\n<h2 class=\"wp-block-heading\">Principles Applied to Data Processing<\/h2>\n\n\n\n<p>In processing your personal data, the Owner will apply the following principles that comply with the requirements of the new European data protection regulation (GDPR):<\/p>\n\n\n\n<ul class=\"wp-block-list\">\n<li>Lawfulness, fairness, and transparency principle: The Owner will always require consent for the processing of personal data, which may be for one or more specific purposes, about which the Owner will inform the User beforehand with absolute transparency.<\/li>\n\n\n\n<li>Data minimization principle: The Owner will request only the data strictly necessary for the purpose or purposes for which it is collected.<\/li>\n\n\n\n<li class=\"translation-block\">Storage limitation principle: The Owner will retain the personal data collected for no longer than is strictly necessary for the purpose or purposes of the processing. The Owner will inform the User of the corresponding retention period depending on the purpose. <br>In the case of subscriptions, the Owner will periodically review the lists and delete those records that have been inactive for a considerable period.<\/li>\n\n\n\n<li class=\"translation-block\">Integrity and confidentiality principle: The personal data collected will be processed in such a way as to ensure its security, confidentiality, and integrity. <br>The Owner takes the necessary precautions to prevent unauthorized access or misuse of its users\u2019 data by third parties.<\/li>\n<\/ul>\n\n\n\n<h2 class=\"wp-block-heading\">Collection of Personal Data<\/h2>\n\n\n\n<p>It is not necessary to provide any personal data in order to browse the Website.<\/p>\n\n\n\n<p>You do provide your personal data in the following cases:<\/p>\n\n\n\n<ul class=\"wp-block-list\">\n<li>When purchasing a product or contracting a service.<\/li>\n\n\n\n<li>When signing up via a subscription form or a newsletter managed by the Owner through Brevo.<\/li>\n<\/ul>\n\n\n\n<h2 class=\"wp-block-heading\">Rights<\/h2>\n\n\n\n<p>The Owner informs you that, regarding your personal data, you have the right to:<\/p>\n\n\n\n<ul class=\"wp-block-list\">\n<li>Request access to the stored data.<\/li>\n\n\n\n<li>Request rectification or deletion.<\/li>\n\n\n\n<li>Request the restriction of processing.<\/li>\n\n\n\n<li>Object to processing.<\/li>\n<\/ul>\n\n\n\n<p>You cannot exercise the right to data portability.<\/p>\n\n\n\n<p>The exercise of these rights is personal, and therefore must be carried out directly by the data subject by requesting it directly from the Owner. This means that any customer, subscriber, or collaborator who has provided their data at any time can contact the Owner and request information about the data stored and how it was obtained, request rectification, object to processing, limit its use, or request deletion of that data from the Owner\u2019s files.<\/p>\n\n\n\n<p>To exercise your rights, you must send your request along with a photocopy of your National Identity Document or equivalent to the email address: marketing@kolser.com<\/p>\n\n\n\n<p>The exercise of these rights does not include any data that the Owner is obliged to keep for administrative, legal, or security purposes.<\/p>\n\n\n\n<p>You have the right to effective judicial protection and to lodge a complaint with the supervisory authority, in this case the Spanish Data Protection Agency, if you believe that the processing of personal data concerning you violates the Regulation.<\/p>\n\n\n\n<h2 class=\"wp-block-heading\" id=\"finalidad-del-tratamiento-de-datos-personales\">Purpose of Processing Personal Data<\/h2>\n\n\n\n<p>When you connect to the Website to send an email to the Owner, subscribe to its newsletter, or contract a product or service, you are providing personal information for which the Owner is responsible. This information may include personal data such as your IP address, full name, physical address, email address, telephone number, and other information. By providing this information, you give your consent for your data to be collected, used, managed, and stored by \u2014 Professional Hosting \u2014 only as described on the following pages:<\/p>\n\n\n\n<ul class=\"wp-block-list\">\n<li><a href=\"https:\/\/kolser.com\/en\/aviso-legal\/\">Legal warning<\/a><\/li>\n\n\n\n<li><a href=\"https:\/\/kolser.com\/en\/politica-de-privacidad\/\">Privacy Policy<\/a><\/li>\n<\/ul>\n\n\n\n<p>Personal data and the purpose of processing by the Owner vary depending on the information capture system:<\/p>\n\n\n\n<ul class=\"wp-block-list\">\n<li>Product or service order forms: The Owner requests personal data, which may include: full name, identity document (tax ID, foreigner ID number, passport, or residence permit), email address, postal address, telephone number, and payment data (payment methods or bank details) in order to maintain a commercial relationship with the User, ship orders, provide contracted services, and carry out invoicing and collection for the contracted products or services.<\/li>\n\n\n\n<li>Content subscription forms: The Owner requests the following personal data: full name, email address, telephone number, and website address in order to manage the subscription list, send newsletters, promotions, and special offers. The personal data provided to the Owner will be stored on Brevo\u2019s servers.<\/li>\n<\/ul>\n\n\n\n<p>There are other purposes for which the Owner processes personal data:<\/p>\n\n\n\n<ul class=\"wp-block-list\">\n<li>To ensure compliance with the conditions set out on the Legal Notice page and with applicable law. This may include developing tools and algorithms that help the Website ensure the confidentiality of the personal data it collects.<\/li>\n\n\n\n<li>To support and improve the services offered by this Website.<\/li>\n\n\n\n<li class=\"translation-block\">To analyze user browsing. The Owner collects other non-identifying data obtained through the use of cookies that are downloaded to the User\u2019s computer when browsing the Website. The characteristics and purpose of these cookies are detailed on the <a href=\"https:\/\/kolser.com\/en\/politica-de-cookies\/\" target=\"_self\">Cookies Policy<\/a> page.<\/li>\n<\/ul>\n\n\n\n<h2 class=\"wp-block-heading\">Security of Personal Data<\/h2>\n\n\n\n<p>To protect your personal data, the Owner takes all reasonable precautions and follows industry best practices to prevent its loss, misuse, unauthorized access, disclosure, alteration, or destruction.<\/p>\n\n\n\n<p>The Website is hosted by: Professional Hosting. Data security is guaranteed, as they take all necessary security measures. You can consult their privacy policy for more information.<\/p>\n\n\n\n<p>The Owner informs the User that their personal data will not be transferred to third-party organizations, except where such data transfer is supported by a legal obligation or when providing a service requires a contractual relationship with a data processor. In this latter case, data will only be transferred to the third party when the Owner has the User\u2019s express consent.<\/p>\n\n\n\n<p>However, in some cases, collaborations may be carried out with other professionals. In such cases, the User\u2019s consent will be requested, providing information about the identity of the collaborator and the purpose of the collaboration. This will always be done under the strictest security standards.<\/p>\n\n\n\n<h2 class=\"wp-block-heading\">Content from Other Websites<\/h2>\n\n\n\n<p>The pages of this Website may include embedded content (e.g., videos, images, articles, etc.). Embedded content from other websites behaves in exactly the same way as if you had visited the other website.<\/p>\n\n\n\n<p>These websites may collect data about you, use cookies, embed additional third-party tracking code, and monitor your interaction using this code.<\/p>\n\n\n\n<h2 class=\"wp-block-heading\">Cookies policy<\/h2>\n\n\n\n<p>For this Website to function properly, it needs to use cookies, which are pieces of information stored in your web browser.<\/p>\n\n\n\n<p class=\"translation-block\">You can consult all the information regarding the collection and processing of cookies on the <a href=\"https:\/\/kolser.com\/en\/politica-de-cookies\/\" target=\"_self\">Cookies Policy<\/a> page.<\/p>\n\n\n\n<h2 class=\"wp-block-heading\">Legal Basis for Data Processing<\/h2>\n\n\n\n<p>The legal basis for processing your data is:<\/p>\n\n\n\n<ul class=\"wp-block-list\">\n<li>The data subject\u2019s consent.<\/li>\n\n\n\n<li>Performance of a contract or the application of pre-contractual measures with the data subject, in order to provide a product or service acquired from the Owner.<\/li>\n\n\n\n<li>Compliance with legal obligations.<\/li>\n<\/ul>\n\n\n\n<h2 class=\"wp-block-heading\">Categories of Personal Data<\/h2>\n\n\n\n<p>The categories of personal data processed by the Owner are:<\/p>\n\n\n\n<ul class=\"wp-block-list\">\n<li>Identification data.<\/li>\n\n\n\n<li>No special categories of personal data are processed.<\/li>\n<\/ul>\n\n\n\n<h2 class=\"wp-block-heading\">Retention of Personal Data<\/h2>\n\n\n\n<p>The personal data provided to the Owner will be retained until you request its deletion.<\/p>\n\n\n\n<h2 class=\"wp-block-heading\">Recipients of Personal Data<\/h2>\n\n\n\n<ul class=\"wp-block-list\">\n<li class=\"translation-block\"><strong>Brevo<\/strong>. 106 boulevard Haussmann. Postal code: 75008 Paris.<br>\nMore information at: <a href=\"https:\/\/www.brevo.com\/legal\/privacypolicy\/\" target=\"_blank\" rel=\"noreferrer noopener\">https:\/\/www.brevo.com\/legal\/privacypolicy\/<\/a><br>\nSendinblue SAS (Brevo) processes data for the purpose of providing its email marketing services to the Owner.<\/li>\n\n\n\n<li class=\"translation-block\"><strong>Google Analytics<\/strong> is a web analytics service provided by Google, Inc., a Delaware company with its main office at 1600 Amphitheatre Parkway, Mountain View (California), CA 94043, United States (\"Google\").<br>\nGoogle Analytics uses \"cookies,\" which are text files placed on your computer, to help the Owner analyze how Users use the Website. The information generated by the cookie about your use of the Website (including your IP address) will be directly transmitted to and stored by Google on servers in the United States.<br>\nMore information at: <a href=\"https:\/\/policies.google.com\/privacy?hl=es-ES\" target=\"_blank\" rel=\"noreferrer noopener\">https:\/\/analytics.google.com<\/a><\/li>\n<\/ul>\n\n\n\n<p class=\"translation-block\">You can consult how Google manages privacy regarding the use of cookies and other information on Google\u2019s Privacy Policy page: <a target=\"_blank\" href=\"https:\/\/policies.google.com\/privacy?hl=es\" rel=\"noreferrer noopener\">https:\/\/policies.google.com\/privacy?hl=es<\/a><\/p>\n\n\n\n<p>You can also see a list of the types of cookies Google and its partners use and all the information regarding their use of advertising cookies at:<\/p>\n\n\n\n<ul class=\"wp-block-list\">\n<li><a href=\"https:\/\/policies.google.com\/technologies\/types?hl=es\" target=\"_blank\" rel=\"noreferrer noopener\">Types of cookies used by Google<\/a><\/li>\n\n\n\n<li><a href=\"https:\/\/policies.google.com\/technologies\/ads?hl=es\" target=\"_blank\" rel=\"noreferrer noopener\">How Google uses cookies in advertising<\/a>.<\/li>\n<\/ul>\n\n\n\n<h2 class=\"wp-block-heading\">Web Browsing<\/h2>\n\n\n\n<p>When browsing the Website, non-identifying data may be collected, which may include your IP address, geolocation, a record of how services and sites are used, browsing habits, and other data that cannot be used to identify you.<\/p>\n\n\n\n<p>The Website uses the following third-party analytics services:<\/p>\n\n\n\n<ul class=\"wp-block-list\">\n<li>Google Analytics<\/li>\n<\/ul>\n\n\n\n<p>The Owner uses the information obtained to gather statistical data, analyze trends, administer the site, study browsing patterns, and collect demographic information.<\/p>\n\n\n\n<p>The Owner is not responsible for the processing of personal data carried out by websites that you may access through the various links contained on the Website.<\/p>\n\n\n\n<h2 class=\"wp-block-heading\">Accuracy and Truthfulness of Personal Data<\/h2>\n\n\n\n<p>You agree that the data provided to the Owner is correct, complete, accurate, and up to date, and you undertake to keep it properly updated.<\/p>\n\n\n\n<p>As a User of the Website, you are solely responsible for the truthfulness and accuracy of the data submitted to the Website, thereby releasing the Owner from any liability in this regard.<\/p>\n\n\n\n<h2 class=\"wp-block-heading\">Acceptance and Consent<\/h2>\n\n\n\n<p>As a User of the Website, you declare that you have been informed of the conditions regarding the protection of personal data, and you accept and consent to the processing of such data by the Owner in the manner and for the purposes indicated in this Privacy Policy.<\/p>\n\n\n\n<p>To contact the Owner, subscribe to a newsletter, or post comments on this Website, you must accept this Privacy Policy.<\/p>\n\n\n\n<h2 class=\"wp-block-heading\">Changes to the Privacy Policy<\/h2>\n\n\n\n<p>The Owner reserves the right to modify this Privacy Policy to adapt it to new legislation or case law, as well as to industry practices.<\/p>\n\n\n\n<p>These policies will remain in effect until they are replaced by duly published new policies.<\/p>","protected":false},"excerpt":{"rendered":"<p>El Titular le informa sobre su Pol\u00edtica de Privacidad respecto del tratamiento y protecci\u00f3n de los datos de car\u00e1cter personal de los usuarios y clientes que puedan ser recabados durante la navegaci\u00f3n, al comprar un producto o al contratar un servicio a trav\u00e9s del Sitio Web:&nbsp;https:\/\/kolser.com En este sentido, el Titular garantiza el cumplimiento de [&hellip;]<\/p>\n","protected":false},"author":1,"featured_media":0,"parent":0,"menu_order":0,"comment_status":"closed","ping_status":"closed","template":"","meta":{"footnotes":""},"class_list":["post-179","page","type-page","status-publish","hentry"],"yoast_head":"<!-- This site is optimized with the Yoast SEO plugin v27.4 - https:\/\/yoast.com\/product\/yoast-seo-wordpress\/ -->\n<title>Pol\u00edtica de Privacidad | R\u00e9plicas de Armas de Calidad - Kolser<\/title>\n<meta name=\"description\" content=\"Conoce la pol\u00edtica de privacidad de Kolser. Descubre c\u00f3mo protegemos tus datos y garantizamos su uso seguro y transparente. Lee m\u00e1s aqu\u00ed.\" \/>\n<meta name=\"robots\" content=\"noindex, nofollow\" \/>\n<meta property=\"og:locale\" content=\"en_GB\" \/>\n<meta property=\"og:type\" content=\"article\" \/>\n<meta property=\"og:title\" content=\"Pol\u00edtica de Privacidad | R\u00e9plicas de Armas de Calidad - Kolser\" \/>\n<meta property=\"og:description\" content=\"Conoce la pol\u00edtica de privacidad de Kolser. Descubre c\u00f3mo protegemos tus datos y garantizamos su uso seguro y transparente. Lee m\u00e1s aqu\u00ed.\" \/>\n<meta property=\"og:url\" content=\"https:\/\/kolser.com\/en\/politica-de-privacidad\/\" \/>\n<meta property=\"og:site_name\" content=\"Kolser\" \/>\n<meta property=\"article:modified_time\" content=\"2025-07-01T09:18:02+00:00\" \/>\n<meta name=\"twitter:card\" content=\"summary_large_image\" \/>\n<meta name=\"twitter:label1\" content=\"Estimated reading time\" \/>\n\t<meta name=\"twitter:data1\" content=\"9 minutes\" \/>\n<script type=\"application\/ld+json\" class=\"yoast-schema-graph\">{\"@context\":\"https:\\\/\\\/schema.org\",\"@graph\":[{\"@type\":\"WebPage\",\"@id\":\"https:\\\/\\\/kolser.com\\\/politica-de-privacidad\\\/\",\"url\":\"https:\\\/\\\/kolser.com\\\/politica-de-privacidad\\\/\",\"name\":\"Pol\u00edtica de Privacidad | R\u00e9plicas de Armas de Calidad - Kolser\",\"isPartOf\":{\"@id\":\"https:\\\/\\\/kolser.com\\\/#website\"},\"datePublished\":\"2021-11-22T15:06:24+00:00\",\"dateModified\":\"2025-07-01T09:18:02+00:00\",\"description\":\"Conoce la pol\u00edtica de privacidad de Kolser. Descubre c\u00f3mo protegemos tus datos y garantizamos su uso seguro y transparente. Lee m\u00e1s aqu\u00ed.\",\"breadcrumb\":{\"@id\":\"https:\\\/\\\/kolser.com\\\/politica-de-privacidad\\\/#breadcrumb\"},\"inLanguage\":\"en-GB\",\"potentialAction\":[{\"@type\":\"ReadAction\",\"target\":[\"https:\\\/\\\/kolser.com\\\/politica-de-privacidad\\\/\"]}]},{\"@type\":\"BreadcrumbList\",\"@id\":\"https:\\\/\\\/kolser.com\\\/politica-de-privacidad\\\/#breadcrumb\",\"itemListElement\":[{\"@type\":\"ListItem\",\"position\":1,\"name\":\"Home\",\"item\":\"https:\\\/\\\/kolser.com\\\/\"},{\"@type\":\"ListItem\",\"position\":2,\"name\":\"Pol\u00edtica de Privacidad\"}]},{\"@type\":\"WebSite\",\"@id\":\"https:\\\/\\\/kolser.com\\\/#website\",\"url\":\"https:\\\/\\\/kolser.com\\\/\",\"name\":\"Kolser\",\"description\":\"\",\"publisher\":{\"@id\":\"https:\\\/\\\/kolser.com\\\/#organization\"},\"potentialAction\":[{\"@type\":\"SearchAction\",\"target\":{\"@type\":\"EntryPoint\",\"urlTemplate\":\"https:\\\/\\\/kolser.com\\\/?s={search_term_string}\"},\"query-input\":{\"@type\":\"PropertyValueSpecification\",\"valueRequired\":true,\"valueName\":\"search_term_string\"}}],\"inLanguage\":\"en-GB\"},{\"@type\":\"Organization\",\"@id\":\"https:\\\/\\\/kolser.com\\\/#organization\",\"name\":\"Kolser\",\"url\":\"https:\\\/\\\/kolser.com\\\/\",\"logo\":{\"@type\":\"ImageObject\",\"inLanguage\":\"en-GB\",\"@id\":\"https:\\\/\\\/kolser.com\\\/#\\\/schema\\\/logo\\\/image\\\/\",\"url\":\"https:\\\/\\\/kolser.com\\\/wp-content\\\/uploads\\\/2021\\\/11\\\/Logo-Cabecera.png\",\"contentUrl\":\"https:\\\/\\\/kolser.com\\\/wp-content\\\/uploads\\\/2021\\\/11\\\/Logo-Cabecera.png\",\"width\":979,\"height\":1358,\"caption\":\"Kolser\"},\"image\":{\"@id\":\"https:\\\/\\\/kolser.com\\\/#\\\/schema\\\/logo\\\/image\\\/\"}}]}<\/script>\n<!-- \/ Yoast SEO plugin. -->","yoast_head_json":{"title":"Pol\u00edtica de Privacidad | R\u00e9plicas de Armas de Calidad - Kolser","description":"Conoce la pol\u00edtica de privacidad de Kolser. Descubre c\u00f3mo protegemos tus datos y garantizamos su uso seguro y transparente. Lee m\u00e1s aqu\u00ed.","robots":{"index":"noindex","follow":"nofollow"},"og_locale":"en_GB","og_type":"article","og_title":"Pol\u00edtica de Privacidad | R\u00e9plicas de Armas de Calidad - Kolser","og_description":"Conoce la pol\u00edtica de privacidad de Kolser. Descubre c\u00f3mo protegemos tus datos y garantizamos su uso seguro y transparente. Lee m\u00e1s aqu\u00ed.","og_url":"https:\/\/kolser.com\/en\/politica-de-privacidad\/","og_site_name":"Kolser","article_modified_time":"2025-07-01T09:18:02+00:00","twitter_card":"summary_large_image","twitter_misc":{"Estimated reading time":"9 minutes"},"schema":{"@context":"https:\/\/schema.org","@graph":[{"@type":"WebPage","@id":"https:\/\/kolser.com\/politica-de-privacidad\/","url":"https:\/\/kolser.com\/politica-de-privacidad\/","name":"Pol\u00edtica de Privacidad | R\u00e9plicas de Armas de Calidad - Kolser","isPartOf":{"@id":"https:\/\/kolser.com\/#website"},"datePublished":"2021-11-22T15:06:24+00:00","dateModified":"2025-07-01T09:18:02+00:00","description":"Conoce la pol\u00edtica de privacidad de Kolser. Descubre c\u00f3mo protegemos tus datos y garantizamos su uso seguro y transparente. Lee m\u00e1s aqu\u00ed.","breadcrumb":{"@id":"https:\/\/kolser.com\/politica-de-privacidad\/#breadcrumb"},"inLanguage":"en-GB","potentialAction":[{"@type":"ReadAction","target":["https:\/\/kolser.com\/politica-de-privacidad\/"]}]},{"@type":"BreadcrumbList","@id":"https:\/\/kolser.com\/politica-de-privacidad\/#breadcrumb","itemListElement":[{"@type":"ListItem","position":1,"name":"Home","item":"https:\/\/kolser.com\/"},{"@type":"ListItem","position":2,"name":"Pol\u00edtica de Privacidad"}]},{"@type":"WebSite","@id":"https:\/\/kolser.com\/#website","url":"https:\/\/kolser.com\/","name":"Kolser","description":"","publisher":{"@id":"https:\/\/kolser.com\/#organization"},"potentialAction":[{"@type":"SearchAction","target":{"@type":"EntryPoint","urlTemplate":"https:\/\/kolser.com\/?s={search_term_string}"},"query-input":{"@type":"PropertyValueSpecification","valueRequired":true,"valueName":"search_term_string"}}],"inLanguage":"en-GB"},{"@type":"Organization","@id":"https:\/\/kolser.com\/#organization","name":"Kolser","url":"https:\/\/kolser.com\/","logo":{"@type":"ImageObject","inLanguage":"en-GB","@id":"https:\/\/kolser.com\/#\/schema\/logo\/image\/","url":"https:\/\/kolser.com\/wp-content\/uploads\/2021\/11\/Logo-Cabecera.png","contentUrl":"https:\/\/kolser.com\/wp-content\/uploads\/2021\/11\/Logo-Cabecera.png","width":979,"height":1358,"caption":"Kolser"},"image":{"@id":"https:\/\/kolser.com\/#\/schema\/logo\/image\/"}}]}},"_links":{"self":[{"href":"https:\/\/kolser.com\/en\/wp-json\/wp\/v2\/pages\/179","targetHints":{"allow":["GET"]}}],"collection":[{"href":"https:\/\/kolser.com\/en\/wp-json\/wp\/v2\/pages"}],"about":[{"href":"https:\/\/kolser.com\/en\/wp-json\/wp\/v2\/types\/page"}],"author":[{"embeddable":true,"href":"https:\/\/kolser.com\/en\/wp-json\/wp\/v2\/users\/1"}],"replies":[{"embeddable":true,"href":"https:\/\/kolser.com\/en\/wp-json\/wp\/v2\/comments?post=179"}],"version-history":[{"count":12,"href":"https:\/\/kolser.com\/en\/wp-json\/wp\/v2\/pages\/179\/revisions"}],"predecessor-version":[{"id":18683,"href":"https:\/\/kolser.com\/en\/wp-json\/wp\/v2\/pages\/179\/revisions\/18683"}],"wp:attachment":[{"href":"https:\/\/kolser.com\/en\/wp-json\/wp\/v2\/media?parent=179"}],"curies":[{"name":"wp","href":"https:\/\/api.w.org\/{rel}","templated":true}]}}