{"id":15609,"date":"2023-06-25T15:15:09","date_gmt":"2023-06-25T15:15:09","guid":{"rendered":"https:\/\/kolser.com\/?post_type=product&#038;p=15609"},"modified":"2026-03-06T14:22:34","modified_gmt":"2026-03-06T12:22:34","slug":"replica-colt-navy-1851","status":"publish","type":"product","link":"https:\/\/kolser.com\/de\/producto\/replica-colt-navy-1851\/","title":{"rendered":"REPLIKA COLT NAVY 1851"},"content":{"rendered":"<p>Conoce la <strong>r\u00e9plica Colt Navy 1851<\/strong>, la m\u00e1s fiel de todas las reproducciones non-firing de una de las armas m\u00e1s legendarias del Viejo Oeste. Esta pieza hist\u00f3rica est\u00e1 fabricada con los materiales m\u00e1s exclusivos, logrando un acabado y peso similar al <strong>original Colt Navy<\/strong>. La r\u00e9plica <strong>Colt Navy 1851<\/strong> de Kolser no solo es un art\u00edculo decorativo, sino una pieza funcional que recrea a la perfecci\u00f3n los movimientos y sensaciones del rev\u00f3lver original. Reproduce todo el mecanismo de disparo incluyendo tambi\u00e9n el sistema de seguridad en el gatillo. Garantiza una experiencia aut\u00e9ntica, permiti\u00e9ndote revivir la historia del <strong>rev\u00f3lver Colt Navy<\/strong> en tus manos.<\/p>\n<p><iframe title=\"New Navy by Kolser\" width=\"800\" height=\"450\" src=\"https:\/\/www.youtube.com\/embed\/HIHPCPzCOhs?feature=oembed&#038;enablejsapi=1&#038;origin=https:\/\/kolser.com\" frameborder=\"0\" allow=\"accelerometer; autoplay; clipboard-write; encrypted-media; gyroscope; picture-in-picture; web-share\" referrerpolicy=\"strict-origin-when-cross-origin\" allowfullscreen><\/iframe><\/p>\n<p>Para los verdaderos coleccionistas de <strong>r\u00e9plicas de armas hist\u00f3ricas<\/strong>, esta r\u00e9plica est\u00e1 adaptada para el uso de fulminantes, lo que te permite recrear la experiencia completa de disparo sin comprometer la autenticidad. Ya no tienes que imaginar tener esta joya hist\u00f3rica, ahora est\u00e1 al alcance de tu mano con Kolser.<\/p>\n<h2 style=\"text-align: left;\">Ensamblaje y detalles t\u00e9cnicos<\/h2>\n<p>Disponible en acabados como el <strong>latonado negro envejecido<\/strong> o <strong>metal envejecido<\/strong>, cada r\u00e9plica de Kolser es el resultado de un meticuloso proceso de envejecimiento del metal, que garantiza una autenticidad y un realismo incomparables. Con dimensiones y peso muy similares a los del arma original, esta r\u00e9plica del <strong>Colt Navy 1851<\/strong> no solo imita la apariencia, sino que tambi\u00e9n proporciona una sensaci\u00f3n t\u00e1ctil casi id\u00e9ntica a la de sostener el hist\u00f3rico rev\u00f3lver.<\/p>\n<ul>\n<li><strong>Material:<\/strong> Fabricada en Zamak con cachas de madera de alta calidad.<\/li>\n<li><strong>Acabados disponibles:<\/strong> Metal envejecido y lat\u00f3n; lat\u00f3n y negro; metal envejecido; metal negro envejecido<\/li>\n<li><strong>Peso:<\/strong> 1,040 kg, para una sensaci\u00f3n aut\u00e9ntica al sostenerla.<\/li>\n<li><strong>Medidas:<\/strong> 33,5 cm.<\/li>\n<li><strong>Mecanismo:<\/strong> Funcional, con disparo simulado.<\/li>\n<li><strong>Adaptaci\u00f3n para fulminantes:<\/strong> S\u00ed, para una experiencia a\u00fan m\u00e1s realista.<\/li>\n<\/ul>\n<p><img fetchpriority=\"high\" decoding=\"async\" class=\"alignnone size-medium wp-image-15623\" src=\"https:\/\/kolser.com\/wp-content\/uploads\/2023\/06\/Kolser-replica-Navy-1851-instructions-800x539.png\" alt=\"\" width=\"800\" height=\"539\" srcset=\"https:\/\/kolser.com\/wp-content\/uploads\/2023\/06\/Kolser-replica-Navy-1851-instructions-800x539.png 800w, https:\/\/kolser.com\/wp-content\/uploads\/2023\/06\/Kolser-replica-Navy-1851-instructions-1603x1080.png 1603w, https:\/\/kolser.com\/wp-content\/uploads\/2023\/06\/Kolser-replica-Navy-1851-instructions-768x517.png 768w, https:\/\/kolser.com\/wp-content\/uploads\/2023\/06\/Kolser-replica-Navy-1851-instructions-1536x1035.png 1536w, https:\/\/kolser.com\/wp-content\/uploads\/2023\/06\/Kolser-replica-Navy-1851-instructions-2048x1380.png 2048w, https:\/\/kolser.com\/wp-content\/uploads\/2023\/06\/Kolser-replica-Navy-1851-instructions-18x12.png 18w, https:\/\/kolser.com\/wp-content\/uploads\/2023\/06\/Kolser-replica-Navy-1851-instructions-600x404.png 600w\" sizes=\"(max-width: 800px) 100vw, 800px\" \/><\/p>\n<h2 style=\"text-align: left;\">El Colt Navy 1851, una pieza emblem\u00e1tica del Viejo Oeste<\/h2>\n<p>Revive la historia con la r\u00e9plica Colt Navy 1851 de Kolser, una fiel representaci\u00f3n del rev\u00f3lver calibre .36 que defini\u00f3 una era. Esta pieza de colecci\u00f3n captura la esencia de una de las armas m\u00e1s emblem\u00e1ticas previas a la Guerra de Secesi\u00f3n.<\/p>\n<p><iframe title=\"Colt Navy 1851 by Kolser. Recommended by experts.\" width=\"800\" height=\"450\" src=\"https:\/\/www.youtube.com\/embed\/GUN6hmtISI0?feature=oembed&#038;enablejsapi=1&#038;origin=https:\/\/kolser.com\" frameborder=\"0\" allow=\"accelerometer; autoplay; clipboard-write; encrypted-media; gyroscope; picture-in-picture; web-share\" referrerpolicy=\"strict-origin-when-cross-origin\" allowfullscreen><\/iframe><\/p>\n<p>La r\u00e9plica del rev\u00f3lver <strong>Colt Navy<\/strong> calibre .36 del a\u00f1o 1851, creada por Kolser, no es solo una pieza de colecci\u00f3n, es un pedazo de historia. Este modelo reproduce la pistola dise\u00f1ada por Samuel Colt, que se mantuvo en producci\u00f3n hasta 1873 y se convirti\u00f3 en una leyenda en el mundo de las armas de fuego. Con su construcci\u00f3n en metal y cachas de madera, esta r\u00e9plica refleja la calidad y el dise\u00f1o del arma original, incluyendo un mecanismo funcional de tres posiciones con bloqueo y un tambor de seis rec\u00e1maras, adaptado adem\u00e1s para el uso de fulminantes.<\/p>\n<p>Originalmente conocida como la Pistola Rotativa de Cintur\u00f3n Colt de Calibre Naval, esta arma fue el rev\u00f3lver de elecci\u00f3n para muchas figuras hist\u00f3ricas y la mayor\u00eda de los rangers antes de la Guerra de Secesi\u00f3n. Su precisi\u00f3n, fiabilidad y durabilidad la hicieron destacar en una \u00e9poca de grandes cambios y desaf\u00edos.<\/p>\n<p>\u00a1Haz tuyo el Colt Navy 1851 hoy mismo y revive la historia en tus manos!<\/p>\n<h2 style=\"text-align: left;\">\u00bfPor qu\u00e9 elegir Kolser?<\/h2>\n<p>Kolser se ha ganado un reconocimiento en el mercado de las <strong>r\u00e9plicas de armas hist\u00f3ricas<\/strong> por su excepcional calidad y realismo. Cada pieza es dise\u00f1ada y ensamblada manualmente, asegurando que cada r\u00e9plica no solo cumpla con los est\u00e1ndares de coleccionistas y aficionados a la historia, sino que tambi\u00e9n celebre la ingenier\u00eda y el arte que hicieron del <strong>Colt Navy 1851<\/strong> una leyenda en s\u00ed misma.<\/p>\n<p><strong>Esto es lo que nos diferencia frente a la competencia:<\/strong><br \/>\nA diferencia de otras marcas en el mercado, Kolser ofrece una experiencia superior en cuanto a calidad de materiales y funcionalidad. <strong>Cada r\u00e9plica de Kolser es \u00fanica<\/strong>, creada por expertos artesanos para garantizar que cada pieza sea una obra maestra que trasciende la simple apariencia y se convierte en una pieza funcional de historia.<\/p>\n<p><script type=\"application\/ld+json\">\n{\n  \"@context\": \"https:\/\/schema.org\",\n  \"@type\": \"FAQPage\",\n  \"mainEntity\": [\n    {\n      \"@type\": \"Question\",\n      \"name\": \"\u00bfC\u00f3mo desensamblar el ca\u00f1\u00f3n de la r\u00e9plica?\",\n      \"acceptedAnswer\": {\n        \"@type\": \"Answer\",\n        \"text\": \"Para separar el ca\u00f1\u00f3n de la r\u00e9plica del Colt Navy 1851, primero debes aflojar el tornillo de sujeci\u00f3n de la cu\u00f1a para poder retirarla. Luego, desliza el ca\u00f1\u00f3n hacia adelante y separa el tambor del armaz\u00f3n.\"\n      }\n    },\n    {\n      \"@type\": \"Question\",\n      \"name\": \"How do I disassemble the barrel from the replica?\",\n      \"acceptedAnswer\": {\n        \"@type\": \"Answer\",\n        \"text\": \"To detach the barrel from the Colt Navy 1851 replica, loosen the wedge screw and remove the wedge. Then slide the barrel forward and separate the cylinder from the frame.\"\n      }\n    },\n    {\n      \"@type\": \"Question\",\n      \"name\": \"\u00bfQu\u00e9 diferencia a esta r\u00e9plica del modelo original?\",\n      \"acceptedAnswer\": {\n        \"@type\": \"Answer\",\n        \"text\": \"Aunque el dise\u00f1o, el peso y los acabados son casi id\u00e9nticos a los del Colt Navy 1851 original, esta r\u00e9plica est\u00e1 pensada para recreaciones, fines decorativos y de colecci\u00f3n. Esta r\u00e9plica de Kolser no est\u00e1 adaptada para el uso con munici\u00f3n real, solamente puede ser utilizada con fulminantes.\"\n      }\n    },\n    {\n      \"@type\": \"Question\",\n      \"name\": \"How does this replica differ from the original model?\",\n      \"acceptedAnswer\": {\n        \"@type\": \"Answer\",\n        \"text\": \"While the design, weight, and finish closely match the original 1851 Colt Navy, this replica is intended for reenactments, display, and collecting. It is not designed for use with real ammunition and should only be used with percussion caps.\"\n      }\n    },\n    {\n      \"@type\": \"Question\",\n      \"name\": \"\u00bfQu\u00e9 mantenimiento tiene esta r\u00e9plica?\",\n      \"acceptedAnswer\": {\n        \"@type\": \"Answer\",\n        \"text\": \"El mantenimiento de las r\u00e9plicas Kolser es m\u00ednimo, ya que solo entran en contacto con una peque\u00f1a cantidad de p\u00f3lvora al usarlas con fulminantes. Puedes descargarte, de forma gratuita, el manual de mantenimiento para las r\u00e9plicas de Kolser aqu\u00ed. <a href='https:\/\/kolser.com\/descargables\/' target='_blank' rel='noopener'>Descargar manual<\/a>\"\n      }\n    },\n    {\n      \"@type\": \"Question\",\n      \"name\": \"How should I maintain the replica?\",\n      \"acceptedAnswer\": {\n        \"@type\": \"Answer\",\n        \"text\": \"Kolser replicas require minimal maintenance, as they only interact with a small amount of powder when used with caps. You can download our free maintenance guide here: <a href='https:\/\/kolser.com\/descargables\/' target='_blank' rel='noopener'>Download guide<\/a>\"\n      }\n    },\n    {\n      \"@type\": \"Question\",\n      \"name\": \"\u00bfQu\u00e9 tipo de fulminantes utiliz\u00e1is con las r\u00e9plicas?\",\n      \"acceptedAnswer\": {\n        \"@type\": \"Answer\",\n        \"text\": \"La mayor\u00eda de nuestras r\u00e9plicas est\u00e1n adaptadas para fulminantes est\u00e1ndar que puedes encontrar en jugueter\u00edas y tiendas especializadas.\"\n      }\n    },\n    {\n      \"@type\": \"Question\",\n      \"name\": \"What type of percussion caps can be used?\",\n      \"acceptedAnswer\": {\n        \"@type\": \"Answer\",\n        \"text\": \"Most of our replicas are compatible with standard percussion caps, widely available at toy stores and specialty shops.\"\n      }\n    }\n  ]\n}\n<\/script><\/p>\n<h2 style=\"text-align: left;\">Preguntas frecuentes sobre nuestra r\u00e9plica Colt Navy 1851<\/h2>\n<div class=\"faq-accordion\">\n<div class=\"faq-item\">\n<h3 class=\"faq-question\">\u00bfC\u00f3mo desensamblar el ca\u00f1\u00f3n de la r\u00e9plica?<\/h3>\n<div class=\"faq-answer\">\n<p>Para separar el ca\u00f1\u00f3n de la r\u00e9plica del Colt Navy 1851, primero debes aflojar el tornillo de sujeci\u00f3n de la cu\u00f1a para poder retirarla. Luego, desliza el ca\u00f1\u00f3n hacia adelante y separa el tambor del armaz\u00f3n.<\/p>\n<\/div>\n<\/div>\n<div class=\"faq-item\">\n<h3 class=\"faq-question\">\u00bfQu\u00e9 diferencia a esta r\u00e9plica del modelo original?<\/h3>\n<div class=\"faq-answer\">\n<p>Aunque el dise\u00f1o, el peso y los acabados son casi id\u00e9nticos a los del Colt Navy 1851 original, esta r\u00e9plica est\u00e1 pensada para recreaciones, fines decorativos y de colecci\u00f3n. Esta r\u00e9plica de Kolser no est\u00e1 adaptada para el uso con munici\u00f3n real, solamente puede ser utilizada con fulminantes.<\/p>\n<\/div>\n<\/div>\n<div class=\"faq-item\">\n<h3 class=\"faq-question\">\u00bfQu\u00e9 mantenimiento tiene esta r\u00e9plica?<\/h3>\n<div class=\"faq-answer\">\n<p>El mantenimiento de las r\u00e9plicas Kolser es m\u00ednimo, ya que solo entran en contacto con una peque\u00f1a cantidad de p\u00f3lvora al usarlas con fulminantes. Puedes descargarte, de forma gratuita, el manual de mantenimiento para las r\u00e9plicas de Kolser aqu\u00ed. <a href=\"https:\/\/kolser.com\/descargables\/\" target=\"_blank\" rel=\"noopener\">Descargar manual<\/a><\/p>\n<\/div>\n<\/div>\n<div class=\"faq-item\">\n<h3 class=\"faq-question\">\u00bfQu\u00e9 tipo de fulminantes utiliz\u00e1is con las r\u00e9plicas?<\/h3>\n<div class=\"faq-answer\">\n<p>La mayor\u00eda de nuestras r\u00e9plicas est\u00e1n adaptadas para fulminantes est\u00e1ndar que puedes encontrar en jugueter\u00edas y tiendas especializadas.<\/p>\n<\/div>\n<\/div>\n<\/div>\n","protected":false},"excerpt":{"rendered":"<p>Erleben Sie die Geschichte neu mit der Kolser-Nachbildung des Colt Navy 1851, einer treuen Darstellung des Revolvers Kaliber .36, der eine \u00c4ra definierte. Mit einem funktionalen Mechanismus und authentischen Details f\u00e4ngt dieses Sammlerst\u00fcck die Essenz einer der emblematischsten Waffen vor dem B\u00fcrgerkrieg ein.<\/p>","protected":false},"featured_media":19037,"comment_status":"open","ping_status":"closed","template":"","meta":[],"product_brand":[],"product_cat":[23,40],"product_tag":[],"coleccion":[],"proposito":[116],"class_list":{"0":"post-15609","1":"product","2":"type-product","3":"status-publish","4":"has-post-thumbnail","6":"product_cat-western","7":"product_cat-revolvers","8":"proposito-destacar","10":"first","11":"instock","12":"shipping-taxable","13":"purchasable","14":"product-type-variable"},"yoast_head":"<!-- This site is optimized with the Yoast SEO plugin v27.1.1 - https:\/\/yoast.com\/product\/yoast-seo-wordpress\/ -->\n<title>\u25b7 R\u00e9plica Colt Navy 1851 | Rev\u00f3lver hist\u00f3rico para coleccionistas<\/title>\n<meta name=\"description\" content=\"\u2705 Revive la leyenda del Viejo Oeste con la\u3010R\u00e9plica Colt Navy 1851\u3011Ideal para coleccionistas y amantes de las armas antiguas. Disponible en 3 acabados.\" \/>\n<meta name=\"robots\" content=\"index, follow, max-snippet:-1, max-image-preview:large, max-video-preview:-1\" \/>\n<link rel=\"canonical\" href=\"https:\/\/kolser.com\/de\/produkt\/replica-colt-navy-1851\/\" \/>\n<meta property=\"og:locale\" content=\"de_DE\" \/>\n<meta property=\"og:type\" content=\"article\" \/>\n<meta property=\"og:title\" content=\"\u25b7 R\u00e9plica Colt Navy 1851 | Rev\u00f3lver hist\u00f3rico para coleccionistas\" \/>\n<meta property=\"og:description\" content=\"\u2705 Revive la leyenda del Viejo Oeste con la\u3010R\u00e9plica Colt Navy 1851\u3011Ideal para coleccionistas y amantes de las armas antiguas. Disponible en 3 acabados.\" \/>\n<meta property=\"og:url\" content=\"https:\/\/kolser.com\/de\/produkt\/replica-colt-navy-1851\/\" \/>\n<meta property=\"og:site_name\" content=\"Kolser\" \/>\n<meta property=\"article:modified_time\" content=\"2026-03-06T12:22:34+00:00\" \/>\n<meta property=\"og:image\" content=\"https:\/\/kolser.com\/wp-content\/uploads\/2023\/06\/Replica-revolver-Colt-Navy-1851-Kolser-negro-y-laton-perfil-derecho.jpg\" \/>\n\t<meta property=\"og:image:width\" content=\"1000\" \/>\n\t<meta property=\"og:image:height\" content=\"1000\" \/>\n\t<meta property=\"og:image:type\" content=\"image\/jpeg\" \/>\n<meta name=\"twitter:card\" content=\"summary_large_image\" \/>\n<meta name=\"twitter:label1\" content=\"Gesch\u00e4tzte Lesezeit\" \/>\n\t<meta name=\"twitter:data1\" content=\"5\u00a0Minuten\" \/>\n<script type=\"application\/ld+json\" class=\"yoast-schema-graph\">{\"@context\":\"https:\/\/schema.org\",\"@graph\":[{\"@type\":\"WebPage\",\"@id\":\"https:\/\/kolser.com\/producto\/replica-colt-navy-1851\/\",\"url\":\"https:\/\/kolser.com\/producto\/replica-colt-navy-1851\/\",\"name\":\"\u25b7 R\u00e9plica Colt Navy 1851 | Rev\u00f3lver hist\u00f3rico para coleccionistas\",\"isPartOf\":{\"@id\":\"https:\/\/kolser.com\/#website\"},\"primaryImageOfPage\":{\"@id\":\"https:\/\/kolser.com\/producto\/replica-colt-navy-1851\/#primaryimage\"},\"image\":{\"@id\":\"https:\/\/kolser.com\/producto\/replica-colt-navy-1851\/#primaryimage\"},\"thumbnailUrl\":\"https:\/\/kolser.com\/wp-content\/uploads\/2023\/06\/Replica-revolver-Colt-Navy-1851-Kolser-negro-y-laton-perfil-derecho.jpg\",\"datePublished\":\"2023-06-25T15:15:09+00:00\",\"dateModified\":\"2026-03-06T12:22:34+00:00\",\"description\":\"\u2705 Revive la leyenda del Viejo Oeste con la\u3010R\u00e9plica Colt Navy 1851\u3011Ideal para coleccionistas y amantes de las armas antiguas. Disponible en 3 acabados.\",\"breadcrumb\":{\"@id\":\"https:\/\/kolser.com\/producto\/replica-colt-navy-1851\/#breadcrumb\"},\"inLanguage\":\"de\",\"potentialAction\":[{\"@type\":\"ReadAction\",\"target\":[\"https:\/\/kolser.com\/producto\/replica-colt-navy-1851\/\"]}]},{\"@type\":\"ImageObject\",\"inLanguage\":\"de\",\"@id\":\"https:\/\/kolser.com\/producto\/replica-colt-navy-1851\/#primaryimage\",\"url\":\"https:\/\/kolser.com\/wp-content\/uploads\/2023\/06\/Replica-revolver-Colt-Navy-1851-Kolser-negro-y-laton-perfil-derecho.jpg\",\"contentUrl\":\"https:\/\/kolser.com\/wp-content\/uploads\/2023\/06\/Replica-revolver-Colt-Navy-1851-Kolser-negro-y-laton-perfil-derecho.jpg\",\"width\":1000,\"height\":1000,\"caption\":\"R\u00e9plica de rev\u00f3lver Colt Navy 1851 de Kolser con acabado en metal negro y lat\u00f3n, cachas de madera, vista lateral derecha\"},{\"@type\":\"BreadcrumbList\",\"@id\":\"https:\/\/kolser.com\/producto\/replica-colt-navy-1851\/#breadcrumb\",\"itemListElement\":[{\"@type\":\"ListItem\",\"position\":1,\"name\":\"Home\",\"item\":\"https:\/\/kolser.com\/\"},{\"@type\":\"ListItem\",\"position\":2,\"name\":\"Cat\u00e1logo\",\"item\":\"https:\/\/kolser.com\/catalogo\/\"},{\"@type\":\"ListItem\",\"position\":3,\"name\":\"Western\",\"item\":\"https:\/\/kolser.com\/categoria-producto\/western\/\"},{\"@type\":\"ListItem\",\"position\":4,\"name\":\"Revolvers\",\"item\":\"https:\/\/kolser.com\/categoria-producto\/western\/revolvers\/\"},{\"@type\":\"ListItem\",\"position\":5,\"name\":\"R\u00c9PLICA COLT NAVY 1851\"}]},{\"@type\":\"WebSite\",\"@id\":\"https:\/\/kolser.com\/#website\",\"url\":\"https:\/\/kolser.com\/\",\"name\":\"Kolser\",\"description\":\"\",\"publisher\":{\"@id\":\"https:\/\/kolser.com\/#organization\"},\"potentialAction\":[{\"@type\":\"SearchAction\",\"target\":{\"@type\":\"EntryPoint\",\"urlTemplate\":\"https:\/\/kolser.com\/?s={search_term_string}\"},\"query-input\":{\"@type\":\"PropertyValueSpecification\",\"valueRequired\":true,\"valueName\":\"search_term_string\"}}],\"inLanguage\":\"de\"},{\"@type\":\"Organization\",\"@id\":\"https:\/\/kolser.com\/#organization\",\"name\":\"Kolser\",\"url\":\"https:\/\/kolser.com\/\",\"logo\":{\"@type\":\"ImageObject\",\"inLanguage\":\"de\",\"@id\":\"https:\/\/kolser.com\/#\/schema\/logo\/image\/\",\"url\":\"https:\/\/kolser.com\/wp-content\/uploads\/2021\/11\/Logo-Cabecera.png\",\"contentUrl\":\"https:\/\/kolser.com\/wp-content\/uploads\/2021\/11\/Logo-Cabecera.png\",\"width\":979,\"height\":1358,\"caption\":\"Kolser\"},\"image\":{\"@id\":\"https:\/\/kolser.com\/#\/schema\/logo\/image\/\"}}]}<\/script>\n<!-- \/ Yoast SEO plugin. -->","yoast_head_json":{"title":"\u25b7 R\u00e9plica Colt Navy 1851 | Rev\u00f3lver hist\u00f3rico para coleccionistas","description":"\u2705 Revive la leyenda del Viejo Oeste con la\u3010R\u00e9plica Colt Navy 1851\u3011Ideal para coleccionistas y amantes de las armas antiguas. Disponible en 3 acabados.","robots":{"index":"index","follow":"follow","max-snippet":"max-snippet:-1","max-image-preview":"max-image-preview:large","max-video-preview":"max-video-preview:-1"},"canonical":"https:\/\/kolser.com\/de\/produkt\/replica-colt-navy-1851\/","og_locale":"de_DE","og_type":"article","og_title":"\u25b7 R\u00e9plica Colt Navy 1851 | Rev\u00f3lver hist\u00f3rico para coleccionistas","og_description":"\u2705 Revive la leyenda del Viejo Oeste con la\u3010R\u00e9plica Colt Navy 1851\u3011Ideal para coleccionistas y amantes de las armas antiguas. Disponible en 3 acabados.","og_url":"https:\/\/kolser.com\/de\/produkt\/replica-colt-navy-1851\/","og_site_name":"Kolser","article_modified_time":"2026-03-06T12:22:34+00:00","og_image":[{"width":1000,"height":1000,"url":"https:\/\/kolser.com\/wp-content\/uploads\/2023\/06\/Replica-revolver-Colt-Navy-1851-Kolser-negro-y-laton-perfil-derecho.jpg","type":"image\/jpeg"}],"twitter_card":"summary_large_image","twitter_misc":{"Gesch\u00e4tzte Lesezeit":"5\u00a0Minuten"},"schema":{"@context":"https:\/\/schema.org","@graph":[{"@type":"WebPage","@id":"https:\/\/kolser.com\/producto\/replica-colt-navy-1851\/","url":"https:\/\/kolser.com\/producto\/replica-colt-navy-1851\/","name":"\u25b7 R\u00e9plica Colt Navy 1851 | Rev\u00f3lver hist\u00f3rico para coleccionistas","isPartOf":{"@id":"https:\/\/kolser.com\/#website"},"primaryImageOfPage":{"@id":"https:\/\/kolser.com\/producto\/replica-colt-navy-1851\/#primaryimage"},"image":{"@id":"https:\/\/kolser.com\/producto\/replica-colt-navy-1851\/#primaryimage"},"thumbnailUrl":"https:\/\/kolser.com\/wp-content\/uploads\/2023\/06\/Replica-revolver-Colt-Navy-1851-Kolser-negro-y-laton-perfil-derecho.jpg","datePublished":"2023-06-25T15:15:09+00:00","dateModified":"2026-03-06T12:22:34+00:00","description":"\u2705 Revive la leyenda del Viejo Oeste con la\u3010R\u00e9plica Colt Navy 1851\u3011Ideal para coleccionistas y amantes de las armas antiguas. Disponible en 3 acabados.","breadcrumb":{"@id":"https:\/\/kolser.com\/producto\/replica-colt-navy-1851\/#breadcrumb"},"inLanguage":"de","potentialAction":[{"@type":"ReadAction","target":["https:\/\/kolser.com\/producto\/replica-colt-navy-1851\/"]}]},{"@type":"ImageObject","inLanguage":"de","@id":"https:\/\/kolser.com\/producto\/replica-colt-navy-1851\/#primaryimage","url":"https:\/\/kolser.com\/wp-content\/uploads\/2023\/06\/Replica-revolver-Colt-Navy-1851-Kolser-negro-y-laton-perfil-derecho.jpg","contentUrl":"https:\/\/kolser.com\/wp-content\/uploads\/2023\/06\/Replica-revolver-Colt-Navy-1851-Kolser-negro-y-laton-perfil-derecho.jpg","width":1000,"height":1000,"caption":"R\u00e9plica de rev\u00f3lver Colt Navy 1851 de Kolser con acabado en metal negro y lat\u00f3n, cachas de madera, vista lateral derecha"},{"@type":"BreadcrumbList","@id":"https:\/\/kolser.com\/producto\/replica-colt-navy-1851\/#breadcrumb","itemListElement":[{"@type":"ListItem","position":1,"name":"Home","item":"https:\/\/kolser.com\/"},{"@type":"ListItem","position":2,"name":"Cat\u00e1logo","item":"https:\/\/kolser.com\/catalogo\/"},{"@type":"ListItem","position":3,"name":"Western","item":"https:\/\/kolser.com\/categoria-producto\/western\/"},{"@type":"ListItem","position":4,"name":"Revolvers","item":"https:\/\/kolser.com\/categoria-producto\/western\/revolvers\/"},{"@type":"ListItem","position":5,"name":"R\u00c9PLICA COLT NAVY 1851"}]},{"@type":"WebSite","@id":"https:\/\/kolser.com\/#website","url":"https:\/\/kolser.com\/","name":"Kolser","description":"","publisher":{"@id":"https:\/\/kolser.com\/#organization"},"potentialAction":[{"@type":"SearchAction","target":{"@type":"EntryPoint","urlTemplate":"https:\/\/kolser.com\/?s={search_term_string}"},"query-input":{"@type":"PropertyValueSpecification","valueRequired":true,"valueName":"search_term_string"}}],"inLanguage":"de"},{"@type":"Organization","@id":"https:\/\/kolser.com\/#organization","name":"Kolser","url":"https:\/\/kolser.com\/","logo":{"@type":"ImageObject","inLanguage":"de","@id":"https:\/\/kolser.com\/#\/schema\/logo\/image\/","url":"https:\/\/kolser.com\/wp-content\/uploads\/2021\/11\/Logo-Cabecera.png","contentUrl":"https:\/\/kolser.com\/wp-content\/uploads\/2021\/11\/Logo-Cabecera.png","width":979,"height":1358,"caption":"Kolser"},"image":{"@id":"https:\/\/kolser.com\/#\/schema\/logo\/image\/"}}]}},"_links":{"self":[{"href":"https:\/\/kolser.com\/de\/wp-json\/wp\/v2\/product\/15609","targetHints":{"allow":["GET"]}}],"collection":[{"href":"https:\/\/kolser.com\/de\/wp-json\/wp\/v2\/product"}],"about":[{"href":"https:\/\/kolser.com\/de\/wp-json\/wp\/v2\/types\/product"}],"replies":[{"embeddable":true,"href":"https:\/\/kolser.com\/de\/wp-json\/wp\/v2\/comments?post=15609"}],"wp:featuredmedia":[{"embeddable":true,"href":"https:\/\/kolser.com\/de\/wp-json\/wp\/v2\/media\/19037"}],"wp:attachment":[{"href":"https:\/\/kolser.com\/de\/wp-json\/wp\/v2\/media?parent=15609"}],"wp:term":[{"taxonomy":"product_brand","embeddable":true,"href":"https:\/\/kolser.com\/de\/wp-json\/wp\/v2\/product_brand?post=15609"},{"taxonomy":"product_cat","embeddable":true,"href":"https:\/\/kolser.com\/de\/wp-json\/wp\/v2\/product_cat?post=15609"},{"taxonomy":"product_tag","embeddable":true,"href":"https:\/\/kolser.com\/de\/wp-json\/wp\/v2\/product_tag?post=15609"},{"taxonomy":"coleccion","embeddable":true,"href":"https:\/\/kolser.com\/de\/wp-json\/wp\/v2\/coleccion?post=15609"},{"taxonomy":"proposito","embeddable":true,"href":"https:\/\/kolser.com\/de\/wp-json\/wp\/v2\/proposito?post=15609"}],"curies":[{"name":"wp","href":"https:\/\/api.w.org\/{rel}","templated":true}]}}