{"id":13839,"date":"2021-12-11T09:13:18","date_gmt":"2021-12-11T09:13:18","guid":{"rendered":"https:\/\/kolser.com\/?post_type=product&#038;p=13839"},"modified":"2024-02-25T09:55:18","modified_gmt":"2024-02-25T09:55:18","slug":"panoplia-con-escudo-de-armas-y-espadas-46-597","status":"publish","type":"product","link":"https:\/\/kolser.com\/de\/producto\/panoplia-con-escudo-de-armas-y-espadas-46-597\/","title":{"rendered":"PANOPLIA CON ESCUDO DE ARMAS Y ESPADAS 46-597"},"content":{"rendered":"<p>28X20 \/ 19X14,5 cm<\/p>","protected":false},"excerpt":{"rendered":"<p>Emblem\u00e1tica pieza de coleccion panoplia con escudo de armas y espada elaborada por Kolser, en el cual, se representa la monarqu\u00eda. Encontramos que se adorna con una corona de emperador y dos leones de pie que sujetan al escudo interior y que contiene las her\u00e1ldicas referencias de los escudos de las provincias del reino, tiene una dimensi\u00f3n de 28X20 \/ 19X14,5 cent\u00edmetros y est\u00e1 elaborado en metal y madera.<\/p>","protected":false},"featured_media":1140,"comment_status":"closed","ping_status":"closed","template":"","meta":[],"product_brand":[],"product_cat":[28,29],"product_tag":[],"coleccion":[],"proposito":[],"class_list":{"0":"post-13839","1":"product","2":"type-product","3":"status-publish","4":"has-post-thumbnail","6":"product_cat-escudos","7":"product_cat-panoplias","9":"first","10":"instock","11":"shipping-taxable","12":"purchasable","13":"product-type-variable"},"yoast_head":"<!-- This site is optimized with the Yoast SEO plugin v27.4 - https:\/\/yoast.com\/product\/yoast-seo-wordpress\/ -->\n<title>\u25b7PANOPLIA CON ESCUDO DE ARMAS Y ESPADAS 46-597 - Kolser<\/title>\n<meta name=\"description\" content=\"\u2705 R\u00e9plica \u3010 PANOLIA CON ESCUDO DE ARMAS \u3011Con escudo, corona y leones. Con dos espadas traseras cruzadas. Disponible en 4 acabados.\" \/>\n<meta name=\"robots\" content=\"index, follow, max-snippet:-1, max-image-preview:large, max-video-preview:-1\" \/>\n<link rel=\"canonical\" href=\"https:\/\/kolser.com\/de\/produkt\/panoplia-con-escudo-de-armas-y-espadas-46-597\/\" \/>\n<meta property=\"og:locale\" content=\"de_DE\" \/>\n<meta property=\"og:type\" content=\"article\" \/>\n<meta property=\"og:title\" content=\"\u25b7PANOPLIA CON ESCUDO DE ARMAS Y ESPADAS 46-597 - Kolser\" \/>\n<meta property=\"og:description\" content=\"\u2705 R\u00e9plica \u3010 PANOLIA CON ESCUDO DE ARMAS \u3011Con escudo, corona y leones. Con dos espadas traseras cruzadas. Disponible en 4 acabados.\" \/>\n<meta property=\"og:url\" content=\"https:\/\/kolser.com\/de\/produkt\/panoplia-con-escudo-de-armas-y-espadas-46-597\/\" \/>\n<meta property=\"og:site_name\" content=\"Kolser\" \/>\n<meta property=\"article:modified_time\" content=\"2024-02-25T09:55:18+00:00\" \/>\n<meta property=\"og:image\" content=\"https:\/\/kolser.com\/wp-content\/uploads\/2021\/11\/KOLSER-REPLICA-ARMAS-MEDIEVAL-WEAPON-PANOPLIA-CON-ESCUDO-DE-ARMAS-Y-ESPADAS46-597.jpg\" \/>\n\t<meta property=\"og:image:width\" content=\"600\" \/>\n\t<meta property=\"og:image:height\" content=\"600\" \/>\n\t<meta property=\"og:image:type\" content=\"image\/jpeg\" \/>\n<meta name=\"twitter:card\" content=\"summary_large_image\" \/>\n<meta name=\"twitter:label1\" content=\"Gesch\u00e4tzte Lesezeit\" \/>\n\t<meta name=\"twitter:data1\" content=\"1\u00a0Minute\" \/>\n<script type=\"application\/ld+json\" class=\"yoast-schema-graph\">{\"@context\":\"https:\\\/\\\/schema.org\",\"@graph\":[{\"@type\":\"WebPage\",\"@id\":\"https:\\\/\\\/kolser.com\\\/producto\\\/panoplia-con-escudo-de-armas-y-espadas-46-597\\\/\",\"url\":\"https:\\\/\\\/kolser.com\\\/producto\\\/panoplia-con-escudo-de-armas-y-espadas-46-597\\\/\",\"name\":\"\u25b7PANOPLIA CON ESCUDO DE ARMAS Y ESPADAS 46-597 - Kolser\",\"isPartOf\":{\"@id\":\"https:\\\/\\\/kolser.com\\\/#website\"},\"primaryImageOfPage\":{\"@id\":\"https:\\\/\\\/kolser.com\\\/producto\\\/panoplia-con-escudo-de-armas-y-espadas-46-597\\\/#primaryimage\"},\"image\":{\"@id\":\"https:\\\/\\\/kolser.com\\\/producto\\\/panoplia-con-escudo-de-armas-y-espadas-46-597\\\/#primaryimage\"},\"thumbnailUrl\":\"https:\\\/\\\/kolser.com\\\/wp-content\\\/uploads\\\/2021\\\/11\\\/KOLSER-REPLICA-ARMAS-MEDIEVAL-WEAPON-PANOPLIA-CON-ESCUDO-DE-ARMAS-Y-ESPADAS46-597.jpg\",\"datePublished\":\"2021-12-11T09:13:18+00:00\",\"dateModified\":\"2024-02-25T09:55:18+00:00\",\"description\":\"\u2705 R\u00e9plica \u3010 PANOLIA CON ESCUDO DE ARMAS \u3011Con escudo, corona y leones. Con dos espadas traseras cruzadas. Disponible en 4 acabados.\",\"breadcrumb\":{\"@id\":\"https:\\\/\\\/kolser.com\\\/producto\\\/panoplia-con-escudo-de-armas-y-espadas-46-597\\\/#breadcrumb\"},\"inLanguage\":\"de\",\"potentialAction\":[{\"@type\":\"ReadAction\",\"target\":[\"https:\\\/\\\/kolser.com\\\/producto\\\/panoplia-con-escudo-de-armas-y-espadas-46-597\\\/\"]}]},{\"@type\":\"ImageObject\",\"inLanguage\":\"de\",\"@id\":\"https:\\\/\\\/kolser.com\\\/producto\\\/panoplia-con-escudo-de-armas-y-espadas-46-597\\\/#primaryimage\",\"url\":\"https:\\\/\\\/kolser.com\\\/wp-content\\\/uploads\\\/2021\\\/11\\\/KOLSER-REPLICA-ARMAS-MEDIEVAL-WEAPON-PANOPLIA-CON-ESCUDO-DE-ARMAS-Y-ESPADAS46-597.jpg\",\"contentUrl\":\"https:\\\/\\\/kolser.com\\\/wp-content\\\/uploads\\\/2021\\\/11\\\/KOLSER-REPLICA-ARMAS-MEDIEVAL-WEAPON-PANOPLIA-CON-ESCUDO-DE-ARMAS-Y-ESPADAS46-597.jpg\",\"width\":600,\"height\":600,\"caption\":\"Replica de panoplia con escudo que representa la monarqu\u00eda con una corona de emperador encima. El escudo est\u00e1 decorado con los emblemas de las provincias. Dos leones sujetan el escudo por los lado y el mismo est\u00e1 cruzado por detr\u00e1s por dos espadas. Terminado sobre un fondo de madera y metal plateadoenvejecido con flocado sin flocado.\"},{\"@type\":\"BreadcrumbList\",\"@id\":\"https:\\\/\\\/kolser.com\\\/producto\\\/panoplia-con-escudo-de-armas-y-espadas-46-597\\\/#breadcrumb\",\"itemListElement\":[{\"@type\":\"ListItem\",\"position\":1,\"name\":\"Home\",\"item\":\"https:\\\/\\\/kolser.com\\\/\"},{\"@type\":\"ListItem\",\"position\":2,\"name\":\"Cat\u00e1logo\",\"item\":\"https:\\\/\\\/kolser.com\\\/catalogo\\\/\"},{\"@type\":\"ListItem\",\"position\":3,\"name\":\"Escudos\",\"item\":\"https:\\\/\\\/kolser.com\\\/categoria-producto\\\/escudos\\\/\"},{\"@type\":\"ListItem\",\"position\":4,\"name\":\"Panoplias\",\"item\":\"https:\\\/\\\/kolser.com\\\/categoria-producto\\\/escudos\\\/panoplias\\\/\"},{\"@type\":\"ListItem\",\"position\":5,\"name\":\"PANOPLIA CON ESCUDO DE ARMAS Y ESPADAS 46-597\"}]},{\"@type\":\"WebSite\",\"@id\":\"https:\\\/\\\/kolser.com\\\/#website\",\"url\":\"https:\\\/\\\/kolser.com\\\/\",\"name\":\"Kolser\",\"description\":\"\",\"publisher\":{\"@id\":\"https:\\\/\\\/kolser.com\\\/#organization\"},\"potentialAction\":[{\"@type\":\"SearchAction\",\"target\":{\"@type\":\"EntryPoint\",\"urlTemplate\":\"https:\\\/\\\/kolser.com\\\/?s={search_term_string}\"},\"query-input\":{\"@type\":\"PropertyValueSpecification\",\"valueRequired\":true,\"valueName\":\"search_term_string\"}}],\"inLanguage\":\"de\"},{\"@type\":\"Organization\",\"@id\":\"https:\\\/\\\/kolser.com\\\/#organization\",\"name\":\"Kolser\",\"url\":\"https:\\\/\\\/kolser.com\\\/\",\"logo\":{\"@type\":\"ImageObject\",\"inLanguage\":\"de\",\"@id\":\"https:\\\/\\\/kolser.com\\\/#\\\/schema\\\/logo\\\/image\\\/\",\"url\":\"https:\\\/\\\/kolser.com\\\/wp-content\\\/uploads\\\/2021\\\/11\\\/Logo-Cabecera.png\",\"contentUrl\":\"https:\\\/\\\/kolser.com\\\/wp-content\\\/uploads\\\/2021\\\/11\\\/Logo-Cabecera.png\",\"width\":979,\"height\":1358,\"caption\":\"Kolser\"},\"image\":{\"@id\":\"https:\\\/\\\/kolser.com\\\/#\\\/schema\\\/logo\\\/image\\\/\"}}]}<\/script>\n<!-- \/ Yoast SEO plugin. -->","yoast_head_json":{"title":"\u25b7PANOPLIA CON ESCUDO DE ARMAS Y ESPADAS 46-597 - Kolser","description":"\u2705 R\u00e9plica \u3010 PANOLIA CON ESCUDO DE ARMAS \u3011Con escudo, corona y leones. Con dos espadas traseras cruzadas. Disponible en 4 acabados.","robots":{"index":"index","follow":"follow","max-snippet":"max-snippet:-1","max-image-preview":"max-image-preview:large","max-video-preview":"max-video-preview:-1"},"canonical":"https:\/\/kolser.com\/de\/produkt\/panoplia-con-escudo-de-armas-y-espadas-46-597\/","og_locale":"de_DE","og_type":"article","og_title":"\u25b7PANOPLIA CON ESCUDO DE ARMAS Y ESPADAS 46-597 - Kolser","og_description":"\u2705 R\u00e9plica \u3010 PANOLIA CON ESCUDO DE ARMAS \u3011Con escudo, corona y leones. Con dos espadas traseras cruzadas. Disponible en 4 acabados.","og_url":"https:\/\/kolser.com\/de\/produkt\/panoplia-con-escudo-de-armas-y-espadas-46-597\/","og_site_name":"Kolser","article_modified_time":"2024-02-25T09:55:18+00:00","og_image":[{"width":600,"height":600,"url":"https:\/\/kolser.com\/wp-content\/uploads\/2021\/11\/KOLSER-REPLICA-ARMAS-MEDIEVAL-WEAPON-PANOPLIA-CON-ESCUDO-DE-ARMAS-Y-ESPADAS46-597.jpg","type":"image\/jpeg"}],"twitter_card":"summary_large_image","twitter_misc":{"Gesch\u00e4tzte Lesezeit":"1\u00a0Minute"},"schema":{"@context":"https:\/\/schema.org","@graph":[{"@type":"WebPage","@id":"https:\/\/kolser.com\/producto\/panoplia-con-escudo-de-armas-y-espadas-46-597\/","url":"https:\/\/kolser.com\/producto\/panoplia-con-escudo-de-armas-y-espadas-46-597\/","name":"\u25b7PANOPLIA CON ESCUDO DE ARMAS Y ESPADAS 46-597 - Kolser","isPartOf":{"@id":"https:\/\/kolser.com\/#website"},"primaryImageOfPage":{"@id":"https:\/\/kolser.com\/producto\/panoplia-con-escudo-de-armas-y-espadas-46-597\/#primaryimage"},"image":{"@id":"https:\/\/kolser.com\/producto\/panoplia-con-escudo-de-armas-y-espadas-46-597\/#primaryimage"},"thumbnailUrl":"https:\/\/kolser.com\/wp-content\/uploads\/2021\/11\/KOLSER-REPLICA-ARMAS-MEDIEVAL-WEAPON-PANOPLIA-CON-ESCUDO-DE-ARMAS-Y-ESPADAS46-597.jpg","datePublished":"2021-12-11T09:13:18+00:00","dateModified":"2024-02-25T09:55:18+00:00","description":"\u2705 R\u00e9plica \u3010 PANOLIA CON ESCUDO DE ARMAS \u3011Con escudo, corona y leones. Con dos espadas traseras cruzadas. Disponible en 4 acabados.","breadcrumb":{"@id":"https:\/\/kolser.com\/producto\/panoplia-con-escudo-de-armas-y-espadas-46-597\/#breadcrumb"},"inLanguage":"de","potentialAction":[{"@type":"ReadAction","target":["https:\/\/kolser.com\/producto\/panoplia-con-escudo-de-armas-y-espadas-46-597\/"]}]},{"@type":"ImageObject","inLanguage":"de","@id":"https:\/\/kolser.com\/producto\/panoplia-con-escudo-de-armas-y-espadas-46-597\/#primaryimage","url":"https:\/\/kolser.com\/wp-content\/uploads\/2021\/11\/KOLSER-REPLICA-ARMAS-MEDIEVAL-WEAPON-PANOPLIA-CON-ESCUDO-DE-ARMAS-Y-ESPADAS46-597.jpg","contentUrl":"https:\/\/kolser.com\/wp-content\/uploads\/2021\/11\/KOLSER-REPLICA-ARMAS-MEDIEVAL-WEAPON-PANOPLIA-CON-ESCUDO-DE-ARMAS-Y-ESPADAS46-597.jpg","width":600,"height":600,"caption":"Replica de panoplia con escudo que representa la monarqu\u00eda con una corona de emperador encima. El escudo est\u00e1 decorado con los emblemas de las provincias. Dos leones sujetan el escudo por los lado y el mismo est\u00e1 cruzado por detr\u00e1s por dos espadas. Terminado sobre un fondo de madera y metal plateadoenvejecido con flocado sin flocado."},{"@type":"BreadcrumbList","@id":"https:\/\/kolser.com\/producto\/panoplia-con-escudo-de-armas-y-espadas-46-597\/#breadcrumb","itemListElement":[{"@type":"ListItem","position":1,"name":"Home","item":"https:\/\/kolser.com\/"},{"@type":"ListItem","position":2,"name":"Cat\u00e1logo","item":"https:\/\/kolser.com\/catalogo\/"},{"@type":"ListItem","position":3,"name":"Escudos","item":"https:\/\/kolser.com\/categoria-producto\/escudos\/"},{"@type":"ListItem","position":4,"name":"Panoplias","item":"https:\/\/kolser.com\/categoria-producto\/escudos\/panoplias\/"},{"@type":"ListItem","position":5,"name":"PANOPLIA CON ESCUDO DE ARMAS Y ESPADAS 46-597"}]},{"@type":"WebSite","@id":"https:\/\/kolser.com\/#website","url":"https:\/\/kolser.com\/","name":"Kolser","description":"","publisher":{"@id":"https:\/\/kolser.com\/#organization"},"potentialAction":[{"@type":"SearchAction","target":{"@type":"EntryPoint","urlTemplate":"https:\/\/kolser.com\/?s={search_term_string}"},"query-input":{"@type":"PropertyValueSpecification","valueRequired":true,"valueName":"search_term_string"}}],"inLanguage":"de"},{"@type":"Organization","@id":"https:\/\/kolser.com\/#organization","name":"Kolser","url":"https:\/\/kolser.com\/","logo":{"@type":"ImageObject","inLanguage":"de","@id":"https:\/\/kolser.com\/#\/schema\/logo\/image\/","url":"https:\/\/kolser.com\/wp-content\/uploads\/2021\/11\/Logo-Cabecera.png","contentUrl":"https:\/\/kolser.com\/wp-content\/uploads\/2021\/11\/Logo-Cabecera.png","width":979,"height":1358,"caption":"Kolser"},"image":{"@id":"https:\/\/kolser.com\/#\/schema\/logo\/image\/"}}]}},"_links":{"self":[{"href":"https:\/\/kolser.com\/de\/wp-json\/wp\/v2\/product\/13839","targetHints":{"allow":["GET"]}}],"collection":[{"href":"https:\/\/kolser.com\/de\/wp-json\/wp\/v2\/product"}],"about":[{"href":"https:\/\/kolser.com\/de\/wp-json\/wp\/v2\/types\/product"}],"replies":[{"embeddable":true,"href":"https:\/\/kolser.com\/de\/wp-json\/wp\/v2\/comments?post=13839"}],"wp:featuredmedia":[{"embeddable":true,"href":"https:\/\/kolser.com\/de\/wp-json\/wp\/v2\/media\/1140"}],"wp:attachment":[{"href":"https:\/\/kolser.com\/de\/wp-json\/wp\/v2\/media?parent=13839"}],"wp:term":[{"taxonomy":"product_brand","embeddable":true,"href":"https:\/\/kolser.com\/de\/wp-json\/wp\/v2\/product_brand?post=13839"},{"taxonomy":"product_cat","embeddable":true,"href":"https:\/\/kolser.com\/de\/wp-json\/wp\/v2\/product_cat?post=13839"},{"taxonomy":"product_tag","embeddable":true,"href":"https:\/\/kolser.com\/de\/wp-json\/wp\/v2\/product_tag?post=13839"},{"taxonomy":"coleccion","embeddable":true,"href":"https:\/\/kolser.com\/de\/wp-json\/wp\/v2\/coleccion?post=13839"},{"taxonomy":"proposito","embeddable":true,"href":"https:\/\/kolser.com\/de\/wp-json\/wp\/v2\/proposito?post=13839"}],"curies":[{"name":"wp","href":"https:\/\/api.w.org\/{rel}","templated":true}]}}