{"id":13777,"date":"2021-12-11T09:13:15","date_gmt":"2021-12-11T09:13:15","guid":{"rendered":"https:\/\/kolser.com\/?post_type=product&#038;p=13777"},"modified":"2024-02-25T10:21:21","modified_gmt":"2024-02-25T10:21:21","slug":"pistola-antigua-de-percusion-s-xviii","status":"publish","type":"product","link":"https:\/\/kolser.com\/de\/producto\/pistola-antigua-de-percusion-s-xviii\/","title":{"rendered":"ANTIKE PERKUSSIONSPISTOLE 18. JAHRHUNDERT"},"content":{"rendered":"<p>Diese detailgetreue Nachbildung einer historischen Pistole entf\u00fchrt dich direkt ins 18. Jahrhundert \u2013 in eine Zeit, in der Adlige Ehrenh\u00e4ndel in Duellen austrugen, Kosaken auf Raubz\u00fcge gingen und gegen Napoleonische Truppen k\u00e4mpften, und <a href=\"https:\/\/kolser.com\/de\/piratas-del-caribe-que-pistolas-usaban\/\">Piraten sich erbitterte Gefechte auf Leben und Tod lieferten<\/a>.\n\nKolser hat den charakteristisch langen, leicht abw\u00e4rts gebogenen Griff beibehalten, der den Eindruck vermittelt, der Arm des Tr\u00e4gers w\u00fcrde sich verl\u00e4ngern. Die Pistole besteht aus Kunstharz und Metall, wobei insbesondere der fein gearbeitete Griff sowie die silberfarbenen Verzierungen an Hahn und Abzug ins Auge fallen.\n\nZahlreiche Details sind sorgf\u00e4ltig poliert und verleihen der Waffe eine hochwertige, realistische Optik. Bei der Herstellung legt Kolser besonderen Wert auf Langlebigkeit und zeitlose Ausstrahlung.\n\nMit ihrer markanten Piraten\u00e4sthetik versetzt dich diese Replik direkt ins <a href=\"https:\/\/es.wikipedia.org\/wiki\/Llave_de_percusi%C3%B3n\">18. Jahrhundert<\/a>\u2013 als w\u00e4re sie eine echte Waffe aus vergangener Zeit.<\/p>\n<p>33 cm<\/p>","protected":false},"excerpt":{"rendered":"<p>R\u00e9plica de pistola antigua de percusi\u00f3n del siglo XVIII. Usada en la \u00e9poca en donde los caballeros se enfrentaban en duelos, los ej\u00e9rcitos cosacos saqueaban tierras y enfrentaban los ej\u00e9rcitos napole\u00f3nicos y las tierras de los zares rusos y donde los piratas se enfrentaban cuerpo a cuerpo hasta la muerte. En esta replica Kolser mantiene [&hellip;]<\/p>\n","protected":false},"featured_media":11128,"comment_status":"closed","ping_status":"closed","template":"","meta":[],"product_brand":[],"product_cat":[30,31],"product_tag":[],"coleccion":[],"proposito":[],"class_list":{"0":"post-13777","1":"product","2":"type-product","3":"status-publish","4":"has-post-thumbnail","6":"product_cat-pistolas","7":"product_cat-pistolas-pistolas-antiguas","9":"first","10":"instock","11":"shipping-taxable","12":"purchasable","13":"product-type-variable"},"yoast_head":"<!-- This site is optimized with the Yoast SEO plugin v27.4 - https:\/\/yoast.com\/product\/yoast-seo-wordpress\/ -->\n<title>PISTOLA ANTIGUA DE PERCUSION, S.XVIII KOLSER<\/title>\n<meta name=\"description\" content=\"\u2705 R\u00e9plica\u3010 PISTOLA PERCUSI\u00d3N s.XVIII \u3011Pistola de \u00e9poca en la que los caballeros las usaban para duelos. Disponible en 3 acabados.\" \/>\n<meta name=\"robots\" content=\"index, follow, max-snippet:-1, max-image-preview:large, max-video-preview:-1\" \/>\n<link rel=\"canonical\" href=\"https:\/\/kolser.com\/de\/produkt\/pistola-antigua-de-percusion-s-xviii\/\" \/>\n<meta property=\"og:locale\" content=\"de_DE\" \/>\n<meta property=\"og:type\" content=\"article\" \/>\n<meta property=\"og:title\" content=\"PISTOLA ANTIGUA DE PERCUSION, S.XVIII KOLSER\" \/>\n<meta property=\"og:description\" content=\"\u2705 R\u00e9plica\u3010 PISTOLA PERCUSI\u00d3N s.XVIII \u3011Pistola de \u00e9poca en la que los caballeros las usaban para duelos. Disponible en 3 acabados.\" \/>\n<meta property=\"og:url\" content=\"https:\/\/kolser.com\/de\/produkt\/pistola-antigua-de-percusion-s-xviii\/\" \/>\n<meta property=\"og:site_name\" content=\"Kolser\" \/>\n<meta property=\"article:modified_time\" content=\"2024-02-25T10:21:21+00:00\" \/>\n<meta property=\"og:image\" content=\"https:\/\/kolser.com\/wp-content\/uploads\/2021\/12\/KOLSER-REPLICA-PISTOLA-PIRATA-GUN-PISTOLA-PIRATA-DE-PERCUSION-SXVIII47-1111.jpg\" \/>\n\t<meta property=\"og:image:width\" content=\"600\" \/>\n\t<meta property=\"og:image:height\" content=\"600\" \/>\n\t<meta property=\"og:image:type\" content=\"image\/jpeg\" \/>\n<meta name=\"twitter:card\" content=\"summary_large_image\" \/>\n<meta name=\"twitter:label1\" content=\"Gesch\u00e4tzte Lesezeit\" \/>\n\t<meta name=\"twitter:data1\" content=\"1\u00a0Minute\" \/>\n<script type=\"application\/ld+json\" class=\"yoast-schema-graph\">{\"@context\":\"https:\\\/\\\/schema.org\",\"@graph\":[{\"@type\":\"WebPage\",\"@id\":\"https:\\\/\\\/kolser.com\\\/producto\\\/pistola-antigua-de-percusion-s-xviii\\\/\",\"url\":\"https:\\\/\\\/kolser.com\\\/producto\\\/pistola-antigua-de-percusion-s-xviii\\\/\",\"name\":\"PISTOLA ANTIGUA DE PERCUSION, S.XVIII KOLSER\",\"isPartOf\":{\"@id\":\"https:\\\/\\\/kolser.com\\\/#website\"},\"primaryImageOfPage\":{\"@id\":\"https:\\\/\\\/kolser.com\\\/producto\\\/pistola-antigua-de-percusion-s-xviii\\\/#primaryimage\"},\"image\":{\"@id\":\"https:\\\/\\\/kolser.com\\\/producto\\\/pistola-antigua-de-percusion-s-xviii\\\/#primaryimage\"},\"thumbnailUrl\":\"https:\\\/\\\/kolser.com\\\/wp-content\\\/uploads\\\/2021\\\/12\\\/KOLSER-REPLICA-PISTOLA-PIRATA-GUN-PISTOLA-PIRATA-DE-PERCUSION-SXVIII47-1111.jpg\",\"datePublished\":\"2021-12-11T09:13:15+00:00\",\"dateModified\":\"2024-02-25T10:21:21+00:00\",\"description\":\"\u2705 R\u00e9plica\u3010 PISTOLA PERCUSI\u00d3N s.XVIII \u3011Pistola de \u00e9poca en la que los caballeros las usaban para duelos. Disponible en 3 acabados.\",\"breadcrumb\":{\"@id\":\"https:\\\/\\\/kolser.com\\\/producto\\\/pistola-antigua-de-percusion-s-xviii\\\/#breadcrumb\"},\"inLanguage\":\"de\",\"potentialAction\":[{\"@type\":\"ReadAction\",\"target\":[\"https:\\\/\\\/kolser.com\\\/producto\\\/pistola-antigua-de-percusion-s-xviii\\\/\"]}]},{\"@type\":\"ImageObject\",\"inLanguage\":\"de\",\"@id\":\"https:\\\/\\\/kolser.com\\\/producto\\\/pistola-antigua-de-percusion-s-xviii\\\/#primaryimage\",\"url\":\"https:\\\/\\\/kolser.com\\\/wp-content\\\/uploads\\\/2021\\\/12\\\/KOLSER-REPLICA-PISTOLA-PIRATA-GUN-PISTOLA-PIRATA-DE-PERCUSION-SXVIII47-1111.jpg\",\"contentUrl\":\"https:\\\/\\\/kolser.com\\\/wp-content\\\/uploads\\\/2021\\\/12\\\/KOLSER-REPLICA-PISTOLA-PIRATA-GUN-PISTOLA-PIRATA-DE-PERCUSION-SXVIII47-1111.jpg\",\"width\":600,\"height\":600,\"caption\":\"PISTOLA ANTIGUA DE PERCUSION, S.XVIII KOLSER\"},{\"@type\":\"BreadcrumbList\",\"@id\":\"https:\\\/\\\/kolser.com\\\/producto\\\/pistola-antigua-de-percusion-s-xviii\\\/#breadcrumb\",\"itemListElement\":[{\"@type\":\"ListItem\",\"position\":1,\"name\":\"Home\",\"item\":\"https:\\\/\\\/kolser.com\\\/\"},{\"@type\":\"ListItem\",\"position\":2,\"name\":\"Cat\u00e1logo\",\"item\":\"https:\\\/\\\/kolser.com\\\/catalogo\\\/\"},{\"@type\":\"ListItem\",\"position\":3,\"name\":\"Pistolas\",\"item\":\"https:\\\/\\\/kolser.com\\\/categoria-producto\\\/pistolas\\\/\"},{\"@type\":\"ListItem\",\"position\":4,\"name\":\"Pistolas\",\"item\":\"https:\\\/\\\/kolser.com\\\/categoria-producto\\\/pistolas\\\/pistolas-pistolas-antiguas\\\/\"},{\"@type\":\"ListItem\",\"position\":5,\"name\":\"PISTOLA ANTIGUA DE PERCUSION S.XVIII\"}]},{\"@type\":\"WebSite\",\"@id\":\"https:\\\/\\\/kolser.com\\\/#website\",\"url\":\"https:\\\/\\\/kolser.com\\\/\",\"name\":\"Kolser\",\"description\":\"\",\"publisher\":{\"@id\":\"https:\\\/\\\/kolser.com\\\/#organization\"},\"potentialAction\":[{\"@type\":\"SearchAction\",\"target\":{\"@type\":\"EntryPoint\",\"urlTemplate\":\"https:\\\/\\\/kolser.com\\\/?s={search_term_string}\"},\"query-input\":{\"@type\":\"PropertyValueSpecification\",\"valueRequired\":true,\"valueName\":\"search_term_string\"}}],\"inLanguage\":\"de\"},{\"@type\":\"Organization\",\"@id\":\"https:\\\/\\\/kolser.com\\\/#organization\",\"name\":\"Kolser\",\"url\":\"https:\\\/\\\/kolser.com\\\/\",\"logo\":{\"@type\":\"ImageObject\",\"inLanguage\":\"de\",\"@id\":\"https:\\\/\\\/kolser.com\\\/#\\\/schema\\\/logo\\\/image\\\/\",\"url\":\"https:\\\/\\\/kolser.com\\\/wp-content\\\/uploads\\\/2021\\\/11\\\/Logo-Cabecera.png\",\"contentUrl\":\"https:\\\/\\\/kolser.com\\\/wp-content\\\/uploads\\\/2021\\\/11\\\/Logo-Cabecera.png\",\"width\":979,\"height\":1358,\"caption\":\"Kolser\"},\"image\":{\"@id\":\"https:\\\/\\\/kolser.com\\\/#\\\/schema\\\/logo\\\/image\\\/\"}}]}<\/script>\n<!-- \/ Yoast SEO plugin. -->","yoast_head_json":{"title":"PISTOLA ANTIGUA DE PERCUSION, S.XVIII KOLSER","description":"\u2705 R\u00e9plica\u3010 PISTOLA PERCUSI\u00d3N s.XVIII \u3011Pistola de \u00e9poca en la que los caballeros las usaban para duelos. Disponible en 3 acabados.","robots":{"index":"index","follow":"follow","max-snippet":"max-snippet:-1","max-image-preview":"max-image-preview:large","max-video-preview":"max-video-preview:-1"},"canonical":"https:\/\/kolser.com\/de\/produkt\/pistola-antigua-de-percusion-s-xviii\/","og_locale":"de_DE","og_type":"article","og_title":"PISTOLA ANTIGUA DE PERCUSION, S.XVIII KOLSER","og_description":"\u2705 R\u00e9plica\u3010 PISTOLA PERCUSI\u00d3N s.XVIII \u3011Pistola de \u00e9poca en la que los caballeros las usaban para duelos. Disponible en 3 acabados.","og_url":"https:\/\/kolser.com\/de\/produkt\/pistola-antigua-de-percusion-s-xviii\/","og_site_name":"Kolser","article_modified_time":"2024-02-25T10:21:21+00:00","og_image":[{"width":600,"height":600,"url":"https:\/\/kolser.com\/wp-content\/uploads\/2021\/12\/KOLSER-REPLICA-PISTOLA-PIRATA-GUN-PISTOLA-PIRATA-DE-PERCUSION-SXVIII47-1111.jpg","type":"image\/jpeg"}],"twitter_card":"summary_large_image","twitter_misc":{"Gesch\u00e4tzte Lesezeit":"1\u00a0Minute"},"schema":{"@context":"https:\/\/schema.org","@graph":[{"@type":"WebPage","@id":"https:\/\/kolser.com\/producto\/pistola-antigua-de-percusion-s-xviii\/","url":"https:\/\/kolser.com\/producto\/pistola-antigua-de-percusion-s-xviii\/","name":"PISTOLA ANTIGUA DE PERCUSION, S.XVIII KOLSER","isPartOf":{"@id":"https:\/\/kolser.com\/#website"},"primaryImageOfPage":{"@id":"https:\/\/kolser.com\/producto\/pistola-antigua-de-percusion-s-xviii\/#primaryimage"},"image":{"@id":"https:\/\/kolser.com\/producto\/pistola-antigua-de-percusion-s-xviii\/#primaryimage"},"thumbnailUrl":"https:\/\/kolser.com\/wp-content\/uploads\/2021\/12\/KOLSER-REPLICA-PISTOLA-PIRATA-GUN-PISTOLA-PIRATA-DE-PERCUSION-SXVIII47-1111.jpg","datePublished":"2021-12-11T09:13:15+00:00","dateModified":"2024-02-25T10:21:21+00:00","description":"\u2705 R\u00e9plica\u3010 PISTOLA PERCUSI\u00d3N s.XVIII \u3011Pistola de \u00e9poca en la que los caballeros las usaban para duelos. Disponible en 3 acabados.","breadcrumb":{"@id":"https:\/\/kolser.com\/producto\/pistola-antigua-de-percusion-s-xviii\/#breadcrumb"},"inLanguage":"de","potentialAction":[{"@type":"ReadAction","target":["https:\/\/kolser.com\/producto\/pistola-antigua-de-percusion-s-xviii\/"]}]},{"@type":"ImageObject","inLanguage":"de","@id":"https:\/\/kolser.com\/producto\/pistola-antigua-de-percusion-s-xviii\/#primaryimage","url":"https:\/\/kolser.com\/wp-content\/uploads\/2021\/12\/KOLSER-REPLICA-PISTOLA-PIRATA-GUN-PISTOLA-PIRATA-DE-PERCUSION-SXVIII47-1111.jpg","contentUrl":"https:\/\/kolser.com\/wp-content\/uploads\/2021\/12\/KOLSER-REPLICA-PISTOLA-PIRATA-GUN-PISTOLA-PIRATA-DE-PERCUSION-SXVIII47-1111.jpg","width":600,"height":600,"caption":"PISTOLA ANTIGUA DE PERCUSION, S.XVIII KOLSER"},{"@type":"BreadcrumbList","@id":"https:\/\/kolser.com\/producto\/pistola-antigua-de-percusion-s-xviii\/#breadcrumb","itemListElement":[{"@type":"ListItem","position":1,"name":"Home","item":"https:\/\/kolser.com\/"},{"@type":"ListItem","position":2,"name":"Cat\u00e1logo","item":"https:\/\/kolser.com\/catalogo\/"},{"@type":"ListItem","position":3,"name":"Pistolas","item":"https:\/\/kolser.com\/categoria-producto\/pistolas\/"},{"@type":"ListItem","position":4,"name":"Pistolas","item":"https:\/\/kolser.com\/categoria-producto\/pistolas\/pistolas-pistolas-antiguas\/"},{"@type":"ListItem","position":5,"name":"PISTOLA ANTIGUA DE PERCUSION S.XVIII"}]},{"@type":"WebSite","@id":"https:\/\/kolser.com\/#website","url":"https:\/\/kolser.com\/","name":"Kolser","description":"","publisher":{"@id":"https:\/\/kolser.com\/#organization"},"potentialAction":[{"@type":"SearchAction","target":{"@type":"EntryPoint","urlTemplate":"https:\/\/kolser.com\/?s={search_term_string}"},"query-input":{"@type":"PropertyValueSpecification","valueRequired":true,"valueName":"search_term_string"}}],"inLanguage":"de"},{"@type":"Organization","@id":"https:\/\/kolser.com\/#organization","name":"Kolser","url":"https:\/\/kolser.com\/","logo":{"@type":"ImageObject","inLanguage":"de","@id":"https:\/\/kolser.com\/#\/schema\/logo\/image\/","url":"https:\/\/kolser.com\/wp-content\/uploads\/2021\/11\/Logo-Cabecera.png","contentUrl":"https:\/\/kolser.com\/wp-content\/uploads\/2021\/11\/Logo-Cabecera.png","width":979,"height":1358,"caption":"Kolser"},"image":{"@id":"https:\/\/kolser.com\/#\/schema\/logo\/image\/"}}]}},"_links":{"self":[{"href":"https:\/\/kolser.com\/de\/wp-json\/wp\/v2\/product\/13777","targetHints":{"allow":["GET"]}}],"collection":[{"href":"https:\/\/kolser.com\/de\/wp-json\/wp\/v2\/product"}],"about":[{"href":"https:\/\/kolser.com\/de\/wp-json\/wp\/v2\/types\/product"}],"replies":[{"embeddable":true,"href":"https:\/\/kolser.com\/de\/wp-json\/wp\/v2\/comments?post=13777"}],"wp:featuredmedia":[{"embeddable":true,"href":"https:\/\/kolser.com\/de\/wp-json\/wp\/v2\/media\/11128"}],"wp:attachment":[{"href":"https:\/\/kolser.com\/de\/wp-json\/wp\/v2\/media?parent=13777"}],"wp:term":[{"taxonomy":"product_brand","embeddable":true,"href":"https:\/\/kolser.com\/de\/wp-json\/wp\/v2\/product_brand?post=13777"},{"taxonomy":"product_cat","embeddable":true,"href":"https:\/\/kolser.com\/de\/wp-json\/wp\/v2\/product_cat?post=13777"},{"taxonomy":"product_tag","embeddable":true,"href":"https:\/\/kolser.com\/de\/wp-json\/wp\/v2\/product_tag?post=13777"},{"taxonomy":"coleccion","embeddable":true,"href":"https:\/\/kolser.com\/de\/wp-json\/wp\/v2\/coleccion?post=13777"},{"taxonomy":"proposito","embeddable":true,"href":"https:\/\/kolser.com\/de\/wp-json\/wp\/v2\/proposito?post=13777"}],"curies":[{"name":"wp","href":"https:\/\/api.w.org\/{rel}","templated":true}]}}