{"id":13658,"date":"2021-12-11T09:13:05","date_gmt":"2021-12-11T09:13:05","guid":{"rendered":"https:\/\/kolser.com\/?post_type=product&#038;p=13658"},"modified":"2021-12-17T10:44:59","modified_gmt":"2021-12-17T10:44:59","slug":"pistola-daga-de-chispa","status":"publish","type":"product","link":"https:\/\/kolser.com\/de\/producto\/pistola-daga-de-chispa\/","title":{"rendered":"STEINSCHLOSS-PISTOLENDOLCH"},"content":{"rendered":"<p>42 cm<\/p>","protected":false},"excerpt":{"rendered":"<p>Replik einer Steinschloss-Dolchpistole, sorgf\u00e4ltig gefertigt von Kolser in enger Anlehnung an das Original. Die feinen Verzierungen dieser Waffe \u2013 besonders am Griff \u2013 zeugen von h\u00f6chster Handwerkskunst und lassen sie in vollem Glanz erstrahlen. Diese Pistole ist ein Symbol f\u00fcr Macht und \u00c4sthetik. Sie misst 42\u202fZentimeter und kombiniert silberfarbenes Metall mit hochwertigem Kunstharz. Eine au\u00dfergew\u00f6hnliche Dekorationswaffe, die jeden Raum aufwertet und alle Blicke auf sich zieht. Dank der verwendeten Materialien ist sie langlebig und widerstandsf\u00e4hig.<\/p>","protected":false},"featured_media":14434,"comment_status":"closed","ping_status":"closed","template":"","meta":[],"product_brand":[],"product_cat":[30,31],"product_tag":[],"coleccion":[],"proposito":[],"class_list":{"0":"post-13658","1":"product","2":"type-product","3":"status-publish","4":"has-post-thumbnail","6":"product_cat-pistolas","7":"product_cat-pistolas-pistolas-antiguas","9":"first","10":"instock","11":"shipping-taxable","12":"purchasable","13":"product-type-variable"},"yoast_head":"<!-- This site is optimized with the Yoast SEO plugin v27.4 - https:\/\/yoast.com\/product\/yoast-seo-wordpress\/ -->\n<title>\u25b7PISTOLA-DAGA DE CHISPA - Kolser<\/title>\n<meta name=\"description\" content=\"\u2694\ufe0f R\u00e9plica de alta calidad de PISTOLA-DAGA DE CHISPA , ideal para proyectos o colecciones. \u00a1Ll\u00e9vatela hoy mismo!\" \/>\n<meta name=\"robots\" content=\"index, follow, max-snippet:-1, max-image-preview:large, max-video-preview:-1\" \/>\n<link rel=\"canonical\" href=\"https:\/\/kolser.com\/de\/produkt\/pistola-daga-de-chispa\/\" \/>\n<meta property=\"og:locale\" content=\"de_DE\" \/>\n<meta property=\"og:type\" content=\"article\" \/>\n<meta property=\"og:title\" content=\"\u25b7PISTOLA-DAGA DE CHISPA - Kolser\" \/>\n<meta property=\"og:description\" content=\"\u2694\ufe0f R\u00e9plica de alta calidad de PISTOLA-DAGA DE CHISPA , ideal para proyectos o colecciones. \u00a1Ll\u00e9vatela hoy mismo!\" \/>\n<meta property=\"og:url\" content=\"https:\/\/kolser.com\/de\/produkt\/pistola-daga-de-chispa\/\" \/>\n<meta property=\"og:site_name\" content=\"Kolser\" \/>\n<meta property=\"article:modified_time\" content=\"2021-12-17T10:44:59+00:00\" \/>\n<meta property=\"og:image\" content=\"https:\/\/kolser.com\/wp-content\/uploads\/2021\/12\/47-8798-L.jpg\" \/>\n\t<meta property=\"og:image:width\" content=\"600\" \/>\n\t<meta property=\"og:image:height\" content=\"600\" \/>\n\t<meta property=\"og:image:type\" content=\"image\/jpeg\" \/>\n<meta name=\"twitter:card\" content=\"summary_large_image\" \/>\n<script type=\"application\/ld+json\" class=\"yoast-schema-graph\">{\"@context\":\"https:\\\/\\\/schema.org\",\"@graph\":[{\"@type\":\"WebPage\",\"@id\":\"https:\\\/\\\/kolser.com\\\/producto\\\/pistola-daga-de-chispa\\\/\",\"url\":\"https:\\\/\\\/kolser.com\\\/producto\\\/pistola-daga-de-chispa\\\/\",\"name\":\"\u25b7PISTOLA-DAGA DE CHISPA - Kolser\",\"isPartOf\":{\"@id\":\"https:\\\/\\\/kolser.com\\\/#website\"},\"primaryImageOfPage\":{\"@id\":\"https:\\\/\\\/kolser.com\\\/producto\\\/pistola-daga-de-chispa\\\/#primaryimage\"},\"image\":{\"@id\":\"https:\\\/\\\/kolser.com\\\/producto\\\/pistola-daga-de-chispa\\\/#primaryimage\"},\"thumbnailUrl\":\"https:\\\/\\\/kolser.com\\\/wp-content\\\/uploads\\\/2021\\\/12\\\/47-8798-L.jpg\",\"datePublished\":\"2021-12-11T09:13:05+00:00\",\"dateModified\":\"2021-12-17T10:44:59+00:00\",\"description\":\"\u2694\ufe0f R\u00e9plica de alta calidad de PISTOLA-DAGA DE CHISPA , ideal para proyectos o colecciones. \u00a1Ll\u00e9vatela hoy mismo!\",\"breadcrumb\":{\"@id\":\"https:\\\/\\\/kolser.com\\\/producto\\\/pistola-daga-de-chispa\\\/#breadcrumb\"},\"inLanguage\":\"de\",\"potentialAction\":[{\"@type\":\"ReadAction\",\"target\":[\"https:\\\/\\\/kolser.com\\\/producto\\\/pistola-daga-de-chispa\\\/\"]}]},{\"@type\":\"ImageObject\",\"inLanguage\":\"de\",\"@id\":\"https:\\\/\\\/kolser.com\\\/producto\\\/pistola-daga-de-chispa\\\/#primaryimage\",\"url\":\"https:\\\/\\\/kolser.com\\\/wp-content\\\/uploads\\\/2021\\\/12\\\/47-8798-L.jpg\",\"contentUrl\":\"https:\\\/\\\/kolser.com\\\/wp-content\\\/uploads\\\/2021\\\/12\\\/47-8798-L.jpg\",\"width\":600,\"height\":600,\"caption\":\"Vista lateral derecha de r\u00e9plica de pistola con daga de chispa. Empu\u00f1adura de madera con adornos y ca\u00f1\u00f3n dorado. Hoja recta de doble filo.\"},{\"@type\":\"BreadcrumbList\",\"@id\":\"https:\\\/\\\/kolser.com\\\/producto\\\/pistola-daga-de-chispa\\\/#breadcrumb\",\"itemListElement\":[{\"@type\":\"ListItem\",\"position\":1,\"name\":\"Home\",\"item\":\"https:\\\/\\\/kolser.com\\\/\"},{\"@type\":\"ListItem\",\"position\":2,\"name\":\"Cat\u00e1logo\",\"item\":\"https:\\\/\\\/kolser.com\\\/catalogo\\\/\"},{\"@type\":\"ListItem\",\"position\":3,\"name\":\"Pistolas\",\"item\":\"https:\\\/\\\/kolser.com\\\/categoria-producto\\\/pistolas\\\/\"},{\"@type\":\"ListItem\",\"position\":4,\"name\":\"Pistolas\",\"item\":\"https:\\\/\\\/kolser.com\\\/categoria-producto\\\/pistolas\\\/pistolas-pistolas-antiguas\\\/\"},{\"@type\":\"ListItem\",\"position\":5,\"name\":\"PISTOLA-DAGA DE CHISPA\"}]},{\"@type\":\"WebSite\",\"@id\":\"https:\\\/\\\/kolser.com\\\/#website\",\"url\":\"https:\\\/\\\/kolser.com\\\/\",\"name\":\"Kolser\",\"description\":\"\",\"publisher\":{\"@id\":\"https:\\\/\\\/kolser.com\\\/#organization\"},\"potentialAction\":[{\"@type\":\"SearchAction\",\"target\":{\"@type\":\"EntryPoint\",\"urlTemplate\":\"https:\\\/\\\/kolser.com\\\/?s={search_term_string}\"},\"query-input\":{\"@type\":\"PropertyValueSpecification\",\"valueRequired\":true,\"valueName\":\"search_term_string\"}}],\"inLanguage\":\"de\"},{\"@type\":\"Organization\",\"@id\":\"https:\\\/\\\/kolser.com\\\/#organization\",\"name\":\"Kolser\",\"url\":\"https:\\\/\\\/kolser.com\\\/\",\"logo\":{\"@type\":\"ImageObject\",\"inLanguage\":\"de\",\"@id\":\"https:\\\/\\\/kolser.com\\\/#\\\/schema\\\/logo\\\/image\\\/\",\"url\":\"https:\\\/\\\/kolser.com\\\/wp-content\\\/uploads\\\/2021\\\/11\\\/Logo-Cabecera.png\",\"contentUrl\":\"https:\\\/\\\/kolser.com\\\/wp-content\\\/uploads\\\/2021\\\/11\\\/Logo-Cabecera.png\",\"width\":979,\"height\":1358,\"caption\":\"Kolser\"},\"image\":{\"@id\":\"https:\\\/\\\/kolser.com\\\/#\\\/schema\\\/logo\\\/image\\\/\"}}]}<\/script>\n<!-- \/ Yoast SEO plugin. -->","yoast_head_json":{"title":"\u25b7PISTOLA-DAGA DE CHISPA - Kolser","description":"\u2694\ufe0f R\u00e9plica de alta calidad de PISTOLA-DAGA DE CHISPA , ideal para proyectos o colecciones. \u00a1Ll\u00e9vatela hoy mismo!","robots":{"index":"index","follow":"follow","max-snippet":"max-snippet:-1","max-image-preview":"max-image-preview:large","max-video-preview":"max-video-preview:-1"},"canonical":"https:\/\/kolser.com\/de\/produkt\/pistola-daga-de-chispa\/","og_locale":"de_DE","og_type":"article","og_title":"\u25b7PISTOLA-DAGA DE CHISPA - Kolser","og_description":"\u2694\ufe0f R\u00e9plica de alta calidad de PISTOLA-DAGA DE CHISPA , ideal para proyectos o colecciones. \u00a1Ll\u00e9vatela hoy mismo!","og_url":"https:\/\/kolser.com\/de\/produkt\/pistola-daga-de-chispa\/","og_site_name":"Kolser","article_modified_time":"2021-12-17T10:44:59+00:00","og_image":[{"width":600,"height":600,"url":"https:\/\/kolser.com\/wp-content\/uploads\/2021\/12\/47-8798-L.jpg","type":"image\/jpeg"}],"twitter_card":"summary_large_image","schema":{"@context":"https:\/\/schema.org","@graph":[{"@type":"WebPage","@id":"https:\/\/kolser.com\/producto\/pistola-daga-de-chispa\/","url":"https:\/\/kolser.com\/producto\/pistola-daga-de-chispa\/","name":"\u25b7PISTOLA-DAGA DE CHISPA - Kolser","isPartOf":{"@id":"https:\/\/kolser.com\/#website"},"primaryImageOfPage":{"@id":"https:\/\/kolser.com\/producto\/pistola-daga-de-chispa\/#primaryimage"},"image":{"@id":"https:\/\/kolser.com\/producto\/pistola-daga-de-chispa\/#primaryimage"},"thumbnailUrl":"https:\/\/kolser.com\/wp-content\/uploads\/2021\/12\/47-8798-L.jpg","datePublished":"2021-12-11T09:13:05+00:00","dateModified":"2021-12-17T10:44:59+00:00","description":"\u2694\ufe0f R\u00e9plica de alta calidad de PISTOLA-DAGA DE CHISPA , ideal para proyectos o colecciones. \u00a1Ll\u00e9vatela hoy mismo!","breadcrumb":{"@id":"https:\/\/kolser.com\/producto\/pistola-daga-de-chispa\/#breadcrumb"},"inLanguage":"de","potentialAction":[{"@type":"ReadAction","target":["https:\/\/kolser.com\/producto\/pistola-daga-de-chispa\/"]}]},{"@type":"ImageObject","inLanguage":"de","@id":"https:\/\/kolser.com\/producto\/pistola-daga-de-chispa\/#primaryimage","url":"https:\/\/kolser.com\/wp-content\/uploads\/2021\/12\/47-8798-L.jpg","contentUrl":"https:\/\/kolser.com\/wp-content\/uploads\/2021\/12\/47-8798-L.jpg","width":600,"height":600,"caption":"Vista lateral derecha de r\u00e9plica de pistola con daga de chispa. Empu\u00f1adura de madera con adornos y ca\u00f1\u00f3n dorado. Hoja recta de doble filo."},{"@type":"BreadcrumbList","@id":"https:\/\/kolser.com\/producto\/pistola-daga-de-chispa\/#breadcrumb","itemListElement":[{"@type":"ListItem","position":1,"name":"Home","item":"https:\/\/kolser.com\/"},{"@type":"ListItem","position":2,"name":"Cat\u00e1logo","item":"https:\/\/kolser.com\/catalogo\/"},{"@type":"ListItem","position":3,"name":"Pistolas","item":"https:\/\/kolser.com\/categoria-producto\/pistolas\/"},{"@type":"ListItem","position":4,"name":"Pistolas","item":"https:\/\/kolser.com\/categoria-producto\/pistolas\/pistolas-pistolas-antiguas\/"},{"@type":"ListItem","position":5,"name":"PISTOLA-DAGA DE CHISPA"}]},{"@type":"WebSite","@id":"https:\/\/kolser.com\/#website","url":"https:\/\/kolser.com\/","name":"Kolser","description":"","publisher":{"@id":"https:\/\/kolser.com\/#organization"},"potentialAction":[{"@type":"SearchAction","target":{"@type":"EntryPoint","urlTemplate":"https:\/\/kolser.com\/?s={search_term_string}"},"query-input":{"@type":"PropertyValueSpecification","valueRequired":true,"valueName":"search_term_string"}}],"inLanguage":"de"},{"@type":"Organization","@id":"https:\/\/kolser.com\/#organization","name":"Kolser","url":"https:\/\/kolser.com\/","logo":{"@type":"ImageObject","inLanguage":"de","@id":"https:\/\/kolser.com\/#\/schema\/logo\/image\/","url":"https:\/\/kolser.com\/wp-content\/uploads\/2021\/11\/Logo-Cabecera.png","contentUrl":"https:\/\/kolser.com\/wp-content\/uploads\/2021\/11\/Logo-Cabecera.png","width":979,"height":1358,"caption":"Kolser"},"image":{"@id":"https:\/\/kolser.com\/#\/schema\/logo\/image\/"}}]}},"_links":{"self":[{"href":"https:\/\/kolser.com\/de\/wp-json\/wp\/v2\/product\/13658","targetHints":{"allow":["GET"]}}],"collection":[{"href":"https:\/\/kolser.com\/de\/wp-json\/wp\/v2\/product"}],"about":[{"href":"https:\/\/kolser.com\/de\/wp-json\/wp\/v2\/types\/product"}],"replies":[{"embeddable":true,"href":"https:\/\/kolser.com\/de\/wp-json\/wp\/v2\/comments?post=13658"}],"wp:featuredmedia":[{"embeddable":true,"href":"https:\/\/kolser.com\/de\/wp-json\/wp\/v2\/media\/14434"}],"wp:attachment":[{"href":"https:\/\/kolser.com\/de\/wp-json\/wp\/v2\/media?parent=13658"}],"wp:term":[{"taxonomy":"product_brand","embeddable":true,"href":"https:\/\/kolser.com\/de\/wp-json\/wp\/v2\/product_brand?post=13658"},{"taxonomy":"product_cat","embeddable":true,"href":"https:\/\/kolser.com\/de\/wp-json\/wp\/v2\/product_cat?post=13658"},{"taxonomy":"product_tag","embeddable":true,"href":"https:\/\/kolser.com\/de\/wp-json\/wp\/v2\/product_tag?post=13658"},{"taxonomy":"coleccion","embeddable":true,"href":"https:\/\/kolser.com\/de\/wp-json\/wp\/v2\/coleccion?post=13658"},{"taxonomy":"proposito","embeddable":true,"href":"https:\/\/kolser.com\/de\/wp-json\/wp\/v2\/proposito?post=13658"}],"curies":[{"name":"wp","href":"https:\/\/api.w.org\/{rel}","templated":true}]}}