{"id":13629,"date":"2021-12-11T09:13:03","date_gmt":"2021-12-11T09:13:03","guid":{"rendered":"https:\/\/kolser.com\/?post_type=product&#038;p=13629"},"modified":"2024-03-10T14:32:44","modified_gmt":"2024-03-10T14:32:44","slug":"pistolas-de-duelo-belgas-s-xviii-2","status":"publish","type":"product","link":"https:\/\/kolser.com\/de\/producto\/pistolas-de-duelo-belgas-s-xviii-2\/","title":{"rendered":"BELGISCHE DUELLPISTOLEN AUS DEM 18. JAHRHUNDERT"},"content":{"rendered":"<p class=\"translation-block\">Spektakul\u00e4re Replik einer Piraten-Perkussionspistole \u2013 ein dekoratives Paar belgischer Duellpistolen aus dem 17. Jahrhundert. Gefertigt von Kolser, versetzen sie uns zur\u00fcck in eine Zeit, in der Seegefechte zwischen Piraten allt\u00e4glich waren und diese Waffen zu den am h\u00e4ufigsten verwendeten in den Kolonien z\u00e4hlten. Trotz ihrer Symbolkraft waren sie im Gefecht wenig effektiv: Sie gaben nur einen Schuss ab, und das Nachladen war ein langsamer und beschwerlicher Vorgang.<\/p>\n<p>Diese Waffe ist aus Kunstharz und Metall gefertigt \u2013 Materialien, die ihre Langlebigkeit gew\u00e4hrleisten. Sie ist 32\u202fZentimeter lang.<\/p>\n<p>F\u00fchle dich wie ein echter Sammler mit diesem wundersch\u00f6nen St\u00fcck \u2013 eine Waffe, die alle Blicke auf sich zieht. Ihre besondere Ausstrahlung l\u00e4dt dich ein, deine piratische Seite zu entdecken.<\/p>\n<p>36 cm<\/p>","protected":false},"excerpt":{"rendered":"<p>Espectacular replica de pistola pirata de percusi\u00f3n, un par de pistolas de duelo belgas del siglo XVII para decorar. Elaboradas por Kolser, que nos remonta a la \u00e9poca donde eran comunes los enfrentamientos navales de los piratas, tambi\u00e9n por ser una de las armas m\u00e1s utilizadas por las colonias, era un arma poco efectiva a [&hellip;]<\/p>\n","protected":false},"featured_media":1461,"comment_status":"closed","ping_status":"closed","template":"","meta":[],"product_brand":[],"product_cat":[30,39],"product_tag":[],"coleccion":[],"proposito":[],"class_list":{"0":"post-13629","1":"product","2":"type-product","3":"status-publish","4":"has-post-thumbnail","6":"product_cat-pistolas","7":"product_cat-pistolas-de-duelo","9":"first","10":"instock","11":"shipping-taxable","12":"purchasable","13":"product-type-variable"},"yoast_head":"<!-- This site is optimized with the Yoast SEO plugin v27.4 - https:\/\/yoast.com\/product\/yoast-seo-wordpress\/ -->\n<title>PISTOLAS DE DUELO BELGAS SIGLO XVIII<\/title>\n<meta name=\"description\" content=\"\u2705 R\u00e9plica\u3010 PISTOLAS DE DUELO BELGAS S.XVIII \u3011Este arma era com\u00fan entre los piratas y colonos de la \u00e9poca. Disponible en 3 acabados.\" \/>\n<meta name=\"robots\" content=\"index, follow, max-snippet:-1, max-image-preview:large, max-video-preview:-1\" \/>\n<link rel=\"canonical\" href=\"https:\/\/kolser.com\/de\/produkt\/pistolas-de-duelo-belgas-s-xviii-2\/\" \/>\n<meta property=\"og:locale\" content=\"de_DE\" \/>\n<meta property=\"og:type\" content=\"article\" \/>\n<meta property=\"og:title\" content=\"PISTOLAS DE DUELO BELGAS SIGLO XVIII\" \/>\n<meta property=\"og:description\" content=\"\u2705 R\u00e9plica\u3010 PISTOLAS DE DUELO BELGAS S.XVIII \u3011Este arma era com\u00fan entre los piratas y colonos de la \u00e9poca. Disponible en 3 acabados.\" \/>\n<meta property=\"og:url\" content=\"https:\/\/kolser.com\/de\/produkt\/pistolas-de-duelo-belgas-s-xviii-2\/\" \/>\n<meta property=\"og:site_name\" content=\"Kolser\" \/>\n<meta property=\"article:modified_time\" content=\"2024-03-10T14:32:44+00:00\" \/>\n<meta property=\"og:image\" content=\"https:\/\/kolser.com\/wp-content\/uploads\/2021\/11\/KOLSER-REPLICA-PISTOLA-PIRATA-GUN-PISTOLA-PIRATA-DE-PERCUSION-SXVIII47-1109.jpg\" \/>\n\t<meta property=\"og:image:width\" content=\"600\" \/>\n\t<meta property=\"og:image:height\" content=\"600\" \/>\n\t<meta property=\"og:image:type\" content=\"image\/jpeg\" \/>\n<meta name=\"twitter:card\" content=\"summary_large_image\" \/>\n<meta name=\"twitter:label1\" content=\"Gesch\u00e4tzte Lesezeit\" \/>\n\t<meta name=\"twitter:data1\" content=\"1\u00a0Minute\" \/>\n<script type=\"application\/ld+json\" class=\"yoast-schema-graph\">{\"@context\":\"https:\\\/\\\/schema.org\",\"@graph\":[{\"@type\":\"WebPage\",\"@id\":\"https:\\\/\\\/kolser.com\\\/en\\\/product\\\/duo-pirate-percussion-pistols\\\/\",\"url\":\"https:\\\/\\\/kolser.com\\\/en\\\/product\\\/duo-pirate-percussion-pistols\\\/\",\"name\":\"PISTOLAS DE DUELO BELGAS SIGLO XVIII\",\"isPartOf\":{\"@id\":\"https:\\\/\\\/kolser.com\\\/#website\"},\"primaryImageOfPage\":{\"@id\":\"https:\\\/\\\/kolser.com\\\/en\\\/product\\\/duo-pirate-percussion-pistols\\\/#primaryimage\"},\"image\":{\"@id\":\"https:\\\/\\\/kolser.com\\\/en\\\/product\\\/duo-pirate-percussion-pistols\\\/#primaryimage\"},\"thumbnailUrl\":\"https:\\\/\\\/kolser.com\\\/wp-content\\\/uploads\\\/2021\\\/11\\\/KOLSER-REPLICA-PISTOLA-PIRATA-GUN-PISTOLA-PIRATA-DE-PERCUSION-SXVIII47-1109.jpg\",\"datePublished\":\"2021-12-11T09:13:03+00:00\",\"dateModified\":\"2024-03-10T14:32:44+00:00\",\"description\":\"\u2705 R\u00e9plica\u3010 PISTOLAS DE DUELO BELGAS S.XVIII \u3011Este arma era com\u00fan entre los piratas y colonos de la \u00e9poca. Disponible en 3 acabados.\",\"breadcrumb\":{\"@id\":\"https:\\\/\\\/kolser.com\\\/en\\\/product\\\/duo-pirate-percussion-pistols\\\/#breadcrumb\"},\"inLanguage\":\"de\",\"potentialAction\":[{\"@type\":\"ReadAction\",\"target\":[\"https:\\\/\\\/kolser.com\\\/en\\\/product\\\/duo-pirate-percussion-pistols\\\/\"]}]},{\"@type\":\"ImageObject\",\"inLanguage\":\"de\",\"@id\":\"https:\\\/\\\/kolser.com\\\/en\\\/product\\\/duo-pirate-percussion-pistols\\\/#primaryimage\",\"url\":\"https:\\\/\\\/kolser.com\\\/wp-content\\\/uploads\\\/2021\\\/11\\\/KOLSER-REPLICA-PISTOLA-PIRATA-GUN-PISTOLA-PIRATA-DE-PERCUSION-SXVIII47-1109.jpg\",\"contentUrl\":\"https:\\\/\\\/kolser.com\\\/wp-content\\\/uploads\\\/2021\\\/11\\\/KOLSER-REPLICA-PISTOLA-PIRATA-GUN-PISTOLA-PIRATA-DE-PERCUSION-SXVIII47-1109.jpg\",\"width\":600,\"height\":600,\"caption\":\"PISTOLA PIRATA DE PERCIS\u00d3N KOLSER\"},{\"@type\":\"BreadcrumbList\",\"@id\":\"https:\\\/\\\/kolser.com\\\/en\\\/product\\\/duo-pirate-percussion-pistols\\\/#breadcrumb\",\"itemListElement\":[{\"@type\":\"ListItem\",\"position\":1,\"name\":\"Home\",\"item\":\"https:\\\/\\\/kolser.com\\\/\"},{\"@type\":\"ListItem\",\"position\":2,\"name\":\"Cat\u00e1logo\",\"item\":\"https:\\\/\\\/kolser.com\\\/catalogo\\\/\"},{\"@type\":\"ListItem\",\"position\":3,\"name\":\"Pistolas\",\"item\":\"https:\\\/\\\/kolser.com\\\/categoria-producto\\\/pistolas\\\/\"},{\"@type\":\"ListItem\",\"position\":4,\"name\":\"Pistolas de duelo\",\"item\":\"https:\\\/\\\/kolser.com\\\/categoria-producto\\\/pistolas\\\/pistolas-de-duelo\\\/\"},{\"@type\":\"ListItem\",\"position\":5,\"name\":\"PISTOLAS DE DUELO BELGAS S. XVIII\"}]},{\"@type\":\"WebSite\",\"@id\":\"https:\\\/\\\/kolser.com\\\/#website\",\"url\":\"https:\\\/\\\/kolser.com\\\/\",\"name\":\"Kolser\",\"description\":\"\",\"publisher\":{\"@id\":\"https:\\\/\\\/kolser.com\\\/#organization\"},\"potentialAction\":[{\"@type\":\"SearchAction\",\"target\":{\"@type\":\"EntryPoint\",\"urlTemplate\":\"https:\\\/\\\/kolser.com\\\/?s={search_term_string}\"},\"query-input\":{\"@type\":\"PropertyValueSpecification\",\"valueRequired\":true,\"valueName\":\"search_term_string\"}}],\"inLanguage\":\"de\"},{\"@type\":\"Organization\",\"@id\":\"https:\\\/\\\/kolser.com\\\/#organization\",\"name\":\"Kolser\",\"url\":\"https:\\\/\\\/kolser.com\\\/\",\"logo\":{\"@type\":\"ImageObject\",\"inLanguage\":\"de\",\"@id\":\"https:\\\/\\\/kolser.com\\\/#\\\/schema\\\/logo\\\/image\\\/\",\"url\":\"https:\\\/\\\/kolser.com\\\/wp-content\\\/uploads\\\/2021\\\/11\\\/Logo-Cabecera.png\",\"contentUrl\":\"https:\\\/\\\/kolser.com\\\/wp-content\\\/uploads\\\/2021\\\/11\\\/Logo-Cabecera.png\",\"width\":979,\"height\":1358,\"caption\":\"Kolser\"},\"image\":{\"@id\":\"https:\\\/\\\/kolser.com\\\/#\\\/schema\\\/logo\\\/image\\\/\"}}]}<\/script>\n<!-- \/ Yoast SEO plugin. -->","yoast_head_json":{"title":"PISTOLAS DE DUELO BELGAS SIGLO XVIII","description":"\u2705 R\u00e9plica\u3010 PISTOLAS DE DUELO BELGAS S.XVIII \u3011Este arma era com\u00fan entre los piratas y colonos de la \u00e9poca. Disponible en 3 acabados.","robots":{"index":"index","follow":"follow","max-snippet":"max-snippet:-1","max-image-preview":"max-image-preview:large","max-video-preview":"max-video-preview:-1"},"canonical":"https:\/\/kolser.com\/de\/produkt\/pistolas-de-duelo-belgas-s-xviii-2\/","og_locale":"de_DE","og_type":"article","og_title":"PISTOLAS DE DUELO BELGAS SIGLO XVIII","og_description":"\u2705 R\u00e9plica\u3010 PISTOLAS DE DUELO BELGAS S.XVIII \u3011Este arma era com\u00fan entre los piratas y colonos de la \u00e9poca. Disponible en 3 acabados.","og_url":"https:\/\/kolser.com\/de\/produkt\/pistolas-de-duelo-belgas-s-xviii-2\/","og_site_name":"Kolser","article_modified_time":"2024-03-10T14:32:44+00:00","og_image":[{"width":600,"height":600,"url":"https:\/\/kolser.com\/wp-content\/uploads\/2021\/11\/KOLSER-REPLICA-PISTOLA-PIRATA-GUN-PISTOLA-PIRATA-DE-PERCUSION-SXVIII47-1109.jpg","type":"image\/jpeg"}],"twitter_card":"summary_large_image","twitter_misc":{"Gesch\u00e4tzte Lesezeit":"1\u00a0Minute"},"schema":{"@context":"https:\/\/schema.org","@graph":[{"@type":"WebPage","@id":"https:\/\/kolser.com\/en\/product\/duo-pirate-percussion-pistols\/","url":"https:\/\/kolser.com\/en\/product\/duo-pirate-percussion-pistols\/","name":"PISTOLAS DE DUELO BELGAS SIGLO XVIII","isPartOf":{"@id":"https:\/\/kolser.com\/#website"},"primaryImageOfPage":{"@id":"https:\/\/kolser.com\/en\/product\/duo-pirate-percussion-pistols\/#primaryimage"},"image":{"@id":"https:\/\/kolser.com\/en\/product\/duo-pirate-percussion-pistols\/#primaryimage"},"thumbnailUrl":"https:\/\/kolser.com\/wp-content\/uploads\/2021\/11\/KOLSER-REPLICA-PISTOLA-PIRATA-GUN-PISTOLA-PIRATA-DE-PERCUSION-SXVIII47-1109.jpg","datePublished":"2021-12-11T09:13:03+00:00","dateModified":"2024-03-10T14:32:44+00:00","description":"\u2705 R\u00e9plica\u3010 PISTOLAS DE DUELO BELGAS S.XVIII \u3011Este arma era com\u00fan entre los piratas y colonos de la \u00e9poca. Disponible en 3 acabados.","breadcrumb":{"@id":"https:\/\/kolser.com\/en\/product\/duo-pirate-percussion-pistols\/#breadcrumb"},"inLanguage":"de","potentialAction":[{"@type":"ReadAction","target":["https:\/\/kolser.com\/en\/product\/duo-pirate-percussion-pistols\/"]}]},{"@type":"ImageObject","inLanguage":"de","@id":"https:\/\/kolser.com\/en\/product\/duo-pirate-percussion-pistols\/#primaryimage","url":"https:\/\/kolser.com\/wp-content\/uploads\/2021\/11\/KOLSER-REPLICA-PISTOLA-PIRATA-GUN-PISTOLA-PIRATA-DE-PERCUSION-SXVIII47-1109.jpg","contentUrl":"https:\/\/kolser.com\/wp-content\/uploads\/2021\/11\/KOLSER-REPLICA-PISTOLA-PIRATA-GUN-PISTOLA-PIRATA-DE-PERCUSION-SXVIII47-1109.jpg","width":600,"height":600,"caption":"PISTOLA PIRATA DE PERCIS\u00d3N KOLSER"},{"@type":"BreadcrumbList","@id":"https:\/\/kolser.com\/en\/product\/duo-pirate-percussion-pistols\/#breadcrumb","itemListElement":[{"@type":"ListItem","position":1,"name":"Home","item":"https:\/\/kolser.com\/"},{"@type":"ListItem","position":2,"name":"Cat\u00e1logo","item":"https:\/\/kolser.com\/catalogo\/"},{"@type":"ListItem","position":3,"name":"Pistolas","item":"https:\/\/kolser.com\/categoria-producto\/pistolas\/"},{"@type":"ListItem","position":4,"name":"Pistolas de duelo","item":"https:\/\/kolser.com\/categoria-producto\/pistolas\/pistolas-de-duelo\/"},{"@type":"ListItem","position":5,"name":"PISTOLAS DE DUELO BELGAS S. XVIII"}]},{"@type":"WebSite","@id":"https:\/\/kolser.com\/#website","url":"https:\/\/kolser.com\/","name":"Kolser","description":"","publisher":{"@id":"https:\/\/kolser.com\/#organization"},"potentialAction":[{"@type":"SearchAction","target":{"@type":"EntryPoint","urlTemplate":"https:\/\/kolser.com\/?s={search_term_string}"},"query-input":{"@type":"PropertyValueSpecification","valueRequired":true,"valueName":"search_term_string"}}],"inLanguage":"de"},{"@type":"Organization","@id":"https:\/\/kolser.com\/#organization","name":"Kolser","url":"https:\/\/kolser.com\/","logo":{"@type":"ImageObject","inLanguage":"de","@id":"https:\/\/kolser.com\/#\/schema\/logo\/image\/","url":"https:\/\/kolser.com\/wp-content\/uploads\/2021\/11\/Logo-Cabecera.png","contentUrl":"https:\/\/kolser.com\/wp-content\/uploads\/2021\/11\/Logo-Cabecera.png","width":979,"height":1358,"caption":"Kolser"},"image":{"@id":"https:\/\/kolser.com\/#\/schema\/logo\/image\/"}}]}},"_links":{"self":[{"href":"https:\/\/kolser.com\/de\/wp-json\/wp\/v2\/product\/13629","targetHints":{"allow":["GET"]}}],"collection":[{"href":"https:\/\/kolser.com\/de\/wp-json\/wp\/v2\/product"}],"about":[{"href":"https:\/\/kolser.com\/de\/wp-json\/wp\/v2\/types\/product"}],"replies":[{"embeddable":true,"href":"https:\/\/kolser.com\/de\/wp-json\/wp\/v2\/comments?post=13629"}],"wp:featuredmedia":[{"embeddable":true,"href":"https:\/\/kolser.com\/de\/wp-json\/wp\/v2\/media\/1461"}],"wp:attachment":[{"href":"https:\/\/kolser.com\/de\/wp-json\/wp\/v2\/media?parent=13629"}],"wp:term":[{"taxonomy":"product_brand","embeddable":true,"href":"https:\/\/kolser.com\/de\/wp-json\/wp\/v2\/product_brand?post=13629"},{"taxonomy":"product_cat","embeddable":true,"href":"https:\/\/kolser.com\/de\/wp-json\/wp\/v2\/product_cat?post=13629"},{"taxonomy":"product_tag","embeddable":true,"href":"https:\/\/kolser.com\/de\/wp-json\/wp\/v2\/product_tag?post=13629"},{"taxonomy":"coleccion","embeddable":true,"href":"https:\/\/kolser.com\/de\/wp-json\/wp\/v2\/coleccion?post=13629"},{"taxonomy":"proposito","embeddable":true,"href":"https:\/\/kolser.com\/de\/wp-json\/wp\/v2\/proposito?post=13629"}],"curies":[{"name":"wp","href":"https:\/\/api.w.org\/{rel}","templated":true}]}}