{"id":13628,"date":"2021-12-11T09:13:03","date_gmt":"2021-12-11T09:13:03","guid":{"rendered":"https:\/\/kolser.com\/?post_type=product&#038;p=13628"},"modified":"2024-03-10T14:33:53","modified_gmt":"2024-03-10T14:33:53","slug":"set-pistolas-de-duelo-s-xviii-2","status":"publish","type":"product","link":"https:\/\/kolser.com\/de\/producto\/set-pistolas-de-duelo-s-xviii-2\/","title":{"rendered":"DUELLPISTOLEN-SET 18. JAHRHUNDERT"},"content":{"rendered":"<p class=\"translation-block\">Wundersch\u00f6nes Set von Duellpistolen-Repliken aus dem 18. Jahrhundert. Diese von Kolser gefertigten Nachbildungen orientieren sich stark am franz\u00f6sischen Schlossmechanismus, der sp\u00e4ter als Grundlage diente, damit britische B\u00fcchsenmacher \u00e4sthetisch und funktional weiterentwickelte Modelle schaffen konnten.<\/p>\n<p>Besonders hervorzuheben ist bei dieser Replik die trichterf\u00f6rmige M\u00fcndung. Die Waffe besteht aus Metall und Kunstharz \u2013 Materialien, die ihr Widerstandsf\u00e4higkeit und Langlebigkeit verleihen.<\/p>\n<p>Sie misst 36\u202fZentimeter. Abzug, Hahn und Lauf bestehen aus Metall, der Korpus ist aus Kunstharz gefertigt und mit sch\u00f6nen Details am Griff versehen, die das Halten erleichtern.<\/p>\n<p class=\"translation-block\">Diese Waffe ist genau das Richtige, um deine eindrucksvolle Sammlung zu beginnen oder weiterzuf\u00fchren.<\/p>\n<p>36 cm<\/p>","protected":false},"excerpt":{"rendered":"<p>Lind\u00edsimo set de replicas de pistolas de duelo del siglo XVIII, estas replicas elaboradas por Kolser mantienen sin igual parentesco al tipo de llave francesa, que sirvi\u00f3 como base para que los armeros de las filas inglesas consiguieran los modelos m\u00e1s perfeccionados en cuanto a est\u00e9tica y funcionalidad. Resalta de esta replica su boquilla en [&hellip;]<\/p>\n","protected":false},"featured_media":14371,"comment_status":"closed","ping_status":"closed","template":"","meta":[],"product_brand":[],"product_cat":[30,39],"product_tag":[],"coleccion":[],"proposito":[],"class_list":{"0":"post-13628","1":"product","2":"type-product","3":"status-publish","4":"has-post-thumbnail","6":"product_cat-pistolas","7":"product_cat-pistolas-de-duelo","9":"first","10":"instock","11":"shipping-taxable","12":"purchasable","13":"product-type-variable"},"yoast_head":"<!-- This site is optimized with the Yoast SEO plugin v27.4 - https:\/\/yoast.com\/product\/yoast-seo-wordpress\/ -->\n<title>SET PISTOLAS DE DUELO S. XVIII<\/title>\n<meta name=\"description\" content=\"\u2705 R\u00e9plica\u3010 SET PISTOLAS DE DUELO S.XVIII \u3011Precioso juego de pistolas t\u00edpicas de para duelo en la \u00e9poca. Disponible en 3 acabados.\" \/>\n<meta name=\"robots\" content=\"index, follow, max-snippet:-1, max-image-preview:large, max-video-preview:-1\" \/>\n<link rel=\"canonical\" href=\"https:\/\/kolser.com\/de\/produkt\/set-pistolas-de-duelo-s-xviii-2\/\" \/>\n<meta property=\"og:locale\" content=\"de_DE\" \/>\n<meta property=\"og:type\" content=\"article\" \/>\n<meta property=\"og:title\" content=\"SET PISTOLAS DE DUELO S. XVIII\" \/>\n<meta property=\"og:description\" content=\"\u2705 R\u00e9plica\u3010 SET PISTOLAS DE DUELO S.XVIII \u3011Precioso juego de pistolas t\u00edpicas de para duelo en la \u00e9poca. Disponible en 3 acabados.\" \/>\n<meta property=\"og:url\" content=\"https:\/\/kolser.com\/de\/produkt\/set-pistolas-de-duelo-s-xviii-2\/\" \/>\n<meta property=\"og:site_name\" content=\"Kolser\" \/>\n<meta property=\"article:modified_time\" content=\"2024-03-10T14:33:53+00:00\" \/>\n<meta property=\"og:image\" content=\"https:\/\/kolser.com\/wp-content\/uploads\/2021\/12\/47-1108-L-4.jpg\" \/>\n\t<meta property=\"og:image:width\" content=\"600\" \/>\n\t<meta property=\"og:image:height\" content=\"600\" \/>\n\t<meta property=\"og:image:type\" content=\"image\/jpeg\" \/>\n<meta name=\"twitter:card\" content=\"summary_large_image\" \/>\n<meta name=\"twitter:label1\" content=\"Gesch\u00e4tzte Lesezeit\" \/>\n\t<meta name=\"twitter:data1\" content=\"1\u00a0Minute\" \/>\n<script type=\"application\/ld+json\" class=\"yoast-schema-graph\">{\"@context\":\"https:\\\/\\\/schema.org\",\"@graph\":[{\"@type\":\"WebPage\",\"@id\":\"https:\\\/\\\/kolser.com\\\/producto\\\/set-pistolas-de-duelo-s-xviii-2\\\/\",\"url\":\"https:\\\/\\\/kolser.com\\\/producto\\\/set-pistolas-de-duelo-s-xviii-2\\\/\",\"name\":\"SET PISTOLAS DE DUELO S. XVIII\",\"isPartOf\":{\"@id\":\"https:\\\/\\\/kolser.com\\\/#website\"},\"primaryImageOfPage\":{\"@id\":\"https:\\\/\\\/kolser.com\\\/producto\\\/set-pistolas-de-duelo-s-xviii-2\\\/#primaryimage\"},\"image\":{\"@id\":\"https:\\\/\\\/kolser.com\\\/producto\\\/set-pistolas-de-duelo-s-xviii-2\\\/#primaryimage\"},\"thumbnailUrl\":\"https:\\\/\\\/kolser.com\\\/wp-content\\\/uploads\\\/2021\\\/12\\\/47-1108-L-4.jpg\",\"datePublished\":\"2021-12-11T09:13:03+00:00\",\"dateModified\":\"2024-03-10T14:33:53+00:00\",\"description\":\"\u2705 R\u00e9plica\u3010 SET PISTOLAS DE DUELO S.XVIII \u3011Precioso juego de pistolas t\u00edpicas de para duelo en la \u00e9poca. Disponible en 3 acabados.\",\"breadcrumb\":{\"@id\":\"https:\\\/\\\/kolser.com\\\/producto\\\/set-pistolas-de-duelo-s-xviii-2\\\/#breadcrumb\"},\"inLanguage\":\"de\",\"potentialAction\":[{\"@type\":\"ReadAction\",\"target\":[\"https:\\\/\\\/kolser.com\\\/producto\\\/set-pistolas-de-duelo-s-xviii-2\\\/\"]}]},{\"@type\":\"ImageObject\",\"inLanguage\":\"de\",\"@id\":\"https:\\\/\\\/kolser.com\\\/producto\\\/set-pistolas-de-duelo-s-xviii-2\\\/#primaryimage\",\"url\":\"https:\\\/\\\/kolser.com\\\/wp-content\\\/uploads\\\/2021\\\/12\\\/47-1108-L-4.jpg\",\"contentUrl\":\"https:\\\/\\\/kolser.com\\\/wp-content\\\/uploads\\\/2021\\\/12\\\/47-1108-L-4.jpg\",\"width\":600,\"height\":600,\"caption\":\"PISTOLAS DE DUELO S. XVIII\"},{\"@type\":\"BreadcrumbList\",\"@id\":\"https:\\\/\\\/kolser.com\\\/producto\\\/set-pistolas-de-duelo-s-xviii-2\\\/#breadcrumb\",\"itemListElement\":[{\"@type\":\"ListItem\",\"position\":1,\"name\":\"Home\",\"item\":\"https:\\\/\\\/kolser.com\\\/\"},{\"@type\":\"ListItem\",\"position\":2,\"name\":\"Cat\u00e1logo\",\"item\":\"https:\\\/\\\/kolser.com\\\/catalogo\\\/\"},{\"@type\":\"ListItem\",\"position\":3,\"name\":\"Pistolas\",\"item\":\"https:\\\/\\\/kolser.com\\\/categoria-producto\\\/pistolas\\\/\"},{\"@type\":\"ListItem\",\"position\":4,\"name\":\"Pistolas de duelo\",\"item\":\"https:\\\/\\\/kolser.com\\\/categoria-producto\\\/pistolas\\\/pistolas-de-duelo\\\/\"},{\"@type\":\"ListItem\",\"position\":5,\"name\":\"SET PISTOLAS DE DUELO SIGLO XVIII\"}]},{\"@type\":\"WebSite\",\"@id\":\"https:\\\/\\\/kolser.com\\\/#website\",\"url\":\"https:\\\/\\\/kolser.com\\\/\",\"name\":\"Kolser\",\"description\":\"\",\"publisher\":{\"@id\":\"https:\\\/\\\/kolser.com\\\/#organization\"},\"potentialAction\":[{\"@type\":\"SearchAction\",\"target\":{\"@type\":\"EntryPoint\",\"urlTemplate\":\"https:\\\/\\\/kolser.com\\\/?s={search_term_string}\"},\"query-input\":{\"@type\":\"PropertyValueSpecification\",\"valueRequired\":true,\"valueName\":\"search_term_string\"}}],\"inLanguage\":\"de\"},{\"@type\":\"Organization\",\"@id\":\"https:\\\/\\\/kolser.com\\\/#organization\",\"name\":\"Kolser\",\"url\":\"https:\\\/\\\/kolser.com\\\/\",\"logo\":{\"@type\":\"ImageObject\",\"inLanguage\":\"de\",\"@id\":\"https:\\\/\\\/kolser.com\\\/#\\\/schema\\\/logo\\\/image\\\/\",\"url\":\"https:\\\/\\\/kolser.com\\\/wp-content\\\/uploads\\\/2021\\\/11\\\/Logo-Cabecera.png\",\"contentUrl\":\"https:\\\/\\\/kolser.com\\\/wp-content\\\/uploads\\\/2021\\\/11\\\/Logo-Cabecera.png\",\"width\":979,\"height\":1358,\"caption\":\"Kolser\"},\"image\":{\"@id\":\"https:\\\/\\\/kolser.com\\\/#\\\/schema\\\/logo\\\/image\\\/\"}}]}<\/script>\n<!-- \/ Yoast SEO plugin. -->","yoast_head_json":{"title":"SET PISTOLAS DE DUELO S. XVIII","description":"\u2705 R\u00e9plica\u3010 SET PISTOLAS DE DUELO S.XVIII \u3011Precioso juego de pistolas t\u00edpicas de para duelo en la \u00e9poca. Disponible en 3 acabados.","robots":{"index":"index","follow":"follow","max-snippet":"max-snippet:-1","max-image-preview":"max-image-preview:large","max-video-preview":"max-video-preview:-1"},"canonical":"https:\/\/kolser.com\/de\/produkt\/set-pistolas-de-duelo-s-xviii-2\/","og_locale":"de_DE","og_type":"article","og_title":"SET PISTOLAS DE DUELO S. XVIII","og_description":"\u2705 R\u00e9plica\u3010 SET PISTOLAS DE DUELO S.XVIII \u3011Precioso juego de pistolas t\u00edpicas de para duelo en la \u00e9poca. Disponible en 3 acabados.","og_url":"https:\/\/kolser.com\/de\/produkt\/set-pistolas-de-duelo-s-xviii-2\/","og_site_name":"Kolser","article_modified_time":"2024-03-10T14:33:53+00:00","og_image":[{"width":600,"height":600,"url":"https:\/\/kolser.com\/wp-content\/uploads\/2021\/12\/47-1108-L-4.jpg","type":"image\/jpeg"}],"twitter_card":"summary_large_image","twitter_misc":{"Gesch\u00e4tzte Lesezeit":"1\u00a0Minute"},"schema":{"@context":"https:\/\/schema.org","@graph":[{"@type":"WebPage","@id":"https:\/\/kolser.com\/producto\/set-pistolas-de-duelo-s-xviii-2\/","url":"https:\/\/kolser.com\/producto\/set-pistolas-de-duelo-s-xviii-2\/","name":"SET PISTOLAS DE DUELO S. XVIII","isPartOf":{"@id":"https:\/\/kolser.com\/#website"},"primaryImageOfPage":{"@id":"https:\/\/kolser.com\/producto\/set-pistolas-de-duelo-s-xviii-2\/#primaryimage"},"image":{"@id":"https:\/\/kolser.com\/producto\/set-pistolas-de-duelo-s-xviii-2\/#primaryimage"},"thumbnailUrl":"https:\/\/kolser.com\/wp-content\/uploads\/2021\/12\/47-1108-L-4.jpg","datePublished":"2021-12-11T09:13:03+00:00","dateModified":"2024-03-10T14:33:53+00:00","description":"\u2705 R\u00e9plica\u3010 SET PISTOLAS DE DUELO S.XVIII \u3011Precioso juego de pistolas t\u00edpicas de para duelo en la \u00e9poca. Disponible en 3 acabados.","breadcrumb":{"@id":"https:\/\/kolser.com\/producto\/set-pistolas-de-duelo-s-xviii-2\/#breadcrumb"},"inLanguage":"de","potentialAction":[{"@type":"ReadAction","target":["https:\/\/kolser.com\/producto\/set-pistolas-de-duelo-s-xviii-2\/"]}]},{"@type":"ImageObject","inLanguage":"de","@id":"https:\/\/kolser.com\/producto\/set-pistolas-de-duelo-s-xviii-2\/#primaryimage","url":"https:\/\/kolser.com\/wp-content\/uploads\/2021\/12\/47-1108-L-4.jpg","contentUrl":"https:\/\/kolser.com\/wp-content\/uploads\/2021\/12\/47-1108-L-4.jpg","width":600,"height":600,"caption":"PISTOLAS DE DUELO S. XVIII"},{"@type":"BreadcrumbList","@id":"https:\/\/kolser.com\/producto\/set-pistolas-de-duelo-s-xviii-2\/#breadcrumb","itemListElement":[{"@type":"ListItem","position":1,"name":"Home","item":"https:\/\/kolser.com\/"},{"@type":"ListItem","position":2,"name":"Cat\u00e1logo","item":"https:\/\/kolser.com\/catalogo\/"},{"@type":"ListItem","position":3,"name":"Pistolas","item":"https:\/\/kolser.com\/categoria-producto\/pistolas\/"},{"@type":"ListItem","position":4,"name":"Pistolas de duelo","item":"https:\/\/kolser.com\/categoria-producto\/pistolas\/pistolas-de-duelo\/"},{"@type":"ListItem","position":5,"name":"SET PISTOLAS DE DUELO SIGLO XVIII"}]},{"@type":"WebSite","@id":"https:\/\/kolser.com\/#website","url":"https:\/\/kolser.com\/","name":"Kolser","description":"","publisher":{"@id":"https:\/\/kolser.com\/#organization"},"potentialAction":[{"@type":"SearchAction","target":{"@type":"EntryPoint","urlTemplate":"https:\/\/kolser.com\/?s={search_term_string}"},"query-input":{"@type":"PropertyValueSpecification","valueRequired":true,"valueName":"search_term_string"}}],"inLanguage":"de"},{"@type":"Organization","@id":"https:\/\/kolser.com\/#organization","name":"Kolser","url":"https:\/\/kolser.com\/","logo":{"@type":"ImageObject","inLanguage":"de","@id":"https:\/\/kolser.com\/#\/schema\/logo\/image\/","url":"https:\/\/kolser.com\/wp-content\/uploads\/2021\/11\/Logo-Cabecera.png","contentUrl":"https:\/\/kolser.com\/wp-content\/uploads\/2021\/11\/Logo-Cabecera.png","width":979,"height":1358,"caption":"Kolser"},"image":{"@id":"https:\/\/kolser.com\/#\/schema\/logo\/image\/"}}]}},"_links":{"self":[{"href":"https:\/\/kolser.com\/de\/wp-json\/wp\/v2\/product\/13628","targetHints":{"allow":["GET"]}}],"collection":[{"href":"https:\/\/kolser.com\/de\/wp-json\/wp\/v2\/product"}],"about":[{"href":"https:\/\/kolser.com\/de\/wp-json\/wp\/v2\/types\/product"}],"replies":[{"embeddable":true,"href":"https:\/\/kolser.com\/de\/wp-json\/wp\/v2\/comments?post=13628"}],"wp:featuredmedia":[{"embeddable":true,"href":"https:\/\/kolser.com\/de\/wp-json\/wp\/v2\/media\/14371"}],"wp:attachment":[{"href":"https:\/\/kolser.com\/de\/wp-json\/wp\/v2\/media?parent=13628"}],"wp:term":[{"taxonomy":"product_brand","embeddable":true,"href":"https:\/\/kolser.com\/de\/wp-json\/wp\/v2\/product_brand?post=13628"},{"taxonomy":"product_cat","embeddable":true,"href":"https:\/\/kolser.com\/de\/wp-json\/wp\/v2\/product_cat?post=13628"},{"taxonomy":"product_tag","embeddable":true,"href":"https:\/\/kolser.com\/de\/wp-json\/wp\/v2\/product_tag?post=13628"},{"taxonomy":"coleccion","embeddable":true,"href":"https:\/\/kolser.com\/de\/wp-json\/wp\/v2\/coleccion?post=13628"},{"taxonomy":"proposito","embeddable":true,"href":"https:\/\/kolser.com\/de\/wp-json\/wp\/v2\/proposito?post=13628"}],"curies":[{"name":"wp","href":"https:\/\/api.w.org\/{rel}","templated":true}]}}