{"id":13603,"date":"2021-12-11T09:13:00","date_gmt":"2021-12-11T09:13:00","guid":{"rendered":"https:\/\/kolser.com\/?post_type=product&#038;p=13603"},"modified":"2024-03-10T14:40:02","modified_gmt":"2024-03-10T14:40:02","slug":"pistolas-de-duelo-belgas-s-xviii","status":"publish","type":"product","link":"https:\/\/kolser.com\/de\/producto\/pistolas-de-duelo-belgas-s-xviii\/","title":{"rendered":"BELGISCHE DUELLPISTOLEN AUS DEM 18. JAHRHUNDERT"},"content":{"rendered":"<p class=\"translation-block\">Kolser stellt dieses wundersch\u00f6ne Duo belgischer Duellpistolen-Repliken aus dem 18. Jahrhundert her. Das Original besa\u00df ein <strong>Steinschloss<\/strong> und wurde manuell geladen.<\/p>\n<p class=\"translation-block\">Diese Pistolen wurden bis Anfang des 19. Jahrhunderts verwendet und dienten aufgrund ihrer geringen Effektivit\u00e4t haupts\u00e4chlich als Erg\u00e4nzungswaffen im Nahkampf, bei denen auch Schwerter unverzichtbar waren.<\/p>\n<p>Gefertigt aus Metall mit kunstvollen Gravuren, die sich vom Abzug bis zur M\u00fcndung erstrecken. Der Griff besteht aus Kunstharz und ist mit einem silberfarbenen, verzierten Metallelement geschm\u00fcckt. Die Gesamtl\u00e4nge betr\u00e4gt 30\u202fZentimeter.<\/p>\n<p>Die bei der Herstellung verwendeten Materialien sorgen f\u00fcr Langlebigkeit und dauerhafte Erhaltung.<\/p>\n<p>Diese spektakul\u00e4re Replik darf in Ihrer Sammlung nicht fehlen \u2013 begeistern Sie Freunde und G\u00e4ste mit diesem exklusiven St\u00fcck<\/p>\n<p>30 cm<\/p>","protected":false},"excerpt":{"rendered":"<p>Kolser fabrica esta este hermoso d\u00fao de replicas de Pistolas de Duelo Belgas del siglo XVIII, la original ten\u00eda un mecanismo de chispa y su recarga era de manera manual. Fueron utilizadas hasta principios del siglo XIX y dado a su poca efectividad solo eran utilizadas como armas que complementaban los enfrentamientos cuerpo a cuerpo [&hellip;]<\/p>\n","protected":false},"featured_media":1466,"comment_status":"closed","ping_status":"closed","template":"","meta":[],"product_brand":[],"product_cat":[30,39],"product_tag":[],"coleccion":[],"proposito":[],"class_list":{"0":"post-13603","1":"product","2":"type-product","3":"status-publish","4":"has-post-thumbnail","6":"product_cat-pistolas","7":"product_cat-pistolas-de-duelo","9":"first","10":"instock","11":"shipping-taxable","12":"purchasable","13":"product-type-variable"},"yoast_head":"<!-- This site is optimized with the Yoast SEO plugin v27.4 - https:\/\/yoast.com\/product\/yoast-seo-wordpress\/ -->\n<title>\u25b7PISTOLAS DE DUELO BELGAS S. XVIII - Kolser<\/title>\n<meta name=\"description\" content=\"\u2705 R\u00e9plica\u3010 PISTOLAS DE DUELO BELGAS S.XVIII \u3011Utilizadas como armas y complemente del combate cuerpo a cuerpo. Disponible en 2 acabados.\" \/>\n<meta name=\"robots\" content=\"index, follow, max-snippet:-1, max-image-preview:large, max-video-preview:-1\" \/>\n<link rel=\"canonical\" href=\"https:\/\/kolser.com\/de\/produkt\/pistolas-de-duelo-belgas-s-xviii\/\" \/>\n<meta property=\"og:locale\" content=\"de_DE\" \/>\n<meta property=\"og:type\" content=\"article\" \/>\n<meta property=\"og:title\" content=\"\u25b7PISTOLAS DE DUELO BELGAS S. XVIII - Kolser\" \/>\n<meta property=\"og:description\" content=\"\u2705 R\u00e9plica\u3010 PISTOLAS DE DUELO BELGAS S.XVIII \u3011Utilizadas como armas y complemente del combate cuerpo a cuerpo. Disponible en 2 acabados.\" \/>\n<meta property=\"og:url\" content=\"https:\/\/kolser.com\/de\/produkt\/pistolas-de-duelo-belgas-s-xviii\/\" \/>\n<meta property=\"og:site_name\" content=\"Kolser\" \/>\n<meta property=\"article:modified_time\" content=\"2024-03-10T14:40:02+00:00\" \/>\n<meta property=\"og:image\" content=\"https:\/\/kolser.com\/wp-content\/uploads\/2021\/11\/KOLSER-REPLICA-PISTOLA-PIRATA-GUN-SET-PISTOLAS-DE-DUELSO-S-XVIII47-1102-2.jpg\" \/>\n\t<meta property=\"og:image:width\" content=\"600\" \/>\n\t<meta property=\"og:image:height\" content=\"600\" \/>\n\t<meta property=\"og:image:type\" content=\"image\/jpeg\" \/>\n<meta name=\"twitter:card\" content=\"summary_large_image\" \/>\n<meta name=\"twitter:label1\" content=\"Gesch\u00e4tzte Lesezeit\" \/>\n\t<meta name=\"twitter:data1\" content=\"1\u00a0Minute\" \/>\n<script type=\"application\/ld+json\" class=\"yoast-schema-graph\">{\"@context\":\"https:\\\/\\\/schema.org\",\"@graph\":[{\"@type\":\"WebPage\",\"@id\":\"https:\\\/\\\/kolser.com\\\/en\\\/product\\\/belgian-dueling-pistols-18th-century\\\/\",\"url\":\"https:\\\/\\\/kolser.com\\\/en\\\/product\\\/belgian-dueling-pistols-18th-century\\\/\",\"name\":\"\u25b7PISTOLAS DE DUELO BELGAS S. XVIII - Kolser\",\"isPartOf\":{\"@id\":\"https:\\\/\\\/kolser.com\\\/#website\"},\"primaryImageOfPage\":{\"@id\":\"https:\\\/\\\/kolser.com\\\/en\\\/product\\\/belgian-dueling-pistols-18th-century\\\/#primaryimage\"},\"image\":{\"@id\":\"https:\\\/\\\/kolser.com\\\/en\\\/product\\\/belgian-dueling-pistols-18th-century\\\/#primaryimage\"},\"thumbnailUrl\":\"https:\\\/\\\/kolser.com\\\/wp-content\\\/uploads\\\/2021\\\/11\\\/KOLSER-REPLICA-PISTOLA-PIRATA-GUN-SET-PISTOLAS-DE-DUELSO-S-XVIII47-1102-2.jpg\",\"datePublished\":\"2021-12-11T09:13:00+00:00\",\"dateModified\":\"2024-03-10T14:40:02+00:00\",\"description\":\"\u2705 R\u00e9plica\u3010 PISTOLAS DE DUELO BELGAS S.XVIII \u3011Utilizadas como armas y complemente del combate cuerpo a cuerpo. Disponible en 2 acabados.\",\"breadcrumb\":{\"@id\":\"https:\\\/\\\/kolser.com\\\/en\\\/product\\\/belgian-dueling-pistols-18th-century\\\/#breadcrumb\"},\"inLanguage\":\"de\",\"potentialAction\":[{\"@type\":\"ReadAction\",\"target\":[\"https:\\\/\\\/kolser.com\\\/en\\\/product\\\/belgian-dueling-pistols-18th-century\\\/\"]}]},{\"@type\":\"ImageObject\",\"inLanguage\":\"de\",\"@id\":\"https:\\\/\\\/kolser.com\\\/en\\\/product\\\/belgian-dueling-pistols-18th-century\\\/#primaryimage\",\"url\":\"https:\\\/\\\/kolser.com\\\/wp-content\\\/uploads\\\/2021\\\/11\\\/KOLSER-REPLICA-PISTOLA-PIRATA-GUN-SET-PISTOLAS-DE-DUELSO-S-XVIII47-1102-2.jpg\",\"contentUrl\":\"https:\\\/\\\/kolser.com\\\/wp-content\\\/uploads\\\/2021\\\/11\\\/KOLSER-REPLICA-PISTOLA-PIRATA-GUN-SET-PISTOLAS-DE-DUELSO-S-XVIII47-1102-2.jpg\",\"width\":600,\"height\":600,\"caption\":\"PISTOLAS DE DUELO BELGAS kolser\"},{\"@type\":\"BreadcrumbList\",\"@id\":\"https:\\\/\\\/kolser.com\\\/en\\\/product\\\/belgian-dueling-pistols-18th-century\\\/#breadcrumb\",\"itemListElement\":[{\"@type\":\"ListItem\",\"position\":1,\"name\":\"Home\",\"item\":\"https:\\\/\\\/kolser.com\\\/\"},{\"@type\":\"ListItem\",\"position\":2,\"name\":\"Cat\u00e1logo\",\"item\":\"https:\\\/\\\/kolser.com\\\/catalogo\\\/\"},{\"@type\":\"ListItem\",\"position\":3,\"name\":\"Pistolas\",\"item\":\"https:\\\/\\\/kolser.com\\\/categoria-producto\\\/pistolas\\\/\"},{\"@type\":\"ListItem\",\"position\":4,\"name\":\"Pistolas de duelo\",\"item\":\"https:\\\/\\\/kolser.com\\\/categoria-producto\\\/pistolas\\\/pistolas-de-duelo\\\/\"},{\"@type\":\"ListItem\",\"position\":5,\"name\":\"PISTOLAS DE DUELO BELGAS S. XVIII\"}]},{\"@type\":\"WebSite\",\"@id\":\"https:\\\/\\\/kolser.com\\\/#website\",\"url\":\"https:\\\/\\\/kolser.com\\\/\",\"name\":\"Kolser\",\"description\":\"\",\"publisher\":{\"@id\":\"https:\\\/\\\/kolser.com\\\/#organization\"},\"potentialAction\":[{\"@type\":\"SearchAction\",\"target\":{\"@type\":\"EntryPoint\",\"urlTemplate\":\"https:\\\/\\\/kolser.com\\\/?s={search_term_string}\"},\"query-input\":{\"@type\":\"PropertyValueSpecification\",\"valueRequired\":true,\"valueName\":\"search_term_string\"}}],\"inLanguage\":\"de\"},{\"@type\":\"Organization\",\"@id\":\"https:\\\/\\\/kolser.com\\\/#organization\",\"name\":\"Kolser\",\"url\":\"https:\\\/\\\/kolser.com\\\/\",\"logo\":{\"@type\":\"ImageObject\",\"inLanguage\":\"de\",\"@id\":\"https:\\\/\\\/kolser.com\\\/#\\\/schema\\\/logo\\\/image\\\/\",\"url\":\"https:\\\/\\\/kolser.com\\\/wp-content\\\/uploads\\\/2021\\\/11\\\/Logo-Cabecera.png\",\"contentUrl\":\"https:\\\/\\\/kolser.com\\\/wp-content\\\/uploads\\\/2021\\\/11\\\/Logo-Cabecera.png\",\"width\":979,\"height\":1358,\"caption\":\"Kolser\"},\"image\":{\"@id\":\"https:\\\/\\\/kolser.com\\\/#\\\/schema\\\/logo\\\/image\\\/\"}}]}<\/script>\n<!-- \/ Yoast SEO plugin. -->","yoast_head_json":{"title":"\u25b7PISTOLAS DE DUELO BELGAS S. XVIII - Kolser","description":"\u2705 R\u00e9plica\u3010 PISTOLAS DE DUELO BELGAS S.XVIII \u3011Utilizadas como armas y complemente del combate cuerpo a cuerpo. Disponible en 2 acabados.","robots":{"index":"index","follow":"follow","max-snippet":"max-snippet:-1","max-image-preview":"max-image-preview:large","max-video-preview":"max-video-preview:-1"},"canonical":"https:\/\/kolser.com\/de\/produkt\/pistolas-de-duelo-belgas-s-xviii\/","og_locale":"de_DE","og_type":"article","og_title":"\u25b7PISTOLAS DE DUELO BELGAS S. XVIII - Kolser","og_description":"\u2705 R\u00e9plica\u3010 PISTOLAS DE DUELO BELGAS S.XVIII \u3011Utilizadas como armas y complemente del combate cuerpo a cuerpo. Disponible en 2 acabados.","og_url":"https:\/\/kolser.com\/de\/produkt\/pistolas-de-duelo-belgas-s-xviii\/","og_site_name":"Kolser","article_modified_time":"2024-03-10T14:40:02+00:00","og_image":[{"width":600,"height":600,"url":"https:\/\/kolser.com\/wp-content\/uploads\/2021\/11\/KOLSER-REPLICA-PISTOLA-PIRATA-GUN-SET-PISTOLAS-DE-DUELSO-S-XVIII47-1102-2.jpg","type":"image\/jpeg"}],"twitter_card":"summary_large_image","twitter_misc":{"Gesch\u00e4tzte Lesezeit":"1\u00a0Minute"},"schema":{"@context":"https:\/\/schema.org","@graph":[{"@type":"WebPage","@id":"https:\/\/kolser.com\/en\/product\/belgian-dueling-pistols-18th-century\/","url":"https:\/\/kolser.com\/en\/product\/belgian-dueling-pistols-18th-century\/","name":"\u25b7PISTOLAS DE DUELO BELGAS S. XVIII - Kolser","isPartOf":{"@id":"https:\/\/kolser.com\/#website"},"primaryImageOfPage":{"@id":"https:\/\/kolser.com\/en\/product\/belgian-dueling-pistols-18th-century\/#primaryimage"},"image":{"@id":"https:\/\/kolser.com\/en\/product\/belgian-dueling-pistols-18th-century\/#primaryimage"},"thumbnailUrl":"https:\/\/kolser.com\/wp-content\/uploads\/2021\/11\/KOLSER-REPLICA-PISTOLA-PIRATA-GUN-SET-PISTOLAS-DE-DUELSO-S-XVIII47-1102-2.jpg","datePublished":"2021-12-11T09:13:00+00:00","dateModified":"2024-03-10T14:40:02+00:00","description":"\u2705 R\u00e9plica\u3010 PISTOLAS DE DUELO BELGAS S.XVIII \u3011Utilizadas como armas y complemente del combate cuerpo a cuerpo. Disponible en 2 acabados.","breadcrumb":{"@id":"https:\/\/kolser.com\/en\/product\/belgian-dueling-pistols-18th-century\/#breadcrumb"},"inLanguage":"de","potentialAction":[{"@type":"ReadAction","target":["https:\/\/kolser.com\/en\/product\/belgian-dueling-pistols-18th-century\/"]}]},{"@type":"ImageObject","inLanguage":"de","@id":"https:\/\/kolser.com\/en\/product\/belgian-dueling-pistols-18th-century\/#primaryimage","url":"https:\/\/kolser.com\/wp-content\/uploads\/2021\/11\/KOLSER-REPLICA-PISTOLA-PIRATA-GUN-SET-PISTOLAS-DE-DUELSO-S-XVIII47-1102-2.jpg","contentUrl":"https:\/\/kolser.com\/wp-content\/uploads\/2021\/11\/KOLSER-REPLICA-PISTOLA-PIRATA-GUN-SET-PISTOLAS-DE-DUELSO-S-XVIII47-1102-2.jpg","width":600,"height":600,"caption":"PISTOLAS DE DUELO BELGAS kolser"},{"@type":"BreadcrumbList","@id":"https:\/\/kolser.com\/en\/product\/belgian-dueling-pistols-18th-century\/#breadcrumb","itemListElement":[{"@type":"ListItem","position":1,"name":"Home","item":"https:\/\/kolser.com\/"},{"@type":"ListItem","position":2,"name":"Cat\u00e1logo","item":"https:\/\/kolser.com\/catalogo\/"},{"@type":"ListItem","position":3,"name":"Pistolas","item":"https:\/\/kolser.com\/categoria-producto\/pistolas\/"},{"@type":"ListItem","position":4,"name":"Pistolas de duelo","item":"https:\/\/kolser.com\/categoria-producto\/pistolas\/pistolas-de-duelo\/"},{"@type":"ListItem","position":5,"name":"PISTOLAS DE DUELO BELGAS S. XVIII"}]},{"@type":"WebSite","@id":"https:\/\/kolser.com\/#website","url":"https:\/\/kolser.com\/","name":"Kolser","description":"","publisher":{"@id":"https:\/\/kolser.com\/#organization"},"potentialAction":[{"@type":"SearchAction","target":{"@type":"EntryPoint","urlTemplate":"https:\/\/kolser.com\/?s={search_term_string}"},"query-input":{"@type":"PropertyValueSpecification","valueRequired":true,"valueName":"search_term_string"}}],"inLanguage":"de"},{"@type":"Organization","@id":"https:\/\/kolser.com\/#organization","name":"Kolser","url":"https:\/\/kolser.com\/","logo":{"@type":"ImageObject","inLanguage":"de","@id":"https:\/\/kolser.com\/#\/schema\/logo\/image\/","url":"https:\/\/kolser.com\/wp-content\/uploads\/2021\/11\/Logo-Cabecera.png","contentUrl":"https:\/\/kolser.com\/wp-content\/uploads\/2021\/11\/Logo-Cabecera.png","width":979,"height":1358,"caption":"Kolser"},"image":{"@id":"https:\/\/kolser.com\/#\/schema\/logo\/image\/"}}]}},"_links":{"self":[{"href":"https:\/\/kolser.com\/de\/wp-json\/wp\/v2\/product\/13603","targetHints":{"allow":["GET"]}}],"collection":[{"href":"https:\/\/kolser.com\/de\/wp-json\/wp\/v2\/product"}],"about":[{"href":"https:\/\/kolser.com\/de\/wp-json\/wp\/v2\/types\/product"}],"replies":[{"embeddable":true,"href":"https:\/\/kolser.com\/de\/wp-json\/wp\/v2\/comments?post=13603"}],"wp:featuredmedia":[{"embeddable":true,"href":"https:\/\/kolser.com\/de\/wp-json\/wp\/v2\/media\/1466"}],"wp:attachment":[{"href":"https:\/\/kolser.com\/de\/wp-json\/wp\/v2\/media?parent=13603"}],"wp:term":[{"taxonomy":"product_brand","embeddable":true,"href":"https:\/\/kolser.com\/de\/wp-json\/wp\/v2\/product_brand?post=13603"},{"taxonomy":"product_cat","embeddable":true,"href":"https:\/\/kolser.com\/de\/wp-json\/wp\/v2\/product_cat?post=13603"},{"taxonomy":"product_tag","embeddable":true,"href":"https:\/\/kolser.com\/de\/wp-json\/wp\/v2\/product_tag?post=13603"},{"taxonomy":"coleccion","embeddable":true,"href":"https:\/\/kolser.com\/de\/wp-json\/wp\/v2\/coleccion?post=13603"},{"taxonomy":"proposito","embeddable":true,"href":"https:\/\/kolser.com\/de\/wp-json\/wp\/v2\/proposito?post=13603"}],"curies":[{"name":"wp","href":"https:\/\/api.w.org\/{rel}","templated":true}]}}