{"id":13542,"date":"2021-12-11T09:12:55","date_gmt":"2021-12-11T09:12:55","guid":{"rendered":"https:\/\/kolser.com\/?post_type=product&#038;p=13542"},"modified":"2025-07-22T12:50:28","modified_gmt":"2025-07-22T10:50:28","slug":"soporte-pistolas-flor-de-lys-pequena","status":"publish","type":"product","link":"https:\/\/kolser.com\/de\/producto\/soporte-pistolas-flor-de-lys-pequena\/","title":{"rendered":"PISTOLENHALTER \u2013 KLEINE LILIE"},"content":{"rendered":"<p>8X4 cm<\/p>","protected":false},"excerpt":{"rendered":"<p data-start=\"412\" data-end=\"660\">Schlicht und edel \u2013 dieser kleine Pistolentr\u00e4ger mit Lilienmotiv ist ideal, um Ihre Pistole stilvoll zu pr\u00e4sentieren. Kolser setzt auf langlebige Metalle, um die Best\u00e4ndigkeit und Qualit\u00e4t seiner Produkte langfristig zu sichern.<\/p>\n<p data-start=\"662\" data-end=\"744\">Das St\u00fcck ist vollst\u00e4ndig aus Metall gefertigt und misst 8 x 4 Zentimeter.<\/p>","protected":false},"featured_media":14203,"comment_status":"closed","ping_status":"closed","template":"","meta":[],"product_brand":[],"product_cat":[27],"product_tag":[],"coleccion":[],"proposito":[],"class_list":{"0":"post-13542","1":"product","2":"type-product","3":"status-publish","4":"has-post-thumbnail","6":"product_cat-decoracion-medieval","8":"first","9":"instock","10":"shipping-taxable","11":"purchasable","12":"product-type-variable"},"yoast_head":"<!-- This site is optimized with the Yoast SEO plugin v27.4 - https:\/\/yoast.com\/product\/yoast-seo-wordpress\/ -->\n<title>\u25b7SOPORTE PISTOLAS FLOR DE LYS PEQUE\u00d1A - Kolser<\/title>\n<meta name=\"description\" content=\"\u2705 \u3010 SOPORTE PISTOLAS FLOR DE LYS PEQUE\u00d1A \u3011Este bello soporte est\u00e1 completamente elaborado en metal plateado y tiene una medida de 8x4 cent\u00edmetros.\" \/>\n<meta name=\"robots\" content=\"index, follow, max-snippet:-1, max-image-preview:large, max-video-preview:-1\" \/>\n<link rel=\"canonical\" href=\"https:\/\/kolser.com\/de\/produkt\/soporte-pistolas-flor-de-lys-pequena\/\" \/>\n<meta property=\"og:locale\" content=\"de_DE\" \/>\n<meta property=\"og:type\" content=\"article\" \/>\n<meta property=\"og:title\" content=\"\u25b7SOPORTE PISTOLAS FLOR DE LYS PEQUE\u00d1A - Kolser\" \/>\n<meta property=\"og:description\" content=\"\u2705 \u3010 SOPORTE PISTOLAS FLOR DE LYS PEQUE\u00d1A \u3011Este bello soporte est\u00e1 completamente elaborado en metal plateado y tiene una medida de 8x4 cent\u00edmetros.\" \/>\n<meta property=\"og:url\" content=\"https:\/\/kolser.com\/de\/produkt\/soporte-pistolas-flor-de-lys-pequena\/\" \/>\n<meta property=\"og:site_name\" content=\"Kolser\" \/>\n<meta property=\"article:modified_time\" content=\"2025-07-22T10:50:28+00:00\" \/>\n<meta property=\"og:image\" content=\"https:\/\/kolser.com\/wp-content\/uploads\/2021\/12\/45-1074.jpg\" \/>\n\t<meta property=\"og:image:width\" content=\"600\" \/>\n\t<meta property=\"og:image:height\" content=\"600\" \/>\n\t<meta property=\"og:image:type\" content=\"image\/jpeg\" \/>\n<meta name=\"twitter:card\" content=\"summary_large_image\" \/>\n<meta name=\"twitter:label1\" content=\"Gesch\u00e4tzte Lesezeit\" \/>\n\t<meta name=\"twitter:data1\" content=\"1\u00a0Minute\" \/>\n<script type=\"application\/ld+json\" class=\"yoast-schema-graph\">{\"@context\":\"https:\\\/\\\/schema.org\",\"@graph\":[{\"@type\":\"WebPage\",\"@id\":\"https:\\\/\\\/kolser.com\\\/producto\\\/soporte-pistolas-flor-de-lys-pequena\\\/\",\"url\":\"https:\\\/\\\/kolser.com\\\/producto\\\/soporte-pistolas-flor-de-lys-pequena\\\/\",\"name\":\"\u25b7SOPORTE PISTOLAS FLOR DE LYS PEQUE\u00d1A - Kolser\",\"isPartOf\":{\"@id\":\"https:\\\/\\\/kolser.com\\\/#website\"},\"primaryImageOfPage\":{\"@id\":\"https:\\\/\\\/kolser.com\\\/producto\\\/soporte-pistolas-flor-de-lys-pequena\\\/#primaryimage\"},\"image\":{\"@id\":\"https:\\\/\\\/kolser.com\\\/producto\\\/soporte-pistolas-flor-de-lys-pequena\\\/#primaryimage\"},\"thumbnailUrl\":\"https:\\\/\\\/kolser.com\\\/wp-content\\\/uploads\\\/2021\\\/12\\\/45-1074.jpg\",\"datePublished\":\"2021-12-11T09:12:55+00:00\",\"dateModified\":\"2025-07-22T10:50:28+00:00\",\"description\":\"\u2705 \u3010 SOPORTE PISTOLAS FLOR DE LYS PEQUE\u00d1A \u3011Este bello soporte est\u00e1 completamente elaborado en metal plateado y tiene una medida de 8x4 cent\u00edmetros.\",\"breadcrumb\":{\"@id\":\"https:\\\/\\\/kolser.com\\\/producto\\\/soporte-pistolas-flor-de-lys-pequena\\\/#breadcrumb\"},\"inLanguage\":\"de\",\"potentialAction\":[{\"@type\":\"ReadAction\",\"target\":[\"https:\\\/\\\/kolser.com\\\/producto\\\/soporte-pistolas-flor-de-lys-pequena\\\/\"]}]},{\"@type\":\"ImageObject\",\"inLanguage\":\"de\",\"@id\":\"https:\\\/\\\/kolser.com\\\/producto\\\/soporte-pistolas-flor-de-lys-pequena\\\/#primaryimage\",\"url\":\"https:\\\/\\\/kolser.com\\\/wp-content\\\/uploads\\\/2021\\\/12\\\/45-1074.jpg\",\"contentUrl\":\"https:\\\/\\\/kolser.com\\\/wp-content\\\/uploads\\\/2021\\\/12\\\/45-1074.jpg\",\"width\":600,\"height\":600,\"caption\":\"R\u00e9plica de soporte de pistola con forma de flor de lis. Terminado en color met\u00e1lico pulido.\"},{\"@type\":\"BreadcrumbList\",\"@id\":\"https:\\\/\\\/kolser.com\\\/producto\\\/soporte-pistolas-flor-de-lys-pequena\\\/#breadcrumb\",\"itemListElement\":[{\"@type\":\"ListItem\",\"position\":1,\"name\":\"Home\",\"item\":\"https:\\\/\\\/kolser.com\\\/\"},{\"@type\":\"ListItem\",\"position\":2,\"name\":\"Cat\u00e1logo\",\"item\":\"https:\\\/\\\/kolser.com\\\/catalogo\\\/\"},{\"@type\":\"ListItem\",\"position\":3,\"name\":\"Mundo Antiguo\",\"item\":\"https:\\\/\\\/kolser.com\\\/categoria-producto\\\/mundo-antiguo\\\/\"},{\"@type\":\"ListItem\",\"position\":4,\"name\":\"Decoraci\u00f3n medieval\",\"item\":\"https:\\\/\\\/kolser.com\\\/categoria-producto\\\/mundo-antiguo\\\/decoracion-medieval\\\/\"},{\"@type\":\"ListItem\",\"position\":5,\"name\":\"SOPORTE PISTOLAS FLOR DE LYS PEQUE\u00d1A\"}]},{\"@type\":\"WebSite\",\"@id\":\"https:\\\/\\\/kolser.com\\\/#website\",\"url\":\"https:\\\/\\\/kolser.com\\\/\",\"name\":\"Kolser\",\"description\":\"\",\"publisher\":{\"@id\":\"https:\\\/\\\/kolser.com\\\/#organization\"},\"potentialAction\":[{\"@type\":\"SearchAction\",\"target\":{\"@type\":\"EntryPoint\",\"urlTemplate\":\"https:\\\/\\\/kolser.com\\\/?s={search_term_string}\"},\"query-input\":{\"@type\":\"PropertyValueSpecification\",\"valueRequired\":true,\"valueName\":\"search_term_string\"}}],\"inLanguage\":\"de\"},{\"@type\":\"Organization\",\"@id\":\"https:\\\/\\\/kolser.com\\\/#organization\",\"name\":\"Kolser\",\"url\":\"https:\\\/\\\/kolser.com\\\/\",\"logo\":{\"@type\":\"ImageObject\",\"inLanguage\":\"de\",\"@id\":\"https:\\\/\\\/kolser.com\\\/#\\\/schema\\\/logo\\\/image\\\/\",\"url\":\"https:\\\/\\\/kolser.com\\\/wp-content\\\/uploads\\\/2021\\\/11\\\/Logo-Cabecera.png\",\"contentUrl\":\"https:\\\/\\\/kolser.com\\\/wp-content\\\/uploads\\\/2021\\\/11\\\/Logo-Cabecera.png\",\"width\":979,\"height\":1358,\"caption\":\"Kolser\"},\"image\":{\"@id\":\"https:\\\/\\\/kolser.com\\\/#\\\/schema\\\/logo\\\/image\\\/\"}}]}<\/script>\n<!-- \/ Yoast SEO plugin. -->","yoast_head_json":{"title":"\u25b7SOPORTE PISTOLAS FLOR DE LYS PEQUE\u00d1A - Kolser","description":"\u2705 \u3010 SOPORTE PISTOLAS FLOR DE LYS PEQUE\u00d1A \u3011Este bello soporte est\u00e1 completamente elaborado en metal plateado y tiene una medida de 8x4 cent\u00edmetros.","robots":{"index":"index","follow":"follow","max-snippet":"max-snippet:-1","max-image-preview":"max-image-preview:large","max-video-preview":"max-video-preview:-1"},"canonical":"https:\/\/kolser.com\/de\/produkt\/soporte-pistolas-flor-de-lys-pequena\/","og_locale":"de_DE","og_type":"article","og_title":"\u25b7SOPORTE PISTOLAS FLOR DE LYS PEQUE\u00d1A - Kolser","og_description":"\u2705 \u3010 SOPORTE PISTOLAS FLOR DE LYS PEQUE\u00d1A \u3011Este bello soporte est\u00e1 completamente elaborado en metal plateado y tiene una medida de 8x4 cent\u00edmetros.","og_url":"https:\/\/kolser.com\/de\/produkt\/soporte-pistolas-flor-de-lys-pequena\/","og_site_name":"Kolser","article_modified_time":"2025-07-22T10:50:28+00:00","og_image":[{"width":600,"height":600,"url":"https:\/\/kolser.com\/wp-content\/uploads\/2021\/12\/45-1074.jpg","type":"image\/jpeg"}],"twitter_card":"summary_large_image","twitter_misc":{"Gesch\u00e4tzte Lesezeit":"1\u00a0Minute"},"schema":{"@context":"https:\/\/schema.org","@graph":[{"@type":"WebPage","@id":"https:\/\/kolser.com\/producto\/soporte-pistolas-flor-de-lys-pequena\/","url":"https:\/\/kolser.com\/producto\/soporte-pistolas-flor-de-lys-pequena\/","name":"\u25b7SOPORTE PISTOLAS FLOR DE LYS PEQUE\u00d1A - Kolser","isPartOf":{"@id":"https:\/\/kolser.com\/#website"},"primaryImageOfPage":{"@id":"https:\/\/kolser.com\/producto\/soporte-pistolas-flor-de-lys-pequena\/#primaryimage"},"image":{"@id":"https:\/\/kolser.com\/producto\/soporte-pistolas-flor-de-lys-pequena\/#primaryimage"},"thumbnailUrl":"https:\/\/kolser.com\/wp-content\/uploads\/2021\/12\/45-1074.jpg","datePublished":"2021-12-11T09:12:55+00:00","dateModified":"2025-07-22T10:50:28+00:00","description":"\u2705 \u3010 SOPORTE PISTOLAS FLOR DE LYS PEQUE\u00d1A \u3011Este bello soporte est\u00e1 completamente elaborado en metal plateado y tiene una medida de 8x4 cent\u00edmetros.","breadcrumb":{"@id":"https:\/\/kolser.com\/producto\/soporte-pistolas-flor-de-lys-pequena\/#breadcrumb"},"inLanguage":"de","potentialAction":[{"@type":"ReadAction","target":["https:\/\/kolser.com\/producto\/soporte-pistolas-flor-de-lys-pequena\/"]}]},{"@type":"ImageObject","inLanguage":"de","@id":"https:\/\/kolser.com\/producto\/soporte-pistolas-flor-de-lys-pequena\/#primaryimage","url":"https:\/\/kolser.com\/wp-content\/uploads\/2021\/12\/45-1074.jpg","contentUrl":"https:\/\/kolser.com\/wp-content\/uploads\/2021\/12\/45-1074.jpg","width":600,"height":600,"caption":"R\u00e9plica de soporte de pistola con forma de flor de lis. Terminado en color met\u00e1lico pulido."},{"@type":"BreadcrumbList","@id":"https:\/\/kolser.com\/producto\/soporte-pistolas-flor-de-lys-pequena\/#breadcrumb","itemListElement":[{"@type":"ListItem","position":1,"name":"Home","item":"https:\/\/kolser.com\/"},{"@type":"ListItem","position":2,"name":"Cat\u00e1logo","item":"https:\/\/kolser.com\/catalogo\/"},{"@type":"ListItem","position":3,"name":"Mundo Antiguo","item":"https:\/\/kolser.com\/categoria-producto\/mundo-antiguo\/"},{"@type":"ListItem","position":4,"name":"Decoraci\u00f3n medieval","item":"https:\/\/kolser.com\/categoria-producto\/mundo-antiguo\/decoracion-medieval\/"},{"@type":"ListItem","position":5,"name":"SOPORTE PISTOLAS FLOR DE LYS PEQUE\u00d1A"}]},{"@type":"WebSite","@id":"https:\/\/kolser.com\/#website","url":"https:\/\/kolser.com\/","name":"Kolser","description":"","publisher":{"@id":"https:\/\/kolser.com\/#organization"},"potentialAction":[{"@type":"SearchAction","target":{"@type":"EntryPoint","urlTemplate":"https:\/\/kolser.com\/?s={search_term_string}"},"query-input":{"@type":"PropertyValueSpecification","valueRequired":true,"valueName":"search_term_string"}}],"inLanguage":"de"},{"@type":"Organization","@id":"https:\/\/kolser.com\/#organization","name":"Kolser","url":"https:\/\/kolser.com\/","logo":{"@type":"ImageObject","inLanguage":"de","@id":"https:\/\/kolser.com\/#\/schema\/logo\/image\/","url":"https:\/\/kolser.com\/wp-content\/uploads\/2021\/11\/Logo-Cabecera.png","contentUrl":"https:\/\/kolser.com\/wp-content\/uploads\/2021\/11\/Logo-Cabecera.png","width":979,"height":1358,"caption":"Kolser"},"image":{"@id":"https:\/\/kolser.com\/#\/schema\/logo\/image\/"}}]}},"_links":{"self":[{"href":"https:\/\/kolser.com\/de\/wp-json\/wp\/v2\/product\/13542","targetHints":{"allow":["GET"]}}],"collection":[{"href":"https:\/\/kolser.com\/de\/wp-json\/wp\/v2\/product"}],"about":[{"href":"https:\/\/kolser.com\/de\/wp-json\/wp\/v2\/types\/product"}],"replies":[{"embeddable":true,"href":"https:\/\/kolser.com\/de\/wp-json\/wp\/v2\/comments?post=13542"}],"wp:featuredmedia":[{"embeddable":true,"href":"https:\/\/kolser.com\/de\/wp-json\/wp\/v2\/media\/14203"}],"wp:attachment":[{"href":"https:\/\/kolser.com\/de\/wp-json\/wp\/v2\/media?parent=13542"}],"wp:term":[{"taxonomy":"product_brand","embeddable":true,"href":"https:\/\/kolser.com\/de\/wp-json\/wp\/v2\/product_brand?post=13542"},{"taxonomy":"product_cat","embeddable":true,"href":"https:\/\/kolser.com\/de\/wp-json\/wp\/v2\/product_cat?post=13542"},{"taxonomy":"product_tag","embeddable":true,"href":"https:\/\/kolser.com\/de\/wp-json\/wp\/v2\/product_tag?post=13542"},{"taxonomy":"coleccion","embeddable":true,"href":"https:\/\/kolser.com\/de\/wp-json\/wp\/v2\/coleccion?post=13542"},{"taxonomy":"proposito","embeddable":true,"href":"https:\/\/kolser.com\/de\/wp-json\/wp\/v2\/proposito?post=13542"}],"curies":[{"name":"wp","href":"https:\/\/api.w.org\/{rel}","templated":true}]}}