{"id":13540,"date":"2021-12-11T09:12:55","date_gmt":"2021-12-11T09:12:55","guid":{"rendered":"https:\/\/kolser.com\/?post_type=product&#038;p=13540"},"modified":"2025-07-22T12:06:46","modified_gmt":"2025-07-22T10:06:46","slug":"set-soporte-pistolas-goya","status":"publish","type":"product","link":"https:\/\/kolser.com\/de\/producto\/set-soporte-pistolas-goya\/","title":{"rendered":"PISTOLENHALTER \u2013 GOYA"},"content":{"rendered":"<p>11 cm<\/p>","protected":false},"excerpt":{"rendered":"<p data-start=\"268\" data-end=\"539\" class=\"translation-block\">Exklusiver Pistolentr\u00e4ger mit einem der bekanntesten Werke von Francisco de Goya: <em data-start=\"377\" data-end=\"409\">Karl III. im Jagdkost\u00fcm<\/em>, gemalt zwischen 1786 und 1788. Dieses elegante St\u00fcck ist die perfekte Erg\u00e4nzung f\u00fcr Sammlungen mit historischem und k\u00fcnstlerischem Anspruch.<\/p>\n<p data-start=\"541\" data-end=\"702\">Aus Metall gefertigt, misst er 11 Zentimeter. Das Material wurde sorgf\u00e4ltig ausgew\u00e4hlt, um Widerstandsf\u00e4higkeit und Langlebigkeit zu gew\u00e4hrleisten.<\/p>","protected":false},"featured_media":1423,"comment_status":"closed","ping_status":"closed","template":"","meta":[],"product_brand":[],"product_cat":[27],"product_tag":[],"coleccion":[],"proposito":[],"class_list":{"0":"post-13540","1":"product","2":"type-product","3":"status-publish","4":"has-post-thumbnail","6":"product_cat-decoracion-medieval","8":"first","9":"instock","10":"shipping-taxable","11":"purchasable","12":"product-type-variable"},"yoast_head":"<!-- This site is optimized with the Yoast SEO plugin v27.4 - https:\/\/yoast.com\/product\/yoast-seo-wordpress\/ -->\n<title>\u25b7SET SOPORTE PISTOLAS GOYA - Kolser<\/title>\n<meta name=\"description\" content=\"\u2705 \u3010 SET SOPORTE PISTOLAS GOYA \u3011Trae grabado uno de los cuadros m\u00e1s famosos del ilustre pintor Goya, llamado \u201cCarlos III en traje de Cazador\u201d\" \/>\n<meta name=\"robots\" content=\"index, follow, max-snippet:-1, max-image-preview:large, max-video-preview:-1\" \/>\n<link rel=\"canonical\" href=\"https:\/\/kolser.com\/de\/produkt\/set-soporte-pistolas-goya\/\" \/>\n<meta property=\"og:locale\" content=\"de_DE\" \/>\n<meta property=\"og:type\" content=\"article\" \/>\n<meta property=\"og:title\" content=\"\u25b7SET SOPORTE PISTOLAS GOYA - Kolser\" \/>\n<meta property=\"og:description\" content=\"\u2705 \u3010 SET SOPORTE PISTOLAS GOYA \u3011Trae grabado uno de los cuadros m\u00e1s famosos del ilustre pintor Goya, llamado \u201cCarlos III en traje de Cazador\u201d\" \/>\n<meta property=\"og:url\" content=\"https:\/\/kolser.com\/de\/produkt\/set-soporte-pistolas-goya\/\" \/>\n<meta property=\"og:site_name\" content=\"Kolser\" \/>\n<meta property=\"article:modified_time\" content=\"2025-07-22T10:06:46+00:00\" \/>\n<meta property=\"og:image\" content=\"https:\/\/kolser.com\/wp-content\/uploads\/2021\/11\/KOLSER-REPLICA-PISTOLA-PIRATA-GUN-SET-SOPORTE-PISTOLASGOYALATON45-1071-L.jpg\" \/>\n\t<meta property=\"og:image:width\" content=\"600\" \/>\n\t<meta property=\"og:image:height\" content=\"600\" \/>\n\t<meta property=\"og:image:type\" content=\"image\/jpeg\" \/>\n<meta name=\"twitter:card\" content=\"summary_large_image\" \/>\n<meta name=\"twitter:label1\" content=\"Gesch\u00e4tzte Lesezeit\" \/>\n\t<meta name=\"twitter:data1\" content=\"1\u00a0Minute\" \/>\n<script type=\"application\/ld+json\" class=\"yoast-schema-graph\">{\"@context\":\"https:\\\/\\\/schema.org\",\"@graph\":[{\"@type\":\"WebPage\",\"@id\":\"https:\\\/\\\/kolser.com\\\/producto\\\/set-soporte-pistolas-goya\\\/\",\"url\":\"https:\\\/\\\/kolser.com\\\/producto\\\/set-soporte-pistolas-goya\\\/\",\"name\":\"\u25b7SET SOPORTE PISTOLAS GOYA - Kolser\",\"isPartOf\":{\"@id\":\"https:\\\/\\\/kolser.com\\\/#website\"},\"primaryImageOfPage\":{\"@id\":\"https:\\\/\\\/kolser.com\\\/producto\\\/set-soporte-pistolas-goya\\\/#primaryimage\"},\"image\":{\"@id\":\"https:\\\/\\\/kolser.com\\\/producto\\\/set-soporte-pistolas-goya\\\/#primaryimage\"},\"thumbnailUrl\":\"https:\\\/\\\/kolser.com\\\/wp-content\\\/uploads\\\/2021\\\/11\\\/KOLSER-REPLICA-PISTOLA-PIRATA-GUN-SET-SOPORTE-PISTOLASGOYALATON45-1071-L.jpg\",\"datePublished\":\"2021-12-11T09:12:55+00:00\",\"dateModified\":\"2025-07-22T10:06:46+00:00\",\"description\":\"\u2705 \u3010 SET SOPORTE PISTOLAS GOYA \u3011Trae grabado uno de los cuadros m\u00e1s famosos del ilustre pintor Goya, llamado \u201cCarlos III en traje de Cazador\u201d\",\"breadcrumb\":{\"@id\":\"https:\\\/\\\/kolser.com\\\/producto\\\/set-soporte-pistolas-goya\\\/#breadcrumb\"},\"inLanguage\":\"de\",\"potentialAction\":[{\"@type\":\"ReadAction\",\"target\":[\"https:\\\/\\\/kolser.com\\\/producto\\\/set-soporte-pistolas-goya\\\/\"]}]},{\"@type\":\"ImageObject\",\"inLanguage\":\"de\",\"@id\":\"https:\\\/\\\/kolser.com\\\/producto\\\/set-soporte-pistolas-goya\\\/#primaryimage\",\"url\":\"https:\\\/\\\/kolser.com\\\/wp-content\\\/uploads\\\/2021\\\/11\\\/KOLSER-REPLICA-PISTOLA-PIRATA-GUN-SET-SOPORTE-PISTOLASGOYALATON45-1071-L.jpg\",\"contentUrl\":\"https:\\\/\\\/kolser.com\\\/wp-content\\\/uploads\\\/2021\\\/11\\\/KOLSER-REPLICA-PISTOLA-PIRATA-GUN-SET-SOPORTE-PISTOLASGOYALATON45-1071-L.jpg\",\"width\":600,\"height\":600,\"caption\":\"R\u00e9plica de soporte de pistolas grabado con im\u00e1genes de cuadros del pinto goya. Terminado en dorado envejecido.\"},{\"@type\":\"BreadcrumbList\",\"@id\":\"https:\\\/\\\/kolser.com\\\/producto\\\/set-soporte-pistolas-goya\\\/#breadcrumb\",\"itemListElement\":[{\"@type\":\"ListItem\",\"position\":1,\"name\":\"Home\",\"item\":\"https:\\\/\\\/kolser.com\\\/\"},{\"@type\":\"ListItem\",\"position\":2,\"name\":\"Cat\u00e1logo\",\"item\":\"https:\\\/\\\/kolser.com\\\/catalogo\\\/\"},{\"@type\":\"ListItem\",\"position\":3,\"name\":\"Mundo Antiguo\",\"item\":\"https:\\\/\\\/kolser.com\\\/categoria-producto\\\/mundo-antiguo\\\/\"},{\"@type\":\"ListItem\",\"position\":4,\"name\":\"Decoraci\u00f3n medieval\",\"item\":\"https:\\\/\\\/kolser.com\\\/categoria-producto\\\/mundo-antiguo\\\/decoracion-medieval\\\/\"},{\"@type\":\"ListItem\",\"position\":5,\"name\":\"SET SOPORTE PISTOLAS GOYA\"}]},{\"@type\":\"WebSite\",\"@id\":\"https:\\\/\\\/kolser.com\\\/#website\",\"url\":\"https:\\\/\\\/kolser.com\\\/\",\"name\":\"Kolser\",\"description\":\"\",\"publisher\":{\"@id\":\"https:\\\/\\\/kolser.com\\\/#organization\"},\"potentialAction\":[{\"@type\":\"SearchAction\",\"target\":{\"@type\":\"EntryPoint\",\"urlTemplate\":\"https:\\\/\\\/kolser.com\\\/?s={search_term_string}\"},\"query-input\":{\"@type\":\"PropertyValueSpecification\",\"valueRequired\":true,\"valueName\":\"search_term_string\"}}],\"inLanguage\":\"de\"},{\"@type\":\"Organization\",\"@id\":\"https:\\\/\\\/kolser.com\\\/#organization\",\"name\":\"Kolser\",\"url\":\"https:\\\/\\\/kolser.com\\\/\",\"logo\":{\"@type\":\"ImageObject\",\"inLanguage\":\"de\",\"@id\":\"https:\\\/\\\/kolser.com\\\/#\\\/schema\\\/logo\\\/image\\\/\",\"url\":\"https:\\\/\\\/kolser.com\\\/wp-content\\\/uploads\\\/2021\\\/11\\\/Logo-Cabecera.png\",\"contentUrl\":\"https:\\\/\\\/kolser.com\\\/wp-content\\\/uploads\\\/2021\\\/11\\\/Logo-Cabecera.png\",\"width\":979,\"height\":1358,\"caption\":\"Kolser\"},\"image\":{\"@id\":\"https:\\\/\\\/kolser.com\\\/#\\\/schema\\\/logo\\\/image\\\/\"}}]}<\/script>\n<!-- \/ Yoast SEO plugin. -->","yoast_head_json":{"title":"\u25b7SET SOPORTE PISTOLAS GOYA - Kolser","description":"\u2705 \u3010 SET SOPORTE PISTOLAS GOYA \u3011Trae grabado uno de los cuadros m\u00e1s famosos del ilustre pintor Goya, llamado \u201cCarlos III en traje de Cazador\u201d","robots":{"index":"index","follow":"follow","max-snippet":"max-snippet:-1","max-image-preview":"max-image-preview:large","max-video-preview":"max-video-preview:-1"},"canonical":"https:\/\/kolser.com\/de\/produkt\/set-soporte-pistolas-goya\/","og_locale":"de_DE","og_type":"article","og_title":"\u25b7SET SOPORTE PISTOLAS GOYA - Kolser","og_description":"\u2705 \u3010 SET SOPORTE PISTOLAS GOYA \u3011Trae grabado uno de los cuadros m\u00e1s famosos del ilustre pintor Goya, llamado \u201cCarlos III en traje de Cazador\u201d","og_url":"https:\/\/kolser.com\/de\/produkt\/set-soporte-pistolas-goya\/","og_site_name":"Kolser","article_modified_time":"2025-07-22T10:06:46+00:00","og_image":[{"width":600,"height":600,"url":"https:\/\/kolser.com\/wp-content\/uploads\/2021\/11\/KOLSER-REPLICA-PISTOLA-PIRATA-GUN-SET-SOPORTE-PISTOLASGOYALATON45-1071-L.jpg","type":"image\/jpeg"}],"twitter_card":"summary_large_image","twitter_misc":{"Gesch\u00e4tzte Lesezeit":"1\u00a0Minute"},"schema":{"@context":"https:\/\/schema.org","@graph":[{"@type":"WebPage","@id":"https:\/\/kolser.com\/producto\/set-soporte-pistolas-goya\/","url":"https:\/\/kolser.com\/producto\/set-soporte-pistolas-goya\/","name":"\u25b7SET SOPORTE PISTOLAS GOYA - Kolser","isPartOf":{"@id":"https:\/\/kolser.com\/#website"},"primaryImageOfPage":{"@id":"https:\/\/kolser.com\/producto\/set-soporte-pistolas-goya\/#primaryimage"},"image":{"@id":"https:\/\/kolser.com\/producto\/set-soporte-pistolas-goya\/#primaryimage"},"thumbnailUrl":"https:\/\/kolser.com\/wp-content\/uploads\/2021\/11\/KOLSER-REPLICA-PISTOLA-PIRATA-GUN-SET-SOPORTE-PISTOLASGOYALATON45-1071-L.jpg","datePublished":"2021-12-11T09:12:55+00:00","dateModified":"2025-07-22T10:06:46+00:00","description":"\u2705 \u3010 SET SOPORTE PISTOLAS GOYA \u3011Trae grabado uno de los cuadros m\u00e1s famosos del ilustre pintor Goya, llamado \u201cCarlos III en traje de Cazador\u201d","breadcrumb":{"@id":"https:\/\/kolser.com\/producto\/set-soporte-pistolas-goya\/#breadcrumb"},"inLanguage":"de","potentialAction":[{"@type":"ReadAction","target":["https:\/\/kolser.com\/producto\/set-soporte-pistolas-goya\/"]}]},{"@type":"ImageObject","inLanguage":"de","@id":"https:\/\/kolser.com\/producto\/set-soporte-pistolas-goya\/#primaryimage","url":"https:\/\/kolser.com\/wp-content\/uploads\/2021\/11\/KOLSER-REPLICA-PISTOLA-PIRATA-GUN-SET-SOPORTE-PISTOLASGOYALATON45-1071-L.jpg","contentUrl":"https:\/\/kolser.com\/wp-content\/uploads\/2021\/11\/KOLSER-REPLICA-PISTOLA-PIRATA-GUN-SET-SOPORTE-PISTOLASGOYALATON45-1071-L.jpg","width":600,"height":600,"caption":"R\u00e9plica de soporte de pistolas grabado con im\u00e1genes de cuadros del pinto goya. Terminado en dorado envejecido."},{"@type":"BreadcrumbList","@id":"https:\/\/kolser.com\/producto\/set-soporte-pistolas-goya\/#breadcrumb","itemListElement":[{"@type":"ListItem","position":1,"name":"Home","item":"https:\/\/kolser.com\/"},{"@type":"ListItem","position":2,"name":"Cat\u00e1logo","item":"https:\/\/kolser.com\/catalogo\/"},{"@type":"ListItem","position":3,"name":"Mundo Antiguo","item":"https:\/\/kolser.com\/categoria-producto\/mundo-antiguo\/"},{"@type":"ListItem","position":4,"name":"Decoraci\u00f3n medieval","item":"https:\/\/kolser.com\/categoria-producto\/mundo-antiguo\/decoracion-medieval\/"},{"@type":"ListItem","position":5,"name":"SET SOPORTE PISTOLAS GOYA"}]},{"@type":"WebSite","@id":"https:\/\/kolser.com\/#website","url":"https:\/\/kolser.com\/","name":"Kolser","description":"","publisher":{"@id":"https:\/\/kolser.com\/#organization"},"potentialAction":[{"@type":"SearchAction","target":{"@type":"EntryPoint","urlTemplate":"https:\/\/kolser.com\/?s={search_term_string}"},"query-input":{"@type":"PropertyValueSpecification","valueRequired":true,"valueName":"search_term_string"}}],"inLanguage":"de"},{"@type":"Organization","@id":"https:\/\/kolser.com\/#organization","name":"Kolser","url":"https:\/\/kolser.com\/","logo":{"@type":"ImageObject","inLanguage":"de","@id":"https:\/\/kolser.com\/#\/schema\/logo\/image\/","url":"https:\/\/kolser.com\/wp-content\/uploads\/2021\/11\/Logo-Cabecera.png","contentUrl":"https:\/\/kolser.com\/wp-content\/uploads\/2021\/11\/Logo-Cabecera.png","width":979,"height":1358,"caption":"Kolser"},"image":{"@id":"https:\/\/kolser.com\/#\/schema\/logo\/image\/"}}]}},"_links":{"self":[{"href":"https:\/\/kolser.com\/de\/wp-json\/wp\/v2\/product\/13540","targetHints":{"allow":["GET"]}}],"collection":[{"href":"https:\/\/kolser.com\/de\/wp-json\/wp\/v2\/product"}],"about":[{"href":"https:\/\/kolser.com\/de\/wp-json\/wp\/v2\/types\/product"}],"replies":[{"embeddable":true,"href":"https:\/\/kolser.com\/de\/wp-json\/wp\/v2\/comments?post=13540"}],"wp:featuredmedia":[{"embeddable":true,"href":"https:\/\/kolser.com\/de\/wp-json\/wp\/v2\/media\/1423"}],"wp:attachment":[{"href":"https:\/\/kolser.com\/de\/wp-json\/wp\/v2\/media?parent=13540"}],"wp:term":[{"taxonomy":"product_brand","embeddable":true,"href":"https:\/\/kolser.com\/de\/wp-json\/wp\/v2\/product_brand?post=13540"},{"taxonomy":"product_cat","embeddable":true,"href":"https:\/\/kolser.com\/de\/wp-json\/wp\/v2\/product_cat?post=13540"},{"taxonomy":"product_tag","embeddable":true,"href":"https:\/\/kolser.com\/de\/wp-json\/wp\/v2\/product_tag?post=13540"},{"taxonomy":"coleccion","embeddable":true,"href":"https:\/\/kolser.com\/de\/wp-json\/wp\/v2\/coleccion?post=13540"},{"taxonomy":"proposito","embeddable":true,"href":"https:\/\/kolser.com\/de\/wp-json\/wp\/v2\/proposito?post=13540"}],"curies":[{"name":"wp","href":"https:\/\/api.w.org\/{rel}","templated":true}]}}