{"id":13539,"date":"2021-12-11T09:12:55","date_gmt":"2021-12-11T09:12:55","guid":{"rendered":"https:\/\/kolser.com\/?post_type=product&#038;p=13539"},"modified":"2025-07-22T11:59:53","modified_gmt":"2025-07-22T09:59:53","slug":"set-soporte-pistolas-flor-de-lis","status":"publish","type":"product","link":"https:\/\/kolser.com\/de\/producto\/set-soporte-pistolas-flor-de-lis\/","title":{"rendered":"PISTOLENHALTER \u2013 LILIENMOTIV"},"content":{"rendered":"<p>10 cm<\/p>","protected":false},"excerpt":{"rendered":"<p data-start=\"305\" data-end=\"572\">Diese eleganten Pistolentr\u00e4ger mit Lilienmotiv wurden von Kolser entworfen und eignen sich hervorragend zur stilvollen Pr\u00e4sentation von Schusswaffen. Jedes St\u00fcck zeigt eine fein gearbeitete Lilie \u2013 ein heraldisches Symbol f\u00fcr Macht, Souver\u00e4nit\u00e4t und Ehre \u2013, die dem Tr\u00e4ger seinen Namen und einzigartigen Charme verleiht.<\/p>\n<p data-start=\"574\" data-end=\"806\">Hergestellt aus robustem Metall f\u00fcr festen Halt, Langlebigkeit und langfristige Erhaltung. Mit einer Gr\u00f6\u00dfe von 10 Zentimetern ist dieser Tr\u00e4ger das perfekte Zubeh\u00f6r, um Ihre Pistole wirkungsvoll in Szene zu setzen<\/p>","protected":false},"featured_media":14181,"comment_status":"closed","ping_status":"closed","template":"","meta":[],"product_brand":[],"product_cat":[27],"product_tag":[],"coleccion":[],"proposito":[],"class_list":{"0":"post-13539","1":"product","2":"type-product","3":"status-publish","4":"has-post-thumbnail","6":"product_cat-decoracion-medieval","8":"first","9":"instock","10":"shipping-taxable","11":"purchasable","12":"product-type-variable"},"yoast_head":"<!-- This site is optimized with the Yoast SEO plugin v27.4 - https:\/\/yoast.com\/product\/yoast-seo-wordpress\/ -->\n<title>\u25b7SET SOPORTE PISTOLAS FLOR DE LIS - Kolser<\/title>\n<meta name=\"description\" content=\"\u2705 \u3010 SET SOPORTE PISTOLAS FLOR DE LIS \u3011Este bello set de soporte est\u00e1 completamente elaborado en metal dorado y tiene una medida de 10 cent\u00edmetros.\" \/>\n<meta name=\"robots\" content=\"index, follow, max-snippet:-1, max-image-preview:large, max-video-preview:-1\" \/>\n<link rel=\"canonical\" href=\"https:\/\/kolser.com\/de\/produkt\/set-soporte-pistolas-flor-de-lis\/\" \/>\n<meta property=\"og:locale\" content=\"de_DE\" \/>\n<meta property=\"og:type\" content=\"article\" \/>\n<meta property=\"og:title\" content=\"\u25b7SET SOPORTE PISTOLAS FLOR DE LIS - Kolser\" \/>\n<meta property=\"og:description\" content=\"\u2705 \u3010 SET SOPORTE PISTOLAS FLOR DE LIS \u3011Este bello set de soporte est\u00e1 completamente elaborado en metal dorado y tiene una medida de 10 cent\u00edmetros.\" \/>\n<meta property=\"og:url\" content=\"https:\/\/kolser.com\/de\/produkt\/set-soporte-pistolas-flor-de-lis\/\" \/>\n<meta property=\"og:site_name\" content=\"Kolser\" \/>\n<meta property=\"article:modified_time\" content=\"2025-07-22T09:59:53+00:00\" \/>\n<meta property=\"og:image\" content=\"https:\/\/kolser.com\/wp-content\/uploads\/2021\/12\/KOLSER-REPLICA-PISTOLA-PIRATA-GUN-SET-SOPORTE-PISTOLAS-F.DE-LYS.LATON_.45-1070-B.jpg\" \/>\n\t<meta property=\"og:image:width\" content=\"600\" \/>\n\t<meta property=\"og:image:height\" content=\"600\" \/>\n\t<meta property=\"og:image:type\" content=\"image\/jpeg\" \/>\n<meta name=\"twitter:card\" content=\"summary_large_image\" \/>\n<meta name=\"twitter:label1\" content=\"Gesch\u00e4tzte Lesezeit\" \/>\n\t<meta name=\"twitter:data1\" content=\"1\u00a0Minute\" \/>\n<script type=\"application\/ld+json\" class=\"yoast-schema-graph\">{\"@context\":\"https:\\\/\\\/schema.org\",\"@graph\":[{\"@type\":\"WebPage\",\"@id\":\"https:\\\/\\\/kolser.com\\\/producto\\\/set-soporte-pistolas-flor-de-lis\\\/\",\"url\":\"https:\\\/\\\/kolser.com\\\/producto\\\/set-soporte-pistolas-flor-de-lis\\\/\",\"name\":\"\u25b7SET SOPORTE PISTOLAS FLOR DE LIS - Kolser\",\"isPartOf\":{\"@id\":\"https:\\\/\\\/kolser.com\\\/#website\"},\"primaryImageOfPage\":{\"@id\":\"https:\\\/\\\/kolser.com\\\/producto\\\/set-soporte-pistolas-flor-de-lis\\\/#primaryimage\"},\"image\":{\"@id\":\"https:\\\/\\\/kolser.com\\\/producto\\\/set-soporte-pistolas-flor-de-lis\\\/#primaryimage\"},\"thumbnailUrl\":\"https:\\\/\\\/kolser.com\\\/wp-content\\\/uploads\\\/2021\\\/12\\\/KOLSER-REPLICA-PISTOLA-PIRATA-GUN-SET-SOPORTE-PISTOLAS-F.DE-LYS.LATON_.45-1070-B.jpg\",\"datePublished\":\"2021-12-11T09:12:55+00:00\",\"dateModified\":\"2025-07-22T09:59:53+00:00\",\"description\":\"\u2705 \u3010 SET SOPORTE PISTOLAS FLOR DE LIS \u3011Este bello set de soporte est\u00e1 completamente elaborado en metal dorado y tiene una medida de 10 cent\u00edmetros.\",\"breadcrumb\":{\"@id\":\"https:\\\/\\\/kolser.com\\\/producto\\\/set-soporte-pistolas-flor-de-lis\\\/#breadcrumb\"},\"inLanguage\":\"de\",\"potentialAction\":[{\"@type\":\"ReadAction\",\"target\":[\"https:\\\/\\\/kolser.com\\\/producto\\\/set-soporte-pistolas-flor-de-lis\\\/\"]}]},{\"@type\":\"ImageObject\",\"inLanguage\":\"de\",\"@id\":\"https:\\\/\\\/kolser.com\\\/producto\\\/set-soporte-pistolas-flor-de-lis\\\/#primaryimage\",\"url\":\"https:\\\/\\\/kolser.com\\\/wp-content\\\/uploads\\\/2021\\\/12\\\/KOLSER-REPLICA-PISTOLA-PIRATA-GUN-SET-SOPORTE-PISTOLAS-F.DE-LYS.LATON_.45-1070-B.jpg\",\"contentUrl\":\"https:\\\/\\\/kolser.com\\\/wp-content\\\/uploads\\\/2021\\\/12\\\/KOLSER-REPLICA-PISTOLA-PIRATA-GUN-SET-SOPORTE-PISTOLAS-F.DE-LYS.LATON_.45-1070-B.jpg\",\"width\":600,\"height\":600,\"caption\":\"R\u00e9plica de soporte de pistolas con decorado en forma de flor de lis muy detallada. Terminada en dorado pulido envejecido.\"},{\"@type\":\"BreadcrumbList\",\"@id\":\"https:\\\/\\\/kolser.com\\\/producto\\\/set-soporte-pistolas-flor-de-lis\\\/#breadcrumb\",\"itemListElement\":[{\"@type\":\"ListItem\",\"position\":1,\"name\":\"Home\",\"item\":\"https:\\\/\\\/kolser.com\\\/\"},{\"@type\":\"ListItem\",\"position\":2,\"name\":\"Cat\u00e1logo\",\"item\":\"https:\\\/\\\/kolser.com\\\/catalogo\\\/\"},{\"@type\":\"ListItem\",\"position\":3,\"name\":\"Mundo Antiguo\",\"item\":\"https:\\\/\\\/kolser.com\\\/categoria-producto\\\/mundo-antiguo\\\/\"},{\"@type\":\"ListItem\",\"position\":4,\"name\":\"Decoraci\u00f3n medieval\",\"item\":\"https:\\\/\\\/kolser.com\\\/categoria-producto\\\/mundo-antiguo\\\/decoracion-medieval\\\/\"},{\"@type\":\"ListItem\",\"position\":5,\"name\":\"SET SOPORTE PISTOLAS FLOR DE LIS\"}]},{\"@type\":\"WebSite\",\"@id\":\"https:\\\/\\\/kolser.com\\\/#website\",\"url\":\"https:\\\/\\\/kolser.com\\\/\",\"name\":\"Kolser\",\"description\":\"\",\"publisher\":{\"@id\":\"https:\\\/\\\/kolser.com\\\/#organization\"},\"potentialAction\":[{\"@type\":\"SearchAction\",\"target\":{\"@type\":\"EntryPoint\",\"urlTemplate\":\"https:\\\/\\\/kolser.com\\\/?s={search_term_string}\"},\"query-input\":{\"@type\":\"PropertyValueSpecification\",\"valueRequired\":true,\"valueName\":\"search_term_string\"}}],\"inLanguage\":\"de\"},{\"@type\":\"Organization\",\"@id\":\"https:\\\/\\\/kolser.com\\\/#organization\",\"name\":\"Kolser\",\"url\":\"https:\\\/\\\/kolser.com\\\/\",\"logo\":{\"@type\":\"ImageObject\",\"inLanguage\":\"de\",\"@id\":\"https:\\\/\\\/kolser.com\\\/#\\\/schema\\\/logo\\\/image\\\/\",\"url\":\"https:\\\/\\\/kolser.com\\\/wp-content\\\/uploads\\\/2021\\\/11\\\/Logo-Cabecera.png\",\"contentUrl\":\"https:\\\/\\\/kolser.com\\\/wp-content\\\/uploads\\\/2021\\\/11\\\/Logo-Cabecera.png\",\"width\":979,\"height\":1358,\"caption\":\"Kolser\"},\"image\":{\"@id\":\"https:\\\/\\\/kolser.com\\\/#\\\/schema\\\/logo\\\/image\\\/\"}}]}<\/script>\n<!-- \/ Yoast SEO plugin. -->","yoast_head_json":{"title":"\u25b7SET SOPORTE PISTOLAS FLOR DE LIS - Kolser","description":"\u2705 \u3010 SET SOPORTE PISTOLAS FLOR DE LIS \u3011Este bello set de soporte est\u00e1 completamente elaborado en metal dorado y tiene una medida de 10 cent\u00edmetros.","robots":{"index":"index","follow":"follow","max-snippet":"max-snippet:-1","max-image-preview":"max-image-preview:large","max-video-preview":"max-video-preview:-1"},"canonical":"https:\/\/kolser.com\/de\/produkt\/set-soporte-pistolas-flor-de-lis\/","og_locale":"de_DE","og_type":"article","og_title":"\u25b7SET SOPORTE PISTOLAS FLOR DE LIS - Kolser","og_description":"\u2705 \u3010 SET SOPORTE PISTOLAS FLOR DE LIS \u3011Este bello set de soporte est\u00e1 completamente elaborado en metal dorado y tiene una medida de 10 cent\u00edmetros.","og_url":"https:\/\/kolser.com\/de\/produkt\/set-soporte-pistolas-flor-de-lis\/","og_site_name":"Kolser","article_modified_time":"2025-07-22T09:59:53+00:00","og_image":[{"width":600,"height":600,"url":"https:\/\/kolser.com\/wp-content\/uploads\/2021\/12\/KOLSER-REPLICA-PISTOLA-PIRATA-GUN-SET-SOPORTE-PISTOLAS-F.DE-LYS.LATON_.45-1070-B.jpg","type":"image\/jpeg"}],"twitter_card":"summary_large_image","twitter_misc":{"Gesch\u00e4tzte Lesezeit":"1\u00a0Minute"},"schema":{"@context":"https:\/\/schema.org","@graph":[{"@type":"WebPage","@id":"https:\/\/kolser.com\/producto\/set-soporte-pistolas-flor-de-lis\/","url":"https:\/\/kolser.com\/producto\/set-soporte-pistolas-flor-de-lis\/","name":"\u25b7SET SOPORTE PISTOLAS FLOR DE LIS - Kolser","isPartOf":{"@id":"https:\/\/kolser.com\/#website"},"primaryImageOfPage":{"@id":"https:\/\/kolser.com\/producto\/set-soporte-pistolas-flor-de-lis\/#primaryimage"},"image":{"@id":"https:\/\/kolser.com\/producto\/set-soporte-pistolas-flor-de-lis\/#primaryimage"},"thumbnailUrl":"https:\/\/kolser.com\/wp-content\/uploads\/2021\/12\/KOLSER-REPLICA-PISTOLA-PIRATA-GUN-SET-SOPORTE-PISTOLAS-F.DE-LYS.LATON_.45-1070-B.jpg","datePublished":"2021-12-11T09:12:55+00:00","dateModified":"2025-07-22T09:59:53+00:00","description":"\u2705 \u3010 SET SOPORTE PISTOLAS FLOR DE LIS \u3011Este bello set de soporte est\u00e1 completamente elaborado en metal dorado y tiene una medida de 10 cent\u00edmetros.","breadcrumb":{"@id":"https:\/\/kolser.com\/producto\/set-soporte-pistolas-flor-de-lis\/#breadcrumb"},"inLanguage":"de","potentialAction":[{"@type":"ReadAction","target":["https:\/\/kolser.com\/producto\/set-soporte-pistolas-flor-de-lis\/"]}]},{"@type":"ImageObject","inLanguage":"de","@id":"https:\/\/kolser.com\/producto\/set-soporte-pistolas-flor-de-lis\/#primaryimage","url":"https:\/\/kolser.com\/wp-content\/uploads\/2021\/12\/KOLSER-REPLICA-PISTOLA-PIRATA-GUN-SET-SOPORTE-PISTOLAS-F.DE-LYS.LATON_.45-1070-B.jpg","contentUrl":"https:\/\/kolser.com\/wp-content\/uploads\/2021\/12\/KOLSER-REPLICA-PISTOLA-PIRATA-GUN-SET-SOPORTE-PISTOLAS-F.DE-LYS.LATON_.45-1070-B.jpg","width":600,"height":600,"caption":"R\u00e9plica de soporte de pistolas con decorado en forma de flor de lis muy detallada. Terminada en dorado pulido envejecido."},{"@type":"BreadcrumbList","@id":"https:\/\/kolser.com\/producto\/set-soporte-pistolas-flor-de-lis\/#breadcrumb","itemListElement":[{"@type":"ListItem","position":1,"name":"Home","item":"https:\/\/kolser.com\/"},{"@type":"ListItem","position":2,"name":"Cat\u00e1logo","item":"https:\/\/kolser.com\/catalogo\/"},{"@type":"ListItem","position":3,"name":"Mundo Antiguo","item":"https:\/\/kolser.com\/categoria-producto\/mundo-antiguo\/"},{"@type":"ListItem","position":4,"name":"Decoraci\u00f3n medieval","item":"https:\/\/kolser.com\/categoria-producto\/mundo-antiguo\/decoracion-medieval\/"},{"@type":"ListItem","position":5,"name":"SET SOPORTE PISTOLAS FLOR DE LIS"}]},{"@type":"WebSite","@id":"https:\/\/kolser.com\/#website","url":"https:\/\/kolser.com\/","name":"Kolser","description":"","publisher":{"@id":"https:\/\/kolser.com\/#organization"},"potentialAction":[{"@type":"SearchAction","target":{"@type":"EntryPoint","urlTemplate":"https:\/\/kolser.com\/?s={search_term_string}"},"query-input":{"@type":"PropertyValueSpecification","valueRequired":true,"valueName":"search_term_string"}}],"inLanguage":"de"},{"@type":"Organization","@id":"https:\/\/kolser.com\/#organization","name":"Kolser","url":"https:\/\/kolser.com\/","logo":{"@type":"ImageObject","inLanguage":"de","@id":"https:\/\/kolser.com\/#\/schema\/logo\/image\/","url":"https:\/\/kolser.com\/wp-content\/uploads\/2021\/11\/Logo-Cabecera.png","contentUrl":"https:\/\/kolser.com\/wp-content\/uploads\/2021\/11\/Logo-Cabecera.png","width":979,"height":1358,"caption":"Kolser"},"image":{"@id":"https:\/\/kolser.com\/#\/schema\/logo\/image\/"}}]}},"_links":{"self":[{"href":"https:\/\/kolser.com\/de\/wp-json\/wp\/v2\/product\/13539","targetHints":{"allow":["GET"]}}],"collection":[{"href":"https:\/\/kolser.com\/de\/wp-json\/wp\/v2\/product"}],"about":[{"href":"https:\/\/kolser.com\/de\/wp-json\/wp\/v2\/types\/product"}],"replies":[{"embeddable":true,"href":"https:\/\/kolser.com\/de\/wp-json\/wp\/v2\/comments?post=13539"}],"wp:featuredmedia":[{"embeddable":true,"href":"https:\/\/kolser.com\/de\/wp-json\/wp\/v2\/media\/14181"}],"wp:attachment":[{"href":"https:\/\/kolser.com\/de\/wp-json\/wp\/v2\/media?parent=13539"}],"wp:term":[{"taxonomy":"product_brand","embeddable":true,"href":"https:\/\/kolser.com\/de\/wp-json\/wp\/v2\/product_brand?post=13539"},{"taxonomy":"product_cat","embeddable":true,"href":"https:\/\/kolser.com\/de\/wp-json\/wp\/v2\/product_cat?post=13539"},{"taxonomy":"product_tag","embeddable":true,"href":"https:\/\/kolser.com\/de\/wp-json\/wp\/v2\/product_tag?post=13539"},{"taxonomy":"coleccion","embeddable":true,"href":"https:\/\/kolser.com\/de\/wp-json\/wp\/v2\/coleccion?post=13539"},{"taxonomy":"proposito","embeddable":true,"href":"https:\/\/kolser.com\/de\/wp-json\/wp\/v2\/proposito?post=13539"}],"curies":[{"name":"wp","href":"https:\/\/api.w.org\/{rel}","templated":true}]}}