{"id":13522,"date":"2021-12-11T09:12:54","date_gmt":"2021-12-11T09:12:54","guid":{"rendered":"https:\/\/kolser.com\/producto\/abrecartas-carlomagno\/"},"modified":"2025-07-31T11:31:07","modified_gmt":"2025-07-31T09:31:07","slug":"abrecartas-carlomagno","status":"publish","type":"product","link":"https:\/\/kolser.com\/de\/producto\/abrecartas-carlomagno\/","title":{"rendered":"ABRECARTAS CARLOMAGNO."},"content":{"rendered":"<p>25 cm<\/p>","protected":false},"excerpt":{"rendered":"<p>Inspiriert vom kaiserlichen Schwert Karls des Gro\u00dfen, ist dieser dekorative Brief\u00f6ffner eine Hommage an eine der symboltr\u00e4chtigsten Waffen der karolingischen Zeit. Mit einem goldfarbenen Griff, reich verzierter Parierstange und einer langen Klinge mit Mittelgrat ist dieses St\u00fcck etwa 25 cm lang und vollst\u00e4ndig aus Metall gefertigt. Eine ideale Replik f\u00fcr Sammler und Liebhaber mittelalterlicher Geschichte \u2013 stilvoll auf jedem Schreibtisch oder in jeder Vitrine.<\/p>","protected":false},"featured_media":14513,"comment_status":"closed","ping_status":"closed","template":"","meta":[],"product_brand":[],"product_cat":[33],"product_tag":[],"coleccion":[],"proposito":[],"class_list":{"0":"post-13522","1":"product","2":"type-product","3":"status-publish","4":"has-post-thumbnail","6":"product_cat-dagas-y-punales","8":"first","9":"instock","10":"shipping-taxable","11":"purchasable","12":"product-type-simple"},"yoast_head":"<!-- This site is optimized with the Yoast SEO plugin v27.4 - https:\/\/yoast.com\/product\/yoast-seo-wordpress\/ -->\n<title>\u25b7ABRECARTAS CARLOMAGNO. - Kolser<\/title>\n<meta name=\"description\" content=\"\u2705 \u3010 ABRECARTAS CARLOMAGNO \u3011Fant\u00e1stico abrecartas Carlomagno, inspirador para el cantar del Roldan. Tiene una medida de 25 cm.\" \/>\n<meta name=\"robots\" content=\"index, follow, max-snippet:-1, max-image-preview:large, max-video-preview:-1\" \/>\n<link rel=\"canonical\" href=\"https:\/\/kolser.com\/de\/produkt\/abrecartas-carlomagno\/\" \/>\n<meta property=\"og:locale\" content=\"de_DE\" \/>\n<meta property=\"og:type\" content=\"article\" \/>\n<meta property=\"og:title\" content=\"\u25b7ABRECARTAS CARLOMAGNO. - Kolser\" \/>\n<meta property=\"og:description\" content=\"\u2705 \u3010 ABRECARTAS CARLOMAGNO \u3011Fant\u00e1stico abrecartas Carlomagno, inspirador para el cantar del Roldan. Tiene una medida de 25 cm.\" \/>\n<meta property=\"og:url\" content=\"https:\/\/kolser.com\/de\/produkt\/abrecartas-carlomagno\/\" \/>\n<meta property=\"og:site_name\" content=\"Kolser\" \/>\n<meta property=\"article:modified_time\" content=\"2025-07-31T09:31:07+00:00\" \/>\n<meta property=\"og:image\" content=\"https:\/\/kolser.com\/wp-content\/uploads\/2021\/12\/48-10024.jpg\" \/>\n\t<meta property=\"og:image:width\" content=\"600\" \/>\n\t<meta property=\"og:image:height\" content=\"600\" \/>\n\t<meta property=\"og:image:type\" content=\"image\/jpeg\" \/>\n<meta name=\"twitter:card\" content=\"summary_large_image\" \/>\n<meta name=\"twitter:label1\" content=\"Gesch\u00e4tzte Lesezeit\" \/>\n\t<meta name=\"twitter:data1\" content=\"1\u00a0Minute\" \/>\n<script type=\"application\/ld+json\" class=\"yoast-schema-graph\">{\"@context\":\"https:\\\/\\\/schema.org\",\"@graph\":[{\"@type\":\"WebPage\",\"@id\":\"https:\\\/\\\/kolser.com\\\/producto\\\/abrecartas-carlomagno\\\/\",\"url\":\"https:\\\/\\\/kolser.com\\\/producto\\\/abrecartas-carlomagno\\\/\",\"name\":\"\u25b7ABRECARTAS CARLOMAGNO. - Kolser\",\"isPartOf\":{\"@id\":\"https:\\\/\\\/kolser.com\\\/#website\"},\"primaryImageOfPage\":{\"@id\":\"https:\\\/\\\/kolser.com\\\/producto\\\/abrecartas-carlomagno\\\/#primaryimage\"},\"image\":{\"@id\":\"https:\\\/\\\/kolser.com\\\/producto\\\/abrecartas-carlomagno\\\/#primaryimage\"},\"thumbnailUrl\":\"https:\\\/\\\/kolser.com\\\/wp-content\\\/uploads\\\/2021\\\/12\\\/48-10024.jpg\",\"datePublished\":\"2021-12-11T09:12:54+00:00\",\"dateModified\":\"2025-07-31T09:31:07+00:00\",\"description\":\"\u2705 \u3010 ABRECARTAS CARLOMAGNO \u3011Fant\u00e1stico abrecartas Carlomagno, inspirador para el cantar del Roldan. Tiene una medida de 25 cm.\",\"breadcrumb\":{\"@id\":\"https:\\\/\\\/kolser.com\\\/producto\\\/abrecartas-carlomagno\\\/#breadcrumb\"},\"inLanguage\":\"de\",\"potentialAction\":[{\"@type\":\"ReadAction\",\"target\":[\"https:\\\/\\\/kolser.com\\\/producto\\\/abrecartas-carlomagno\\\/\"]}]},{\"@type\":\"ImageObject\",\"inLanguage\":\"de\",\"@id\":\"https:\\\/\\\/kolser.com\\\/producto\\\/abrecartas-carlomagno\\\/#primaryimage\",\"url\":\"https:\\\/\\\/kolser.com\\\/wp-content\\\/uploads\\\/2021\\\/12\\\/48-10024.jpg\",\"contentUrl\":\"https:\\\/\\\/kolser.com\\\/wp-content\\\/uploads\\\/2021\\\/12\\\/48-10024.jpg\",\"width\":600,\"height\":600,\"caption\":\"Abre cartas replica de espada carlomagno con empu\u00f1adura dorada 25 cm\"},{\"@type\":\"BreadcrumbList\",\"@id\":\"https:\\\/\\\/kolser.com\\\/producto\\\/abrecartas-carlomagno\\\/#breadcrumb\",\"itemListElement\":[{\"@type\":\"ListItem\",\"position\":1,\"name\":\"Home\",\"item\":\"https:\\\/\\\/kolser.com\\\/\"},{\"@type\":\"ListItem\",\"position\":2,\"name\":\"Cat\u00e1logo\",\"item\":\"https:\\\/\\\/kolser.com\\\/catalogo\\\/\"},{\"@type\":\"ListItem\",\"position\":3,\"name\":\"Dagas y pu\u00f1ales\",\"item\":\"https:\\\/\\\/kolser.com\\\/categoria-producto\\\/dagas-y-punales\\\/\"},{\"@type\":\"ListItem\",\"position\":4,\"name\":\"ABRECARTAS CARLOMAGNO.\"}]},{\"@type\":\"WebSite\",\"@id\":\"https:\\\/\\\/kolser.com\\\/#website\",\"url\":\"https:\\\/\\\/kolser.com\\\/\",\"name\":\"Kolser\",\"description\":\"\",\"publisher\":{\"@id\":\"https:\\\/\\\/kolser.com\\\/#organization\"},\"potentialAction\":[{\"@type\":\"SearchAction\",\"target\":{\"@type\":\"EntryPoint\",\"urlTemplate\":\"https:\\\/\\\/kolser.com\\\/?s={search_term_string}\"},\"query-input\":{\"@type\":\"PropertyValueSpecification\",\"valueRequired\":true,\"valueName\":\"search_term_string\"}}],\"inLanguage\":\"de\"},{\"@type\":\"Organization\",\"@id\":\"https:\\\/\\\/kolser.com\\\/#organization\",\"name\":\"Kolser\",\"url\":\"https:\\\/\\\/kolser.com\\\/\",\"logo\":{\"@type\":\"ImageObject\",\"inLanguage\":\"de\",\"@id\":\"https:\\\/\\\/kolser.com\\\/#\\\/schema\\\/logo\\\/image\\\/\",\"url\":\"https:\\\/\\\/kolser.com\\\/wp-content\\\/uploads\\\/2021\\\/11\\\/Logo-Cabecera.png\",\"contentUrl\":\"https:\\\/\\\/kolser.com\\\/wp-content\\\/uploads\\\/2021\\\/11\\\/Logo-Cabecera.png\",\"width\":979,\"height\":1358,\"caption\":\"Kolser\"},\"image\":{\"@id\":\"https:\\\/\\\/kolser.com\\\/#\\\/schema\\\/logo\\\/image\\\/\"}}]}<\/script>\n<!-- \/ Yoast SEO plugin. -->","yoast_head_json":{"title":"\u25b7ABRECARTAS CARLOMAGNO. - Kolser","description":"\u2705 \u3010 ABRECARTAS CARLOMAGNO \u3011Fant\u00e1stico abrecartas Carlomagno, inspirador para el cantar del Roldan. Tiene una medida de 25 cm.","robots":{"index":"index","follow":"follow","max-snippet":"max-snippet:-1","max-image-preview":"max-image-preview:large","max-video-preview":"max-video-preview:-1"},"canonical":"https:\/\/kolser.com\/de\/produkt\/abrecartas-carlomagno\/","og_locale":"de_DE","og_type":"article","og_title":"\u25b7ABRECARTAS CARLOMAGNO. - Kolser","og_description":"\u2705 \u3010 ABRECARTAS CARLOMAGNO \u3011Fant\u00e1stico abrecartas Carlomagno, inspirador para el cantar del Roldan. Tiene una medida de 25 cm.","og_url":"https:\/\/kolser.com\/de\/produkt\/abrecartas-carlomagno\/","og_site_name":"Kolser","article_modified_time":"2025-07-31T09:31:07+00:00","og_image":[{"width":600,"height":600,"url":"https:\/\/kolser.com\/wp-content\/uploads\/2021\/12\/48-10024.jpg","type":"image\/jpeg"}],"twitter_card":"summary_large_image","twitter_misc":{"Gesch\u00e4tzte Lesezeit":"1\u00a0Minute"},"schema":{"@context":"https:\/\/schema.org","@graph":[{"@type":"WebPage","@id":"https:\/\/kolser.com\/producto\/abrecartas-carlomagno\/","url":"https:\/\/kolser.com\/producto\/abrecartas-carlomagno\/","name":"\u25b7ABRECARTAS CARLOMAGNO. - Kolser","isPartOf":{"@id":"https:\/\/kolser.com\/#website"},"primaryImageOfPage":{"@id":"https:\/\/kolser.com\/producto\/abrecartas-carlomagno\/#primaryimage"},"image":{"@id":"https:\/\/kolser.com\/producto\/abrecartas-carlomagno\/#primaryimage"},"thumbnailUrl":"https:\/\/kolser.com\/wp-content\/uploads\/2021\/12\/48-10024.jpg","datePublished":"2021-12-11T09:12:54+00:00","dateModified":"2025-07-31T09:31:07+00:00","description":"\u2705 \u3010 ABRECARTAS CARLOMAGNO \u3011Fant\u00e1stico abrecartas Carlomagno, inspirador para el cantar del Roldan. Tiene una medida de 25 cm.","breadcrumb":{"@id":"https:\/\/kolser.com\/producto\/abrecartas-carlomagno\/#breadcrumb"},"inLanguage":"de","potentialAction":[{"@type":"ReadAction","target":["https:\/\/kolser.com\/producto\/abrecartas-carlomagno\/"]}]},{"@type":"ImageObject","inLanguage":"de","@id":"https:\/\/kolser.com\/producto\/abrecartas-carlomagno\/#primaryimage","url":"https:\/\/kolser.com\/wp-content\/uploads\/2021\/12\/48-10024.jpg","contentUrl":"https:\/\/kolser.com\/wp-content\/uploads\/2021\/12\/48-10024.jpg","width":600,"height":600,"caption":"Abre cartas replica de espada carlomagno con empu\u00f1adura dorada 25 cm"},{"@type":"BreadcrumbList","@id":"https:\/\/kolser.com\/producto\/abrecartas-carlomagno\/#breadcrumb","itemListElement":[{"@type":"ListItem","position":1,"name":"Home","item":"https:\/\/kolser.com\/"},{"@type":"ListItem","position":2,"name":"Cat\u00e1logo","item":"https:\/\/kolser.com\/catalogo\/"},{"@type":"ListItem","position":3,"name":"Dagas y pu\u00f1ales","item":"https:\/\/kolser.com\/categoria-producto\/dagas-y-punales\/"},{"@type":"ListItem","position":4,"name":"ABRECARTAS CARLOMAGNO."}]},{"@type":"WebSite","@id":"https:\/\/kolser.com\/#website","url":"https:\/\/kolser.com\/","name":"Kolser","description":"","publisher":{"@id":"https:\/\/kolser.com\/#organization"},"potentialAction":[{"@type":"SearchAction","target":{"@type":"EntryPoint","urlTemplate":"https:\/\/kolser.com\/?s={search_term_string}"},"query-input":{"@type":"PropertyValueSpecification","valueRequired":true,"valueName":"search_term_string"}}],"inLanguage":"de"},{"@type":"Organization","@id":"https:\/\/kolser.com\/#organization","name":"Kolser","url":"https:\/\/kolser.com\/","logo":{"@type":"ImageObject","inLanguage":"de","@id":"https:\/\/kolser.com\/#\/schema\/logo\/image\/","url":"https:\/\/kolser.com\/wp-content\/uploads\/2021\/11\/Logo-Cabecera.png","contentUrl":"https:\/\/kolser.com\/wp-content\/uploads\/2021\/11\/Logo-Cabecera.png","width":979,"height":1358,"caption":"Kolser"},"image":{"@id":"https:\/\/kolser.com\/#\/schema\/logo\/image\/"}}]}},"_links":{"self":[{"href":"https:\/\/kolser.com\/de\/wp-json\/wp\/v2\/product\/13522","targetHints":{"allow":["GET"]}}],"collection":[{"href":"https:\/\/kolser.com\/de\/wp-json\/wp\/v2\/product"}],"about":[{"href":"https:\/\/kolser.com\/de\/wp-json\/wp\/v2\/types\/product"}],"replies":[{"embeddable":true,"href":"https:\/\/kolser.com\/de\/wp-json\/wp\/v2\/comments?post=13522"}],"wp:featuredmedia":[{"embeddable":true,"href":"https:\/\/kolser.com\/de\/wp-json\/wp\/v2\/media\/14513"}],"wp:attachment":[{"href":"https:\/\/kolser.com\/de\/wp-json\/wp\/v2\/media?parent=13522"}],"wp:term":[{"taxonomy":"product_brand","embeddable":true,"href":"https:\/\/kolser.com\/de\/wp-json\/wp\/v2\/product_brand?post=13522"},{"taxonomy":"product_cat","embeddable":true,"href":"https:\/\/kolser.com\/de\/wp-json\/wp\/v2\/product_cat?post=13522"},{"taxonomy":"product_tag","embeddable":true,"href":"https:\/\/kolser.com\/de\/wp-json\/wp\/v2\/product_tag?post=13522"},{"taxonomy":"coleccion","embeddable":true,"href":"https:\/\/kolser.com\/de\/wp-json\/wp\/v2\/coleccion?post=13522"},{"taxonomy":"proposito","embeddable":true,"href":"https:\/\/kolser.com\/de\/wp-json\/wp\/v2\/proposito?post=13522"}],"curies":[{"name":"wp","href":"https:\/\/api.w.org\/{rel}","templated":true}]}}