{"id":13482,"date":"2021-12-11T09:12:52","date_gmt":"2021-12-11T09:12:52","guid":{"rendered":"https:\/\/kolser.com\/producto\/apoya-libros-canon-11-cm\/"},"modified":"2025-07-23T11:24:15","modified_gmt":"2025-07-23T09:24:15","slug":"apoya-libros-canon-11-cm","status":"publish","type":"product","link":"https:\/\/kolser.com\/de\/producto\/apoya-libros-canon-11-cm\/","title":{"rendered":"BUCHST\u00dcTZEN \u2013 KANONE 11 CM"},"content":{"rendered":"<p>15,5X14 cm<\/p>","protected":false},"excerpt":{"rendered":"<p>Kolser pr\u00e4sentiert diese elegante Buchst\u00fctze im Kanonendesign \u2013 ein dekoratives St\u00fcck, das historischen Charme mit Funktionalit\u00e4t vereint. Die 11 cm lange Kanone ist fein aus Metall gearbeitet, mit eingravierten Details, die ihre realistische Wirkung unterstreichen. Die Basis aus Vollholz misst 15,5 x 14 cm.<\/p>","protected":false},"featured_media":14524,"comment_status":"closed","ping_status":"closed","template":"","meta":[],"product_brand":[],"product_cat":[25,27],"product_tag":[],"coleccion":[],"proposito":[],"class_list":{"0":"post-13482","1":"product","2":"type-product","3":"status-publish","4":"has-post-thumbnail","6":"product_cat-mundo-antiguo","7":"product_cat-decoracion-medieval","9":"first","10":"instock","11":"shipping-taxable","12":"purchasable","13":"product-type-simple"},"yoast_head":"<!-- This site is optimized with the Yoast SEO plugin v27.4 - https:\/\/yoast.com\/product\/yoast-seo-wordpress\/ -->\n<title>\u25b7APOYA-LIBROS CA\u00d1ON 11 CM. - Kolser<\/title>\n<meta name=\"description\" content=\"\u2705 R\u00e9plica \u3010 APOYA LIBROS CON CA\u00d1\u00d3N 11CM \u3011Ca\u00f1ones utilizados el a Segunda Guerra Mundial.\" \/>\n<meta name=\"robots\" content=\"index, follow, max-snippet:-1, max-image-preview:large, max-video-preview:-1\" \/>\n<link rel=\"canonical\" href=\"https:\/\/kolser.com\/de\/produkt\/apoya-libros-canon-11-cm\/\" \/>\n<meta property=\"og:locale\" content=\"de_DE\" \/>\n<meta property=\"og:type\" content=\"article\" \/>\n<meta property=\"og:title\" content=\"\u25b7APOYA-LIBROS CA\u00d1ON 11 CM. - Kolser\" \/>\n<meta property=\"og:description\" content=\"\u2705 R\u00e9plica \u3010 APOYA LIBROS CON CA\u00d1\u00d3N 11CM \u3011Ca\u00f1ones utilizados el a Segunda Guerra Mundial.\" \/>\n<meta property=\"og:url\" content=\"https:\/\/kolser.com\/de\/produkt\/apoya-libros-canon-11-cm\/\" \/>\n<meta property=\"og:site_name\" content=\"Kolser\" \/>\n<meta property=\"article:modified_time\" content=\"2025-07-23T09:24:15+00:00\" \/>\n<meta property=\"og:image\" content=\"https:\/\/kolser.com\/wp-content\/uploads\/2021\/12\/45-834.jpg\" \/>\n\t<meta property=\"og:image:width\" content=\"600\" \/>\n\t<meta property=\"og:image:height\" content=\"600\" \/>\n\t<meta property=\"og:image:type\" content=\"image\/jpeg\" \/>\n<meta name=\"twitter:card\" content=\"summary_large_image\" \/>\n<meta name=\"twitter:label1\" content=\"Gesch\u00e4tzte Lesezeit\" \/>\n\t<meta name=\"twitter:data1\" content=\"1\u00a0Minute\" \/>\n<script type=\"application\/ld+json\" class=\"yoast-schema-graph\">{\"@context\":\"https:\\\/\\\/schema.org\",\"@graph\":[{\"@type\":\"WebPage\",\"@id\":\"https:\\\/\\\/kolser.com\\\/producto\\\/apoya-libros-canon-11-cm\\\/\",\"url\":\"https:\\\/\\\/kolser.com\\\/producto\\\/apoya-libros-canon-11-cm\\\/\",\"name\":\"\u25b7APOYA-LIBROS CA\u00d1ON 11 CM. - Kolser\",\"isPartOf\":{\"@id\":\"https:\\\/\\\/kolser.com\\\/#website\"},\"primaryImageOfPage\":{\"@id\":\"https:\\\/\\\/kolser.com\\\/producto\\\/apoya-libros-canon-11-cm\\\/#primaryimage\"},\"image\":{\"@id\":\"https:\\\/\\\/kolser.com\\\/producto\\\/apoya-libros-canon-11-cm\\\/#primaryimage\"},\"thumbnailUrl\":\"https:\\\/\\\/kolser.com\\\/wp-content\\\/uploads\\\/2021\\\/12\\\/45-834.jpg\",\"datePublished\":\"2021-12-11T09:12:52+00:00\",\"dateModified\":\"2025-07-23T09:24:15+00:00\",\"description\":\"\u2705 R\u00e9plica \u3010 APOYA LIBROS CON CA\u00d1\u00d3N 11CM \u3011Ca\u00f1ones utilizados el a Segunda Guerra Mundial.\",\"breadcrumb\":{\"@id\":\"https:\\\/\\\/kolser.com\\\/producto\\\/apoya-libros-canon-11-cm\\\/#breadcrumb\"},\"inLanguage\":\"de\",\"potentialAction\":[{\"@type\":\"ReadAction\",\"target\":[\"https:\\\/\\\/kolser.com\\\/producto\\\/apoya-libros-canon-11-cm\\\/\"]}]},{\"@type\":\"ImageObject\",\"inLanguage\":\"de\",\"@id\":\"https:\\\/\\\/kolser.com\\\/producto\\\/apoya-libros-canon-11-cm\\\/#primaryimage\",\"url\":\"https:\\\/\\\/kolser.com\\\/wp-content\\\/uploads\\\/2021\\\/12\\\/45-834.jpg\",\"contentUrl\":\"https:\\\/\\\/kolser.com\\\/wp-content\\\/uploads\\\/2021\\\/12\\\/45-834.jpg\",\"width\":600,\"height\":600,\"caption\":\"Apoya libros de madera color marr\u00f3n oscuro con ornamentos plateados y ca\u00f1ones de la primera guerra mundial met\u00e1licos a cada lado apuntando a lados opuestos.\"},{\"@type\":\"BreadcrumbList\",\"@id\":\"https:\\\/\\\/kolser.com\\\/producto\\\/apoya-libros-canon-11-cm\\\/#breadcrumb\",\"itemListElement\":[{\"@type\":\"ListItem\",\"position\":1,\"name\":\"Home\",\"item\":\"https:\\\/\\\/kolser.com\\\/\"},{\"@type\":\"ListItem\",\"position\":2,\"name\":\"Cat\u00e1logo\",\"item\":\"https:\\\/\\\/kolser.com\\\/catalogo\\\/\"},{\"@type\":\"ListItem\",\"position\":3,\"name\":\"Mundo Antiguo\",\"item\":\"https:\\\/\\\/kolser.com\\\/categoria-producto\\\/mundo-antiguo\\\/\"},{\"@type\":\"ListItem\",\"position\":4,\"name\":\"Decoraci\u00f3n medieval\",\"item\":\"https:\\\/\\\/kolser.com\\\/categoria-producto\\\/mundo-antiguo\\\/decoracion-medieval\\\/\"},{\"@type\":\"ListItem\",\"position\":5,\"name\":\"APOYA-LIBROS CA\u00d1ON 11 CM.\"}]},{\"@type\":\"WebSite\",\"@id\":\"https:\\\/\\\/kolser.com\\\/#website\",\"url\":\"https:\\\/\\\/kolser.com\\\/\",\"name\":\"Kolser\",\"description\":\"\",\"publisher\":{\"@id\":\"https:\\\/\\\/kolser.com\\\/#organization\"},\"potentialAction\":[{\"@type\":\"SearchAction\",\"target\":{\"@type\":\"EntryPoint\",\"urlTemplate\":\"https:\\\/\\\/kolser.com\\\/?s={search_term_string}\"},\"query-input\":{\"@type\":\"PropertyValueSpecification\",\"valueRequired\":true,\"valueName\":\"search_term_string\"}}],\"inLanguage\":\"de\"},{\"@type\":\"Organization\",\"@id\":\"https:\\\/\\\/kolser.com\\\/#organization\",\"name\":\"Kolser\",\"url\":\"https:\\\/\\\/kolser.com\\\/\",\"logo\":{\"@type\":\"ImageObject\",\"inLanguage\":\"de\",\"@id\":\"https:\\\/\\\/kolser.com\\\/#\\\/schema\\\/logo\\\/image\\\/\",\"url\":\"https:\\\/\\\/kolser.com\\\/wp-content\\\/uploads\\\/2021\\\/11\\\/Logo-Cabecera.png\",\"contentUrl\":\"https:\\\/\\\/kolser.com\\\/wp-content\\\/uploads\\\/2021\\\/11\\\/Logo-Cabecera.png\",\"width\":979,\"height\":1358,\"caption\":\"Kolser\"},\"image\":{\"@id\":\"https:\\\/\\\/kolser.com\\\/#\\\/schema\\\/logo\\\/image\\\/\"}}]}<\/script>\n<!-- \/ Yoast SEO plugin. -->","yoast_head_json":{"title":"\u25b7APOYA-LIBROS CA\u00d1ON 11 CM. - Kolser","description":"\u2705 R\u00e9plica \u3010 APOYA LIBROS CON CA\u00d1\u00d3N 11CM \u3011Ca\u00f1ones utilizados el a Segunda Guerra Mundial.","robots":{"index":"index","follow":"follow","max-snippet":"max-snippet:-1","max-image-preview":"max-image-preview:large","max-video-preview":"max-video-preview:-1"},"canonical":"https:\/\/kolser.com\/de\/produkt\/apoya-libros-canon-11-cm\/","og_locale":"de_DE","og_type":"article","og_title":"\u25b7APOYA-LIBROS CA\u00d1ON 11 CM. - Kolser","og_description":"\u2705 R\u00e9plica \u3010 APOYA LIBROS CON CA\u00d1\u00d3N 11CM \u3011Ca\u00f1ones utilizados el a Segunda Guerra Mundial.","og_url":"https:\/\/kolser.com\/de\/produkt\/apoya-libros-canon-11-cm\/","og_site_name":"Kolser","article_modified_time":"2025-07-23T09:24:15+00:00","og_image":[{"width":600,"height":600,"url":"https:\/\/kolser.com\/wp-content\/uploads\/2021\/12\/45-834.jpg","type":"image\/jpeg"}],"twitter_card":"summary_large_image","twitter_misc":{"Gesch\u00e4tzte Lesezeit":"1\u00a0Minute"},"schema":{"@context":"https:\/\/schema.org","@graph":[{"@type":"WebPage","@id":"https:\/\/kolser.com\/producto\/apoya-libros-canon-11-cm\/","url":"https:\/\/kolser.com\/producto\/apoya-libros-canon-11-cm\/","name":"\u25b7APOYA-LIBROS CA\u00d1ON 11 CM. - Kolser","isPartOf":{"@id":"https:\/\/kolser.com\/#website"},"primaryImageOfPage":{"@id":"https:\/\/kolser.com\/producto\/apoya-libros-canon-11-cm\/#primaryimage"},"image":{"@id":"https:\/\/kolser.com\/producto\/apoya-libros-canon-11-cm\/#primaryimage"},"thumbnailUrl":"https:\/\/kolser.com\/wp-content\/uploads\/2021\/12\/45-834.jpg","datePublished":"2021-12-11T09:12:52+00:00","dateModified":"2025-07-23T09:24:15+00:00","description":"\u2705 R\u00e9plica \u3010 APOYA LIBROS CON CA\u00d1\u00d3N 11CM \u3011Ca\u00f1ones utilizados el a Segunda Guerra Mundial.","breadcrumb":{"@id":"https:\/\/kolser.com\/producto\/apoya-libros-canon-11-cm\/#breadcrumb"},"inLanguage":"de","potentialAction":[{"@type":"ReadAction","target":["https:\/\/kolser.com\/producto\/apoya-libros-canon-11-cm\/"]}]},{"@type":"ImageObject","inLanguage":"de","@id":"https:\/\/kolser.com\/producto\/apoya-libros-canon-11-cm\/#primaryimage","url":"https:\/\/kolser.com\/wp-content\/uploads\/2021\/12\/45-834.jpg","contentUrl":"https:\/\/kolser.com\/wp-content\/uploads\/2021\/12\/45-834.jpg","width":600,"height":600,"caption":"Apoya libros de madera color marr\u00f3n oscuro con ornamentos plateados y ca\u00f1ones de la primera guerra mundial met\u00e1licos a cada lado apuntando a lados opuestos."},{"@type":"BreadcrumbList","@id":"https:\/\/kolser.com\/producto\/apoya-libros-canon-11-cm\/#breadcrumb","itemListElement":[{"@type":"ListItem","position":1,"name":"Home","item":"https:\/\/kolser.com\/"},{"@type":"ListItem","position":2,"name":"Cat\u00e1logo","item":"https:\/\/kolser.com\/catalogo\/"},{"@type":"ListItem","position":3,"name":"Mundo Antiguo","item":"https:\/\/kolser.com\/categoria-producto\/mundo-antiguo\/"},{"@type":"ListItem","position":4,"name":"Decoraci\u00f3n medieval","item":"https:\/\/kolser.com\/categoria-producto\/mundo-antiguo\/decoracion-medieval\/"},{"@type":"ListItem","position":5,"name":"APOYA-LIBROS CA\u00d1ON 11 CM."}]},{"@type":"WebSite","@id":"https:\/\/kolser.com\/#website","url":"https:\/\/kolser.com\/","name":"Kolser","description":"","publisher":{"@id":"https:\/\/kolser.com\/#organization"},"potentialAction":[{"@type":"SearchAction","target":{"@type":"EntryPoint","urlTemplate":"https:\/\/kolser.com\/?s={search_term_string}"},"query-input":{"@type":"PropertyValueSpecification","valueRequired":true,"valueName":"search_term_string"}}],"inLanguage":"de"},{"@type":"Organization","@id":"https:\/\/kolser.com\/#organization","name":"Kolser","url":"https:\/\/kolser.com\/","logo":{"@type":"ImageObject","inLanguage":"de","@id":"https:\/\/kolser.com\/#\/schema\/logo\/image\/","url":"https:\/\/kolser.com\/wp-content\/uploads\/2021\/11\/Logo-Cabecera.png","contentUrl":"https:\/\/kolser.com\/wp-content\/uploads\/2021\/11\/Logo-Cabecera.png","width":979,"height":1358,"caption":"Kolser"},"image":{"@id":"https:\/\/kolser.com\/#\/schema\/logo\/image\/"}}]}},"_links":{"self":[{"href":"https:\/\/kolser.com\/de\/wp-json\/wp\/v2\/product\/13482","targetHints":{"allow":["GET"]}}],"collection":[{"href":"https:\/\/kolser.com\/de\/wp-json\/wp\/v2\/product"}],"about":[{"href":"https:\/\/kolser.com\/de\/wp-json\/wp\/v2\/types\/product"}],"replies":[{"embeddable":true,"href":"https:\/\/kolser.com\/de\/wp-json\/wp\/v2\/comments?post=13482"}],"wp:featuredmedia":[{"embeddable":true,"href":"https:\/\/kolser.com\/de\/wp-json\/wp\/v2\/media\/14524"}],"wp:attachment":[{"href":"https:\/\/kolser.com\/de\/wp-json\/wp\/v2\/media?parent=13482"}],"wp:term":[{"taxonomy":"product_brand","embeddable":true,"href":"https:\/\/kolser.com\/de\/wp-json\/wp\/v2\/product_brand?post=13482"},{"taxonomy":"product_cat","embeddable":true,"href":"https:\/\/kolser.com\/de\/wp-json\/wp\/v2\/product_cat?post=13482"},{"taxonomy":"product_tag","embeddable":true,"href":"https:\/\/kolser.com\/de\/wp-json\/wp\/v2\/product_tag?post=13482"},{"taxonomy":"coleccion","embeddable":true,"href":"https:\/\/kolser.com\/de\/wp-json\/wp\/v2\/coleccion?post=13482"},{"taxonomy":"proposito","embeddable":true,"href":"https:\/\/kolser.com\/de\/wp-json\/wp\/v2\/proposito?post=13482"}],"curies":[{"name":"wp","href":"https:\/\/api.w.org\/{rel}","templated":true}]}}