{"id":180,"date":"2021-11-22T15:06:24","date_gmt":"2021-11-22T15:06:24","guid":{"rendered":"https:\/\/kolser.com\/politica-de-cookies\/"},"modified":"2025-06-30T13:59:38","modified_gmt":"2025-06-30T11:59:38","slug":"politica-de-cookies","status":"publish","type":"page","link":"https:\/\/kolser.com\/de\/politica-de-cookies\/","title":{"rendered":"Cookie-Richtlinien"},"content":{"rendered":"<h2 class=\"wp-block-heading\">Was sind Cookies?<\/h2>\n\n\n\n<p>m Englischen bedeutet der Begriff \u201eCookie\u201c Keks, aber im Zusammenhang mit dem Surfen im Internet bezeichnet ein \u201eCookie\u201c etwas v\u00f6llig anderes. Wenn Sie auf unsere Website zugreifen, wird in Ihrem Browser eine kleine Textdatei gespeichert, die \u201eCookie\u201c genannt wird. Dieser Text enth\u00e4lt verschiedene Informationen \u00fcber Ihr Surfverhalten, Ihre Gewohnheiten, Vorlieben, Inhalteinstellungen usw.<\/p>\n\n\n\n<p>Es gibt andere Technologien, die \u00e4hnlich funktionieren und ebenfalls verwendet werden, um Daten \u00fcber Ihr Surfverhalten zu sammeln. Wir bezeichnen all diese Technologien zusammenfassend als \u201eCookies\u201c.<\/p>\n\n\n\n<p>Die spezifischen Verwendungszwecke dieser Technologien werden in diesem Dokument beschrieben.<\/p>\n\n\n\n<h2 class=\"wp-block-heading\">Wof\u00fcr werden Cookies auf dieser Website verwendet?<\/h2>\n\n\n\n<p>Cookies sind ein wesentlicher Bestandteil der Funktionsweise dieser Website. Der Hauptzweck unserer Cookies besteht darin, Ihr Surferlebnis zu verbessern. Beispielsweise, um Ihre Pr\u00e4ferenzen (Sprache, Land usw.) w\u00e4hrend des Surfens und bei zuk\u00fcnftigen Besuchen zu speichern. Die durch Cookies gesammelten Informationen erm\u00f6glichen es uns au\u00dferdem, die Website zu verbessern, sie an Ihre Interessen als Nutzer anzupassen, Ihre Suchvorg\u00e4nge zu beschleunigen usw.<\/p>\n\n\n\n<p>In bestimmten F\u00e4llen, wenn wir Ihre vorherige informierte Einwilligung erhalten haben, k\u00f6nnen wir Cookies auch f\u00fcr andere Zwecke verwenden, zum Beispiel um Informationen zu erhalten, die es uns erm\u00f6glichen, Ihnen Werbung auf Basis Ihrer Surfgewohnheiten anzuzeigen.<\/p>\n\n\n\n<h2 class=\"wp-block-heading\">Wof\u00fcr werden Cookies auf dieser Website NICHT verwendet?<\/h2>\n\n\n\n<p>Die von uns verwendeten Cookies speichern keine sensiblen personenbezogenen Informationen wie Ihren Namen, Ihre Adresse, Ihr Passwort usw.<\/p>\n\n\n\n<h2 class=\"wp-block-heading\">Wer verwendet die in den Cookies gespeicherten Informationen?<\/h2>\n\n\n\n<p>Die in den Cookies unserer Website gespeicherten Informationen werden ausschlie\u00dflich von uns verwendet, mit Ausnahme der unten als \u201eDrittanbieter-Cookies\u201c gekennzeichneten Cookies. Diese werden von externen Stellen verwendet und verwaltet, die uns Dienstleistungen zur Verbesserung des Nutzererlebnisses bereitstellen. Beispielsweise werden die Statistiken \u00fcber die Anzahl der Besuche, die beliebtesten Inhalte usw. in der Regel von Google Analytics verwaltet.<\/p>\n\n\n\n<p>Drittanbieter-Cookies werden auch h\u00e4ufig verwendet, um die Zahlungsabwicklungen auf der Website sicherzustellen.<\/p>\n\n\n\n<h2 class=\"wp-block-heading\">Wie k\u00f6nnen Sie die Verwendung von Cookies auf dieser Website vermeiden?<\/h2>\n\n\n\n<p>Wenn Sie die Verwendung von Cookies vermeiden m\u00f6chten, k\u00f6nnen Sie deren Verwendung ABLEHNEN oder KONFIGURIEREN, welche Cookies Sie blockieren und welche Sie zulassen m\u00f6chten (in diesem Dokument geben wir Ihnen ausf\u00fchrliche Informationen zu jedem Cookie-Typ, dessen Zweck, Empf\u00e4nger, Dauer usw.).<\/p>\n\n\n\n<p>Wenn Sie diese akzeptiert haben, werden wir Sie nicht erneut fragen, es sei denn, Sie l\u00f6schen die Cookies auf Ihrem Ger\u00e4t, wie im folgenden Abschnitt beschrieben. Wenn Sie Ihre Einwilligung widerrufen m\u00f6chten, m\u00fcssen Sie die Cookies l\u00f6schen und Ihre Einstellungen erneut konfigurieren.<\/p>\n\n\n\n<h2 class=\"wp-block-heading\">Wie deaktiviere und l\u00f6sche ich die Verwendung von Cookies?<\/h2>\n\n\n\n<p>Um die Cookies dieser Website (und die von Dritten) einzuschr\u00e4nken, zu blockieren oder zu l\u00f6schen, k\u00f6nnen Sie dies jederzeit tun, indem Sie die Einstellungen Ihres Browsers \u00e4ndern. Bitte beachten Sie, dass diese Einstellungen je nach Browser unterschiedlich sind.<\/p>\n\n\n\n<p>Unter den folgenden Links finden Sie Anleitungen zum Aktivieren oder Deaktivieren von Cookies in den g\u00e4ngigsten Browsern:<\/p>\n\n\n\n<ul class=\"wp-block-list\">\n<li><a href=\"http:\/\/support.mozilla.org\/es\/kb\/habilitar-y-deshabilitar-cookies-que-los-sitios-we\" target=\"_blank\" rel=\"noreferrer noopener\">Firefox<\/a><\/li>\n\n\n\n<li><a href=\"https:\/\/support.google.com\/chrome\/answer\/95647?hl=es\" target=\"_blank\" rel=\"noreferrer noopener\">Google Chrome<\/a><\/li>\n\n\n\n<li><a href=\"https:\/\/support.microsoft.com\/es-es\/help\/17442\/windows-internet-explorer-delete-manage-cookies#ie=%22ie-10\" target=\"_blank\" rel=\"noreferrer noopener\">Internet Explorer<\/a><\/li>\n\n\n\n<li><a href=\"https:\/\/support.microsoft.com\/es-es\/help\/4468242\/microsoft-edge-browsing-data-and-privacy\" target=\"_blank\" rel=\"noreferrer noopener\">Microsoft Edge<\/a><\/li>\n\n\n\n<li><a href=\"http:\/\/support.apple.com\/kb\/HT1677?viewlocale=es_ES\" target=\"_blank\" rel=\"noreferrer noopener\">Safari<\/a><\/li>\n<\/ul>\n\n\n\n<h2 class=\"wp-block-heading\">Welche Arten von Cookies werden auf dieser Website verwendet?<\/h2>\n\n\n\n<p>Jede Website verwendet ihre eigenen Cookies. Auf unserer Website verwenden wir die folgenden:<\/p>\n\n\n\n<p><strong>NACH DER VERWALTENDEN STELLE<\/strong><\/p>\n\n\n\n<p><strong>Eigene Cookies:<\/strong><\/p>\n\n\n\n<p>Diese werden an das Ger\u00e4t des Nutzers von einem Computer oder einer Domain gesendet, die vom Herausgeber selbst verwaltet wird und von der aus der vom Nutzer angeforderte Dienst bereitgestellt wird.<\/p>\n\n\n\n<p><strong>Drittanbieter-Cookies:<\/strong><\/p>\n\n\n\n<p>Diese werden an das Ger\u00e4t des Nutzers von einem Computer oder einer Domain gesendet, die nicht vom Herausgeber, sondern von einer anderen Stelle verwaltet wird, die die durch die Cookies gewonnenen Daten verarbeitet.<\/p>\n\n\n\n<p>Wenn Cookies von einem Computer oder einer Domain des Herausgebers gesendet werden, die Informationen jedoch von einem Dritten f\u00fcr eigene Zwecke (z. B. zur Verbesserung seiner Dienste oder zur Bereitstellung von Werbediensten f\u00fcr andere Unternehmen) verwendet werden, gelten sie nicht als eigene Cookies.<\/p>\n\n\n\n<p><strong>NACH IHREM ZWECK<\/strong><\/p>\n\n\n\n<p><strong>Technische Cookies:<\/strong><\/p>\n\n\n\n<p>Diese sind notwendig f\u00fcr die Navigation und das ordnungsgem\u00e4\u00dfe Funktionieren unserer Website, z. B. zur Steuerung des Datenverkehrs und der Datenkommunikation, zur Identifizierung der Sitzung, zum Zugriff auf gesch\u00fctzte Bereiche, zum Merken der Elemente in einem Warenkorb, zum Abwickeln des Kaufprozesses, zur Zahlungsabwicklung, zur Betrugskontrolle im Zusammenhang mit der Sicherheit des Dienstes, zur Anmeldung oder Teilnahme an Veranstaltungen, zum Z\u00e4hlen der Besuche zu Abrechnungszwecken von Softwarelizenzen, zur Verwendung von Sicherheitselementen beim Surfen, zum Speichern von Inhalten f\u00fcr die Wiedergabe von Videos oder Audiodateien oder zur Aktivierung dynamischer Inhalte (z. B. Ladeanimationen f\u00fcr Text oder Bild).<\/p>\n\n\n\n<p><strong>Analyse-Cookies:<\/strong><\/p>\n\n\n\n<p>Erm\u00f6glichen es, die Anzahl der Nutzer zu quantifizieren und so Messungen und statistische Analysen \u00fcber die Nutzung der Website durchzuf\u00fchren, um unser Produkt- oder Dienstleistungsangebot zu verbessern.<\/p>\n\n\n\n<p><strong>Pr\u00e4ferenz- oder Personalisierungs-Cookies:<\/strong><\/p>\n\n\n\n<p>Erm\u00f6glichen es, Informationen zu speichern, damit der Nutzer den Dienst mit bestimmten Merkmalen nutzen kann, die seine Erfahrung von der anderer Nutzer unterscheiden, z. B. Sprache, Anzahl der Suchergebnisse, Darstellung oder Inhalt des Dienstes je nach Browsertyp oder Region des Zugriffs.<\/p>\n\n\n\n<p><strong>NACH DER SPEICHERDAUER<\/strong><\/p>\n\n\n\n<p><strong>Sitzungs-Cookies:<\/strong><\/p>\n\n\n\n<p>Diese sind daf\u00fcr vorgesehen, Daten zu sammeln und zu speichern, w\u00e4hrend der Nutzer auf die Website zugreift.<\/p>\n\n\n\n<p>Sie werden in der Regel verwendet, um Informationen zu speichern, die nur f\u00fcr eine einmalige Dienstleistung ben\u00f6tigt werden (z. B. eine Liste der gekauften Produkte), und verschwinden nach Beendigung der Sitzung.<\/p>\n\n\n\n<p><strong>Persistente Cookies:<\/strong><\/p>\n\n\n\n<p>Diese speichern Daten auf dem Ger\u00e4t, auf die w\u00e4hrend eines vom Cookie-Verantwortlichen festgelegten Zeitraums zugegriffen und diese verarbeitet werden k\u00f6nnen, der von wenigen Minuten bis zu mehreren Jahren reichen kann. Der Einsatz von persistenten Cookies sollte kritisch gepr\u00fcft werden, da Datenschutzrisiken durch den Einsatz von Sitzungs-Cookies reduziert werden k\u00f6nnten. Laut WP29-Stellungnahme 4\/2012 muss die Lebensdauer einer Cookie-Ausnahme eng mit ihrem Zweck verkn\u00fcpft sein, sodass Sitzungs-Cookies eher ausgenommen sind als persistente Cookies.<\/p>","protected":false},"excerpt":{"rendered":"<p>\u00bfQu\u00e9 son las cookies? En ingl\u00e9s, el t\u00e9rmino \u00abcookie\u00bb significa galleta, pero en el \u00e1mbito de la navegaci\u00f3n web, una \u00abcookie\u00bb es algo completamente distinto. Cuando accede a nuestro Sitio Web, en el navegador de su dispositivo se almacena una peque\u00f1a cantidad de texto que se denomina \u00abcookie\u00bb. Este texto contiene informaci\u00f3n variada sobre su [&hellip;]<\/p>\n","protected":false},"author":1,"featured_media":0,"parent":0,"menu_order":0,"comment_status":"closed","ping_status":"closed","template":"","meta":{"footnotes":""},"class_list":["post-180","page","type-page","status-publish","hentry"],"yoast_head":"<!-- This site is optimized with the Yoast SEO plugin v27.1.1 - https:\/\/yoast.com\/product\/yoast-seo-wordpress\/ -->\n<title>Pol\u00edtica de Cookies | R\u00e9plicas de Armas de Calidad - Kolser<\/title>\n<meta name=\"robots\" content=\"noindex, follow\" \/>\n<meta property=\"og:locale\" content=\"de_DE\" \/>\n<meta property=\"og:type\" content=\"article\" \/>\n<meta property=\"og:title\" content=\"Pol\u00edtica de Cookies | R\u00e9plicas de Armas de Calidad - Kolser\" \/>\n<meta property=\"og:description\" content=\"\u00bfQu\u00e9 son las cookies? En ingl\u00e9s, el t\u00e9rmino \u00abcookie\u00bb significa galleta, pero en el \u00e1mbito de la navegaci\u00f3n web, una \u00abcookie\u00bb es algo completamente distinto. Cuando accede a nuestro Sitio Web, en el navegador de su dispositivo se almacena una peque\u00f1a cantidad de texto que se denomina \u00abcookie\u00bb. Este texto contiene informaci\u00f3n variada sobre su [&hellip;]\" \/>\n<meta property=\"og:url\" content=\"https:\/\/kolser.com\/de\/politica-de-cookies\/\" \/>\n<meta property=\"og:site_name\" content=\"Kolser\" \/>\n<meta property=\"article:modified_time\" content=\"2025-06-30T11:59:38+00:00\" \/>\n<meta name=\"twitter:card\" content=\"summary_large_image\" \/>\n<meta name=\"twitter:label1\" content=\"Gesch\u00e4tzte Lesezeit\" \/>\n\t<meta name=\"twitter:data1\" content=\"6\u00a0Minuten\" \/>\n<script type=\"application\/ld+json\" class=\"yoast-schema-graph\">{\"@context\":\"https:\/\/schema.org\",\"@graph\":[{\"@type\":\"WebPage\",\"@id\":\"https:\/\/kolser.com\/politica-de-cookies\/\",\"url\":\"https:\/\/kolser.com\/politica-de-cookies\/\",\"name\":\"Pol\u00edtica de Cookies | R\u00e9plicas de Armas de Calidad - Kolser\",\"isPartOf\":{\"@id\":\"https:\/\/kolser.com\/#website\"},\"datePublished\":\"2021-11-22T15:06:24+00:00\",\"dateModified\":\"2025-06-30T11:59:38+00:00\",\"breadcrumb\":{\"@id\":\"https:\/\/kolser.com\/politica-de-cookies\/#breadcrumb\"},\"inLanguage\":\"de\",\"potentialAction\":[{\"@type\":\"ReadAction\",\"target\":[\"https:\/\/kolser.com\/politica-de-cookies\/\"]}]},{\"@type\":\"BreadcrumbList\",\"@id\":\"https:\/\/kolser.com\/politica-de-cookies\/#breadcrumb\",\"itemListElement\":[{\"@type\":\"ListItem\",\"position\":1,\"name\":\"Home\",\"item\":\"https:\/\/kolser.com\/\"},{\"@type\":\"ListItem\",\"position\":2,\"name\":\"Pol\u00edtica de Cookies\"}]},{\"@type\":\"WebSite\",\"@id\":\"https:\/\/kolser.com\/#website\",\"url\":\"https:\/\/kolser.com\/\",\"name\":\"Kolser\",\"description\":\"\",\"publisher\":{\"@id\":\"https:\/\/kolser.com\/#organization\"},\"potentialAction\":[{\"@type\":\"SearchAction\",\"target\":{\"@type\":\"EntryPoint\",\"urlTemplate\":\"https:\/\/kolser.com\/?s={search_term_string}\"},\"query-input\":{\"@type\":\"PropertyValueSpecification\",\"valueRequired\":true,\"valueName\":\"search_term_string\"}}],\"inLanguage\":\"de\"},{\"@type\":\"Organization\",\"@id\":\"https:\/\/kolser.com\/#organization\",\"name\":\"Kolser\",\"url\":\"https:\/\/kolser.com\/\",\"logo\":{\"@type\":\"ImageObject\",\"inLanguage\":\"de\",\"@id\":\"https:\/\/kolser.com\/#\/schema\/logo\/image\/\",\"url\":\"https:\/\/kolser.com\/wp-content\/uploads\/2021\/11\/Logo-Cabecera.png\",\"contentUrl\":\"https:\/\/kolser.com\/wp-content\/uploads\/2021\/11\/Logo-Cabecera.png\",\"width\":979,\"height\":1358,\"caption\":\"Kolser\"},\"image\":{\"@id\":\"https:\/\/kolser.com\/#\/schema\/logo\/image\/\"}}]}<\/script>\n<!-- \/ Yoast SEO plugin. -->","yoast_head_json":{"title":"Pol\u00edtica de Cookies | R\u00e9plicas de Armas de Calidad - Kolser","robots":{"index":"noindex","follow":"follow"},"og_locale":"de_DE","og_type":"article","og_title":"Pol\u00edtica de Cookies | R\u00e9plicas de Armas de Calidad - Kolser","og_description":"\u00bfQu\u00e9 son las cookies? En ingl\u00e9s, el t\u00e9rmino \u00abcookie\u00bb significa galleta, pero en el \u00e1mbito de la navegaci\u00f3n web, una \u00abcookie\u00bb es algo completamente distinto. Cuando accede a nuestro Sitio Web, en el navegador de su dispositivo se almacena una peque\u00f1a cantidad de texto que se denomina \u00abcookie\u00bb. Este texto contiene informaci\u00f3n variada sobre su [&hellip;]","og_url":"https:\/\/kolser.com\/de\/politica-de-cookies\/","og_site_name":"Kolser","article_modified_time":"2025-06-30T11:59:38+00:00","twitter_card":"summary_large_image","twitter_misc":{"Gesch\u00e4tzte Lesezeit":"6\u00a0Minuten"},"schema":{"@context":"https:\/\/schema.org","@graph":[{"@type":"WebPage","@id":"https:\/\/kolser.com\/politica-de-cookies\/","url":"https:\/\/kolser.com\/politica-de-cookies\/","name":"Pol\u00edtica de Cookies | R\u00e9plicas de Armas de Calidad - Kolser","isPartOf":{"@id":"https:\/\/kolser.com\/#website"},"datePublished":"2021-11-22T15:06:24+00:00","dateModified":"2025-06-30T11:59:38+00:00","breadcrumb":{"@id":"https:\/\/kolser.com\/politica-de-cookies\/#breadcrumb"},"inLanguage":"de","potentialAction":[{"@type":"ReadAction","target":["https:\/\/kolser.com\/politica-de-cookies\/"]}]},{"@type":"BreadcrumbList","@id":"https:\/\/kolser.com\/politica-de-cookies\/#breadcrumb","itemListElement":[{"@type":"ListItem","position":1,"name":"Home","item":"https:\/\/kolser.com\/"},{"@type":"ListItem","position":2,"name":"Pol\u00edtica de Cookies"}]},{"@type":"WebSite","@id":"https:\/\/kolser.com\/#website","url":"https:\/\/kolser.com\/","name":"Kolser","description":"","publisher":{"@id":"https:\/\/kolser.com\/#organization"},"potentialAction":[{"@type":"SearchAction","target":{"@type":"EntryPoint","urlTemplate":"https:\/\/kolser.com\/?s={search_term_string}"},"query-input":{"@type":"PropertyValueSpecification","valueRequired":true,"valueName":"search_term_string"}}],"inLanguage":"de"},{"@type":"Organization","@id":"https:\/\/kolser.com\/#organization","name":"Kolser","url":"https:\/\/kolser.com\/","logo":{"@type":"ImageObject","inLanguage":"de","@id":"https:\/\/kolser.com\/#\/schema\/logo\/image\/","url":"https:\/\/kolser.com\/wp-content\/uploads\/2021\/11\/Logo-Cabecera.png","contentUrl":"https:\/\/kolser.com\/wp-content\/uploads\/2021\/11\/Logo-Cabecera.png","width":979,"height":1358,"caption":"Kolser"},"image":{"@id":"https:\/\/kolser.com\/#\/schema\/logo\/image\/"}}]}},"_links":{"self":[{"href":"https:\/\/kolser.com\/de\/wp-json\/wp\/v2\/pages\/180","targetHints":{"allow":["GET"]}}],"collection":[{"href":"https:\/\/kolser.com\/de\/wp-json\/wp\/v2\/pages"}],"about":[{"href":"https:\/\/kolser.com\/de\/wp-json\/wp\/v2\/types\/page"}],"author":[{"embeddable":true,"href":"https:\/\/kolser.com\/de\/wp-json\/wp\/v2\/users\/1"}],"replies":[{"embeddable":true,"href":"https:\/\/kolser.com\/de\/wp-json\/wp\/v2\/comments?post=180"}],"version-history":[{"count":2,"href":"https:\/\/kolser.com\/de\/wp-json\/wp\/v2\/pages\/180\/revisions"}],"predecessor-version":[{"id":18672,"href":"https:\/\/kolser.com\/de\/wp-json\/wp\/v2\/pages\/180\/revisions\/18672"}],"wp:attachment":[{"href":"https:\/\/kolser.com\/de\/wp-json\/wp\/v2\/media?parent=180"}],"curies":[{"name":"wp","href":"https:\/\/api.w.org\/{rel}","templated":true}]}}